{"id":1300,"date":"2020-04-06T16:11:04","date_gmt":"2020-04-06T14:11:04","guid":{"rendered":"https:\/\/lesgribouillisdarthur.fr\/?post_type=product&#038;p=1300"},"modified":"2024-12-05T10:42:31","modified_gmt":"2024-12-05T09:42:31","slug":"carte-a-planter-amour-je-taime-et-c-est-pas-des-salades","status":"publish","type":"product","link":"https:\/\/lesgribouillisdarthur.fr\/index.php\/produit\/carte-a-planter-amour-je-taime-et-c-est-pas-des-salades\/","title":{"rendered":"Carte \u00e0 planter \u00ab\u00a0Je t&rsquo;aime et&#8230;\u00a0\u00bb"},"content":{"rendered":"<div dir=\"auto\">\n<p><strong><em>Carte \u00e0 planter \u00ab\u00a0Je t&rsquo;aime et&#8230;\u00a0\u00bb c&rsquo;est pas des salades<\/em><br \/>\n<\/strong><\/p>\n<p>Une carte \u00e0 planter est une id\u00e9e romantique pour dire \u00e0 votre Valentin ou Valentine combien vous l\u2019aimez ! Tendance et naturelle, c\u2019est une mani\u00e8re de faire grandir les fleurs de la passion. Imprim\u00e9e sur un papier ensemenc\u00e9 de graines, il suffit ainsi de la planter dans un peu de terre et de l\u2019arroser r\u00e9guli\u00e8rement pour voir s\u2019\u00e9panouir dans les semaines qui suivent de belles fleurs d\u2019amour.<\/p>\n<p><em>Carte \u00e0 planter \u00ab\u00a0Je t&rsquo;aime et&#8230;\u00a0\u00bb c&rsquo;est pas des salades\u00a0! Et pourtant, ce sont bien de petites salades \u00e0 croquer qui pousseront de cette carte ensemenc\u00e9e de l\u00e9gumes. Un clin d&rsquo;oeil jardinier pour les amoureux par nature !<br \/>\n<\/em><\/p>\n<p><strong>Caract\u00e9ristiques du produit\u00a0:<\/strong><\/p>\n<ul>\n<li>la carte format A6 double, (carte postale de10\u00d715 cm), garnie de graines de fleurs des champs<\/li>\n<li>Imprim\u00e9es dans mon atelier en Haute-Loire sur du papier 70 gr<\/li>\n<li>Papier Fran\u00e7ais 100% biod\u00e9gradable !<\/li>\n<li>une notice explicative<\/li>\n<li>une enveloppe en papier 100% recycl\u00e9<\/li>\n<li>Une pochette transparente recyclable<\/li>\n<\/ul>\n<p>Je propose \u00e9galement diff\u00e9rents transporteurs (La Poste, Chronopost, Mondial Relay\u2026) sur demande. N\u2019h\u00e9sitez donc pas \u00e0 me contacter pour le tarif.<\/p>\n<p>Les envois se font par lettre suivie. Un num\u00e9ro sera renseign\u00e9 pour suivre votre commande.<br \/>\nLes d\u00e9lais d&rsquo;acheminement sont donn\u00e9s \u00e0 titre indicatif.<br \/>\nJe ne peux pas garantir les d\u00e9lais et ma responsabilit\u00e9 ne peut pas \u00eatre engag\u00e9e en cas de retard ou de perte de votre commande.<\/p>\n<p>je suis \u00e9galement sur les r\u00e9seaux, alors suivez-moi :<br \/>\nFacebook : <a href=\"https:\/\/www.facebook.com\/lesgribouillisdarthur\">@LesgribouillisdArthur<\/a><br \/>\nInstagram : <a href=\"https:\/\/instagram.com\/lesgribouillisdarthur?igshid=YmMyMTA2M2Y\">@LesGribouillisd\u2019Arthur<\/a><\/p>\n<p>\u00a9 Les gribouillis d\u2019Arthur \u2013 Tous droits de reproduction interdits.<\/p>\n<\/div>\n","protected":false},"excerpt":{"rendered":"<p><strong>Carte \u00e0 planter <em>Je t&rsquo;aime et c&rsquo;est pas des salades<\/em><br \/>\n<\/strong><\/p>\n<p>Une carte \u00e0 planter est une id\u00e9e romantique pour dire \u00e0 votre Valentin ou Valentine combien vous l\u2019aimez ! Tendance et naturelle, c\u2019est une mani\u00e8re de faire grandir les fleurs de la passion. Imprim\u00e9e sur un papier ensemenc\u00e9 de graines, il suffit ainsi de la planter dans un peu de terre et de l\u2019arroser r\u00e9guli\u00e8rement pour voir s\u2019\u00e9panouir dans les semaines qui suivent de belles fleurs d\u2019amour.<\/p>\n<p><em>Je t&rsquo;aime et c&rsquo;est pas des salades ! Et pourtant, ce sont bien de petites salades \u00e0 croquer qui pousseront de cette carte ensemenc\u00e9e de l\u00e9gumes. Un clin d\u2019\u0153il jardinier pour les amoureux par nature !<\/em><\/p>\n","protected":false},"featured_media":1301,"comment_status":"open","ping_status":"closed","template":"","meta":{"_uag_custom_page_level_css":"","_monsterinsights_skip_tracking":false,"_monsterinsights_sitenote_active":false,"_monsterinsights_sitenote_note":"","_monsterinsights_sitenote_category":0,"site-sidebar-layout":"default","site-content-layout":"default","ast-site-content-layout":"","site-content-style":"default","site-sidebar-style":"default","ast-global-header-display":"","ast-banner-title-visibility":"","ast-main-header-display":"","ast-hfb-above-header-display":"","ast-hfb-below-header-display":"","ast-hfb-mobile-header-display":"","site-post-title":"","ast-breadcrumbs-content":"","ast-featured-img":"","footer-sml-layout":"","theme-transparent-header-meta":"default","adv-header-id-meta":"","stick-header-meta":"","header-above-stick-meta":"","header-main-stick-meta":"","header-below-stick-meta":"","astra-migrate-meta-layouts":"default","ast-page-background-enabled":"default","ast-page-background-meta":{"desktop":{"background-color":"","background-image":"","background-repeat":"repeat","background-position":"center center","background-size":"auto","background-attachment":"scroll","background-type":"","background-media":"","overlay-type":"","overlay-color":"","overlay-opacity":"","overlay-gradient":""},"tablet":{"background-color":"","background-image":"","background-repeat":"repeat","background-position":"center center","background-size":"auto","background-attachment":"scroll","background-type":"","background-media":"","overlay-type":"","overlay-color":"","overlay-opacity":"","overlay-gradient":""},"mobile":{"background-color":"","background-image":"","background-repeat":"repeat","background-position":"center center","background-size":"auto","background-attachment":"scroll","background-type":"","background-media":"","overlay-type":"","overlay-color":"","overlay-opacity":"","overlay-gradient":""}},"ast-content-background-meta":{"desktop":{"background-color":"var(--ast-global-color-5)","background-image":"","background-repeat":"repeat","background-position":"center center","background-size":"auto","background-attachment":"scroll","background-type":"","background-media":"","overlay-type":"","overlay-color":"","overlay-opacity":"","overlay-gradient":""},"tablet":{"background-color":"var(--ast-global-color-5)","background-image":"","background-repeat":"repeat","background-position":"center center","background-size":"auto","background-attachment":"scroll","background-type":"","background-media":"","overlay-type":"","overlay-color":"","overlay-opacity":"","overlay-gradient":""},"mobile":{"background-color":"var(--ast-global-color-5)","background-image":"","background-repeat":"repeat","background-position":"center center","background-size":"auto","background-attachment":"scroll","background-type":"","background-media":"","overlay-type":"","overlay-color":"","overlay-opacity":"","overlay-gradient":""}},"_themeisle_gutenberg_block_has_review":false},"product_brand":[],"product_cat":[59,43],"product_tag":[],"class_list":{"0":"post-1300","1":"product","2":"type-product","3":"status-publish","4":"has-post-thumbnail","6":"product_cat-carte-a-planter-amour","7":"product_cat-cartes-a-planter","8":"product_shipping_class-produits-volumineux","9":"desktop-align-center","10":"tablet-align-left","11":"mobile-align-left","13":"first","14":"instock","15":"taxable","16":"shipping-taxable","17":"purchasable","18":"product-type-simple"},"yoast_head":"<!-- This site is optimized with the Yoast SEO plugin v27.4 - https:\/\/yoast.com\/product\/yoast-seo-wordpress\/ -->\n<title>Carte \u00e0 planter &quot;Je t&#039;aime et...&quot; | Les Gribouillis d&#039;Arthur<\/title>\n<meta name=\"description\" content=\"T\u00e9moignez votre amour naturellement, avec la carte \u00e0 planter &quot;je t&#039;aime et c&#039;est pas des salades&quot;, un message \u00e0 croquer !\" \/>\n<meta name=\"robots\" content=\"index, follow, max-snippet:-1, max-image-preview:large, max-video-preview:-1\" \/>\n<link rel=\"canonical\" href=\"https:\/\/lesgribouillisdarthur.fr\/index.php\/produit\/carte-a-planter-amour-je-taime-et-c-est-pas-des-salades\/\" \/>\n<meta property=\"og:locale\" content=\"fr_FR\" \/>\n<meta property=\"og:type\" content=\"article\" \/>\n<meta property=\"og:title\" content=\"Carte \u00e0 planter &quot;Je t&#039;aime et...&quot; | Les Gribouillis d&#039;Arthur\" \/>\n<meta property=\"og:description\" content=\"T\u00e9moignez votre amour naturellement, avec la carte \u00e0 planter &quot;je t&#039;aime et c&#039;est pas des salades&quot;, un message \u00e0 croquer !\" \/>\n<meta property=\"og:url\" content=\"https:\/\/lesgribouillisdarthur.fr\/index.php\/produit\/carte-a-planter-amour-je-taime-et-c-est-pas-des-salades\/\" \/>\n<meta property=\"og:site_name\" content=\"Les Gribouillis d&#039;Arthur\" \/>\n<meta property=\"article:publisher\" content=\"https:\/\/www.facebook.com\/lesgribouillisdarthur\" \/>\n<meta property=\"article:modified_time\" content=\"2024-12-05T09:42:31+00:00\" \/>\n<meta property=\"og:image\" content=\"https:\/\/lesgribouillisdarthur.fr\/wp-content\/uploads\/2020\/04\/je-t-aime-et-c-pas-des-salades-e1675161710153.jpg\" \/>\n\t<meta property=\"og:image:width\" content=\"427\" \/>\n\t<meta property=\"og:image:height\" content=\"471\" \/>\n\t<meta property=\"og:image:type\" content=\"image\/jpeg\" \/>\n<meta name=\"twitter:card\" content=\"summary_large_image\" \/>\n<meta name=\"twitter:label1\" content=\"Dur\u00e9e de lecture estim\u00e9e\" \/>\n\t<meta name=\"twitter:data1\" content=\"2 minutes\" \/>\n<script type=\"application\/ld+json\" class=\"yoast-schema-graph\">{\"@context\":\"https:\\\/\\\/schema.org\",\"@graph\":[{\"@type\":\"WebPage\",\"@id\":\"https:\\\/\\\/lesgribouillisdarthur.fr\\\/index.php\\\/produit\\\/carte-a-planter-amour-je-taime-et-c-est-pas-des-salades\\\/\",\"url\":\"https:\\\/\\\/lesgribouillisdarthur.fr\\\/index.php\\\/produit\\\/carte-a-planter-amour-je-taime-et-c-est-pas-des-salades\\\/\",\"name\":\"Carte \u00e0 planter \\\"Je t'aime et...\\\" | Les Gribouillis d&#039;Arthur\",\"isPartOf\":{\"@id\":\"https:\\\/\\\/lesgribouillisdarthur.fr\\\/#website\"},\"primaryImageOfPage\":{\"@id\":\"https:\\\/\\\/lesgribouillisdarthur.fr\\\/index.php\\\/produit\\\/carte-a-planter-amour-je-taime-et-c-est-pas-des-salades\\\/#primaryimage\"},\"image\":{\"@id\":\"https:\\\/\\\/lesgribouillisdarthur.fr\\\/index.php\\\/produit\\\/carte-a-planter-amour-je-taime-et-c-est-pas-des-salades\\\/#primaryimage\"},\"thumbnailUrl\":\"https:\\\/\\\/lesgribouillisdarthur.fr\\\/wp-content\\\/uploads\\\/2020\\\/04\\\/je-t-aime-et-c-pas-des-salades-e1675161710153.jpg\",\"datePublished\":\"2020-04-06T14:11:04+00:00\",\"dateModified\":\"2024-12-05T09:42:31+00:00\",\"description\":\"T\u00e9moignez votre amour naturellement, avec la carte \u00e0 planter \\\"je t'aime et c'est pas des salades\\\", un message \u00e0 croquer !\",\"breadcrumb\":{\"@id\":\"https:\\\/\\\/lesgribouillisdarthur.fr\\\/index.php\\\/produit\\\/carte-a-planter-amour-je-taime-et-c-est-pas-des-salades\\\/#breadcrumb\"},\"inLanguage\":\"fr-FR\",\"potentialAction\":[{\"@type\":\"ReadAction\",\"target\":[\"https:\\\/\\\/lesgribouillisdarthur.fr\\\/index.php\\\/produit\\\/carte-a-planter-amour-je-taime-et-c-est-pas-des-salades\\\/\"]}]},{\"@type\":\"ImageObject\",\"inLanguage\":\"fr-FR\",\"@id\":\"https:\\\/\\\/lesgribouillisdarthur.fr\\\/index.php\\\/produit\\\/carte-a-planter-amour-je-taime-et-c-est-pas-des-salades\\\/#primaryimage\",\"url\":\"https:\\\/\\\/lesgribouillisdarthur.fr\\\/wp-content\\\/uploads\\\/2020\\\/04\\\/je-t-aime-et-c-pas-des-salades-e1675161710153.jpg\",\"contentUrl\":\"https:\\\/\\\/lesgribouillisdarthur.fr\\\/wp-content\\\/uploads\\\/2020\\\/04\\\/je-t-aime-et-c-pas-des-salades-e1675161710153.jpg\",\"width\":427,\"height\":471,\"caption\":\"carte a planter amour je t aime et c'est pas des salades\"},{\"@type\":\"BreadcrumbList\",\"@id\":\"https:\\\/\\\/lesgribouillisdarthur.fr\\\/index.php\\\/produit\\\/carte-a-planter-amour-je-taime-et-c-est-pas-des-salades\\\/#breadcrumb\",\"itemListElement\":[{\"@type\":\"ListItem\",\"position\":1,\"name\":\"Accueil\",\"item\":\"https:\\\/\\\/lesgribouillisdarthur.fr\\\/\"},{\"@type\":\"ListItem\",\"position\":2,\"name\":\"La boutique\",\"item\":\"https:\\\/\\\/lesgribouillisdarthur.fr\\\/?page_id=6553\"},{\"@type\":\"ListItem\",\"position\":3,\"name\":\"Carte \u00e0 planter &#8220;Je t&#8217;aime et&#8230;&#8221;\"}]},{\"@type\":\"WebSite\",\"@id\":\"https:\\\/\\\/lesgribouillisdarthur.fr\\\/#website\",\"url\":\"https:\\\/\\\/lesgribouillisdarthur.fr\\\/\",\"name\":\"Les Gribouillis d&#039;Arthur\",\"description\":\"Les Gribouillis d&#039;Arthur, cadeaux personnalis\u00e9s pour toute la famille\",\"publisher\":{\"@id\":\"https:\\\/\\\/lesgribouillisdarthur.fr\\\/#organization\"},\"potentialAction\":[{\"@type\":\"SearchAction\",\"target\":{\"@type\":\"EntryPoint\",\"urlTemplate\":\"https:\\\/\\\/lesgribouillisdarthur.fr\\\/?s={search_term_string}\"},\"query-input\":{\"@type\":\"PropertyValueSpecification\",\"valueRequired\":true,\"valueName\":\"search_term_string\"}}],\"inLanguage\":\"fr-FR\"},{\"@type\":\"Organization\",\"@id\":\"https:\\\/\\\/lesgribouillisdarthur.fr\\\/#organization\",\"name\":\"Les Gribouillis d&#039;Arthur\",\"url\":\"https:\\\/\\\/lesgribouillisdarthur.fr\\\/\",\"logo\":{\"@type\":\"ImageObject\",\"inLanguage\":\"fr-FR\",\"@id\":\"https:\\\/\\\/lesgribouillisdarthur.fr\\\/#\\\/schema\\\/logo\\\/image\\\/\",\"url\":\"https:\\\/\\\/lesgribouillisdarthur.fr\\\/wp-content\\\/uploads\\\/2022\\\/10\\\/cropped-cropped-cropped-cropped-cropped-cropped-logo-bleu-1.png\",\"contentUrl\":\"https:\\\/\\\/lesgribouillisdarthur.fr\\\/wp-content\\\/uploads\\\/2022\\\/10\\\/cropped-cropped-cropped-cropped-cropped-cropped-logo-bleu-1.png\",\"width\":254,\"height\":53,\"caption\":\"Les Gribouillis d&#039;Arthur\"},\"image\":{\"@id\":\"https:\\\/\\\/lesgribouillisdarthur.fr\\\/#\\\/schema\\\/logo\\\/image\\\/\"},\"sameAs\":[\"https:\\\/\\\/www.facebook.com\\\/lesgribouillisdarthur\",\"https:\\\/\\\/www.instagram.com\\\/lesgribouillisdarthur\\\/?hl=fr\"]}]}<\/script>\n<!-- \/ Yoast SEO plugin. -->","yoast_head_json":{"title":"Carte \u00e0 planter \"Je t'aime et...\" | Les Gribouillis d&#039;Arthur","description":"T\u00e9moignez votre amour naturellement, avec la carte \u00e0 planter \"je t'aime et c'est pas des salades\", un message \u00e0 croquer !","robots":{"index":"index","follow":"follow","max-snippet":"max-snippet:-1","max-image-preview":"max-image-preview:large","max-video-preview":"max-video-preview:-1"},"canonical":"https:\/\/lesgribouillisdarthur.fr\/index.php\/produit\/carte-a-planter-amour-je-taime-et-c-est-pas-des-salades\/","og_locale":"fr_FR","og_type":"article","og_title":"Carte \u00e0 planter \"Je t'aime et...\" | Les Gribouillis d&#039;Arthur","og_description":"T\u00e9moignez votre amour naturellement, avec la carte \u00e0 planter \"je t'aime et c'est pas des salades\", un message \u00e0 croquer !","og_url":"https:\/\/lesgribouillisdarthur.fr\/index.php\/produit\/carte-a-planter-amour-je-taime-et-c-est-pas-des-salades\/","og_site_name":"Les Gribouillis d&#039;Arthur","article_publisher":"https:\/\/www.facebook.com\/lesgribouillisdarthur","article_modified_time":"2024-12-05T09:42:31+00:00","og_image":[{"width":427,"height":471,"url":"https:\/\/lesgribouillisdarthur.fr\/wp-content\/uploads\/2020\/04\/je-t-aime-et-c-pas-des-salades-e1675161710153.jpg","type":"image\/jpeg"}],"twitter_card":"summary_large_image","twitter_misc":{"Dur\u00e9e de lecture estim\u00e9e":"2 minutes"},"schema":{"@context":"https:\/\/schema.org","@graph":[{"@type":"WebPage","@id":"https:\/\/lesgribouillisdarthur.fr\/index.php\/produit\/carte-a-planter-amour-je-taime-et-c-est-pas-des-salades\/","url":"https:\/\/lesgribouillisdarthur.fr\/index.php\/produit\/carte-a-planter-amour-je-taime-et-c-est-pas-des-salades\/","name":"Carte \u00e0 planter \"Je t'aime et...\" | Les Gribouillis d&#039;Arthur","isPartOf":{"@id":"https:\/\/lesgribouillisdarthur.fr\/#website"},"primaryImageOfPage":{"@id":"https:\/\/lesgribouillisdarthur.fr\/index.php\/produit\/carte-a-planter-amour-je-taime-et-c-est-pas-des-salades\/#primaryimage"},"image":{"@id":"https:\/\/lesgribouillisdarthur.fr\/index.php\/produit\/carte-a-planter-amour-je-taime-et-c-est-pas-des-salades\/#primaryimage"},"thumbnailUrl":"https:\/\/lesgribouillisdarthur.fr\/wp-content\/uploads\/2020\/04\/je-t-aime-et-c-pas-des-salades-e1675161710153.jpg","datePublished":"2020-04-06T14:11:04+00:00","dateModified":"2024-12-05T09:42:31+00:00","description":"T\u00e9moignez votre amour naturellement, avec la carte \u00e0 planter \"je t'aime et c'est pas des salades\", un message \u00e0 croquer !","breadcrumb":{"@id":"https:\/\/lesgribouillisdarthur.fr\/index.php\/produit\/carte-a-planter-amour-je-taime-et-c-est-pas-des-salades\/#breadcrumb"},"inLanguage":"fr-FR","potentialAction":[{"@type":"ReadAction","target":["https:\/\/lesgribouillisdarthur.fr\/index.php\/produit\/carte-a-planter-amour-je-taime-et-c-est-pas-des-salades\/"]}]},{"@type":"ImageObject","inLanguage":"fr-FR","@id":"https:\/\/lesgribouillisdarthur.fr\/index.php\/produit\/carte-a-planter-amour-je-taime-et-c-est-pas-des-salades\/#primaryimage","url":"https:\/\/lesgribouillisdarthur.fr\/wp-content\/uploads\/2020\/04\/je-t-aime-et-c-pas-des-salades-e1675161710153.jpg","contentUrl":"https:\/\/lesgribouillisdarthur.fr\/wp-content\/uploads\/2020\/04\/je-t-aime-et-c-pas-des-salades-e1675161710153.jpg","width":427,"height":471,"caption":"carte a planter amour je t aime et c'est pas des salades"},{"@type":"BreadcrumbList","@id":"https:\/\/lesgribouillisdarthur.fr\/index.php\/produit\/carte-a-planter-amour-je-taime-et-c-est-pas-des-salades\/#breadcrumb","itemListElement":[{"@type":"ListItem","position":1,"name":"Accueil","item":"https:\/\/lesgribouillisdarthur.fr\/"},{"@type":"ListItem","position":2,"name":"La boutique","item":"https:\/\/lesgribouillisdarthur.fr\/?page_id=6553"},{"@type":"ListItem","position":3,"name":"Carte \u00e0 planter &#8220;Je t&#8217;aime et&#8230;&#8221;"}]},{"@type":"WebSite","@id":"https:\/\/lesgribouillisdarthur.fr\/#website","url":"https:\/\/lesgribouillisdarthur.fr\/","name":"Les Gribouillis d&#039;Arthur","description":"Les Gribouillis d&#039;Arthur, cadeaux personnalis\u00e9s pour toute la famille","publisher":{"@id":"https:\/\/lesgribouillisdarthur.fr\/#organization"},"potentialAction":[{"@type":"SearchAction","target":{"@type":"EntryPoint","urlTemplate":"https:\/\/lesgribouillisdarthur.fr\/?s={search_term_string}"},"query-input":{"@type":"PropertyValueSpecification","valueRequired":true,"valueName":"search_term_string"}}],"inLanguage":"fr-FR"},{"@type":"Organization","@id":"https:\/\/lesgribouillisdarthur.fr\/#organization","name":"Les Gribouillis d&#039;Arthur","url":"https:\/\/lesgribouillisdarthur.fr\/","logo":{"@type":"ImageObject","inLanguage":"fr-FR","@id":"https:\/\/lesgribouillisdarthur.fr\/#\/schema\/logo\/image\/","url":"https:\/\/lesgribouillisdarthur.fr\/wp-content\/uploads\/2022\/10\/cropped-cropped-cropped-cropped-cropped-cropped-logo-bleu-1.png","contentUrl":"https:\/\/lesgribouillisdarthur.fr\/wp-content\/uploads\/2022\/10\/cropped-cropped-cropped-cropped-cropped-cropped-logo-bleu-1.png","width":254,"height":53,"caption":"Les Gribouillis d&#039;Arthur"},"image":{"@id":"https:\/\/lesgribouillisdarthur.fr\/#\/schema\/logo\/image\/"},"sameAs":["https:\/\/www.facebook.com\/lesgribouillisdarthur","https:\/\/www.instagram.com\/lesgribouillisdarthur\/?hl=fr"]}]}},"uagb_featured_image_src":{"full":["https:\/\/lesgribouillisdarthur.fr\/wp-content\/uploads\/2020\/04\/je-t-aime-et-c-pas-des-salades-e1675161710153.jpg",427,471,false],"thumbnail":["https:\/\/lesgribouillisdarthur.fr\/wp-content\/uploads\/2020\/04\/je-t-aime-et-c-pas-des-salades-e1675161710153-150x150.jpg",150,150,true],"medium":["https:\/\/lesgribouillisdarthur.fr\/wp-content\/uploads\/2020\/04\/je-t-aime-et-c-pas-des-salades-e1675161710153-272x300.jpg",272,300,true],"medium_large":["https:\/\/lesgribouillisdarthur.fr\/wp-content\/uploads\/2020\/04\/je-t-aime-et-c-pas-des-salades-e1675161505437-768x768.jpg",768,768,true],"large":["https:\/\/lesgribouillisdarthur.fr\/wp-content\/uploads\/2020\/04\/je-t-aime-et-c-pas-des-salades-e1675161710153.jpg",272,300,false],"1536x1536":["https:\/\/lesgribouillisdarthur.fr\/wp-content\/uploads\/2020\/04\/je-t-aime-et-c-pas-des-salades-e1675161710153.jpg",427,471,false],"2048x2048":["https:\/\/lesgribouillisdarthur.fr\/wp-content\/uploads\/2020\/04\/je-t-aime-et-c-pas-des-salades-e1675161710153.jpg",427,471,false],"woocommerce_thumbnail":["https:\/\/lesgribouillisdarthur.fr\/wp-content\/uploads\/2020\/04\/je-t-aime-et-c-pas-des-salades-e1675161710153.jpg",427,471,false],"woocommerce_single":["https:\/\/lesgribouillisdarthur.fr\/wp-content\/uploads\/2020\/04\/je-t-aime-et-c-pas-des-salades-e1675161710153.jpg",427,471,false],"woocommerce_gallery_thumbnail":["https:\/\/lesgribouillisdarthur.fr\/wp-content\/uploads\/2020\/04\/je-t-aime-et-c-pas-des-salades-e1675161710153-100x100.jpg",100,100,true]},"uagb_author_info":{"display_name":"admin7680","author_link":"https:\/\/lesgribouillisdarthur.fr\/index.php\/author\/"},"uagb_comment_info":1,"uagb_excerpt":"Carte \u00e0 planter Je t'aime et c'est pas des salades Une carte \u00e0 planter est une id\u00e9e romantique pour dire \u00e0 votre Valentin ou Valentine combien vous l\u2019aimez ! Tendance et naturelle, c\u2019est une mani\u00e8re de faire grandir les fleurs de la passion. Imprim\u00e9e sur un papier ensemenc\u00e9 de graines, il suffit ainsi de la\u2026","_links":{"self":[{"href":"https:\/\/lesgribouillisdarthur.fr\/index.php\/wp-json\/wp\/v2\/product\/1300","targetHints":{"allow":["GET"]}}],"collection":[{"href":"https:\/\/lesgribouillisdarthur.fr\/index.php\/wp-json\/wp\/v2\/product"}],"about":[{"href":"https:\/\/lesgribouillisdarthur.fr\/index.php\/wp-json\/wp\/v2\/types\/product"}],"replies":[{"embeddable":true,"href":"https:\/\/lesgribouillisdarthur.fr\/index.php\/wp-json\/wp\/v2\/comments?post=1300"}],"wp:featuredmedia":[{"embeddable":true,"href":"https:\/\/lesgribouillisdarthur.fr\/index.php\/wp-json\/wp\/v2\/media\/1301"}],"wp:attachment":[{"href":"https:\/\/lesgribouillisdarthur.fr\/index.php\/wp-json\/wp\/v2\/media?parent=1300"}],"wp:term":[{"taxonomy":"product_brand","embeddable":true,"href":"https:\/\/lesgribouillisdarthur.fr\/index.php\/wp-json\/wp\/v2\/product_brand?post=1300"},{"taxonomy":"product_cat","embeddable":true,"href":"https:\/\/lesgribouillisdarthur.fr\/index.php\/wp-json\/wp\/v2\/product_cat?post=1300"},{"taxonomy":"product_tag","embeddable":true,"href":"https:\/\/lesgribouillisdarthur.fr\/index.php\/wp-json\/wp\/v2\/product_tag?post=1300"}],"curies":[{"name":"wp","href":"https:\/\/api.w.org\/{rel}","templated":true}]}}