{"id":1316,"date":"2020-04-07T10:13:17","date_gmt":"2020-04-07T08:13:17","guid":{"rendered":"https:\/\/lesgribouillisdarthur.fr\/?post_type=product&#038;p=1316"},"modified":"2025-05-05T16:43:26","modified_gmt":"2025-05-05T14:43:26","slug":"carte-a-planter-bonne-fete","status":"publish","type":"product","link":"https:\/\/lesgribouillisdarthur.fr\/index.php\/produit\/carte-a-planter-bonne-fete\/","title":{"rendered":"Carte \u00e0 planter Bonne f\u00eate maman"},"content":{"rendered":"<h3 class=\"\" data-start=\"150\" data-end=\"220\">Carte \u00e0 planter bonne f\u00eate \u2013 Une attention fleurie et durable <img decoding=\"async\" class=\"emoji\" role=\"img\" draggable=\"false\" src=\"https:\/\/s.w.org\/images\/core\/emoji\/15.1.0\/svg\/1f338.svg\" alt=\"\ud83c\udf38\" \/><\/h3>\n<p class=\"\" data-start=\"222\" data-end=\"387\">Offrez plus qu\u2019une simple carte : semez du bonheur !<br data-start=\"274\" data-end=\"277\" \/>La\u00a0<strong data-start=\"280\" data-end=\"312\">Carte \u00e0 planter bonne f\u00eate<\/strong>\u00a0est bien plus qu\u2019un message. Elle se transforme en jolies fleurs (Phac\u00e9lie).<\/p>\n<p class=\"\" data-start=\"389\" data-end=\"590\">D\u00e8s que votre maman lira vos mots doux, elle pourra planter la carte. Arrosez-la r\u00e9guli\u00e8rement. Ensuite, patientez quelques jours. De belles fleurs appara\u00eetront, comme votre amour : durable et sinc\u00e8re.<\/p>\n<p class=\"\" data-start=\"592\" data-end=\"775\">Gr\u00e2ce \u00e0 son papier ensemenc\u00e9 100 % biod\u00e9gradable, cette carte respecte l\u2019environnement. Elle contient un m\u00e9lange de graines de fleurs mellif\u00e8res. Id\u00e9al pour \u00e9gayer balcons et jardins.<\/p>\n<p class=\"\" data-start=\"777\" data-end=\"952\">De plus, son design doux et color\u00e9 fait fondre tous les c\u0153urs. Vous pouvez y \u00e9crire un mot personnalis\u00e9 avant l\u2019envoi. En quelques instants, vous cr\u00e9ez une surprise originale.<\/p>\n<p class=\"\" data-start=\"954\" data-end=\"1138\">Ainsi, pour la f\u00eate des m\u00e8res ou un simple merci, cette <strong data-start=\"280\" data-end=\"312\">Carte \u00e0 planter bonne f\u00eate<\/strong>\u00a0\u00a0touche en plein c\u0153ur.<br data-start=\"1064\" data-end=\"1067\" \/>Son format A6 s\u2019envoie facilement par la poste, avec ou sans enveloppe.<\/p>\n<p class=\"\" data-start=\"1140\" data-end=\"1265\">Ensuite, m\u00eame apr\u00e8s la lecture, elle continue de faire plaisir. Quelle plus belle fa\u00e7on de dire \u00ab\u00a0je t\u2019aime\u00a0\u00bb avec des fleurs ?<\/p>\n<p class=\"\" data-start=\"1267\" data-end=\"1458\">En r\u00e9sum\u00e9, vous alliez \u00e9motion, \u00e9cologie et cr\u00e9ativit\u00e9.<br data-start=\"1322\" data-end=\"1325\" \/>Alors, pourquoi offrir une carte ordinaire ?<br data-start=\"1369\" data-end=\"1372\" \/>Choisissez une <strong data-start=\"280\" data-end=\"312\">Carte \u00e0 planter bonne f\u00eate<\/strong>\u00a0\u00a0pour semer des souvenirs inoubliables.<\/p>\n<p class=\"\" data-start=\"1809\" data-end=\"2050\"><img decoding=\"async\" class=\"emoji\" role=\"img\" draggable=\"false\" src=\"https:\/\/s.w.org\/images\/core\/emoji\/15.1.0\/svg\/1f4e6.svg\" alt=\"\ud83d\udce6\" \/>\u00a0<strong data-start=\"1812\" data-end=\"2050\">J\u2019exp\u00e9die votre commande en lettre suivie uniquement. Je vous fournis un num\u00e9ro de suivi.<br \/>\nLes d\u00e9lais de livraison sont donn\u00e9s \u00e0 titre indicatif \u2014 je ne peux garantir leur respect ni \u00eatre tenue responsable en cas de retard ou de perte.<\/strong><\/p>\n<p class=\"\" data-start=\"2217\" data-end=\"2276\"><img decoding=\"async\" class=\"emoji\" role=\"img\" draggable=\"false\" src=\"https:\/\/s.w.org\/images\/core\/emoji\/15.1.0\/svg\/1f449.svg\" alt=\"\ud83d\udc49\" \/>\u00a0Pour d\u00e9couvrir d\u2019autres mod\u00e8les,\u00a0<a href=\"https:\/\/lesgribouillisdarthur.fr\/index.php\/categorie-produit\/cartes-a-planter\/occasions-diverses\/fete-des-meres\/\">cliquez ici<\/a>\u00a0!<\/p>\n<p class=\"\" data-start=\"2278\" data-end=\"2416\"><img decoding=\"async\" class=\"emoji\" role=\"img\" draggable=\"false\" src=\"https:\/\/s.w.org\/images\/core\/emoji\/15.1.0\/svg\/1f4f1.svg\" alt=\"\ud83d\udcf1\" \/>\u00a0Suivez les coulisses et les nouveaut\u00e9s sur les r\u00e9seaux :<br data-start=\"2337\" data-end=\"2340\" \/>\u2022 Facebook :\u00a0<a href=\"https:\/\/www.facebook.com\/lesgribouillisdarthur\">@LesgribouillisdArthur<\/a><br data-start=\"2375\" data-end=\"2378\" \/>\u2022 Instagram :\u00a0<a href=\"https:\/\/www.instagram.com\/lesgribouillisdarthur\/\">@LesGribouillisdArthur<\/a><\/p>\n<p class=\"\" data-start=\"2418\" data-end=\"2558\">\u00a9 Les gribouillis d\u2019Arthur \u2013 Tous droits r\u00e9serv\u00e9s.<br data-start=\"2468\" data-end=\"2471\" \/><em data-start=\"2471\" data-end=\"2528\">Les couleurs peuvent l\u00e9g\u00e8rement varier selon les \u00e9crans<\/em><\/p>\n","protected":false},"excerpt":{"rendered":"<h3 class=\"\" data-start=\"150\" data-end=\"220\">Carte \u00e0 planter bonne f\u00eate \u2013 Une attention fleurie et durable <img decoding=\"async\" class=\"emoji\" role=\"img\" draggable=\"false\" src=\"https:\/\/s.w.org\/images\/core\/emoji\/15.1.0\/svg\/1f338.svg\" alt=\"\ud83c\udf38\" \/><\/h3>\n<p class=\"\" data-start=\"222\" data-end=\"387\">Offrez plus qu\u2019une simple carte : semez du bonheur !<br data-start=\"274\" data-end=\"277\" \/>La\u00a0<strong data-start=\"280\" data-end=\"312\">Carte \u00e0 planter bonne f\u00eate<\/strong>\u00a0est bien plus qu\u2019un message. Elle se transforme en jolies fleurs (Phac\u00e9lie).<\/p>\n<p><strong>Caract\u00e9ristiques du produit\u00a0:<\/strong><\/p>\n<ul>\n<li>la carte format A6 double, (carte postale de10\u00d715 cm), garnie de graines de phac\u00e9lie<\/li>\n<li>Imprim\u00e9es dans mon atelier en Haute-Loire sur du papier 80 gr<\/li>\n<li>Papier Fran\u00e7ais 100% biod\u00e9gradable !<\/li>\n<li>une notice explicative<\/li>\n<li>une enveloppe en papier 100% recycl\u00e9<\/li>\n<li>Une pochette transparente recyclable<\/li>\n<\/ul>\n","protected":false},"featured_media":4009,"comment_status":"open","ping_status":"closed","template":"","meta":{"_uag_custom_page_level_css":"","_monsterinsights_skip_tracking":false,"_monsterinsights_sitenote_active":false,"_monsterinsights_sitenote_note":"","_monsterinsights_sitenote_category":0,"site-sidebar-layout":"default","site-content-layout":"default","ast-site-content-layout":"default","site-content-style":"default","site-sidebar-style":"default","ast-global-header-display":"","ast-banner-title-visibility":"","ast-main-header-display":"","ast-hfb-above-header-display":"","ast-hfb-below-header-display":"","ast-hfb-mobile-header-display":"","site-post-title":"","ast-breadcrumbs-content":"","ast-featured-img":"","footer-sml-layout":"","theme-transparent-header-meta":"default","adv-header-id-meta":"","stick-header-meta":"","header-above-stick-meta":"","header-main-stick-meta":"","header-below-stick-meta":"","astra-migrate-meta-layouts":"set","ast-page-background-enabled":"default","ast-page-background-meta":{"desktop":{"background-color":"","background-image":"","background-repeat":"repeat","background-position":"center center","background-size":"auto","background-attachment":"scroll","background-type":"","background-media":"","overlay-type":"","overlay-color":"","overlay-opacity":"","overlay-gradient":""},"tablet":{"background-color":"","background-image":"","background-repeat":"repeat","background-position":"center center","background-size":"auto","background-attachment":"scroll","background-type":"","background-media":"","overlay-type":"","overlay-color":"","overlay-opacity":"","overlay-gradient":""},"mobile":{"background-color":"","background-image":"","background-repeat":"repeat","background-position":"center center","background-size":"auto","background-attachment":"scroll","background-type":"","background-media":"","overlay-type":"","overlay-color":"","overlay-opacity":"","overlay-gradient":""}},"ast-content-background-meta":{"desktop":{"background-color":"var(--ast-global-color-5)","background-image":"","background-repeat":"repeat","background-position":"center center","background-size":"auto","background-attachment":"scroll","background-type":"","background-media":"","overlay-type":"","overlay-color":"","overlay-opacity":"","overlay-gradient":""},"tablet":{"background-color":"var(--ast-global-color-5)","background-image":"","background-repeat":"repeat","background-position":"center center","background-size":"auto","background-attachment":"scroll","background-type":"","background-media":"","overlay-type":"","overlay-color":"","overlay-opacity":"","overlay-gradient":""},"mobile":{"background-color":"var(--ast-global-color-5)","background-image":"","background-repeat":"repeat","background-position":"center center","background-size":"auto","background-attachment":"scroll","background-type":"","background-media":"","overlay-type":"","overlay-color":"","overlay-opacity":"","overlay-gradient":""}},"_themeisle_gutenberg_block_has_review":false},"product_brand":[],"product_cat":[43,80],"product_tag":[],"class_list":{"0":"post-1316","1":"product","2":"type-product","3":"status-publish","4":"has-post-thumbnail","6":"product_cat-cartes-a-planter","7":"product_cat-fete-des-meres","8":"desktop-align-center","9":"tablet-align-left","10":"mobile-align-left","12":"first","13":"instock","14":"taxable","15":"shipping-taxable","16":"purchasable","17":"product-type-simple"},"yoast_head":"<!-- This site is optimized with the Yoast SEO plugin v27.5 - https:\/\/yoast.com\/product\/yoast-seo-wordpress\/ -->\n<title>Carte \u00e0 planter Bonne f\u00eate maman | Les Gribouillis d&#039;Arthur<\/title>\n<meta name=\"description\" content=\"Carte \u00e0 planter maman ch\u00e9rie : une carte \u00e9colo \u00e0 semer, remplie d\u2019amour et de fleurs. Offrez un souvenir durable pour la f\u00eate des m\u00e8res.\" \/>\n<meta name=\"robots\" content=\"index, follow, max-snippet:-1, max-image-preview:large, max-video-preview:-1\" \/>\n<link rel=\"canonical\" href=\"https:\/\/lesgribouillisdarthur.fr\/index.php\/produit\/carte-a-planter-bonne-fete\/\" \/>\n<meta property=\"og:locale\" content=\"fr_FR\" \/>\n<meta property=\"og:type\" content=\"article\" \/>\n<meta property=\"og:title\" content=\"Carte \u00e0 planter Bonne f\u00eate maman | Les Gribouillis d&#039;Arthur\" \/>\n<meta property=\"og:description\" content=\"Carte \u00e0 planter maman ch\u00e9rie : une carte \u00e9colo \u00e0 semer, remplie d\u2019amour et de fleurs. Offrez un souvenir durable pour la f\u00eate des m\u00e8res.\" \/>\n<meta property=\"og:url\" content=\"https:\/\/lesgribouillisdarthur.fr\/index.php\/produit\/carte-a-planter-bonne-fete\/\" \/>\n<meta property=\"og:site_name\" content=\"Les Gribouillis d&#039;Arthur\" \/>\n<meta property=\"article:publisher\" content=\"https:\/\/www.facebook.com\/lesgribouillisdarthur\" \/>\n<meta property=\"article:modified_time\" content=\"2025-05-05T14:43:26+00:00\" \/>\n<meta property=\"og:image\" content=\"https:\/\/lesgribouillisdarthur.fr\/wp-content\/uploads\/2020\/04\/LesGribouillisdArthurCarteaplanterBonnefeteMaman-scaled.jpg\" \/>\n\t<meta property=\"og:image:width\" content=\"2560\" \/>\n\t<meta property=\"og:image:height\" content=\"2560\" \/>\n\t<meta property=\"og:image:type\" content=\"image\/jpeg\" \/>\n<meta name=\"twitter:card\" content=\"summary_large_image\" \/>\n<meta name=\"twitter:label1\" content=\"Dur\u00e9e de lecture estim\u00e9e\" \/>\n\t<meta name=\"twitter:data1\" content=\"3 minutes\" \/>\n<script type=\"application\/ld+json\" class=\"yoast-schema-graph\">{\"@context\":\"https:\\\/\\\/schema.org\",\"@graph\":[{\"@type\":\"WebPage\",\"@id\":\"https:\\\/\\\/lesgribouillisdarthur.fr\\\/index.php\\\/produit\\\/carte-a-planter-bonne-fete\\\/\",\"url\":\"https:\\\/\\\/lesgribouillisdarthur.fr\\\/index.php\\\/produit\\\/carte-a-planter-bonne-fete\\\/\",\"name\":\"Carte \u00e0 planter Bonne f\u00eate maman | Les Gribouillis d&#039;Arthur\",\"isPartOf\":{\"@id\":\"https:\\\/\\\/lesgribouillisdarthur.fr\\\/#website\"},\"primaryImageOfPage\":{\"@id\":\"https:\\\/\\\/lesgribouillisdarthur.fr\\\/index.php\\\/produit\\\/carte-a-planter-bonne-fete\\\/#primaryimage\"},\"image\":{\"@id\":\"https:\\\/\\\/lesgribouillisdarthur.fr\\\/index.php\\\/produit\\\/carte-a-planter-bonne-fete\\\/#primaryimage\"},\"thumbnailUrl\":\"https:\\\/\\\/lesgribouillisdarthur.fr\\\/wp-content\\\/uploads\\\/2020\\\/04\\\/LesGribouillisdArthurCarteaplanterBonnefeteMaman-scaled.jpg\",\"datePublished\":\"2020-04-07T08:13:17+00:00\",\"dateModified\":\"2025-05-05T14:43:26+00:00\",\"description\":\"Carte \u00e0 planter maman ch\u00e9rie : une carte \u00e9colo \u00e0 semer, remplie d\u2019amour et de fleurs. Offrez un souvenir durable pour la f\u00eate des m\u00e8res.\",\"breadcrumb\":{\"@id\":\"https:\\\/\\\/lesgribouillisdarthur.fr\\\/index.php\\\/produit\\\/carte-a-planter-bonne-fete\\\/#breadcrumb\"},\"inLanguage\":\"fr-FR\",\"potentialAction\":[{\"@type\":\"ReadAction\",\"target\":[\"https:\\\/\\\/lesgribouillisdarthur.fr\\\/index.php\\\/produit\\\/carte-a-planter-bonne-fete\\\/\"]}]},{\"@type\":\"ImageObject\",\"inLanguage\":\"fr-FR\",\"@id\":\"https:\\\/\\\/lesgribouillisdarthur.fr\\\/index.php\\\/produit\\\/carte-a-planter-bonne-fete\\\/#primaryimage\",\"url\":\"https:\\\/\\\/lesgribouillisdarthur.fr\\\/wp-content\\\/uploads\\\/2020\\\/04\\\/LesGribouillisdArthurCarteaplanterBonnefeteMaman-scaled.jpg\",\"contentUrl\":\"https:\\\/\\\/lesgribouillisdarthur.fr\\\/wp-content\\\/uploads\\\/2020\\\/04\\\/LesGribouillisdArthurCarteaplanterBonnefeteMaman-scaled.jpg\",\"width\":2560,\"height\":2560},{\"@type\":\"BreadcrumbList\",\"@id\":\"https:\\\/\\\/lesgribouillisdarthur.fr\\\/index.php\\\/produit\\\/carte-a-planter-bonne-fete\\\/#breadcrumb\",\"itemListElement\":[{\"@type\":\"ListItem\",\"position\":1,\"name\":\"Accueil\",\"item\":\"https:\\\/\\\/lesgribouillisdarthur.fr\\\/\"},{\"@type\":\"ListItem\",\"position\":2,\"name\":\"La boutique\",\"item\":\"https:\\\/\\\/lesgribouillisdarthur.fr\\\/?page_id=6553\"},{\"@type\":\"ListItem\",\"position\":3,\"name\":\"Carte \u00e0 planter Bonne f\u00eate maman\"}]},{\"@type\":\"WebSite\",\"@id\":\"https:\\\/\\\/lesgribouillisdarthur.fr\\\/#website\",\"url\":\"https:\\\/\\\/lesgribouillisdarthur.fr\\\/\",\"name\":\"Les Gribouillis d&#039;Arthur\",\"description\":\"Les Gribouillis d&#039;Arthur, cadeaux personnalis\u00e9s pour toute la famille\",\"publisher\":{\"@id\":\"https:\\\/\\\/lesgribouillisdarthur.fr\\\/#organization\"},\"potentialAction\":[{\"@type\":\"SearchAction\",\"target\":{\"@type\":\"EntryPoint\",\"urlTemplate\":\"https:\\\/\\\/lesgribouillisdarthur.fr\\\/?s={search_term_string}\"},\"query-input\":{\"@type\":\"PropertyValueSpecification\",\"valueRequired\":true,\"valueName\":\"search_term_string\"}}],\"inLanguage\":\"fr-FR\"},{\"@type\":\"Organization\",\"@id\":\"https:\\\/\\\/lesgribouillisdarthur.fr\\\/#organization\",\"name\":\"Les Gribouillis d&#039;Arthur\",\"url\":\"https:\\\/\\\/lesgribouillisdarthur.fr\\\/\",\"logo\":{\"@type\":\"ImageObject\",\"inLanguage\":\"fr-FR\",\"@id\":\"https:\\\/\\\/lesgribouillisdarthur.fr\\\/#\\\/schema\\\/logo\\\/image\\\/\",\"url\":\"https:\\\/\\\/lesgribouillisdarthur.fr\\\/wp-content\\\/uploads\\\/2022\\\/10\\\/cropped-cropped-cropped-cropped-cropped-cropped-logo-bleu-1.png\",\"contentUrl\":\"https:\\\/\\\/lesgribouillisdarthur.fr\\\/wp-content\\\/uploads\\\/2022\\\/10\\\/cropped-cropped-cropped-cropped-cropped-cropped-logo-bleu-1.png\",\"width\":254,\"height\":53,\"caption\":\"Les Gribouillis d&#039;Arthur\"},\"image\":{\"@id\":\"https:\\\/\\\/lesgribouillisdarthur.fr\\\/#\\\/schema\\\/logo\\\/image\\\/\"},\"sameAs\":[\"https:\\\/\\\/www.facebook.com\\\/lesgribouillisdarthur\",\"https:\\\/\\\/www.instagram.com\\\/lesgribouillisdarthur\\\/?hl=fr\"]}]}<\/script>\n<!-- \/ Yoast SEO plugin. -->","yoast_head_json":{"title":"Carte \u00e0 planter Bonne f\u00eate maman | Les Gribouillis d&#039;Arthur","description":"Carte \u00e0 planter maman ch\u00e9rie : une carte \u00e9colo \u00e0 semer, remplie d\u2019amour et de fleurs. Offrez un souvenir durable pour la f\u00eate des m\u00e8res.","robots":{"index":"index","follow":"follow","max-snippet":"max-snippet:-1","max-image-preview":"max-image-preview:large","max-video-preview":"max-video-preview:-1"},"canonical":"https:\/\/lesgribouillisdarthur.fr\/index.php\/produit\/carte-a-planter-bonne-fete\/","og_locale":"fr_FR","og_type":"article","og_title":"Carte \u00e0 planter Bonne f\u00eate maman | Les Gribouillis d&#039;Arthur","og_description":"Carte \u00e0 planter maman ch\u00e9rie : une carte \u00e9colo \u00e0 semer, remplie d\u2019amour et de fleurs. Offrez un souvenir durable pour la f\u00eate des m\u00e8res.","og_url":"https:\/\/lesgribouillisdarthur.fr\/index.php\/produit\/carte-a-planter-bonne-fete\/","og_site_name":"Les Gribouillis d&#039;Arthur","article_publisher":"https:\/\/www.facebook.com\/lesgribouillisdarthur","article_modified_time":"2025-05-05T14:43:26+00:00","og_image":[{"width":2560,"height":2560,"url":"https:\/\/lesgribouillisdarthur.fr\/wp-content\/uploads\/2020\/04\/LesGribouillisdArthurCarteaplanterBonnefeteMaman-scaled.jpg","type":"image\/jpeg"}],"twitter_card":"summary_large_image","twitter_misc":{"Dur\u00e9e de lecture estim\u00e9e":"3 minutes"},"schema":{"@context":"https:\/\/schema.org","@graph":[{"@type":"WebPage","@id":"https:\/\/lesgribouillisdarthur.fr\/index.php\/produit\/carte-a-planter-bonne-fete\/","url":"https:\/\/lesgribouillisdarthur.fr\/index.php\/produit\/carte-a-planter-bonne-fete\/","name":"Carte \u00e0 planter Bonne f\u00eate maman | Les Gribouillis d&#039;Arthur","isPartOf":{"@id":"https:\/\/lesgribouillisdarthur.fr\/#website"},"primaryImageOfPage":{"@id":"https:\/\/lesgribouillisdarthur.fr\/index.php\/produit\/carte-a-planter-bonne-fete\/#primaryimage"},"image":{"@id":"https:\/\/lesgribouillisdarthur.fr\/index.php\/produit\/carte-a-planter-bonne-fete\/#primaryimage"},"thumbnailUrl":"https:\/\/lesgribouillisdarthur.fr\/wp-content\/uploads\/2020\/04\/LesGribouillisdArthurCarteaplanterBonnefeteMaman-scaled.jpg","datePublished":"2020-04-07T08:13:17+00:00","dateModified":"2025-05-05T14:43:26+00:00","description":"Carte \u00e0 planter maman ch\u00e9rie : une carte \u00e9colo \u00e0 semer, remplie d\u2019amour et de fleurs. Offrez un souvenir durable pour la f\u00eate des m\u00e8res.","breadcrumb":{"@id":"https:\/\/lesgribouillisdarthur.fr\/index.php\/produit\/carte-a-planter-bonne-fete\/#breadcrumb"},"inLanguage":"fr-FR","potentialAction":[{"@type":"ReadAction","target":["https:\/\/lesgribouillisdarthur.fr\/index.php\/produit\/carte-a-planter-bonne-fete\/"]}]},{"@type":"ImageObject","inLanguage":"fr-FR","@id":"https:\/\/lesgribouillisdarthur.fr\/index.php\/produit\/carte-a-planter-bonne-fete\/#primaryimage","url":"https:\/\/lesgribouillisdarthur.fr\/wp-content\/uploads\/2020\/04\/LesGribouillisdArthurCarteaplanterBonnefeteMaman-scaled.jpg","contentUrl":"https:\/\/lesgribouillisdarthur.fr\/wp-content\/uploads\/2020\/04\/LesGribouillisdArthurCarteaplanterBonnefeteMaman-scaled.jpg","width":2560,"height":2560},{"@type":"BreadcrumbList","@id":"https:\/\/lesgribouillisdarthur.fr\/index.php\/produit\/carte-a-planter-bonne-fete\/#breadcrumb","itemListElement":[{"@type":"ListItem","position":1,"name":"Accueil","item":"https:\/\/lesgribouillisdarthur.fr\/"},{"@type":"ListItem","position":2,"name":"La boutique","item":"https:\/\/lesgribouillisdarthur.fr\/?page_id=6553"},{"@type":"ListItem","position":3,"name":"Carte \u00e0 planter Bonne f\u00eate maman"}]},{"@type":"WebSite","@id":"https:\/\/lesgribouillisdarthur.fr\/#website","url":"https:\/\/lesgribouillisdarthur.fr\/","name":"Les Gribouillis d&#039;Arthur","description":"Les Gribouillis d&#039;Arthur, cadeaux personnalis\u00e9s pour toute la famille","publisher":{"@id":"https:\/\/lesgribouillisdarthur.fr\/#organization"},"potentialAction":[{"@type":"SearchAction","target":{"@type":"EntryPoint","urlTemplate":"https:\/\/lesgribouillisdarthur.fr\/?s={search_term_string}"},"query-input":{"@type":"PropertyValueSpecification","valueRequired":true,"valueName":"search_term_string"}}],"inLanguage":"fr-FR"},{"@type":"Organization","@id":"https:\/\/lesgribouillisdarthur.fr\/#organization","name":"Les Gribouillis d&#039;Arthur","url":"https:\/\/lesgribouillisdarthur.fr\/","logo":{"@type":"ImageObject","inLanguage":"fr-FR","@id":"https:\/\/lesgribouillisdarthur.fr\/#\/schema\/logo\/image\/","url":"https:\/\/lesgribouillisdarthur.fr\/wp-content\/uploads\/2022\/10\/cropped-cropped-cropped-cropped-cropped-cropped-logo-bleu-1.png","contentUrl":"https:\/\/lesgribouillisdarthur.fr\/wp-content\/uploads\/2022\/10\/cropped-cropped-cropped-cropped-cropped-cropped-logo-bleu-1.png","width":254,"height":53,"caption":"Les Gribouillis d&#039;Arthur"},"image":{"@id":"https:\/\/lesgribouillisdarthur.fr\/#\/schema\/logo\/image\/"},"sameAs":["https:\/\/www.facebook.com\/lesgribouillisdarthur","https:\/\/www.instagram.com\/lesgribouillisdarthur\/?hl=fr"]}]}},"uagb_featured_image_src":{"full":["https:\/\/lesgribouillisdarthur.fr\/wp-content\/uploads\/2020\/04\/LesGribouillisdArthurCarteaplanterBonnefeteMaman-scaled.jpg",2560,2560,false],"thumbnail":["https:\/\/lesgribouillisdarthur.fr\/wp-content\/uploads\/2020\/04\/LesGribouillisdArthurCarteaplanterBonnefeteMaman-150x150.jpg",150,150,true],"medium":["https:\/\/lesgribouillisdarthur.fr\/wp-content\/uploads\/2020\/04\/LesGribouillisdArthurCarteaplanterBonnefeteMaman-300x300.jpg",300,300,true],"medium_large":["https:\/\/lesgribouillisdarthur.fr\/wp-content\/uploads\/2020\/04\/LesGribouillisdArthurCarteaplanterBonnefeteMaman-768x768.jpg",768,768,true],"large":["https:\/\/lesgribouillisdarthur.fr\/wp-content\/uploads\/2020\/04\/LesGribouillisdArthurCarteaplanterBonnefeteMaman-1024x1024.jpg",300,300,true],"1536x1536":["https:\/\/lesgribouillisdarthur.fr\/wp-content\/uploads\/2020\/04\/LesGribouillisdArthurCarteaplanterBonnefeteMaman-1536x1536.jpg",1536,1536,true],"2048x2048":["https:\/\/lesgribouillisdarthur.fr\/wp-content\/uploads\/2020\/04\/LesGribouillisdArthurCarteaplanterBonnefeteMaman-2048x2048.jpg",2048,2048,true],"woocommerce_thumbnail":["https:\/\/lesgribouillisdarthur.fr\/wp-content\/uploads\/2020\/04\/LesGribouillisdArthurCarteaplanterBonnefeteMaman-scaled-1200x1200.jpg",1200,1200,true],"woocommerce_single":["https:\/\/lesgribouillisdarthur.fr\/wp-content\/uploads\/2020\/04\/LesGribouillisdArthurCarteaplanterBonnefeteMaman-scaled-1200x1200.jpg",1200,1200,true],"woocommerce_gallery_thumbnail":["https:\/\/lesgribouillisdarthur.fr\/wp-content\/uploads\/2020\/04\/LesGribouillisdArthurCarteaplanterBonnefeteMaman-scaled-100x100.jpg",100,100,true]},"uagb_author_info":{"display_name":"admin7680","author_link":"https:\/\/lesgribouillisdarthur.fr\/index.php\/author\/"},"uagb_comment_info":0,"uagb_excerpt":"Carte \u00e0 planter bonne f\u00eate \u2013 Une attention fleurie et durable Offrez plus qu\u2019une simple carte : semez du bonheur !La\u00a0Carte \u00e0 planter bonne f\u00eate\u00a0est bien plus qu\u2019un message. Elle se transforme en jolies fleurs (Phac\u00e9lie). Caract\u00e9ristiques du produit\u00a0: la carte format A6 double, (carte postale de10\u00d715 cm), garnie de graines de phac\u00e9lie Imprim\u00e9es dans\u2026","_links":{"self":[{"href":"https:\/\/lesgribouillisdarthur.fr\/index.php\/wp-json\/wp\/v2\/product\/1316","targetHints":{"allow":["GET"]}}],"collection":[{"href":"https:\/\/lesgribouillisdarthur.fr\/index.php\/wp-json\/wp\/v2\/product"}],"about":[{"href":"https:\/\/lesgribouillisdarthur.fr\/index.php\/wp-json\/wp\/v2\/types\/product"}],"replies":[{"embeddable":true,"href":"https:\/\/lesgribouillisdarthur.fr\/index.php\/wp-json\/wp\/v2\/comments?post=1316"}],"wp:featuredmedia":[{"embeddable":true,"href":"https:\/\/lesgribouillisdarthur.fr\/index.php\/wp-json\/wp\/v2\/media\/4009"}],"wp:attachment":[{"href":"https:\/\/lesgribouillisdarthur.fr\/index.php\/wp-json\/wp\/v2\/media?parent=1316"}],"wp:term":[{"taxonomy":"product_brand","embeddable":true,"href":"https:\/\/lesgribouillisdarthur.fr\/index.php\/wp-json\/wp\/v2\/product_brand?post=1316"},{"taxonomy":"product_cat","embeddable":true,"href":"https:\/\/lesgribouillisdarthur.fr\/index.php\/wp-json\/wp\/v2\/product_cat?post=1316"},{"taxonomy":"product_tag","embeddable":true,"href":"https:\/\/lesgribouillisdarthur.fr\/index.php\/wp-json\/wp\/v2\/product_tag?post=1316"}],"curies":[{"name":"wp","href":"https:\/\/api.w.org\/{rel}","templated":true}]}}