{"id":1643,"date":"2020-04-28T10:21:48","date_gmt":"2020-04-28T08:21:48","guid":{"rendered":"https:\/\/lesgribouillisdarthur.fr\/?post_type=product&#038;p=1643"},"modified":"2023-11-20T11:44:52","modified_gmt":"2023-11-20T10:44:52","slug":"affiche-abecedaire-girly","status":"publish","type":"product","link":"https:\/\/lesgribouillisdarthur.fr\/index.php\/produit\/affiche-abecedaire-girly\/","title":{"rendered":"Affiche ab\u00e9c\u00e9daire th\u00e8me divers"},"content":{"rendered":"<p><strong>Affiche ab\u00e9c\u00e9daire <\/strong><\/p>\n<p>L\u2019affiche ab\u00e9c\u00e9daire est id\u00e9ale pour les jeunes enfants qui commencent \u00e0 apprendre les lettres de l\u2019alphabet. Elle va les aider \u00e0 bien m\u00e9moriser la structure de la lettre et de l\u2019associer avec un nom, un son, un mot dessin\u00e9. Plong\u00e9s dans le plaisir de la d\u00e9couverte et du jeu, les enfants apprennent sans s\u2019en rendre compte. C\u2019est aussi une jolie affiche d\u00e9corative pour \u00e9gayer une chambre d\u2019enfant.<\/p>\n<p><em>Ce th\u00e8me divers repr\u00e9sente plein d&rsquo;objets color\u00e9s \u00e0 reconna\u00eetre !<\/em><\/p>\n<p><strong>Caract\u00e9ristiques du produits\u00a0:<\/strong><\/p>\n<p>Format A4 (21 x 29,7 cm) ou A3 (29,7 x 42 cm) fournie sans cadre.<br \/>\nImprim\u00e9e \u00e0 l\u2019atelier, impression jet d\u2019encre sur du papier mat en 120 g.<\/p>\n<p>Si vous souhaitez une affiche selon un th\u00e8me particulier, une personnalisation contactez-moi pour un devis<\/p>\n<p>Je propose \u00e9galement diff\u00e9rents transporteurs (La Poste, Chronopost, Mondial Relay\u2026) sur demande. N\u2019h\u00e9sitez pas \u00e0 me contacter pour le tarif.<\/p>\n<p>Les envois se font par lettre suivie. Un num\u00e9ro sera renseign\u00e9 pour suivre votre commande.<br \/>\nLes d\u00e9lais d\u2019acheminement sont donn\u00e9s \u00e0 titre indicatif.<br \/>\nJe ne peux pas garantir les d\u00e9lais et ma responsabilit\u00e9 ne peut pas \u00eatre engag\u00e9e en cas de retard ou de perte de votre commande.<\/p>\n<p>je suis \u00e9galement sur les r\u00e9seaux, alors suivez-moi :<br \/>\nFacebook : <a href=\"https:\/\/www.facebook.com\/lesgribouillisdarthur\" target=\"_blank\" rel=\"noopener\">@LesgribouillisdArthur<\/a><br \/>\nInstagram : <a href=\"https:\/\/instagram.com\/lesgribouillisdarthur?igshid=YmMyMTA2M2Y\">@LesGribouillisd\u2019Arthur<\/a><\/p>\n<p>\u00a9 Les gribouillis d\u2019Arthur \u2013 Tous droits de reproduction interdits.<\/p>\n","protected":false},"excerpt":{"rendered":"<div class=\"mb-xs-1 ml-xs-1 ml-md-0\">\n<div id=\"description-text-content-toggle\" class=\"\" aria-hidden=\"false\">\n<p><strong>Affiche ab\u00e9c\u00e9daire <\/strong><\/p>\n<p>L\u2019affiche ab\u00e9c\u00e9daire est id\u00e9ale pour les jeunes enfants qui commencent \u00e0 apprendre les lettres de l\u2019alphabet. Elle va les aider \u00e0 bien m\u00e9moriser la structure de la lettre et de l\u2019associer avec un nom, un son, un mot dessin\u00e9. Plong\u00e9s dans le plaisir de la d\u00e9couverte et du jeu, les enfants apprennent sans s\u2019en rendre compte. C\u2019est aussi une jolie affiche d\u00e9corative pour \u00e9gayer une chambre d\u2019enfant.<\/p>\n<p><em>Ce th\u00e8me divers repr\u00e9sente plein d&rsquo;objets color\u00e9s \u00e0 reconna\u00eetre !<\/em><\/p>\n<\/div>\n<\/div>\n","protected":false},"featured_media":2803,"comment_status":"open","ping_status":"closed","template":"","meta":{"_uag_custom_page_level_css":"","_monsterinsights_skip_tracking":false,"_monsterinsights_sitenote_active":false,"_monsterinsights_sitenote_note":"","_monsterinsights_sitenote_category":0,"site-sidebar-layout":"default","site-content-layout":"default","ast-site-content-layout":"default","site-content-style":"default","site-sidebar-style":"default","ast-global-header-display":"","ast-banner-title-visibility":"","ast-main-header-display":"","ast-hfb-above-header-display":"","ast-hfb-below-header-display":"","ast-hfb-mobile-header-display":"","site-post-title":"","ast-breadcrumbs-content":"","ast-featured-img":"","footer-sml-layout":"","theme-transparent-header-meta":"default","adv-header-id-meta":"","stick-header-meta":"","header-above-stick-meta":"","header-main-stick-meta":"","header-below-stick-meta":"","astra-migrate-meta-layouts":"set","ast-page-background-enabled":"default","ast-page-background-meta":{"desktop":{"background-color":"","background-image":"","background-repeat":"repeat","background-position":"center center","background-size":"auto","background-attachment":"scroll","background-type":"","background-media":"","overlay-type":"","overlay-color":"","overlay-opacity":"","overlay-gradient":""},"tablet":{"background-color":"","background-image":"","background-repeat":"repeat","background-position":"center center","background-size":"auto","background-attachment":"scroll","background-type":"","background-media":"","overlay-type":"","overlay-color":"","overlay-opacity":"","overlay-gradient":""},"mobile":{"background-color":"","background-image":"","background-repeat":"repeat","background-position":"center center","background-size":"auto","background-attachment":"scroll","background-type":"","background-media":"","overlay-type":"","overlay-color":"","overlay-opacity":"","overlay-gradient":""}},"ast-content-background-meta":{"desktop":{"background-color":"var(--ast-global-color-5)","background-image":"","background-repeat":"repeat","background-position":"center center","background-size":"auto","background-attachment":"scroll","background-type":"","background-media":"","overlay-type":"","overlay-color":"","overlay-opacity":"","overlay-gradient":""},"tablet":{"background-color":"var(--ast-global-color-5)","background-image":"","background-repeat":"repeat","background-position":"center center","background-size":"auto","background-attachment":"scroll","background-type":"","background-media":"","overlay-type":"","overlay-color":"","overlay-opacity":"","overlay-gradient":""},"mobile":{"background-color":"var(--ast-global-color-5)","background-image":"","background-repeat":"repeat","background-position":"center center","background-size":"auto","background-attachment":"scroll","background-type":"","background-media":"","overlay-type":"","overlay-color":"","overlay-opacity":"","overlay-gradient":""}},"_themeisle_gutenberg_block_has_review":false},"product_brand":[],"product_cat":[48],"product_tag":[],"class_list":{"0":"post-1643","1":"product","2":"type-product","3":"status-publish","4":"has-post-thumbnail","6":"product_cat-affiches-abecedaire","7":"product_shipping_class-affiches","8":"desktop-align-center","9":"tablet-align-left","10":"mobile-align-left","12":"first","13":"instock","14":"featured","15":"taxable","16":"shipping-taxable","17":"purchasable","18":"product-type-variable","19":"has-default-attributes"},"yoast_head":"<!-- This site is optimized with the Yoast SEO plugin v27.4 - https:\/\/yoast.com\/product\/yoast-seo-wordpress\/ -->\n<title>Affiche ab\u00e9c\u00e9daire th\u00e8me divers<\/title>\n<meta name=\"description\" content=\"Apprendre en s&#039;amusant ! L&#039;affiche ab\u00e9c\u00e9daire est parfaite pour les jeunes enfants qui d\u00e9couvrent les lettres de l\u2019alphabet.\" \/>\n<meta name=\"robots\" content=\"index, follow, max-snippet:-1, max-image-preview:large, max-video-preview:-1\" \/>\n<link rel=\"canonical\" href=\"https:\/\/lesgribouillisdarthur.fr\/index.php\/produit\/affiche-abecedaire-girly\/\" \/>\n<meta property=\"og:locale\" content=\"fr_FR\" \/>\n<meta property=\"og:type\" content=\"article\" \/>\n<meta property=\"og:title\" content=\"Affiche ab\u00e9c\u00e9daire th\u00e8me divers\" \/>\n<meta property=\"og:description\" content=\"Apprendre en s&#039;amusant ! L&#039;affiche ab\u00e9c\u00e9daire est parfaite pour les jeunes enfants qui d\u00e9couvrent les lettres de l\u2019alphabet.\" \/>\n<meta property=\"og:url\" content=\"https:\/\/lesgribouillisdarthur.fr\/index.php\/produit\/affiche-abecedaire-girly\/\" \/>\n<meta property=\"og:site_name\" content=\"Les Gribouillis d&#039;Arthur\" \/>\n<meta property=\"article:publisher\" content=\"https:\/\/www.facebook.com\/lesgribouillisdarthur\" \/>\n<meta property=\"article:modified_time\" content=\"2023-11-20T10:44:52+00:00\" \/>\n<meta property=\"og:image\" content=\"https:\/\/lesgribouillisdarthur.fr\/wp-content\/uploads\/2020\/04\/LesGribouillisdarthur_afficheAbecedaire_Divers3.jpg\" \/>\n\t<meta property=\"og:image:width\" content=\"1732\" \/>\n\t<meta property=\"og:image:height\" content=\"1468\" \/>\n\t<meta property=\"og:image:type\" content=\"image\/jpeg\" \/>\n<meta name=\"twitter:card\" content=\"summary_large_image\" \/>\n<meta name=\"twitter:label1\" content=\"Dur\u00e9e de lecture estim\u00e9e\" \/>\n\t<meta name=\"twitter:data1\" content=\"2 minutes\" \/>\n<script type=\"application\/ld+json\" class=\"yoast-schema-graph\">{\"@context\":\"https:\\\/\\\/schema.org\",\"@graph\":[{\"@type\":\"WebPage\",\"@id\":\"https:\\\/\\\/lesgribouillisdarthur.fr\\\/index.php\\\/produit\\\/affiche-abecedaire-girly\\\/\",\"url\":\"https:\\\/\\\/lesgribouillisdarthur.fr\\\/index.php\\\/produit\\\/affiche-abecedaire-girly\\\/\",\"name\":\"Affiche ab\u00e9c\u00e9daire th\u00e8me divers\",\"isPartOf\":{\"@id\":\"https:\\\/\\\/lesgribouillisdarthur.fr\\\/#website\"},\"primaryImageOfPage\":{\"@id\":\"https:\\\/\\\/lesgribouillisdarthur.fr\\\/index.php\\\/produit\\\/affiche-abecedaire-girly\\\/#primaryimage\"},\"image\":{\"@id\":\"https:\\\/\\\/lesgribouillisdarthur.fr\\\/index.php\\\/produit\\\/affiche-abecedaire-girly\\\/#primaryimage\"},\"thumbnailUrl\":\"https:\\\/\\\/lesgribouillisdarthur.fr\\\/wp-content\\\/uploads\\\/2020\\\/04\\\/LesGribouillisdarthur_afficheAbecedaire_Divers3.jpg\",\"datePublished\":\"2020-04-28T08:21:48+00:00\",\"dateModified\":\"2023-11-20T10:44:52+00:00\",\"description\":\"Apprendre en s'amusant ! L'affiche ab\u00e9c\u00e9daire est parfaite pour les jeunes enfants qui d\u00e9couvrent les lettres de l\u2019alphabet.\",\"breadcrumb\":{\"@id\":\"https:\\\/\\\/lesgribouillisdarthur.fr\\\/index.php\\\/produit\\\/affiche-abecedaire-girly\\\/#breadcrumb\"},\"inLanguage\":\"fr-FR\",\"potentialAction\":[{\"@type\":\"ReadAction\",\"target\":[\"https:\\\/\\\/lesgribouillisdarthur.fr\\\/index.php\\\/produit\\\/affiche-abecedaire-girly\\\/\"]}]},{\"@type\":\"ImageObject\",\"inLanguage\":\"fr-FR\",\"@id\":\"https:\\\/\\\/lesgribouillisdarthur.fr\\\/index.php\\\/produit\\\/affiche-abecedaire-girly\\\/#primaryimage\",\"url\":\"https:\\\/\\\/lesgribouillisdarthur.fr\\\/wp-content\\\/uploads\\\/2020\\\/04\\\/LesGribouillisdarthur_afficheAbecedaire_Divers3.jpg\",\"contentUrl\":\"https:\\\/\\\/lesgribouillisdarthur.fr\\\/wp-content\\\/uploads\\\/2020\\\/04\\\/LesGribouillisdarthur_afficheAbecedaire_Divers3.jpg\",\"width\":1732,\"height\":1468,\"caption\":\"Apprendre en s'amusant ! L'affiche ab\u00e9c\u00e9daire est parfaite pour les jeunes enfants qui d\u00e9couvrent les lettres de l\u2019alphabet.\"},{\"@type\":\"BreadcrumbList\",\"@id\":\"https:\\\/\\\/lesgribouillisdarthur.fr\\\/index.php\\\/produit\\\/affiche-abecedaire-girly\\\/#breadcrumb\",\"itemListElement\":[{\"@type\":\"ListItem\",\"position\":1,\"name\":\"Accueil\",\"item\":\"https:\\\/\\\/lesgribouillisdarthur.fr\\\/\"},{\"@type\":\"ListItem\",\"position\":2,\"name\":\"La boutique\",\"item\":\"https:\\\/\\\/lesgribouillisdarthur.fr\\\/?page_id=6553\"},{\"@type\":\"ListItem\",\"position\":3,\"name\":\"Affiche ab\u00e9c\u00e9daire th\u00e8me divers\"}]},{\"@type\":\"WebSite\",\"@id\":\"https:\\\/\\\/lesgribouillisdarthur.fr\\\/#website\",\"url\":\"https:\\\/\\\/lesgribouillisdarthur.fr\\\/\",\"name\":\"Les Gribouillis d&#039;Arthur\",\"description\":\"Les Gribouillis d&#039;Arthur, cadeaux personnalis\u00e9s pour toute la famille\",\"publisher\":{\"@id\":\"https:\\\/\\\/lesgribouillisdarthur.fr\\\/#organization\"},\"potentialAction\":[{\"@type\":\"SearchAction\",\"target\":{\"@type\":\"EntryPoint\",\"urlTemplate\":\"https:\\\/\\\/lesgribouillisdarthur.fr\\\/?s={search_term_string}\"},\"query-input\":{\"@type\":\"PropertyValueSpecification\",\"valueRequired\":true,\"valueName\":\"search_term_string\"}}],\"inLanguage\":\"fr-FR\"},{\"@type\":\"Organization\",\"@id\":\"https:\\\/\\\/lesgribouillisdarthur.fr\\\/#organization\",\"name\":\"Les Gribouillis d&#039;Arthur\",\"url\":\"https:\\\/\\\/lesgribouillisdarthur.fr\\\/\",\"logo\":{\"@type\":\"ImageObject\",\"inLanguage\":\"fr-FR\",\"@id\":\"https:\\\/\\\/lesgribouillisdarthur.fr\\\/#\\\/schema\\\/logo\\\/image\\\/\",\"url\":\"https:\\\/\\\/lesgribouillisdarthur.fr\\\/wp-content\\\/uploads\\\/2022\\\/10\\\/cropped-cropped-cropped-cropped-cropped-cropped-logo-bleu-1.png\",\"contentUrl\":\"https:\\\/\\\/lesgribouillisdarthur.fr\\\/wp-content\\\/uploads\\\/2022\\\/10\\\/cropped-cropped-cropped-cropped-cropped-cropped-logo-bleu-1.png\",\"width\":254,\"height\":53,\"caption\":\"Les Gribouillis d&#039;Arthur\"},\"image\":{\"@id\":\"https:\\\/\\\/lesgribouillisdarthur.fr\\\/#\\\/schema\\\/logo\\\/image\\\/\"},\"sameAs\":[\"https:\\\/\\\/www.facebook.com\\\/lesgribouillisdarthur\",\"https:\\\/\\\/www.instagram.com\\\/lesgribouillisdarthur\\\/?hl=fr\"]}]}<\/script>\n<!-- \/ Yoast SEO plugin. -->","yoast_head_json":{"title":"Affiche ab\u00e9c\u00e9daire th\u00e8me divers","description":"Apprendre en s'amusant ! L'affiche ab\u00e9c\u00e9daire est parfaite pour les jeunes enfants qui d\u00e9couvrent les lettres de l\u2019alphabet.","robots":{"index":"index","follow":"follow","max-snippet":"max-snippet:-1","max-image-preview":"max-image-preview:large","max-video-preview":"max-video-preview:-1"},"canonical":"https:\/\/lesgribouillisdarthur.fr\/index.php\/produit\/affiche-abecedaire-girly\/","og_locale":"fr_FR","og_type":"article","og_title":"Affiche ab\u00e9c\u00e9daire th\u00e8me divers","og_description":"Apprendre en s'amusant ! L'affiche ab\u00e9c\u00e9daire est parfaite pour les jeunes enfants qui d\u00e9couvrent les lettres de l\u2019alphabet.","og_url":"https:\/\/lesgribouillisdarthur.fr\/index.php\/produit\/affiche-abecedaire-girly\/","og_site_name":"Les Gribouillis d&#039;Arthur","article_publisher":"https:\/\/www.facebook.com\/lesgribouillisdarthur","article_modified_time":"2023-11-20T10:44:52+00:00","og_image":[{"width":1732,"height":1468,"url":"https:\/\/lesgribouillisdarthur.fr\/wp-content\/uploads\/2020\/04\/LesGribouillisdarthur_afficheAbecedaire_Divers3.jpg","type":"image\/jpeg"}],"twitter_card":"summary_large_image","twitter_misc":{"Dur\u00e9e de lecture estim\u00e9e":"2 minutes"},"schema":{"@context":"https:\/\/schema.org","@graph":[{"@type":"WebPage","@id":"https:\/\/lesgribouillisdarthur.fr\/index.php\/produit\/affiche-abecedaire-girly\/","url":"https:\/\/lesgribouillisdarthur.fr\/index.php\/produit\/affiche-abecedaire-girly\/","name":"Affiche ab\u00e9c\u00e9daire th\u00e8me divers","isPartOf":{"@id":"https:\/\/lesgribouillisdarthur.fr\/#website"},"primaryImageOfPage":{"@id":"https:\/\/lesgribouillisdarthur.fr\/index.php\/produit\/affiche-abecedaire-girly\/#primaryimage"},"image":{"@id":"https:\/\/lesgribouillisdarthur.fr\/index.php\/produit\/affiche-abecedaire-girly\/#primaryimage"},"thumbnailUrl":"https:\/\/lesgribouillisdarthur.fr\/wp-content\/uploads\/2020\/04\/LesGribouillisdarthur_afficheAbecedaire_Divers3.jpg","datePublished":"2020-04-28T08:21:48+00:00","dateModified":"2023-11-20T10:44:52+00:00","description":"Apprendre en s'amusant ! L'affiche ab\u00e9c\u00e9daire est parfaite pour les jeunes enfants qui d\u00e9couvrent les lettres de l\u2019alphabet.","breadcrumb":{"@id":"https:\/\/lesgribouillisdarthur.fr\/index.php\/produit\/affiche-abecedaire-girly\/#breadcrumb"},"inLanguage":"fr-FR","potentialAction":[{"@type":"ReadAction","target":["https:\/\/lesgribouillisdarthur.fr\/index.php\/produit\/affiche-abecedaire-girly\/"]}]},{"@type":"ImageObject","inLanguage":"fr-FR","@id":"https:\/\/lesgribouillisdarthur.fr\/index.php\/produit\/affiche-abecedaire-girly\/#primaryimage","url":"https:\/\/lesgribouillisdarthur.fr\/wp-content\/uploads\/2020\/04\/LesGribouillisdarthur_afficheAbecedaire_Divers3.jpg","contentUrl":"https:\/\/lesgribouillisdarthur.fr\/wp-content\/uploads\/2020\/04\/LesGribouillisdarthur_afficheAbecedaire_Divers3.jpg","width":1732,"height":1468,"caption":"Apprendre en s'amusant ! L'affiche ab\u00e9c\u00e9daire est parfaite pour les jeunes enfants qui d\u00e9couvrent les lettres de l\u2019alphabet."},{"@type":"BreadcrumbList","@id":"https:\/\/lesgribouillisdarthur.fr\/index.php\/produit\/affiche-abecedaire-girly\/#breadcrumb","itemListElement":[{"@type":"ListItem","position":1,"name":"Accueil","item":"https:\/\/lesgribouillisdarthur.fr\/"},{"@type":"ListItem","position":2,"name":"La boutique","item":"https:\/\/lesgribouillisdarthur.fr\/?page_id=6553"},{"@type":"ListItem","position":3,"name":"Affiche ab\u00e9c\u00e9daire th\u00e8me divers"}]},{"@type":"WebSite","@id":"https:\/\/lesgribouillisdarthur.fr\/#website","url":"https:\/\/lesgribouillisdarthur.fr\/","name":"Les Gribouillis d&#039;Arthur","description":"Les Gribouillis d&#039;Arthur, cadeaux personnalis\u00e9s pour toute la famille","publisher":{"@id":"https:\/\/lesgribouillisdarthur.fr\/#organization"},"potentialAction":[{"@type":"SearchAction","target":{"@type":"EntryPoint","urlTemplate":"https:\/\/lesgribouillisdarthur.fr\/?s={search_term_string}"},"query-input":{"@type":"PropertyValueSpecification","valueRequired":true,"valueName":"search_term_string"}}],"inLanguage":"fr-FR"},{"@type":"Organization","@id":"https:\/\/lesgribouillisdarthur.fr\/#organization","name":"Les Gribouillis d&#039;Arthur","url":"https:\/\/lesgribouillisdarthur.fr\/","logo":{"@type":"ImageObject","inLanguage":"fr-FR","@id":"https:\/\/lesgribouillisdarthur.fr\/#\/schema\/logo\/image\/","url":"https:\/\/lesgribouillisdarthur.fr\/wp-content\/uploads\/2022\/10\/cropped-cropped-cropped-cropped-cropped-cropped-logo-bleu-1.png","contentUrl":"https:\/\/lesgribouillisdarthur.fr\/wp-content\/uploads\/2022\/10\/cropped-cropped-cropped-cropped-cropped-cropped-logo-bleu-1.png","width":254,"height":53,"caption":"Les Gribouillis d&#039;Arthur"},"image":{"@id":"https:\/\/lesgribouillisdarthur.fr\/#\/schema\/logo\/image\/"},"sameAs":["https:\/\/www.facebook.com\/lesgribouillisdarthur","https:\/\/www.instagram.com\/lesgribouillisdarthur\/?hl=fr"]}]}},"uagb_featured_image_src":{"full":["https:\/\/lesgribouillisdarthur.fr\/wp-content\/uploads\/2020\/04\/LesGribouillisdarthur_afficheAbecedaire_Divers3.jpg",1732,1468,false],"thumbnail":["https:\/\/lesgribouillisdarthur.fr\/wp-content\/uploads\/2020\/04\/LesGribouillisdarthur_afficheAbecedaire_Divers3-150x150.jpg",150,150,true],"medium":["https:\/\/lesgribouillisdarthur.fr\/wp-content\/uploads\/2020\/04\/LesGribouillisdarthur_afficheAbecedaire_Divers3-300x254.jpg",300,254,true],"medium_large":["https:\/\/lesgribouillisdarthur.fr\/wp-content\/uploads\/2020\/04\/LesGribouillisdarthur_afficheAbecedaire_Divers3-768x651.jpg",768,651,true],"large":["https:\/\/lesgribouillisdarthur.fr\/wp-content\/uploads\/2020\/04\/LesGribouillisdarthur_afficheAbecedaire_Divers3-1024x868.jpg",300,254,true],"1536x1536":["https:\/\/lesgribouillisdarthur.fr\/wp-content\/uploads\/2020\/04\/LesGribouillisdarthur_afficheAbecedaire_Divers3-1536x1302.jpg",1536,1302,true],"2048x2048":["https:\/\/lesgribouillisdarthur.fr\/wp-content\/uploads\/2020\/04\/LesGribouillisdarthur_afficheAbecedaire_Divers3.jpg",1732,1468,false],"woocommerce_thumbnail":["https:\/\/lesgribouillisdarthur.fr\/wp-content\/uploads\/2020\/04\/LesGribouillisdarthur_afficheAbecedaire_Divers3-1200x1200.jpg",1200,1200,true],"woocommerce_single":["https:\/\/lesgribouillisdarthur.fr\/wp-content\/uploads\/2020\/04\/LesGribouillisdarthur_afficheAbecedaire_Divers3-1200x1017.jpg",1200,1017,true],"woocommerce_gallery_thumbnail":["https:\/\/lesgribouillisdarthur.fr\/wp-content\/uploads\/2020\/04\/LesGribouillisdarthur_afficheAbecedaire_Divers3-100x100.jpg",100,100,true]},"uagb_author_info":{"display_name":"admin7680","author_link":"https:\/\/lesgribouillisdarthur.fr\/index.php\/author\/"},"uagb_comment_info":0,"uagb_excerpt":"Affiche ab\u00e9c\u00e9daire L\u2019affiche ab\u00e9c\u00e9daire est id\u00e9ale pour les jeunes enfants qui commencent \u00e0 apprendre les lettres de l\u2019alphabet. Elle va les aider \u00e0 bien m\u00e9moriser la structure de la lettre et de l\u2019associer avec un nom, un son, un mot dessin\u00e9. Plong\u00e9s dans le plaisir de la d\u00e9couverte et du jeu, les enfants apprennent sans\u2026","_links":{"self":[{"href":"https:\/\/lesgribouillisdarthur.fr\/index.php\/wp-json\/wp\/v2\/product\/1643","targetHints":{"allow":["GET"]}}],"collection":[{"href":"https:\/\/lesgribouillisdarthur.fr\/index.php\/wp-json\/wp\/v2\/product"}],"about":[{"href":"https:\/\/lesgribouillisdarthur.fr\/index.php\/wp-json\/wp\/v2\/types\/product"}],"replies":[{"embeddable":true,"href":"https:\/\/lesgribouillisdarthur.fr\/index.php\/wp-json\/wp\/v2\/comments?post=1643"}],"wp:featuredmedia":[{"embeddable":true,"href":"https:\/\/lesgribouillisdarthur.fr\/index.php\/wp-json\/wp\/v2\/media\/2803"}],"wp:attachment":[{"href":"https:\/\/lesgribouillisdarthur.fr\/index.php\/wp-json\/wp\/v2\/media?parent=1643"}],"wp:term":[{"taxonomy":"product_brand","embeddable":true,"href":"https:\/\/lesgribouillisdarthur.fr\/index.php\/wp-json\/wp\/v2\/product_brand?post=1643"},{"taxonomy":"product_cat","embeddable":true,"href":"https:\/\/lesgribouillisdarthur.fr\/index.php\/wp-json\/wp\/v2\/product_cat?post=1643"},{"taxonomy":"product_tag","embeddable":true,"href":"https:\/\/lesgribouillisdarthur.fr\/index.php\/wp-json\/wp\/v2\/product_tag?post=1643"}],"curies":[{"name":"wp","href":"https:\/\/api.w.org\/{rel}","templated":true}]}}