{"id":1965,"date":"2020-09-23T14:09:29","date_gmt":"2020-09-23T12:09:29","guid":{"rendered":"https:\/\/lesgribouillisdarthur.fr\/?post_type=product&#038;p=1965"},"modified":"2025-10-09T13:10:21","modified_gmt":"2025-10-09T11:10:21","slug":"affiche-naissance-attrape-reves","status":"publish","type":"product","link":"https:\/\/lesgribouillisdarthur.fr\/index.php\/produit\/affiche-naissance-attrape-reves\/","title":{"rendered":"Affiche naissance \/ Th\u00e8me indien et attrapes-r\u00eaves avec photo"},"content":{"rendered":"<p><strong>Affiche de naissance personnalis\u00e9e<\/strong><\/p>\n<p>Affiche de naissance personnalis\u00e9e, d\u00e9coration parfaite pour la chambre de b\u00e9b\u00e9. Un joli rappel de sa naissance avec tous les d\u00e9tails qui l\u2019ont rendue unique. Un cadeau original et tendre pour les heureux parents ou la famille, qui fera de b\u00e9b\u00e9 la star !<\/p>\n<p><em>D\u00e9cor\u00e9 de doux attrapes-r\u00eaves indiens aux tons pastels, le th\u00e8me Arthur est un visuel d\u00e9licat qui veille sur le sommeil de b\u00e9b\u00e9.<br \/>\n<\/em><\/p>\n<p><strong>Caract\u00e9ristiques du produit\u00a0:<\/strong><\/p>\n<p><em>Format<\/em> : A4 portrait (21 x 29,7 cm)<\/p>\n<p>Vendue sans cadre &#8211;<\/p>\n<p>Format num\u00e9rique ou imprim\u00e9e par jet d\u2019encre sur papier photo de qualit\u00e9 professionnelle en 260g\/m2<\/p>\n<p>Personnalisation : pr\u00e9nom, jour, heure, taille, poids, photo suivant mod\u00e8le<\/p>\n<p><em>Si cet objet vous pla\u00eet, vous aimerez aussi l&rsquo;<a href=\"https:\/\/lesgribouillisdarthur.fr\/index.php\/produit\/affiche-arbre-a-empreintes\/\">affiche \u00e0 empreintes<\/a> ou la <a href=\"https:\/\/lesgribouillisdarthur.fr\/index.php\/produit\/carte-quenottes-collection-arthur\/\">carte quenottes<\/a>&#8230;<\/em><\/p>\n<p>Les d\u00e9lais d\u2019acheminement sont donn\u00e9s \u00e0 titre indicatif.<br \/>\nJe ne peux pas garantir les d\u00e9lais et ma responsabilit\u00e9 ne peut pas \u00eatre engag\u00e9e en cas de retard ou de perte de votre commande.<\/p>\n","protected":false},"excerpt":{"rendered":"<div class=\"mb-xs-1 ml-xs-1 ml-md-0\">\n<div id=\"description-text-content-toggle\" class=\"\" aria-hidden=\"false\">\n<p><strong>Affiche de naissance personnalis\u00e9e<\/strong><\/p>\n<p><strong>La photo de votre enfant est \u00e0 envoyer \u00e0 cette adresse : lesgribouillisdarthur@gmail.com<\/strong><\/p>\n<p>Affiche de naissance personnalis\u00e9e, d\u00e9coration parfaite pour la chambre de b\u00e9b\u00e9. Un joli rappel de sa naissance avec tous les d\u00e9tails qui l\u2019ont rendue unique. Un cadeau original et tendre pour les heureux parents ou la famille, qui fera de b\u00e9b\u00e9 la star !<\/p>\n<p><em>D\u00e9cor\u00e9 de doux attrapes-r\u00eaves indiens aux tons pastels, le th\u00e8me Arthur est un visuel d\u00e9licat qui veille sur le sommeil de b\u00e9b\u00e9.<\/em><span data-product-details-description-text-content=\"\"><br \/>\n<\/span><\/p>\n<\/div>\n<\/div>\n","protected":false},"featured_media":5004,"comment_status":"open","ping_status":"closed","template":"","meta":{"_uag_custom_page_level_css":"","_monsterinsights_skip_tracking":false,"_monsterinsights_sitenote_active":false,"_monsterinsights_sitenote_note":"","_monsterinsights_sitenote_category":0,"site-sidebar-layout":"default","site-content-layout":"default","ast-site-content-layout":"","site-content-style":"default","site-sidebar-style":"default","ast-global-header-display":"","ast-banner-title-visibility":"","ast-main-header-display":"","ast-hfb-above-header-display":"","ast-hfb-below-header-display":"","ast-hfb-mobile-header-display":"","site-post-title":"","ast-breadcrumbs-content":"","ast-featured-img":"","footer-sml-layout":"","theme-transparent-header-meta":"default","adv-header-id-meta":"","stick-header-meta":"","header-above-stick-meta":"","header-main-stick-meta":"","header-below-stick-meta":"","astra-migrate-meta-layouts":"default","ast-page-background-enabled":"default","ast-page-background-meta":{"desktop":{"background-color":"","background-image":"","background-repeat":"repeat","background-position":"center center","background-size":"auto","background-attachment":"scroll","background-type":"","background-media":"","overlay-type":"","overlay-color":"","overlay-opacity":"","overlay-gradient":""},"tablet":{"background-color":"","background-image":"","background-repeat":"repeat","background-position":"center center","background-size":"auto","background-attachment":"scroll","background-type":"","background-media":"","overlay-type":"","overlay-color":"","overlay-opacity":"","overlay-gradient":""},"mobile":{"background-color":"","background-image":"","background-repeat":"repeat","background-position":"center center","background-size":"auto","background-attachment":"scroll","background-type":"","background-media":"","overlay-type":"","overlay-color":"","overlay-opacity":"","overlay-gradient":""}},"ast-content-background-meta":{"desktop":{"background-color":"var(--ast-global-color-5)","background-image":"","background-repeat":"repeat","background-position":"center center","background-size":"auto","background-attachment":"scroll","background-type":"","background-media":"","overlay-type":"","overlay-color":"","overlay-opacity":"","overlay-gradient":""},"tablet":{"background-color":"var(--ast-global-color-5)","background-image":"","background-repeat":"repeat","background-position":"center center","background-size":"auto","background-attachment":"scroll","background-type":"","background-media":"","overlay-type":"","overlay-color":"","overlay-opacity":"","overlay-gradient":""},"mobile":{"background-color":"var(--ast-global-color-5)","background-image":"","background-repeat":"repeat","background-position":"center center","background-size":"auto","background-attachment":"scroll","background-type":"","background-media":"","overlay-type":"","overlay-color":"","overlay-opacity":"","overlay-gradient":""}},"_themeisle_gutenberg_block_has_review":false},"product_brand":[],"product_cat":[49],"product_tag":[],"class_list":{"0":"post-1965","1":"product","2":"type-product","3":"status-publish","4":"has-post-thumbnail","6":"product_cat-affiche-naissance","7":"product_shipping_class-affiches","8":"desktop-align-center","9":"tablet-align-left","10":"mobile-align-left","11":"wcpa_has_options","13":"first","14":"instock","15":"featured","16":"taxable","17":"shipping-taxable","18":"purchasable","19":"product-type-variable"},"yoast_head":"<!-- This site is optimized with the Yoast SEO plugin v27.5 - https:\/\/yoast.com\/product\/yoast-seo-wordpress\/ -->\n<title>Affiche naissance \/ Th\u00e8me indien et attrapes-r\u00eaves avec photo | Les Gribouillis d&#039;Arthur<\/title>\n<meta name=\"description\" content=\"L&#039;affiche de naissance Attrape-r\u00eave est parfaite en d\u00e9coration dans la chambre de b\u00e9b\u00e9 ! C&#039;est un cadeau original \u00e0 offrir aux parents.\" \/>\n<meta name=\"robots\" content=\"index, follow, max-snippet:-1, max-image-preview:large, max-video-preview:-1\" \/>\n<link rel=\"canonical\" href=\"https:\/\/lesgribouillisdarthur.fr\/index.php\/produit\/affiche-naissance-attrape-reves\/\" \/>\n<meta property=\"og:locale\" content=\"fr_FR\" \/>\n<meta property=\"og:type\" content=\"article\" \/>\n<meta property=\"og:title\" content=\"Affiche naissance \/ Th\u00e8me indien et attrapes-r\u00eaves avec photo | Les Gribouillis d&#039;Arthur\" \/>\n<meta property=\"og:description\" content=\"L&#039;affiche de naissance Attrape-r\u00eave est parfaite en d\u00e9coration dans la chambre de b\u00e9b\u00e9 ! C&#039;est un cadeau original \u00e0 offrir aux parents.\" \/>\n<meta property=\"og:url\" content=\"https:\/\/lesgribouillisdarthur.fr\/index.php\/produit\/affiche-naissance-attrape-reves\/\" \/>\n<meta property=\"og:site_name\" content=\"Les Gribouillis d&#039;Arthur\" \/>\n<meta property=\"article:publisher\" content=\"https:\/\/www.facebook.com\/lesgribouillisdarthur\" \/>\n<meta property=\"article:modified_time\" content=\"2025-10-09T11:10:21+00:00\" \/>\n<meta property=\"og:image\" content=\"https:\/\/lesgribouillisdarthur.fr\/wp-content\/uploads\/2020\/09\/LesGribouillisdArthurAfficheNaissancePhotoIndienAttrapeReves.jpg\" \/>\n\t<meta property=\"og:image:width\" content=\"992\" \/>\n\t<meta property=\"og:image:height\" content=\"992\" \/>\n\t<meta property=\"og:image:type\" content=\"image\/jpeg\" \/>\n<meta name=\"twitter:card\" content=\"summary_large_image\" \/>\n<meta name=\"twitter:label1\" content=\"Dur\u00e9e de lecture estim\u00e9e\" \/>\n\t<meta name=\"twitter:data1\" content=\"1 minute\" \/>\n<script type=\"application\/ld+json\" class=\"yoast-schema-graph\">{\"@context\":\"https:\\\/\\\/schema.org\",\"@graph\":[{\"@type\":\"WebPage\",\"@id\":\"https:\\\/\\\/lesgribouillisdarthur.fr\\\/index.php\\\/produit\\\/affiche-naissance-attrape-reves\\\/\",\"url\":\"https:\\\/\\\/lesgribouillisdarthur.fr\\\/index.php\\\/produit\\\/affiche-naissance-attrape-reves\\\/\",\"name\":\"Affiche naissance \\\/ Th\u00e8me indien et attrapes-r\u00eaves avec photo | Les Gribouillis d&#039;Arthur\",\"isPartOf\":{\"@id\":\"https:\\\/\\\/lesgribouillisdarthur.fr\\\/#website\"},\"primaryImageOfPage\":{\"@id\":\"https:\\\/\\\/lesgribouillisdarthur.fr\\\/index.php\\\/produit\\\/affiche-naissance-attrape-reves\\\/#primaryimage\"},\"image\":{\"@id\":\"https:\\\/\\\/lesgribouillisdarthur.fr\\\/index.php\\\/produit\\\/affiche-naissance-attrape-reves\\\/#primaryimage\"},\"thumbnailUrl\":\"https:\\\/\\\/lesgribouillisdarthur.fr\\\/wp-content\\\/uploads\\\/2020\\\/09\\\/LesGribouillisdArthurAfficheNaissancePhotoIndienAttrapeReves.jpg\",\"datePublished\":\"2020-09-23T12:09:29+00:00\",\"dateModified\":\"2025-10-09T11:10:21+00:00\",\"description\":\"L'affiche de naissance Attrape-r\u00eave est parfaite en d\u00e9coration dans la chambre de b\u00e9b\u00e9 ! C'est un cadeau original \u00e0 offrir aux parents.\",\"breadcrumb\":{\"@id\":\"https:\\\/\\\/lesgribouillisdarthur.fr\\\/index.php\\\/produit\\\/affiche-naissance-attrape-reves\\\/#breadcrumb\"},\"inLanguage\":\"fr-FR\",\"potentialAction\":[{\"@type\":\"ReadAction\",\"target\":[\"https:\\\/\\\/lesgribouillisdarthur.fr\\\/index.php\\\/produit\\\/affiche-naissance-attrape-reves\\\/\"]}]},{\"@type\":\"ImageObject\",\"inLanguage\":\"fr-FR\",\"@id\":\"https:\\\/\\\/lesgribouillisdarthur.fr\\\/index.php\\\/produit\\\/affiche-naissance-attrape-reves\\\/#primaryimage\",\"url\":\"https:\\\/\\\/lesgribouillisdarthur.fr\\\/wp-content\\\/uploads\\\/2020\\\/09\\\/LesGribouillisdArthurAfficheNaissancePhotoIndienAttrapeReves.jpg\",\"contentUrl\":\"https:\\\/\\\/lesgribouillisdarthur.fr\\\/wp-content\\\/uploads\\\/2020\\\/09\\\/LesGribouillisdArthurAfficheNaissancePhotoIndienAttrapeReves.jpg\",\"width\":992,\"height\":992,\"caption\":\"Affiche anniversaire\"},{\"@type\":\"BreadcrumbList\",\"@id\":\"https:\\\/\\\/lesgribouillisdarthur.fr\\\/index.php\\\/produit\\\/affiche-naissance-attrape-reves\\\/#breadcrumb\",\"itemListElement\":[{\"@type\":\"ListItem\",\"position\":1,\"name\":\"Accueil\",\"item\":\"https:\\\/\\\/lesgribouillisdarthur.fr\\\/\"},{\"@type\":\"ListItem\",\"position\":2,\"name\":\"La boutique\",\"item\":\"https:\\\/\\\/lesgribouillisdarthur.fr\\\/?page_id=6553\"},{\"@type\":\"ListItem\",\"position\":3,\"name\":\"Affiche naissance \\\/ Th\u00e8me indien et attrapes-r\u00eaves avec photo\"}]},{\"@type\":\"WebSite\",\"@id\":\"https:\\\/\\\/lesgribouillisdarthur.fr\\\/#website\",\"url\":\"https:\\\/\\\/lesgribouillisdarthur.fr\\\/\",\"name\":\"Les Gribouillis d&#039;Arthur\",\"description\":\"Les Gribouillis d&#039;Arthur, cadeaux personnalis\u00e9s pour toute la famille\",\"publisher\":{\"@id\":\"https:\\\/\\\/lesgribouillisdarthur.fr\\\/#organization\"},\"potentialAction\":[{\"@type\":\"SearchAction\",\"target\":{\"@type\":\"EntryPoint\",\"urlTemplate\":\"https:\\\/\\\/lesgribouillisdarthur.fr\\\/?s={search_term_string}\"},\"query-input\":{\"@type\":\"PropertyValueSpecification\",\"valueRequired\":true,\"valueName\":\"search_term_string\"}}],\"inLanguage\":\"fr-FR\"},{\"@type\":\"Organization\",\"@id\":\"https:\\\/\\\/lesgribouillisdarthur.fr\\\/#organization\",\"name\":\"Les Gribouillis d&#039;Arthur\",\"url\":\"https:\\\/\\\/lesgribouillisdarthur.fr\\\/\",\"logo\":{\"@type\":\"ImageObject\",\"inLanguage\":\"fr-FR\",\"@id\":\"https:\\\/\\\/lesgribouillisdarthur.fr\\\/#\\\/schema\\\/logo\\\/image\\\/\",\"url\":\"https:\\\/\\\/lesgribouillisdarthur.fr\\\/wp-content\\\/uploads\\\/2022\\\/10\\\/cropped-cropped-cropped-cropped-cropped-cropped-logo-bleu-1.png\",\"contentUrl\":\"https:\\\/\\\/lesgribouillisdarthur.fr\\\/wp-content\\\/uploads\\\/2022\\\/10\\\/cropped-cropped-cropped-cropped-cropped-cropped-logo-bleu-1.png\",\"width\":254,\"height\":53,\"caption\":\"Les Gribouillis d&#039;Arthur\"},\"image\":{\"@id\":\"https:\\\/\\\/lesgribouillisdarthur.fr\\\/#\\\/schema\\\/logo\\\/image\\\/\"},\"sameAs\":[\"https:\\\/\\\/www.facebook.com\\\/lesgribouillisdarthur\",\"https:\\\/\\\/www.instagram.com\\\/lesgribouillisdarthur\\\/?hl=fr\"]}]}<\/script>\n<!-- \/ Yoast SEO plugin. -->","yoast_head_json":{"title":"Affiche naissance \/ Th\u00e8me indien et attrapes-r\u00eaves avec photo | Les Gribouillis d&#039;Arthur","description":"L'affiche de naissance Attrape-r\u00eave est parfaite en d\u00e9coration dans la chambre de b\u00e9b\u00e9 ! C'est un cadeau original \u00e0 offrir aux parents.","robots":{"index":"index","follow":"follow","max-snippet":"max-snippet:-1","max-image-preview":"max-image-preview:large","max-video-preview":"max-video-preview:-1"},"canonical":"https:\/\/lesgribouillisdarthur.fr\/index.php\/produit\/affiche-naissance-attrape-reves\/","og_locale":"fr_FR","og_type":"article","og_title":"Affiche naissance \/ Th\u00e8me indien et attrapes-r\u00eaves avec photo | Les Gribouillis d&#039;Arthur","og_description":"L'affiche de naissance Attrape-r\u00eave est parfaite en d\u00e9coration dans la chambre de b\u00e9b\u00e9 ! C'est un cadeau original \u00e0 offrir aux parents.","og_url":"https:\/\/lesgribouillisdarthur.fr\/index.php\/produit\/affiche-naissance-attrape-reves\/","og_site_name":"Les Gribouillis d&#039;Arthur","article_publisher":"https:\/\/www.facebook.com\/lesgribouillisdarthur","article_modified_time":"2025-10-09T11:10:21+00:00","og_image":[{"width":992,"height":992,"url":"https:\/\/lesgribouillisdarthur.fr\/wp-content\/uploads\/2020\/09\/LesGribouillisdArthurAfficheNaissancePhotoIndienAttrapeReves.jpg","type":"image\/jpeg"}],"twitter_card":"summary_large_image","twitter_misc":{"Dur\u00e9e de lecture estim\u00e9e":"1 minute"},"schema":{"@context":"https:\/\/schema.org","@graph":[{"@type":"WebPage","@id":"https:\/\/lesgribouillisdarthur.fr\/index.php\/produit\/affiche-naissance-attrape-reves\/","url":"https:\/\/lesgribouillisdarthur.fr\/index.php\/produit\/affiche-naissance-attrape-reves\/","name":"Affiche naissance \/ Th\u00e8me indien et attrapes-r\u00eaves avec photo | Les Gribouillis d&#039;Arthur","isPartOf":{"@id":"https:\/\/lesgribouillisdarthur.fr\/#website"},"primaryImageOfPage":{"@id":"https:\/\/lesgribouillisdarthur.fr\/index.php\/produit\/affiche-naissance-attrape-reves\/#primaryimage"},"image":{"@id":"https:\/\/lesgribouillisdarthur.fr\/index.php\/produit\/affiche-naissance-attrape-reves\/#primaryimage"},"thumbnailUrl":"https:\/\/lesgribouillisdarthur.fr\/wp-content\/uploads\/2020\/09\/LesGribouillisdArthurAfficheNaissancePhotoIndienAttrapeReves.jpg","datePublished":"2020-09-23T12:09:29+00:00","dateModified":"2025-10-09T11:10:21+00:00","description":"L'affiche de naissance Attrape-r\u00eave est parfaite en d\u00e9coration dans la chambre de b\u00e9b\u00e9 ! C'est un cadeau original \u00e0 offrir aux parents.","breadcrumb":{"@id":"https:\/\/lesgribouillisdarthur.fr\/index.php\/produit\/affiche-naissance-attrape-reves\/#breadcrumb"},"inLanguage":"fr-FR","potentialAction":[{"@type":"ReadAction","target":["https:\/\/lesgribouillisdarthur.fr\/index.php\/produit\/affiche-naissance-attrape-reves\/"]}]},{"@type":"ImageObject","inLanguage":"fr-FR","@id":"https:\/\/lesgribouillisdarthur.fr\/index.php\/produit\/affiche-naissance-attrape-reves\/#primaryimage","url":"https:\/\/lesgribouillisdarthur.fr\/wp-content\/uploads\/2020\/09\/LesGribouillisdArthurAfficheNaissancePhotoIndienAttrapeReves.jpg","contentUrl":"https:\/\/lesgribouillisdarthur.fr\/wp-content\/uploads\/2020\/09\/LesGribouillisdArthurAfficheNaissancePhotoIndienAttrapeReves.jpg","width":992,"height":992,"caption":"Affiche anniversaire"},{"@type":"BreadcrumbList","@id":"https:\/\/lesgribouillisdarthur.fr\/index.php\/produit\/affiche-naissance-attrape-reves\/#breadcrumb","itemListElement":[{"@type":"ListItem","position":1,"name":"Accueil","item":"https:\/\/lesgribouillisdarthur.fr\/"},{"@type":"ListItem","position":2,"name":"La boutique","item":"https:\/\/lesgribouillisdarthur.fr\/?page_id=6553"},{"@type":"ListItem","position":3,"name":"Affiche naissance \/ Th\u00e8me indien et attrapes-r\u00eaves avec photo"}]},{"@type":"WebSite","@id":"https:\/\/lesgribouillisdarthur.fr\/#website","url":"https:\/\/lesgribouillisdarthur.fr\/","name":"Les Gribouillis d&#039;Arthur","description":"Les Gribouillis d&#039;Arthur, cadeaux personnalis\u00e9s pour toute la famille","publisher":{"@id":"https:\/\/lesgribouillisdarthur.fr\/#organization"},"potentialAction":[{"@type":"SearchAction","target":{"@type":"EntryPoint","urlTemplate":"https:\/\/lesgribouillisdarthur.fr\/?s={search_term_string}"},"query-input":{"@type":"PropertyValueSpecification","valueRequired":true,"valueName":"search_term_string"}}],"inLanguage":"fr-FR"},{"@type":"Organization","@id":"https:\/\/lesgribouillisdarthur.fr\/#organization","name":"Les Gribouillis d&#039;Arthur","url":"https:\/\/lesgribouillisdarthur.fr\/","logo":{"@type":"ImageObject","inLanguage":"fr-FR","@id":"https:\/\/lesgribouillisdarthur.fr\/#\/schema\/logo\/image\/","url":"https:\/\/lesgribouillisdarthur.fr\/wp-content\/uploads\/2022\/10\/cropped-cropped-cropped-cropped-cropped-cropped-logo-bleu-1.png","contentUrl":"https:\/\/lesgribouillisdarthur.fr\/wp-content\/uploads\/2022\/10\/cropped-cropped-cropped-cropped-cropped-cropped-logo-bleu-1.png","width":254,"height":53,"caption":"Les Gribouillis d&#039;Arthur"},"image":{"@id":"https:\/\/lesgribouillisdarthur.fr\/#\/schema\/logo\/image\/"},"sameAs":["https:\/\/www.facebook.com\/lesgribouillisdarthur","https:\/\/www.instagram.com\/lesgribouillisdarthur\/?hl=fr"]}]}},"uagb_featured_image_src":{"full":["https:\/\/lesgribouillisdarthur.fr\/wp-content\/uploads\/2020\/09\/LesGribouillisdArthurAfficheNaissancePhotoIndienAttrapeReves.jpg",992,992,false],"thumbnail":["https:\/\/lesgribouillisdarthur.fr\/wp-content\/uploads\/2020\/09\/LesGribouillisdArthurAfficheNaissancePhotoIndienAttrapeReves-150x150.jpg",150,150,true],"medium":["https:\/\/lesgribouillisdarthur.fr\/wp-content\/uploads\/2020\/09\/LesGribouillisdArthurAfficheNaissancePhotoIndienAttrapeReves-300x300.jpg",300,300,true],"medium_large":["https:\/\/lesgribouillisdarthur.fr\/wp-content\/uploads\/2020\/09\/LesGribouillisdArthurAfficheNaissancePhotoIndienAttrapeReves-768x768.jpg",768,768,true],"large":["https:\/\/lesgribouillisdarthur.fr\/wp-content\/uploads\/2020\/09\/LesGribouillisdArthurAfficheNaissancePhotoIndienAttrapeReves.jpg",300,300,false],"1536x1536":["https:\/\/lesgribouillisdarthur.fr\/wp-content\/uploads\/2020\/09\/LesGribouillisdArthurAfficheNaissancePhotoIndienAttrapeReves.jpg",992,992,false],"2048x2048":["https:\/\/lesgribouillisdarthur.fr\/wp-content\/uploads\/2020\/09\/LesGribouillisdArthurAfficheNaissancePhotoIndienAttrapeReves.jpg",992,992,false],"woocommerce_thumbnail":["https:\/\/lesgribouillisdarthur.fr\/wp-content\/uploads\/2020\/09\/LesGribouillisdArthurAfficheNaissancePhotoIndienAttrapeReves.jpg",992,992,false],"woocommerce_single":["https:\/\/lesgribouillisdarthur.fr\/wp-content\/uploads\/2020\/09\/LesGribouillisdArthurAfficheNaissancePhotoIndienAttrapeReves.jpg",992,992,false],"woocommerce_gallery_thumbnail":["https:\/\/lesgribouillisdarthur.fr\/wp-content\/uploads\/2020\/09\/LesGribouillisdArthurAfficheNaissancePhotoIndienAttrapeReves-100x100.jpg",100,100,true]},"uagb_author_info":{"display_name":"admin7680","author_link":"https:\/\/lesgribouillisdarthur.fr\/index.php\/author\/"},"uagb_comment_info":0,"uagb_excerpt":"Affiche de naissance personnalis\u00e9e La photo de votre enfant est \u00e0 envoyer \u00e0 cette adresse : lesgribouillisdarthur@gmail.com Affiche de naissance personnalis\u00e9e, d\u00e9coration parfaite pour la chambre de b\u00e9b\u00e9. Un joli rappel de sa naissance avec tous les d\u00e9tails qui l\u2019ont rendue unique. Un cadeau original et tendre pour les heureux parents ou la famille, qui\u2026","_links":{"self":[{"href":"https:\/\/lesgribouillisdarthur.fr\/index.php\/wp-json\/wp\/v2\/product\/1965","targetHints":{"allow":["GET"]}}],"collection":[{"href":"https:\/\/lesgribouillisdarthur.fr\/index.php\/wp-json\/wp\/v2\/product"}],"about":[{"href":"https:\/\/lesgribouillisdarthur.fr\/index.php\/wp-json\/wp\/v2\/types\/product"}],"replies":[{"embeddable":true,"href":"https:\/\/lesgribouillisdarthur.fr\/index.php\/wp-json\/wp\/v2\/comments?post=1965"}],"wp:featuredmedia":[{"embeddable":true,"href":"https:\/\/lesgribouillisdarthur.fr\/index.php\/wp-json\/wp\/v2\/media\/5004"}],"wp:attachment":[{"href":"https:\/\/lesgribouillisdarthur.fr\/index.php\/wp-json\/wp\/v2\/media?parent=1965"}],"wp:term":[{"taxonomy":"product_brand","embeddable":true,"href":"https:\/\/lesgribouillisdarthur.fr\/index.php\/wp-json\/wp\/v2\/product_brand?post=1965"},{"taxonomy":"product_cat","embeddable":true,"href":"https:\/\/lesgribouillisdarthur.fr\/index.php\/wp-json\/wp\/v2\/product_cat?post=1965"},{"taxonomy":"product_tag","embeddable":true,"href":"https:\/\/lesgribouillisdarthur.fr\/index.php\/wp-json\/wp\/v2\/product_tag?post=1965"}],"curies":[{"name":"wp","href":"https:\/\/api.w.org\/{rel}","templated":true}]}}