{"id":2414,"date":"2021-03-19T17:19:31","date_gmt":"2021-03-19T16:19:31","guid":{"rendered":"https:\/\/lesgribouillisdarthur.fr\/?post_type=product&#038;p=2414"},"modified":"2023-06-28T11:17:16","modified_gmt":"2023-06-28T09:17:16","slug":"faire-part-de-naissance-coeur","status":"publish","type":"product","link":"https:\/\/lesgribouillisdarthur.fr\/index.php\/produit\/faire-part-de-naissance-coeur\/","title":{"rendered":"Faire-part de naissance &#8211; Marque page &#8211; Petit coeur"},"content":{"rendered":"<p><strong>Faire-part de naissance &#8211; Marque page Petit c\u0153ur<br \/>\n<\/strong><\/p>\n<p>Le faire-part de naissance est la pi\u00e8ce maitresse de la papeterie qui accompagne l\u2019arriv\u00e9e de b\u00e9b\u00e9. Vous \u00eates fier et heureux de partager cette naissance avec tous ceux qui compte pour vous ! Vous voulez un message qui rend votre bonheur contagieux, et qui ressemble \u00e0 la personnalit\u00e9 de votre famille agrandie.<\/p>\n<p><em>Un mod\u00e8le rempli d&rsquo;amour ! Une ligne sobre et \u00e9pur\u00e9e pour annoncer en toute simplicit\u00e9 l&rsquo;arriv\u00e9e d&rsquo;un joli petit c\u0153ur.\u00a0 Astucieux, son format marque-page est tendance et utile. Impossible de ne pas s\u2019attendrir devant la frimousse de b\u00e9b\u00e9 en le retrouvant au quotidien !<br \/>\n<\/em><\/p>\n<p><strong>Caract\u00e9ristiques du produit\u00a0:<\/strong><\/p>\n<p>\u2013 Format 70\u00d7200 mm, papier 300g Satin recto et verso<br \/>\n\u2013 Enveloppes blanches au format 120gr<\/p>\n<p>\u2013 Poids moins de &lt;20g dans son enveloppe<\/p>\n<p>&#8211; Texte personnalisable.<\/p>\n<p><strong>Pour v\u00e9rifier votre faire-part, vous recevrez par mail sous 3 jours ouvr\u00e9s maximum (hors samedi) un bon \u00e0 tirer avant impression.<\/strong><\/p>\n<p>Livraison gratuite \u00e0 partir de 200\u20ac<\/p>\n<p><em>Dans le m\u00eame th\u00e8me, vous pouvez retrouver les <a href=\"https:\/\/lesgribouillisdarthur.fr\/index.php\/produit\/etiquette-a-enveloppes-2\/\" target=\"_blank\" rel=\"noopener\">\u00e9tiquettes pour enveloppes<\/a> et les cartes de remerciements.<\/em><\/p>\n<p>Je suis \u00e9galement sur les r\u00e9seaux alors suivez moi :<br \/>\n\u2022 Facebook : <a href=\"https:\/\/www.facebook.com\/lesgribouillisdarthur\" target=\"_blank\" rel=\"noopener\">@LesgribouillisdArthur<\/a><br \/>\n\u2022 Instagram : <a href=\"https:\/\/instagram.com\/lesgribouillisdarthur?igshid=YmMyMTA2M2Y\" target=\"_blank\" rel=\"noopener\">@LesGribouillisd\u2019Arthur<\/a><\/p>\n<p>\u00a9 Les gribouillis d\u2019Arthur \u2013 Tous droits de reproduction interdits.<\/p>\n","protected":false},"excerpt":{"rendered":"<p><strong>Faire-part de naissance &#8211; Marque page Petit c\u0153ur<\/strong><\/p>\n<p><strong style=\"font-size: 16px;\">Les photos sont \u00e0 envoyer par mail \u00e0 cette adresse : lesgribouillisdarthur@gmail.com<\/strong><\/p>\n<p>Le faire-part de naissance est la pi\u00e8ce maitresse de la papeterie qui accompagne l\u2019arriv\u00e9e de b\u00e9b\u00e9. Vous \u00eates fier et heureux de partager cette naissance avec tous ceux qui compte pour vous ! Vous voulez un message qui rend votre bonheur contagieux, et qui ressemble \u00e0 la personnalit\u00e9 de votre famille agrandie.<\/p>\n<p><em>Un mod\u00e8le rempli d&rsquo;amour ! Une ligne sobre et \u00e9pur\u00e9e pour annoncer en toute simplicit\u00e9 l&rsquo;arriv\u00e9e d&rsquo;un joli petit c\u0153ur.\u00a0 Astucieux, son format marque-page est tendance et utile. Impossible de ne pas s\u2019attendrir devant la frimousse de b\u00e9b\u00e9 en le retrouvant au quotidien !\u00a0<\/em><\/p>\n","protected":false},"featured_media":2442,"comment_status":"open","ping_status":"closed","template":"","meta":{"_uag_custom_page_level_css":"","_monsterinsights_skip_tracking":false,"_monsterinsights_sitenote_active":false,"_monsterinsights_sitenote_note":"","_monsterinsights_sitenote_category":0,"site-sidebar-layout":"default","site-content-layout":"default","ast-site-content-layout":"","site-content-style":"default","site-sidebar-style":"default","ast-global-header-display":"","ast-banner-title-visibility":"","ast-main-header-display":"","ast-hfb-above-header-display":"","ast-hfb-below-header-display":"","ast-hfb-mobile-header-display":"","site-post-title":"","ast-breadcrumbs-content":"","ast-featured-img":"","footer-sml-layout":"","theme-transparent-header-meta":"default","adv-header-id-meta":"","stick-header-meta":"","header-above-stick-meta":"","header-main-stick-meta":"","header-below-stick-meta":"","astra-migrate-meta-layouts":"default","ast-page-background-enabled":"default","ast-page-background-meta":{"desktop":{"background-color":"","background-image":"","background-repeat":"repeat","background-position":"center center","background-size":"auto","background-attachment":"scroll","background-type":"","background-media":"","overlay-type":"","overlay-color":"","overlay-opacity":"","overlay-gradient":""},"tablet":{"background-color":"","background-image":"","background-repeat":"repeat","background-position":"center center","background-size":"auto","background-attachment":"scroll","background-type":"","background-media":"","overlay-type":"","overlay-color":"","overlay-opacity":"","overlay-gradient":""},"mobile":{"background-color":"","background-image":"","background-repeat":"repeat","background-position":"center center","background-size":"auto","background-attachment":"scroll","background-type":"","background-media":"","overlay-type":"","overlay-color":"","overlay-opacity":"","overlay-gradient":""}},"ast-content-background-meta":{"desktop":{"background-color":"var(--ast-global-color-5)","background-image":"","background-repeat":"repeat","background-position":"center center","background-size":"auto","background-attachment":"scroll","background-type":"","background-media":"","overlay-type":"","overlay-color":"","overlay-opacity":"","overlay-gradient":""},"tablet":{"background-color":"var(--ast-global-color-5)","background-image":"","background-repeat":"repeat","background-position":"center center","background-size":"auto","background-attachment":"scroll","background-type":"","background-media":"","overlay-type":"","overlay-color":"","overlay-opacity":"","overlay-gradient":""},"mobile":{"background-color":"var(--ast-global-color-5)","background-image":"","background-repeat":"repeat","background-position":"center center","background-size":"auto","background-attachment":"scroll","background-type":"","background-media":"","overlay-type":"","overlay-color":"","overlay-opacity":"","overlay-gradient":""}},"_themeisle_gutenberg_block_has_review":false},"product_brand":[],"product_cat":[25],"product_tag":[],"class_list":{"0":"post-2414","1":"product","2":"type-product","3":"status-publish","4":"has-post-thumbnail","6":"product_cat-faire-part-naissance","7":"desktop-align-center","8":"tablet-align-left","9":"mobile-align-left","10":"wcpa_has_options","12":"first","13":"instock","14":"taxable","15":"shipping-taxable","16":"purchasable","17":"product-type-variable"},"yoast_head":"<!-- This site is optimized with the Yoast SEO plugin v27.3 - https:\/\/yoast.com\/product\/yoast-seo-wordpress\/ -->\n<title>Faire-part de naissance - Marque page - Petit coeur - Les Gribouillis d&#039;Arthur<\/title>\n<meta name=\"description\" content=\"C&#039;est votre petit c\u0153ur ! Dites le sur son faire-part de naissance, le premier message d&#039;amour de b\u00e9b\u00e9, un joli souvenir sur une papeterie unique !\" \/>\n<meta name=\"robots\" content=\"index, follow, max-snippet:-1, max-image-preview:large, max-video-preview:-1\" \/>\n<link rel=\"canonical\" href=\"https:\/\/lesgribouillisdarthur.fr\/index.php\/produit\/faire-part-de-naissance-coeur\/\" \/>\n<meta property=\"og:locale\" content=\"fr_FR\" \/>\n<meta property=\"og:type\" content=\"article\" \/>\n<meta property=\"og:title\" content=\"Faire-part de naissance - Marque page - Petit coeur - Les Gribouillis d&#039;Arthur\" \/>\n<meta property=\"og:description\" content=\"C&#039;est votre petit c\u0153ur ! Dites le sur son faire-part de naissance, le premier message d&#039;amour de b\u00e9b\u00e9, un joli souvenir sur une papeterie unique !\" \/>\n<meta property=\"og:url\" content=\"https:\/\/lesgribouillisdarthur.fr\/index.php\/produit\/faire-part-de-naissance-coeur\/\" \/>\n<meta property=\"og:site_name\" content=\"Les Gribouillis d&#039;Arthur\" \/>\n<meta property=\"article:publisher\" content=\"https:\/\/www.facebook.com\/lesgribouillisdarthur\" \/>\n<meta property=\"article:modified_time\" content=\"2023-06-28T09:17:16+00:00\" \/>\n<meta property=\"og:image\" content=\"https:\/\/lesgribouillisdarthur.fr\/wp-content\/uploads\/2021\/03\/coeur-1-scaled.jpg\" \/>\n\t<meta property=\"og:image:width\" content=\"2536\" \/>\n\t<meta property=\"og:image:height\" content=\"2560\" \/>\n\t<meta property=\"og:image:type\" content=\"image\/jpeg\" \/>\n<meta name=\"twitter:card\" content=\"summary_large_image\" \/>\n<meta name=\"twitter:label1\" content=\"Dur\u00e9e de lecture estim\u00e9e\" \/>\n\t<meta name=\"twitter:data1\" content=\"1 minute\" \/>\n<script type=\"application\/ld+json\" class=\"yoast-schema-graph\">{\"@context\":\"https:\\\/\\\/schema.org\",\"@graph\":[{\"@type\":\"WebPage\",\"@id\":\"https:\\\/\\\/lesgribouillisdarthur.fr\\\/index.php\\\/produit\\\/faire-part-de-naissance-coeur\\\/\",\"url\":\"https:\\\/\\\/lesgribouillisdarthur.fr\\\/index.php\\\/produit\\\/faire-part-de-naissance-coeur\\\/\",\"name\":\"Faire-part de naissance - Marque page - Petit coeur - Les Gribouillis d&#039;Arthur\",\"isPartOf\":{\"@id\":\"https:\\\/\\\/lesgribouillisdarthur.fr\\\/#website\"},\"primaryImageOfPage\":{\"@id\":\"https:\\\/\\\/lesgribouillisdarthur.fr\\\/index.php\\\/produit\\\/faire-part-de-naissance-coeur\\\/#primaryimage\"},\"image\":{\"@id\":\"https:\\\/\\\/lesgribouillisdarthur.fr\\\/index.php\\\/produit\\\/faire-part-de-naissance-coeur\\\/#primaryimage\"},\"thumbnailUrl\":\"https:\\\/\\\/lesgribouillisdarthur.fr\\\/wp-content\\\/uploads\\\/2021\\\/03\\\/coeur-1-scaled.jpg\",\"datePublished\":\"2021-03-19T16:19:31+00:00\",\"dateModified\":\"2023-06-28T09:17:16+00:00\",\"description\":\"C'est votre petit c\u0153ur ! Dites le sur son faire-part de naissance, le premier message d'amour de b\u00e9b\u00e9, un joli souvenir sur une papeterie unique !\",\"breadcrumb\":{\"@id\":\"https:\\\/\\\/lesgribouillisdarthur.fr\\\/index.php\\\/produit\\\/faire-part-de-naissance-coeur\\\/#breadcrumb\"},\"inLanguage\":\"fr-FR\",\"potentialAction\":[{\"@type\":\"ReadAction\",\"target\":[\"https:\\\/\\\/lesgribouillisdarthur.fr\\\/index.php\\\/produit\\\/faire-part-de-naissance-coeur\\\/\"]}]},{\"@type\":\"ImageObject\",\"inLanguage\":\"fr-FR\",\"@id\":\"https:\\\/\\\/lesgribouillisdarthur.fr\\\/index.php\\\/produit\\\/faire-part-de-naissance-coeur\\\/#primaryimage\",\"url\":\"https:\\\/\\\/lesgribouillisdarthur.fr\\\/wp-content\\\/uploads\\\/2021\\\/03\\\/coeur-1-scaled.jpg\",\"contentUrl\":\"https:\\\/\\\/lesgribouillisdarthur.fr\\\/wp-content\\\/uploads\\\/2021\\\/03\\\/coeur-1-scaled.jpg\",\"width\":2536,\"height\":2560,\"caption\":\"Realistic blank white letter paper DL envelope front view. Vector blank open and closed on gray background - stock vector.\"},{\"@type\":\"BreadcrumbList\",\"@id\":\"https:\\\/\\\/lesgribouillisdarthur.fr\\\/index.php\\\/produit\\\/faire-part-de-naissance-coeur\\\/#breadcrumb\",\"itemListElement\":[{\"@type\":\"ListItem\",\"position\":1,\"name\":\"Accueil\",\"item\":\"https:\\\/\\\/lesgribouillisdarthur.fr\\\/\"},{\"@type\":\"ListItem\",\"position\":2,\"name\":\"La boutique\",\"item\":\"https:\\\/\\\/lesgribouillisdarthur.fr\\\/?page_id=6553\"},{\"@type\":\"ListItem\",\"position\":3,\"name\":\"Faire-part de naissance &#8211; Marque page &#8211; Petit coeur\"}]},{\"@type\":\"WebSite\",\"@id\":\"https:\\\/\\\/lesgribouillisdarthur.fr\\\/#website\",\"url\":\"https:\\\/\\\/lesgribouillisdarthur.fr\\\/\",\"name\":\"Les Gribouillis d&#039;Arthur\",\"description\":\"Les Gribouillis d&#039;Arthur, cadeaux personnalis\u00e9s pour toute la famille\",\"publisher\":{\"@id\":\"https:\\\/\\\/lesgribouillisdarthur.fr\\\/#organization\"},\"potentialAction\":[{\"@type\":\"SearchAction\",\"target\":{\"@type\":\"EntryPoint\",\"urlTemplate\":\"https:\\\/\\\/lesgribouillisdarthur.fr\\\/?s={search_term_string}\"},\"query-input\":{\"@type\":\"PropertyValueSpecification\",\"valueRequired\":true,\"valueName\":\"search_term_string\"}}],\"inLanguage\":\"fr-FR\"},{\"@type\":\"Organization\",\"@id\":\"https:\\\/\\\/lesgribouillisdarthur.fr\\\/#organization\",\"name\":\"Les Gribouillis d&#039;Arthur\",\"url\":\"https:\\\/\\\/lesgribouillisdarthur.fr\\\/\",\"logo\":{\"@type\":\"ImageObject\",\"inLanguage\":\"fr-FR\",\"@id\":\"https:\\\/\\\/lesgribouillisdarthur.fr\\\/#\\\/schema\\\/logo\\\/image\\\/\",\"url\":\"https:\\\/\\\/lesgribouillisdarthur.fr\\\/wp-content\\\/uploads\\\/2022\\\/10\\\/cropped-cropped-cropped-cropped-cropped-cropped-logo-bleu-1.png\",\"contentUrl\":\"https:\\\/\\\/lesgribouillisdarthur.fr\\\/wp-content\\\/uploads\\\/2022\\\/10\\\/cropped-cropped-cropped-cropped-cropped-cropped-logo-bleu-1.png\",\"width\":254,\"height\":53,\"caption\":\"Les Gribouillis d&#039;Arthur\"},\"image\":{\"@id\":\"https:\\\/\\\/lesgribouillisdarthur.fr\\\/#\\\/schema\\\/logo\\\/image\\\/\"},\"sameAs\":[\"https:\\\/\\\/www.facebook.com\\\/lesgribouillisdarthur\",\"https:\\\/\\\/www.instagram.com\\\/lesgribouillisdarthur\\\/?hl=fr\"]}]}<\/script>\n<!-- \/ Yoast SEO plugin. -->","yoast_head_json":{"title":"Faire-part de naissance - Marque page - Petit coeur - Les Gribouillis d&#039;Arthur","description":"C'est votre petit c\u0153ur ! Dites le sur son faire-part de naissance, le premier message d'amour de b\u00e9b\u00e9, un joli souvenir sur une papeterie unique !","robots":{"index":"index","follow":"follow","max-snippet":"max-snippet:-1","max-image-preview":"max-image-preview:large","max-video-preview":"max-video-preview:-1"},"canonical":"https:\/\/lesgribouillisdarthur.fr\/index.php\/produit\/faire-part-de-naissance-coeur\/","og_locale":"fr_FR","og_type":"article","og_title":"Faire-part de naissance - Marque page - Petit coeur - Les Gribouillis d&#039;Arthur","og_description":"C'est votre petit c\u0153ur ! Dites le sur son faire-part de naissance, le premier message d'amour de b\u00e9b\u00e9, un joli souvenir sur une papeterie unique !","og_url":"https:\/\/lesgribouillisdarthur.fr\/index.php\/produit\/faire-part-de-naissance-coeur\/","og_site_name":"Les Gribouillis d&#039;Arthur","article_publisher":"https:\/\/www.facebook.com\/lesgribouillisdarthur","article_modified_time":"2023-06-28T09:17:16+00:00","og_image":[{"width":2536,"height":2560,"url":"https:\/\/lesgribouillisdarthur.fr\/wp-content\/uploads\/2021\/03\/coeur-1-scaled.jpg","type":"image\/jpeg"}],"twitter_card":"summary_large_image","twitter_misc":{"Dur\u00e9e de lecture estim\u00e9e":"1 minute"},"schema":{"@context":"https:\/\/schema.org","@graph":[{"@type":"WebPage","@id":"https:\/\/lesgribouillisdarthur.fr\/index.php\/produit\/faire-part-de-naissance-coeur\/","url":"https:\/\/lesgribouillisdarthur.fr\/index.php\/produit\/faire-part-de-naissance-coeur\/","name":"Faire-part de naissance - Marque page - Petit coeur - Les Gribouillis d&#039;Arthur","isPartOf":{"@id":"https:\/\/lesgribouillisdarthur.fr\/#website"},"primaryImageOfPage":{"@id":"https:\/\/lesgribouillisdarthur.fr\/index.php\/produit\/faire-part-de-naissance-coeur\/#primaryimage"},"image":{"@id":"https:\/\/lesgribouillisdarthur.fr\/index.php\/produit\/faire-part-de-naissance-coeur\/#primaryimage"},"thumbnailUrl":"https:\/\/lesgribouillisdarthur.fr\/wp-content\/uploads\/2021\/03\/coeur-1-scaled.jpg","datePublished":"2021-03-19T16:19:31+00:00","dateModified":"2023-06-28T09:17:16+00:00","description":"C'est votre petit c\u0153ur ! Dites le sur son faire-part de naissance, le premier message d'amour de b\u00e9b\u00e9, un joli souvenir sur une papeterie unique !","breadcrumb":{"@id":"https:\/\/lesgribouillisdarthur.fr\/index.php\/produit\/faire-part-de-naissance-coeur\/#breadcrumb"},"inLanguage":"fr-FR","potentialAction":[{"@type":"ReadAction","target":["https:\/\/lesgribouillisdarthur.fr\/index.php\/produit\/faire-part-de-naissance-coeur\/"]}]},{"@type":"ImageObject","inLanguage":"fr-FR","@id":"https:\/\/lesgribouillisdarthur.fr\/index.php\/produit\/faire-part-de-naissance-coeur\/#primaryimage","url":"https:\/\/lesgribouillisdarthur.fr\/wp-content\/uploads\/2021\/03\/coeur-1-scaled.jpg","contentUrl":"https:\/\/lesgribouillisdarthur.fr\/wp-content\/uploads\/2021\/03\/coeur-1-scaled.jpg","width":2536,"height":2560,"caption":"Realistic blank white letter paper DL envelope front view. Vector blank open and closed on gray background - stock vector."},{"@type":"BreadcrumbList","@id":"https:\/\/lesgribouillisdarthur.fr\/index.php\/produit\/faire-part-de-naissance-coeur\/#breadcrumb","itemListElement":[{"@type":"ListItem","position":1,"name":"Accueil","item":"https:\/\/lesgribouillisdarthur.fr\/"},{"@type":"ListItem","position":2,"name":"La boutique","item":"https:\/\/lesgribouillisdarthur.fr\/?page_id=6553"},{"@type":"ListItem","position":3,"name":"Faire-part de naissance &#8211; Marque page &#8211; Petit coeur"}]},{"@type":"WebSite","@id":"https:\/\/lesgribouillisdarthur.fr\/#website","url":"https:\/\/lesgribouillisdarthur.fr\/","name":"Les Gribouillis d&#039;Arthur","description":"Les Gribouillis d&#039;Arthur, cadeaux personnalis\u00e9s pour toute la famille","publisher":{"@id":"https:\/\/lesgribouillisdarthur.fr\/#organization"},"potentialAction":[{"@type":"SearchAction","target":{"@type":"EntryPoint","urlTemplate":"https:\/\/lesgribouillisdarthur.fr\/?s={search_term_string}"},"query-input":{"@type":"PropertyValueSpecification","valueRequired":true,"valueName":"search_term_string"}}],"inLanguage":"fr-FR"},{"@type":"Organization","@id":"https:\/\/lesgribouillisdarthur.fr\/#organization","name":"Les Gribouillis d&#039;Arthur","url":"https:\/\/lesgribouillisdarthur.fr\/","logo":{"@type":"ImageObject","inLanguage":"fr-FR","@id":"https:\/\/lesgribouillisdarthur.fr\/#\/schema\/logo\/image\/","url":"https:\/\/lesgribouillisdarthur.fr\/wp-content\/uploads\/2022\/10\/cropped-cropped-cropped-cropped-cropped-cropped-logo-bleu-1.png","contentUrl":"https:\/\/lesgribouillisdarthur.fr\/wp-content\/uploads\/2022\/10\/cropped-cropped-cropped-cropped-cropped-cropped-logo-bleu-1.png","width":254,"height":53,"caption":"Les Gribouillis d&#039;Arthur"},"image":{"@id":"https:\/\/lesgribouillisdarthur.fr\/#\/schema\/logo\/image\/"},"sameAs":["https:\/\/www.facebook.com\/lesgribouillisdarthur","https:\/\/www.instagram.com\/lesgribouillisdarthur\/?hl=fr"]}]}},"uagb_featured_image_src":{"full":["https:\/\/lesgribouillisdarthur.fr\/wp-content\/uploads\/2021\/03\/coeur-1-scaled.jpg",2536,2560,false],"thumbnail":["https:\/\/lesgribouillisdarthur.fr\/wp-content\/uploads\/2021\/03\/coeur-1-150x150.jpg",150,150,true],"medium":["https:\/\/lesgribouillisdarthur.fr\/wp-content\/uploads\/2021\/03\/coeur-1-297x300.jpg",297,300,true],"medium_large":["https:\/\/lesgribouillisdarthur.fr\/wp-content\/uploads\/2021\/03\/coeur-1-768x775.jpg",768,775,true],"large":["https:\/\/lesgribouillisdarthur.fr\/wp-content\/uploads\/2021\/03\/coeur-1-1014x1024.jpg",297,300,true],"1536x1536":["https:\/\/lesgribouillisdarthur.fr\/wp-content\/uploads\/2021\/03\/coeur-1-1522x1536.jpg",1522,1536,true],"2048x2048":["https:\/\/lesgribouillisdarthur.fr\/wp-content\/uploads\/2021\/03\/coeur-1-2029x2048.jpg",2029,2048,true],"woocommerce_thumbnail":["https:\/\/lesgribouillisdarthur.fr\/wp-content\/uploads\/2021\/03\/coeur-1-scaled-1200x1200.jpg",1200,1200,true],"woocommerce_single":["https:\/\/lesgribouillisdarthur.fr\/wp-content\/uploads\/2021\/03\/coeur-1-scaled-1200x1211.jpg",1200,1211,true],"woocommerce_gallery_thumbnail":["https:\/\/lesgribouillisdarthur.fr\/wp-content\/uploads\/2021\/03\/coeur-1-scaled-100x100.jpg",100,100,true]},"uagb_author_info":{"display_name":"admin7680","author_link":"https:\/\/lesgribouillisdarthur.fr\/index.php\/author\/"},"uagb_comment_info":0,"uagb_excerpt":"Faire-part de naissance - Marque page Petit c\u0153ur Les photos sont \u00e0 envoyer par mail \u00e0 cette adresse : lesgribouillisdarthur@gmail.com Le faire-part de naissance est la pi\u00e8ce maitresse de la papeterie qui accompagne l\u2019arriv\u00e9e de b\u00e9b\u00e9. Vous \u00eates fier et heureux de partager cette naissance avec tous ceux qui compte pour vous ! Vous voulez\u2026","_links":{"self":[{"href":"https:\/\/lesgribouillisdarthur.fr\/index.php\/wp-json\/wp\/v2\/product\/2414","targetHints":{"allow":["GET"]}}],"collection":[{"href":"https:\/\/lesgribouillisdarthur.fr\/index.php\/wp-json\/wp\/v2\/product"}],"about":[{"href":"https:\/\/lesgribouillisdarthur.fr\/index.php\/wp-json\/wp\/v2\/types\/product"}],"replies":[{"embeddable":true,"href":"https:\/\/lesgribouillisdarthur.fr\/index.php\/wp-json\/wp\/v2\/comments?post=2414"}],"wp:featuredmedia":[{"embeddable":true,"href":"https:\/\/lesgribouillisdarthur.fr\/index.php\/wp-json\/wp\/v2\/media\/2442"}],"wp:attachment":[{"href":"https:\/\/lesgribouillisdarthur.fr\/index.php\/wp-json\/wp\/v2\/media?parent=2414"}],"wp:term":[{"taxonomy":"product_brand","embeddable":true,"href":"https:\/\/lesgribouillisdarthur.fr\/index.php\/wp-json\/wp\/v2\/product_brand?post=2414"},{"taxonomy":"product_cat","embeddable":true,"href":"https:\/\/lesgribouillisdarthur.fr\/index.php\/wp-json\/wp\/v2\/product_cat?post=2414"},{"taxonomy":"product_tag","embeddable":true,"href":"https:\/\/lesgribouillisdarthur.fr\/index.php\/wp-json\/wp\/v2\/product_tag?post=2414"}],"curies":[{"name":"wp","href":"https:\/\/api.w.org\/{rel}","templated":true}]}}