{"id":2672,"date":"2021-05-05T11:38:45","date_gmt":"2021-05-05T09:38:45","guid":{"rendered":"https:\/\/lesgribouillisdarthur.fr\/?post_type=product&#038;p=2672"},"modified":"2023-06-29T13:57:42","modified_gmt":"2023-06-29T11:57:42","slug":"carte-a-gratter-annonce-grossesse-3","status":"publish","type":"product","link":"https:\/\/lesgribouillisdarthur.fr\/index.php\/produit\/carte-a-gratter-annonce-grossesse-3\/","title":{"rendered":"Carte \u00e0 gratter annonce de grossesse \u2013 Jeu pour annoncer une naissance"},"content":{"rendered":"<div dir=\"auto\">\n<div dir=\"auto\">\n<p><strong>Carte jeu \u00e0 gratter annonce de grossesse<\/strong><\/p>\n<p>Jouez avec la curiosit\u00e9 et les \u00e9motions de votre entourage en leur faisant deviner votre grossesse. La <strong>carte \u00e0 gratter<\/strong> est une id\u00e9e originale pour annoncer l\u2019arriv\u00e9e de b\u00e9b\u00e9 \u00e0 la famille proche ou aux amis qui ont gard\u00e9 leur \u00e2me d\u2019enfant. Le joyeux message \u00e0 r\u00e9v\u00e9ler sous la pastille \u00e0 gratter fera son effet. On mise sur la surprise garantie et le gain assur\u00e9 de bonheur quand vos proches d\u00e9couvriront la bonne nouvelle.<\/p>\n<p>&nbsp;<\/p>\n<p><strong>Caract\u00e9ristiques du produit\u00a0:<\/strong><\/p>\n<p>&gt;carte format A6 double, (carte postale de10\u00d715 cm)<\/p>\n<p>&gt; Bords arrondis&gt; Pastille rouge en forme d&rsquo;\u00e9toile !<\/p>\n<\/div>\n<div dir=\"auto\">\n<div dir=\"auto\">\n<p>&gt; Enveloppe en papier 100% recycl\u00e9<br \/>\n&gt; Pochette recyclable \u00e9tiquet\u00e9e du message de la carte !<\/p>\n<p>Cartes imprim\u00e9es sur un papier de offset 300 gr<\/p>\n<p>Je suis \u00e9galement sur les r\u00e9seaux alors suivez moi :<br \/>\n\u2022 Facebook : <a href=\"https:\/\/www.facebook.com\/lesgribouillisdarthur\" target=\"_blank\" rel=\"noopener\">@LesgribouillisdArthur<\/a><br \/>\n\u2022 Instagram : <a href=\"https:\/\/instagram.com\/lesgribouillisdarthur?igshid=YmMyMTA2M2Y\" target=\"_blank\" rel=\"noopener\">@LesGribouillisd\u2019Arthur<\/a><\/p>\n<p>\u00a9 Les gribouillis d\u2019Arthur \u2013 Tous droits de reproduction interdits.<\/p>\n<\/div>\n<\/div>\n<\/div>\n","protected":false},"excerpt":{"rendered":"<p><strong>Carte jeu \u00e0 gratter annonce de grossesse<\/strong><\/p>\n<p>Jouez avec la curiosit\u00e9 et les \u00e9motions de votre entourage en leur faisant deviner votre grossesse. La <strong>carte \u00e0 gratter<\/strong> est une id\u00e9e originale pour annoncer l\u2019arriv\u00e9e de b\u00e9b\u00e9 \u00e0 la famille proche ou aux amis qui ont gard\u00e9 leur \u00e2me d\u2019enfant. Le joyeux message \u00e0 r\u00e9v\u00e9ler sous la pastille \u00e0 gratter fera son effet. On mise sur la surprise garantie et le gain assur\u00e9 de bonheur quand vos proches d\u00e9couvriront la bonne nouvelle.<\/p>\n","protected":false},"featured_media":2673,"comment_status":"open","ping_status":"closed","template":"","meta":{"_uag_custom_page_level_css":"","_monsterinsights_skip_tracking":false,"_monsterinsights_sitenote_active":false,"_monsterinsights_sitenote_note":"","_monsterinsights_sitenote_category":0,"site-sidebar-layout":"default","site-content-layout":"default","ast-site-content-layout":"","site-content-style":"default","site-sidebar-style":"default","ast-global-header-display":"","ast-banner-title-visibility":"","ast-main-header-display":"","ast-hfb-above-header-display":"","ast-hfb-below-header-display":"","ast-hfb-mobile-header-display":"","site-post-title":"","ast-breadcrumbs-content":"","ast-featured-img":"","footer-sml-layout":"","theme-transparent-header-meta":"default","adv-header-id-meta":"","stick-header-meta":"","header-above-stick-meta":"","header-main-stick-meta":"","header-below-stick-meta":"","astra-migrate-meta-layouts":"default","ast-page-background-enabled":"default","ast-page-background-meta":{"desktop":{"background-color":"","background-image":"","background-repeat":"repeat","background-position":"center center","background-size":"auto","background-attachment":"scroll","background-type":"","background-media":"","overlay-type":"","overlay-color":"","overlay-opacity":"","overlay-gradient":""},"tablet":{"background-color":"","background-image":"","background-repeat":"repeat","background-position":"center center","background-size":"auto","background-attachment":"scroll","background-type":"","background-media":"","overlay-type":"","overlay-color":"","overlay-opacity":"","overlay-gradient":""},"mobile":{"background-color":"","background-image":"","background-repeat":"repeat","background-position":"center center","background-size":"auto","background-attachment":"scroll","background-type":"","background-media":"","overlay-type":"","overlay-color":"","overlay-opacity":"","overlay-gradient":""}},"ast-content-background-meta":{"desktop":{"background-color":"var(--ast-global-color-5)","background-image":"","background-repeat":"repeat","background-position":"center center","background-size":"auto","background-attachment":"scroll","background-type":"","background-media":"","overlay-type":"","overlay-color":"","overlay-opacity":"","overlay-gradient":""},"tablet":{"background-color":"var(--ast-global-color-5)","background-image":"","background-repeat":"repeat","background-position":"center center","background-size":"auto","background-attachment":"scroll","background-type":"","background-media":"","overlay-type":"","overlay-color":"","overlay-opacity":"","overlay-gradient":""},"mobile":{"background-color":"var(--ast-global-color-5)","background-image":"","background-repeat":"repeat","background-position":"center center","background-size":"auto","background-attachment":"scroll","background-type":"","background-media":"","overlay-type":"","overlay-color":"","overlay-opacity":"","overlay-gradient":""}},"_themeisle_gutenberg_block_has_review":false},"product_brand":[],"product_cat":[44],"product_tag":[],"class_list":{"0":"post-2672","1":"product","2":"type-product","3":"status-publish","4":"has-post-thumbnail","6":"product_cat-carte-a-gratter","7":"product_shipping_class-produits-volumineux","8":"desktop-align-center","9":"tablet-align-left","10":"mobile-align-left","12":"first","13":"instock","14":"sale","15":"taxable","16":"shipping-taxable","17":"purchasable","18":"product-type-simple"},"yoast_head":"<!-- This site is optimized with the Yoast SEO plugin v27.3 - https:\/\/yoast.com\/product\/yoast-seo-wordpress\/ -->\n<title>Carte \u00e0 gratter annonce de grossesse \u2013 Jeu pour annoncer une naissance<\/title>\n<meta name=\"description\" content=\"Choisissez une carte \u00e0 gratter pour surprendre et amuser vos proches avec l&#039;annonce de votre grossesse ! Un message cr\u00e9atif et \u00e9mouvant\" \/>\n<meta name=\"robots\" content=\"index, follow, max-snippet:-1, max-image-preview:large, max-video-preview:-1\" \/>\n<link rel=\"canonical\" href=\"https:\/\/lesgribouillisdarthur.fr\/index.php\/produit\/carte-a-gratter-annonce-grossesse-3\/\" \/>\n<meta property=\"og:locale\" content=\"fr_FR\" \/>\n<meta property=\"og:type\" content=\"article\" \/>\n<meta property=\"og:title\" content=\"Carte \u00e0 gratter annonce de grossesse \u2013 Jeu pour annoncer une naissance\" \/>\n<meta property=\"og:description\" content=\"Choisissez une carte \u00e0 gratter pour surprendre et amuser vos proches avec l&#039;annonce de votre grossesse ! Un message cr\u00e9atif et \u00e9mouvant\" \/>\n<meta property=\"og:url\" content=\"https:\/\/lesgribouillisdarthur.fr\/index.php\/produit\/carte-a-gratter-annonce-grossesse-3\/\" \/>\n<meta property=\"og:site_name\" content=\"Les Gribouillis d&#039;Arthur\" \/>\n<meta property=\"article:publisher\" content=\"https:\/\/www.facebook.com\/lesgribouillisdarthur\" \/>\n<meta property=\"article:modified_time\" content=\"2023-06-29T11:57:42+00:00\" \/>\n<meta property=\"og:image\" content=\"https:\/\/lesgribouillisdarthur.fr\/wp-content\/uploads\/2021\/05\/LesGribouillisdArthur_Carteagratteretoilerouge_annoncegrossesse_nousallonsavoirunbebe2-scaled.jpg\" \/>\n\t<meta property=\"og:image:width\" content=\"2560\" \/>\n\t<meta property=\"og:image:height\" content=\"2560\" \/>\n\t<meta property=\"og:image:type\" content=\"image\/jpeg\" \/>\n<meta name=\"twitter:card\" content=\"summary_large_image\" \/>\n<meta name=\"twitter:label1\" content=\"Dur\u00e9e de lecture estim\u00e9e\" \/>\n\t<meta name=\"twitter:data1\" content=\"1 minute\" \/>\n<script type=\"application\/ld+json\" class=\"yoast-schema-graph\">{\"@context\":\"https:\\\/\\\/schema.org\",\"@graph\":[{\"@type\":\"WebPage\",\"@id\":\"https:\\\/\\\/lesgribouillisdarthur.fr\\\/index.php\\\/produit\\\/carte-a-gratter-annonce-grossesse-3\\\/\",\"url\":\"https:\\\/\\\/lesgribouillisdarthur.fr\\\/index.php\\\/produit\\\/carte-a-gratter-annonce-grossesse-3\\\/\",\"name\":\"Carte \u00e0 gratter annonce de grossesse \u2013 Jeu pour annoncer une naissance\",\"isPartOf\":{\"@id\":\"https:\\\/\\\/lesgribouillisdarthur.fr\\\/#website\"},\"primaryImageOfPage\":{\"@id\":\"https:\\\/\\\/lesgribouillisdarthur.fr\\\/index.php\\\/produit\\\/carte-a-gratter-annonce-grossesse-3\\\/#primaryimage\"},\"image\":{\"@id\":\"https:\\\/\\\/lesgribouillisdarthur.fr\\\/index.php\\\/produit\\\/carte-a-gratter-annonce-grossesse-3\\\/#primaryimage\"},\"thumbnailUrl\":\"https:\\\/\\\/lesgribouillisdarthur.fr\\\/wp-content\\\/uploads\\\/2021\\\/05\\\/LesGribouillisdArthur_Carteagratteretoilerouge_annoncegrossesse_nousallonsavoirunbebe2-scaled.jpg\",\"datePublished\":\"2021-05-05T09:38:45+00:00\",\"dateModified\":\"2023-06-29T11:57:42+00:00\",\"description\":\"Choisissez une carte \u00e0 gratter pour surprendre et amuser vos proches avec l'annonce de votre grossesse ! Un message cr\u00e9atif et \u00e9mouvant\",\"breadcrumb\":{\"@id\":\"https:\\\/\\\/lesgribouillisdarthur.fr\\\/index.php\\\/produit\\\/carte-a-gratter-annonce-grossesse-3\\\/#breadcrumb\"},\"inLanguage\":\"fr-FR\",\"potentialAction\":[{\"@type\":\"ReadAction\",\"target\":[\"https:\\\/\\\/lesgribouillisdarthur.fr\\\/index.php\\\/produit\\\/carte-a-gratter-annonce-grossesse-3\\\/\"]}]},{\"@type\":\"ImageObject\",\"inLanguage\":\"fr-FR\",\"@id\":\"https:\\\/\\\/lesgribouillisdarthur.fr\\\/index.php\\\/produit\\\/carte-a-gratter-annonce-grossesse-3\\\/#primaryimage\",\"url\":\"https:\\\/\\\/lesgribouillisdarthur.fr\\\/wp-content\\\/uploads\\\/2021\\\/05\\\/LesGribouillisdArthur_Carteagratteretoilerouge_annoncegrossesse_nousallonsavoirunbebe2-scaled.jpg\",\"contentUrl\":\"https:\\\/\\\/lesgribouillisdarthur.fr\\\/wp-content\\\/uploads\\\/2021\\\/05\\\/LesGribouillisdArthur_Carteagratteretoilerouge_annoncegrossesse_nousallonsavoirunbebe2-scaled.jpg\",\"width\":2560,\"height\":2560,\"caption\":\"Carte \u00e0 gratter annonce de grossesse\"},{\"@type\":\"BreadcrumbList\",\"@id\":\"https:\\\/\\\/lesgribouillisdarthur.fr\\\/index.php\\\/produit\\\/carte-a-gratter-annonce-grossesse-3\\\/#breadcrumb\",\"itemListElement\":[{\"@type\":\"ListItem\",\"position\":1,\"name\":\"Accueil\",\"item\":\"https:\\\/\\\/lesgribouillisdarthur.fr\\\/\"},{\"@type\":\"ListItem\",\"position\":2,\"name\":\"La boutique\",\"item\":\"https:\\\/\\\/lesgribouillisdarthur.fr\\\/?page_id=6553\"},{\"@type\":\"ListItem\",\"position\":3,\"name\":\"Carte \u00e0 gratter annonce de grossesse \u2013 Jeu pour annoncer une naissance\"}]},{\"@type\":\"WebSite\",\"@id\":\"https:\\\/\\\/lesgribouillisdarthur.fr\\\/#website\",\"url\":\"https:\\\/\\\/lesgribouillisdarthur.fr\\\/\",\"name\":\"Les Gribouillis d&#039;Arthur\",\"description\":\"Les Gribouillis d&#039;Arthur, cadeaux personnalis\u00e9s pour toute la famille\",\"publisher\":{\"@id\":\"https:\\\/\\\/lesgribouillisdarthur.fr\\\/#organization\"},\"potentialAction\":[{\"@type\":\"SearchAction\",\"target\":{\"@type\":\"EntryPoint\",\"urlTemplate\":\"https:\\\/\\\/lesgribouillisdarthur.fr\\\/?s={search_term_string}\"},\"query-input\":{\"@type\":\"PropertyValueSpecification\",\"valueRequired\":true,\"valueName\":\"search_term_string\"}}],\"inLanguage\":\"fr-FR\"},{\"@type\":\"Organization\",\"@id\":\"https:\\\/\\\/lesgribouillisdarthur.fr\\\/#organization\",\"name\":\"Les Gribouillis d&#039;Arthur\",\"url\":\"https:\\\/\\\/lesgribouillisdarthur.fr\\\/\",\"logo\":{\"@type\":\"ImageObject\",\"inLanguage\":\"fr-FR\",\"@id\":\"https:\\\/\\\/lesgribouillisdarthur.fr\\\/#\\\/schema\\\/logo\\\/image\\\/\",\"url\":\"https:\\\/\\\/lesgribouillisdarthur.fr\\\/wp-content\\\/uploads\\\/2022\\\/10\\\/cropped-cropped-cropped-cropped-cropped-cropped-logo-bleu-1.png\",\"contentUrl\":\"https:\\\/\\\/lesgribouillisdarthur.fr\\\/wp-content\\\/uploads\\\/2022\\\/10\\\/cropped-cropped-cropped-cropped-cropped-cropped-logo-bleu-1.png\",\"width\":254,\"height\":53,\"caption\":\"Les Gribouillis d&#039;Arthur\"},\"image\":{\"@id\":\"https:\\\/\\\/lesgribouillisdarthur.fr\\\/#\\\/schema\\\/logo\\\/image\\\/\"},\"sameAs\":[\"https:\\\/\\\/www.facebook.com\\\/lesgribouillisdarthur\",\"https:\\\/\\\/www.instagram.com\\\/lesgribouillisdarthur\\\/?hl=fr\"]}]}<\/script>\n<!-- \/ Yoast SEO plugin. -->","yoast_head_json":{"title":"Carte \u00e0 gratter annonce de grossesse \u2013 Jeu pour annoncer une naissance","description":"Choisissez une carte \u00e0 gratter pour surprendre et amuser vos proches avec l'annonce de votre grossesse ! Un message cr\u00e9atif et \u00e9mouvant","robots":{"index":"index","follow":"follow","max-snippet":"max-snippet:-1","max-image-preview":"max-image-preview:large","max-video-preview":"max-video-preview:-1"},"canonical":"https:\/\/lesgribouillisdarthur.fr\/index.php\/produit\/carte-a-gratter-annonce-grossesse-3\/","og_locale":"fr_FR","og_type":"article","og_title":"Carte \u00e0 gratter annonce de grossesse \u2013 Jeu pour annoncer une naissance","og_description":"Choisissez une carte \u00e0 gratter pour surprendre et amuser vos proches avec l'annonce de votre grossesse ! Un message cr\u00e9atif et \u00e9mouvant","og_url":"https:\/\/lesgribouillisdarthur.fr\/index.php\/produit\/carte-a-gratter-annonce-grossesse-3\/","og_site_name":"Les Gribouillis d&#039;Arthur","article_publisher":"https:\/\/www.facebook.com\/lesgribouillisdarthur","article_modified_time":"2023-06-29T11:57:42+00:00","og_image":[{"width":2560,"height":2560,"url":"https:\/\/lesgribouillisdarthur.fr\/wp-content\/uploads\/2021\/05\/LesGribouillisdArthur_Carteagratteretoilerouge_annoncegrossesse_nousallonsavoirunbebe2-scaled.jpg","type":"image\/jpeg"}],"twitter_card":"summary_large_image","twitter_misc":{"Dur\u00e9e de lecture estim\u00e9e":"1 minute"},"schema":{"@context":"https:\/\/schema.org","@graph":[{"@type":"WebPage","@id":"https:\/\/lesgribouillisdarthur.fr\/index.php\/produit\/carte-a-gratter-annonce-grossesse-3\/","url":"https:\/\/lesgribouillisdarthur.fr\/index.php\/produit\/carte-a-gratter-annonce-grossesse-3\/","name":"Carte \u00e0 gratter annonce de grossesse \u2013 Jeu pour annoncer une naissance","isPartOf":{"@id":"https:\/\/lesgribouillisdarthur.fr\/#website"},"primaryImageOfPage":{"@id":"https:\/\/lesgribouillisdarthur.fr\/index.php\/produit\/carte-a-gratter-annonce-grossesse-3\/#primaryimage"},"image":{"@id":"https:\/\/lesgribouillisdarthur.fr\/index.php\/produit\/carte-a-gratter-annonce-grossesse-3\/#primaryimage"},"thumbnailUrl":"https:\/\/lesgribouillisdarthur.fr\/wp-content\/uploads\/2021\/05\/LesGribouillisdArthur_Carteagratteretoilerouge_annoncegrossesse_nousallonsavoirunbebe2-scaled.jpg","datePublished":"2021-05-05T09:38:45+00:00","dateModified":"2023-06-29T11:57:42+00:00","description":"Choisissez une carte \u00e0 gratter pour surprendre et amuser vos proches avec l'annonce de votre grossesse ! Un message cr\u00e9atif et \u00e9mouvant","breadcrumb":{"@id":"https:\/\/lesgribouillisdarthur.fr\/index.php\/produit\/carte-a-gratter-annonce-grossesse-3\/#breadcrumb"},"inLanguage":"fr-FR","potentialAction":[{"@type":"ReadAction","target":["https:\/\/lesgribouillisdarthur.fr\/index.php\/produit\/carte-a-gratter-annonce-grossesse-3\/"]}]},{"@type":"ImageObject","inLanguage":"fr-FR","@id":"https:\/\/lesgribouillisdarthur.fr\/index.php\/produit\/carte-a-gratter-annonce-grossesse-3\/#primaryimage","url":"https:\/\/lesgribouillisdarthur.fr\/wp-content\/uploads\/2021\/05\/LesGribouillisdArthur_Carteagratteretoilerouge_annoncegrossesse_nousallonsavoirunbebe2-scaled.jpg","contentUrl":"https:\/\/lesgribouillisdarthur.fr\/wp-content\/uploads\/2021\/05\/LesGribouillisdArthur_Carteagratteretoilerouge_annoncegrossesse_nousallonsavoirunbebe2-scaled.jpg","width":2560,"height":2560,"caption":"Carte \u00e0 gratter annonce de grossesse"},{"@type":"BreadcrumbList","@id":"https:\/\/lesgribouillisdarthur.fr\/index.php\/produit\/carte-a-gratter-annonce-grossesse-3\/#breadcrumb","itemListElement":[{"@type":"ListItem","position":1,"name":"Accueil","item":"https:\/\/lesgribouillisdarthur.fr\/"},{"@type":"ListItem","position":2,"name":"La boutique","item":"https:\/\/lesgribouillisdarthur.fr\/?page_id=6553"},{"@type":"ListItem","position":3,"name":"Carte \u00e0 gratter annonce de grossesse \u2013 Jeu pour annoncer une naissance"}]},{"@type":"WebSite","@id":"https:\/\/lesgribouillisdarthur.fr\/#website","url":"https:\/\/lesgribouillisdarthur.fr\/","name":"Les Gribouillis d&#039;Arthur","description":"Les Gribouillis d&#039;Arthur, cadeaux personnalis\u00e9s pour toute la famille","publisher":{"@id":"https:\/\/lesgribouillisdarthur.fr\/#organization"},"potentialAction":[{"@type":"SearchAction","target":{"@type":"EntryPoint","urlTemplate":"https:\/\/lesgribouillisdarthur.fr\/?s={search_term_string}"},"query-input":{"@type":"PropertyValueSpecification","valueRequired":true,"valueName":"search_term_string"}}],"inLanguage":"fr-FR"},{"@type":"Organization","@id":"https:\/\/lesgribouillisdarthur.fr\/#organization","name":"Les Gribouillis d&#039;Arthur","url":"https:\/\/lesgribouillisdarthur.fr\/","logo":{"@type":"ImageObject","inLanguage":"fr-FR","@id":"https:\/\/lesgribouillisdarthur.fr\/#\/schema\/logo\/image\/","url":"https:\/\/lesgribouillisdarthur.fr\/wp-content\/uploads\/2022\/10\/cropped-cropped-cropped-cropped-cropped-cropped-logo-bleu-1.png","contentUrl":"https:\/\/lesgribouillisdarthur.fr\/wp-content\/uploads\/2022\/10\/cropped-cropped-cropped-cropped-cropped-cropped-logo-bleu-1.png","width":254,"height":53,"caption":"Les Gribouillis d&#039;Arthur"},"image":{"@id":"https:\/\/lesgribouillisdarthur.fr\/#\/schema\/logo\/image\/"},"sameAs":["https:\/\/www.facebook.com\/lesgribouillisdarthur","https:\/\/www.instagram.com\/lesgribouillisdarthur\/?hl=fr"]}]}},"uagb_featured_image_src":{"full":["https:\/\/lesgribouillisdarthur.fr\/wp-content\/uploads\/2021\/05\/LesGribouillisdArthur_Carteagratteretoilerouge_annoncegrossesse_nousallonsavoirunbebe2-scaled.jpg",2560,2560,false],"thumbnail":["https:\/\/lesgribouillisdarthur.fr\/wp-content\/uploads\/2021\/05\/LesGribouillisdArthur_Carteagratteretoilerouge_annoncegrossesse_nousallonsavoirunbebe2-150x150.jpg",150,150,true],"medium":["https:\/\/lesgribouillisdarthur.fr\/wp-content\/uploads\/2021\/05\/LesGribouillisdArthur_Carteagratteretoilerouge_annoncegrossesse_nousallonsavoirunbebe2-300x300.jpg",300,300,true],"medium_large":["https:\/\/lesgribouillisdarthur.fr\/wp-content\/uploads\/2021\/05\/LesGribouillisdArthur_Carteagratteretoilerouge_annoncegrossesse_nousallonsavoirunbebe2-768x768.jpg",768,768,true],"large":["https:\/\/lesgribouillisdarthur.fr\/wp-content\/uploads\/2021\/05\/LesGribouillisdArthur_Carteagratteretoilerouge_annoncegrossesse_nousallonsavoirunbebe2-1024x1024.jpg",300,300,true],"1536x1536":["https:\/\/lesgribouillisdarthur.fr\/wp-content\/uploads\/2021\/05\/LesGribouillisdArthur_Carteagratteretoilerouge_annoncegrossesse_nousallonsavoirunbebe2-1536x1536.jpg",1536,1536,true],"2048x2048":["https:\/\/lesgribouillisdarthur.fr\/wp-content\/uploads\/2021\/05\/LesGribouillisdArthur_Carteagratteretoilerouge_annoncegrossesse_nousallonsavoirunbebe2-2048x2048.jpg",2048,2048,true],"woocommerce_thumbnail":["https:\/\/lesgribouillisdarthur.fr\/wp-content\/uploads\/2021\/05\/LesGribouillisdArthur_Carteagratteretoilerouge_annoncegrossesse_nousallonsavoirunbebe2-scaled-1200x1200.jpg",1200,1200,true],"woocommerce_single":["https:\/\/lesgribouillisdarthur.fr\/wp-content\/uploads\/2021\/05\/LesGribouillisdArthur_Carteagratteretoilerouge_annoncegrossesse_nousallonsavoirunbebe2-scaled-1200x1200.jpg",1200,1200,true],"woocommerce_gallery_thumbnail":["https:\/\/lesgribouillisdarthur.fr\/wp-content\/uploads\/2021\/05\/LesGribouillisdArthur_Carteagratteretoilerouge_annoncegrossesse_nousallonsavoirunbebe2-scaled-100x100.jpg",100,100,true]},"uagb_author_info":{"display_name":"admin7680","author_link":"https:\/\/lesgribouillisdarthur.fr\/index.php\/author\/"},"uagb_comment_info":0,"uagb_excerpt":"Carte jeu \u00e0 gratter annonce de grossesse Jouez avec la curiosit\u00e9 et les \u00e9motions de votre entourage en leur faisant deviner votre grossesse. La carte \u00e0 gratter est une id\u00e9e originale pour annoncer l\u2019arriv\u00e9e de b\u00e9b\u00e9 \u00e0 la famille proche ou aux amis qui ont gard\u00e9 leur \u00e2me d\u2019enfant. Le joyeux message \u00e0 r\u00e9v\u00e9ler sous\u2026","_links":{"self":[{"href":"https:\/\/lesgribouillisdarthur.fr\/index.php\/wp-json\/wp\/v2\/product\/2672","targetHints":{"allow":["GET"]}}],"collection":[{"href":"https:\/\/lesgribouillisdarthur.fr\/index.php\/wp-json\/wp\/v2\/product"}],"about":[{"href":"https:\/\/lesgribouillisdarthur.fr\/index.php\/wp-json\/wp\/v2\/types\/product"}],"replies":[{"embeddable":true,"href":"https:\/\/lesgribouillisdarthur.fr\/index.php\/wp-json\/wp\/v2\/comments?post=2672"}],"wp:featuredmedia":[{"embeddable":true,"href":"https:\/\/lesgribouillisdarthur.fr\/index.php\/wp-json\/wp\/v2\/media\/2673"}],"wp:attachment":[{"href":"https:\/\/lesgribouillisdarthur.fr\/index.php\/wp-json\/wp\/v2\/media?parent=2672"}],"wp:term":[{"taxonomy":"product_brand","embeddable":true,"href":"https:\/\/lesgribouillisdarthur.fr\/index.php\/wp-json\/wp\/v2\/product_brand?post=2672"},{"taxonomy":"product_cat","embeddable":true,"href":"https:\/\/lesgribouillisdarthur.fr\/index.php\/wp-json\/wp\/v2\/product_cat?post=2672"},{"taxonomy":"product_tag","embeddable":true,"href":"https:\/\/lesgribouillisdarthur.fr\/index.php\/wp-json\/wp\/v2\/product_tag?post=2672"}],"curies":[{"name":"wp","href":"https:\/\/api.w.org\/{rel}","templated":true}]}}