{"id":2848,"date":"2021-06-02T16:54:57","date_gmt":"2021-06-02T14:54:57","guid":{"rendered":"https:\/\/lesgribouillisdarthur.fr\/?post_type=product&#038;p=2848"},"modified":"2023-03-31T11:07:29","modified_gmt":"2023-03-31T09:07:29","slug":"carte-a-planter-jardin-carottes-joyeux-anniversaire","status":"publish","type":"product","link":"https:\/\/lesgribouillisdarthur.fr\/index.php\/produit\/carte-a-planter-jardin-carottes-joyeux-anniversaire\/","title":{"rendered":"Carte \u00e0 planter Jardin carottes"},"content":{"rendered":"<p><strong>Carte \u00e0 planter Jardin carottes &#8211; Double<\/strong><\/p>\n<p>Divertissante et pleine de vie, la carte \u00e0 planter d\u2019anniversaire est un message original de v\u0153ux de bonheur et de prosp\u00e9rit\u00e9. Imprim\u00e9e sur un papier 100% \u00e9cologique ensemenc\u00e9 de graines, il suffit d\u2019enfouir la carte sous quelques centim\u00e8tres de terre et de l\u2019arroser r\u00e9guli\u00e8rement. Elle r\u00e9v\u00e8lera dans les semaines qui suivent la surprise que contiennent ses graines.<\/p>\n<p><em>La carte \u00e0 planter Jardin carottes est une id\u00e9e originale et craquante pour f\u00eater un anniversaire ! Authentique et champ\u00eatre, elle fera pousser non pas des fleurs mais des petites carottes \u00e0 croquer !<\/em><\/p>\n<p>&nbsp;<\/p>\n<p><strong>Caract\u00e9ristiques du produit\u00a0:<\/strong><\/p>\n<ul>\n<li>la carte format A6 double, (carte postale de10\u00d715 cm), garnie de graines de carottes<\/li>\n<li>Imprim\u00e9es dans mon atelier en Haute-Loire sur du papier 80 gr<\/li>\n<li>Papier Fran\u00e7ais 100% biod\u00e9gradable !<\/li>\n<li>une notice explicative<\/li>\n<li>une enveloppe en papier 100% recycl\u00e9<\/li>\n<li>Une pochette transparente recyclable<\/li>\n<\/ul>\n<p>Je propose \u00e9galement diff\u00e9rents transporteurs (La Poste, Chronopost, Mondial Relay&#8230;) sur demande. N\u2019h\u00e9sitez pas \u00e0 nous contacter pour le tarif.<\/p>\n<p>Plus de mod\u00e8les? <a href=\"https:\/\/lesgribouillisdarthur.fr\/index.php\/categorie-produit\/cartes\/cartes-a-planter-carte-a-semer-papier-ensemence\/carte-a-planter-anniversaire\/\" target=\"_blank\" rel=\"noopener\">Cliquez ici<\/a><\/p>\n<p>je suis \u00e9galement sur les r\u00e9seaux, alors suivez-moi :<br \/>\nFacebook : <a href=\"https:\/\/www.facebook.com\/lesgribouillisdarthur\">@LesgribouillisdArthur<\/a><br \/>\nInstagram : <a href=\"https:\/\/instagram.com\/lesgribouillisdarthur?igshid=YmMyMTA2M2Y\">@LesGribouillisd\u2019Arthur<\/a><\/p>\n<p>\u00a9 Les gribouillis d\u2019Arthur \u2013 Tous droits de reproduction interdits.<\/p>\n","protected":false},"excerpt":{"rendered":"<p>Divertissante et pleine de vie, la carte \u00e0 planter d\u2019anniversaire est un message original de v\u0153ux de bonheur et de prosp\u00e9rit\u00e9. Imprim\u00e9e sur un papier 100% \u00e9cologique ensemenc\u00e9 de graines, il suffit d\u2019enfouir la carte sous quelques centim\u00e8tres de terre et de l\u2019arroser r\u00e9guli\u00e8rement. Elle r\u00e9v\u00e8lera dans les semaines qui suivent la surprise que contiennent ses graines.<\/p>\n<p><em>La carte anniversaire \u00e0 planter du jardin est une id\u00e9e originale et craquante pour f\u00eater un anniversaire ! Authentique et champ\u00eatre, elle fera pousser non pas des fleurs mais des petites carottes \u00e0 croquer !<\/em><\/p>\n","protected":false},"featured_media":2849,"comment_status":"open","ping_status":"closed","template":"","meta":{"_uag_custom_page_level_css":"","_monsterinsights_skip_tracking":false,"_monsterinsights_sitenote_active":false,"_monsterinsights_sitenote_note":"","_monsterinsights_sitenote_category":0,"site-sidebar-layout":"default","site-content-layout":"default","ast-site-content-layout":"","site-content-style":"default","site-sidebar-style":"default","ast-global-header-display":"","ast-banner-title-visibility":"","ast-main-header-display":"","ast-hfb-above-header-display":"","ast-hfb-below-header-display":"","ast-hfb-mobile-header-display":"","site-post-title":"","ast-breadcrumbs-content":"","ast-featured-img":"","footer-sml-layout":"","theme-transparent-header-meta":"default","adv-header-id-meta":"","stick-header-meta":"","header-above-stick-meta":"","header-main-stick-meta":"","header-below-stick-meta":"","astra-migrate-meta-layouts":"default","ast-page-background-enabled":"default","ast-page-background-meta":{"desktop":{"background-color":"","background-image":"","background-repeat":"repeat","background-position":"center center","background-size":"auto","background-attachment":"scroll","background-type":"","background-media":"","overlay-type":"","overlay-color":"","overlay-opacity":"","overlay-gradient":""},"tablet":{"background-color":"","background-image":"","background-repeat":"repeat","background-position":"center center","background-size":"auto","background-attachment":"scroll","background-type":"","background-media":"","overlay-type":"","overlay-color":"","overlay-opacity":"","overlay-gradient":""},"mobile":{"background-color":"","background-image":"","background-repeat":"repeat","background-position":"center center","background-size":"auto","background-attachment":"scroll","background-type":"","background-media":"","overlay-type":"","overlay-color":"","overlay-opacity":"","overlay-gradient":""}},"ast-content-background-meta":{"desktop":{"background-color":"var(--ast-global-color-5)","background-image":"","background-repeat":"repeat","background-position":"center center","background-size":"auto","background-attachment":"scroll","background-type":"","background-media":"","overlay-type":"","overlay-color":"","overlay-opacity":"","overlay-gradient":""},"tablet":{"background-color":"var(--ast-global-color-5)","background-image":"","background-repeat":"repeat","background-position":"center center","background-size":"auto","background-attachment":"scroll","background-type":"","background-media":"","overlay-type":"","overlay-color":"","overlay-opacity":"","overlay-gradient":""},"mobile":{"background-color":"var(--ast-global-color-5)","background-image":"","background-repeat":"repeat","background-position":"center center","background-size":"auto","background-attachment":"scroll","background-type":"","background-media":"","overlay-type":"","overlay-color":"","overlay-opacity":"","overlay-gradient":""}},"_themeisle_gutenberg_block_has_review":false},"product_brand":[],"product_cat":[63,43],"product_tag":[],"class_list":{"0":"post-2848","1":"product","2":"type-product","3":"status-publish","4":"has-post-thumbnail","6":"product_cat-carte-a-planter-anniversaire","7":"product_cat-cartes-a-planter","8":"product_shipping_class-produits-volumineux","9":"desktop-align-center","10":"tablet-align-left","11":"mobile-align-left","13":"first","14":"instock","15":"taxable","16":"shipping-taxable","17":"purchasable","18":"product-type-simple"},"yoast_head":"<!-- This site is optimized with the Yoast SEO plugin v27.4 - https:\/\/yoast.com\/product\/yoast-seo-wordpress\/ -->\n<title>Carte \u00e0 planter Jardin carottes | Les Gribouillis d&#039;Arthur<\/title>\n<meta name=\"description\" content=\"Envoyez le jardin de vos v\u0153ux avec la Carte \u00e0 planter Jardin carottes, pour souhaiter un joyeux anniversaire authentique et qui a de la saveur !\" \/>\n<meta name=\"robots\" content=\"index, follow, max-snippet:-1, max-image-preview:large, max-video-preview:-1\" \/>\n<link rel=\"canonical\" href=\"https:\/\/lesgribouillisdarthur.fr\/index.php\/produit\/carte-a-planter-jardin-carottes-joyeux-anniversaire\/\" \/>\n<meta property=\"og:locale\" content=\"fr_FR\" \/>\n<meta property=\"og:type\" content=\"article\" \/>\n<meta property=\"og:title\" content=\"Carte \u00e0 planter Jardin carottes | Les Gribouillis d&#039;Arthur\" \/>\n<meta property=\"og:description\" content=\"Envoyez le jardin de vos v\u0153ux avec la Carte \u00e0 planter Jardin carottes, pour souhaiter un joyeux anniversaire authentique et qui a de la saveur !\" \/>\n<meta property=\"og:url\" content=\"https:\/\/lesgribouillisdarthur.fr\/index.php\/produit\/carte-a-planter-jardin-carottes-joyeux-anniversaire\/\" \/>\n<meta property=\"og:site_name\" content=\"Les Gribouillis d&#039;Arthur\" \/>\n<meta property=\"article:publisher\" content=\"https:\/\/www.facebook.com\/lesgribouillisdarthur\" \/>\n<meta property=\"article:modified_time\" content=\"2023-03-31T09:07:29+00:00\" \/>\n<meta property=\"og:image\" content=\"https:\/\/lesgribouillisdarthur.fr\/wp-content\/uploads\/2021\/06\/Les-Gribouillis-dArthur-carte-a-planter-Joyeux-Anniversaire.jpg\" \/>\n\t<meta property=\"og:image:width\" content=\"1146\" \/>\n\t<meta property=\"og:image:height\" content=\"1478\" \/>\n\t<meta property=\"og:image:type\" content=\"image\/jpeg\" \/>\n<meta name=\"twitter:card\" content=\"summary_large_image\" \/>\n<meta name=\"twitter:label1\" content=\"Dur\u00e9e de lecture estim\u00e9e\" \/>\n\t<meta name=\"twitter:data1\" content=\"1 minute\" \/>\n<script type=\"application\/ld+json\" class=\"yoast-schema-graph\">{\"@context\":\"https:\\\/\\\/schema.org\",\"@graph\":[{\"@type\":\"WebPage\",\"@id\":\"https:\\\/\\\/lesgribouillisdarthur.fr\\\/index.php\\\/produit\\\/carte-a-planter-jardin-carottes-joyeux-anniversaire\\\/\",\"url\":\"https:\\\/\\\/lesgribouillisdarthur.fr\\\/index.php\\\/produit\\\/carte-a-planter-jardin-carottes-joyeux-anniversaire\\\/\",\"name\":\"Carte \u00e0 planter Jardin carottes | Les Gribouillis d&#039;Arthur\",\"isPartOf\":{\"@id\":\"https:\\\/\\\/lesgribouillisdarthur.fr\\\/#website\"},\"primaryImageOfPage\":{\"@id\":\"https:\\\/\\\/lesgribouillisdarthur.fr\\\/index.php\\\/produit\\\/carte-a-planter-jardin-carottes-joyeux-anniversaire\\\/#primaryimage\"},\"image\":{\"@id\":\"https:\\\/\\\/lesgribouillisdarthur.fr\\\/index.php\\\/produit\\\/carte-a-planter-jardin-carottes-joyeux-anniversaire\\\/#primaryimage\"},\"thumbnailUrl\":\"https:\\\/\\\/lesgribouillisdarthur.fr\\\/wp-content\\\/uploads\\\/2021\\\/06\\\/Les-Gribouillis-dArthur-carte-a-planter-Joyeux-Anniversaire.jpg\",\"datePublished\":\"2021-06-02T14:54:57+00:00\",\"dateModified\":\"2023-03-31T09:07:29+00:00\",\"description\":\"Envoyez le jardin de vos v\u0153ux avec la Carte \u00e0 planter Jardin carottes, pour souhaiter un joyeux anniversaire authentique et qui a de la saveur !\",\"breadcrumb\":{\"@id\":\"https:\\\/\\\/lesgribouillisdarthur.fr\\\/index.php\\\/produit\\\/carte-a-planter-jardin-carottes-joyeux-anniversaire\\\/#breadcrumb\"},\"inLanguage\":\"fr-FR\",\"potentialAction\":[{\"@type\":\"ReadAction\",\"target\":[\"https:\\\/\\\/lesgribouillisdarthur.fr\\\/index.php\\\/produit\\\/carte-a-planter-jardin-carottes-joyeux-anniversaire\\\/\"]}]},{\"@type\":\"ImageObject\",\"inLanguage\":\"fr-FR\",\"@id\":\"https:\\\/\\\/lesgribouillisdarthur.fr\\\/index.php\\\/produit\\\/carte-a-planter-jardin-carottes-joyeux-anniversaire\\\/#primaryimage\",\"url\":\"https:\\\/\\\/lesgribouillisdarthur.fr\\\/wp-content\\\/uploads\\\/2021\\\/06\\\/Les-Gribouillis-dArthur-carte-a-planter-Joyeux-Anniversaire.jpg\",\"contentUrl\":\"https:\\\/\\\/lesgribouillisdarthur.fr\\\/wp-content\\\/uploads\\\/2021\\\/06\\\/Les-Gribouillis-dArthur-carte-a-planter-Joyeux-Anniversaire.jpg\",\"width\":1146,\"height\":1478,\"caption\":\"Carte \u00e0 planter \\\/ Carte double \\\/ Joyeux anniversaire\"},{\"@type\":\"BreadcrumbList\",\"@id\":\"https:\\\/\\\/lesgribouillisdarthur.fr\\\/index.php\\\/produit\\\/carte-a-planter-jardin-carottes-joyeux-anniversaire\\\/#breadcrumb\",\"itemListElement\":[{\"@type\":\"ListItem\",\"position\":1,\"name\":\"Accueil\",\"item\":\"https:\\\/\\\/lesgribouillisdarthur.fr\\\/\"},{\"@type\":\"ListItem\",\"position\":2,\"name\":\"La boutique\",\"item\":\"https:\\\/\\\/lesgribouillisdarthur.fr\\\/?page_id=6553\"},{\"@type\":\"ListItem\",\"position\":3,\"name\":\"Carte \u00e0 planter Jardin carottes\"}]},{\"@type\":\"WebSite\",\"@id\":\"https:\\\/\\\/lesgribouillisdarthur.fr\\\/#website\",\"url\":\"https:\\\/\\\/lesgribouillisdarthur.fr\\\/\",\"name\":\"Les Gribouillis d&#039;Arthur\",\"description\":\"Les Gribouillis d&#039;Arthur, cadeaux personnalis\u00e9s pour toute la famille\",\"publisher\":{\"@id\":\"https:\\\/\\\/lesgribouillisdarthur.fr\\\/#organization\"},\"potentialAction\":[{\"@type\":\"SearchAction\",\"target\":{\"@type\":\"EntryPoint\",\"urlTemplate\":\"https:\\\/\\\/lesgribouillisdarthur.fr\\\/?s={search_term_string}\"},\"query-input\":{\"@type\":\"PropertyValueSpecification\",\"valueRequired\":true,\"valueName\":\"search_term_string\"}}],\"inLanguage\":\"fr-FR\"},{\"@type\":\"Organization\",\"@id\":\"https:\\\/\\\/lesgribouillisdarthur.fr\\\/#organization\",\"name\":\"Les Gribouillis d&#039;Arthur\",\"url\":\"https:\\\/\\\/lesgribouillisdarthur.fr\\\/\",\"logo\":{\"@type\":\"ImageObject\",\"inLanguage\":\"fr-FR\",\"@id\":\"https:\\\/\\\/lesgribouillisdarthur.fr\\\/#\\\/schema\\\/logo\\\/image\\\/\",\"url\":\"https:\\\/\\\/lesgribouillisdarthur.fr\\\/wp-content\\\/uploads\\\/2022\\\/10\\\/cropped-cropped-cropped-cropped-cropped-cropped-logo-bleu-1.png\",\"contentUrl\":\"https:\\\/\\\/lesgribouillisdarthur.fr\\\/wp-content\\\/uploads\\\/2022\\\/10\\\/cropped-cropped-cropped-cropped-cropped-cropped-logo-bleu-1.png\",\"width\":254,\"height\":53,\"caption\":\"Les Gribouillis d&#039;Arthur\"},\"image\":{\"@id\":\"https:\\\/\\\/lesgribouillisdarthur.fr\\\/#\\\/schema\\\/logo\\\/image\\\/\"},\"sameAs\":[\"https:\\\/\\\/www.facebook.com\\\/lesgribouillisdarthur\",\"https:\\\/\\\/www.instagram.com\\\/lesgribouillisdarthur\\\/?hl=fr\"]}]}<\/script>\n<!-- \/ Yoast SEO plugin. -->","yoast_head_json":{"title":"Carte \u00e0 planter Jardin carottes | Les Gribouillis d&#039;Arthur","description":"Envoyez le jardin de vos v\u0153ux avec la Carte \u00e0 planter Jardin carottes, pour souhaiter un joyeux anniversaire authentique et qui a de la saveur !","robots":{"index":"index","follow":"follow","max-snippet":"max-snippet:-1","max-image-preview":"max-image-preview:large","max-video-preview":"max-video-preview:-1"},"canonical":"https:\/\/lesgribouillisdarthur.fr\/index.php\/produit\/carte-a-planter-jardin-carottes-joyeux-anniversaire\/","og_locale":"fr_FR","og_type":"article","og_title":"Carte \u00e0 planter Jardin carottes | Les Gribouillis d&#039;Arthur","og_description":"Envoyez le jardin de vos v\u0153ux avec la Carte \u00e0 planter Jardin carottes, pour souhaiter un joyeux anniversaire authentique et qui a de la saveur !","og_url":"https:\/\/lesgribouillisdarthur.fr\/index.php\/produit\/carte-a-planter-jardin-carottes-joyeux-anniversaire\/","og_site_name":"Les Gribouillis d&#039;Arthur","article_publisher":"https:\/\/www.facebook.com\/lesgribouillisdarthur","article_modified_time":"2023-03-31T09:07:29+00:00","og_image":[{"width":1146,"height":1478,"url":"https:\/\/lesgribouillisdarthur.fr\/wp-content\/uploads\/2021\/06\/Les-Gribouillis-dArthur-carte-a-planter-Joyeux-Anniversaire.jpg","type":"image\/jpeg"}],"twitter_card":"summary_large_image","twitter_misc":{"Dur\u00e9e de lecture estim\u00e9e":"1 minute"},"schema":{"@context":"https:\/\/schema.org","@graph":[{"@type":"WebPage","@id":"https:\/\/lesgribouillisdarthur.fr\/index.php\/produit\/carte-a-planter-jardin-carottes-joyeux-anniversaire\/","url":"https:\/\/lesgribouillisdarthur.fr\/index.php\/produit\/carte-a-planter-jardin-carottes-joyeux-anniversaire\/","name":"Carte \u00e0 planter Jardin carottes | Les Gribouillis d&#039;Arthur","isPartOf":{"@id":"https:\/\/lesgribouillisdarthur.fr\/#website"},"primaryImageOfPage":{"@id":"https:\/\/lesgribouillisdarthur.fr\/index.php\/produit\/carte-a-planter-jardin-carottes-joyeux-anniversaire\/#primaryimage"},"image":{"@id":"https:\/\/lesgribouillisdarthur.fr\/index.php\/produit\/carte-a-planter-jardin-carottes-joyeux-anniversaire\/#primaryimage"},"thumbnailUrl":"https:\/\/lesgribouillisdarthur.fr\/wp-content\/uploads\/2021\/06\/Les-Gribouillis-dArthur-carte-a-planter-Joyeux-Anniversaire.jpg","datePublished":"2021-06-02T14:54:57+00:00","dateModified":"2023-03-31T09:07:29+00:00","description":"Envoyez le jardin de vos v\u0153ux avec la Carte \u00e0 planter Jardin carottes, pour souhaiter un joyeux anniversaire authentique et qui a de la saveur !","breadcrumb":{"@id":"https:\/\/lesgribouillisdarthur.fr\/index.php\/produit\/carte-a-planter-jardin-carottes-joyeux-anniversaire\/#breadcrumb"},"inLanguage":"fr-FR","potentialAction":[{"@type":"ReadAction","target":["https:\/\/lesgribouillisdarthur.fr\/index.php\/produit\/carte-a-planter-jardin-carottes-joyeux-anniversaire\/"]}]},{"@type":"ImageObject","inLanguage":"fr-FR","@id":"https:\/\/lesgribouillisdarthur.fr\/index.php\/produit\/carte-a-planter-jardin-carottes-joyeux-anniversaire\/#primaryimage","url":"https:\/\/lesgribouillisdarthur.fr\/wp-content\/uploads\/2021\/06\/Les-Gribouillis-dArthur-carte-a-planter-Joyeux-Anniversaire.jpg","contentUrl":"https:\/\/lesgribouillisdarthur.fr\/wp-content\/uploads\/2021\/06\/Les-Gribouillis-dArthur-carte-a-planter-Joyeux-Anniversaire.jpg","width":1146,"height":1478,"caption":"Carte \u00e0 planter \/ Carte double \/ Joyeux anniversaire"},{"@type":"BreadcrumbList","@id":"https:\/\/lesgribouillisdarthur.fr\/index.php\/produit\/carte-a-planter-jardin-carottes-joyeux-anniversaire\/#breadcrumb","itemListElement":[{"@type":"ListItem","position":1,"name":"Accueil","item":"https:\/\/lesgribouillisdarthur.fr\/"},{"@type":"ListItem","position":2,"name":"La boutique","item":"https:\/\/lesgribouillisdarthur.fr\/?page_id=6553"},{"@type":"ListItem","position":3,"name":"Carte \u00e0 planter Jardin carottes"}]},{"@type":"WebSite","@id":"https:\/\/lesgribouillisdarthur.fr\/#website","url":"https:\/\/lesgribouillisdarthur.fr\/","name":"Les Gribouillis d&#039;Arthur","description":"Les Gribouillis d&#039;Arthur, cadeaux personnalis\u00e9s pour toute la famille","publisher":{"@id":"https:\/\/lesgribouillisdarthur.fr\/#organization"},"potentialAction":[{"@type":"SearchAction","target":{"@type":"EntryPoint","urlTemplate":"https:\/\/lesgribouillisdarthur.fr\/?s={search_term_string}"},"query-input":{"@type":"PropertyValueSpecification","valueRequired":true,"valueName":"search_term_string"}}],"inLanguage":"fr-FR"},{"@type":"Organization","@id":"https:\/\/lesgribouillisdarthur.fr\/#organization","name":"Les Gribouillis d&#039;Arthur","url":"https:\/\/lesgribouillisdarthur.fr\/","logo":{"@type":"ImageObject","inLanguage":"fr-FR","@id":"https:\/\/lesgribouillisdarthur.fr\/#\/schema\/logo\/image\/","url":"https:\/\/lesgribouillisdarthur.fr\/wp-content\/uploads\/2022\/10\/cropped-cropped-cropped-cropped-cropped-cropped-logo-bleu-1.png","contentUrl":"https:\/\/lesgribouillisdarthur.fr\/wp-content\/uploads\/2022\/10\/cropped-cropped-cropped-cropped-cropped-cropped-logo-bleu-1.png","width":254,"height":53,"caption":"Les Gribouillis d&#039;Arthur"},"image":{"@id":"https:\/\/lesgribouillisdarthur.fr\/#\/schema\/logo\/image\/"},"sameAs":["https:\/\/www.facebook.com\/lesgribouillisdarthur","https:\/\/www.instagram.com\/lesgribouillisdarthur\/?hl=fr"]}]}},"uagb_featured_image_src":{"full":["https:\/\/lesgribouillisdarthur.fr\/wp-content\/uploads\/2021\/06\/Les-Gribouillis-dArthur-carte-a-planter-Joyeux-Anniversaire.jpg",1146,1478,false],"thumbnail":["https:\/\/lesgribouillisdarthur.fr\/wp-content\/uploads\/2021\/06\/Les-Gribouillis-dArthur-carte-a-planter-Joyeux-Anniversaire-150x150.jpg",150,150,true],"medium":["https:\/\/lesgribouillisdarthur.fr\/wp-content\/uploads\/2021\/06\/Les-Gribouillis-dArthur-carte-a-planter-Joyeux-Anniversaire-233x300.jpg",233,300,true],"medium_large":["https:\/\/lesgribouillisdarthur.fr\/wp-content\/uploads\/2021\/06\/Les-Gribouillis-dArthur-carte-a-planter-Joyeux-Anniversaire-768x990.jpg",768,990,true],"large":["https:\/\/lesgribouillisdarthur.fr\/wp-content\/uploads\/2021\/06\/Les-Gribouillis-dArthur-carte-a-planter-Joyeux-Anniversaire-794x1024.jpg",233,300,true],"1536x1536":["https:\/\/lesgribouillisdarthur.fr\/wp-content\/uploads\/2021\/06\/Les-Gribouillis-dArthur-carte-a-planter-Joyeux-Anniversaire.jpg",1146,1478,false],"2048x2048":["https:\/\/lesgribouillisdarthur.fr\/wp-content\/uploads\/2021\/06\/Les-Gribouillis-dArthur-carte-a-planter-Joyeux-Anniversaire.jpg",1146,1478,false],"woocommerce_thumbnail":["https:\/\/lesgribouillisdarthur.fr\/wp-content\/uploads\/2021\/06\/Les-Gribouillis-dArthur-carte-a-planter-Joyeux-Anniversaire-1146x1200.jpg",1146,1200,true],"woocommerce_single":["https:\/\/lesgribouillisdarthur.fr\/wp-content\/uploads\/2021\/06\/Les-Gribouillis-dArthur-carte-a-planter-Joyeux-Anniversaire.jpg",1146,1478,false],"woocommerce_gallery_thumbnail":["https:\/\/lesgribouillisdarthur.fr\/wp-content\/uploads\/2021\/06\/Les-Gribouillis-dArthur-carte-a-planter-Joyeux-Anniversaire-100x100.jpg",100,100,true]},"uagb_author_info":{"display_name":"admin7680","author_link":"https:\/\/lesgribouillisdarthur.fr\/index.php\/author\/"},"uagb_comment_info":0,"uagb_excerpt":"Divertissante et pleine de vie, la carte \u00e0 planter d\u2019anniversaire est un message original de v\u0153ux de bonheur et de prosp\u00e9rit\u00e9. Imprim\u00e9e sur un papier 100% \u00e9cologique ensemenc\u00e9 de graines, il suffit d\u2019enfouir la carte sous quelques centim\u00e8tres de terre et de l\u2019arroser r\u00e9guli\u00e8rement. Elle r\u00e9v\u00e8lera dans les semaines qui suivent la surprise que contiennent\u2026","_links":{"self":[{"href":"https:\/\/lesgribouillisdarthur.fr\/index.php\/wp-json\/wp\/v2\/product\/2848","targetHints":{"allow":["GET"]}}],"collection":[{"href":"https:\/\/lesgribouillisdarthur.fr\/index.php\/wp-json\/wp\/v2\/product"}],"about":[{"href":"https:\/\/lesgribouillisdarthur.fr\/index.php\/wp-json\/wp\/v2\/types\/product"}],"replies":[{"embeddable":true,"href":"https:\/\/lesgribouillisdarthur.fr\/index.php\/wp-json\/wp\/v2\/comments?post=2848"}],"wp:featuredmedia":[{"embeddable":true,"href":"https:\/\/lesgribouillisdarthur.fr\/index.php\/wp-json\/wp\/v2\/media\/2849"}],"wp:attachment":[{"href":"https:\/\/lesgribouillisdarthur.fr\/index.php\/wp-json\/wp\/v2\/media?parent=2848"}],"wp:term":[{"taxonomy":"product_brand","embeddable":true,"href":"https:\/\/lesgribouillisdarthur.fr\/index.php\/wp-json\/wp\/v2\/product_brand?post=2848"},{"taxonomy":"product_cat","embeddable":true,"href":"https:\/\/lesgribouillisdarthur.fr\/index.php\/wp-json\/wp\/v2\/product_cat?post=2848"},{"taxonomy":"product_tag","embeddable":true,"href":"https:\/\/lesgribouillisdarthur.fr\/index.php\/wp-json\/wp\/v2\/product_tag?post=2848"}],"curies":[{"name":"wp","href":"https:\/\/api.w.org\/{rel}","templated":true}]}}