{"id":32981,"date":"2025-09-18T15:02:05","date_gmt":"2025-09-18T13:02:05","guid":{"rendered":"https:\/\/lesgribouillisdarthur.fr\/?post_type=product&#038;p=32981"},"modified":"2025-09-19T16:52:13","modified_gmt":"2025-09-19T14:52:13","slug":"marque-page-pour-papi","status":"publish","type":"product","link":"https:\/\/lesgribouillisdarthur.fr\/index.php\/produit\/marque-page-pour-papi\/","title":{"rendered":"Marque page pour papi"},"content":{"rendered":"<p data-start=\"183\" data-end=\"465\">Offrez un cadeau unique et rempli de tendresse \ud83d\udc9d avec ce <strong data-start=\"241\" data-end=\"266\">marque page pour papi<\/strong> personnalis\u00e9 avec photo. Gr\u00e2ce \u00e0 ce petit accessoire, chaque moment de lecture \ud83d\udcd6 devient encore plus sp\u00e9cial. Ajoutez votre photo pr\u00e9f\u00e9r\u00e9e \ud83d\uddbc\ufe0f et transformez un simple objet en souvenir pr\u00e9cieux.<\/p>\n<p data-start=\"467\" data-end=\"757\">De plus, le <strong data-start=\"479\" data-end=\"504\">marque page pour papi<\/strong> allie \u00e9l\u00e9gance et solidit\u00e9 \u2728. En effet, l\u2019aluminium utilis\u00e9 garantit une grande durabilit\u00e9. La ficelle color\u00e9e \ud83c\udf80 apporte une touche originale et rend chaque mod\u00e8le unique. Par ailleurs, ce format l\u00e9ger se glisse facilement dans n\u2019importe quel livre.<\/p>\n<p data-start=\"759\" data-end=\"1103\">Ensuite, vous personnalisez ce marque page avec une photo qui vous tient \u00e0 c\u0153ur \u2764\ufe0f. Cette personnalisation cr\u00e9e une v\u00e9ritable \u00e9motion. Chaque fois que papi ouvrira son livre, il retrouvera une pens\u00e9e douce et personnelle. Ainsi, ce cadeau s\u2019adapte parfaitement aux grandes occasions \ud83c\udf81 comme la f\u00eate des grands-p\u00e8res, un anniversaire ou No\u00ebl.<\/p>\n<p data-start=\"1105\" data-end=\"1445\">En outre, ce <strong data-start=\"1118\" data-end=\"1143\">marque page pour papi<\/strong> se distingue par sa fabrication artisanale \ud83d\udee0\ufe0f. Chaque \u00e9tape, de l\u2019impression \u00e0 la finition, se fait avec soin dans mon atelier. Ce souci du d\u00e9tail garantit un produit de qualit\u00e9 et authentique. Offrir ce marque page, c\u2019est offrir un petit tr\u00e9sor qui garde vivante la magie des souvenirs partag\u00e9s \u2728.<\/p>\n<hr data-start=\"1447\" data-end=\"1450\" \/>\n<p data-start=\"1452\" data-end=\"1564\"><strong data-start=\"1452\" data-end=\"1468\">Descriptif :<\/strong><br data-start=\"1468\" data-end=\"1471\" \/>Format : 12 x 3.3 cm<br data-start=\"1491\" data-end=\"1494\" \/>Aluminium<br data-start=\"1503\" data-end=\"1506\" \/>Impression une face<br data-start=\"1525\" data-end=\"1528\" \/>Ficelle color\u00e9 (Couleur al\u00e9atoire)<\/p>\n<p data-start=\"1566\" data-end=\"1681\">Chaque marque page est illustr\u00e9, imprim\u00e9 et confectionn\u00e9 avec soin dans mon atelier \u00e0 Lapte, en Haute-Loire (43).<\/p>\n<p data-start=\"1683\" data-end=\"1882\">Exp\u00e9dition en lettre suivie uniquement<br data-start=\"1721\" data-end=\"1724\" \/>Un num\u00e9ro de suivi vous sera fourni. Les d\u00e9lais de livraison sont donn\u00e9s \u00e0 titre indicatif \u2014 je ne peux \u00eatre tenue responsable en cas de retard ou de perte.<\/p>\n<p data-start=\"1944\" data-end=\"2079\">Suivez les coulisses et les nouveaut\u00e9s sur les r\u00e9seaux :<br data-start=\"2000\" data-end=\"2003\" \/>\u2022 Facebook : @LesgribouillisdArthur<br data-start=\"2038\" data-end=\"2041\" \/>\u2022 Instagram : @LesGribouillisdArthur<\/p>\n<p data-start=\"2081\" data-end=\"2133\">\u00a9 Les gribouillis d\u2019Arthur \u2013 Tous droits r\u00e9serv\u00e9s.<\/p>\n<p data-start=\"2135\" data-end=\"2220\">Les couleurs peuvent l\u00e9g\u00e8rement varier selon les \u00e9crans<br data-start=\"2190\" data-end=\"2193\" \/>Photos non contractuelles<\/p>\n","protected":false},"excerpt":{"rendered":"<h2 class=\"\" data-start=\"374\" data-end=\"460\">Offrez un cadeau unique et rempli de tendresse \ud83d\udc9d<\/h2>\n<p data-start=\"374\" data-end=\"460\">avec ce <strong data-start=\"241\" data-end=\"266\">marque page pour papi<\/strong> personnalis\u00e9 avec photo. Gr\u00e2ce \u00e0 ce petit accessoire, chaque moment de lecture \ud83d\udcd6 devient encore plus sp\u00e9cial. Ajoutez votre photo pr\u00e9f\u00e9r\u00e9e \ud83d\uddbc\ufe0f et transformez un simple objet en souvenir pr\u00e9cieux.<\/p>\n<p data-start=\"374\" data-end=\"460\">Une fois la commande pass\u00e9e, envoyez votre photo avec le num\u00e9ro de commande par mail \u00e0 lesgribouillisdarthur@gmail.com<\/p>\n","protected":false},"featured_media":32982,"comment_status":"open","ping_status":"closed","template":"","meta":{"_uag_custom_page_level_css":"","_monsterinsights_skip_tracking":false,"_monsterinsights_sitenote_active":false,"_monsterinsights_sitenote_note":"","_monsterinsights_sitenote_category":0,"site-sidebar-layout":"default","site-content-layout":"default","ast-site-content-layout":"default","site-content-style":"default","site-sidebar-style":"default","ast-global-header-display":"","ast-banner-title-visibility":"","ast-main-header-display":"","ast-hfb-above-header-display":"","ast-hfb-below-header-display":"","ast-hfb-mobile-header-display":"","site-post-title":"","ast-breadcrumbs-content":"","ast-featured-img":"","footer-sml-layout":"","theme-transparent-header-meta":"default","adv-header-id-meta":"","stick-header-meta":"","header-above-stick-meta":"","header-main-stick-meta":"","header-below-stick-meta":"","astra-migrate-meta-layouts":"set","ast-page-background-enabled":"default","ast-page-background-meta":{"desktop":{"background-color":"","background-image":"","background-repeat":"repeat","background-position":"center center","background-size":"auto","background-attachment":"scroll","background-type":"","background-media":"","overlay-type":"","overlay-color":"","overlay-opacity":"","overlay-gradient":""},"tablet":{"background-color":"","background-image":"","background-repeat":"repeat","background-position":"center center","background-size":"auto","background-attachment":"scroll","background-type":"","background-media":"","overlay-type":"","overlay-color":"","overlay-opacity":"","overlay-gradient":""},"mobile":{"background-color":"","background-image":"","background-repeat":"repeat","background-position":"center center","background-size":"auto","background-attachment":"scroll","background-type":"","background-media":"","overlay-type":"","overlay-color":"","overlay-opacity":"","overlay-gradient":""}},"ast-content-background-meta":{"desktop":{"background-color":"var(--ast-global-color-5)","background-image":"","background-repeat":"repeat","background-position":"center center","background-size":"auto","background-attachment":"scroll","background-type":"","background-media":"","overlay-type":"","overlay-color":"","overlay-opacity":"","overlay-gradient":""},"tablet":{"background-color":"var(--ast-global-color-5)","background-image":"","background-repeat":"repeat","background-position":"center center","background-size":"auto","background-attachment":"scroll","background-type":"","background-media":"","overlay-type":"","overlay-color":"","overlay-opacity":"","overlay-gradient":""},"mobile":{"background-color":"var(--ast-global-color-5)","background-image":"","background-repeat":"repeat","background-position":"center center","background-size":"auto","background-attachment":"scroll","background-type":"","background-media":"","overlay-type":"","overlay-color":"","overlay-opacity":"","overlay-gradient":""}},"_themeisle_gutenberg_block_has_review":false},"product_brand":[],"product_cat":[81],"product_tag":[],"class_list":{"0":"post-32981","1":"product","2":"type-product","3":"status-publish","4":"has-post-thumbnail","6":"product_cat-fete-des-papys-mamies","7":"desktop-align-center","8":"tablet-align-left","9":"mobile-align-left","11":"first","12":"instock","13":"taxable","14":"shipping-taxable","15":"purchasable","16":"product-type-simple"},"yoast_head":"<!-- This site is optimized with the Yoast SEO plugin v27.4 - https:\/\/yoast.com\/product\/yoast-seo-wordpress\/ -->\n<title>Marque page pour papi | Les Gribouillis d&#039;Arthur<\/title>\n<meta name=\"description\" content=\"\ud83d\udc49 Marque page pour papi personnalis\u00e9 avec photo. Un cadeau unique, \u00e9l\u00e9gant et plein d\u2019\u00e9motion \u00e0 offrir pour toutes les occasions.\" \/>\n<meta name=\"robots\" content=\"index, follow, max-snippet:-1, max-image-preview:large, max-video-preview:-1\" \/>\n<link rel=\"canonical\" href=\"https:\/\/lesgribouillisdarthur.fr\/index.php\/produit\/marque-page-pour-papi\/\" \/>\n<meta property=\"og:locale\" content=\"fr_FR\" \/>\n<meta property=\"og:type\" content=\"article\" \/>\n<meta property=\"og:title\" content=\"Marque page pour papi | Les Gribouillis d&#039;Arthur\" \/>\n<meta property=\"og:description\" content=\"\ud83d\udc49 Marque page pour papi personnalis\u00e9 avec photo. Un cadeau unique, \u00e9l\u00e9gant et plein d\u2019\u00e9motion \u00e0 offrir pour toutes les occasions.\" \/>\n<meta property=\"og:url\" content=\"https:\/\/lesgribouillisdarthur.fr\/index.php\/produit\/marque-page-pour-papi\/\" \/>\n<meta property=\"og:site_name\" content=\"Les Gribouillis d&#039;Arthur\" \/>\n<meta property=\"article:publisher\" content=\"https:\/\/www.facebook.com\/lesgribouillisdarthur\" \/>\n<meta property=\"article:modified_time\" content=\"2025-09-19T14:52:13+00:00\" \/>\n<meta property=\"og:image\" content=\"https:\/\/lesgribouillisdarthur.fr\/wp-content\/uploads\/2025\/09\/PAPI.jpg\" \/>\n\t<meta property=\"og:image:width\" content=\"1024\" \/>\n\t<meta property=\"og:image:height\" content=\"1536\" \/>\n\t<meta property=\"og:image:type\" content=\"image\/jpeg\" \/>\n<meta name=\"twitter:card\" content=\"summary_large_image\" \/>\n<meta name=\"twitter:label1\" content=\"Dur\u00e9e de lecture estim\u00e9e\" \/>\n\t<meta name=\"twitter:data1\" content=\"2 minutes\" \/>\n<script type=\"application\/ld+json\" class=\"yoast-schema-graph\">{\"@context\":\"https:\\\/\\\/schema.org\",\"@graph\":[{\"@type\":\"WebPage\",\"@id\":\"https:\\\/\\\/lesgribouillisdarthur.fr\\\/index.php\\\/produit\\\/marque-page-pour-papi\\\/\",\"url\":\"https:\\\/\\\/lesgribouillisdarthur.fr\\\/index.php\\\/produit\\\/marque-page-pour-papi\\\/\",\"name\":\"Marque page pour papi | Les Gribouillis d&#039;Arthur\",\"isPartOf\":{\"@id\":\"https:\\\/\\\/lesgribouillisdarthur.fr\\\/#website\"},\"primaryImageOfPage\":{\"@id\":\"https:\\\/\\\/lesgribouillisdarthur.fr\\\/index.php\\\/produit\\\/marque-page-pour-papi\\\/#primaryimage\"},\"image\":{\"@id\":\"https:\\\/\\\/lesgribouillisdarthur.fr\\\/index.php\\\/produit\\\/marque-page-pour-papi\\\/#primaryimage\"},\"thumbnailUrl\":\"https:\\\/\\\/lesgribouillisdarthur.fr\\\/wp-content\\\/uploads\\\/2025\\\/09\\\/PAPI.jpg\",\"datePublished\":\"2025-09-18T13:02:05+00:00\",\"dateModified\":\"2025-09-19T14:52:13+00:00\",\"description\":\"\ud83d\udc49 Marque page pour papi personnalis\u00e9 avec photo. Un cadeau unique, \u00e9l\u00e9gant et plein d\u2019\u00e9motion \u00e0 offrir pour toutes les occasions.\",\"breadcrumb\":{\"@id\":\"https:\\\/\\\/lesgribouillisdarthur.fr\\\/index.php\\\/produit\\\/marque-page-pour-papi\\\/#breadcrumb\"},\"inLanguage\":\"fr-FR\",\"potentialAction\":[{\"@type\":\"ReadAction\",\"target\":[\"https:\\\/\\\/lesgribouillisdarthur.fr\\\/index.php\\\/produit\\\/marque-page-pour-papi\\\/\"]}]},{\"@type\":\"ImageObject\",\"inLanguage\":\"fr-FR\",\"@id\":\"https:\\\/\\\/lesgribouillisdarthur.fr\\\/index.php\\\/produit\\\/marque-page-pour-papi\\\/#primaryimage\",\"url\":\"https:\\\/\\\/lesgribouillisdarthur.fr\\\/wp-content\\\/uploads\\\/2025\\\/09\\\/PAPI.jpg\",\"contentUrl\":\"https:\\\/\\\/lesgribouillisdarthur.fr\\\/wp-content\\\/uploads\\\/2025\\\/09\\\/PAPI.jpg\",\"width\":1024,\"height\":1536},{\"@type\":\"BreadcrumbList\",\"@id\":\"https:\\\/\\\/lesgribouillisdarthur.fr\\\/index.php\\\/produit\\\/marque-page-pour-papi\\\/#breadcrumb\",\"itemListElement\":[{\"@type\":\"ListItem\",\"position\":1,\"name\":\"Accueil\",\"item\":\"https:\\\/\\\/lesgribouillisdarthur.fr\\\/\"},{\"@type\":\"ListItem\",\"position\":2,\"name\":\"La boutique\",\"item\":\"https:\\\/\\\/lesgribouillisdarthur.fr\\\/?page_id=6553\"},{\"@type\":\"ListItem\",\"position\":3,\"name\":\"Marque page pour papi\"}]},{\"@type\":\"WebSite\",\"@id\":\"https:\\\/\\\/lesgribouillisdarthur.fr\\\/#website\",\"url\":\"https:\\\/\\\/lesgribouillisdarthur.fr\\\/\",\"name\":\"Les Gribouillis d&#039;Arthur\",\"description\":\"Les Gribouillis d&#039;Arthur, cadeaux personnalis\u00e9s pour toute la famille\",\"publisher\":{\"@id\":\"https:\\\/\\\/lesgribouillisdarthur.fr\\\/#organization\"},\"potentialAction\":[{\"@type\":\"SearchAction\",\"target\":{\"@type\":\"EntryPoint\",\"urlTemplate\":\"https:\\\/\\\/lesgribouillisdarthur.fr\\\/?s={search_term_string}\"},\"query-input\":{\"@type\":\"PropertyValueSpecification\",\"valueRequired\":true,\"valueName\":\"search_term_string\"}}],\"inLanguage\":\"fr-FR\"},{\"@type\":\"Organization\",\"@id\":\"https:\\\/\\\/lesgribouillisdarthur.fr\\\/#organization\",\"name\":\"Les Gribouillis d&#039;Arthur\",\"url\":\"https:\\\/\\\/lesgribouillisdarthur.fr\\\/\",\"logo\":{\"@type\":\"ImageObject\",\"inLanguage\":\"fr-FR\",\"@id\":\"https:\\\/\\\/lesgribouillisdarthur.fr\\\/#\\\/schema\\\/logo\\\/image\\\/\",\"url\":\"https:\\\/\\\/lesgribouillisdarthur.fr\\\/wp-content\\\/uploads\\\/2022\\\/10\\\/cropped-cropped-cropped-cropped-cropped-cropped-logo-bleu-1.png\",\"contentUrl\":\"https:\\\/\\\/lesgribouillisdarthur.fr\\\/wp-content\\\/uploads\\\/2022\\\/10\\\/cropped-cropped-cropped-cropped-cropped-cropped-logo-bleu-1.png\",\"width\":254,\"height\":53,\"caption\":\"Les Gribouillis d&#039;Arthur\"},\"image\":{\"@id\":\"https:\\\/\\\/lesgribouillisdarthur.fr\\\/#\\\/schema\\\/logo\\\/image\\\/\"},\"sameAs\":[\"https:\\\/\\\/www.facebook.com\\\/lesgribouillisdarthur\",\"https:\\\/\\\/www.instagram.com\\\/lesgribouillisdarthur\\\/?hl=fr\"]}]}<\/script>\n<!-- \/ Yoast SEO plugin. -->","yoast_head_json":{"title":"Marque page pour papi | Les Gribouillis d&#039;Arthur","description":"\ud83d\udc49 Marque page pour papi personnalis\u00e9 avec photo. Un cadeau unique, \u00e9l\u00e9gant et plein d\u2019\u00e9motion \u00e0 offrir pour toutes les occasions.","robots":{"index":"index","follow":"follow","max-snippet":"max-snippet:-1","max-image-preview":"max-image-preview:large","max-video-preview":"max-video-preview:-1"},"canonical":"https:\/\/lesgribouillisdarthur.fr\/index.php\/produit\/marque-page-pour-papi\/","og_locale":"fr_FR","og_type":"article","og_title":"Marque page pour papi | Les Gribouillis d&#039;Arthur","og_description":"\ud83d\udc49 Marque page pour papi personnalis\u00e9 avec photo. Un cadeau unique, \u00e9l\u00e9gant et plein d\u2019\u00e9motion \u00e0 offrir pour toutes les occasions.","og_url":"https:\/\/lesgribouillisdarthur.fr\/index.php\/produit\/marque-page-pour-papi\/","og_site_name":"Les Gribouillis d&#039;Arthur","article_publisher":"https:\/\/www.facebook.com\/lesgribouillisdarthur","article_modified_time":"2025-09-19T14:52:13+00:00","og_image":[{"width":1024,"height":1536,"url":"https:\/\/lesgribouillisdarthur.fr\/wp-content\/uploads\/2025\/09\/PAPI.jpg","type":"image\/jpeg"}],"twitter_card":"summary_large_image","twitter_misc":{"Dur\u00e9e de lecture estim\u00e9e":"2 minutes"},"schema":{"@context":"https:\/\/schema.org","@graph":[{"@type":"WebPage","@id":"https:\/\/lesgribouillisdarthur.fr\/index.php\/produit\/marque-page-pour-papi\/","url":"https:\/\/lesgribouillisdarthur.fr\/index.php\/produit\/marque-page-pour-papi\/","name":"Marque page pour papi | Les Gribouillis d&#039;Arthur","isPartOf":{"@id":"https:\/\/lesgribouillisdarthur.fr\/#website"},"primaryImageOfPage":{"@id":"https:\/\/lesgribouillisdarthur.fr\/index.php\/produit\/marque-page-pour-papi\/#primaryimage"},"image":{"@id":"https:\/\/lesgribouillisdarthur.fr\/index.php\/produit\/marque-page-pour-papi\/#primaryimage"},"thumbnailUrl":"https:\/\/lesgribouillisdarthur.fr\/wp-content\/uploads\/2025\/09\/PAPI.jpg","datePublished":"2025-09-18T13:02:05+00:00","dateModified":"2025-09-19T14:52:13+00:00","description":"\ud83d\udc49 Marque page pour papi personnalis\u00e9 avec photo. Un cadeau unique, \u00e9l\u00e9gant et plein d\u2019\u00e9motion \u00e0 offrir pour toutes les occasions.","breadcrumb":{"@id":"https:\/\/lesgribouillisdarthur.fr\/index.php\/produit\/marque-page-pour-papi\/#breadcrumb"},"inLanguage":"fr-FR","potentialAction":[{"@type":"ReadAction","target":["https:\/\/lesgribouillisdarthur.fr\/index.php\/produit\/marque-page-pour-papi\/"]}]},{"@type":"ImageObject","inLanguage":"fr-FR","@id":"https:\/\/lesgribouillisdarthur.fr\/index.php\/produit\/marque-page-pour-papi\/#primaryimage","url":"https:\/\/lesgribouillisdarthur.fr\/wp-content\/uploads\/2025\/09\/PAPI.jpg","contentUrl":"https:\/\/lesgribouillisdarthur.fr\/wp-content\/uploads\/2025\/09\/PAPI.jpg","width":1024,"height":1536},{"@type":"BreadcrumbList","@id":"https:\/\/lesgribouillisdarthur.fr\/index.php\/produit\/marque-page-pour-papi\/#breadcrumb","itemListElement":[{"@type":"ListItem","position":1,"name":"Accueil","item":"https:\/\/lesgribouillisdarthur.fr\/"},{"@type":"ListItem","position":2,"name":"La boutique","item":"https:\/\/lesgribouillisdarthur.fr\/?page_id=6553"},{"@type":"ListItem","position":3,"name":"Marque page pour papi"}]},{"@type":"WebSite","@id":"https:\/\/lesgribouillisdarthur.fr\/#website","url":"https:\/\/lesgribouillisdarthur.fr\/","name":"Les Gribouillis d&#039;Arthur","description":"Les Gribouillis d&#039;Arthur, cadeaux personnalis\u00e9s pour toute la famille","publisher":{"@id":"https:\/\/lesgribouillisdarthur.fr\/#organization"},"potentialAction":[{"@type":"SearchAction","target":{"@type":"EntryPoint","urlTemplate":"https:\/\/lesgribouillisdarthur.fr\/?s={search_term_string}"},"query-input":{"@type":"PropertyValueSpecification","valueRequired":true,"valueName":"search_term_string"}}],"inLanguage":"fr-FR"},{"@type":"Organization","@id":"https:\/\/lesgribouillisdarthur.fr\/#organization","name":"Les Gribouillis d&#039;Arthur","url":"https:\/\/lesgribouillisdarthur.fr\/","logo":{"@type":"ImageObject","inLanguage":"fr-FR","@id":"https:\/\/lesgribouillisdarthur.fr\/#\/schema\/logo\/image\/","url":"https:\/\/lesgribouillisdarthur.fr\/wp-content\/uploads\/2022\/10\/cropped-cropped-cropped-cropped-cropped-cropped-logo-bleu-1.png","contentUrl":"https:\/\/lesgribouillisdarthur.fr\/wp-content\/uploads\/2022\/10\/cropped-cropped-cropped-cropped-cropped-cropped-logo-bleu-1.png","width":254,"height":53,"caption":"Les Gribouillis d&#039;Arthur"},"image":{"@id":"https:\/\/lesgribouillisdarthur.fr\/#\/schema\/logo\/image\/"},"sameAs":["https:\/\/www.facebook.com\/lesgribouillisdarthur","https:\/\/www.instagram.com\/lesgribouillisdarthur\/?hl=fr"]}]}},"uagb_featured_image_src":{"full":["https:\/\/lesgribouillisdarthur.fr\/wp-content\/uploads\/2025\/09\/PAPI.jpg",1024,1536,false],"thumbnail":["https:\/\/lesgribouillisdarthur.fr\/wp-content\/uploads\/2025\/09\/PAPI-150x150.jpg",150,150,true],"medium":["https:\/\/lesgribouillisdarthur.fr\/wp-content\/uploads\/2025\/09\/PAPI-200x300.jpg",200,300,true],"medium_large":["https:\/\/lesgribouillisdarthur.fr\/wp-content\/uploads\/2025\/09\/PAPI-768x1152.jpg",768,1152,true],"large":["https:\/\/lesgribouillisdarthur.fr\/wp-content\/uploads\/2025\/09\/PAPI-200x300.jpg",200,300,true],"1536x1536":["https:\/\/lesgribouillisdarthur.fr\/wp-content\/uploads\/2025\/09\/PAPI.jpg",1024,1536,false],"2048x2048":["https:\/\/lesgribouillisdarthur.fr\/wp-content\/uploads\/2025\/09\/PAPI.jpg",1024,1536,false],"woocommerce_thumbnail":["https:\/\/lesgribouillisdarthur.fr\/wp-content\/uploads\/2025\/09\/PAPI-1024x1200.jpg",1024,1200,true],"woocommerce_single":["https:\/\/lesgribouillisdarthur.fr\/wp-content\/uploads\/2025\/09\/PAPI.jpg",1024,1536,false],"woocommerce_gallery_thumbnail":["https:\/\/lesgribouillisdarthur.fr\/wp-content\/uploads\/2025\/09\/PAPI-100x100.jpg",100,100,true]},"uagb_author_info":{"display_name":"admin7680","author_link":"https:\/\/lesgribouillisdarthur.fr\/index.php\/author\/"},"uagb_comment_info":0,"uagb_excerpt":"Offrez un cadeau unique et rempli de tendresse \ud83d\udc9d avec ce marque page pour papi personnalis\u00e9 avec photo. Gr\u00e2ce \u00e0 ce petit accessoire, chaque moment de lecture \ud83d\udcd6 devient encore plus sp\u00e9cial. Ajoutez votre photo pr\u00e9f\u00e9r\u00e9e \ud83d\uddbc\ufe0f et transformez un simple objet en souvenir pr\u00e9cieux. Une fois la commande pass\u00e9e, envoyez votre photo avec le\u2026","_links":{"self":[{"href":"https:\/\/lesgribouillisdarthur.fr\/index.php\/wp-json\/wp\/v2\/product\/32981","targetHints":{"allow":["GET"]}}],"collection":[{"href":"https:\/\/lesgribouillisdarthur.fr\/index.php\/wp-json\/wp\/v2\/product"}],"about":[{"href":"https:\/\/lesgribouillisdarthur.fr\/index.php\/wp-json\/wp\/v2\/types\/product"}],"replies":[{"embeddable":true,"href":"https:\/\/lesgribouillisdarthur.fr\/index.php\/wp-json\/wp\/v2\/comments?post=32981"}],"wp:featuredmedia":[{"embeddable":true,"href":"https:\/\/lesgribouillisdarthur.fr\/index.php\/wp-json\/wp\/v2\/media\/32982"}],"wp:attachment":[{"href":"https:\/\/lesgribouillisdarthur.fr\/index.php\/wp-json\/wp\/v2\/media?parent=32981"}],"wp:term":[{"taxonomy":"product_brand","embeddable":true,"href":"https:\/\/lesgribouillisdarthur.fr\/index.php\/wp-json\/wp\/v2\/product_brand?post=32981"},{"taxonomy":"product_cat","embeddable":true,"href":"https:\/\/lesgribouillisdarthur.fr\/index.php\/wp-json\/wp\/v2\/product_cat?post=32981"},{"taxonomy":"product_tag","embeddable":true,"href":"https:\/\/lesgribouillisdarthur.fr\/index.php\/wp-json\/wp\/v2\/product_tag?post=32981"}],"curies":[{"name":"wp","href":"https:\/\/api.w.org\/{rel}","templated":true}]}}