{"id":32984,"date":"2025-09-18T17:19:50","date_gmt":"2025-09-18T15:19:50","guid":{"rendered":"https:\/\/lesgribouillisdarthur.fr\/?post_type=product&#038;p=32984"},"modified":"2025-10-13T14:08:30","modified_gmt":"2025-10-13T12:08:30","slug":"coffret-bouteille-de-vin-bonne-fete-papi-avec-photo","status":"publish","type":"product","link":"https:\/\/lesgribouillisdarthur.fr\/index.php\/produit\/coffret-bouteille-de-vin-bonne-fete-papi-avec-photo\/","title":{"rendered":"Coffret bouteille de vin bonne f\u00eate papi avec photo"},"content":{"rendered":"<h2>\ud83c\udf81 Coffret bouteille de vin Bonne F\u00eate Papi avec photo<\/h2>\n<p>Offrez un cadeau unique et plein d\u2019\u00e9motion \ud83d\udc9d. Ce Coffret bouteille de vin Bonne F\u00eate Papi avec photo transforme une simple bouteille en souvenir inoubliable. Gr\u00e2ce \u00e0 la personnalisation, chaque coffret devient une attention qui touche le c\u0153ur.<\/p>\n<p>Un cadeau \u00e9l\u00e9gant et durable \u2728<\/p>\n<p>Fabriqu\u00e9 en bois naturel, ce coffret prot\u00e8ge et sublime la bouteille. Son couvercle coulissant assure une ouverture facile. De plus, vous personnalisez la fa\u00e7ade avec une photo et un message. Ainsi, chaque d\u00e9tail refl\u00e8te votre affection.<\/p>\n<p>Cr\u00e9ez l\u2019\u00e9motion \u00e0 chaque occasion \u2764\ufe0f<\/p>\n<p>Ce Coffret bouteille de vin Bonne F\u00eate Papi avec photo s\u2019adapte parfaitement \u00e0 toutes les f\u00eates familiales. Offrez-le pour la f\u00eate des grands-p\u00e8res, un anniversaire ou No\u00ebl \ud83c\udf84. Chaque fois que papi le recevra, il retrouvera un souvenir unique et personnel.<\/p>\n<p>Un produit artisanal, fait avec soin \ud83e\udeb5<\/p>\n<p>Chaque coffret est con\u00e7u et imprim\u00e9 dans mon atelier en Haute-Loire. Je veille \u00e0 chaque \u00e9tape, de la gravure \u00e0 la finition. Ainsi, vous recevez un coffret authentique et de qualit\u00e9. Offrir ce Coffret bouteille de vin Bonne F\u00eate Papi avec photo, c\u2019est offrir bien plus qu\u2019un objet. C\u2019est offrir un tr\u00e9sor \u00e0 partager en famille.<\/p>\n<h4>Descriptif du produit :<\/h4>\n<p>Mat\u00e9riau de la bo\u00eete : bois<br \/>\nTaille: 34,6 x 10 x 10 cm<br \/>\nPoids: 550 gr<br \/>\nCouvercles coulissant<\/p>\n<p>Chaque coffret de bouteille de vin est illustr\u00e9, imprim\u00e9 et confectionn\u00e9 avec soin dans mon atelier \u00e0 Lapte, en Haute-Loire (43).<\/p>\n<p>Exp\u00e9dition via mondial relay uniquement<br \/>\nUn num\u00e9ro de suivi vous sera fourni.<\/p>\n<p>Les d\u00e9lais de livraison sont donn\u00e9s \u00e0 titre indicatif \u2014 je ne peux \u00eatre tenue responsable en cas de retard ou de perte.<\/p>\n<p>Pour d\u00e9couvrir d\u2019autres mod\u00e8les, cliquez ici !<\/p>\n<p>Suivez les coulisses et les nouveaut\u00e9s sur les r\u00e9seaux :<br \/>\n\u2022 Facebook :<a href=\"https:\/\/www.facebook.com\/lesgribouillisdarthur\"> @LesgribouillisdArthur<\/a><br \/>\n\u2022 Instagram : <a href=\"https:\/\/www.instagram.com\/les_gribouillis_darthur\/\">@LesGribouillisdArthur<\/a><\/p>\n<p>\u00a9 Les gribouillis d\u2019Arthur \u2013 Tous droits r\u00e9serv\u00e9s.<\/p>\n<p>Les couleurs peuvent l\u00e9g\u00e8rement varier selon les \u00e9crans<br \/>\nPhotos non contractuelles<\/p>\n","protected":false},"excerpt":{"rendered":"<h5 data-start=\"291\" data-end=\"349\">\ud83c\udf81 Coffret bouteille de vin Bonne F\u00eate Papi avec photo<\/h5>\n<p data-start=\"351\" data-end=\"601\">Offrez un cadeau unique et plein d\u2019\u00e9motion \ud83d\udc9d.<\/p>\n<p data-start=\"351\" data-end=\"601\">Ce <strong data-start=\"401\" data-end=\"456\">Coffret bouteille de vin Bonne F\u00eate Papi avec photo<\/strong> transforme une simple bouteille en souvenir inoubliable.<\/p>\n<p data-start=\"351\" data-end=\"601\">Gr\u00e2ce \u00e0 la personnalisation, chaque coffret devient une attention qui touche le c\u0153ur.<\/p>\n","protected":false},"featured_media":32985,"comment_status":"open","ping_status":"closed","template":"","meta":{"_uag_custom_page_level_css":"","_monsterinsights_skip_tracking":false,"_monsterinsights_sitenote_active":false,"_monsterinsights_sitenote_note":"","_monsterinsights_sitenote_category":0,"site-sidebar-layout":"default","site-content-layout":"default","ast-site-content-layout":"default","site-content-style":"default","site-sidebar-style":"default","ast-global-header-display":"","ast-banner-title-visibility":"","ast-main-header-display":"","ast-hfb-above-header-display":"","ast-hfb-below-header-display":"","ast-hfb-mobile-header-display":"","site-post-title":"","ast-breadcrumbs-content":"","ast-featured-img":"","footer-sml-layout":"","theme-transparent-header-meta":"default","adv-header-id-meta":"","stick-header-meta":"","header-above-stick-meta":"","header-main-stick-meta":"","header-below-stick-meta":"","astra-migrate-meta-layouts":"set","ast-page-background-enabled":"default","ast-page-background-meta":{"desktop":{"background-color":"","background-image":"","background-repeat":"repeat","background-position":"center center","background-size":"auto","background-attachment":"scroll","background-type":"","background-media":"","overlay-type":"","overlay-color":"","overlay-opacity":"","overlay-gradient":""},"tablet":{"background-color":"","background-image":"","background-repeat":"repeat","background-position":"center center","background-size":"auto","background-attachment":"scroll","background-type":"","background-media":"","overlay-type":"","overlay-color":"","overlay-opacity":"","overlay-gradient":""},"mobile":{"background-color":"","background-image":"","background-repeat":"repeat","background-position":"center center","background-size":"auto","background-attachment":"scroll","background-type":"","background-media":"","overlay-type":"","overlay-color":"","overlay-opacity":"","overlay-gradient":""}},"ast-content-background-meta":{"desktop":{"background-color":"var(--ast-global-color-5)","background-image":"","background-repeat":"repeat","background-position":"center center","background-size":"auto","background-attachment":"scroll","background-type":"","background-media":"","overlay-type":"","overlay-color":"","overlay-opacity":"","overlay-gradient":""},"tablet":{"background-color":"var(--ast-global-color-5)","background-image":"","background-repeat":"repeat","background-position":"center center","background-size":"auto","background-attachment":"scroll","background-type":"","background-media":"","overlay-type":"","overlay-color":"","overlay-opacity":"","overlay-gradient":""},"mobile":{"background-color":"var(--ast-global-color-5)","background-image":"","background-repeat":"repeat","background-position":"center center","background-size":"auto","background-attachment":"scroll","background-type":"","background-media":"","overlay-type":"","overlay-color":"","overlay-opacity":"","overlay-gradient":""}},"_themeisle_gutenberg_block_has_review":false},"product_brand":[],"product_cat":[81],"product_tag":[],"class_list":{"0":"post-32984","1":"product","2":"type-product","3":"status-publish","4":"has-post-thumbnail","6":"product_cat-fete-des-papys-mamies","7":"product_shipping_class-produits-volumineux","8":"desktop-align-center","9":"tablet-align-left","10":"mobile-align-left","11":"wcpa_has_options","13":"first","14":"instock","15":"taxable","16":"shipping-taxable","17":"purchasable","18":"product-type-variable"},"yoast_head":"<!-- This site is optimized with the Yoast SEO plugin v27.4 - https:\/\/yoast.com\/product\/yoast-seo-wordpress\/ -->\n<title>Coffret bouteille de vin bonne f\u00eate papi avec photo - Les Gribouillis d&#039;Arthur<\/title>\n<meta name=\"description\" content=\"Coffret bouteille de vin Bonne F\u00eate Papi avec photo. Un cadeau personnalis\u00e9 unique, \u00e9l\u00e9gant et rempli d\u2019\u00e9motion pour votre grand-p\u00e8re.\" \/>\n<meta name=\"robots\" content=\"index, follow, max-snippet:-1, max-image-preview:large, max-video-preview:-1\" \/>\n<link rel=\"canonical\" href=\"https:\/\/lesgribouillisdarthur.fr\/index.php\/produit\/coffret-bouteille-de-vin-bonne-fete-papi-avec-photo\/\" \/>\n<meta property=\"og:locale\" content=\"fr_FR\" \/>\n<meta property=\"og:type\" content=\"article\" \/>\n<meta property=\"og:title\" content=\"Coffret bouteille de vin bonne f\u00eate papi avec photo - Les Gribouillis d&#039;Arthur\" \/>\n<meta property=\"og:description\" content=\"Coffret bouteille de vin Bonne F\u00eate Papi avec photo. Un cadeau personnalis\u00e9 unique, \u00e9l\u00e9gant et rempli d\u2019\u00e9motion pour votre grand-p\u00e8re.\" \/>\n<meta property=\"og:url\" content=\"https:\/\/lesgribouillisdarthur.fr\/index.php\/produit\/coffret-bouteille-de-vin-bonne-fete-papi-avec-photo\/\" \/>\n<meta property=\"og:site_name\" content=\"Les Gribouillis d&#039;Arthur\" \/>\n<meta property=\"article:publisher\" content=\"https:\/\/www.facebook.com\/lesgribouillisdarthur\" \/>\n<meta property=\"article:modified_time\" content=\"2025-10-13T12:08:30+00:00\" \/>\n<meta property=\"og:image\" content=\"https:\/\/lesgribouillisdarthur.fr\/wp-content\/uploads\/2025\/09\/PapiPhoto.jpg\" \/>\n\t<meta property=\"og:image:width\" content=\"1024\" \/>\n\t<meta property=\"og:image:height\" content=\"1536\" \/>\n\t<meta property=\"og:image:type\" content=\"image\/jpeg\" \/>\n<meta name=\"twitter:card\" content=\"summary_large_image\" \/>\n<meta name=\"twitter:label1\" content=\"Dur\u00e9e de lecture estim\u00e9e\" \/>\n\t<meta name=\"twitter:data1\" content=\"2 minutes\" \/>\n<script type=\"application\/ld+json\" class=\"yoast-schema-graph\">{\"@context\":\"https:\\\/\\\/schema.org\",\"@graph\":[{\"@type\":\"WebPage\",\"@id\":\"https:\\\/\\\/lesgribouillisdarthur.fr\\\/index.php\\\/produit\\\/coffret-bouteille-de-vin-bonne-fete-papi-avec-photo\\\/\",\"url\":\"https:\\\/\\\/lesgribouillisdarthur.fr\\\/index.php\\\/produit\\\/coffret-bouteille-de-vin-bonne-fete-papi-avec-photo\\\/\",\"name\":\"Coffret bouteille de vin bonne f\u00eate papi avec photo - Les Gribouillis d&#039;Arthur\",\"isPartOf\":{\"@id\":\"https:\\\/\\\/lesgribouillisdarthur.fr\\\/#website\"},\"primaryImageOfPage\":{\"@id\":\"https:\\\/\\\/lesgribouillisdarthur.fr\\\/index.php\\\/produit\\\/coffret-bouteille-de-vin-bonne-fete-papi-avec-photo\\\/#primaryimage\"},\"image\":{\"@id\":\"https:\\\/\\\/lesgribouillisdarthur.fr\\\/index.php\\\/produit\\\/coffret-bouteille-de-vin-bonne-fete-papi-avec-photo\\\/#primaryimage\"},\"thumbnailUrl\":\"https:\\\/\\\/lesgribouillisdarthur.fr\\\/wp-content\\\/uploads\\\/2025\\\/09\\\/PapiPhoto.jpg\",\"datePublished\":\"2025-09-18T15:19:50+00:00\",\"dateModified\":\"2025-10-13T12:08:30+00:00\",\"description\":\"Coffret bouteille de vin Bonne F\u00eate Papi avec photo. Un cadeau personnalis\u00e9 unique, \u00e9l\u00e9gant et rempli d\u2019\u00e9motion pour votre grand-p\u00e8re.\",\"breadcrumb\":{\"@id\":\"https:\\\/\\\/lesgribouillisdarthur.fr\\\/index.php\\\/produit\\\/coffret-bouteille-de-vin-bonne-fete-papi-avec-photo\\\/#breadcrumb\"},\"inLanguage\":\"fr-FR\",\"potentialAction\":[{\"@type\":\"ReadAction\",\"target\":[\"https:\\\/\\\/lesgribouillisdarthur.fr\\\/index.php\\\/produit\\\/coffret-bouteille-de-vin-bonne-fete-papi-avec-photo\\\/\"]}]},{\"@type\":\"ImageObject\",\"inLanguage\":\"fr-FR\",\"@id\":\"https:\\\/\\\/lesgribouillisdarthur.fr\\\/index.php\\\/produit\\\/coffret-bouteille-de-vin-bonne-fete-papi-avec-photo\\\/#primaryimage\",\"url\":\"https:\\\/\\\/lesgribouillisdarthur.fr\\\/wp-content\\\/uploads\\\/2025\\\/09\\\/PapiPhoto.jpg\",\"contentUrl\":\"https:\\\/\\\/lesgribouillisdarthur.fr\\\/wp-content\\\/uploads\\\/2025\\\/09\\\/PapiPhoto.jpg\",\"width\":1024,\"height\":1536},{\"@type\":\"BreadcrumbList\",\"@id\":\"https:\\\/\\\/lesgribouillisdarthur.fr\\\/index.php\\\/produit\\\/coffret-bouteille-de-vin-bonne-fete-papi-avec-photo\\\/#breadcrumb\",\"itemListElement\":[{\"@type\":\"ListItem\",\"position\":1,\"name\":\"Accueil\",\"item\":\"https:\\\/\\\/lesgribouillisdarthur.fr\\\/\"},{\"@type\":\"ListItem\",\"position\":2,\"name\":\"La boutique\",\"item\":\"https:\\\/\\\/lesgribouillisdarthur.fr\\\/?page_id=6553\"},{\"@type\":\"ListItem\",\"position\":3,\"name\":\"Coffret bouteille de vin bonne f\u00eate papi avec photo\"}]},{\"@type\":\"WebSite\",\"@id\":\"https:\\\/\\\/lesgribouillisdarthur.fr\\\/#website\",\"url\":\"https:\\\/\\\/lesgribouillisdarthur.fr\\\/\",\"name\":\"Les Gribouillis d&#039;Arthur\",\"description\":\"Les Gribouillis d&#039;Arthur, cadeaux personnalis\u00e9s pour toute la famille\",\"publisher\":{\"@id\":\"https:\\\/\\\/lesgribouillisdarthur.fr\\\/#organization\"},\"potentialAction\":[{\"@type\":\"SearchAction\",\"target\":{\"@type\":\"EntryPoint\",\"urlTemplate\":\"https:\\\/\\\/lesgribouillisdarthur.fr\\\/?s={search_term_string}\"},\"query-input\":{\"@type\":\"PropertyValueSpecification\",\"valueRequired\":true,\"valueName\":\"search_term_string\"}}],\"inLanguage\":\"fr-FR\"},{\"@type\":\"Organization\",\"@id\":\"https:\\\/\\\/lesgribouillisdarthur.fr\\\/#organization\",\"name\":\"Les Gribouillis d&#039;Arthur\",\"url\":\"https:\\\/\\\/lesgribouillisdarthur.fr\\\/\",\"logo\":{\"@type\":\"ImageObject\",\"inLanguage\":\"fr-FR\",\"@id\":\"https:\\\/\\\/lesgribouillisdarthur.fr\\\/#\\\/schema\\\/logo\\\/image\\\/\",\"url\":\"https:\\\/\\\/lesgribouillisdarthur.fr\\\/wp-content\\\/uploads\\\/2022\\\/10\\\/cropped-cropped-cropped-cropped-cropped-cropped-logo-bleu-1.png\",\"contentUrl\":\"https:\\\/\\\/lesgribouillisdarthur.fr\\\/wp-content\\\/uploads\\\/2022\\\/10\\\/cropped-cropped-cropped-cropped-cropped-cropped-logo-bleu-1.png\",\"width\":254,\"height\":53,\"caption\":\"Les Gribouillis d&#039;Arthur\"},\"image\":{\"@id\":\"https:\\\/\\\/lesgribouillisdarthur.fr\\\/#\\\/schema\\\/logo\\\/image\\\/\"},\"sameAs\":[\"https:\\\/\\\/www.facebook.com\\\/lesgribouillisdarthur\",\"https:\\\/\\\/www.instagram.com\\\/lesgribouillisdarthur\\\/?hl=fr\"]}]}<\/script>\n<!-- \/ Yoast SEO plugin. -->","yoast_head_json":{"title":"Coffret bouteille de vin bonne f\u00eate papi avec photo - Les Gribouillis d&#039;Arthur","description":"Coffret bouteille de vin Bonne F\u00eate Papi avec photo. Un cadeau personnalis\u00e9 unique, \u00e9l\u00e9gant et rempli d\u2019\u00e9motion pour votre grand-p\u00e8re.","robots":{"index":"index","follow":"follow","max-snippet":"max-snippet:-1","max-image-preview":"max-image-preview:large","max-video-preview":"max-video-preview:-1"},"canonical":"https:\/\/lesgribouillisdarthur.fr\/index.php\/produit\/coffret-bouteille-de-vin-bonne-fete-papi-avec-photo\/","og_locale":"fr_FR","og_type":"article","og_title":"Coffret bouteille de vin bonne f\u00eate papi avec photo - Les Gribouillis d&#039;Arthur","og_description":"Coffret bouteille de vin Bonne F\u00eate Papi avec photo. Un cadeau personnalis\u00e9 unique, \u00e9l\u00e9gant et rempli d\u2019\u00e9motion pour votre grand-p\u00e8re.","og_url":"https:\/\/lesgribouillisdarthur.fr\/index.php\/produit\/coffret-bouteille-de-vin-bonne-fete-papi-avec-photo\/","og_site_name":"Les Gribouillis d&#039;Arthur","article_publisher":"https:\/\/www.facebook.com\/lesgribouillisdarthur","article_modified_time":"2025-10-13T12:08:30+00:00","og_image":[{"width":1024,"height":1536,"url":"https:\/\/lesgribouillisdarthur.fr\/wp-content\/uploads\/2025\/09\/PapiPhoto.jpg","type":"image\/jpeg"}],"twitter_card":"summary_large_image","twitter_misc":{"Dur\u00e9e de lecture estim\u00e9e":"2 minutes"},"schema":{"@context":"https:\/\/schema.org","@graph":[{"@type":"WebPage","@id":"https:\/\/lesgribouillisdarthur.fr\/index.php\/produit\/coffret-bouteille-de-vin-bonne-fete-papi-avec-photo\/","url":"https:\/\/lesgribouillisdarthur.fr\/index.php\/produit\/coffret-bouteille-de-vin-bonne-fete-papi-avec-photo\/","name":"Coffret bouteille de vin bonne f\u00eate papi avec photo - Les Gribouillis d&#039;Arthur","isPartOf":{"@id":"https:\/\/lesgribouillisdarthur.fr\/#website"},"primaryImageOfPage":{"@id":"https:\/\/lesgribouillisdarthur.fr\/index.php\/produit\/coffret-bouteille-de-vin-bonne-fete-papi-avec-photo\/#primaryimage"},"image":{"@id":"https:\/\/lesgribouillisdarthur.fr\/index.php\/produit\/coffret-bouteille-de-vin-bonne-fete-papi-avec-photo\/#primaryimage"},"thumbnailUrl":"https:\/\/lesgribouillisdarthur.fr\/wp-content\/uploads\/2025\/09\/PapiPhoto.jpg","datePublished":"2025-09-18T15:19:50+00:00","dateModified":"2025-10-13T12:08:30+00:00","description":"Coffret bouteille de vin Bonne F\u00eate Papi avec photo. Un cadeau personnalis\u00e9 unique, \u00e9l\u00e9gant et rempli d\u2019\u00e9motion pour votre grand-p\u00e8re.","breadcrumb":{"@id":"https:\/\/lesgribouillisdarthur.fr\/index.php\/produit\/coffret-bouteille-de-vin-bonne-fete-papi-avec-photo\/#breadcrumb"},"inLanguage":"fr-FR","potentialAction":[{"@type":"ReadAction","target":["https:\/\/lesgribouillisdarthur.fr\/index.php\/produit\/coffret-bouteille-de-vin-bonne-fete-papi-avec-photo\/"]}]},{"@type":"ImageObject","inLanguage":"fr-FR","@id":"https:\/\/lesgribouillisdarthur.fr\/index.php\/produit\/coffret-bouteille-de-vin-bonne-fete-papi-avec-photo\/#primaryimage","url":"https:\/\/lesgribouillisdarthur.fr\/wp-content\/uploads\/2025\/09\/PapiPhoto.jpg","contentUrl":"https:\/\/lesgribouillisdarthur.fr\/wp-content\/uploads\/2025\/09\/PapiPhoto.jpg","width":1024,"height":1536},{"@type":"BreadcrumbList","@id":"https:\/\/lesgribouillisdarthur.fr\/index.php\/produit\/coffret-bouteille-de-vin-bonne-fete-papi-avec-photo\/#breadcrumb","itemListElement":[{"@type":"ListItem","position":1,"name":"Accueil","item":"https:\/\/lesgribouillisdarthur.fr\/"},{"@type":"ListItem","position":2,"name":"La boutique","item":"https:\/\/lesgribouillisdarthur.fr\/?page_id=6553"},{"@type":"ListItem","position":3,"name":"Coffret bouteille de vin bonne f\u00eate papi avec photo"}]},{"@type":"WebSite","@id":"https:\/\/lesgribouillisdarthur.fr\/#website","url":"https:\/\/lesgribouillisdarthur.fr\/","name":"Les Gribouillis d&#039;Arthur","description":"Les Gribouillis d&#039;Arthur, cadeaux personnalis\u00e9s pour toute la famille","publisher":{"@id":"https:\/\/lesgribouillisdarthur.fr\/#organization"},"potentialAction":[{"@type":"SearchAction","target":{"@type":"EntryPoint","urlTemplate":"https:\/\/lesgribouillisdarthur.fr\/?s={search_term_string}"},"query-input":{"@type":"PropertyValueSpecification","valueRequired":true,"valueName":"search_term_string"}}],"inLanguage":"fr-FR"},{"@type":"Organization","@id":"https:\/\/lesgribouillisdarthur.fr\/#organization","name":"Les Gribouillis d&#039;Arthur","url":"https:\/\/lesgribouillisdarthur.fr\/","logo":{"@type":"ImageObject","inLanguage":"fr-FR","@id":"https:\/\/lesgribouillisdarthur.fr\/#\/schema\/logo\/image\/","url":"https:\/\/lesgribouillisdarthur.fr\/wp-content\/uploads\/2022\/10\/cropped-cropped-cropped-cropped-cropped-cropped-logo-bleu-1.png","contentUrl":"https:\/\/lesgribouillisdarthur.fr\/wp-content\/uploads\/2022\/10\/cropped-cropped-cropped-cropped-cropped-cropped-logo-bleu-1.png","width":254,"height":53,"caption":"Les Gribouillis d&#039;Arthur"},"image":{"@id":"https:\/\/lesgribouillisdarthur.fr\/#\/schema\/logo\/image\/"},"sameAs":["https:\/\/www.facebook.com\/lesgribouillisdarthur","https:\/\/www.instagram.com\/lesgribouillisdarthur\/?hl=fr"]}]}},"uagb_featured_image_src":{"full":["https:\/\/lesgribouillisdarthur.fr\/wp-content\/uploads\/2025\/09\/PapiPhoto.jpg",1024,1536,false],"thumbnail":["https:\/\/lesgribouillisdarthur.fr\/wp-content\/uploads\/2025\/09\/PapiPhoto-150x150.jpg",150,150,true],"medium":["https:\/\/lesgribouillisdarthur.fr\/wp-content\/uploads\/2025\/09\/PapiPhoto-200x300.jpg",200,300,true],"medium_large":["https:\/\/lesgribouillisdarthur.fr\/wp-content\/uploads\/2025\/09\/PapiPhoto-768x1152.jpg",768,1152,true],"large":["https:\/\/lesgribouillisdarthur.fr\/wp-content\/uploads\/2025\/09\/PapiPhoto-200x300.jpg",200,300,true],"1536x1536":["https:\/\/lesgribouillisdarthur.fr\/wp-content\/uploads\/2025\/09\/PapiPhoto.jpg",1024,1536,false],"2048x2048":["https:\/\/lesgribouillisdarthur.fr\/wp-content\/uploads\/2025\/09\/PapiPhoto.jpg",1024,1536,false],"woocommerce_thumbnail":["https:\/\/lesgribouillisdarthur.fr\/wp-content\/uploads\/2025\/09\/PapiPhoto-1024x1200.jpg",1024,1200,true],"woocommerce_single":["https:\/\/lesgribouillisdarthur.fr\/wp-content\/uploads\/2025\/09\/PapiPhoto.jpg",1024,1536,false],"woocommerce_gallery_thumbnail":["https:\/\/lesgribouillisdarthur.fr\/wp-content\/uploads\/2025\/09\/PapiPhoto-100x100.jpg",100,100,true]},"uagb_author_info":{"display_name":"admin7680","author_link":"https:\/\/lesgribouillisdarthur.fr\/index.php\/author\/"},"uagb_comment_info":0,"uagb_excerpt":"\ud83c\udf81 Coffret bouteille de vin Bonne F\u00eate Papi avec photo Offrez un cadeau unique et plein d\u2019\u00e9motion \ud83d\udc9d. Ce Coffret bouteille de vin Bonne F\u00eate Papi avec photo transforme une simple bouteille en souvenir inoubliable. Gr\u00e2ce \u00e0 la personnalisation, chaque coffret devient une attention qui touche le c\u0153ur.","_links":{"self":[{"href":"https:\/\/lesgribouillisdarthur.fr\/index.php\/wp-json\/wp\/v2\/product\/32984","targetHints":{"allow":["GET"]}}],"collection":[{"href":"https:\/\/lesgribouillisdarthur.fr\/index.php\/wp-json\/wp\/v2\/product"}],"about":[{"href":"https:\/\/lesgribouillisdarthur.fr\/index.php\/wp-json\/wp\/v2\/types\/product"}],"replies":[{"embeddable":true,"href":"https:\/\/lesgribouillisdarthur.fr\/index.php\/wp-json\/wp\/v2\/comments?post=32984"}],"wp:featuredmedia":[{"embeddable":true,"href":"https:\/\/lesgribouillisdarthur.fr\/index.php\/wp-json\/wp\/v2\/media\/32985"}],"wp:attachment":[{"href":"https:\/\/lesgribouillisdarthur.fr\/index.php\/wp-json\/wp\/v2\/media?parent=32984"}],"wp:term":[{"taxonomy":"product_brand","embeddable":true,"href":"https:\/\/lesgribouillisdarthur.fr\/index.php\/wp-json\/wp\/v2\/product_brand?post=32984"},{"taxonomy":"product_cat","embeddable":true,"href":"https:\/\/lesgribouillisdarthur.fr\/index.php\/wp-json\/wp\/v2\/product_cat?post=32984"},{"taxonomy":"product_tag","embeddable":true,"href":"https:\/\/lesgribouillisdarthur.fr\/index.php\/wp-json\/wp\/v2\/product_tag?post=32984"}],"curies":[{"name":"wp","href":"https:\/\/api.w.org\/{rel}","templated":true}]}}