{"id":3439,"date":"2022-03-28T11:38:38","date_gmt":"2022-03-28T09:38:38","guid":{"rendered":"https:\/\/lesgribouillisdarthur.fr\/?post_type=product&#038;p=3439"},"modified":"2023-06-28T11:18:04","modified_gmt":"2023-06-28T09:18:04","slug":"faire-part-marque-page-dans-les-nuages","status":"publish","type":"product","link":"https:\/\/lesgribouillisdarthur.fr\/index.php\/produit\/faire-part-marque-page-dans-les-nuages\/","title":{"rendered":"Faire-part &#8211; Marque page \u00ab\u00a0Dans les nuages\u00a0\u00bb"},"content":{"rendered":"<div>\n<div><strong>Faire-part &#8211; Marque page \u00ab\u00a0Dans les nuages\u00a0\u00bb<\/strong><\/div>\n<div><\/div>\n<div>\n<p>Le faire-part de naissance est la pi\u00e8ce maitresse de la papeterie qui accompagne l\u2019arriv\u00e9e de b\u00e9b\u00e9. Vous \u00eates fier et heureux de partager cette naissance avec tous ceux qui compte pour vous ! Vous voulez un message qui rend votre bonheur contagieux, et qui ressemble \u00e0 la personnalit\u00e9 de votre famille agrandie.<\/p>\n<p><em>Montgolfi\u00e8res et ciel bleu, le mod\u00e8le Dans les nuages est parfait pour l&rsquo;envol de b\u00e9b\u00e9 ! Un pur th\u00e8me de naissance a\u00e9rien revisit\u00e9. Astucieux, son format marque-page est tendance et utile. Impossible de ne pas s&rsquo;attendrir devant la frimousse de b\u00e9b\u00e9 en le retrouvant au quotidien !<br \/>\n<\/em><\/p>\n<p><em>Ce faire-part &#8211; Marque page \u00ab\u00a0Dans les nuages\u00a0\u00bb vous permettra de remercier \u00e9galement toutes les personnes qui ont g\u00e2t\u00e9 la naissance de votre enfant, puisque les remerciements sont pr\u00e9vus au verso.<\/em><\/p>\n<p><strong>Caract\u00e9ristiques du produit\u00a0:<\/strong><\/p>\n<p>\u2013 Format 70&#215;200 mm, papier 300g Satin recto et verso<br \/>\n\u2013 Enveloppes blanches au format 120gr<\/p>\n<p>\u2013 Poids moins de &lt;20g dans son enveloppe<\/p>\n<p>&#8211; Texte personnalisable.<\/p>\n<p><strong>Pour v\u00e9rifier votre faire-part, vous recevrez par mail sous 3 jours ouvr\u00e9s maximum (hors samedi) un bon \u00e0 tirer avant impression.<\/strong><\/p>\n<p>Livraison gratuite \u00e0 partir de 200\u20ac<\/p>\n<p><em>Dans le m\u00eame th\u00e8me, vous pouvez retrouver les <a href=\"https:\/\/lesgribouillisdarthur.fr\/index.php\/produit\/etiquette-a-enveloppes\/\" target=\"_blank\" rel=\"noopener\">\u00e9tiquettes pour enveloppes<\/a> et les cartes de remerciements.<\/em><\/p>\n<p>D\u2019autre mod\u00e8les ?\u00a0<a href=\"https:\/\/lesgribouillisdarthur.fr\/index.php\/categorie-produit\/naissance\/faire-part-naissance\/\" target=\"_blank\" rel=\"noopener\">Cliquez ici <\/a><br \/>\nJe suis \u00e9galement sur les r\u00e9seaux alors suivez moi :<br \/>\n\u2022 Facebook : <a href=\"https:\/\/www.facebook.com\/lesgribouillisdarthur\" target=\"_blank\" rel=\"noopener\">@LesgribouillisdArthur<\/a><br \/>\n\u2022 Instagram : <a href=\"https:\/\/instagram.com\/lesgribouillisdarthur?igshid=YmMyMTA2M2Y\" target=\"_blank\" rel=\"noopener\">@LesGribouillisd\u2019Arthur<\/a><\/p>\n<p>\u00a9 Les gribouillis d\u2019Arthur \u2013 Tous droits de reproduction interdits.<\/p>\n<\/div>\n<\/div>\n","protected":false},"excerpt":{"rendered":"<div><strong>Faire-part de naissance Dans les nuages<br \/>\nLes photos sont \u00e0 envoyer par mail \u00e0 cette adresse : lesgribouillisdarthur@gmail.com<br \/>\n<\/strong><\/div>\n<div><\/div>\n<div>\n<p>Le faire-part de naissance est la pi\u00e8ce maitresse de la papeterie qui accompagne l\u2019arriv\u00e9e de b\u00e9b\u00e9. Vous \u00eates fier et heureux de partager cette naissance avec tous ceux qui compte pour vous ! Vous voulez un message qui rend votre bonheur contagieux, et qui ressemble \u00e0 la personnalit\u00e9 de votre famille agrandie.<\/p>\n<p><em>Montgolfi\u00e8res et ciel bleu, le mod\u00e8le Dans les nuages est parfait pour l&rsquo;envol de b\u00e9b\u00e9 ! Un pur th\u00e8me de naissance a\u00e9rien revisit\u00e9. Astucieux, son format marque-page est tendance et utile. Impossible de ne pas s&rsquo;attendrir devant la frimousse de b\u00e9b\u00e9 en le retrouvant au quotidien !<br \/>\n<\/em><\/p>\n<p><em>Ce faire-part vous permettra de remercier \u00e9galement toutes les personnes qui ont g\u00e2t\u00e9 la naissance de votre enfant, puisque les remerciements sont pr\u00e9vus au verso.\u00a0<\/em><\/p>\n<\/div>\n","protected":false},"featured_media":3466,"comment_status":"open","ping_status":"closed","template":"","meta":{"_uag_custom_page_level_css":"","_monsterinsights_skip_tracking":false,"_monsterinsights_sitenote_active":false,"_monsterinsights_sitenote_note":"","_monsterinsights_sitenote_category":0,"site-sidebar-layout":"default","site-content-layout":"default","ast-site-content-layout":"","site-content-style":"default","site-sidebar-style":"default","ast-global-header-display":"","ast-banner-title-visibility":"","ast-main-header-display":"","ast-hfb-above-header-display":"","ast-hfb-below-header-display":"","ast-hfb-mobile-header-display":"","site-post-title":"","ast-breadcrumbs-content":"","ast-featured-img":"","footer-sml-layout":"","theme-transparent-header-meta":"default","adv-header-id-meta":"","stick-header-meta":"","header-above-stick-meta":"","header-main-stick-meta":"","header-below-stick-meta":"","astra-migrate-meta-layouts":"default","ast-page-background-enabled":"default","ast-page-background-meta":{"desktop":{"background-color":"","background-image":"","background-repeat":"repeat","background-position":"center center","background-size":"auto","background-attachment":"scroll","background-type":"","background-media":"","overlay-type":"","overlay-color":"","overlay-opacity":"","overlay-gradient":""},"tablet":{"background-color":"","background-image":"","background-repeat":"repeat","background-position":"center center","background-size":"auto","background-attachment":"scroll","background-type":"","background-media":"","overlay-type":"","overlay-color":"","overlay-opacity":"","overlay-gradient":""},"mobile":{"background-color":"","background-image":"","background-repeat":"repeat","background-position":"center center","background-size":"auto","background-attachment":"scroll","background-type":"","background-media":"","overlay-type":"","overlay-color":"","overlay-opacity":"","overlay-gradient":""}},"ast-content-background-meta":{"desktop":{"background-color":"var(--ast-global-color-5)","background-image":"","background-repeat":"repeat","background-position":"center center","background-size":"auto","background-attachment":"scroll","background-type":"","background-media":"","overlay-type":"","overlay-color":"","overlay-opacity":"","overlay-gradient":""},"tablet":{"background-color":"var(--ast-global-color-5)","background-image":"","background-repeat":"repeat","background-position":"center center","background-size":"auto","background-attachment":"scroll","background-type":"","background-media":"","overlay-type":"","overlay-color":"","overlay-opacity":"","overlay-gradient":""},"mobile":{"background-color":"var(--ast-global-color-5)","background-image":"","background-repeat":"repeat","background-position":"center center","background-size":"auto","background-attachment":"scroll","background-type":"","background-media":"","overlay-type":"","overlay-color":"","overlay-opacity":"","overlay-gradient":""}},"_themeisle_gutenberg_block_has_review":false},"product_brand":[],"product_cat":[25],"product_tag":[],"class_list":{"0":"post-3439","1":"product","2":"type-product","3":"status-publish","4":"has-post-thumbnail","6":"product_cat-faire-part-naissance","7":"desktop-align-center","8":"tablet-align-left","9":"mobile-align-left","10":"wcpa_has_options","12":"first","13":"instock","14":"taxable","15":"shipping-taxable","16":"purchasable","17":"product-type-variable"},"yoast_head":"<!-- This site is optimized with the Yoast SEO plugin v27.4 - https:\/\/yoast.com\/product\/yoast-seo-wordpress\/ -->\n<title>Faire-part - Marque page &quot;Dans les nuages&quot; - Les Gribouillis d&#039;Arthur<\/title>\n<meta name=\"description\" content=\"Vous \u00eates sur un petit nuage avec b\u00e9b\u00e9 ! Transmettez votre bonheur sur ce Faire-part - Marque page &quot;Dans les nuages&quot; original\" \/>\n<meta name=\"robots\" content=\"index, follow, max-snippet:-1, max-image-preview:large, max-video-preview:-1\" \/>\n<link rel=\"canonical\" href=\"https:\/\/lesgribouillisdarthur.fr\/index.php\/produit\/faire-part-marque-page-dans-les-nuages\/\" \/>\n<meta property=\"og:locale\" content=\"fr_FR\" \/>\n<meta property=\"og:type\" content=\"article\" \/>\n<meta property=\"og:title\" content=\"Faire-part - Marque page &quot;Dans les nuages&quot; - Les Gribouillis d&#039;Arthur\" \/>\n<meta property=\"og:description\" content=\"Vous \u00eates sur un petit nuage avec b\u00e9b\u00e9 ! Transmettez votre bonheur sur ce Faire-part - Marque page &quot;Dans les nuages&quot; original\" \/>\n<meta property=\"og:url\" content=\"https:\/\/lesgribouillisdarthur.fr\/index.php\/produit\/faire-part-marque-page-dans-les-nuages\/\" \/>\n<meta property=\"og:site_name\" content=\"Les Gribouillis d&#039;Arthur\" \/>\n<meta property=\"article:publisher\" content=\"https:\/\/www.facebook.com\/lesgribouillisdarthur\" \/>\n<meta property=\"article:modified_time\" content=\"2023-06-28T09:18:04+00:00\" \/>\n<meta property=\"og:image\" content=\"https:\/\/lesgribouillisdarthur.fr\/wp-content\/uploads\/2022\/03\/Faire-part-theme-montgolfiere-2.jpg\" \/>\n\t<meta property=\"og:image:width\" content=\"2062\" \/>\n\t<meta property=\"og:image:height\" content=\"2362\" \/>\n\t<meta property=\"og:image:type\" content=\"image\/jpeg\" \/>\n<meta name=\"twitter:card\" content=\"summary_large_image\" \/>\n<meta name=\"twitter:label1\" content=\"Dur\u00e9e de lecture estim\u00e9e\" \/>\n\t<meta name=\"twitter:data1\" content=\"2 minutes\" \/>\n<script type=\"application\/ld+json\" class=\"yoast-schema-graph\">{\"@context\":\"https:\\\/\\\/schema.org\",\"@graph\":[{\"@type\":\"WebPage\",\"@id\":\"https:\\\/\\\/lesgribouillisdarthur.fr\\\/index.php\\\/produit\\\/faire-part-marque-page-dans-les-nuages\\\/\",\"url\":\"https:\\\/\\\/lesgribouillisdarthur.fr\\\/index.php\\\/produit\\\/faire-part-marque-page-dans-les-nuages\\\/\",\"name\":\"Faire-part - Marque page \\\"Dans les nuages\\\" - Les Gribouillis d&#039;Arthur\",\"isPartOf\":{\"@id\":\"https:\\\/\\\/lesgribouillisdarthur.fr\\\/#website\"},\"primaryImageOfPage\":{\"@id\":\"https:\\\/\\\/lesgribouillisdarthur.fr\\\/index.php\\\/produit\\\/faire-part-marque-page-dans-les-nuages\\\/#primaryimage\"},\"image\":{\"@id\":\"https:\\\/\\\/lesgribouillisdarthur.fr\\\/index.php\\\/produit\\\/faire-part-marque-page-dans-les-nuages\\\/#primaryimage\"},\"thumbnailUrl\":\"https:\\\/\\\/lesgribouillisdarthur.fr\\\/wp-content\\\/uploads\\\/2022\\\/03\\\/Faire-part-theme-montgolfiere-2.jpg\",\"datePublished\":\"2022-03-28T09:38:38+00:00\",\"dateModified\":\"2023-06-28T09:18:04+00:00\",\"description\":\"Vous \u00eates sur un petit nuage avec b\u00e9b\u00e9 ! Transmettez votre bonheur sur ce Faire-part - Marque page \\\"Dans les nuages\\\" original\",\"breadcrumb\":{\"@id\":\"https:\\\/\\\/lesgribouillisdarthur.fr\\\/index.php\\\/produit\\\/faire-part-marque-page-dans-les-nuages\\\/#breadcrumb\"},\"inLanguage\":\"fr-FR\",\"potentialAction\":[{\"@type\":\"ReadAction\",\"target\":[\"https:\\\/\\\/lesgribouillisdarthur.fr\\\/index.php\\\/produit\\\/faire-part-marque-page-dans-les-nuages\\\/\"]}]},{\"@type\":\"ImageObject\",\"inLanguage\":\"fr-FR\",\"@id\":\"https:\\\/\\\/lesgribouillisdarthur.fr\\\/index.php\\\/produit\\\/faire-part-marque-page-dans-les-nuages\\\/#primaryimage\",\"url\":\"https:\\\/\\\/lesgribouillisdarthur.fr\\\/wp-content\\\/uploads\\\/2022\\\/03\\\/Faire-part-theme-montgolfiere-2.jpg\",\"contentUrl\":\"https:\\\/\\\/lesgribouillisdarthur.fr\\\/wp-content\\\/uploads\\\/2022\\\/03\\\/Faire-part-theme-montgolfiere-2.jpg\",\"width\":2062,\"height\":2362,\"caption\":\"Vous \u00eates sur un petit nuage avec b\u00e9b\u00e9 ! Transmettez votre bonheur sur ce Faire-part - Marque page \\\"Dans les nuages\\\" original\"},{\"@type\":\"BreadcrumbList\",\"@id\":\"https:\\\/\\\/lesgribouillisdarthur.fr\\\/index.php\\\/produit\\\/faire-part-marque-page-dans-les-nuages\\\/#breadcrumb\",\"itemListElement\":[{\"@type\":\"ListItem\",\"position\":1,\"name\":\"Accueil\",\"item\":\"https:\\\/\\\/lesgribouillisdarthur.fr\\\/\"},{\"@type\":\"ListItem\",\"position\":2,\"name\":\"La boutique\",\"item\":\"https:\\\/\\\/lesgribouillisdarthur.fr\\\/?page_id=6553\"},{\"@type\":\"ListItem\",\"position\":3,\"name\":\"Faire-part &#8211; Marque page &#8220;Dans les nuages&#8221;\"}]},{\"@type\":\"WebSite\",\"@id\":\"https:\\\/\\\/lesgribouillisdarthur.fr\\\/#website\",\"url\":\"https:\\\/\\\/lesgribouillisdarthur.fr\\\/\",\"name\":\"Les Gribouillis d&#039;Arthur\",\"description\":\"Les Gribouillis d&#039;Arthur, cadeaux personnalis\u00e9s pour toute la famille\",\"publisher\":{\"@id\":\"https:\\\/\\\/lesgribouillisdarthur.fr\\\/#organization\"},\"potentialAction\":[{\"@type\":\"SearchAction\",\"target\":{\"@type\":\"EntryPoint\",\"urlTemplate\":\"https:\\\/\\\/lesgribouillisdarthur.fr\\\/?s={search_term_string}\"},\"query-input\":{\"@type\":\"PropertyValueSpecification\",\"valueRequired\":true,\"valueName\":\"search_term_string\"}}],\"inLanguage\":\"fr-FR\"},{\"@type\":\"Organization\",\"@id\":\"https:\\\/\\\/lesgribouillisdarthur.fr\\\/#organization\",\"name\":\"Les Gribouillis d&#039;Arthur\",\"url\":\"https:\\\/\\\/lesgribouillisdarthur.fr\\\/\",\"logo\":{\"@type\":\"ImageObject\",\"inLanguage\":\"fr-FR\",\"@id\":\"https:\\\/\\\/lesgribouillisdarthur.fr\\\/#\\\/schema\\\/logo\\\/image\\\/\",\"url\":\"https:\\\/\\\/lesgribouillisdarthur.fr\\\/wp-content\\\/uploads\\\/2022\\\/10\\\/cropped-cropped-cropped-cropped-cropped-cropped-logo-bleu-1.png\",\"contentUrl\":\"https:\\\/\\\/lesgribouillisdarthur.fr\\\/wp-content\\\/uploads\\\/2022\\\/10\\\/cropped-cropped-cropped-cropped-cropped-cropped-logo-bleu-1.png\",\"width\":254,\"height\":53,\"caption\":\"Les Gribouillis d&#039;Arthur\"},\"image\":{\"@id\":\"https:\\\/\\\/lesgribouillisdarthur.fr\\\/#\\\/schema\\\/logo\\\/image\\\/\"},\"sameAs\":[\"https:\\\/\\\/www.facebook.com\\\/lesgribouillisdarthur\",\"https:\\\/\\\/www.instagram.com\\\/lesgribouillisdarthur\\\/?hl=fr\"]}]}<\/script>\n<!-- \/ Yoast SEO plugin. -->","yoast_head_json":{"title":"Faire-part - Marque page \"Dans les nuages\" - Les Gribouillis d&#039;Arthur","description":"Vous \u00eates sur un petit nuage avec b\u00e9b\u00e9 ! Transmettez votre bonheur sur ce Faire-part - Marque page \"Dans les nuages\" original","robots":{"index":"index","follow":"follow","max-snippet":"max-snippet:-1","max-image-preview":"max-image-preview:large","max-video-preview":"max-video-preview:-1"},"canonical":"https:\/\/lesgribouillisdarthur.fr\/index.php\/produit\/faire-part-marque-page-dans-les-nuages\/","og_locale":"fr_FR","og_type":"article","og_title":"Faire-part - Marque page \"Dans les nuages\" - Les Gribouillis d&#039;Arthur","og_description":"Vous \u00eates sur un petit nuage avec b\u00e9b\u00e9 ! Transmettez votre bonheur sur ce Faire-part - Marque page \"Dans les nuages\" original","og_url":"https:\/\/lesgribouillisdarthur.fr\/index.php\/produit\/faire-part-marque-page-dans-les-nuages\/","og_site_name":"Les Gribouillis d&#039;Arthur","article_publisher":"https:\/\/www.facebook.com\/lesgribouillisdarthur","article_modified_time":"2023-06-28T09:18:04+00:00","og_image":[{"width":2062,"height":2362,"url":"https:\/\/lesgribouillisdarthur.fr\/wp-content\/uploads\/2022\/03\/Faire-part-theme-montgolfiere-2.jpg","type":"image\/jpeg"}],"twitter_card":"summary_large_image","twitter_misc":{"Dur\u00e9e de lecture estim\u00e9e":"2 minutes"},"schema":{"@context":"https:\/\/schema.org","@graph":[{"@type":"WebPage","@id":"https:\/\/lesgribouillisdarthur.fr\/index.php\/produit\/faire-part-marque-page-dans-les-nuages\/","url":"https:\/\/lesgribouillisdarthur.fr\/index.php\/produit\/faire-part-marque-page-dans-les-nuages\/","name":"Faire-part - Marque page \"Dans les nuages\" - Les Gribouillis d&#039;Arthur","isPartOf":{"@id":"https:\/\/lesgribouillisdarthur.fr\/#website"},"primaryImageOfPage":{"@id":"https:\/\/lesgribouillisdarthur.fr\/index.php\/produit\/faire-part-marque-page-dans-les-nuages\/#primaryimage"},"image":{"@id":"https:\/\/lesgribouillisdarthur.fr\/index.php\/produit\/faire-part-marque-page-dans-les-nuages\/#primaryimage"},"thumbnailUrl":"https:\/\/lesgribouillisdarthur.fr\/wp-content\/uploads\/2022\/03\/Faire-part-theme-montgolfiere-2.jpg","datePublished":"2022-03-28T09:38:38+00:00","dateModified":"2023-06-28T09:18:04+00:00","description":"Vous \u00eates sur un petit nuage avec b\u00e9b\u00e9 ! Transmettez votre bonheur sur ce Faire-part - Marque page \"Dans les nuages\" original","breadcrumb":{"@id":"https:\/\/lesgribouillisdarthur.fr\/index.php\/produit\/faire-part-marque-page-dans-les-nuages\/#breadcrumb"},"inLanguage":"fr-FR","potentialAction":[{"@type":"ReadAction","target":["https:\/\/lesgribouillisdarthur.fr\/index.php\/produit\/faire-part-marque-page-dans-les-nuages\/"]}]},{"@type":"ImageObject","inLanguage":"fr-FR","@id":"https:\/\/lesgribouillisdarthur.fr\/index.php\/produit\/faire-part-marque-page-dans-les-nuages\/#primaryimage","url":"https:\/\/lesgribouillisdarthur.fr\/wp-content\/uploads\/2022\/03\/Faire-part-theme-montgolfiere-2.jpg","contentUrl":"https:\/\/lesgribouillisdarthur.fr\/wp-content\/uploads\/2022\/03\/Faire-part-theme-montgolfiere-2.jpg","width":2062,"height":2362,"caption":"Vous \u00eates sur un petit nuage avec b\u00e9b\u00e9 ! Transmettez votre bonheur sur ce Faire-part - Marque page \"Dans les nuages\" original"},{"@type":"BreadcrumbList","@id":"https:\/\/lesgribouillisdarthur.fr\/index.php\/produit\/faire-part-marque-page-dans-les-nuages\/#breadcrumb","itemListElement":[{"@type":"ListItem","position":1,"name":"Accueil","item":"https:\/\/lesgribouillisdarthur.fr\/"},{"@type":"ListItem","position":2,"name":"La boutique","item":"https:\/\/lesgribouillisdarthur.fr\/?page_id=6553"},{"@type":"ListItem","position":3,"name":"Faire-part &#8211; Marque page &#8220;Dans les nuages&#8221;"}]},{"@type":"WebSite","@id":"https:\/\/lesgribouillisdarthur.fr\/#website","url":"https:\/\/lesgribouillisdarthur.fr\/","name":"Les Gribouillis d&#039;Arthur","description":"Les Gribouillis d&#039;Arthur, cadeaux personnalis\u00e9s pour toute la famille","publisher":{"@id":"https:\/\/lesgribouillisdarthur.fr\/#organization"},"potentialAction":[{"@type":"SearchAction","target":{"@type":"EntryPoint","urlTemplate":"https:\/\/lesgribouillisdarthur.fr\/?s={search_term_string}"},"query-input":{"@type":"PropertyValueSpecification","valueRequired":true,"valueName":"search_term_string"}}],"inLanguage":"fr-FR"},{"@type":"Organization","@id":"https:\/\/lesgribouillisdarthur.fr\/#organization","name":"Les Gribouillis d&#039;Arthur","url":"https:\/\/lesgribouillisdarthur.fr\/","logo":{"@type":"ImageObject","inLanguage":"fr-FR","@id":"https:\/\/lesgribouillisdarthur.fr\/#\/schema\/logo\/image\/","url":"https:\/\/lesgribouillisdarthur.fr\/wp-content\/uploads\/2022\/10\/cropped-cropped-cropped-cropped-cropped-cropped-logo-bleu-1.png","contentUrl":"https:\/\/lesgribouillisdarthur.fr\/wp-content\/uploads\/2022\/10\/cropped-cropped-cropped-cropped-cropped-cropped-logo-bleu-1.png","width":254,"height":53,"caption":"Les Gribouillis d&#039;Arthur"},"image":{"@id":"https:\/\/lesgribouillisdarthur.fr\/#\/schema\/logo\/image\/"},"sameAs":["https:\/\/www.facebook.com\/lesgribouillisdarthur","https:\/\/www.instagram.com\/lesgribouillisdarthur\/?hl=fr"]}]}},"uagb_featured_image_src":{"full":["https:\/\/lesgribouillisdarthur.fr\/wp-content\/uploads\/2022\/03\/Faire-part-theme-montgolfiere-2.jpg",2062,2362,false],"thumbnail":["https:\/\/lesgribouillisdarthur.fr\/wp-content\/uploads\/2022\/03\/Faire-part-theme-montgolfiere-2-150x150.jpg",150,150,true],"medium":["https:\/\/lesgribouillisdarthur.fr\/wp-content\/uploads\/2022\/03\/Faire-part-theme-montgolfiere-2-262x300.jpg",262,300,true],"medium_large":["https:\/\/lesgribouillisdarthur.fr\/wp-content\/uploads\/2022\/03\/Faire-part-theme-montgolfiere-2-768x880.jpg",768,880,true],"large":["https:\/\/lesgribouillisdarthur.fr\/wp-content\/uploads\/2022\/03\/Faire-part-theme-montgolfiere-2-894x1024.jpg",262,300,true],"1536x1536":["https:\/\/lesgribouillisdarthur.fr\/wp-content\/uploads\/2022\/03\/Faire-part-theme-montgolfiere-2-1341x1536.jpg",1341,1536,true],"2048x2048":["https:\/\/lesgribouillisdarthur.fr\/wp-content\/uploads\/2022\/03\/Faire-part-theme-montgolfiere-2-1788x2048.jpg",1788,2048,true],"woocommerce_thumbnail":["https:\/\/lesgribouillisdarthur.fr\/wp-content\/uploads\/2022\/03\/Faire-part-theme-montgolfiere-2-1200x1200.jpg",1200,1200,true],"woocommerce_single":["https:\/\/lesgribouillisdarthur.fr\/wp-content\/uploads\/2022\/03\/Faire-part-theme-montgolfiere-2-1200x1375.jpg",1200,1375,true],"woocommerce_gallery_thumbnail":["https:\/\/lesgribouillisdarthur.fr\/wp-content\/uploads\/2022\/03\/Faire-part-theme-montgolfiere-2-100x100.jpg",100,100,true]},"uagb_author_info":{"display_name":"admin7680","author_link":"https:\/\/lesgribouillisdarthur.fr\/index.php\/author\/"},"uagb_comment_info":0,"uagb_excerpt":"Faire-part de naissance Dans les nuages Les photos sont \u00e0 envoyer par mail \u00e0 cette adresse : lesgribouillisdarthur@gmail.com Le faire-part de naissance est la pi\u00e8ce maitresse de la papeterie qui accompagne l\u2019arriv\u00e9e de b\u00e9b\u00e9. Vous \u00eates fier et heureux de partager cette naissance avec tous ceux qui compte pour vous ! Vous voulez un message\u2026","_links":{"self":[{"href":"https:\/\/lesgribouillisdarthur.fr\/index.php\/wp-json\/wp\/v2\/product\/3439","targetHints":{"allow":["GET"]}}],"collection":[{"href":"https:\/\/lesgribouillisdarthur.fr\/index.php\/wp-json\/wp\/v2\/product"}],"about":[{"href":"https:\/\/lesgribouillisdarthur.fr\/index.php\/wp-json\/wp\/v2\/types\/product"}],"replies":[{"embeddable":true,"href":"https:\/\/lesgribouillisdarthur.fr\/index.php\/wp-json\/wp\/v2\/comments?post=3439"}],"wp:featuredmedia":[{"embeddable":true,"href":"https:\/\/lesgribouillisdarthur.fr\/index.php\/wp-json\/wp\/v2\/media\/3466"}],"wp:attachment":[{"href":"https:\/\/lesgribouillisdarthur.fr\/index.php\/wp-json\/wp\/v2\/media?parent=3439"}],"wp:term":[{"taxonomy":"product_brand","embeddable":true,"href":"https:\/\/lesgribouillisdarthur.fr\/index.php\/wp-json\/wp\/v2\/product_brand?post=3439"},{"taxonomy":"product_cat","embeddable":true,"href":"https:\/\/lesgribouillisdarthur.fr\/index.php\/wp-json\/wp\/v2\/product_cat?post=3439"},{"taxonomy":"product_tag","embeddable":true,"href":"https:\/\/lesgribouillisdarthur.fr\/index.php\/wp-json\/wp\/v2\/product_tag?post=3439"}],"curies":[{"name":"wp","href":"https:\/\/api.w.org\/{rel}","templated":true}]}}