{"id":3542,"date":"2022-03-28T15:33:20","date_gmt":"2022-03-28T13:33:20","guid":{"rendered":"https:\/\/lesgribouillisdarthur.fr\/?post_type=product&#038;p=3542"},"modified":"2023-06-28T10:08:41","modified_gmt":"2023-06-28T08:08:41","slug":"etiquettes-a-enveloppes-boheme","status":"publish","type":"product","link":"https:\/\/lesgribouillisdarthur.fr\/index.php\/produit\/etiquettes-a-enveloppes-boheme\/","title":{"rendered":"\u00c9tiquettes \u00e0 enveloppes Boh\u00e8me"},"content":{"rendered":"<p><strong>\u00c9tiquettes \u00e0 enveloppes Boh\u00e8me<\/strong><\/p>\n<p>Soyez attentif aux moindres d\u00e9tails de vos correspondance de grossesse et de naissance avec les \u00e9tiquettes \u00e0 enveloppes Boh\u00e8me assorties. Coll\u00e9e sur l\u2019enveloppe, l\u2019\u00e9tiquette personnalis\u00e9e est la petite attention qui cr\u00e9\u00e9e l\u2019\u00e9motion chez vos proches avant m\u00eame qu\u2019ils n&rsquo;ouvrent le courrier. Choisies en harmonie avec vos papeteries de naissance, les \u00e9tiquettes \u00e0 enveloppes personnalis\u00e9es compl\u00e8tent la beaut\u00e9 de votre message dans un envoi soign\u00e9 et raffin\u00e9.<\/p>\n<p><em>Le mod\u00e8le Boh\u00e8me est charmant et discret ! Un pur th\u00e8me de naissance printanier, tendres couronne fleurie et couleurs pastels, qui ne laisse aucun doute sur votre annonce.<br \/>\n<\/em><\/p>\n<p><strong>Caract\u00e9ristiques du produit\u00a0: <\/strong><\/p>\n<p>&#8211; 4 cm de diam\u00e8tre<br \/>\n\u2013 Enveloppes blanches au format<\/p>\n<p>\u2013 Poids moins de &lt;20g dans son enveloppe<\/p>\n<p><strong>Personnalisation<\/strong> avec le pr\u00e9nom et la date de naissance<\/p>\n<div>\n<p><b>Pour toute autre demande (quantit\u00e9 sup\u00e9rieur \u00e0 200, option bords arrondis\u00a0\u2026) vous pouvez me contacter par mail : lesgribouillisdarthur@gmail.com<\/b><\/p>\n<p>D&rsquo;autres mod\u00e8les? <a href=\"https:\/\/lesgribouillisdarthur.fr\/index.php\/categorie-produit\/naissance\/etiquettes-a-enveloppes\/\" target=\"_blank\" rel=\"noopener\">Cliquez ici<\/a><br \/>\nJe suis \u00e9galement sur les r\u00e9seaux alors suivez moi :<br \/>\n\u2022 Facebook : <a href=\"https:\/\/www.facebook.com\/lesgribouillisdarthur\" target=\"_blank\" rel=\"noopener\">@LesgribouillisdArthur<\/a><br \/>\n\u2022 Instagram : <a href=\"https:\/\/instagram.com\/lesgribouillisdarthur?igshid=YmMyMTA2M2Y\" target=\"_blank\" rel=\"noopener\">@LesGribouillisd\u2019Arthur<\/a><\/p>\n<p>\u00a9 Les gribouillis d\u2019Arthur \u2013 Tous droits de reproduction interdits.<\/p>\n<\/div>\n","protected":false},"excerpt":{"rendered":"<div class=\"display-flex-xs pt-xs-1 pb-xs-1 ml-xs-1 ml-md-0\">\n<p><strong>\u00c9tiquettes \u00e0 enveloppes<\/strong><\/p>\n<p>Soyez attentif aux moindres d\u00e9tails de vos correspondance de grossesse et de naissance avec les \u00e9tiquettes \u00e0 enveloppes assorties. Coll\u00e9e sur l\u2019enveloppe, l\u2019\u00e9tiquette personnalis\u00e9e est la petite attention qui cr\u00e9\u00e9e l\u2019\u00e9motion chez vos proches avant m\u00eame qu\u2019ils n&rsquo;ouvrent le courrier. Choisies en harmonie avec vos papeteries de naissance, les \u00e9tiquettes \u00e0 enveloppes personnalis\u00e9es compl\u00e8tent la beaut\u00e9 de votre message dans un envoi soign\u00e9 et raffin\u00e9.<\/p>\n<p><em>Le mod\u00e8le Boh\u00e8me est charmant et discret ! Un pur th\u00e8me de naissance printanier, tendres couronne fleurie et couleurs pastels, qui ne laisse aucun doute sur votre annonce.<\/em><\/p>\n<\/div>\n","protected":false},"featured_media":3572,"comment_status":"open","ping_status":"closed","template":"","meta":{"_uag_custom_page_level_css":"","_monsterinsights_skip_tracking":false,"_monsterinsights_sitenote_active":false,"_monsterinsights_sitenote_note":"","_monsterinsights_sitenote_category":0,"site-sidebar-layout":"default","site-content-layout":"default","ast-site-content-layout":"","site-content-style":"default","site-sidebar-style":"default","ast-global-header-display":"","ast-banner-title-visibility":"","ast-main-header-display":"","ast-hfb-above-header-display":"","ast-hfb-below-header-display":"","ast-hfb-mobile-header-display":"","site-post-title":"","ast-breadcrumbs-content":"","ast-featured-img":"","footer-sml-layout":"","theme-transparent-header-meta":"default","adv-header-id-meta":"","stick-header-meta":"","header-above-stick-meta":"","header-main-stick-meta":"","header-below-stick-meta":"","astra-migrate-meta-layouts":"default","ast-page-background-enabled":"default","ast-page-background-meta":{"desktop":{"background-color":"","background-image":"","background-repeat":"repeat","background-position":"center center","background-size":"auto","background-attachment":"scroll","background-type":"","background-media":"","overlay-type":"","overlay-color":"","overlay-opacity":"","overlay-gradient":""},"tablet":{"background-color":"","background-image":"","background-repeat":"repeat","background-position":"center center","background-size":"auto","background-attachment":"scroll","background-type":"","background-media":"","overlay-type":"","overlay-color":"","overlay-opacity":"","overlay-gradient":""},"mobile":{"background-color":"","background-image":"","background-repeat":"repeat","background-position":"center center","background-size":"auto","background-attachment":"scroll","background-type":"","background-media":"","overlay-type":"","overlay-color":"","overlay-opacity":"","overlay-gradient":""}},"ast-content-background-meta":{"desktop":{"background-color":"var(--ast-global-color-5)","background-image":"","background-repeat":"repeat","background-position":"center center","background-size":"auto","background-attachment":"scroll","background-type":"","background-media":"","overlay-type":"","overlay-color":"","overlay-opacity":"","overlay-gradient":""},"tablet":{"background-color":"var(--ast-global-color-5)","background-image":"","background-repeat":"repeat","background-position":"center center","background-size":"auto","background-attachment":"scroll","background-type":"","background-media":"","overlay-type":"","overlay-color":"","overlay-opacity":"","overlay-gradient":""},"mobile":{"background-color":"var(--ast-global-color-5)","background-image":"","background-repeat":"repeat","background-position":"center center","background-size":"auto","background-attachment":"scroll","background-type":"","background-media":"","overlay-type":"","overlay-color":"","overlay-opacity":"","overlay-gradient":""}},"_themeisle_gutenberg_block_has_review":false},"product_brand":[],"product_cat":[86],"product_tag":[],"class_list":{"0":"post-3542","1":"product","2":"type-product","3":"status-publish","4":"has-post-thumbnail","6":"product_cat-etiquettes-a-enveloppes","7":"desktop-align-center","8":"tablet-align-left","9":"mobile-align-left","10":"wcpa_has_options","12":"first","13":"instock","14":"taxable","15":"shipping-taxable","16":"purchasable","17":"product-type-variable"},"yoast_head":"<!-- This site is optimized with the Yoast SEO plugin v27.3 - https:\/\/yoast.com\/product\/yoast-seo-wordpress\/ -->\n<title>\u00c9tiquettes \u00e0 enveloppes Boh\u00e8me - Les Gribouillis d&#039;Arthur<\/title>\n<meta name=\"description\" content=\"Choisissez des \u00c9tiquettes \u00e0 enveloppes Boh\u00e8me pour une papeterie de naissance harmonieuse et cr\u00e9er l&#039;\u00e9motion d\u00e8s la r\u00e9ception du courrier !\" \/>\n<meta name=\"robots\" content=\"index, follow, max-snippet:-1, max-image-preview:large, max-video-preview:-1\" \/>\n<link rel=\"canonical\" href=\"https:\/\/lesgribouillisdarthur.fr\/index.php\/produit\/etiquettes-a-enveloppes-boheme\/\" \/>\n<meta property=\"og:locale\" content=\"fr_FR\" \/>\n<meta property=\"og:type\" content=\"article\" \/>\n<meta property=\"og:title\" content=\"\u00c9tiquettes \u00e0 enveloppes Boh\u00e8me - Les Gribouillis d&#039;Arthur\" \/>\n<meta property=\"og:description\" content=\"Choisissez des \u00c9tiquettes \u00e0 enveloppes Boh\u00e8me pour une papeterie de naissance harmonieuse et cr\u00e9er l&#039;\u00e9motion d\u00e8s la r\u00e9ception du courrier !\" \/>\n<meta property=\"og:url\" content=\"https:\/\/lesgribouillisdarthur.fr\/index.php\/produit\/etiquettes-a-enveloppes-boheme\/\" \/>\n<meta property=\"og:site_name\" content=\"Les Gribouillis d&#039;Arthur\" \/>\n<meta property=\"article:publisher\" content=\"https:\/\/www.facebook.com\/lesgribouillisdarthur\" \/>\n<meta property=\"article:modified_time\" content=\"2023-06-28T08:08:41+00:00\" \/>\n<meta property=\"og:image\" content=\"https:\/\/lesgribouillisdarthur.fr\/wp-content\/uploads\/2022\/03\/lea_etiquette-scaled.jpg\" \/>\n\t<meta property=\"og:image:width\" content=\"2560\" \/>\n\t<meta property=\"og:image:height\" content=\"1466\" \/>\n\t<meta property=\"og:image:type\" content=\"image\/jpeg\" \/>\n<meta name=\"twitter:card\" content=\"summary_large_image\" \/>\n<meta name=\"twitter:label1\" content=\"Dur\u00e9e de lecture estim\u00e9e\" \/>\n\t<meta name=\"twitter:data1\" content=\"1 minute\" \/>\n<script type=\"application\/ld+json\" class=\"yoast-schema-graph\">{\"@context\":\"https:\\\/\\\/schema.org\",\"@graph\":[{\"@type\":\"WebPage\",\"@id\":\"https:\\\/\\\/lesgribouillisdarthur.fr\\\/index.php\\\/produit\\\/etiquettes-a-enveloppes-boheme\\\/\",\"url\":\"https:\\\/\\\/lesgribouillisdarthur.fr\\\/index.php\\\/produit\\\/etiquettes-a-enveloppes-boheme\\\/\",\"name\":\"\u00c9tiquettes \u00e0 enveloppes Boh\u00e8me - Les Gribouillis d&#039;Arthur\",\"isPartOf\":{\"@id\":\"https:\\\/\\\/lesgribouillisdarthur.fr\\\/#website\"},\"primaryImageOfPage\":{\"@id\":\"https:\\\/\\\/lesgribouillisdarthur.fr\\\/index.php\\\/produit\\\/etiquettes-a-enveloppes-boheme\\\/#primaryimage\"},\"image\":{\"@id\":\"https:\\\/\\\/lesgribouillisdarthur.fr\\\/index.php\\\/produit\\\/etiquettes-a-enveloppes-boheme\\\/#primaryimage\"},\"thumbnailUrl\":\"https:\\\/\\\/lesgribouillisdarthur.fr\\\/wp-content\\\/uploads\\\/2022\\\/03\\\/lea_etiquette-scaled.jpg\",\"datePublished\":\"2022-03-28T13:33:20+00:00\",\"dateModified\":\"2023-06-28T08:08:41+00:00\",\"description\":\"Choisissez des \u00c9tiquettes \u00e0 enveloppes Boh\u00e8me pour une papeterie de naissance harmonieuse et cr\u00e9er l'\u00e9motion d\u00e8s la r\u00e9ception du courrier !\",\"breadcrumb\":{\"@id\":\"https:\\\/\\\/lesgribouillisdarthur.fr\\\/index.php\\\/produit\\\/etiquettes-a-enveloppes-boheme\\\/#breadcrumb\"},\"inLanguage\":\"fr-FR\",\"potentialAction\":[{\"@type\":\"ReadAction\",\"target\":[\"https:\\\/\\\/lesgribouillisdarthur.fr\\\/index.php\\\/produit\\\/etiquettes-a-enveloppes-boheme\\\/\"]}]},{\"@type\":\"ImageObject\",\"inLanguage\":\"fr-FR\",\"@id\":\"https:\\\/\\\/lesgribouillisdarthur.fr\\\/index.php\\\/produit\\\/etiquettes-a-enveloppes-boheme\\\/#primaryimage\",\"url\":\"https:\\\/\\\/lesgribouillisdarthur.fr\\\/wp-content\\\/uploads\\\/2022\\\/03\\\/lea_etiquette-scaled.jpg\",\"contentUrl\":\"https:\\\/\\\/lesgribouillisdarthur.fr\\\/wp-content\\\/uploads\\\/2022\\\/03\\\/lea_etiquette-scaled.jpg\",\"width\":2560,\"height\":1466,\"caption\":\"Choisissez des \u00c9tiquettes \u00e0 enveloppes Boh\u00e8me pour une papeterie de naissance harmonieuse et cr\u00e9er l'\u00e9motion d\u00e8s la r\u00e9ception du courrier !\"},{\"@type\":\"BreadcrumbList\",\"@id\":\"https:\\\/\\\/lesgribouillisdarthur.fr\\\/index.php\\\/produit\\\/etiquettes-a-enveloppes-boheme\\\/#breadcrumb\",\"itemListElement\":[{\"@type\":\"ListItem\",\"position\":1,\"name\":\"Accueil\",\"item\":\"https:\\\/\\\/lesgribouillisdarthur.fr\\\/\"},{\"@type\":\"ListItem\",\"position\":2,\"name\":\"La boutique\",\"item\":\"https:\\\/\\\/lesgribouillisdarthur.fr\\\/?page_id=6553\"},{\"@type\":\"ListItem\",\"position\":3,\"name\":\"\u00c9tiquettes \u00e0 enveloppes Boh\u00e8me\"}]},{\"@type\":\"WebSite\",\"@id\":\"https:\\\/\\\/lesgribouillisdarthur.fr\\\/#website\",\"url\":\"https:\\\/\\\/lesgribouillisdarthur.fr\\\/\",\"name\":\"Les Gribouillis d&#039;Arthur\",\"description\":\"Les Gribouillis d&#039;Arthur, cadeaux personnalis\u00e9s pour toute la famille\",\"publisher\":{\"@id\":\"https:\\\/\\\/lesgribouillisdarthur.fr\\\/#organization\"},\"potentialAction\":[{\"@type\":\"SearchAction\",\"target\":{\"@type\":\"EntryPoint\",\"urlTemplate\":\"https:\\\/\\\/lesgribouillisdarthur.fr\\\/?s={search_term_string}\"},\"query-input\":{\"@type\":\"PropertyValueSpecification\",\"valueRequired\":true,\"valueName\":\"search_term_string\"}}],\"inLanguage\":\"fr-FR\"},{\"@type\":\"Organization\",\"@id\":\"https:\\\/\\\/lesgribouillisdarthur.fr\\\/#organization\",\"name\":\"Les Gribouillis d&#039;Arthur\",\"url\":\"https:\\\/\\\/lesgribouillisdarthur.fr\\\/\",\"logo\":{\"@type\":\"ImageObject\",\"inLanguage\":\"fr-FR\",\"@id\":\"https:\\\/\\\/lesgribouillisdarthur.fr\\\/#\\\/schema\\\/logo\\\/image\\\/\",\"url\":\"https:\\\/\\\/lesgribouillisdarthur.fr\\\/wp-content\\\/uploads\\\/2022\\\/10\\\/cropped-cropped-cropped-cropped-cropped-cropped-logo-bleu-1.png\",\"contentUrl\":\"https:\\\/\\\/lesgribouillisdarthur.fr\\\/wp-content\\\/uploads\\\/2022\\\/10\\\/cropped-cropped-cropped-cropped-cropped-cropped-logo-bleu-1.png\",\"width\":254,\"height\":53,\"caption\":\"Les Gribouillis d&#039;Arthur\"},\"image\":{\"@id\":\"https:\\\/\\\/lesgribouillisdarthur.fr\\\/#\\\/schema\\\/logo\\\/image\\\/\"},\"sameAs\":[\"https:\\\/\\\/www.facebook.com\\\/lesgribouillisdarthur\",\"https:\\\/\\\/www.instagram.com\\\/lesgribouillisdarthur\\\/?hl=fr\"]}]}<\/script>\n<!-- \/ Yoast SEO plugin. -->","yoast_head_json":{"title":"\u00c9tiquettes \u00e0 enveloppes Boh\u00e8me - Les Gribouillis d&#039;Arthur","description":"Choisissez des \u00c9tiquettes \u00e0 enveloppes Boh\u00e8me pour une papeterie de naissance harmonieuse et cr\u00e9er l'\u00e9motion d\u00e8s la r\u00e9ception du courrier !","robots":{"index":"index","follow":"follow","max-snippet":"max-snippet:-1","max-image-preview":"max-image-preview:large","max-video-preview":"max-video-preview:-1"},"canonical":"https:\/\/lesgribouillisdarthur.fr\/index.php\/produit\/etiquettes-a-enveloppes-boheme\/","og_locale":"fr_FR","og_type":"article","og_title":"\u00c9tiquettes \u00e0 enveloppes Boh\u00e8me - Les Gribouillis d&#039;Arthur","og_description":"Choisissez des \u00c9tiquettes \u00e0 enveloppes Boh\u00e8me pour une papeterie de naissance harmonieuse et cr\u00e9er l'\u00e9motion d\u00e8s la r\u00e9ception du courrier !","og_url":"https:\/\/lesgribouillisdarthur.fr\/index.php\/produit\/etiquettes-a-enveloppes-boheme\/","og_site_name":"Les Gribouillis d&#039;Arthur","article_publisher":"https:\/\/www.facebook.com\/lesgribouillisdarthur","article_modified_time":"2023-06-28T08:08:41+00:00","og_image":[{"width":2560,"height":1466,"url":"https:\/\/lesgribouillisdarthur.fr\/wp-content\/uploads\/2022\/03\/lea_etiquette-scaled.jpg","type":"image\/jpeg"}],"twitter_card":"summary_large_image","twitter_misc":{"Dur\u00e9e de lecture estim\u00e9e":"1 minute"},"schema":{"@context":"https:\/\/schema.org","@graph":[{"@type":"WebPage","@id":"https:\/\/lesgribouillisdarthur.fr\/index.php\/produit\/etiquettes-a-enveloppes-boheme\/","url":"https:\/\/lesgribouillisdarthur.fr\/index.php\/produit\/etiquettes-a-enveloppes-boheme\/","name":"\u00c9tiquettes \u00e0 enveloppes Boh\u00e8me - Les Gribouillis d&#039;Arthur","isPartOf":{"@id":"https:\/\/lesgribouillisdarthur.fr\/#website"},"primaryImageOfPage":{"@id":"https:\/\/lesgribouillisdarthur.fr\/index.php\/produit\/etiquettes-a-enveloppes-boheme\/#primaryimage"},"image":{"@id":"https:\/\/lesgribouillisdarthur.fr\/index.php\/produit\/etiquettes-a-enveloppes-boheme\/#primaryimage"},"thumbnailUrl":"https:\/\/lesgribouillisdarthur.fr\/wp-content\/uploads\/2022\/03\/lea_etiquette-scaled.jpg","datePublished":"2022-03-28T13:33:20+00:00","dateModified":"2023-06-28T08:08:41+00:00","description":"Choisissez des \u00c9tiquettes \u00e0 enveloppes Boh\u00e8me pour une papeterie de naissance harmonieuse et cr\u00e9er l'\u00e9motion d\u00e8s la r\u00e9ception du courrier !","breadcrumb":{"@id":"https:\/\/lesgribouillisdarthur.fr\/index.php\/produit\/etiquettes-a-enveloppes-boheme\/#breadcrumb"},"inLanguage":"fr-FR","potentialAction":[{"@type":"ReadAction","target":["https:\/\/lesgribouillisdarthur.fr\/index.php\/produit\/etiquettes-a-enveloppes-boheme\/"]}]},{"@type":"ImageObject","inLanguage":"fr-FR","@id":"https:\/\/lesgribouillisdarthur.fr\/index.php\/produit\/etiquettes-a-enveloppes-boheme\/#primaryimage","url":"https:\/\/lesgribouillisdarthur.fr\/wp-content\/uploads\/2022\/03\/lea_etiquette-scaled.jpg","contentUrl":"https:\/\/lesgribouillisdarthur.fr\/wp-content\/uploads\/2022\/03\/lea_etiquette-scaled.jpg","width":2560,"height":1466,"caption":"Choisissez des \u00c9tiquettes \u00e0 enveloppes Boh\u00e8me pour une papeterie de naissance harmonieuse et cr\u00e9er l'\u00e9motion d\u00e8s la r\u00e9ception du courrier !"},{"@type":"BreadcrumbList","@id":"https:\/\/lesgribouillisdarthur.fr\/index.php\/produit\/etiquettes-a-enveloppes-boheme\/#breadcrumb","itemListElement":[{"@type":"ListItem","position":1,"name":"Accueil","item":"https:\/\/lesgribouillisdarthur.fr\/"},{"@type":"ListItem","position":2,"name":"La boutique","item":"https:\/\/lesgribouillisdarthur.fr\/?page_id=6553"},{"@type":"ListItem","position":3,"name":"\u00c9tiquettes \u00e0 enveloppes Boh\u00e8me"}]},{"@type":"WebSite","@id":"https:\/\/lesgribouillisdarthur.fr\/#website","url":"https:\/\/lesgribouillisdarthur.fr\/","name":"Les Gribouillis d&#039;Arthur","description":"Les Gribouillis d&#039;Arthur, cadeaux personnalis\u00e9s pour toute la famille","publisher":{"@id":"https:\/\/lesgribouillisdarthur.fr\/#organization"},"potentialAction":[{"@type":"SearchAction","target":{"@type":"EntryPoint","urlTemplate":"https:\/\/lesgribouillisdarthur.fr\/?s={search_term_string}"},"query-input":{"@type":"PropertyValueSpecification","valueRequired":true,"valueName":"search_term_string"}}],"inLanguage":"fr-FR"},{"@type":"Organization","@id":"https:\/\/lesgribouillisdarthur.fr\/#organization","name":"Les Gribouillis d&#039;Arthur","url":"https:\/\/lesgribouillisdarthur.fr\/","logo":{"@type":"ImageObject","inLanguage":"fr-FR","@id":"https:\/\/lesgribouillisdarthur.fr\/#\/schema\/logo\/image\/","url":"https:\/\/lesgribouillisdarthur.fr\/wp-content\/uploads\/2022\/10\/cropped-cropped-cropped-cropped-cropped-cropped-logo-bleu-1.png","contentUrl":"https:\/\/lesgribouillisdarthur.fr\/wp-content\/uploads\/2022\/10\/cropped-cropped-cropped-cropped-cropped-cropped-logo-bleu-1.png","width":254,"height":53,"caption":"Les Gribouillis d&#039;Arthur"},"image":{"@id":"https:\/\/lesgribouillisdarthur.fr\/#\/schema\/logo\/image\/"},"sameAs":["https:\/\/www.facebook.com\/lesgribouillisdarthur","https:\/\/www.instagram.com\/lesgribouillisdarthur\/?hl=fr"]}]}},"uagb_featured_image_src":{"full":["https:\/\/lesgribouillisdarthur.fr\/wp-content\/uploads\/2022\/03\/lea_etiquette-scaled.jpg",2560,1466,false],"thumbnail":["https:\/\/lesgribouillisdarthur.fr\/wp-content\/uploads\/2022\/03\/lea_etiquette-150x150.jpg",150,150,true],"medium":["https:\/\/lesgribouillisdarthur.fr\/wp-content\/uploads\/2022\/03\/lea_etiquette-300x172.jpg",300,172,true],"medium_large":["https:\/\/lesgribouillisdarthur.fr\/wp-content\/uploads\/2022\/03\/lea_etiquette-768x440.jpg",768,440,true],"large":["https:\/\/lesgribouillisdarthur.fr\/wp-content\/uploads\/2022\/03\/lea_etiquette-1024x586.jpg",300,172,true],"1536x1536":["https:\/\/lesgribouillisdarthur.fr\/wp-content\/uploads\/2022\/03\/lea_etiquette-1536x880.jpg",1536,880,true],"2048x2048":["https:\/\/lesgribouillisdarthur.fr\/wp-content\/uploads\/2022\/03\/lea_etiquette-2048x1173.jpg",2048,1173,true],"woocommerce_thumbnail":["https:\/\/lesgribouillisdarthur.fr\/wp-content\/uploads\/2022\/03\/lea_etiquette-scaled-1200x1200.jpg",1200,1200,true],"woocommerce_single":["https:\/\/lesgribouillisdarthur.fr\/wp-content\/uploads\/2022\/03\/lea_etiquette-scaled-1200x687.jpg",1200,687,true],"woocommerce_gallery_thumbnail":["https:\/\/lesgribouillisdarthur.fr\/wp-content\/uploads\/2022\/03\/lea_etiquette-scaled-100x100.jpg",100,100,true]},"uagb_author_info":{"display_name":"admin7680","author_link":"https:\/\/lesgribouillisdarthur.fr\/index.php\/author\/"},"uagb_comment_info":0,"uagb_excerpt":"\u00c9tiquettes \u00e0 enveloppes Soyez attentif aux moindres d\u00e9tails de vos correspondance de grossesse et de naissance avec les \u00e9tiquettes \u00e0 enveloppes assorties. Coll\u00e9e sur l\u2019enveloppe, l\u2019\u00e9tiquette personnalis\u00e9e est la petite attention qui cr\u00e9\u00e9e l\u2019\u00e9motion chez vos proches avant m\u00eame qu\u2019ils n'ouvrent le courrier. Choisies en harmonie avec vos papeteries de naissance, les \u00e9tiquettes \u00e0 enveloppes\u2026","_links":{"self":[{"href":"https:\/\/lesgribouillisdarthur.fr\/index.php\/wp-json\/wp\/v2\/product\/3542","targetHints":{"allow":["GET"]}}],"collection":[{"href":"https:\/\/lesgribouillisdarthur.fr\/index.php\/wp-json\/wp\/v2\/product"}],"about":[{"href":"https:\/\/lesgribouillisdarthur.fr\/index.php\/wp-json\/wp\/v2\/types\/product"}],"replies":[{"embeddable":true,"href":"https:\/\/lesgribouillisdarthur.fr\/index.php\/wp-json\/wp\/v2\/comments?post=3542"}],"wp:featuredmedia":[{"embeddable":true,"href":"https:\/\/lesgribouillisdarthur.fr\/index.php\/wp-json\/wp\/v2\/media\/3572"}],"wp:attachment":[{"href":"https:\/\/lesgribouillisdarthur.fr\/index.php\/wp-json\/wp\/v2\/media?parent=3542"}],"wp:term":[{"taxonomy":"product_brand","embeddable":true,"href":"https:\/\/lesgribouillisdarthur.fr\/index.php\/wp-json\/wp\/v2\/product_brand?post=3542"},{"taxonomy":"product_cat","embeddable":true,"href":"https:\/\/lesgribouillisdarthur.fr\/index.php\/wp-json\/wp\/v2\/product_cat?post=3542"},{"taxonomy":"product_tag","embeddable":true,"href":"https:\/\/lesgribouillisdarthur.fr\/index.php\/wp-json\/wp\/v2\/product_tag?post=3542"}],"curies":[{"name":"wp","href":"https:\/\/api.w.org\/{rel}","templated":true}]}}