{"id":3659,"date":"2022-03-28T15:45:18","date_gmt":"2022-03-28T13:45:18","guid":{"rendered":"https:\/\/lesgribouillisdarthur.fr\/?post_type=product&#038;p=3659"},"modified":"2023-06-28T10:15:56","modified_gmt":"2023-06-28T08:15:56","slug":"etiquette-a-enveloppes-mixtes","status":"publish","type":"product","link":"https:\/\/lesgribouillisdarthur.fr\/index.php\/produit\/etiquette-a-enveloppes-mixtes\/","title":{"rendered":"\u00e9tiquettes \u00e0 enveloppes mixtes"},"content":{"rendered":"<p><strong>\u00c9tiquettes \u00e0 enveloppes<\/strong><\/p>\n<p>Soyez attentif aux moindres d\u00e9tails de vos correspondance de grossesse et de naissance avec les \u00e9tiquettes \u00e0 enveloppes mixtes assorties. Coll\u00e9e sur l\u2019enveloppe, l\u2019\u00e9tiquette personnalis\u00e9e est la petite attention qui cr\u00e9\u00e9e l\u2019\u00e9motion chez vos proches avant m\u00eame qu\u2019ils n&rsquo;ouvrent le courrier. Choisies en harmonie avec vos papeteries de naissance, les \u00e9tiquettes \u00e0 enveloppes mixtes personnalis\u00e9es compl\u00e8tent la beaut\u00e9 de votre message dans un envoi soign\u00e9 et raffin\u00e9.<\/p>\n<p><em>Simplicit\u00e9 graphique pour ce mod\u00e8le neutre tout en finesse qui convient aussi bien pour annoncer l&rsquo;arriv\u00e9e d&rsquo;une petite fille que d&rsquo;un petit gar\u00e7on.<\/em><\/p>\n<p><strong>Caract\u00e9ristiques du produit\u00a0: <\/strong><\/p>\n<p>&#8211; 4 cm de diam\u00e8tre<br \/>\n\u2013 Enveloppes blanches au format<\/p>\n<p>\u2013 Poids moins de &lt;20g dans son enveloppe<\/p>\n<p><strong>Personnalisation<\/strong> avec le pr\u00e9nom et la date de naissance<\/p>\n<div>\n<p><b>Pour toute autre demande (quantit\u00e9 sup\u00e9rieur \u00e0 200, option bords arrondis\u00a0\u2026) vous pouvez me contacter par mail : lesgribouillisdarthur@gmail.com<\/b><\/p>\n<p>D&rsquo;autres mod\u00e8les? <a href=\"https:\/\/lesgribouillisdarthur.fr\/index.php\/categorie-produit\/naissance\/etiquettes-a-enveloppes\/\" target=\"_blank\" rel=\"noopener\">Cliquez ici<\/a><br \/>\nJe suis \u00e9galement sur les r\u00e9seaux alors suivez moi :<br \/>\n\u2022 Facebook : <a href=\"https:\/\/www.facebook.com\/lesgribouillisdarthur\" target=\"_blank\" rel=\"noopener\">@LesgribouillisdArthur<\/a><br \/>\n\u2022 Instagram : <a href=\"https:\/\/instagram.com\/lesgribouillisdarthur?igshid=YmMyMTA2M2Y\" target=\"_blank\" rel=\"noopener\">@LesGribouillisd\u2019Arthur<\/a><\/p>\n<p>\u00a9 Les gribouillis d\u2019Arthur \u2013 Tous droits de reproduction interdits.<\/p>\n<\/div>\n","protected":false},"excerpt":{"rendered":"<div class=\"display-flex-xs pt-xs-1 pb-xs-1 ml-xs-1 ml-md-0\">\n<p><strong>\u00e9tiquettes \u00e0 enveloppes mixtes<\/strong><\/p>\n<p>Soyez attentif aux moindres d\u00e9tails de vos correspondance de grossesse et de naissance avec les \u00e9tiquettes \u00e0 enveloppes assorties. Coll\u00e9e sur l\u2019enveloppe, l\u2019\u00e9tiquette personnalis\u00e9e est la petite attention qui cr\u00e9\u00e9e l\u2019\u00e9motion chez vos proches avant m\u00eame qu\u2019ils n&rsquo;ouvrent le courrier. Choisies en harmonie avec vos papeteries de naissance, les \u00e9tiquettes \u00e0 enveloppes personnalis\u00e9es compl\u00e8tent la beaut\u00e9 de votre message dans un envoi soign\u00e9 et raffin\u00e9.<\/p>\n<p><em>Simplicit\u00e9 graphique pour ce mod\u00e8le neutre tout en finesse qui convient aussi bien pour annoncer l&rsquo;arriv\u00e9e d&rsquo;une petite fille que d&rsquo;un petit gar\u00e7on.<\/em><\/p>\n<\/div>\n","protected":false},"featured_media":3688,"comment_status":"open","ping_status":"closed","template":"","meta":{"_uag_custom_page_level_css":"","_monsterinsights_skip_tracking":false,"_monsterinsights_sitenote_active":false,"_monsterinsights_sitenote_note":"","_monsterinsights_sitenote_category":0,"site-sidebar-layout":"default","site-content-layout":"default","ast-site-content-layout":"","site-content-style":"default","site-sidebar-style":"default","ast-global-header-display":"","ast-banner-title-visibility":"","ast-main-header-display":"","ast-hfb-above-header-display":"","ast-hfb-below-header-display":"","ast-hfb-mobile-header-display":"","site-post-title":"","ast-breadcrumbs-content":"","ast-featured-img":"","footer-sml-layout":"","theme-transparent-header-meta":"default","adv-header-id-meta":"","stick-header-meta":"","header-above-stick-meta":"","header-main-stick-meta":"","header-below-stick-meta":"","astra-migrate-meta-layouts":"default","ast-page-background-enabled":"default","ast-page-background-meta":{"desktop":{"background-color":"","background-image":"","background-repeat":"repeat","background-position":"center center","background-size":"auto","background-attachment":"scroll","background-type":"","background-media":"","overlay-type":"","overlay-color":"","overlay-opacity":"","overlay-gradient":""},"tablet":{"background-color":"","background-image":"","background-repeat":"repeat","background-position":"center center","background-size":"auto","background-attachment":"scroll","background-type":"","background-media":"","overlay-type":"","overlay-color":"","overlay-opacity":"","overlay-gradient":""},"mobile":{"background-color":"","background-image":"","background-repeat":"repeat","background-position":"center center","background-size":"auto","background-attachment":"scroll","background-type":"","background-media":"","overlay-type":"","overlay-color":"","overlay-opacity":"","overlay-gradient":""}},"ast-content-background-meta":{"desktop":{"background-color":"var(--ast-global-color-5)","background-image":"","background-repeat":"repeat","background-position":"center center","background-size":"auto","background-attachment":"scroll","background-type":"","background-media":"","overlay-type":"","overlay-color":"","overlay-opacity":"","overlay-gradient":""},"tablet":{"background-color":"var(--ast-global-color-5)","background-image":"","background-repeat":"repeat","background-position":"center center","background-size":"auto","background-attachment":"scroll","background-type":"","background-media":"","overlay-type":"","overlay-color":"","overlay-opacity":"","overlay-gradient":""},"mobile":{"background-color":"var(--ast-global-color-5)","background-image":"","background-repeat":"repeat","background-position":"center center","background-size":"auto","background-attachment":"scroll","background-type":"","background-media":"","overlay-type":"","overlay-color":"","overlay-opacity":"","overlay-gradient":""}},"_themeisle_gutenberg_block_has_review":false},"product_brand":[],"product_cat":[86],"product_tag":[],"class_list":{"0":"post-3659","1":"product","2":"type-product","3":"status-publish","4":"has-post-thumbnail","6":"product_cat-etiquettes-a-enveloppes","7":"desktop-align-center","8":"tablet-align-left","9":"mobile-align-left","10":"wcpa_has_options","12":"first","13":"instock","14":"taxable","15":"shipping-taxable","16":"purchasable","17":"product-type-variable"},"yoast_head":"<!-- This site is optimized with the Yoast SEO plugin v27.4 - https:\/\/yoast.com\/product\/yoast-seo-wordpress\/ -->\n<title>\u00e9tiquettes \u00e0 enveloppes mixtes - Les Gribouillis d&#039;Arthur<\/title>\n<meta name=\"description\" content=\"Graphiques et mixtes, des \u00e9tiquettes \u00e0 enveloppes mixtes de naissance harmonieuses pour cr\u00e9er l&#039;\u00e9motion d\u00e8s la r\u00e9ception du courrier !\" \/>\n<meta name=\"robots\" content=\"index, follow, max-snippet:-1, max-image-preview:large, max-video-preview:-1\" \/>\n<link rel=\"canonical\" href=\"https:\/\/lesgribouillisdarthur.fr\/index.php\/produit\/etiquette-a-enveloppes-mixtes\/\" \/>\n<meta property=\"og:locale\" content=\"fr_FR\" \/>\n<meta property=\"og:type\" content=\"article\" \/>\n<meta property=\"og:title\" content=\"\u00e9tiquettes \u00e0 enveloppes mixtes - Les Gribouillis d&#039;Arthur\" \/>\n<meta property=\"og:description\" content=\"Graphiques et mixtes, des \u00e9tiquettes \u00e0 enveloppes mixtes de naissance harmonieuses pour cr\u00e9er l&#039;\u00e9motion d\u00e8s la r\u00e9ception du courrier !\" \/>\n<meta property=\"og:url\" content=\"https:\/\/lesgribouillisdarthur.fr\/index.php\/produit\/etiquette-a-enveloppes-mixtes\/\" \/>\n<meta property=\"og:site_name\" content=\"Les Gribouillis d&#039;Arthur\" \/>\n<meta property=\"article:publisher\" content=\"https:\/\/www.facebook.com\/lesgribouillisdarthur\" \/>\n<meta property=\"article:modified_time\" content=\"2023-06-28T08:15:56+00:00\" \/>\n<meta property=\"og:image\" content=\"https:\/\/lesgribouillisdarthur.fr\/wp-content\/uploads\/2022\/03\/marcel_etiquette.jpg\" \/>\n\t<meta property=\"og:image:width\" content=\"1519\" \/>\n\t<meta property=\"og:image:height\" content=\"1572\" \/>\n\t<meta property=\"og:image:type\" content=\"image\/jpeg\" \/>\n<meta name=\"twitter:card\" content=\"summary_large_image\" \/>\n<meta name=\"twitter:label1\" content=\"Dur\u00e9e de lecture estim\u00e9e\" \/>\n\t<meta name=\"twitter:data1\" content=\"1 minute\" \/>\n<script type=\"application\/ld+json\" class=\"yoast-schema-graph\">{\"@context\":\"https:\\\/\\\/schema.org\",\"@graph\":[{\"@type\":\"WebPage\",\"@id\":\"https:\\\/\\\/lesgribouillisdarthur.fr\\\/index.php\\\/produit\\\/etiquette-a-enveloppes-mixtes\\\/\",\"url\":\"https:\\\/\\\/lesgribouillisdarthur.fr\\\/index.php\\\/produit\\\/etiquette-a-enveloppes-mixtes\\\/\",\"name\":\"\u00e9tiquettes \u00e0 enveloppes mixtes - Les Gribouillis d&#039;Arthur\",\"isPartOf\":{\"@id\":\"https:\\\/\\\/lesgribouillisdarthur.fr\\\/#website\"},\"primaryImageOfPage\":{\"@id\":\"https:\\\/\\\/lesgribouillisdarthur.fr\\\/index.php\\\/produit\\\/etiquette-a-enveloppes-mixtes\\\/#primaryimage\"},\"image\":{\"@id\":\"https:\\\/\\\/lesgribouillisdarthur.fr\\\/index.php\\\/produit\\\/etiquette-a-enveloppes-mixtes\\\/#primaryimage\"},\"thumbnailUrl\":\"https:\\\/\\\/lesgribouillisdarthur.fr\\\/wp-content\\\/uploads\\\/2022\\\/03\\\/marcel_etiquette.jpg\",\"datePublished\":\"2022-03-28T13:45:18+00:00\",\"dateModified\":\"2023-06-28T08:15:56+00:00\",\"description\":\"Graphiques et mixtes, des \u00e9tiquettes \u00e0 enveloppes mixtes de naissance harmonieuses pour cr\u00e9er l'\u00e9motion d\u00e8s la r\u00e9ception du courrier !\",\"breadcrumb\":{\"@id\":\"https:\\\/\\\/lesgribouillisdarthur.fr\\\/index.php\\\/produit\\\/etiquette-a-enveloppes-mixtes\\\/#breadcrumb\"},\"inLanguage\":\"fr-FR\",\"potentialAction\":[{\"@type\":\"ReadAction\",\"target\":[\"https:\\\/\\\/lesgribouillisdarthur.fr\\\/index.php\\\/produit\\\/etiquette-a-enveloppes-mixtes\\\/\"]}]},{\"@type\":\"ImageObject\",\"inLanguage\":\"fr-FR\",\"@id\":\"https:\\\/\\\/lesgribouillisdarthur.fr\\\/index.php\\\/produit\\\/etiquette-a-enveloppes-mixtes\\\/#primaryimage\",\"url\":\"https:\\\/\\\/lesgribouillisdarthur.fr\\\/wp-content\\\/uploads\\\/2022\\\/03\\\/marcel_etiquette.jpg\",\"contentUrl\":\"https:\\\/\\\/lesgribouillisdarthur.fr\\\/wp-content\\\/uploads\\\/2022\\\/03\\\/marcel_etiquette.jpg\",\"width\":1519,\"height\":1572,\"caption\":\"Realistic blank white letter paper DL envelope front view. Vector blank open and closed on gray background - stock vector.\"},{\"@type\":\"BreadcrumbList\",\"@id\":\"https:\\\/\\\/lesgribouillisdarthur.fr\\\/index.php\\\/produit\\\/etiquette-a-enveloppes-mixtes\\\/#breadcrumb\",\"itemListElement\":[{\"@type\":\"ListItem\",\"position\":1,\"name\":\"Accueil\",\"item\":\"https:\\\/\\\/lesgribouillisdarthur.fr\\\/\"},{\"@type\":\"ListItem\",\"position\":2,\"name\":\"La boutique\",\"item\":\"https:\\\/\\\/lesgribouillisdarthur.fr\\\/?page_id=6553\"},{\"@type\":\"ListItem\",\"position\":3,\"name\":\"\u00e9tiquettes \u00e0 enveloppes mixtes\"}]},{\"@type\":\"WebSite\",\"@id\":\"https:\\\/\\\/lesgribouillisdarthur.fr\\\/#website\",\"url\":\"https:\\\/\\\/lesgribouillisdarthur.fr\\\/\",\"name\":\"Les Gribouillis d&#039;Arthur\",\"description\":\"Les Gribouillis d&#039;Arthur, cadeaux personnalis\u00e9s pour toute la famille\",\"publisher\":{\"@id\":\"https:\\\/\\\/lesgribouillisdarthur.fr\\\/#organization\"},\"potentialAction\":[{\"@type\":\"SearchAction\",\"target\":{\"@type\":\"EntryPoint\",\"urlTemplate\":\"https:\\\/\\\/lesgribouillisdarthur.fr\\\/?s={search_term_string}\"},\"query-input\":{\"@type\":\"PropertyValueSpecification\",\"valueRequired\":true,\"valueName\":\"search_term_string\"}}],\"inLanguage\":\"fr-FR\"},{\"@type\":\"Organization\",\"@id\":\"https:\\\/\\\/lesgribouillisdarthur.fr\\\/#organization\",\"name\":\"Les Gribouillis d&#039;Arthur\",\"url\":\"https:\\\/\\\/lesgribouillisdarthur.fr\\\/\",\"logo\":{\"@type\":\"ImageObject\",\"inLanguage\":\"fr-FR\",\"@id\":\"https:\\\/\\\/lesgribouillisdarthur.fr\\\/#\\\/schema\\\/logo\\\/image\\\/\",\"url\":\"https:\\\/\\\/lesgribouillisdarthur.fr\\\/wp-content\\\/uploads\\\/2022\\\/10\\\/cropped-cropped-cropped-cropped-cropped-cropped-logo-bleu-1.png\",\"contentUrl\":\"https:\\\/\\\/lesgribouillisdarthur.fr\\\/wp-content\\\/uploads\\\/2022\\\/10\\\/cropped-cropped-cropped-cropped-cropped-cropped-logo-bleu-1.png\",\"width\":254,\"height\":53,\"caption\":\"Les Gribouillis d&#039;Arthur\"},\"image\":{\"@id\":\"https:\\\/\\\/lesgribouillisdarthur.fr\\\/#\\\/schema\\\/logo\\\/image\\\/\"},\"sameAs\":[\"https:\\\/\\\/www.facebook.com\\\/lesgribouillisdarthur\",\"https:\\\/\\\/www.instagram.com\\\/lesgribouillisdarthur\\\/?hl=fr\"]}]}<\/script>\n<!-- \/ Yoast SEO plugin. -->","yoast_head_json":{"title":"\u00e9tiquettes \u00e0 enveloppes mixtes - Les Gribouillis d&#039;Arthur","description":"Graphiques et mixtes, des \u00e9tiquettes \u00e0 enveloppes mixtes de naissance harmonieuses pour cr\u00e9er l'\u00e9motion d\u00e8s la r\u00e9ception du courrier !","robots":{"index":"index","follow":"follow","max-snippet":"max-snippet:-1","max-image-preview":"max-image-preview:large","max-video-preview":"max-video-preview:-1"},"canonical":"https:\/\/lesgribouillisdarthur.fr\/index.php\/produit\/etiquette-a-enveloppes-mixtes\/","og_locale":"fr_FR","og_type":"article","og_title":"\u00e9tiquettes \u00e0 enveloppes mixtes - Les Gribouillis d&#039;Arthur","og_description":"Graphiques et mixtes, des \u00e9tiquettes \u00e0 enveloppes mixtes de naissance harmonieuses pour cr\u00e9er l'\u00e9motion d\u00e8s la r\u00e9ception du courrier !","og_url":"https:\/\/lesgribouillisdarthur.fr\/index.php\/produit\/etiquette-a-enveloppes-mixtes\/","og_site_name":"Les Gribouillis d&#039;Arthur","article_publisher":"https:\/\/www.facebook.com\/lesgribouillisdarthur","article_modified_time":"2023-06-28T08:15:56+00:00","og_image":[{"width":1519,"height":1572,"url":"https:\/\/lesgribouillisdarthur.fr\/wp-content\/uploads\/2022\/03\/marcel_etiquette.jpg","type":"image\/jpeg"}],"twitter_card":"summary_large_image","twitter_misc":{"Dur\u00e9e de lecture estim\u00e9e":"1 minute"},"schema":{"@context":"https:\/\/schema.org","@graph":[{"@type":"WebPage","@id":"https:\/\/lesgribouillisdarthur.fr\/index.php\/produit\/etiquette-a-enveloppes-mixtes\/","url":"https:\/\/lesgribouillisdarthur.fr\/index.php\/produit\/etiquette-a-enveloppes-mixtes\/","name":"\u00e9tiquettes \u00e0 enveloppes mixtes - Les Gribouillis d&#039;Arthur","isPartOf":{"@id":"https:\/\/lesgribouillisdarthur.fr\/#website"},"primaryImageOfPage":{"@id":"https:\/\/lesgribouillisdarthur.fr\/index.php\/produit\/etiquette-a-enveloppes-mixtes\/#primaryimage"},"image":{"@id":"https:\/\/lesgribouillisdarthur.fr\/index.php\/produit\/etiquette-a-enveloppes-mixtes\/#primaryimage"},"thumbnailUrl":"https:\/\/lesgribouillisdarthur.fr\/wp-content\/uploads\/2022\/03\/marcel_etiquette.jpg","datePublished":"2022-03-28T13:45:18+00:00","dateModified":"2023-06-28T08:15:56+00:00","description":"Graphiques et mixtes, des \u00e9tiquettes \u00e0 enveloppes mixtes de naissance harmonieuses pour cr\u00e9er l'\u00e9motion d\u00e8s la r\u00e9ception du courrier !","breadcrumb":{"@id":"https:\/\/lesgribouillisdarthur.fr\/index.php\/produit\/etiquette-a-enveloppes-mixtes\/#breadcrumb"},"inLanguage":"fr-FR","potentialAction":[{"@type":"ReadAction","target":["https:\/\/lesgribouillisdarthur.fr\/index.php\/produit\/etiquette-a-enveloppes-mixtes\/"]}]},{"@type":"ImageObject","inLanguage":"fr-FR","@id":"https:\/\/lesgribouillisdarthur.fr\/index.php\/produit\/etiquette-a-enveloppes-mixtes\/#primaryimage","url":"https:\/\/lesgribouillisdarthur.fr\/wp-content\/uploads\/2022\/03\/marcel_etiquette.jpg","contentUrl":"https:\/\/lesgribouillisdarthur.fr\/wp-content\/uploads\/2022\/03\/marcel_etiquette.jpg","width":1519,"height":1572,"caption":"Realistic blank white letter paper DL envelope front view. Vector blank open and closed on gray background - stock vector."},{"@type":"BreadcrumbList","@id":"https:\/\/lesgribouillisdarthur.fr\/index.php\/produit\/etiquette-a-enveloppes-mixtes\/#breadcrumb","itemListElement":[{"@type":"ListItem","position":1,"name":"Accueil","item":"https:\/\/lesgribouillisdarthur.fr\/"},{"@type":"ListItem","position":2,"name":"La boutique","item":"https:\/\/lesgribouillisdarthur.fr\/?page_id=6553"},{"@type":"ListItem","position":3,"name":"\u00e9tiquettes \u00e0 enveloppes mixtes"}]},{"@type":"WebSite","@id":"https:\/\/lesgribouillisdarthur.fr\/#website","url":"https:\/\/lesgribouillisdarthur.fr\/","name":"Les Gribouillis d&#039;Arthur","description":"Les Gribouillis d&#039;Arthur, cadeaux personnalis\u00e9s pour toute la famille","publisher":{"@id":"https:\/\/lesgribouillisdarthur.fr\/#organization"},"potentialAction":[{"@type":"SearchAction","target":{"@type":"EntryPoint","urlTemplate":"https:\/\/lesgribouillisdarthur.fr\/?s={search_term_string}"},"query-input":{"@type":"PropertyValueSpecification","valueRequired":true,"valueName":"search_term_string"}}],"inLanguage":"fr-FR"},{"@type":"Organization","@id":"https:\/\/lesgribouillisdarthur.fr\/#organization","name":"Les Gribouillis d&#039;Arthur","url":"https:\/\/lesgribouillisdarthur.fr\/","logo":{"@type":"ImageObject","inLanguage":"fr-FR","@id":"https:\/\/lesgribouillisdarthur.fr\/#\/schema\/logo\/image\/","url":"https:\/\/lesgribouillisdarthur.fr\/wp-content\/uploads\/2022\/10\/cropped-cropped-cropped-cropped-cropped-cropped-logo-bleu-1.png","contentUrl":"https:\/\/lesgribouillisdarthur.fr\/wp-content\/uploads\/2022\/10\/cropped-cropped-cropped-cropped-cropped-cropped-logo-bleu-1.png","width":254,"height":53,"caption":"Les Gribouillis d&#039;Arthur"},"image":{"@id":"https:\/\/lesgribouillisdarthur.fr\/#\/schema\/logo\/image\/"},"sameAs":["https:\/\/www.facebook.com\/lesgribouillisdarthur","https:\/\/www.instagram.com\/lesgribouillisdarthur\/?hl=fr"]}]}},"uagb_featured_image_src":{"full":["https:\/\/lesgribouillisdarthur.fr\/wp-content\/uploads\/2022\/03\/marcel_etiquette.jpg",1519,1572,false],"thumbnail":["https:\/\/lesgribouillisdarthur.fr\/wp-content\/uploads\/2022\/03\/marcel_etiquette-150x150.jpg",150,150,true],"medium":["https:\/\/lesgribouillisdarthur.fr\/wp-content\/uploads\/2022\/03\/marcel_etiquette-290x300.jpg",290,300,true],"medium_large":["https:\/\/lesgribouillisdarthur.fr\/wp-content\/uploads\/2022\/03\/marcel_etiquette-768x795.jpg",768,795,true],"large":["https:\/\/lesgribouillisdarthur.fr\/wp-content\/uploads\/2022\/03\/marcel_etiquette-989x1024.jpg",290,300,true],"1536x1536":["https:\/\/lesgribouillisdarthur.fr\/wp-content\/uploads\/2022\/03\/marcel_etiquette-1484x1536.jpg",1484,1536,true],"2048x2048":["https:\/\/lesgribouillisdarthur.fr\/wp-content\/uploads\/2022\/03\/marcel_etiquette.jpg",1519,1572,false],"woocommerce_thumbnail":["https:\/\/lesgribouillisdarthur.fr\/wp-content\/uploads\/2022\/03\/marcel_etiquette-1200x1200.jpg",1200,1200,true],"woocommerce_single":["https:\/\/lesgribouillisdarthur.fr\/wp-content\/uploads\/2022\/03\/marcel_etiquette-1200x1242.jpg",1200,1242,true],"woocommerce_gallery_thumbnail":["https:\/\/lesgribouillisdarthur.fr\/wp-content\/uploads\/2022\/03\/marcel_etiquette-100x100.jpg",100,100,true]},"uagb_author_info":{"display_name":"admin7680","author_link":"https:\/\/lesgribouillisdarthur.fr\/index.php\/author\/"},"uagb_comment_info":0,"uagb_excerpt":"\u00e9tiquettes \u00e0 enveloppes mixtes Soyez attentif aux moindres d\u00e9tails de vos correspondance de grossesse et de naissance avec les \u00e9tiquettes \u00e0 enveloppes assorties. Coll\u00e9e sur l\u2019enveloppe, l\u2019\u00e9tiquette personnalis\u00e9e est la petite attention qui cr\u00e9\u00e9e l\u2019\u00e9motion chez vos proches avant m\u00eame qu\u2019ils n'ouvrent le courrier. Choisies en harmonie avec vos papeteries de naissance, les \u00e9tiquettes \u00e0\u2026","_links":{"self":[{"href":"https:\/\/lesgribouillisdarthur.fr\/index.php\/wp-json\/wp\/v2\/product\/3659","targetHints":{"allow":["GET"]}}],"collection":[{"href":"https:\/\/lesgribouillisdarthur.fr\/index.php\/wp-json\/wp\/v2\/product"}],"about":[{"href":"https:\/\/lesgribouillisdarthur.fr\/index.php\/wp-json\/wp\/v2\/types\/product"}],"replies":[{"embeddable":true,"href":"https:\/\/lesgribouillisdarthur.fr\/index.php\/wp-json\/wp\/v2\/comments?post=3659"}],"wp:featuredmedia":[{"embeddable":true,"href":"https:\/\/lesgribouillisdarthur.fr\/index.php\/wp-json\/wp\/v2\/media\/3688"}],"wp:attachment":[{"href":"https:\/\/lesgribouillisdarthur.fr\/index.php\/wp-json\/wp\/v2\/media?parent=3659"}],"wp:term":[{"taxonomy":"product_brand","embeddable":true,"href":"https:\/\/lesgribouillisdarthur.fr\/index.php\/wp-json\/wp\/v2\/product_brand?post=3659"},{"taxonomy":"product_cat","embeddable":true,"href":"https:\/\/lesgribouillisdarthur.fr\/index.php\/wp-json\/wp\/v2\/product_cat?post=3659"},{"taxonomy":"product_tag","embeddable":true,"href":"https:\/\/lesgribouillisdarthur.fr\/index.php\/wp-json\/wp\/v2\/product_tag?post=3659"}],"curies":[{"name":"wp","href":"https:\/\/api.w.org\/{rel}","templated":true}]}}