{"id":4061,"date":"2022-04-25T11:34:12","date_gmt":"2022-04-25T09:34:12","guid":{"rendered":"https:\/\/lesgribouillisdarthur.fr\/?post_type=product&#038;p=4061"},"modified":"2023-10-06T17:31:35","modified_gmt":"2023-10-06T15:31:35","slug":"bougie-personnalisee-pour-nounou","status":"publish","type":"product","link":"https:\/\/lesgribouillisdarthur.fr\/index.php\/produit\/bougie-personnalisee-pour-nounou\/","title":{"rendered":"Bougie Personnalis\u00e9e pour Nounou"},"content":{"rendered":"<p><strong>Bougie Personnalis\u00e9e pour Nounou<\/strong><\/p>\n<p>Offrez une Bougie Personnalis\u00e9e pour Nounou parfum\u00e9e pour faire sentir tout l\u2019amour que vous portez ! Personnalis\u00e9e au pr\u00e9nom de l&rsquo;heureux ou heureuse destinataire, dans sa mignonne verrine, c\u2019est un cadeau qui illuminera les visages d\u2019un sourire ! Leurs d\u00e9licates fragrances sucr\u00e9es rappellent l\u2019enfance et la gourmandise. Une mani\u00e8re utile et agr\u00e9able de remercier ceux et celle qui prend soin de votre ou vos bambins au quotidien.<\/p>\n<p>Cette bougie artisanale est fabriqu\u00e9e par une cr\u00e9atrice, <a href=\"https:\/\/www.lumin\u00e9a-cr\u00e9a.fr\/\" target=\"_blank\" rel=\"noopener\">LUMINEA CR\u00c9A<\/a>, dans la petite commune voisine de la mienne.<\/p>\n<p><em>Ce mod\u00e8le fleuri et doux est une explosion de senteur et de gentillesse \u00e0 offrir ! C&rsquo;est aussi un subtil objet de d\u00e9coration qui met de la gourmandise dans un int\u00e9rieur !<br \/>\n<\/em><\/p>\n<p><strong>Caract\u00e9ristiques du produit\u00a0: <\/strong><\/p>\n<p>Le format : 8 cm de haut \/ 7 cm de large et 120 gr.<br \/>\nSenteur\u00a0 chocolat<\/p>\n<p>Personnalis\u00e9e avec le pr\u00e9nom en vinyle sur la bougie.<\/p>\n<p>Je prends soin d&#8217;emballer chaque bougie pour qu&rsquo;elle soit pr\u00eate \u00e0 offrir !<\/p>\n<p>Pour d&rsquo;autres id\u00e9e cadeaux <a href=\"https:\/\/lesgribouillisdarthur.fr\/index.php\/categorie-produit\/carte-a-planter-remerciement-maitre-maitresse-atsem-nounou\/\" target=\"_blank\" rel=\"noopener\">cliquez ici<\/a><\/p>\n<div class=\"woocommerce-tabs wc-tabs-wrapper\">\n<div id=\"tab-description\" class=\"woocommerce-Tabs-panel woocommerce-Tabs-panel--description panel entry-content wc-tab\" role=\"tabpanel\" aria-labelledby=\"tab-title-description\">\n<div dir=\"auto\">\n<p>je suis \u00e9galement sur les r\u00e9seaux, alors suivez-moi :<br \/>\nFacebook : <a href=\"https:\/\/www.facebook.com\/lesgribouillisdarthur\" target=\"_blank\" rel=\"noopener\">@LesgribouillisdArthur<\/a><br \/>\nInstagram : <a href=\"https:\/\/instagram.com\/lesgribouillisdarthur?igshid=YmMyMTA2M2Y\" target=\"_blank\" rel=\"noopener\">@LesGribouillisd\u2019Arthur<\/a><\/p>\n<p>\u00a9 Les gribouillis d\u2019Arthur \u2013 Tous droits de reproduction interdits.<\/p>\n<\/div>\n<\/div>\n<\/div>\n","protected":false},"excerpt":{"rendered":"<p><strong>Bougie parfum\u00e9e pour nounou<br \/>\n<\/strong><\/p>\n<p>Offrez une bougie parfum\u00e9e pour faire sentir tout l\u2019amour que vous portez ! Personnalis\u00e9e au pr\u00e9nom de l&rsquo;heureux ou heureuse destinataire, dans sa mignonne verrine, c\u2019est un cadeau qui illuminera les visages d\u2019un sourire ! Leurs d\u00e9licates fragrances sucr\u00e9es rappellent l\u2019enfance et la gourmandise. Une mani\u00e8re utile et agr\u00e9able de remercier ceux et celle qui prend soin de votre ou vos bambins au quotidien.<\/p>\n<p>Cette bougie artisanale est fabriqu\u00e9e par une cr\u00e9atrice, <a href=\"https:\/\/www.lumin\u00e9a-cr\u00e9a.fr\/\" target=\"_blank\" rel=\"noopener\">LUMINEA CR\u00c9A<\/a>, dans la petite commune voisine de la mienne.<\/p>\n<p><em>Ce mod\u00e8le fleuri et doux est une explosion de senteur et de gentillesse \u00e0 offrir ! C&rsquo;est aussi un subtil objet de d\u00e9coration qui met de la gourmandise dans un int\u00e9rieur !<\/em><\/p>\n","protected":false},"featured_media":4172,"comment_status":"open","ping_status":"closed","template":"","meta":{"_uag_custom_page_level_css":"","_monsterinsights_skip_tracking":false,"_monsterinsights_sitenote_active":false,"_monsterinsights_sitenote_note":"","_monsterinsights_sitenote_category":0,"site-sidebar-layout":"default","site-content-layout":"default","ast-site-content-layout":"","site-content-style":"default","site-sidebar-style":"default","ast-global-header-display":"","ast-banner-title-visibility":"","ast-main-header-display":"","ast-hfb-above-header-display":"","ast-hfb-below-header-display":"","ast-hfb-mobile-header-display":"","site-post-title":"","ast-breadcrumbs-content":"","ast-featured-img":"","footer-sml-layout":"","theme-transparent-header-meta":"default","adv-header-id-meta":"","stick-header-meta":"","header-above-stick-meta":"","header-main-stick-meta":"","header-below-stick-meta":"","astra-migrate-meta-layouts":"default","ast-page-background-enabled":"default","ast-page-background-meta":{"desktop":{"background-color":"","background-image":"","background-repeat":"repeat","background-position":"center center","background-size":"auto","background-attachment":"scroll","background-type":"","background-media":"","overlay-type":"","overlay-color":"","overlay-opacity":"","overlay-gradient":""},"tablet":{"background-color":"","background-image":"","background-repeat":"repeat","background-position":"center center","background-size":"auto","background-attachment":"scroll","background-type":"","background-media":"","overlay-type":"","overlay-color":"","overlay-opacity":"","overlay-gradient":""},"mobile":{"background-color":"","background-image":"","background-repeat":"repeat","background-position":"center center","background-size":"auto","background-attachment":"scroll","background-type":"","background-media":"","overlay-type":"","overlay-color":"","overlay-opacity":"","overlay-gradient":""}},"ast-content-background-meta":{"desktop":{"background-color":"var(--ast-global-color-5)","background-image":"","background-repeat":"repeat","background-position":"center center","background-size":"auto","background-attachment":"scroll","background-type":"","background-media":"","overlay-type":"","overlay-color":"","overlay-opacity":"","overlay-gradient":""},"tablet":{"background-color":"var(--ast-global-color-5)","background-image":"","background-repeat":"repeat","background-position":"center center","background-size":"auto","background-attachment":"scroll","background-type":"","background-media":"","overlay-type":"","overlay-color":"","overlay-opacity":"","overlay-gradient":""},"mobile":{"background-color":"var(--ast-global-color-5)","background-image":"","background-repeat":"repeat","background-position":"center center","background-size":"auto","background-attachment":"scroll","background-type":"","background-media":"","overlay-type":"","overlay-color":"","overlay-opacity":"","overlay-gradient":""}},"_themeisle_gutenberg_block_has_review":false},"product_brand":[],"product_cat":[143],"product_tag":[],"class_list":{"0":"post-4061","1":"product","2":"type-product","3":"status-publish","4":"has-post-thumbnail","6":"product_cat-nounou","7":"desktop-align-center","8":"tablet-align-left","9":"mobile-align-left","10":"wcpa_has_options","12":"first","13":"instock","14":"taxable","15":"shipping-taxable","16":"purchasable","17":"product-type-variable"},"yoast_head":"<!-- This site is optimized with the Yoast SEO plugin v27.4 - https:\/\/yoast.com\/product\/yoast-seo-wordpress\/ -->\n<title>Bougie Personnalis\u00e9e pour Nounou - Les Gribouillis d&#039;Arthur<\/title>\n<meta name=\"description\" content=\"Offrez une Bougie Personnalis\u00e9e pour Nounou parfum\u00e9e pour faire sentir tout l\u2019amour que vous portez ! Personnalis\u00e9e a son pr\u00e9nom.\" \/>\n<meta name=\"robots\" content=\"index, follow, max-snippet:-1, max-image-preview:large, max-video-preview:-1\" \/>\n<link rel=\"canonical\" href=\"https:\/\/lesgribouillisdarthur.fr\/index.php\/produit\/bougie-personnalisee-pour-nounou\/\" \/>\n<meta property=\"og:locale\" content=\"fr_FR\" \/>\n<meta property=\"og:type\" content=\"article\" \/>\n<meta property=\"og:title\" content=\"Bougie Personnalis\u00e9e pour Nounou - Les Gribouillis d&#039;Arthur\" \/>\n<meta property=\"og:description\" content=\"Offrez une Bougie Personnalis\u00e9e pour Nounou parfum\u00e9e pour faire sentir tout l\u2019amour que vous portez ! Personnalis\u00e9e a son pr\u00e9nom.\" \/>\n<meta property=\"og:url\" content=\"https:\/\/lesgribouillisdarthur.fr\/index.php\/produit\/bougie-personnalisee-pour-nounou\/\" \/>\n<meta property=\"og:site_name\" content=\"Les Gribouillis d&#039;Arthur\" \/>\n<meta property=\"article:publisher\" content=\"https:\/\/www.facebook.com\/lesgribouillisdarthur\" \/>\n<meta property=\"article:modified_time\" content=\"2023-10-06T15:31:35+00:00\" \/>\n<meta property=\"og:image\" content=\"https:\/\/lesgribouillisdarthur.fr\/wp-content\/uploads\/2022\/04\/nounou-2-scaled.jpg\" \/>\n\t<meta property=\"og:image:width\" content=\"2560\" \/>\n\t<meta property=\"og:image:height\" content=\"1956\" \/>\n\t<meta property=\"og:image:type\" content=\"image\/jpeg\" \/>\n<meta name=\"twitter:card\" content=\"summary_large_image\" \/>\n<meta name=\"twitter:label1\" content=\"Dur\u00e9e de lecture estim\u00e9e\" \/>\n\t<meta name=\"twitter:data1\" content=\"1 minute\" \/>\n<script type=\"application\/ld+json\" class=\"yoast-schema-graph\">{\"@context\":\"https:\\\/\\\/schema.org\",\"@graph\":[{\"@type\":\"WebPage\",\"@id\":\"https:\\\/\\\/lesgribouillisdarthur.fr\\\/index.php\\\/produit\\\/bougie-personnalisee-pour-nounou\\\/\",\"url\":\"https:\\\/\\\/lesgribouillisdarthur.fr\\\/index.php\\\/produit\\\/bougie-personnalisee-pour-nounou\\\/\",\"name\":\"Bougie Personnalis\u00e9e pour Nounou - Les Gribouillis d&#039;Arthur\",\"isPartOf\":{\"@id\":\"https:\\\/\\\/lesgribouillisdarthur.fr\\\/#website\"},\"primaryImageOfPage\":{\"@id\":\"https:\\\/\\\/lesgribouillisdarthur.fr\\\/index.php\\\/produit\\\/bougie-personnalisee-pour-nounou\\\/#primaryimage\"},\"image\":{\"@id\":\"https:\\\/\\\/lesgribouillisdarthur.fr\\\/index.php\\\/produit\\\/bougie-personnalisee-pour-nounou\\\/#primaryimage\"},\"thumbnailUrl\":\"https:\\\/\\\/lesgribouillisdarthur.fr\\\/wp-content\\\/uploads\\\/2022\\\/04\\\/nounou-2-scaled.jpg\",\"datePublished\":\"2022-04-25T09:34:12+00:00\",\"dateModified\":\"2023-10-06T15:31:35+00:00\",\"description\":\"Offrez une Bougie Personnalis\u00e9e pour Nounou parfum\u00e9e pour faire sentir tout l\u2019amour que vous portez ! Personnalis\u00e9e a son pr\u00e9nom.\",\"breadcrumb\":{\"@id\":\"https:\\\/\\\/lesgribouillisdarthur.fr\\\/index.php\\\/produit\\\/bougie-personnalisee-pour-nounou\\\/#breadcrumb\"},\"inLanguage\":\"fr-FR\",\"potentialAction\":[{\"@type\":\"ReadAction\",\"target\":[\"https:\\\/\\\/lesgribouillisdarthur.fr\\\/index.php\\\/produit\\\/bougie-personnalisee-pour-nounou\\\/\"]}]},{\"@type\":\"ImageObject\",\"inLanguage\":\"fr-FR\",\"@id\":\"https:\\\/\\\/lesgribouillisdarthur.fr\\\/index.php\\\/produit\\\/bougie-personnalisee-pour-nounou\\\/#primaryimage\",\"url\":\"https:\\\/\\\/lesgribouillisdarthur.fr\\\/wp-content\\\/uploads\\\/2022\\\/04\\\/nounou-2-scaled.jpg\",\"contentUrl\":\"https:\\\/\\\/lesgribouillisdarthur.fr\\\/wp-content\\\/uploads\\\/2022\\\/04\\\/nounou-2-scaled.jpg\",\"width\":2560,\"height\":1956,\"caption\":\"Offrez une Bougie Personnalis\u00e9e pour Nounou parfum\u00e9e pour faire sentir tout l\u2019amour que vous portez ! Personnalis\u00e9e a son pr\u00e9nom.\"},{\"@type\":\"BreadcrumbList\",\"@id\":\"https:\\\/\\\/lesgribouillisdarthur.fr\\\/index.php\\\/produit\\\/bougie-personnalisee-pour-nounou\\\/#breadcrumb\",\"itemListElement\":[{\"@type\":\"ListItem\",\"position\":1,\"name\":\"Accueil\",\"item\":\"https:\\\/\\\/lesgribouillisdarthur.fr\\\/\"},{\"@type\":\"ListItem\",\"position\":2,\"name\":\"La boutique\",\"item\":\"https:\\\/\\\/lesgribouillisdarthur.fr\\\/?page_id=6553\"},{\"@type\":\"ListItem\",\"position\":3,\"name\":\"Bougie Personnalis\u00e9e pour Nounou\"}]},{\"@type\":\"WebSite\",\"@id\":\"https:\\\/\\\/lesgribouillisdarthur.fr\\\/#website\",\"url\":\"https:\\\/\\\/lesgribouillisdarthur.fr\\\/\",\"name\":\"Les Gribouillis d&#039;Arthur\",\"description\":\"Les Gribouillis d&#039;Arthur, cadeaux personnalis\u00e9s pour toute la famille\",\"publisher\":{\"@id\":\"https:\\\/\\\/lesgribouillisdarthur.fr\\\/#organization\"},\"potentialAction\":[{\"@type\":\"SearchAction\",\"target\":{\"@type\":\"EntryPoint\",\"urlTemplate\":\"https:\\\/\\\/lesgribouillisdarthur.fr\\\/?s={search_term_string}\"},\"query-input\":{\"@type\":\"PropertyValueSpecification\",\"valueRequired\":true,\"valueName\":\"search_term_string\"}}],\"inLanguage\":\"fr-FR\"},{\"@type\":\"Organization\",\"@id\":\"https:\\\/\\\/lesgribouillisdarthur.fr\\\/#organization\",\"name\":\"Les Gribouillis d&#039;Arthur\",\"url\":\"https:\\\/\\\/lesgribouillisdarthur.fr\\\/\",\"logo\":{\"@type\":\"ImageObject\",\"inLanguage\":\"fr-FR\",\"@id\":\"https:\\\/\\\/lesgribouillisdarthur.fr\\\/#\\\/schema\\\/logo\\\/image\\\/\",\"url\":\"https:\\\/\\\/lesgribouillisdarthur.fr\\\/wp-content\\\/uploads\\\/2022\\\/10\\\/cropped-cropped-cropped-cropped-cropped-cropped-logo-bleu-1.png\",\"contentUrl\":\"https:\\\/\\\/lesgribouillisdarthur.fr\\\/wp-content\\\/uploads\\\/2022\\\/10\\\/cropped-cropped-cropped-cropped-cropped-cropped-logo-bleu-1.png\",\"width\":254,\"height\":53,\"caption\":\"Les Gribouillis d&#039;Arthur\"},\"image\":{\"@id\":\"https:\\\/\\\/lesgribouillisdarthur.fr\\\/#\\\/schema\\\/logo\\\/image\\\/\"},\"sameAs\":[\"https:\\\/\\\/www.facebook.com\\\/lesgribouillisdarthur\",\"https:\\\/\\\/www.instagram.com\\\/lesgribouillisdarthur\\\/?hl=fr\"]}]}<\/script>\n<!-- \/ Yoast SEO plugin. -->","yoast_head_json":{"title":"Bougie Personnalis\u00e9e pour Nounou - Les Gribouillis d&#039;Arthur","description":"Offrez une Bougie Personnalis\u00e9e pour Nounou parfum\u00e9e pour faire sentir tout l\u2019amour que vous portez ! Personnalis\u00e9e a son pr\u00e9nom.","robots":{"index":"index","follow":"follow","max-snippet":"max-snippet:-1","max-image-preview":"max-image-preview:large","max-video-preview":"max-video-preview:-1"},"canonical":"https:\/\/lesgribouillisdarthur.fr\/index.php\/produit\/bougie-personnalisee-pour-nounou\/","og_locale":"fr_FR","og_type":"article","og_title":"Bougie Personnalis\u00e9e pour Nounou - Les Gribouillis d&#039;Arthur","og_description":"Offrez une Bougie Personnalis\u00e9e pour Nounou parfum\u00e9e pour faire sentir tout l\u2019amour que vous portez ! Personnalis\u00e9e a son pr\u00e9nom.","og_url":"https:\/\/lesgribouillisdarthur.fr\/index.php\/produit\/bougie-personnalisee-pour-nounou\/","og_site_name":"Les Gribouillis d&#039;Arthur","article_publisher":"https:\/\/www.facebook.com\/lesgribouillisdarthur","article_modified_time":"2023-10-06T15:31:35+00:00","og_image":[{"width":2560,"height":1956,"url":"https:\/\/lesgribouillisdarthur.fr\/wp-content\/uploads\/2022\/04\/nounou-2-scaled.jpg","type":"image\/jpeg"}],"twitter_card":"summary_large_image","twitter_misc":{"Dur\u00e9e de lecture estim\u00e9e":"1 minute"},"schema":{"@context":"https:\/\/schema.org","@graph":[{"@type":"WebPage","@id":"https:\/\/lesgribouillisdarthur.fr\/index.php\/produit\/bougie-personnalisee-pour-nounou\/","url":"https:\/\/lesgribouillisdarthur.fr\/index.php\/produit\/bougie-personnalisee-pour-nounou\/","name":"Bougie Personnalis\u00e9e pour Nounou - Les Gribouillis d&#039;Arthur","isPartOf":{"@id":"https:\/\/lesgribouillisdarthur.fr\/#website"},"primaryImageOfPage":{"@id":"https:\/\/lesgribouillisdarthur.fr\/index.php\/produit\/bougie-personnalisee-pour-nounou\/#primaryimage"},"image":{"@id":"https:\/\/lesgribouillisdarthur.fr\/index.php\/produit\/bougie-personnalisee-pour-nounou\/#primaryimage"},"thumbnailUrl":"https:\/\/lesgribouillisdarthur.fr\/wp-content\/uploads\/2022\/04\/nounou-2-scaled.jpg","datePublished":"2022-04-25T09:34:12+00:00","dateModified":"2023-10-06T15:31:35+00:00","description":"Offrez une Bougie Personnalis\u00e9e pour Nounou parfum\u00e9e pour faire sentir tout l\u2019amour que vous portez ! Personnalis\u00e9e a son pr\u00e9nom.","breadcrumb":{"@id":"https:\/\/lesgribouillisdarthur.fr\/index.php\/produit\/bougie-personnalisee-pour-nounou\/#breadcrumb"},"inLanguage":"fr-FR","potentialAction":[{"@type":"ReadAction","target":["https:\/\/lesgribouillisdarthur.fr\/index.php\/produit\/bougie-personnalisee-pour-nounou\/"]}]},{"@type":"ImageObject","inLanguage":"fr-FR","@id":"https:\/\/lesgribouillisdarthur.fr\/index.php\/produit\/bougie-personnalisee-pour-nounou\/#primaryimage","url":"https:\/\/lesgribouillisdarthur.fr\/wp-content\/uploads\/2022\/04\/nounou-2-scaled.jpg","contentUrl":"https:\/\/lesgribouillisdarthur.fr\/wp-content\/uploads\/2022\/04\/nounou-2-scaled.jpg","width":2560,"height":1956,"caption":"Offrez une Bougie Personnalis\u00e9e pour Nounou parfum\u00e9e pour faire sentir tout l\u2019amour que vous portez ! Personnalis\u00e9e a son pr\u00e9nom."},{"@type":"BreadcrumbList","@id":"https:\/\/lesgribouillisdarthur.fr\/index.php\/produit\/bougie-personnalisee-pour-nounou\/#breadcrumb","itemListElement":[{"@type":"ListItem","position":1,"name":"Accueil","item":"https:\/\/lesgribouillisdarthur.fr\/"},{"@type":"ListItem","position":2,"name":"La boutique","item":"https:\/\/lesgribouillisdarthur.fr\/?page_id=6553"},{"@type":"ListItem","position":3,"name":"Bougie Personnalis\u00e9e pour Nounou"}]},{"@type":"WebSite","@id":"https:\/\/lesgribouillisdarthur.fr\/#website","url":"https:\/\/lesgribouillisdarthur.fr\/","name":"Les Gribouillis d&#039;Arthur","description":"Les Gribouillis d&#039;Arthur, cadeaux personnalis\u00e9s pour toute la famille","publisher":{"@id":"https:\/\/lesgribouillisdarthur.fr\/#organization"},"potentialAction":[{"@type":"SearchAction","target":{"@type":"EntryPoint","urlTemplate":"https:\/\/lesgribouillisdarthur.fr\/?s={search_term_string}"},"query-input":{"@type":"PropertyValueSpecification","valueRequired":true,"valueName":"search_term_string"}}],"inLanguage":"fr-FR"},{"@type":"Organization","@id":"https:\/\/lesgribouillisdarthur.fr\/#organization","name":"Les Gribouillis d&#039;Arthur","url":"https:\/\/lesgribouillisdarthur.fr\/","logo":{"@type":"ImageObject","inLanguage":"fr-FR","@id":"https:\/\/lesgribouillisdarthur.fr\/#\/schema\/logo\/image\/","url":"https:\/\/lesgribouillisdarthur.fr\/wp-content\/uploads\/2022\/10\/cropped-cropped-cropped-cropped-cropped-cropped-logo-bleu-1.png","contentUrl":"https:\/\/lesgribouillisdarthur.fr\/wp-content\/uploads\/2022\/10\/cropped-cropped-cropped-cropped-cropped-cropped-logo-bleu-1.png","width":254,"height":53,"caption":"Les Gribouillis d&#039;Arthur"},"image":{"@id":"https:\/\/lesgribouillisdarthur.fr\/#\/schema\/logo\/image\/"},"sameAs":["https:\/\/www.facebook.com\/lesgribouillisdarthur","https:\/\/www.instagram.com\/lesgribouillisdarthur\/?hl=fr"]}]}},"uagb_featured_image_src":{"full":["https:\/\/lesgribouillisdarthur.fr\/wp-content\/uploads\/2022\/04\/nounou-2-scaled.jpg",2560,1956,false],"thumbnail":["https:\/\/lesgribouillisdarthur.fr\/wp-content\/uploads\/2022\/04\/nounou-2-150x150.jpg",150,150,true],"medium":["https:\/\/lesgribouillisdarthur.fr\/wp-content\/uploads\/2022\/04\/nounou-2-300x229.jpg",300,229,true],"medium_large":["https:\/\/lesgribouillisdarthur.fr\/wp-content\/uploads\/2022\/04\/nounou-2-768x587.jpg",768,587,true],"large":["https:\/\/lesgribouillisdarthur.fr\/wp-content\/uploads\/2022\/04\/nounou-2-1024x783.jpg",300,229,true],"1536x1536":["https:\/\/lesgribouillisdarthur.fr\/wp-content\/uploads\/2022\/04\/nounou-2-1536x1174.jpg",1536,1174,true],"2048x2048":["https:\/\/lesgribouillisdarthur.fr\/wp-content\/uploads\/2022\/04\/nounou-2-2048x1565.jpg",2048,1565,true],"woocommerce_thumbnail":["https:\/\/lesgribouillisdarthur.fr\/wp-content\/uploads\/2022\/04\/nounou-2-scaled-1200x1200.jpg",1200,1200,true],"woocommerce_single":["https:\/\/lesgribouillisdarthur.fr\/wp-content\/uploads\/2022\/04\/nounou-2-scaled-1200x917.jpg",1200,917,true],"woocommerce_gallery_thumbnail":["https:\/\/lesgribouillisdarthur.fr\/wp-content\/uploads\/2022\/04\/nounou-2-scaled-100x100.jpg",100,100,true]},"uagb_author_info":{"display_name":"admin7680","author_link":"https:\/\/lesgribouillisdarthur.fr\/index.php\/author\/"},"uagb_comment_info":0,"uagb_excerpt":"Bougie parfum\u00e9e pour nounou Offrez une bougie parfum\u00e9e pour faire sentir tout l\u2019amour que vous portez ! Personnalis\u00e9e au pr\u00e9nom de l'heureux ou heureuse destinataire, dans sa mignonne verrine, c\u2019est un cadeau qui illuminera les visages d\u2019un sourire ! Leurs d\u00e9licates fragrances sucr\u00e9es rappellent l\u2019enfance et la gourmandise. Une mani\u00e8re utile et agr\u00e9able de remercier\u2026","_links":{"self":[{"href":"https:\/\/lesgribouillisdarthur.fr\/index.php\/wp-json\/wp\/v2\/product\/4061","targetHints":{"allow":["GET"]}}],"collection":[{"href":"https:\/\/lesgribouillisdarthur.fr\/index.php\/wp-json\/wp\/v2\/product"}],"about":[{"href":"https:\/\/lesgribouillisdarthur.fr\/index.php\/wp-json\/wp\/v2\/types\/product"}],"replies":[{"embeddable":true,"href":"https:\/\/lesgribouillisdarthur.fr\/index.php\/wp-json\/wp\/v2\/comments?post=4061"}],"wp:featuredmedia":[{"embeddable":true,"href":"https:\/\/lesgribouillisdarthur.fr\/index.php\/wp-json\/wp\/v2\/media\/4172"}],"wp:attachment":[{"href":"https:\/\/lesgribouillisdarthur.fr\/index.php\/wp-json\/wp\/v2\/media?parent=4061"}],"wp:term":[{"taxonomy":"product_brand","embeddable":true,"href":"https:\/\/lesgribouillisdarthur.fr\/index.php\/wp-json\/wp\/v2\/product_brand?post=4061"},{"taxonomy":"product_cat","embeddable":true,"href":"https:\/\/lesgribouillisdarthur.fr\/index.php\/wp-json\/wp\/v2\/product_cat?post=4061"},{"taxonomy":"product_tag","embeddable":true,"href":"https:\/\/lesgribouillisdarthur.fr\/index.php\/wp-json\/wp\/v2\/product_tag?post=4061"}],"curies":[{"name":"wp","href":"https:\/\/api.w.org\/{rel}","templated":true}]}}