{"id":4159,"date":"2022-06-01T16:12:09","date_gmt":"2022-06-01T14:12:09","guid":{"rendered":"https:\/\/lesgribouillisdarthur.fr\/?post_type=product&#038;p=4159"},"modified":"2023-06-28T11:01:44","modified_gmt":"2023-06-28T09:01:44","slug":"cape-de-bain-jungle-enfant-sortie-de-bain-bebe-personnalisee-animaux","status":"publish","type":"product","link":"https:\/\/lesgribouillisdarthur.fr\/index.php\/produit\/cape-de-bain-jungle-enfant-sortie-de-bain-bebe-personnalisee-animaux\/","title":{"rendered":"Cape de bain Jungle"},"content":{"rendered":"<h5>Une cape de bain Jungle pour un tout-petit, c\u2019est l\u2019accessoire qui prolonge le bien-\u00eatre du bain apr\u00e8s la sortie !<\/h5>\n<p>De forme bien adapt\u00e9e, la cape de bain Jungle en tissu absorbant est parfaite pour le s\u00e9chage de b\u00e9b\u00e9. Sa capuche douillette prot\u00e8ge bien la t\u00eate et la nuque, ses larges pans emmitouflent confortablement tout le petit corps de b\u00e9b\u00e9.<\/p>\n<p>Tr\u00e8s pratique dans la salle de bain, on peut aussi facilement emmener la cape de bain Jungle \u00e0 la piscine, \u00e0 la plage\u2026\u00a0\u00a0 C\u2019est donc un cadeau de naissance utile et unique id\u00e9al, \u00e0 faire \u00e0 son nouveau-n\u00e9 ou aux parents.<\/p>\n<p><em>Un mod\u00e8le exotique et color\u00e9, avec de petits animaux rigolos pour accompagner le bain des enfants explorateurs ! <\/em><\/p>\n<p><em><strong>Descriptif du produit\u00a0:<\/strong><\/em><\/p>\n<p>Dimension : 80X80cm<br \/>\nComposition\u00a0: Micro fibre<\/p>\n<p>Lavable jusqu\u2019\u00e0 40\u00b0 \u2013 Eviter le s\u00e8che-linge \u2013 Repasser sur l\u2019envers<\/p>\n<p>Les capes de bain sont toutes imprim\u00e9es et illustr\u00e9es par mes soins dans mon atelier \u00e0 Lapte en Haute-Loire (43) !<\/p>\n<p>Photos non contractuelles<\/p>\n<p>Pour trouver d\u2019autre mod\u00e8le<a href=\"https:\/\/lesgribouillisdarthur.fr\/index.php\/categorie-produit\/decoration-interieur-maison\/cape-de-bain\/\" target=\"_blank\" rel=\"noopener\">\u00a0cliquez ici<\/a>.<\/p>\n<p>Je suis \u00e9galement sur les r\u00e9seaux alors suivez-moi :<br \/>\nFacebook : <a href=\"https:\/\/www.facebook.com\/lesgribouillisdarthur\" target=\"_blank\" rel=\"noopener\">@LesgribouillisdArthur<\/a><br \/>\nInstagram : <a href=\"https:\/\/instagram.com\/lesgribouillisdarthur?igshid=YmMyMTA2M2Y\" target=\"_blank\" rel=\"noopener\">@LesGribouillisd\u2019Arthur<\/a><\/p>\n<p>\u00a9 Les gribouillis d\u2019Arthur \u2013 Tous droits de reproduction interdits.<\/p>\n","protected":false},"excerpt":{"rendered":"<h5>Une cape de bain personnalis\u00e9e pour un tout-petit, c\u2019est l\u2019accessoire qui prolonge le bien-\u00eatre du bain apr\u00e8s la sortie !<\/h5>\n<p>De forme bien adapt\u00e9e, la cape de bain en tissu absorbant est parfaite pour le s\u00e9chage de b\u00e9b\u00e9. Sa capuche douillette prot\u00e8ge bien la t\u00eate et la nuque, ses larges pans emmitouflent confortablement tout le petit corps de b\u00e9b\u00e9.<\/p>\n<p>Tr\u00e8s pratique dans la salle de bain, on peut aussi facilement emmener la cape de bain \u00e0 la piscine, \u00e0 la plage\u2026\u00a0\u00a0 C\u2019est donc un cadeau de naissance utile et unique id\u00e9al, \u00e0 faire \u00e0 son nouveau-n\u00e9 ou aux parents.<\/p>\n<p><em>Un mod\u00e8le exotique et color\u00e9, avec de petits animaux rigolos pour accompagner le bain des enfants explorateurs ! <\/em><\/p>\n","protected":false},"featured_media":4170,"comment_status":"open","ping_status":"closed","template":"","meta":{"_uag_custom_page_level_css":"","_monsterinsights_skip_tracking":false,"_monsterinsights_sitenote_active":false,"_monsterinsights_sitenote_note":"","_monsterinsights_sitenote_category":0,"site-sidebar-layout":"default","site-content-layout":"default","ast-site-content-layout":"","site-content-style":"default","site-sidebar-style":"default","ast-global-header-display":"","ast-banner-title-visibility":"","ast-main-header-display":"","ast-hfb-above-header-display":"","ast-hfb-below-header-display":"","ast-hfb-mobile-header-display":"","site-post-title":"","ast-breadcrumbs-content":"","ast-featured-img":"","footer-sml-layout":"","theme-transparent-header-meta":"default","adv-header-id-meta":"","stick-header-meta":"","header-above-stick-meta":"","header-main-stick-meta":"","header-below-stick-meta":"","astra-migrate-meta-layouts":"default","ast-page-background-enabled":"default","ast-page-background-meta":{"desktop":{"background-color":"","background-image":"","background-repeat":"repeat","background-position":"center center","background-size":"auto","background-attachment":"scroll","background-type":"","background-media":"","overlay-type":"","overlay-color":"","overlay-opacity":"","overlay-gradient":""},"tablet":{"background-color":"","background-image":"","background-repeat":"repeat","background-position":"center center","background-size":"auto","background-attachment":"scroll","background-type":"","background-media":"","overlay-type":"","overlay-color":"","overlay-opacity":"","overlay-gradient":""},"mobile":{"background-color":"","background-image":"","background-repeat":"repeat","background-position":"center center","background-size":"auto","background-attachment":"scroll","background-type":"","background-media":"","overlay-type":"","overlay-color":"","overlay-opacity":"","overlay-gradient":""}},"ast-content-background-meta":{"desktop":{"background-color":"var(--ast-global-color-5)","background-image":"","background-repeat":"repeat","background-position":"center center","background-size":"auto","background-attachment":"scroll","background-type":"","background-media":"","overlay-type":"","overlay-color":"","overlay-opacity":"","overlay-gradient":""},"tablet":{"background-color":"var(--ast-global-color-5)","background-image":"","background-repeat":"repeat","background-position":"center center","background-size":"auto","background-attachment":"scroll","background-type":"","background-media":"","overlay-type":"","overlay-color":"","overlay-opacity":"","overlay-gradient":""},"mobile":{"background-color":"var(--ast-global-color-5)","background-image":"","background-repeat":"repeat","background-position":"center center","background-size":"auto","background-attachment":"scroll","background-type":"","background-media":"","overlay-type":"","overlay-color":"","overlay-opacity":"","overlay-gradient":""}},"_themeisle_gutenberg_block_has_review":false},"product_brand":[],"product_cat":[92],"product_tag":[],"class_list":{"0":"post-4159","1":"product","2":"type-product","3":"status-publish","4":"has-post-thumbnail","6":"product_cat-cape-de-bain","7":"product_shipping_class-produits-volumineux","8":"desktop-align-center","9":"tablet-align-left","10":"mobile-align-left","11":"wcpa_has_options","13":"first","14":"instock","15":"featured","16":"taxable","17":"shipping-taxable","18":"purchasable","19":"product-type-simple"},"yoast_head":"<!-- This site is optimized with the Yoast SEO plugin v27.4 - https:\/\/yoast.com\/product\/yoast-seo-wordpress\/ -->\n<title>Cape de bain Jungle - Les Gribouillis d&#039;Arthur<\/title>\n<meta name=\"description\" content=\"Passez un doux moment avec cette cape de bain jungle personnalis\u00e9e avec son pr\u00e9nom. Toute douce, pratique, elle facilite le quotidien des parents !\" \/>\n<meta name=\"robots\" content=\"index, follow, max-snippet:-1, max-image-preview:large, max-video-preview:-1\" \/>\n<link rel=\"canonical\" href=\"https:\/\/lesgribouillisdarthur.fr\/index.php\/produit\/cape-de-bain-jungle-enfant-sortie-de-bain-bebe-personnalisee-animaux\/\" \/>\n<meta property=\"og:locale\" content=\"fr_FR\" \/>\n<meta property=\"og:type\" content=\"article\" \/>\n<meta property=\"og:title\" content=\"Cape de bain Jungle - Les Gribouillis d&#039;Arthur\" \/>\n<meta property=\"og:description\" content=\"Passez un doux moment avec cette cape de bain jungle personnalis\u00e9e avec son pr\u00e9nom. Toute douce, pratique, elle facilite le quotidien des parents !\" \/>\n<meta property=\"og:url\" content=\"https:\/\/lesgribouillisdarthur.fr\/index.php\/produit\/cape-de-bain-jungle-enfant-sortie-de-bain-bebe-personnalisee-animaux\/\" \/>\n<meta property=\"og:site_name\" content=\"Les Gribouillis d&#039;Arthur\" \/>\n<meta property=\"article:publisher\" content=\"https:\/\/www.facebook.com\/lesgribouillisdarthur\" \/>\n<meta property=\"article:modified_time\" content=\"2023-06-28T09:01:44+00:00\" \/>\n<meta property=\"og:image\" content=\"https:\/\/lesgribouillisdarthur.fr\/wp-content\/uploads\/2022\/06\/LesGribouillisdARthurCapedeBainJungleanimaux.jpg\" \/>\n\t<meta property=\"og:image:width\" content=\"1890\" \/>\n\t<meta property=\"og:image:height\" content=\"1890\" \/>\n\t<meta property=\"og:image:type\" content=\"image\/jpeg\" \/>\n<meta name=\"twitter:card\" content=\"summary_large_image\" \/>\n<meta name=\"twitter:label1\" content=\"Dur\u00e9e de lecture estim\u00e9e\" \/>\n\t<meta name=\"twitter:data1\" content=\"1 minute\" \/>\n<script type=\"application\/ld+json\" class=\"yoast-schema-graph\">{\"@context\":\"https:\\\/\\\/schema.org\",\"@graph\":[{\"@type\":\"WebPage\",\"@id\":\"https:\\\/\\\/lesgribouillisdarthur.fr\\\/index.php\\\/produit\\\/cape-de-bain-jungle-enfant-sortie-de-bain-bebe-personnalisee-animaux\\\/\",\"url\":\"https:\\\/\\\/lesgribouillisdarthur.fr\\\/index.php\\\/produit\\\/cape-de-bain-jungle-enfant-sortie-de-bain-bebe-personnalisee-animaux\\\/\",\"name\":\"Cape de bain Jungle - Les Gribouillis d&#039;Arthur\",\"isPartOf\":{\"@id\":\"https:\\\/\\\/lesgribouillisdarthur.fr\\\/#website\"},\"primaryImageOfPage\":{\"@id\":\"https:\\\/\\\/lesgribouillisdarthur.fr\\\/index.php\\\/produit\\\/cape-de-bain-jungle-enfant-sortie-de-bain-bebe-personnalisee-animaux\\\/#primaryimage\"},\"image\":{\"@id\":\"https:\\\/\\\/lesgribouillisdarthur.fr\\\/index.php\\\/produit\\\/cape-de-bain-jungle-enfant-sortie-de-bain-bebe-personnalisee-animaux\\\/#primaryimage\"},\"thumbnailUrl\":\"https:\\\/\\\/lesgribouillisdarthur.fr\\\/wp-content\\\/uploads\\\/2022\\\/06\\\/LesGribouillisdARthurCapedeBainJungleanimaux.jpg\",\"datePublished\":\"2022-06-01T14:12:09+00:00\",\"dateModified\":\"2023-06-28T09:01:44+00:00\",\"description\":\"Passez un doux moment avec cette cape de bain jungle personnalis\u00e9e avec son pr\u00e9nom. Toute douce, pratique, elle facilite le quotidien des parents !\",\"breadcrumb\":{\"@id\":\"https:\\\/\\\/lesgribouillisdarthur.fr\\\/index.php\\\/produit\\\/cape-de-bain-jungle-enfant-sortie-de-bain-bebe-personnalisee-animaux\\\/#breadcrumb\"},\"inLanguage\":\"fr-FR\",\"potentialAction\":[{\"@type\":\"ReadAction\",\"target\":[\"https:\\\/\\\/lesgribouillisdarthur.fr\\\/index.php\\\/produit\\\/cape-de-bain-jungle-enfant-sortie-de-bain-bebe-personnalisee-animaux\\\/\"]}]},{\"@type\":\"ImageObject\",\"inLanguage\":\"fr-FR\",\"@id\":\"https:\\\/\\\/lesgribouillisdarthur.fr\\\/index.php\\\/produit\\\/cape-de-bain-jungle-enfant-sortie-de-bain-bebe-personnalisee-animaux\\\/#primaryimage\",\"url\":\"https:\\\/\\\/lesgribouillisdarthur.fr\\\/wp-content\\\/uploads\\\/2022\\\/06\\\/LesGribouillisdARthurCapedeBainJungleanimaux.jpg\",\"contentUrl\":\"https:\\\/\\\/lesgribouillisdarthur.fr\\\/wp-content\\\/uploads\\\/2022\\\/06\\\/LesGribouillisdARthurCapedeBainJungleanimaux.jpg\",\"width\":1890,\"height\":1890,\"caption\":\"Passez un doux moment avec cette cape de bain jungle personnalis\u00e9e avec son pr\u00e9nom. Toute douce, pratique, elle facilite le quotidien des parents !\"},{\"@type\":\"BreadcrumbList\",\"@id\":\"https:\\\/\\\/lesgribouillisdarthur.fr\\\/index.php\\\/produit\\\/cape-de-bain-jungle-enfant-sortie-de-bain-bebe-personnalisee-animaux\\\/#breadcrumb\",\"itemListElement\":[{\"@type\":\"ListItem\",\"position\":1,\"name\":\"Accueil\",\"item\":\"https:\\\/\\\/lesgribouillisdarthur.fr\\\/\"},{\"@type\":\"ListItem\",\"position\":2,\"name\":\"La boutique\",\"item\":\"https:\\\/\\\/lesgribouillisdarthur.fr\\\/?page_id=6553\"},{\"@type\":\"ListItem\",\"position\":3,\"name\":\"Cape de bain Jungle\"}]},{\"@type\":\"WebSite\",\"@id\":\"https:\\\/\\\/lesgribouillisdarthur.fr\\\/#website\",\"url\":\"https:\\\/\\\/lesgribouillisdarthur.fr\\\/\",\"name\":\"Les Gribouillis d&#039;Arthur\",\"description\":\"Les Gribouillis d&#039;Arthur, cadeaux personnalis\u00e9s pour toute la famille\",\"publisher\":{\"@id\":\"https:\\\/\\\/lesgribouillisdarthur.fr\\\/#organization\"},\"potentialAction\":[{\"@type\":\"SearchAction\",\"target\":{\"@type\":\"EntryPoint\",\"urlTemplate\":\"https:\\\/\\\/lesgribouillisdarthur.fr\\\/?s={search_term_string}\"},\"query-input\":{\"@type\":\"PropertyValueSpecification\",\"valueRequired\":true,\"valueName\":\"search_term_string\"}}],\"inLanguage\":\"fr-FR\"},{\"@type\":\"Organization\",\"@id\":\"https:\\\/\\\/lesgribouillisdarthur.fr\\\/#organization\",\"name\":\"Les Gribouillis d&#039;Arthur\",\"url\":\"https:\\\/\\\/lesgribouillisdarthur.fr\\\/\",\"logo\":{\"@type\":\"ImageObject\",\"inLanguage\":\"fr-FR\",\"@id\":\"https:\\\/\\\/lesgribouillisdarthur.fr\\\/#\\\/schema\\\/logo\\\/image\\\/\",\"url\":\"https:\\\/\\\/lesgribouillisdarthur.fr\\\/wp-content\\\/uploads\\\/2022\\\/10\\\/cropped-cropped-cropped-cropped-cropped-cropped-logo-bleu-1.png\",\"contentUrl\":\"https:\\\/\\\/lesgribouillisdarthur.fr\\\/wp-content\\\/uploads\\\/2022\\\/10\\\/cropped-cropped-cropped-cropped-cropped-cropped-logo-bleu-1.png\",\"width\":254,\"height\":53,\"caption\":\"Les Gribouillis d&#039;Arthur\"},\"image\":{\"@id\":\"https:\\\/\\\/lesgribouillisdarthur.fr\\\/#\\\/schema\\\/logo\\\/image\\\/\"},\"sameAs\":[\"https:\\\/\\\/www.facebook.com\\\/lesgribouillisdarthur\",\"https:\\\/\\\/www.instagram.com\\\/lesgribouillisdarthur\\\/?hl=fr\"]}]}<\/script>\n<!-- \/ Yoast SEO plugin. -->","yoast_head_json":{"title":"Cape de bain Jungle - Les Gribouillis d&#039;Arthur","description":"Passez un doux moment avec cette cape de bain jungle personnalis\u00e9e avec son pr\u00e9nom. Toute douce, pratique, elle facilite le quotidien des parents !","robots":{"index":"index","follow":"follow","max-snippet":"max-snippet:-1","max-image-preview":"max-image-preview:large","max-video-preview":"max-video-preview:-1"},"canonical":"https:\/\/lesgribouillisdarthur.fr\/index.php\/produit\/cape-de-bain-jungle-enfant-sortie-de-bain-bebe-personnalisee-animaux\/","og_locale":"fr_FR","og_type":"article","og_title":"Cape de bain Jungle - Les Gribouillis d&#039;Arthur","og_description":"Passez un doux moment avec cette cape de bain jungle personnalis\u00e9e avec son pr\u00e9nom. Toute douce, pratique, elle facilite le quotidien des parents !","og_url":"https:\/\/lesgribouillisdarthur.fr\/index.php\/produit\/cape-de-bain-jungle-enfant-sortie-de-bain-bebe-personnalisee-animaux\/","og_site_name":"Les Gribouillis d&#039;Arthur","article_publisher":"https:\/\/www.facebook.com\/lesgribouillisdarthur","article_modified_time":"2023-06-28T09:01:44+00:00","og_image":[{"width":1890,"height":1890,"url":"https:\/\/lesgribouillisdarthur.fr\/wp-content\/uploads\/2022\/06\/LesGribouillisdARthurCapedeBainJungleanimaux.jpg","type":"image\/jpeg"}],"twitter_card":"summary_large_image","twitter_misc":{"Dur\u00e9e de lecture estim\u00e9e":"1 minute"},"schema":{"@context":"https:\/\/schema.org","@graph":[{"@type":"WebPage","@id":"https:\/\/lesgribouillisdarthur.fr\/index.php\/produit\/cape-de-bain-jungle-enfant-sortie-de-bain-bebe-personnalisee-animaux\/","url":"https:\/\/lesgribouillisdarthur.fr\/index.php\/produit\/cape-de-bain-jungle-enfant-sortie-de-bain-bebe-personnalisee-animaux\/","name":"Cape de bain Jungle - Les Gribouillis d&#039;Arthur","isPartOf":{"@id":"https:\/\/lesgribouillisdarthur.fr\/#website"},"primaryImageOfPage":{"@id":"https:\/\/lesgribouillisdarthur.fr\/index.php\/produit\/cape-de-bain-jungle-enfant-sortie-de-bain-bebe-personnalisee-animaux\/#primaryimage"},"image":{"@id":"https:\/\/lesgribouillisdarthur.fr\/index.php\/produit\/cape-de-bain-jungle-enfant-sortie-de-bain-bebe-personnalisee-animaux\/#primaryimage"},"thumbnailUrl":"https:\/\/lesgribouillisdarthur.fr\/wp-content\/uploads\/2022\/06\/LesGribouillisdARthurCapedeBainJungleanimaux.jpg","datePublished":"2022-06-01T14:12:09+00:00","dateModified":"2023-06-28T09:01:44+00:00","description":"Passez un doux moment avec cette cape de bain jungle personnalis\u00e9e avec son pr\u00e9nom. Toute douce, pratique, elle facilite le quotidien des parents !","breadcrumb":{"@id":"https:\/\/lesgribouillisdarthur.fr\/index.php\/produit\/cape-de-bain-jungle-enfant-sortie-de-bain-bebe-personnalisee-animaux\/#breadcrumb"},"inLanguage":"fr-FR","potentialAction":[{"@type":"ReadAction","target":["https:\/\/lesgribouillisdarthur.fr\/index.php\/produit\/cape-de-bain-jungle-enfant-sortie-de-bain-bebe-personnalisee-animaux\/"]}]},{"@type":"ImageObject","inLanguage":"fr-FR","@id":"https:\/\/lesgribouillisdarthur.fr\/index.php\/produit\/cape-de-bain-jungle-enfant-sortie-de-bain-bebe-personnalisee-animaux\/#primaryimage","url":"https:\/\/lesgribouillisdarthur.fr\/wp-content\/uploads\/2022\/06\/LesGribouillisdARthurCapedeBainJungleanimaux.jpg","contentUrl":"https:\/\/lesgribouillisdarthur.fr\/wp-content\/uploads\/2022\/06\/LesGribouillisdARthurCapedeBainJungleanimaux.jpg","width":1890,"height":1890,"caption":"Passez un doux moment avec cette cape de bain jungle personnalis\u00e9e avec son pr\u00e9nom. Toute douce, pratique, elle facilite le quotidien des parents !"},{"@type":"BreadcrumbList","@id":"https:\/\/lesgribouillisdarthur.fr\/index.php\/produit\/cape-de-bain-jungle-enfant-sortie-de-bain-bebe-personnalisee-animaux\/#breadcrumb","itemListElement":[{"@type":"ListItem","position":1,"name":"Accueil","item":"https:\/\/lesgribouillisdarthur.fr\/"},{"@type":"ListItem","position":2,"name":"La boutique","item":"https:\/\/lesgribouillisdarthur.fr\/?page_id=6553"},{"@type":"ListItem","position":3,"name":"Cape de bain Jungle"}]},{"@type":"WebSite","@id":"https:\/\/lesgribouillisdarthur.fr\/#website","url":"https:\/\/lesgribouillisdarthur.fr\/","name":"Les Gribouillis d&#039;Arthur","description":"Les Gribouillis d&#039;Arthur, cadeaux personnalis\u00e9s pour toute la famille","publisher":{"@id":"https:\/\/lesgribouillisdarthur.fr\/#organization"},"potentialAction":[{"@type":"SearchAction","target":{"@type":"EntryPoint","urlTemplate":"https:\/\/lesgribouillisdarthur.fr\/?s={search_term_string}"},"query-input":{"@type":"PropertyValueSpecification","valueRequired":true,"valueName":"search_term_string"}}],"inLanguage":"fr-FR"},{"@type":"Organization","@id":"https:\/\/lesgribouillisdarthur.fr\/#organization","name":"Les Gribouillis d&#039;Arthur","url":"https:\/\/lesgribouillisdarthur.fr\/","logo":{"@type":"ImageObject","inLanguage":"fr-FR","@id":"https:\/\/lesgribouillisdarthur.fr\/#\/schema\/logo\/image\/","url":"https:\/\/lesgribouillisdarthur.fr\/wp-content\/uploads\/2022\/10\/cropped-cropped-cropped-cropped-cropped-cropped-logo-bleu-1.png","contentUrl":"https:\/\/lesgribouillisdarthur.fr\/wp-content\/uploads\/2022\/10\/cropped-cropped-cropped-cropped-cropped-cropped-logo-bleu-1.png","width":254,"height":53,"caption":"Les Gribouillis d&#039;Arthur"},"image":{"@id":"https:\/\/lesgribouillisdarthur.fr\/#\/schema\/logo\/image\/"},"sameAs":["https:\/\/www.facebook.com\/lesgribouillisdarthur","https:\/\/www.instagram.com\/lesgribouillisdarthur\/?hl=fr"]}]}},"uagb_featured_image_src":{"full":["https:\/\/lesgribouillisdarthur.fr\/wp-content\/uploads\/2022\/06\/LesGribouillisdARthurCapedeBainJungleanimaux.jpg",1890,1890,false],"thumbnail":["https:\/\/lesgribouillisdarthur.fr\/wp-content\/uploads\/2022\/06\/LesGribouillisdARthurCapedeBainJungleanimaux-150x150.jpg",150,150,true],"medium":["https:\/\/lesgribouillisdarthur.fr\/wp-content\/uploads\/2022\/06\/LesGribouillisdARthurCapedeBainJungleanimaux-300x300.jpg",300,300,true],"medium_large":["https:\/\/lesgribouillisdarthur.fr\/wp-content\/uploads\/2022\/06\/LesGribouillisdARthurCapedeBainJungleanimaux-768x768.jpg",768,768,true],"large":["https:\/\/lesgribouillisdarthur.fr\/wp-content\/uploads\/2022\/06\/LesGribouillisdARthurCapedeBainJungleanimaux-1024x1024.jpg",300,300,true],"1536x1536":["https:\/\/lesgribouillisdarthur.fr\/wp-content\/uploads\/2022\/06\/LesGribouillisdARthurCapedeBainJungleanimaux-1536x1536.jpg",1536,1536,true],"2048x2048":["https:\/\/lesgribouillisdarthur.fr\/wp-content\/uploads\/2022\/06\/LesGribouillisdARthurCapedeBainJungleanimaux.jpg",1890,1890,false],"woocommerce_thumbnail":["https:\/\/lesgribouillisdarthur.fr\/wp-content\/uploads\/2022\/06\/LesGribouillisdARthurCapedeBainJungleanimaux-1200x1200.jpg",1200,1200,true],"woocommerce_single":["https:\/\/lesgribouillisdarthur.fr\/wp-content\/uploads\/2022\/06\/LesGribouillisdARthurCapedeBainJungleanimaux-1200x1200.jpg",1200,1200,true],"woocommerce_gallery_thumbnail":["https:\/\/lesgribouillisdarthur.fr\/wp-content\/uploads\/2022\/06\/LesGribouillisdARthurCapedeBainJungleanimaux-100x100.jpg",100,100,true]},"uagb_author_info":{"display_name":"admin7680","author_link":"https:\/\/lesgribouillisdarthur.fr\/index.php\/author\/"},"uagb_comment_info":0,"uagb_excerpt":"Une cape de bain personnalis\u00e9e pour un tout-petit, c\u2019est l\u2019accessoire qui prolonge le bien-\u00eatre du bain apr\u00e8s la sortie ! De forme bien adapt\u00e9e, la cape de bain en tissu absorbant est parfaite pour le s\u00e9chage de b\u00e9b\u00e9. Sa capuche douillette prot\u00e8ge bien la t\u00eate et la nuque, ses larges pans emmitouflent confortablement tout le\u2026","_links":{"self":[{"href":"https:\/\/lesgribouillisdarthur.fr\/index.php\/wp-json\/wp\/v2\/product\/4159","targetHints":{"allow":["GET"]}}],"collection":[{"href":"https:\/\/lesgribouillisdarthur.fr\/index.php\/wp-json\/wp\/v2\/product"}],"about":[{"href":"https:\/\/lesgribouillisdarthur.fr\/index.php\/wp-json\/wp\/v2\/types\/product"}],"replies":[{"embeddable":true,"href":"https:\/\/lesgribouillisdarthur.fr\/index.php\/wp-json\/wp\/v2\/comments?post=4159"}],"wp:featuredmedia":[{"embeddable":true,"href":"https:\/\/lesgribouillisdarthur.fr\/index.php\/wp-json\/wp\/v2\/media\/4170"}],"wp:attachment":[{"href":"https:\/\/lesgribouillisdarthur.fr\/index.php\/wp-json\/wp\/v2\/media?parent=4159"}],"wp:term":[{"taxonomy":"product_brand","embeddable":true,"href":"https:\/\/lesgribouillisdarthur.fr\/index.php\/wp-json\/wp\/v2\/product_brand?post=4159"},{"taxonomy":"product_cat","embeddable":true,"href":"https:\/\/lesgribouillisdarthur.fr\/index.php\/wp-json\/wp\/v2\/product_cat?post=4159"},{"taxonomy":"product_tag","embeddable":true,"href":"https:\/\/lesgribouillisdarthur.fr\/index.php\/wp-json\/wp\/v2\/product_tag?post=4159"}],"curies":[{"name":"wp","href":"https:\/\/api.w.org\/{rel}","templated":true}]}}