{"id":4542,"date":"2022-09-29T14:13:41","date_gmt":"2022-09-29T12:13:41","guid":{"rendered":"https:\/\/lesgribouillisdarthur.fr\/?post_type=product&#038;p=4542"},"modified":"2023-03-31T11:05:03","modified_gmt":"2023-03-31T09:05:03","slug":"etiquette-bouteille-bonne-fete-papi-a-personnaliser","status":"publish","type":"product","link":"https:\/\/lesgribouillisdarthur.fr\/index.php\/produit\/etiquette-bouteille-bonne-fete-papi-a-personnaliser\/","title":{"rendered":"Etiquette bouteille \u00ab\u00a0Bonne f\u00eate papi\u00a0\u00bb"},"content":{"rendered":"<p><strong>Etiquette bouteille \u00ab\u00a0Bonne f\u00eate papi\u00a0\u00bb \u00e0 personnaliser !<br \/>\n<\/strong><\/p>\n<p>Des papis amateur de vin ou de bi\u00e8re ? J&rsquo;ai l&rsquo;id\u00e9e cadeau qu&rsquo;il vous faut ! L&rsquo;Etiquette bouteille \u00ab\u00a0Bonne f\u00eate papi\u00a0\u00bb \u00e0 personnaliser avec le ou les pr\u00e9noms de vos enfants fera de votre cadeau, un cadeau unique !<\/p>\n<p><em>Un cadeau qui fera plaisir \u00e0 coup sur \u00e0 l&rsquo;occasion\u00a0d&rsquo;un anniversaire, de no\u00ebl ou lors de la f\u00eate des grands p\u00e8res !<\/em><\/p>\n<p><strong>Caract\u00e9ristiques du produit\u00a0:<\/strong><\/p>\n<p>&gt; Largeur : 8 cm<br \/>\n&gt; Hauteur : 11 cm<br \/>\n&gt; Papier haut de gamme adh\u00e9sif r\u00e9sistant \u00e0 l&rsquo;eau !<\/p>\n<p>&gt; Etiquette \u00ab\u00a0Papi Bricoleur\u00a0\u00bb cr\u00e9e et imprim\u00e9e dans mon atelier \u00e0 Lapte en Haute-Loire.<\/p>\n<div>Attention les couleurs peuvent varier de l&rsquo;\u00e9cran au papier !<\/div>\n<div><\/div>\n<div>Pour d\u2019autres id\u00e9es cadeaux\u00a0 <a href=\"https:\/\/lesgribouillisdarthur.fr\/index.php\/categorie-produit\/cartes\/cartes-a-planter-carte-a-semer-papier-ensemence\/occasions-diverses\/fete-des-papys-mamies\/\" target=\"_blank\" rel=\"noopener\">cliquez ici\u00a0<\/a><\/div>\n<div><\/div>\n<p>Je suis \u00e9galement sur les r\u00e9seaux alors suivez moi :<br \/>\n\u2022 Facebook : <a href=\"https:\/\/www.facebook.com\/lesgribouillisdarthur\" target=\"_blank\" rel=\"noopener\">@LesgribouillisdArthur<\/a><br \/>\n\u2022 Instagram : <a href=\"https:\/\/instagram.com\/lesgribouillisdarthur?igshid=YmMyMTA2M2Y\" target=\"_blank\" rel=\"noopener\">@LesGribouillisd\u2019Arthur<\/a><\/p>\n<p>\u00a9 Les gribouillis d\u2019Arthur \u2013 Tous droits de reproduction interdits.<\/p>\n","protected":false},"excerpt":{"rendered":"<p><strong>Etiquette bouteille \u00ab\u00a0Bonne f\u00eate papi\u00a0\u00bb<\/strong><\/p>\n<p>Des papis amateur de vin ou de bi\u00e8re ? J&rsquo;ai l&rsquo;id\u00e9e cadeau qu&rsquo;il vous faut ! L&rsquo;\u00e9tiquette \u00e0 bouteille \u00e0 personnaliser avec le ou les pr\u00e9noms de vos enfants fera de votre cadeau, un cadeau unique !<\/p>\n<p><em>Un cadeau qui fera plaisir \u00e0 coup sur \u00e0 l&rsquo;occasion\u00a0d&rsquo;un anniversaire, de no\u00ebl ou lors de la f\u00eate des grands p\u00e8res !<\/em><\/p>\n","protected":false},"featured_media":4546,"comment_status":"open","ping_status":"closed","template":"","meta":{"_uag_custom_page_level_css":"","_monsterinsights_skip_tracking":false,"_monsterinsights_sitenote_active":false,"_monsterinsights_sitenote_note":"","_monsterinsights_sitenote_category":0,"site-sidebar-layout":"default","site-content-layout":"default","ast-site-content-layout":"","site-content-style":"default","site-sidebar-style":"default","ast-global-header-display":"","ast-banner-title-visibility":"","ast-main-header-display":"","ast-hfb-above-header-display":"","ast-hfb-below-header-display":"","ast-hfb-mobile-header-display":"","site-post-title":"","ast-breadcrumbs-content":"","ast-featured-img":"","footer-sml-layout":"","theme-transparent-header-meta":"default","adv-header-id-meta":"","stick-header-meta":"","header-above-stick-meta":"","header-main-stick-meta":"","header-below-stick-meta":"","astra-migrate-meta-layouts":"default","ast-page-background-enabled":"default","ast-page-background-meta":{"desktop":{"background-color":"","background-image":"","background-repeat":"repeat","background-position":"center center","background-size":"auto","background-attachment":"scroll","background-type":"","background-media":"","overlay-type":"","overlay-color":"","overlay-opacity":"","overlay-gradient":""},"tablet":{"background-color":"","background-image":"","background-repeat":"repeat","background-position":"center center","background-size":"auto","background-attachment":"scroll","background-type":"","background-media":"","overlay-type":"","overlay-color":"","overlay-opacity":"","overlay-gradient":""},"mobile":{"background-color":"","background-image":"","background-repeat":"repeat","background-position":"center center","background-size":"auto","background-attachment":"scroll","background-type":"","background-media":"","overlay-type":"","overlay-color":"","overlay-opacity":"","overlay-gradient":""}},"ast-content-background-meta":{"desktop":{"background-color":"var(--ast-global-color-5)","background-image":"","background-repeat":"repeat","background-position":"center center","background-size":"auto","background-attachment":"scroll","background-type":"","background-media":"","overlay-type":"","overlay-color":"","overlay-opacity":"","overlay-gradient":""},"tablet":{"background-color":"var(--ast-global-color-5)","background-image":"","background-repeat":"repeat","background-position":"center center","background-size":"auto","background-attachment":"scroll","background-type":"","background-media":"","overlay-type":"","overlay-color":"","overlay-opacity":"","overlay-gradient":""},"mobile":{"background-color":"var(--ast-global-color-5)","background-image":"","background-repeat":"repeat","background-position":"center center","background-size":"auto","background-attachment":"scroll","background-type":"","background-media":"","overlay-type":"","overlay-color":"","overlay-opacity":"","overlay-gradient":""}},"_themeisle_gutenberg_block_has_review":false},"product_brand":[],"product_cat":[81],"product_tag":[],"class_list":{"0":"post-4542","1":"product","2":"type-product","3":"status-publish","4":"has-post-thumbnail","6":"product_cat-fete-des-papys-mamies","7":"desktop-align-center","8":"tablet-align-left","9":"mobile-align-left","11":"first","12":"instock","13":"taxable","14":"shipping-taxable","15":"purchasable","16":"product-type-variable"},"yoast_head":"<!-- This site is optimized with the Yoast SEO plugin v27.4 - https:\/\/yoast.com\/product\/yoast-seo-wordpress\/ -->\n<title>Etiquette bouteille &quot;Bonne f\u00eate papi&quot; - Les Gribouillis d&#039;Arthur<\/title>\n<meta name=\"description\" content=\"Des papis amateur de vin ou de bi\u00e8re ? J&#039;ai l&#039;id\u00e9e cadeau qu&#039;il vous faut ! L&#039;Etiquette bouteille &quot;Bonne f\u00eate papi&quot; \u00e0 personnaliser avec le ou les pr\u00e9noms de vos enfants fera de votre cadeau, un cadeau unique !\u00a0\u00a0\" \/>\n<meta name=\"robots\" content=\"index, follow, max-snippet:-1, max-image-preview:large, max-video-preview:-1\" \/>\n<link rel=\"canonical\" href=\"https:\/\/lesgribouillisdarthur.fr\/index.php\/produit\/etiquette-bouteille-bonne-fete-papi-a-personnaliser\/\" \/>\n<meta property=\"og:locale\" content=\"fr_FR\" \/>\n<meta property=\"og:type\" content=\"article\" \/>\n<meta property=\"og:title\" content=\"Etiquette bouteille &quot;Bonne f\u00eate papi&quot; - Les Gribouillis d&#039;Arthur\" \/>\n<meta property=\"og:description\" content=\"Des papis amateur de vin ou de bi\u00e8re ? J&#039;ai l&#039;id\u00e9e cadeau qu&#039;il vous faut ! L&#039;Etiquette bouteille &quot;Bonne f\u00eate papi&quot; \u00e0 personnaliser avec le ou les pr\u00e9noms de vos enfants fera de votre cadeau, un cadeau unique !\u00a0\u00a0\" \/>\n<meta property=\"og:url\" content=\"https:\/\/lesgribouillisdarthur.fr\/index.php\/produit\/etiquette-bouteille-bonne-fete-papi-a-personnaliser\/\" \/>\n<meta property=\"og:site_name\" content=\"Les Gribouillis d&#039;Arthur\" \/>\n<meta property=\"article:publisher\" content=\"https:\/\/www.facebook.com\/lesgribouillisdarthur\" \/>\n<meta property=\"article:modified_time\" content=\"2023-03-31T09:05:03+00:00\" \/>\n<meta property=\"og:image\" content=\"https:\/\/lesgribouillisdarthur.fr\/wp-content\/uploads\/2022\/09\/bouteille.jpg\" \/>\n\t<meta property=\"og:image:width\" content=\"1440\" \/>\n\t<meta property=\"og:image:height\" content=\"2015\" \/>\n\t<meta property=\"og:image:type\" content=\"image\/jpeg\" \/>\n<meta name=\"twitter:card\" content=\"summary_large_image\" \/>\n<meta name=\"twitter:label1\" content=\"Dur\u00e9e de lecture estim\u00e9e\" \/>\n\t<meta name=\"twitter:data1\" content=\"1 minute\" \/>\n<script type=\"application\/ld+json\" class=\"yoast-schema-graph\">{\"@context\":\"https:\\\/\\\/schema.org\",\"@graph\":[{\"@type\":\"WebPage\",\"@id\":\"https:\\\/\\\/lesgribouillisdarthur.fr\\\/index.php\\\/produit\\\/etiquette-bouteille-bonne-fete-papi-a-personnaliser\\\/\",\"url\":\"https:\\\/\\\/lesgribouillisdarthur.fr\\\/index.php\\\/produit\\\/etiquette-bouteille-bonne-fete-papi-a-personnaliser\\\/\",\"name\":\"Etiquette bouteille \\\"Bonne f\u00eate papi\\\" - Les Gribouillis d&#039;Arthur\",\"isPartOf\":{\"@id\":\"https:\\\/\\\/lesgribouillisdarthur.fr\\\/#website\"},\"primaryImageOfPage\":{\"@id\":\"https:\\\/\\\/lesgribouillisdarthur.fr\\\/index.php\\\/produit\\\/etiquette-bouteille-bonne-fete-papi-a-personnaliser\\\/#primaryimage\"},\"image\":{\"@id\":\"https:\\\/\\\/lesgribouillisdarthur.fr\\\/index.php\\\/produit\\\/etiquette-bouteille-bonne-fete-papi-a-personnaliser\\\/#primaryimage\"},\"thumbnailUrl\":\"https:\\\/\\\/lesgribouillisdarthur.fr\\\/wp-content\\\/uploads\\\/2022\\\/09\\\/bouteille.jpg\",\"datePublished\":\"2022-09-29T12:13:41+00:00\",\"dateModified\":\"2023-03-31T09:05:03+00:00\",\"description\":\"Des papis amateur de vin ou de bi\u00e8re ? J'ai l'id\u00e9e cadeau qu'il vous faut ! L'Etiquette bouteille \\\"Bonne f\u00eate papi\\\" \u00e0 personnaliser avec le ou les pr\u00e9noms de vos enfants fera de votre cadeau, un cadeau unique !\u00a0\u00a0\",\"breadcrumb\":{\"@id\":\"https:\\\/\\\/lesgribouillisdarthur.fr\\\/index.php\\\/produit\\\/etiquette-bouteille-bonne-fete-papi-a-personnaliser\\\/#breadcrumb\"},\"inLanguage\":\"fr-FR\",\"potentialAction\":[{\"@type\":\"ReadAction\",\"target\":[\"https:\\\/\\\/lesgribouillisdarthur.fr\\\/index.php\\\/produit\\\/etiquette-bouteille-bonne-fete-papi-a-personnaliser\\\/\"]}]},{\"@type\":\"ImageObject\",\"inLanguage\":\"fr-FR\",\"@id\":\"https:\\\/\\\/lesgribouillisdarthur.fr\\\/index.php\\\/produit\\\/etiquette-bouteille-bonne-fete-papi-a-personnaliser\\\/#primaryimage\",\"url\":\"https:\\\/\\\/lesgribouillisdarthur.fr\\\/wp-content\\\/uploads\\\/2022\\\/09\\\/bouteille.jpg\",\"contentUrl\":\"https:\\\/\\\/lesgribouillisdarthur.fr\\\/wp-content\\\/uploads\\\/2022\\\/09\\\/bouteille.jpg\",\"width\":1440,\"height\":2015,\"caption\":\"Des papis amateur de vin ou de bi\u00e8re ? J'ai l'id\u00e9e cadeau qu'il vous faut ! L'Etiquette bouteille \\\"Bonne f\u00eate papi\\\" \u00e0 personnaliser avec le ou les pr\u00e9noms de vos enfants fera de votre cadeau, un cadeau unique !\u00a0\u00a0\"},{\"@type\":\"BreadcrumbList\",\"@id\":\"https:\\\/\\\/lesgribouillisdarthur.fr\\\/index.php\\\/produit\\\/etiquette-bouteille-bonne-fete-papi-a-personnaliser\\\/#breadcrumb\",\"itemListElement\":[{\"@type\":\"ListItem\",\"position\":1,\"name\":\"Accueil\",\"item\":\"https:\\\/\\\/lesgribouillisdarthur.fr\\\/\"},{\"@type\":\"ListItem\",\"position\":2,\"name\":\"La boutique\",\"item\":\"https:\\\/\\\/lesgribouillisdarthur.fr\\\/?page_id=6553\"},{\"@type\":\"ListItem\",\"position\":3,\"name\":\"Etiquette bouteille &#8220;Bonne f\u00eate papi&#8221;\"}]},{\"@type\":\"WebSite\",\"@id\":\"https:\\\/\\\/lesgribouillisdarthur.fr\\\/#website\",\"url\":\"https:\\\/\\\/lesgribouillisdarthur.fr\\\/\",\"name\":\"Les Gribouillis d&#039;Arthur\",\"description\":\"Les Gribouillis d&#039;Arthur, cadeaux personnalis\u00e9s pour toute la famille\",\"publisher\":{\"@id\":\"https:\\\/\\\/lesgribouillisdarthur.fr\\\/#organization\"},\"potentialAction\":[{\"@type\":\"SearchAction\",\"target\":{\"@type\":\"EntryPoint\",\"urlTemplate\":\"https:\\\/\\\/lesgribouillisdarthur.fr\\\/?s={search_term_string}\"},\"query-input\":{\"@type\":\"PropertyValueSpecification\",\"valueRequired\":true,\"valueName\":\"search_term_string\"}}],\"inLanguage\":\"fr-FR\"},{\"@type\":\"Organization\",\"@id\":\"https:\\\/\\\/lesgribouillisdarthur.fr\\\/#organization\",\"name\":\"Les Gribouillis d&#039;Arthur\",\"url\":\"https:\\\/\\\/lesgribouillisdarthur.fr\\\/\",\"logo\":{\"@type\":\"ImageObject\",\"inLanguage\":\"fr-FR\",\"@id\":\"https:\\\/\\\/lesgribouillisdarthur.fr\\\/#\\\/schema\\\/logo\\\/image\\\/\",\"url\":\"https:\\\/\\\/lesgribouillisdarthur.fr\\\/wp-content\\\/uploads\\\/2022\\\/10\\\/cropped-cropped-cropped-cropped-cropped-cropped-logo-bleu-1.png\",\"contentUrl\":\"https:\\\/\\\/lesgribouillisdarthur.fr\\\/wp-content\\\/uploads\\\/2022\\\/10\\\/cropped-cropped-cropped-cropped-cropped-cropped-logo-bleu-1.png\",\"width\":254,\"height\":53,\"caption\":\"Les Gribouillis d&#039;Arthur\"},\"image\":{\"@id\":\"https:\\\/\\\/lesgribouillisdarthur.fr\\\/#\\\/schema\\\/logo\\\/image\\\/\"},\"sameAs\":[\"https:\\\/\\\/www.facebook.com\\\/lesgribouillisdarthur\",\"https:\\\/\\\/www.instagram.com\\\/lesgribouillisdarthur\\\/?hl=fr\"]}]}<\/script>\n<!-- \/ Yoast SEO plugin. -->","yoast_head_json":{"title":"Etiquette bouteille \"Bonne f\u00eate papi\" - Les Gribouillis d&#039;Arthur","description":"Des papis amateur de vin ou de bi\u00e8re ? J'ai l'id\u00e9e cadeau qu'il vous faut ! L'Etiquette bouteille \"Bonne f\u00eate papi\" \u00e0 personnaliser avec le ou les pr\u00e9noms de vos enfants fera de votre cadeau, un cadeau unique !\u00a0\u00a0","robots":{"index":"index","follow":"follow","max-snippet":"max-snippet:-1","max-image-preview":"max-image-preview:large","max-video-preview":"max-video-preview:-1"},"canonical":"https:\/\/lesgribouillisdarthur.fr\/index.php\/produit\/etiquette-bouteille-bonne-fete-papi-a-personnaliser\/","og_locale":"fr_FR","og_type":"article","og_title":"Etiquette bouteille \"Bonne f\u00eate papi\" - Les Gribouillis d&#039;Arthur","og_description":"Des papis amateur de vin ou de bi\u00e8re ? J'ai l'id\u00e9e cadeau qu'il vous faut ! L'Etiquette bouteille \"Bonne f\u00eate papi\" \u00e0 personnaliser avec le ou les pr\u00e9noms de vos enfants fera de votre cadeau, un cadeau unique !\u00a0\u00a0","og_url":"https:\/\/lesgribouillisdarthur.fr\/index.php\/produit\/etiquette-bouteille-bonne-fete-papi-a-personnaliser\/","og_site_name":"Les Gribouillis d&#039;Arthur","article_publisher":"https:\/\/www.facebook.com\/lesgribouillisdarthur","article_modified_time":"2023-03-31T09:05:03+00:00","og_image":[{"width":1440,"height":2015,"url":"https:\/\/lesgribouillisdarthur.fr\/wp-content\/uploads\/2022\/09\/bouteille.jpg","type":"image\/jpeg"}],"twitter_card":"summary_large_image","twitter_misc":{"Dur\u00e9e de lecture estim\u00e9e":"1 minute"},"schema":{"@context":"https:\/\/schema.org","@graph":[{"@type":"WebPage","@id":"https:\/\/lesgribouillisdarthur.fr\/index.php\/produit\/etiquette-bouteille-bonne-fete-papi-a-personnaliser\/","url":"https:\/\/lesgribouillisdarthur.fr\/index.php\/produit\/etiquette-bouteille-bonne-fete-papi-a-personnaliser\/","name":"Etiquette bouteille \"Bonne f\u00eate papi\" - Les Gribouillis d&#039;Arthur","isPartOf":{"@id":"https:\/\/lesgribouillisdarthur.fr\/#website"},"primaryImageOfPage":{"@id":"https:\/\/lesgribouillisdarthur.fr\/index.php\/produit\/etiquette-bouteille-bonne-fete-papi-a-personnaliser\/#primaryimage"},"image":{"@id":"https:\/\/lesgribouillisdarthur.fr\/index.php\/produit\/etiquette-bouteille-bonne-fete-papi-a-personnaliser\/#primaryimage"},"thumbnailUrl":"https:\/\/lesgribouillisdarthur.fr\/wp-content\/uploads\/2022\/09\/bouteille.jpg","datePublished":"2022-09-29T12:13:41+00:00","dateModified":"2023-03-31T09:05:03+00:00","description":"Des papis amateur de vin ou de bi\u00e8re ? J'ai l'id\u00e9e cadeau qu'il vous faut ! L'Etiquette bouteille \"Bonne f\u00eate papi\" \u00e0 personnaliser avec le ou les pr\u00e9noms de vos enfants fera de votre cadeau, un cadeau unique !\u00a0\u00a0","breadcrumb":{"@id":"https:\/\/lesgribouillisdarthur.fr\/index.php\/produit\/etiquette-bouteille-bonne-fete-papi-a-personnaliser\/#breadcrumb"},"inLanguage":"fr-FR","potentialAction":[{"@type":"ReadAction","target":["https:\/\/lesgribouillisdarthur.fr\/index.php\/produit\/etiquette-bouteille-bonne-fete-papi-a-personnaliser\/"]}]},{"@type":"ImageObject","inLanguage":"fr-FR","@id":"https:\/\/lesgribouillisdarthur.fr\/index.php\/produit\/etiquette-bouteille-bonne-fete-papi-a-personnaliser\/#primaryimage","url":"https:\/\/lesgribouillisdarthur.fr\/wp-content\/uploads\/2022\/09\/bouteille.jpg","contentUrl":"https:\/\/lesgribouillisdarthur.fr\/wp-content\/uploads\/2022\/09\/bouteille.jpg","width":1440,"height":2015,"caption":"Des papis amateur de vin ou de bi\u00e8re ? J'ai l'id\u00e9e cadeau qu'il vous faut ! L'Etiquette bouteille \"Bonne f\u00eate papi\" \u00e0 personnaliser avec le ou les pr\u00e9noms de vos enfants fera de votre cadeau, un cadeau unique !\u00a0\u00a0"},{"@type":"BreadcrumbList","@id":"https:\/\/lesgribouillisdarthur.fr\/index.php\/produit\/etiquette-bouteille-bonne-fete-papi-a-personnaliser\/#breadcrumb","itemListElement":[{"@type":"ListItem","position":1,"name":"Accueil","item":"https:\/\/lesgribouillisdarthur.fr\/"},{"@type":"ListItem","position":2,"name":"La boutique","item":"https:\/\/lesgribouillisdarthur.fr\/?page_id=6553"},{"@type":"ListItem","position":3,"name":"Etiquette bouteille &#8220;Bonne f\u00eate papi&#8221;"}]},{"@type":"WebSite","@id":"https:\/\/lesgribouillisdarthur.fr\/#website","url":"https:\/\/lesgribouillisdarthur.fr\/","name":"Les Gribouillis d&#039;Arthur","description":"Les Gribouillis d&#039;Arthur, cadeaux personnalis\u00e9s pour toute la famille","publisher":{"@id":"https:\/\/lesgribouillisdarthur.fr\/#organization"},"potentialAction":[{"@type":"SearchAction","target":{"@type":"EntryPoint","urlTemplate":"https:\/\/lesgribouillisdarthur.fr\/?s={search_term_string}"},"query-input":{"@type":"PropertyValueSpecification","valueRequired":true,"valueName":"search_term_string"}}],"inLanguage":"fr-FR"},{"@type":"Organization","@id":"https:\/\/lesgribouillisdarthur.fr\/#organization","name":"Les Gribouillis d&#039;Arthur","url":"https:\/\/lesgribouillisdarthur.fr\/","logo":{"@type":"ImageObject","inLanguage":"fr-FR","@id":"https:\/\/lesgribouillisdarthur.fr\/#\/schema\/logo\/image\/","url":"https:\/\/lesgribouillisdarthur.fr\/wp-content\/uploads\/2022\/10\/cropped-cropped-cropped-cropped-cropped-cropped-logo-bleu-1.png","contentUrl":"https:\/\/lesgribouillisdarthur.fr\/wp-content\/uploads\/2022\/10\/cropped-cropped-cropped-cropped-cropped-cropped-logo-bleu-1.png","width":254,"height":53,"caption":"Les Gribouillis d&#039;Arthur"},"image":{"@id":"https:\/\/lesgribouillisdarthur.fr\/#\/schema\/logo\/image\/"},"sameAs":["https:\/\/www.facebook.com\/lesgribouillisdarthur","https:\/\/www.instagram.com\/lesgribouillisdarthur\/?hl=fr"]}]}},"uagb_featured_image_src":{"full":["https:\/\/lesgribouillisdarthur.fr\/wp-content\/uploads\/2022\/09\/bouteille.jpg",1440,2015,false],"thumbnail":["https:\/\/lesgribouillisdarthur.fr\/wp-content\/uploads\/2022\/09\/bouteille-150x150.jpg",150,150,true],"medium":["https:\/\/lesgribouillisdarthur.fr\/wp-content\/uploads\/2022\/09\/bouteille-214x300.jpg",214,300,true],"medium_large":["https:\/\/lesgribouillisdarthur.fr\/wp-content\/uploads\/2022\/09\/bouteille-768x1075.jpg",768,1075,true],"large":["https:\/\/lesgribouillisdarthur.fr\/wp-content\/uploads\/2022\/09\/bouteille-732x1024.jpg",214,300,true],"1536x1536":["https:\/\/lesgribouillisdarthur.fr\/wp-content\/uploads\/2022\/09\/bouteille-1098x1536.jpg",1098,1536,true],"2048x2048":["https:\/\/lesgribouillisdarthur.fr\/wp-content\/uploads\/2022\/09\/bouteille.jpg",1440,2015,false],"woocommerce_thumbnail":["https:\/\/lesgribouillisdarthur.fr\/wp-content\/uploads\/2022\/09\/bouteille-1200x1200.jpg",1200,1200,true],"woocommerce_single":["https:\/\/lesgribouillisdarthur.fr\/wp-content\/uploads\/2022\/09\/bouteille-1200x1679.jpg",1200,1679,true],"woocommerce_gallery_thumbnail":["https:\/\/lesgribouillisdarthur.fr\/wp-content\/uploads\/2022\/09\/bouteille-100x100.jpg",100,100,true]},"uagb_author_info":{"display_name":"admin7680","author_link":"https:\/\/lesgribouillisdarthur.fr\/index.php\/author\/"},"uagb_comment_info":0,"uagb_excerpt":"Etiquette bouteille \"Bonne f\u00eate papi\" Des papis amateur de vin ou de bi\u00e8re ? J'ai l'id\u00e9e cadeau qu'il vous faut ! L'\u00e9tiquette \u00e0 bouteille \u00e0 personnaliser avec le ou les pr\u00e9noms de vos enfants fera de votre cadeau, un cadeau unique ! Un cadeau qui fera plaisir \u00e0 coup sur \u00e0 l'occasion\u00a0d'un anniversaire, de no\u00ebl\u2026","_links":{"self":[{"href":"https:\/\/lesgribouillisdarthur.fr\/index.php\/wp-json\/wp\/v2\/product\/4542","targetHints":{"allow":["GET"]}}],"collection":[{"href":"https:\/\/lesgribouillisdarthur.fr\/index.php\/wp-json\/wp\/v2\/product"}],"about":[{"href":"https:\/\/lesgribouillisdarthur.fr\/index.php\/wp-json\/wp\/v2\/types\/product"}],"replies":[{"embeddable":true,"href":"https:\/\/lesgribouillisdarthur.fr\/index.php\/wp-json\/wp\/v2\/comments?post=4542"}],"wp:featuredmedia":[{"embeddable":true,"href":"https:\/\/lesgribouillisdarthur.fr\/index.php\/wp-json\/wp\/v2\/media\/4546"}],"wp:attachment":[{"href":"https:\/\/lesgribouillisdarthur.fr\/index.php\/wp-json\/wp\/v2\/media?parent=4542"}],"wp:term":[{"taxonomy":"product_brand","embeddable":true,"href":"https:\/\/lesgribouillisdarthur.fr\/index.php\/wp-json\/wp\/v2\/product_brand?post=4542"},{"taxonomy":"product_cat","embeddable":true,"href":"https:\/\/lesgribouillisdarthur.fr\/index.php\/wp-json\/wp\/v2\/product_cat?post=4542"},{"taxonomy":"product_tag","embeddable":true,"href":"https:\/\/lesgribouillisdarthur.fr\/index.php\/wp-json\/wp\/v2\/product_tag?post=4542"}],"curies":[{"name":"wp","href":"https:\/\/api.w.org\/{rel}","templated":true}]}}