{"id":4576,"date":"2022-10-04T11:27:17","date_gmt":"2022-10-04T09:27:17","guid":{"rendered":"https:\/\/lesgribouillisdarthur.fr\/?post_type=product&#038;p=4576"},"modified":"2023-06-28T09:48:13","modified_gmt":"2023-06-28T07:48:13","slug":"coussin-personnalise-elephant-decorations-chambre-enfant","status":"publish","type":"product","link":"https:\/\/lesgribouillisdarthur.fr\/index.php\/produit\/coussin-personnalise-elephant-decorations-chambre-enfant\/","title":{"rendered":"Coussin personnalis\u00e9 \u00e9l\u00e9phant"},"content":{"rendered":"<p><strong>\u00a0Coussin personnalis\u00e9 \u00e9l\u00e9phant<\/strong><\/p>\n<p>La housse de Coussin personnalis\u00e9 \u00e9l\u00e9phant est une jolie id\u00e9e pour faire un cadeau quelle que soit l\u2019occasion, m\u00eame pour offrir \u00e0 sa maison !<\/p>\n<p>Synonyme de douceur et de r\u00e9confort, le Coussin personnalis\u00e9 \u00e9l\u00e9phant est un objet \u00ab doudou \u00bb qui d\u00e9corera ainsi agr\u00e9ablement les chambres ou le salon.<\/p>\n<p>Un\u00a0 mod\u00e8le qui accompagnera vos enfants paisiblement vers une douce nuit, comme ce petit \u00e9l\u00e9phant endormi\u00a0sur ses nuages !<\/p>\n<p><strong>Caract\u00e9ristiques du produit <\/strong><\/p>\n<ul>\n<li>Coussin complet<\/li>\n<li>Taille 25cm x 25cm<\/li>\n<li>D\u00e9housser avant lavage \u00e0 30\u00b0<\/li>\n<li>Repasser sur l\u2019envers<\/li>\n<li>Eviter le s\u00e8che-linge !<\/li>\n<\/ul>\n<p>Attention les couleurs peuvent varier de l\u2019\u00e9cran au coussin !<\/p>\n<p>Fermeture \u00e9clair sur le bas du coussin, pour le d\u00e9housser facilement.<\/p>\n<p>Livr\u00e9 \u00e0 plat sous vide<\/p>\n<p>Les envois se font par colissimo ensuite un num\u00e9ro est renseign\u00e9 pour suivre votre commande.<br \/>\nLes d\u00e9lais d\u2019acheminement sont donn\u00e9s \u00e0 titre indicatif ainsi je ne peux pas garantir les d\u00e9lais, par cons\u00e9quent ma responsabilit\u00e9 ne peut pas \u00eatre engag\u00e9e en cas de retard ou de perte de votre commande.<\/p>\n<p>Pour d&rsquo;autres mod\u00e8les <a href=\"https:\/\/lesgribouillisdarthur.fr\/index.php\/categorie-produit\/decoration-interieur-maison\/coussins-personnalises\/\">cliquez ici\u00a0<\/a><\/p>\n<p>je suis \u00e9galement sur les r\u00e9seaux, alors suivez moi :<br \/>\nFacebook : <a href=\"https:\/\/www.facebook.com\/lesgribouillisdarthur\" target=\"_blank\" rel=\"noopener\">@LesgribouillisdArthur<\/a><br \/>\nInstagram : <a href=\"https:\/\/instagram.com\/lesgribouillisdarthur?igshid=YmMyMTA2M2Y\" target=\"_blank\" rel=\"noopener\">@LesGribouillisd\u2019Arthur<\/a><\/p>\n<p>\u00a9 Les gribouillis d\u2019Arthur \u2013 Tous droits de reproduction interdits.<\/p>\n","protected":false},"excerpt":{"rendered":"<p><strong>Coussin personnalis\u00e9 <\/strong><\/p>\n<p>La housse de coussin personnalis\u00e9e est une jolie id\u00e9e pour faire un cadeau quelle que soit l\u2019occasion, m\u00eame pour offrir \u00e0 sa maison !<\/p>\n<p>Synonyme de douceur et de r\u00e9confort, le coussin personnalis\u00e9 est un objet \u00ab doudou \u00bb qui d\u00e9corera ainsi agr\u00e9ablement les chambres ou le salon.<\/p>\n<p><em>Un\u00a0 mod\u00e8le qui accompagnera vos enfants paisiblement vers une douce nuit, comme ce petit \u00e9l\u00e9phant endormi sur ses nuages !\u00a0<\/em><\/p>\n","protected":false},"featured_media":4578,"comment_status":"open","ping_status":"closed","template":"","meta":{"_uag_custom_page_level_css":"","_monsterinsights_skip_tracking":false,"_monsterinsights_sitenote_active":false,"_monsterinsights_sitenote_note":"","_monsterinsights_sitenote_category":0,"site-sidebar-layout":"default","site-content-layout":"default","ast-site-content-layout":"","site-content-style":"default","site-sidebar-style":"default","ast-global-header-display":"","ast-banner-title-visibility":"","ast-main-header-display":"","ast-hfb-above-header-display":"","ast-hfb-below-header-display":"","ast-hfb-mobile-header-display":"","site-post-title":"","ast-breadcrumbs-content":"","ast-featured-img":"","footer-sml-layout":"","theme-transparent-header-meta":"default","adv-header-id-meta":"","stick-header-meta":"","header-above-stick-meta":"","header-main-stick-meta":"","header-below-stick-meta":"","astra-migrate-meta-layouts":"default","ast-page-background-enabled":"default","ast-page-background-meta":{"desktop":{"background-color":"","background-image":"","background-repeat":"repeat","background-position":"center center","background-size":"auto","background-attachment":"scroll","background-type":"","background-media":"","overlay-type":"","overlay-color":"","overlay-opacity":"","overlay-gradient":""},"tablet":{"background-color":"","background-image":"","background-repeat":"repeat","background-position":"center center","background-size":"auto","background-attachment":"scroll","background-type":"","background-media":"","overlay-type":"","overlay-color":"","overlay-opacity":"","overlay-gradient":""},"mobile":{"background-color":"","background-image":"","background-repeat":"repeat","background-position":"center center","background-size":"auto","background-attachment":"scroll","background-type":"","background-media":"","overlay-type":"","overlay-color":"","overlay-opacity":"","overlay-gradient":""}},"ast-content-background-meta":{"desktop":{"background-color":"var(--ast-global-color-5)","background-image":"","background-repeat":"repeat","background-position":"center center","background-size":"auto","background-attachment":"scroll","background-type":"","background-media":"","overlay-type":"","overlay-color":"","overlay-opacity":"","overlay-gradient":""},"tablet":{"background-color":"var(--ast-global-color-5)","background-image":"","background-repeat":"repeat","background-position":"center center","background-size":"auto","background-attachment":"scroll","background-type":"","background-media":"","overlay-type":"","overlay-color":"","overlay-opacity":"","overlay-gradient":""},"mobile":{"background-color":"var(--ast-global-color-5)","background-image":"","background-repeat":"repeat","background-position":"center center","background-size":"auto","background-attachment":"scroll","background-type":"","background-media":"","overlay-type":"","overlay-color":"","overlay-opacity":"","overlay-gradient":""}},"_themeisle_gutenberg_block_has_review":false},"product_brand":[],"product_cat":[89],"product_tag":[],"class_list":{"0":"post-4576","1":"product","2":"type-product","3":"status-publish","4":"has-post-thumbnail","6":"product_cat-coussins-personnalises","7":"product_shipping_class-produits-volumineux","8":"desktop-align-center","9":"tablet-align-left","10":"mobile-align-left","11":"wcpa_has_options","13":"first","14":"instock","15":"featured","16":"taxable","17":"shipping-taxable","18":"purchasable","19":"product-type-simple"},"yoast_head":"<!-- This site is optimized with the Yoast SEO plugin v27.4 - https:\/\/yoast.com\/product\/yoast-seo-wordpress\/ -->\n<title>Coussin personnalis\u00e9 \u00e9l\u00e9phant<\/title>\n<meta name=\"description\" content=\"Une housse de coussin personnalis\u00e9 baleines, p\u00e9tillante et color\u00e9e pour mettre du voyage dans votre int\u00e9rieur ! Id\u00e9al pour l&#039;\u00e9cole et la cr\u00e8che !\" \/>\n<meta name=\"robots\" content=\"index, follow, max-snippet:-1, max-image-preview:large, max-video-preview:-1\" \/>\n<link rel=\"canonical\" href=\"https:\/\/lesgribouillisdarthur.fr\/index.php\/produit\/coussin-personnalise-elephant-decorations-chambre-enfant\/\" \/>\n<meta property=\"og:locale\" content=\"fr_FR\" \/>\n<meta property=\"og:type\" content=\"article\" \/>\n<meta property=\"og:title\" content=\"Coussin personnalis\u00e9 \u00e9l\u00e9phant\" \/>\n<meta property=\"og:description\" content=\"Une housse de coussin personnalis\u00e9 baleines, p\u00e9tillante et color\u00e9e pour mettre du voyage dans votre int\u00e9rieur ! Id\u00e9al pour l&#039;\u00e9cole et la cr\u00e8che !\" \/>\n<meta property=\"og:url\" content=\"https:\/\/lesgribouillisdarthur.fr\/index.php\/produit\/coussin-personnalise-elephant-decorations-chambre-enfant\/\" \/>\n<meta property=\"og:site_name\" content=\"Les Gribouillis d&#039;Arthur\" \/>\n<meta property=\"article:publisher\" content=\"https:\/\/www.facebook.com\/lesgribouillisdarthur\" \/>\n<meta property=\"article:modified_time\" content=\"2023-06-28T07:48:13+00:00\" \/>\n<meta property=\"og:image\" content=\"https:\/\/lesgribouillisdarthur.fr\/wp-content\/uploads\/2022\/10\/LesGribouillisdArthurCoussinElephantl.jpg\" \/>\n\t<meta property=\"og:image:width\" content=\"2224\" \/>\n\t<meta property=\"og:image:height\" content=\"2224\" \/>\n\t<meta property=\"og:image:type\" content=\"image\/jpeg\" \/>\n<meta name=\"twitter:card\" content=\"summary_large_image\" \/>\n<meta name=\"twitter:label1\" content=\"Dur\u00e9e de lecture estim\u00e9e\" \/>\n\t<meta name=\"twitter:data1\" content=\"1 minute\" \/>\n<script type=\"application\/ld+json\" class=\"yoast-schema-graph\">{\"@context\":\"https:\\\/\\\/schema.org\",\"@graph\":[{\"@type\":\"WebPage\",\"@id\":\"https:\\\/\\\/lesgribouillisdarthur.fr\\\/index.php\\\/produit\\\/coussin-personnalise-elephant-decorations-chambre-enfant\\\/\",\"url\":\"https:\\\/\\\/lesgribouillisdarthur.fr\\\/index.php\\\/produit\\\/coussin-personnalise-elephant-decorations-chambre-enfant\\\/\",\"name\":\"Coussin personnalis\u00e9 \u00e9l\u00e9phant\",\"isPartOf\":{\"@id\":\"https:\\\/\\\/lesgribouillisdarthur.fr\\\/#website\"},\"primaryImageOfPage\":{\"@id\":\"https:\\\/\\\/lesgribouillisdarthur.fr\\\/index.php\\\/produit\\\/coussin-personnalise-elephant-decorations-chambre-enfant\\\/#primaryimage\"},\"image\":{\"@id\":\"https:\\\/\\\/lesgribouillisdarthur.fr\\\/index.php\\\/produit\\\/coussin-personnalise-elephant-decorations-chambre-enfant\\\/#primaryimage\"},\"thumbnailUrl\":\"https:\\\/\\\/lesgribouillisdarthur.fr\\\/wp-content\\\/uploads\\\/2022\\\/10\\\/LesGribouillisdArthurCoussinElephantl.jpg\",\"datePublished\":\"2022-10-04T09:27:17+00:00\",\"dateModified\":\"2023-06-28T07:48:13+00:00\",\"description\":\"Une housse de coussin personnalis\u00e9 baleines, p\u00e9tillante et color\u00e9e pour mettre du voyage dans votre int\u00e9rieur ! Id\u00e9al pour l'\u00e9cole et la cr\u00e8che !\",\"breadcrumb\":{\"@id\":\"https:\\\/\\\/lesgribouillisdarthur.fr\\\/index.php\\\/produit\\\/coussin-personnalise-elephant-decorations-chambre-enfant\\\/#breadcrumb\"},\"inLanguage\":\"fr-FR\",\"potentialAction\":[{\"@type\":\"ReadAction\",\"target\":[\"https:\\\/\\\/lesgribouillisdarthur.fr\\\/index.php\\\/produit\\\/coussin-personnalise-elephant-decorations-chambre-enfant\\\/\"]}]},{\"@type\":\"ImageObject\",\"inLanguage\":\"fr-FR\",\"@id\":\"https:\\\/\\\/lesgribouillisdarthur.fr\\\/index.php\\\/produit\\\/coussin-personnalise-elephant-decorations-chambre-enfant\\\/#primaryimage\",\"url\":\"https:\\\/\\\/lesgribouillisdarthur.fr\\\/wp-content\\\/uploads\\\/2022\\\/10\\\/LesGribouillisdArthurCoussinElephantl.jpg\",\"contentUrl\":\"https:\\\/\\\/lesgribouillisdarthur.fr\\\/wp-content\\\/uploads\\\/2022\\\/10\\\/LesGribouillisdArthurCoussinElephantl.jpg\",\"width\":2224,\"height\":2224,\"caption\":\"Avec le coussin personnalis\u00e9 \u00e9l\u00e9phant votre enfant passera une douce nuit dans les nuages. Une id\u00e9e parfaite pour d\u00e9corer votre int\u00e9rieur.\"},{\"@type\":\"BreadcrumbList\",\"@id\":\"https:\\\/\\\/lesgribouillisdarthur.fr\\\/index.php\\\/produit\\\/coussin-personnalise-elephant-decorations-chambre-enfant\\\/#breadcrumb\",\"itemListElement\":[{\"@type\":\"ListItem\",\"position\":1,\"name\":\"Accueil\",\"item\":\"https:\\\/\\\/lesgribouillisdarthur.fr\\\/\"},{\"@type\":\"ListItem\",\"position\":2,\"name\":\"La boutique\",\"item\":\"https:\\\/\\\/lesgribouillisdarthur.fr\\\/?page_id=6553\"},{\"@type\":\"ListItem\",\"position\":3,\"name\":\"Coussin personnalis\u00e9 \u00e9l\u00e9phant\"}]},{\"@type\":\"WebSite\",\"@id\":\"https:\\\/\\\/lesgribouillisdarthur.fr\\\/#website\",\"url\":\"https:\\\/\\\/lesgribouillisdarthur.fr\\\/\",\"name\":\"Les Gribouillis d&#039;Arthur\",\"description\":\"Les Gribouillis d&#039;Arthur, cadeaux personnalis\u00e9s pour toute la famille\",\"publisher\":{\"@id\":\"https:\\\/\\\/lesgribouillisdarthur.fr\\\/#organization\"},\"potentialAction\":[{\"@type\":\"SearchAction\",\"target\":{\"@type\":\"EntryPoint\",\"urlTemplate\":\"https:\\\/\\\/lesgribouillisdarthur.fr\\\/?s={search_term_string}\"},\"query-input\":{\"@type\":\"PropertyValueSpecification\",\"valueRequired\":true,\"valueName\":\"search_term_string\"}}],\"inLanguage\":\"fr-FR\"},{\"@type\":\"Organization\",\"@id\":\"https:\\\/\\\/lesgribouillisdarthur.fr\\\/#organization\",\"name\":\"Les Gribouillis d&#039;Arthur\",\"url\":\"https:\\\/\\\/lesgribouillisdarthur.fr\\\/\",\"logo\":{\"@type\":\"ImageObject\",\"inLanguage\":\"fr-FR\",\"@id\":\"https:\\\/\\\/lesgribouillisdarthur.fr\\\/#\\\/schema\\\/logo\\\/image\\\/\",\"url\":\"https:\\\/\\\/lesgribouillisdarthur.fr\\\/wp-content\\\/uploads\\\/2022\\\/10\\\/cropped-cropped-cropped-cropped-cropped-cropped-logo-bleu-1.png\",\"contentUrl\":\"https:\\\/\\\/lesgribouillisdarthur.fr\\\/wp-content\\\/uploads\\\/2022\\\/10\\\/cropped-cropped-cropped-cropped-cropped-cropped-logo-bleu-1.png\",\"width\":254,\"height\":53,\"caption\":\"Les Gribouillis d&#039;Arthur\"},\"image\":{\"@id\":\"https:\\\/\\\/lesgribouillisdarthur.fr\\\/#\\\/schema\\\/logo\\\/image\\\/\"},\"sameAs\":[\"https:\\\/\\\/www.facebook.com\\\/lesgribouillisdarthur\",\"https:\\\/\\\/www.instagram.com\\\/lesgribouillisdarthur\\\/?hl=fr\"]}]}<\/script>\n<!-- \/ Yoast SEO plugin. -->","yoast_head_json":{"title":"Coussin personnalis\u00e9 \u00e9l\u00e9phant","description":"Une housse de coussin personnalis\u00e9 baleines, p\u00e9tillante et color\u00e9e pour mettre du voyage dans votre int\u00e9rieur ! Id\u00e9al pour l'\u00e9cole et la cr\u00e8che !","robots":{"index":"index","follow":"follow","max-snippet":"max-snippet:-1","max-image-preview":"max-image-preview:large","max-video-preview":"max-video-preview:-1"},"canonical":"https:\/\/lesgribouillisdarthur.fr\/index.php\/produit\/coussin-personnalise-elephant-decorations-chambre-enfant\/","og_locale":"fr_FR","og_type":"article","og_title":"Coussin personnalis\u00e9 \u00e9l\u00e9phant","og_description":"Une housse de coussin personnalis\u00e9 baleines, p\u00e9tillante et color\u00e9e pour mettre du voyage dans votre int\u00e9rieur ! Id\u00e9al pour l'\u00e9cole et la cr\u00e8che !","og_url":"https:\/\/lesgribouillisdarthur.fr\/index.php\/produit\/coussin-personnalise-elephant-decorations-chambre-enfant\/","og_site_name":"Les Gribouillis d&#039;Arthur","article_publisher":"https:\/\/www.facebook.com\/lesgribouillisdarthur","article_modified_time":"2023-06-28T07:48:13+00:00","og_image":[{"width":2224,"height":2224,"url":"https:\/\/lesgribouillisdarthur.fr\/wp-content\/uploads\/2022\/10\/LesGribouillisdArthurCoussinElephantl.jpg","type":"image\/jpeg"}],"twitter_card":"summary_large_image","twitter_misc":{"Dur\u00e9e de lecture estim\u00e9e":"1 minute"},"schema":{"@context":"https:\/\/schema.org","@graph":[{"@type":"WebPage","@id":"https:\/\/lesgribouillisdarthur.fr\/index.php\/produit\/coussin-personnalise-elephant-decorations-chambre-enfant\/","url":"https:\/\/lesgribouillisdarthur.fr\/index.php\/produit\/coussin-personnalise-elephant-decorations-chambre-enfant\/","name":"Coussin personnalis\u00e9 \u00e9l\u00e9phant","isPartOf":{"@id":"https:\/\/lesgribouillisdarthur.fr\/#website"},"primaryImageOfPage":{"@id":"https:\/\/lesgribouillisdarthur.fr\/index.php\/produit\/coussin-personnalise-elephant-decorations-chambre-enfant\/#primaryimage"},"image":{"@id":"https:\/\/lesgribouillisdarthur.fr\/index.php\/produit\/coussin-personnalise-elephant-decorations-chambre-enfant\/#primaryimage"},"thumbnailUrl":"https:\/\/lesgribouillisdarthur.fr\/wp-content\/uploads\/2022\/10\/LesGribouillisdArthurCoussinElephantl.jpg","datePublished":"2022-10-04T09:27:17+00:00","dateModified":"2023-06-28T07:48:13+00:00","description":"Une housse de coussin personnalis\u00e9 baleines, p\u00e9tillante et color\u00e9e pour mettre du voyage dans votre int\u00e9rieur ! Id\u00e9al pour l'\u00e9cole et la cr\u00e8che !","breadcrumb":{"@id":"https:\/\/lesgribouillisdarthur.fr\/index.php\/produit\/coussin-personnalise-elephant-decorations-chambre-enfant\/#breadcrumb"},"inLanguage":"fr-FR","potentialAction":[{"@type":"ReadAction","target":["https:\/\/lesgribouillisdarthur.fr\/index.php\/produit\/coussin-personnalise-elephant-decorations-chambre-enfant\/"]}]},{"@type":"ImageObject","inLanguage":"fr-FR","@id":"https:\/\/lesgribouillisdarthur.fr\/index.php\/produit\/coussin-personnalise-elephant-decorations-chambre-enfant\/#primaryimage","url":"https:\/\/lesgribouillisdarthur.fr\/wp-content\/uploads\/2022\/10\/LesGribouillisdArthurCoussinElephantl.jpg","contentUrl":"https:\/\/lesgribouillisdarthur.fr\/wp-content\/uploads\/2022\/10\/LesGribouillisdArthurCoussinElephantl.jpg","width":2224,"height":2224,"caption":"Avec le coussin personnalis\u00e9 \u00e9l\u00e9phant votre enfant passera une douce nuit dans les nuages. Une id\u00e9e parfaite pour d\u00e9corer votre int\u00e9rieur."},{"@type":"BreadcrumbList","@id":"https:\/\/lesgribouillisdarthur.fr\/index.php\/produit\/coussin-personnalise-elephant-decorations-chambre-enfant\/#breadcrumb","itemListElement":[{"@type":"ListItem","position":1,"name":"Accueil","item":"https:\/\/lesgribouillisdarthur.fr\/"},{"@type":"ListItem","position":2,"name":"La boutique","item":"https:\/\/lesgribouillisdarthur.fr\/?page_id=6553"},{"@type":"ListItem","position":3,"name":"Coussin personnalis\u00e9 \u00e9l\u00e9phant"}]},{"@type":"WebSite","@id":"https:\/\/lesgribouillisdarthur.fr\/#website","url":"https:\/\/lesgribouillisdarthur.fr\/","name":"Les Gribouillis d&#039;Arthur","description":"Les Gribouillis d&#039;Arthur, cadeaux personnalis\u00e9s pour toute la famille","publisher":{"@id":"https:\/\/lesgribouillisdarthur.fr\/#organization"},"potentialAction":[{"@type":"SearchAction","target":{"@type":"EntryPoint","urlTemplate":"https:\/\/lesgribouillisdarthur.fr\/?s={search_term_string}"},"query-input":{"@type":"PropertyValueSpecification","valueRequired":true,"valueName":"search_term_string"}}],"inLanguage":"fr-FR"},{"@type":"Organization","@id":"https:\/\/lesgribouillisdarthur.fr\/#organization","name":"Les Gribouillis d&#039;Arthur","url":"https:\/\/lesgribouillisdarthur.fr\/","logo":{"@type":"ImageObject","inLanguage":"fr-FR","@id":"https:\/\/lesgribouillisdarthur.fr\/#\/schema\/logo\/image\/","url":"https:\/\/lesgribouillisdarthur.fr\/wp-content\/uploads\/2022\/10\/cropped-cropped-cropped-cropped-cropped-cropped-logo-bleu-1.png","contentUrl":"https:\/\/lesgribouillisdarthur.fr\/wp-content\/uploads\/2022\/10\/cropped-cropped-cropped-cropped-cropped-cropped-logo-bleu-1.png","width":254,"height":53,"caption":"Les Gribouillis d&#039;Arthur"},"image":{"@id":"https:\/\/lesgribouillisdarthur.fr\/#\/schema\/logo\/image\/"},"sameAs":["https:\/\/www.facebook.com\/lesgribouillisdarthur","https:\/\/www.instagram.com\/lesgribouillisdarthur\/?hl=fr"]}]}},"uagb_featured_image_src":{"full":["https:\/\/lesgribouillisdarthur.fr\/wp-content\/uploads\/2022\/10\/LesGribouillisdArthurCoussinElephantl.jpg",2224,2224,false],"thumbnail":["https:\/\/lesgribouillisdarthur.fr\/wp-content\/uploads\/2022\/10\/LesGribouillisdArthurCoussinElephantl-150x150.jpg",150,150,true],"medium":["https:\/\/lesgribouillisdarthur.fr\/wp-content\/uploads\/2022\/10\/LesGribouillisdArthurCoussinElephantl-300x300.jpg",300,300,true],"medium_large":["https:\/\/lesgribouillisdarthur.fr\/wp-content\/uploads\/2022\/10\/LesGribouillisdArthurCoussinElephantl-768x768.jpg",768,768,true],"large":["https:\/\/lesgribouillisdarthur.fr\/wp-content\/uploads\/2022\/10\/LesGribouillisdArthurCoussinElephantl-1024x1024.jpg",300,300,true],"1536x1536":["https:\/\/lesgribouillisdarthur.fr\/wp-content\/uploads\/2022\/10\/LesGribouillisdArthurCoussinElephantl-1536x1536.jpg",1536,1536,true],"2048x2048":["https:\/\/lesgribouillisdarthur.fr\/wp-content\/uploads\/2022\/10\/LesGribouillisdArthurCoussinElephantl-2048x2048.jpg",2048,2048,true],"woocommerce_thumbnail":["https:\/\/lesgribouillisdarthur.fr\/wp-content\/uploads\/2022\/10\/LesGribouillisdArthurCoussinElephantl-1200x1200.jpg",1200,1200,true],"woocommerce_single":["https:\/\/lesgribouillisdarthur.fr\/wp-content\/uploads\/2022\/10\/LesGribouillisdArthurCoussinElephantl-1200x1200.jpg",1200,1200,true],"woocommerce_gallery_thumbnail":["https:\/\/lesgribouillisdarthur.fr\/wp-content\/uploads\/2022\/10\/LesGribouillisdArthurCoussinElephantl-100x100.jpg",100,100,true]},"uagb_author_info":{"display_name":"admin7680","author_link":"https:\/\/lesgribouillisdarthur.fr\/index.php\/author\/"},"uagb_comment_info":0,"uagb_excerpt":"Coussin personnalis\u00e9 La housse de coussin personnalis\u00e9e est une jolie id\u00e9e pour faire un cadeau quelle que soit l\u2019occasion, m\u00eame pour offrir \u00e0 sa maison ! Synonyme de douceur et de r\u00e9confort, le coussin personnalis\u00e9 est un objet \u00ab doudou \u00bb qui d\u00e9corera ainsi agr\u00e9ablement les chambres ou le salon. Un\u00a0 mod\u00e8le qui accompagnera vos\u2026","_links":{"self":[{"href":"https:\/\/lesgribouillisdarthur.fr\/index.php\/wp-json\/wp\/v2\/product\/4576","targetHints":{"allow":["GET"]}}],"collection":[{"href":"https:\/\/lesgribouillisdarthur.fr\/index.php\/wp-json\/wp\/v2\/product"}],"about":[{"href":"https:\/\/lesgribouillisdarthur.fr\/index.php\/wp-json\/wp\/v2\/types\/product"}],"replies":[{"embeddable":true,"href":"https:\/\/lesgribouillisdarthur.fr\/index.php\/wp-json\/wp\/v2\/comments?post=4576"}],"wp:featuredmedia":[{"embeddable":true,"href":"https:\/\/lesgribouillisdarthur.fr\/index.php\/wp-json\/wp\/v2\/media\/4578"}],"wp:attachment":[{"href":"https:\/\/lesgribouillisdarthur.fr\/index.php\/wp-json\/wp\/v2\/media?parent=4576"}],"wp:term":[{"taxonomy":"product_brand","embeddable":true,"href":"https:\/\/lesgribouillisdarthur.fr\/index.php\/wp-json\/wp\/v2\/product_brand?post=4576"},{"taxonomy":"product_cat","embeddable":true,"href":"https:\/\/lesgribouillisdarthur.fr\/index.php\/wp-json\/wp\/v2\/product_cat?post=4576"},{"taxonomy":"product_tag","embeddable":true,"href":"https:\/\/lesgribouillisdarthur.fr\/index.php\/wp-json\/wp\/v2\/product_tag?post=4576"}],"curies":[{"name":"wp","href":"https:\/\/api.w.org\/{rel}","templated":true}]}}