{"id":5137,"date":"2022-10-25T12:32:43","date_gmt":"2022-10-25T10:32:43","guid":{"rendered":"https:\/\/lesgribouillisdarthur.fr\/?post_type=product&#038;p=5137"},"modified":"2025-10-09T13:08:19","modified_gmt":"2025-10-09T11:08:19","slug":"cartes-a-empreintes-rose-cadeau-nounou-personnalise-carte-merci-nounou","status":"publish","type":"product","link":"https:\/\/lesgribouillisdarthur.fr\/index.php\/produit\/cartes-a-empreintes-rose-cadeau-nounou-personnalise-carte-merci-nounou\/","title":{"rendered":"Cartes \u00e0 empreintes Rose"},"content":{"rendered":"<div dir=\"auto\">\n<div dir=\"auto\">\n<p><strong>Cartes \u00e0 empreintes Rose Merci nounou !<br \/>\n<\/strong><\/p>\n<p>Une carte \u00e0 empreintes rose personnalis\u00e9e est une jolie id\u00e9e pour montrer \u00e0 la nounou de votre loulou toute l&rsquo;importance qu\u2019elle a pour vous, pour lui. Tendance et ludique, c\u2019est une mani\u00e8re tout en finesse de remercier celle qui l&rsquo;aide \u00e0 grandir. Imprim\u00e9e sur un papier haute qualit\u00e9 de 300 gr, il suffit alors de r\u00e9aliser l&#8217;empreintes de main (ou de pied) de votre petit bout pour voir apparaitre une jolie fleur, avec sur la tige son petit pr\u00e9nom dessin\u00e9.<\/p>\n<\/div>\n<div dir=\"auto\"><em>La cartes \u00e0 empreintes Rose \u00ab\u00a0Merci nounou\u00a0\u00bb une id\u00e9e originale et ludique pour remercier de tous les bons moments de l&rsquo;ann\u00e9e pass\u00e9s au pr\u00e8s d&rsquo;elle. Avec sa petite empreinte , cette jolie fleur fera son effet.<\/em><\/div>\n<div dir=\"auto\"><\/div>\n<p><strong>Caract\u00e9ristiques du produit\u00a0:<\/strong><\/p>\n<ul>\n<li>la carte format A5\u00a0 papier 300 gr<\/li>\n<li>Imprim\u00e9es dans mon atelier en Haute-Loire.<\/li>\n<li>Encrier d\u00e9grad\u00e9 de couleur bleu<\/li>\n<li>Une enveloppe blanche au format<\/li>\n<li>Une \u00e9tiquette\u00a0 assortie pour fermer l&rsquo;enveloppe<\/li>\n<\/ul>\n<p>J&rsquo;envois vos produits par lettre suivie ensuite un num\u00e9ro de suivie est renseign\u00e9. Cependant, les d\u00e9lai d&rsquo;acheminement sont \u00e0 titre indicatif. Je ne garanti pas les d\u00e9lai par cons\u00e9quent ma responsabilit\u00e9 ne peut pas \u00eatre engag\u00e9e en cas de retard ou de perte de votre commande.<\/p>\n<p>Pour plus d&rsquo;id\u00e9e cadeaux pour les nounous <a href=\"https:\/\/lesgribouillisdarthur.fr\/index.php\/categorie-produit\/carte-a-planter-remerciement-maitre-maitresse-atsem-nounou\/\">cliquez ici<\/a><\/p>\n<p>Je suis \u00e9galement sur les r\u00e9seaux, alors suivez-moi :<br \/>\nFacebook : <a href=\"https:\/\/www.facebook.com\/lesgribouillisdarthur\">@LesgribouillisdArthur<\/a><br \/>\nInstagram : <a href=\"https:\/\/instagram.com\/lesgribouillisdarthur?igshid=YmMyMTA2M2Y\">@LesGribouillisd\u2019Arthur<\/a><\/p>\n<p>\u00a9 Les gribouillis d\u2019Arthur \u2013 Tous droits de reproduction interdits.<\/p>\n<\/div>\n","protected":false},"excerpt":{"rendered":"<div dir=\"auto\">\n<div dir=\"auto\">\n<p><strong>Cartes \u00e0 empreintes merci nounou !<br \/>\n<\/strong><\/p>\n<p>Cette carte \u00e0 empreintes est une jolie id\u00e9e pour montrer \u00e0 la nounou de votre enfant toute l&rsquo;importance qu\u2019elle a pour vous et pour lui. Tendance et amusante, c\u2019est une mani\u00e8re tout en finesse de remercier celle qui l&rsquo;aide \u00e0 grandir. Imprim\u00e9e sur un papier de qualit\u00e9, il suffit alors de r\u00e9aliser l&#8217;empreinte de la main ou du pied votre bout de chou pour voir appara\u00eetre une jolie fleur personnalis\u00e9e \u00e9galement au pr\u00e9nom de votre enfant dans sa tige.<\/p>\n<\/div>\n<div dir=\"auto\"><em>La carte \u00e0 empreintes \u00ab\u00a0Merci nounou\u00a0\u00bb une id\u00e9e originale et amusante pour remercier de tous les bons moments [contact-form-7 id=\"4003\" title=\"Personnalisation cousin sans photo\"]<\/em><\/div>\n<div dir=\"auto\"><\/div>\n<\/div>\n","protected":false},"featured_media":5138,"comment_status":"open","ping_status":"closed","template":"","meta":{"_uag_custom_page_level_css":"","_monsterinsights_skip_tracking":false,"_monsterinsights_sitenote_active":false,"_monsterinsights_sitenote_note":"","_monsterinsights_sitenote_category":0,"site-sidebar-layout":"default","site-content-layout":"default","ast-site-content-layout":"","site-content-style":"default","site-sidebar-style":"default","ast-global-header-display":"","ast-banner-title-visibility":"","ast-main-header-display":"","ast-hfb-above-header-display":"","ast-hfb-below-header-display":"","ast-hfb-mobile-header-display":"","site-post-title":"","ast-breadcrumbs-content":"","ast-featured-img":"","footer-sml-layout":"","theme-transparent-header-meta":"enabled","adv-header-id-meta":"","stick-header-meta":"","header-above-stick-meta":"","header-main-stick-meta":"","header-below-stick-meta":"","astra-migrate-meta-layouts":"default","ast-page-background-enabled":"default","ast-page-background-meta":{"desktop":{"background-color":"","background-image":"","background-repeat":"repeat","background-position":"center center","background-size":"auto","background-attachment":"scroll","background-type":"","background-media":"","overlay-type":"","overlay-color":"","overlay-opacity":"","overlay-gradient":""},"tablet":{"background-color":"","background-image":"","background-repeat":"repeat","background-position":"center center","background-size":"auto","background-attachment":"scroll","background-type":"","background-media":"","overlay-type":"","overlay-color":"","overlay-opacity":"","overlay-gradient":""},"mobile":{"background-color":"","background-image":"","background-repeat":"repeat","background-position":"center center","background-size":"auto","background-attachment":"scroll","background-type":"","background-media":"","overlay-type":"","overlay-color":"","overlay-opacity":"","overlay-gradient":""}},"ast-content-background-meta":{"desktop":{"background-color":"var(--ast-global-color-5)","background-image":"","background-repeat":"repeat","background-position":"center center","background-size":"auto","background-attachment":"scroll","background-type":"","background-media":"","overlay-type":"","overlay-color":"","overlay-opacity":"","overlay-gradient":""},"tablet":{"background-color":"var(--ast-global-color-5)","background-image":"","background-repeat":"repeat","background-position":"center center","background-size":"auto","background-attachment":"scroll","background-type":"","background-media":"","overlay-type":"","overlay-color":"","overlay-opacity":"","overlay-gradient":""},"mobile":{"background-color":"var(--ast-global-color-5)","background-image":"","background-repeat":"repeat","background-position":"center center","background-size":"auto","background-attachment":"scroll","background-type":"","background-media":"","overlay-type":"","overlay-color":"","overlay-opacity":"","overlay-gradient":""}},"_themeisle_gutenberg_block_has_review":false},"product_brand":[],"product_cat":[143],"product_tag":[],"class_list":{"0":"post-5137","1":"product","2":"type-product","3":"status-publish","4":"has-post-thumbnail","6":"product_cat-nounou","7":"desktop-align-center","8":"tablet-align-left","9":"mobile-align-left","11":"first","12":"instock","13":"taxable","14":"shipping-taxable","15":"purchasable","16":"product-type-simple"},"yoast_head":"<!-- This site is optimized with the Yoast SEO plugin v27.4 - https:\/\/yoast.com\/product\/yoast-seo-wordpress\/ -->\n<title>Cartes \u00e0 empreintes Rose<\/title>\n<meta name=\"description\" content=\"La cartes \u00e0 empreintes Rose personnalis\u00e9e &quot;Merci nounou&quot; une id\u00e9e originale et ludique pour remercier sa nounou pour tous ces bons moments pass\u00e9s ensemble.\" \/>\n<meta name=\"robots\" content=\"index, follow, max-snippet:-1, max-image-preview:large, max-video-preview:-1\" \/>\n<link rel=\"canonical\" href=\"https:\/\/lesgribouillisdarthur.fr\/index.php\/produit\/cartes-a-empreintes-rose-cadeau-nounou-personnalise-carte-merci-nounou\/\" \/>\n<meta property=\"og:locale\" content=\"fr_FR\" \/>\n<meta property=\"og:type\" content=\"article\" \/>\n<meta property=\"og:title\" content=\"Cartes \u00e0 empreintes Rose\" \/>\n<meta property=\"og:description\" content=\"La cartes \u00e0 empreintes Rose personnalis\u00e9e &quot;Merci nounou&quot; une id\u00e9e originale et ludique pour remercier sa nounou pour tous ces bons moments pass\u00e9s ensemble.\" \/>\n<meta property=\"og:url\" content=\"https:\/\/lesgribouillisdarthur.fr\/index.php\/produit\/cartes-a-empreintes-rose-cadeau-nounou-personnalise-carte-merci-nounou\/\" \/>\n<meta property=\"og:site_name\" content=\"Les Gribouillis d&#039;Arthur\" \/>\n<meta property=\"article:publisher\" content=\"https:\/\/www.facebook.com\/lesgribouillisdarthur\" \/>\n<meta property=\"article:modified_time\" content=\"2025-10-09T11:08:19+00:00\" \/>\n<meta property=\"og:image\" content=\"https:\/\/lesgribouillisdarthur.fr\/wp-content\/uploads\/2022\/10\/LesGribouillisdArthurCartebonnefetenounouemreintesfille.jpg\" \/>\n\t<meta property=\"og:image:width\" content=\"1712\" \/>\n\t<meta property=\"og:image:height\" content=\"1712\" \/>\n\t<meta property=\"og:image:type\" content=\"image\/jpeg\" \/>\n<meta name=\"twitter:card\" content=\"summary_large_image\" \/>\n<meta name=\"twitter:label1\" content=\"Dur\u00e9e de lecture estim\u00e9e\" \/>\n\t<meta name=\"twitter:data1\" content=\"2 minutes\" \/>\n<script type=\"application\/ld+json\" class=\"yoast-schema-graph\">{\"@context\":\"https:\\\/\\\/schema.org\",\"@graph\":[{\"@type\":\"WebPage\",\"@id\":\"https:\\\/\\\/lesgribouillisdarthur.fr\\\/index.php\\\/produit\\\/cartes-a-empreintes-rose-cadeau-nounou-personnalise-carte-merci-nounou\\\/\",\"url\":\"https:\\\/\\\/lesgribouillisdarthur.fr\\\/index.php\\\/produit\\\/cartes-a-empreintes-rose-cadeau-nounou-personnalise-carte-merci-nounou\\\/\",\"name\":\"Cartes \u00e0 empreintes Rose\",\"isPartOf\":{\"@id\":\"https:\\\/\\\/lesgribouillisdarthur.fr\\\/#website\"},\"primaryImageOfPage\":{\"@id\":\"https:\\\/\\\/lesgribouillisdarthur.fr\\\/index.php\\\/produit\\\/cartes-a-empreintes-rose-cadeau-nounou-personnalise-carte-merci-nounou\\\/#primaryimage\"},\"image\":{\"@id\":\"https:\\\/\\\/lesgribouillisdarthur.fr\\\/index.php\\\/produit\\\/cartes-a-empreintes-rose-cadeau-nounou-personnalise-carte-merci-nounou\\\/#primaryimage\"},\"thumbnailUrl\":\"https:\\\/\\\/lesgribouillisdarthur.fr\\\/wp-content\\\/uploads\\\/2022\\\/10\\\/LesGribouillisdArthurCartebonnefetenounouemreintesfille.jpg\",\"datePublished\":\"2022-10-25T10:32:43+00:00\",\"dateModified\":\"2025-10-09T11:08:19+00:00\",\"description\":\"La cartes \u00e0 empreintes Rose personnalis\u00e9e \\\"Merci nounou\\\" une id\u00e9e originale et ludique pour remercier sa nounou pour tous ces bons moments pass\u00e9s ensemble.\",\"breadcrumb\":{\"@id\":\"https:\\\/\\\/lesgribouillisdarthur.fr\\\/index.php\\\/produit\\\/cartes-a-empreintes-rose-cadeau-nounou-personnalise-carte-merci-nounou\\\/#breadcrumb\"},\"inLanguage\":\"fr-FR\",\"potentialAction\":[{\"@type\":\"ReadAction\",\"target\":[\"https:\\\/\\\/lesgribouillisdarthur.fr\\\/index.php\\\/produit\\\/cartes-a-empreintes-rose-cadeau-nounou-personnalise-carte-merci-nounou\\\/\"]}]},{\"@type\":\"ImageObject\",\"inLanguage\":\"fr-FR\",\"@id\":\"https:\\\/\\\/lesgribouillisdarthur.fr\\\/index.php\\\/produit\\\/cartes-a-empreintes-rose-cadeau-nounou-personnalise-carte-merci-nounou\\\/#primaryimage\",\"url\":\"https:\\\/\\\/lesgribouillisdarthur.fr\\\/wp-content\\\/uploads\\\/2022\\\/10\\\/LesGribouillisdArthurCartebonnefetenounouemreintesfille.jpg\",\"contentUrl\":\"https:\\\/\\\/lesgribouillisdarthur.fr\\\/wp-content\\\/uploads\\\/2022\\\/10\\\/LesGribouillisdArthurCartebonnefetenounouemreintesfille.jpg\",\"width\":1712,\"height\":1712,\"caption\":\"Carte empreintes\"},{\"@type\":\"BreadcrumbList\",\"@id\":\"https:\\\/\\\/lesgribouillisdarthur.fr\\\/index.php\\\/produit\\\/cartes-a-empreintes-rose-cadeau-nounou-personnalise-carte-merci-nounou\\\/#breadcrumb\",\"itemListElement\":[{\"@type\":\"ListItem\",\"position\":1,\"name\":\"Accueil\",\"item\":\"https:\\\/\\\/lesgribouillisdarthur.fr\\\/\"},{\"@type\":\"ListItem\",\"position\":2,\"name\":\"La boutique\",\"item\":\"https:\\\/\\\/lesgribouillisdarthur.fr\\\/?page_id=6553\"},{\"@type\":\"ListItem\",\"position\":3,\"name\":\"Cartes \u00e0 empreintes Rose\"}]},{\"@type\":\"WebSite\",\"@id\":\"https:\\\/\\\/lesgribouillisdarthur.fr\\\/#website\",\"url\":\"https:\\\/\\\/lesgribouillisdarthur.fr\\\/\",\"name\":\"Les Gribouillis d&#039;Arthur\",\"description\":\"Les Gribouillis d&#039;Arthur, cadeaux personnalis\u00e9s pour toute la famille\",\"publisher\":{\"@id\":\"https:\\\/\\\/lesgribouillisdarthur.fr\\\/#organization\"},\"potentialAction\":[{\"@type\":\"SearchAction\",\"target\":{\"@type\":\"EntryPoint\",\"urlTemplate\":\"https:\\\/\\\/lesgribouillisdarthur.fr\\\/?s={search_term_string}\"},\"query-input\":{\"@type\":\"PropertyValueSpecification\",\"valueRequired\":true,\"valueName\":\"search_term_string\"}}],\"inLanguage\":\"fr-FR\"},{\"@type\":\"Organization\",\"@id\":\"https:\\\/\\\/lesgribouillisdarthur.fr\\\/#organization\",\"name\":\"Les Gribouillis d&#039;Arthur\",\"url\":\"https:\\\/\\\/lesgribouillisdarthur.fr\\\/\",\"logo\":{\"@type\":\"ImageObject\",\"inLanguage\":\"fr-FR\",\"@id\":\"https:\\\/\\\/lesgribouillisdarthur.fr\\\/#\\\/schema\\\/logo\\\/image\\\/\",\"url\":\"https:\\\/\\\/lesgribouillisdarthur.fr\\\/wp-content\\\/uploads\\\/2022\\\/10\\\/cropped-cropped-cropped-cropped-cropped-cropped-logo-bleu-1.png\",\"contentUrl\":\"https:\\\/\\\/lesgribouillisdarthur.fr\\\/wp-content\\\/uploads\\\/2022\\\/10\\\/cropped-cropped-cropped-cropped-cropped-cropped-logo-bleu-1.png\",\"width\":254,\"height\":53,\"caption\":\"Les Gribouillis d&#039;Arthur\"},\"image\":{\"@id\":\"https:\\\/\\\/lesgribouillisdarthur.fr\\\/#\\\/schema\\\/logo\\\/image\\\/\"},\"sameAs\":[\"https:\\\/\\\/www.facebook.com\\\/lesgribouillisdarthur\",\"https:\\\/\\\/www.instagram.com\\\/lesgribouillisdarthur\\\/?hl=fr\"]}]}<\/script>\n<!-- \/ Yoast SEO plugin. -->","yoast_head_json":{"title":"Cartes \u00e0 empreintes Rose","description":"La cartes \u00e0 empreintes Rose personnalis\u00e9e \"Merci nounou\" une id\u00e9e originale et ludique pour remercier sa nounou pour tous ces bons moments pass\u00e9s ensemble.","robots":{"index":"index","follow":"follow","max-snippet":"max-snippet:-1","max-image-preview":"max-image-preview:large","max-video-preview":"max-video-preview:-1"},"canonical":"https:\/\/lesgribouillisdarthur.fr\/index.php\/produit\/cartes-a-empreintes-rose-cadeau-nounou-personnalise-carte-merci-nounou\/","og_locale":"fr_FR","og_type":"article","og_title":"Cartes \u00e0 empreintes Rose","og_description":"La cartes \u00e0 empreintes Rose personnalis\u00e9e \"Merci nounou\" une id\u00e9e originale et ludique pour remercier sa nounou pour tous ces bons moments pass\u00e9s ensemble.","og_url":"https:\/\/lesgribouillisdarthur.fr\/index.php\/produit\/cartes-a-empreintes-rose-cadeau-nounou-personnalise-carte-merci-nounou\/","og_site_name":"Les Gribouillis d&#039;Arthur","article_publisher":"https:\/\/www.facebook.com\/lesgribouillisdarthur","article_modified_time":"2025-10-09T11:08:19+00:00","og_image":[{"width":1712,"height":1712,"url":"https:\/\/lesgribouillisdarthur.fr\/wp-content\/uploads\/2022\/10\/LesGribouillisdArthurCartebonnefetenounouemreintesfille.jpg","type":"image\/jpeg"}],"twitter_card":"summary_large_image","twitter_misc":{"Dur\u00e9e de lecture estim\u00e9e":"2 minutes"},"schema":{"@context":"https:\/\/schema.org","@graph":[{"@type":"WebPage","@id":"https:\/\/lesgribouillisdarthur.fr\/index.php\/produit\/cartes-a-empreintes-rose-cadeau-nounou-personnalise-carte-merci-nounou\/","url":"https:\/\/lesgribouillisdarthur.fr\/index.php\/produit\/cartes-a-empreintes-rose-cadeau-nounou-personnalise-carte-merci-nounou\/","name":"Cartes \u00e0 empreintes Rose","isPartOf":{"@id":"https:\/\/lesgribouillisdarthur.fr\/#website"},"primaryImageOfPage":{"@id":"https:\/\/lesgribouillisdarthur.fr\/index.php\/produit\/cartes-a-empreintes-rose-cadeau-nounou-personnalise-carte-merci-nounou\/#primaryimage"},"image":{"@id":"https:\/\/lesgribouillisdarthur.fr\/index.php\/produit\/cartes-a-empreintes-rose-cadeau-nounou-personnalise-carte-merci-nounou\/#primaryimage"},"thumbnailUrl":"https:\/\/lesgribouillisdarthur.fr\/wp-content\/uploads\/2022\/10\/LesGribouillisdArthurCartebonnefetenounouemreintesfille.jpg","datePublished":"2022-10-25T10:32:43+00:00","dateModified":"2025-10-09T11:08:19+00:00","description":"La cartes \u00e0 empreintes Rose personnalis\u00e9e \"Merci nounou\" une id\u00e9e originale et ludique pour remercier sa nounou pour tous ces bons moments pass\u00e9s ensemble.","breadcrumb":{"@id":"https:\/\/lesgribouillisdarthur.fr\/index.php\/produit\/cartes-a-empreintes-rose-cadeau-nounou-personnalise-carte-merci-nounou\/#breadcrumb"},"inLanguage":"fr-FR","potentialAction":[{"@type":"ReadAction","target":["https:\/\/lesgribouillisdarthur.fr\/index.php\/produit\/cartes-a-empreintes-rose-cadeau-nounou-personnalise-carte-merci-nounou\/"]}]},{"@type":"ImageObject","inLanguage":"fr-FR","@id":"https:\/\/lesgribouillisdarthur.fr\/index.php\/produit\/cartes-a-empreintes-rose-cadeau-nounou-personnalise-carte-merci-nounou\/#primaryimage","url":"https:\/\/lesgribouillisdarthur.fr\/wp-content\/uploads\/2022\/10\/LesGribouillisdArthurCartebonnefetenounouemreintesfille.jpg","contentUrl":"https:\/\/lesgribouillisdarthur.fr\/wp-content\/uploads\/2022\/10\/LesGribouillisdArthurCartebonnefetenounouemreintesfille.jpg","width":1712,"height":1712,"caption":"Carte empreintes"},{"@type":"BreadcrumbList","@id":"https:\/\/lesgribouillisdarthur.fr\/index.php\/produit\/cartes-a-empreintes-rose-cadeau-nounou-personnalise-carte-merci-nounou\/#breadcrumb","itemListElement":[{"@type":"ListItem","position":1,"name":"Accueil","item":"https:\/\/lesgribouillisdarthur.fr\/"},{"@type":"ListItem","position":2,"name":"La boutique","item":"https:\/\/lesgribouillisdarthur.fr\/?page_id=6553"},{"@type":"ListItem","position":3,"name":"Cartes \u00e0 empreintes Rose"}]},{"@type":"WebSite","@id":"https:\/\/lesgribouillisdarthur.fr\/#website","url":"https:\/\/lesgribouillisdarthur.fr\/","name":"Les Gribouillis d&#039;Arthur","description":"Les Gribouillis d&#039;Arthur, cadeaux personnalis\u00e9s pour toute la famille","publisher":{"@id":"https:\/\/lesgribouillisdarthur.fr\/#organization"},"potentialAction":[{"@type":"SearchAction","target":{"@type":"EntryPoint","urlTemplate":"https:\/\/lesgribouillisdarthur.fr\/?s={search_term_string}"},"query-input":{"@type":"PropertyValueSpecification","valueRequired":true,"valueName":"search_term_string"}}],"inLanguage":"fr-FR"},{"@type":"Organization","@id":"https:\/\/lesgribouillisdarthur.fr\/#organization","name":"Les Gribouillis d&#039;Arthur","url":"https:\/\/lesgribouillisdarthur.fr\/","logo":{"@type":"ImageObject","inLanguage":"fr-FR","@id":"https:\/\/lesgribouillisdarthur.fr\/#\/schema\/logo\/image\/","url":"https:\/\/lesgribouillisdarthur.fr\/wp-content\/uploads\/2022\/10\/cropped-cropped-cropped-cropped-cropped-cropped-logo-bleu-1.png","contentUrl":"https:\/\/lesgribouillisdarthur.fr\/wp-content\/uploads\/2022\/10\/cropped-cropped-cropped-cropped-cropped-cropped-logo-bleu-1.png","width":254,"height":53,"caption":"Les Gribouillis d&#039;Arthur"},"image":{"@id":"https:\/\/lesgribouillisdarthur.fr\/#\/schema\/logo\/image\/"},"sameAs":["https:\/\/www.facebook.com\/lesgribouillisdarthur","https:\/\/www.instagram.com\/lesgribouillisdarthur\/?hl=fr"]}]}},"uagb_featured_image_src":{"full":["https:\/\/lesgribouillisdarthur.fr\/wp-content\/uploads\/2022\/10\/LesGribouillisdArthurCartebonnefetenounouemreintesfille.jpg",1712,1712,false],"thumbnail":["https:\/\/lesgribouillisdarthur.fr\/wp-content\/uploads\/2022\/10\/LesGribouillisdArthurCartebonnefetenounouemreintesfille-150x150.jpg",150,150,true],"medium":["https:\/\/lesgribouillisdarthur.fr\/wp-content\/uploads\/2022\/10\/LesGribouillisdArthurCartebonnefetenounouemreintesfille-300x300.jpg",300,300,true],"medium_large":["https:\/\/lesgribouillisdarthur.fr\/wp-content\/uploads\/2022\/10\/LesGribouillisdArthurCartebonnefetenounouemreintesfille-768x768.jpg",768,768,true],"large":["https:\/\/lesgribouillisdarthur.fr\/wp-content\/uploads\/2022\/10\/LesGribouillisdArthurCartebonnefetenounouemreintesfille-1024x1024.jpg",300,300,true],"1536x1536":["https:\/\/lesgribouillisdarthur.fr\/wp-content\/uploads\/2022\/10\/LesGribouillisdArthurCartebonnefetenounouemreintesfille-1536x1536.jpg",1536,1536,true],"2048x2048":["https:\/\/lesgribouillisdarthur.fr\/wp-content\/uploads\/2022\/10\/LesGribouillisdArthurCartebonnefetenounouemreintesfille.jpg",1712,1712,false],"woocommerce_thumbnail":["https:\/\/lesgribouillisdarthur.fr\/wp-content\/uploads\/2022\/10\/LesGribouillisdArthurCartebonnefetenounouemreintesfille-1200x1200.jpg",1200,1200,true],"woocommerce_single":["https:\/\/lesgribouillisdarthur.fr\/wp-content\/uploads\/2022\/10\/LesGribouillisdArthurCartebonnefetenounouemreintesfille-1200x1200.jpg",1200,1200,true],"woocommerce_gallery_thumbnail":["https:\/\/lesgribouillisdarthur.fr\/wp-content\/uploads\/2022\/10\/LesGribouillisdArthurCartebonnefetenounouemreintesfille-100x100.jpg",100,100,true]},"uagb_author_info":{"display_name":"admin7680","author_link":"https:\/\/lesgribouillisdarthur.fr\/index.php\/author\/"},"uagb_comment_info":0,"uagb_excerpt":"Cartes \u00e0 empreintes merci nounou ! Cette carte \u00e0 empreintes est une jolie id\u00e9e pour montrer \u00e0 la nounou de votre enfant toute l'importance qu\u2019elle a pour vous et pour lui. Tendance et amusante, c\u2019est une mani\u00e8re tout en finesse de remercier celle qui l'aide \u00e0 grandir. Imprim\u00e9e sur un papier de qualit\u00e9, il suffit\u2026","_links":{"self":[{"href":"https:\/\/lesgribouillisdarthur.fr\/index.php\/wp-json\/wp\/v2\/product\/5137","targetHints":{"allow":["GET"]}}],"collection":[{"href":"https:\/\/lesgribouillisdarthur.fr\/index.php\/wp-json\/wp\/v2\/product"}],"about":[{"href":"https:\/\/lesgribouillisdarthur.fr\/index.php\/wp-json\/wp\/v2\/types\/product"}],"replies":[{"embeddable":true,"href":"https:\/\/lesgribouillisdarthur.fr\/index.php\/wp-json\/wp\/v2\/comments?post=5137"}],"wp:featuredmedia":[{"embeddable":true,"href":"https:\/\/lesgribouillisdarthur.fr\/index.php\/wp-json\/wp\/v2\/media\/5138"}],"wp:attachment":[{"href":"https:\/\/lesgribouillisdarthur.fr\/index.php\/wp-json\/wp\/v2\/media?parent=5137"}],"wp:term":[{"taxonomy":"product_brand","embeddable":true,"href":"https:\/\/lesgribouillisdarthur.fr\/index.php\/wp-json\/wp\/v2\/product_brand?post=5137"},{"taxonomy":"product_cat","embeddable":true,"href":"https:\/\/lesgribouillisdarthur.fr\/index.php\/wp-json\/wp\/v2\/product_cat?post=5137"},{"taxonomy":"product_tag","embeddable":true,"href":"https:\/\/lesgribouillisdarthur.fr\/index.php\/wp-json\/wp\/v2\/product_tag?post=5137"}],"curies":[{"name":"wp","href":"https:\/\/api.w.org\/{rel}","templated":true}]}}