{"id":6193,"date":"2023-02-21T14:08:57","date_gmt":"2023-02-21T13:08:57","guid":{"rendered":"https:\/\/lesgribouillisdarthur.fr\/?post_type=product&#038;p=6193"},"modified":"2025-10-09T13:10:09","modified_gmt":"2025-10-09T11:10:09","slug":"coffret-personnalise-bonne-fete-mamie-bougie-carte-a-planter-2","status":"publish","type":"product","link":"https:\/\/lesgribouillisdarthur.fr\/index.php\/produit\/coffret-personnalise-bonne-fete-mamie-bougie-carte-a-planter-2\/","title":{"rendered":"Coffret personnalis\u00e9 &lsquo;Bonne f\u00eate mamie&rsquo;"},"content":{"rendered":"<p>Coffret personnalis\u00e9 &lsquo;Bonne f\u00eate mamie&rsquo; pour offrir aux mamies \u00e0 l&rsquo;occasion de la f\u00eate des grands-m\u00e8res.<\/p>\n<p>Cette bougie artisanale cr\u00e9\u00e9e par une cr\u00e9atrice, LUMINEA CREA dans la petite commune voisine de la mienne, est une id\u00e9e de cadeau originale.<br \/>\nAssoci\u00e9e \u00e0 une carte \u00e0 planter personnalis\u00e9e ces deux cadeaux feront leurs effets.<\/p>\n<p><strong>La bougie<\/strong><br \/>\nLe format : 8 cm de haut \/ 7 cm de large et 120 gr.<br \/>\nLa bougie sera senteur caramel<br \/>\n<strong>La carte<\/strong><br \/>\nLe format : 10&#215;15 cm double<br \/>\nGraines de fleurs des champs<\/p>\n<p>Je prends soins d&#8217;emballer chaque bougie pour qu&rsquo;elle soient pr\u00eatent \u00e0 offrir !<\/p>\n<p>Pour plus d\u2019id\u00e9e de cadeaux tel que ce coffret personnalis\u00e9 &lsquo;Bonne f\u00eate mamie&rsquo; rendez vous dans cet onglet<a href=\"https:\/\/lesgribouillisdarthur.fr\/index.php\/categorie-produit\/cartes\/cartes-a-planter-carte-a-semer-papier-ensemence\/occasions-diverses\/fete-des-papys-mamies\/\">\u00a0F\u00eates Papys\/Mamies\u00a0<\/a><\/p>\n<p>Je suis \u00e9galement sur les r\u00e9seaux alors suivez moi :<br \/>\n\u2022 <strong>Facebook<\/strong> : @<a href=\"https:\/\/www.facebook.com\/lesgribouillisdarthur\/\">LesgribouillisdArthur<\/a><\/p>\n<p>\u2022 <strong>Instagram<\/strong> : @<a href=\"https:\/\/www.instagram.com\/lesgribouillisdarthur\/\">LesGribouillisd\u2019Arthur<\/a><\/p>\n<p>\u00a9 Les gribouillis d\u2019Arthur \u2013 Tous droits de reproduction interdits.<\/p>\n","protected":false},"excerpt":{"rendered":"<p>Cette bougie artisanale cr\u00e9\u00e9e par une cr\u00e9atrice, LUMINEA CREA dans la petite commune voisine de la mienne, est une id\u00e9e de cadeau originale.<\/p>\n<p>Associ\u00e9e \u00e0 une carte \u00e0 planter personnalis\u00e9e ces deux cadeaux feront leurs effets.<\/p>\n<p>\u00a9 Les gribouillis d\u2019Arthur \u2013 Tous droits de reproduction interdits.<\/p>\n[contact-form-7 id=\"1116\" title=\"Personnalisation pr\u00e9nom\"]\n","protected":false},"featured_media":6197,"comment_status":"open","ping_status":"closed","template":"","meta":{"_uag_custom_page_level_css":"","_monsterinsights_skip_tracking":false,"_monsterinsights_sitenote_active":false,"_monsterinsights_sitenote_note":"","_monsterinsights_sitenote_category":0,"site-sidebar-layout":"default","site-content-layout":"default","ast-site-content-layout":"","site-content-style":"default","site-sidebar-style":"default","ast-global-header-display":"","ast-banner-title-visibility":"","ast-main-header-display":"","ast-hfb-above-header-display":"","ast-hfb-below-header-display":"","ast-hfb-mobile-header-display":"","site-post-title":"","ast-breadcrumbs-content":"","ast-featured-img":"","footer-sml-layout":"","theme-transparent-header-meta":"default","adv-header-id-meta":"","stick-header-meta":"","header-above-stick-meta":"","header-main-stick-meta":"","header-below-stick-meta":"","astra-migrate-meta-layouts":"default","ast-page-background-enabled":"default","ast-page-background-meta":{"desktop":{"background-color":"","background-image":"","background-repeat":"repeat","background-position":"center center","background-size":"auto","background-attachment":"scroll","background-type":"","background-media":"","overlay-type":"","overlay-color":"","overlay-opacity":"","overlay-gradient":""},"tablet":{"background-color":"","background-image":"","background-repeat":"repeat","background-position":"center center","background-size":"auto","background-attachment":"scroll","background-type":"","background-media":"","overlay-type":"","overlay-color":"","overlay-opacity":"","overlay-gradient":""},"mobile":{"background-color":"","background-image":"","background-repeat":"repeat","background-position":"center center","background-size":"auto","background-attachment":"scroll","background-type":"","background-media":"","overlay-type":"","overlay-color":"","overlay-opacity":"","overlay-gradient":""}},"ast-content-background-meta":{"desktop":{"background-color":"var(--ast-global-color-5)","background-image":"","background-repeat":"repeat","background-position":"center center","background-size":"auto","background-attachment":"scroll","background-type":"","background-media":"","overlay-type":"","overlay-color":"","overlay-opacity":"","overlay-gradient":""},"tablet":{"background-color":"var(--ast-global-color-5)","background-image":"","background-repeat":"repeat","background-position":"center center","background-size":"auto","background-attachment":"scroll","background-type":"","background-media":"","overlay-type":"","overlay-color":"","overlay-opacity":"","overlay-gradient":""},"mobile":{"background-color":"var(--ast-global-color-5)","background-image":"","background-repeat":"repeat","background-position":"center center","background-size":"auto","background-attachment":"scroll","background-type":"","background-media":"","overlay-type":"","overlay-color":"","overlay-opacity":"","overlay-gradient":""}},"_themeisle_gutenberg_block_has_review":false},"product_brand":[],"product_cat":[81],"product_tag":[],"class_list":{"0":"post-6193","1":"product","2":"type-product","3":"status-publish","4":"has-post-thumbnail","6":"product_cat-fete-des-papys-mamies","7":"product_shipping_class-produits-volumineux","8":"desktop-align-center","9":"tablet-align-left","10":"mobile-align-left","12":"first","13":"instock","14":"taxable","15":"shipping-taxable","16":"purchasable","17":"product-type-simple"},"yoast_head":"<!-- This site is optimized with the Yoast SEO plugin v27.4 - https:\/\/yoast.com\/product\/yoast-seo-wordpress\/ -->\n<title>Coffret personnalis\u00e9 &#039;Bonne f\u00eate mamie&#039; - Les Gribouillis d&#039;Arthur<\/title>\n<meta name=\"description\" content=\"Ce coffret personnalis\u00e9 &#039;Bonne f\u00eate mamie&#039; contient bougie artisanale cr\u00e9\u00e9e par une cr\u00e9atrice, LUMINEA CREA dans la petite commune voisine de la mienne.\" \/>\n<meta name=\"robots\" content=\"index, follow, max-snippet:-1, max-image-preview:large, max-video-preview:-1\" \/>\n<link rel=\"canonical\" href=\"https:\/\/lesgribouillisdarthur.fr\/index.php\/produit\/coffret-personnalise-bonne-fete-mamie-bougie-carte-a-planter-2\/\" \/>\n<meta property=\"og:locale\" content=\"fr_FR\" \/>\n<meta property=\"og:type\" content=\"article\" \/>\n<meta property=\"og:title\" content=\"Coffret personnalis\u00e9 &#039;Bonne f\u00eate mamie&#039; - Les Gribouillis d&#039;Arthur\" \/>\n<meta property=\"og:description\" content=\"Ce coffret personnalis\u00e9 &#039;Bonne f\u00eate mamie&#039; contient bougie artisanale cr\u00e9\u00e9e par une cr\u00e9atrice, LUMINEA CREA dans la petite commune voisine de la mienne.\" \/>\n<meta property=\"og:url\" content=\"https:\/\/lesgribouillisdarthur.fr\/index.php\/produit\/coffret-personnalise-bonne-fete-mamie-bougie-carte-a-planter-2\/\" \/>\n<meta property=\"og:site_name\" content=\"Les Gribouillis d&#039;Arthur\" \/>\n<meta property=\"article:publisher\" content=\"https:\/\/www.facebook.com\/lesgribouillisdarthur\" \/>\n<meta property=\"article:modified_time\" content=\"2025-10-09T11:10:09+00:00\" \/>\n<meta property=\"og:image\" content=\"https:\/\/lesgribouillisdarthur.fr\/wp-content\/uploads\/2023\/02\/Coffret-bougie-grand-mere.jpg\" \/>\n\t<meta property=\"og:image:width\" content=\"2398\" \/>\n\t<meta property=\"og:image:height\" content=\"2560\" \/>\n\t<meta property=\"og:image:type\" content=\"image\/jpeg\" \/>\n<meta name=\"twitter:card\" content=\"summary_large_image\" \/>\n<meta name=\"twitter:label1\" content=\"Dur\u00e9e de lecture estim\u00e9e\" \/>\n\t<meta name=\"twitter:data1\" content=\"1 minute\" \/>\n<script type=\"application\/ld+json\" class=\"yoast-schema-graph\">{\"@context\":\"https:\\\/\\\/schema.org\",\"@graph\":[{\"@type\":\"WebPage\",\"@id\":\"https:\\\/\\\/lesgribouillisdarthur.fr\\\/index.php\\\/produit\\\/coffret-personnalise-bonne-fete-mamie-bougie-carte-a-planter-2\\\/\",\"url\":\"https:\\\/\\\/lesgribouillisdarthur.fr\\\/index.php\\\/produit\\\/coffret-personnalise-bonne-fete-mamie-bougie-carte-a-planter-2\\\/\",\"name\":\"Coffret personnalis\u00e9 'Bonne f\u00eate mamie' - Les Gribouillis d&#039;Arthur\",\"isPartOf\":{\"@id\":\"https:\\\/\\\/lesgribouillisdarthur.fr\\\/#website\"},\"primaryImageOfPage\":{\"@id\":\"https:\\\/\\\/lesgribouillisdarthur.fr\\\/index.php\\\/produit\\\/coffret-personnalise-bonne-fete-mamie-bougie-carte-a-planter-2\\\/#primaryimage\"},\"image\":{\"@id\":\"https:\\\/\\\/lesgribouillisdarthur.fr\\\/index.php\\\/produit\\\/coffret-personnalise-bonne-fete-mamie-bougie-carte-a-planter-2\\\/#primaryimage\"},\"thumbnailUrl\":\"https:\\\/\\\/lesgribouillisdarthur.fr\\\/wp-content\\\/uploads\\\/2023\\\/02\\\/Coffret-bougie-grand-mere.jpg\",\"datePublished\":\"2023-02-21T13:08:57+00:00\",\"dateModified\":\"2025-10-09T11:10:09+00:00\",\"description\":\"Ce coffret personnalis\u00e9 'Bonne f\u00eate mamie' contient bougie artisanale cr\u00e9\u00e9e par une cr\u00e9atrice, LUMINEA CREA dans la petite commune voisine de la mienne.\",\"breadcrumb\":{\"@id\":\"https:\\\/\\\/lesgribouillisdarthur.fr\\\/index.php\\\/produit\\\/coffret-personnalise-bonne-fete-mamie-bougie-carte-a-planter-2\\\/#breadcrumb\"},\"inLanguage\":\"fr-FR\",\"potentialAction\":[{\"@type\":\"ReadAction\",\"target\":[\"https:\\\/\\\/lesgribouillisdarthur.fr\\\/index.php\\\/produit\\\/coffret-personnalise-bonne-fete-mamie-bougie-carte-a-planter-2\\\/\"]}]},{\"@type\":\"ImageObject\",\"inLanguage\":\"fr-FR\",\"@id\":\"https:\\\/\\\/lesgribouillisdarthur.fr\\\/index.php\\\/produit\\\/coffret-personnalise-bonne-fete-mamie-bougie-carte-a-planter-2\\\/#primaryimage\",\"url\":\"https:\\\/\\\/lesgribouillisdarthur.fr\\\/wp-content\\\/uploads\\\/2023\\\/02\\\/Coffret-bougie-grand-mere.jpg\",\"contentUrl\":\"https:\\\/\\\/lesgribouillisdarthur.fr\\\/wp-content\\\/uploads\\\/2023\\\/02\\\/Coffret-bougie-grand-mere.jpg\",\"width\":2398,\"height\":2560,\"caption\":\"Coffret personnalis\u00e9 'bonne f\u00eate mamie' contenant bougie et carte \u00e0 planter\"},{\"@type\":\"BreadcrumbList\",\"@id\":\"https:\\\/\\\/lesgribouillisdarthur.fr\\\/index.php\\\/produit\\\/coffret-personnalise-bonne-fete-mamie-bougie-carte-a-planter-2\\\/#breadcrumb\",\"itemListElement\":[{\"@type\":\"ListItem\",\"position\":1,\"name\":\"Accueil\",\"item\":\"https:\\\/\\\/lesgribouillisdarthur.fr\\\/\"},{\"@type\":\"ListItem\",\"position\":2,\"name\":\"La boutique\",\"item\":\"https:\\\/\\\/lesgribouillisdarthur.fr\\\/?page_id=6553\"},{\"@type\":\"ListItem\",\"position\":3,\"name\":\"Coffret personnalis\u00e9 &#8216;Bonne f\u00eate mamie&#8217;\"}]},{\"@type\":\"WebSite\",\"@id\":\"https:\\\/\\\/lesgribouillisdarthur.fr\\\/#website\",\"url\":\"https:\\\/\\\/lesgribouillisdarthur.fr\\\/\",\"name\":\"Les Gribouillis d&#039;Arthur\",\"description\":\"Les Gribouillis d&#039;Arthur, cadeaux personnalis\u00e9s pour toute la famille\",\"publisher\":{\"@id\":\"https:\\\/\\\/lesgribouillisdarthur.fr\\\/#organization\"},\"potentialAction\":[{\"@type\":\"SearchAction\",\"target\":{\"@type\":\"EntryPoint\",\"urlTemplate\":\"https:\\\/\\\/lesgribouillisdarthur.fr\\\/?s={search_term_string}\"},\"query-input\":{\"@type\":\"PropertyValueSpecification\",\"valueRequired\":true,\"valueName\":\"search_term_string\"}}],\"inLanguage\":\"fr-FR\"},{\"@type\":\"Organization\",\"@id\":\"https:\\\/\\\/lesgribouillisdarthur.fr\\\/#organization\",\"name\":\"Les Gribouillis d&#039;Arthur\",\"url\":\"https:\\\/\\\/lesgribouillisdarthur.fr\\\/\",\"logo\":{\"@type\":\"ImageObject\",\"inLanguage\":\"fr-FR\",\"@id\":\"https:\\\/\\\/lesgribouillisdarthur.fr\\\/#\\\/schema\\\/logo\\\/image\\\/\",\"url\":\"https:\\\/\\\/lesgribouillisdarthur.fr\\\/wp-content\\\/uploads\\\/2022\\\/10\\\/cropped-cropped-cropped-cropped-cropped-cropped-logo-bleu-1.png\",\"contentUrl\":\"https:\\\/\\\/lesgribouillisdarthur.fr\\\/wp-content\\\/uploads\\\/2022\\\/10\\\/cropped-cropped-cropped-cropped-cropped-cropped-logo-bleu-1.png\",\"width\":254,\"height\":53,\"caption\":\"Les Gribouillis d&#039;Arthur\"},\"image\":{\"@id\":\"https:\\\/\\\/lesgribouillisdarthur.fr\\\/#\\\/schema\\\/logo\\\/image\\\/\"},\"sameAs\":[\"https:\\\/\\\/www.facebook.com\\\/lesgribouillisdarthur\",\"https:\\\/\\\/www.instagram.com\\\/lesgribouillisdarthur\\\/?hl=fr\"]}]}<\/script>\n<!-- \/ Yoast SEO plugin. -->","yoast_head_json":{"title":"Coffret personnalis\u00e9 'Bonne f\u00eate mamie' - Les Gribouillis d&#039;Arthur","description":"Ce coffret personnalis\u00e9 'Bonne f\u00eate mamie' contient bougie artisanale cr\u00e9\u00e9e par une cr\u00e9atrice, LUMINEA CREA dans la petite commune voisine de la mienne.","robots":{"index":"index","follow":"follow","max-snippet":"max-snippet:-1","max-image-preview":"max-image-preview:large","max-video-preview":"max-video-preview:-1"},"canonical":"https:\/\/lesgribouillisdarthur.fr\/index.php\/produit\/coffret-personnalise-bonne-fete-mamie-bougie-carte-a-planter-2\/","og_locale":"fr_FR","og_type":"article","og_title":"Coffret personnalis\u00e9 'Bonne f\u00eate mamie' - Les Gribouillis d&#039;Arthur","og_description":"Ce coffret personnalis\u00e9 'Bonne f\u00eate mamie' contient bougie artisanale cr\u00e9\u00e9e par une cr\u00e9atrice, LUMINEA CREA dans la petite commune voisine de la mienne.","og_url":"https:\/\/lesgribouillisdarthur.fr\/index.php\/produit\/coffret-personnalise-bonne-fete-mamie-bougie-carte-a-planter-2\/","og_site_name":"Les Gribouillis d&#039;Arthur","article_publisher":"https:\/\/www.facebook.com\/lesgribouillisdarthur","article_modified_time":"2025-10-09T11:10:09+00:00","og_image":[{"width":2398,"height":2560,"url":"https:\/\/lesgribouillisdarthur.fr\/wp-content\/uploads\/2023\/02\/Coffret-bougie-grand-mere.jpg","type":"image\/jpeg"}],"twitter_card":"summary_large_image","twitter_misc":{"Dur\u00e9e de lecture estim\u00e9e":"1 minute"},"schema":{"@context":"https:\/\/schema.org","@graph":[{"@type":"WebPage","@id":"https:\/\/lesgribouillisdarthur.fr\/index.php\/produit\/coffret-personnalise-bonne-fete-mamie-bougie-carte-a-planter-2\/","url":"https:\/\/lesgribouillisdarthur.fr\/index.php\/produit\/coffret-personnalise-bonne-fete-mamie-bougie-carte-a-planter-2\/","name":"Coffret personnalis\u00e9 'Bonne f\u00eate mamie' - Les Gribouillis d&#039;Arthur","isPartOf":{"@id":"https:\/\/lesgribouillisdarthur.fr\/#website"},"primaryImageOfPage":{"@id":"https:\/\/lesgribouillisdarthur.fr\/index.php\/produit\/coffret-personnalise-bonne-fete-mamie-bougie-carte-a-planter-2\/#primaryimage"},"image":{"@id":"https:\/\/lesgribouillisdarthur.fr\/index.php\/produit\/coffret-personnalise-bonne-fete-mamie-bougie-carte-a-planter-2\/#primaryimage"},"thumbnailUrl":"https:\/\/lesgribouillisdarthur.fr\/wp-content\/uploads\/2023\/02\/Coffret-bougie-grand-mere.jpg","datePublished":"2023-02-21T13:08:57+00:00","dateModified":"2025-10-09T11:10:09+00:00","description":"Ce coffret personnalis\u00e9 'Bonne f\u00eate mamie' contient bougie artisanale cr\u00e9\u00e9e par une cr\u00e9atrice, LUMINEA CREA dans la petite commune voisine de la mienne.","breadcrumb":{"@id":"https:\/\/lesgribouillisdarthur.fr\/index.php\/produit\/coffret-personnalise-bonne-fete-mamie-bougie-carte-a-planter-2\/#breadcrumb"},"inLanguage":"fr-FR","potentialAction":[{"@type":"ReadAction","target":["https:\/\/lesgribouillisdarthur.fr\/index.php\/produit\/coffret-personnalise-bonne-fete-mamie-bougie-carte-a-planter-2\/"]}]},{"@type":"ImageObject","inLanguage":"fr-FR","@id":"https:\/\/lesgribouillisdarthur.fr\/index.php\/produit\/coffret-personnalise-bonne-fete-mamie-bougie-carte-a-planter-2\/#primaryimage","url":"https:\/\/lesgribouillisdarthur.fr\/wp-content\/uploads\/2023\/02\/Coffret-bougie-grand-mere.jpg","contentUrl":"https:\/\/lesgribouillisdarthur.fr\/wp-content\/uploads\/2023\/02\/Coffret-bougie-grand-mere.jpg","width":2398,"height":2560,"caption":"Coffret personnalis\u00e9 'bonne f\u00eate mamie' contenant bougie et carte \u00e0 planter"},{"@type":"BreadcrumbList","@id":"https:\/\/lesgribouillisdarthur.fr\/index.php\/produit\/coffret-personnalise-bonne-fete-mamie-bougie-carte-a-planter-2\/#breadcrumb","itemListElement":[{"@type":"ListItem","position":1,"name":"Accueil","item":"https:\/\/lesgribouillisdarthur.fr\/"},{"@type":"ListItem","position":2,"name":"La boutique","item":"https:\/\/lesgribouillisdarthur.fr\/?page_id=6553"},{"@type":"ListItem","position":3,"name":"Coffret personnalis\u00e9 &#8216;Bonne f\u00eate mamie&#8217;"}]},{"@type":"WebSite","@id":"https:\/\/lesgribouillisdarthur.fr\/#website","url":"https:\/\/lesgribouillisdarthur.fr\/","name":"Les Gribouillis d&#039;Arthur","description":"Les Gribouillis d&#039;Arthur, cadeaux personnalis\u00e9s pour toute la famille","publisher":{"@id":"https:\/\/lesgribouillisdarthur.fr\/#organization"},"potentialAction":[{"@type":"SearchAction","target":{"@type":"EntryPoint","urlTemplate":"https:\/\/lesgribouillisdarthur.fr\/?s={search_term_string}"},"query-input":{"@type":"PropertyValueSpecification","valueRequired":true,"valueName":"search_term_string"}}],"inLanguage":"fr-FR"},{"@type":"Organization","@id":"https:\/\/lesgribouillisdarthur.fr\/#organization","name":"Les Gribouillis d&#039;Arthur","url":"https:\/\/lesgribouillisdarthur.fr\/","logo":{"@type":"ImageObject","inLanguage":"fr-FR","@id":"https:\/\/lesgribouillisdarthur.fr\/#\/schema\/logo\/image\/","url":"https:\/\/lesgribouillisdarthur.fr\/wp-content\/uploads\/2022\/10\/cropped-cropped-cropped-cropped-cropped-cropped-logo-bleu-1.png","contentUrl":"https:\/\/lesgribouillisdarthur.fr\/wp-content\/uploads\/2022\/10\/cropped-cropped-cropped-cropped-cropped-cropped-logo-bleu-1.png","width":254,"height":53,"caption":"Les Gribouillis d&#039;Arthur"},"image":{"@id":"https:\/\/lesgribouillisdarthur.fr\/#\/schema\/logo\/image\/"},"sameAs":["https:\/\/www.facebook.com\/lesgribouillisdarthur","https:\/\/www.instagram.com\/lesgribouillisdarthur\/?hl=fr"]}]}},"uagb_featured_image_src":{"full":["https:\/\/lesgribouillisdarthur.fr\/wp-content\/uploads\/2023\/02\/Coffret-bougie-grand-mere.jpg",2398,2560,false],"thumbnail":["https:\/\/lesgribouillisdarthur.fr\/wp-content\/uploads\/2023\/02\/Coffret-bougie-grand-mere-150x150.jpg",150,150,true],"medium":["https:\/\/lesgribouillisdarthur.fr\/wp-content\/uploads\/2023\/02\/Coffret-bougie-grand-mere-281x300.jpg",281,300,true],"medium_large":["https:\/\/lesgribouillisdarthur.fr\/wp-content\/uploads\/2023\/02\/Coffret-bougie-grand-mere-768x820.jpg",768,820,true],"large":["https:\/\/lesgribouillisdarthur.fr\/wp-content\/uploads\/2023\/02\/Coffret-bougie-grand-mere-959x1024.jpg",281,300,true],"1536x1536":["https:\/\/lesgribouillisdarthur.fr\/wp-content\/uploads\/2023\/02\/Coffret-bougie-grand-mere-1439x1536.jpg",1439,1536,true],"2048x2048":["https:\/\/lesgribouillisdarthur.fr\/wp-content\/uploads\/2023\/02\/Coffret-bougie-grand-mere-1918x2048.jpg",1918,2048,true],"woocommerce_thumbnail":["https:\/\/lesgribouillisdarthur.fr\/wp-content\/uploads\/2023\/02\/Coffret-bougie-grand-mere-1200x1200.jpg",1200,1200,true],"woocommerce_single":["https:\/\/lesgribouillisdarthur.fr\/wp-content\/uploads\/2023\/02\/Coffret-bougie-grand-mere-1200x1281.jpg",1200,1281,true],"woocommerce_gallery_thumbnail":["https:\/\/lesgribouillisdarthur.fr\/wp-content\/uploads\/2023\/02\/Coffret-bougie-grand-mere-100x100.jpg",100,100,true]},"uagb_author_info":{"display_name":"admin7680","author_link":"https:\/\/lesgribouillisdarthur.fr\/index.php\/author\/"},"uagb_comment_info":0,"uagb_excerpt":"Cette bougie artisanale cr\u00e9\u00e9e par une cr\u00e9atrice, LUMINEA CREA dans la petite commune voisine de la mienne, est une id\u00e9e de cadeau originale. Associ\u00e9e \u00e0 une carte \u00e0 planter personnalis\u00e9e ces deux cadeaux feront leurs effets. \u00a9 Les gribouillis d\u2019Arthur \u2013 Tous droits de reproduction interdits. [contact-form-7 id=\"1116\" title=\"Personnalisation pr\u00e9nom\"]","_links":{"self":[{"href":"https:\/\/lesgribouillisdarthur.fr\/index.php\/wp-json\/wp\/v2\/product\/6193","targetHints":{"allow":["GET"]}}],"collection":[{"href":"https:\/\/lesgribouillisdarthur.fr\/index.php\/wp-json\/wp\/v2\/product"}],"about":[{"href":"https:\/\/lesgribouillisdarthur.fr\/index.php\/wp-json\/wp\/v2\/types\/product"}],"replies":[{"embeddable":true,"href":"https:\/\/lesgribouillisdarthur.fr\/index.php\/wp-json\/wp\/v2\/comments?post=6193"}],"wp:featuredmedia":[{"embeddable":true,"href":"https:\/\/lesgribouillisdarthur.fr\/index.php\/wp-json\/wp\/v2\/media\/6197"}],"wp:attachment":[{"href":"https:\/\/lesgribouillisdarthur.fr\/index.php\/wp-json\/wp\/v2\/media?parent=6193"}],"wp:term":[{"taxonomy":"product_brand","embeddable":true,"href":"https:\/\/lesgribouillisdarthur.fr\/index.php\/wp-json\/wp\/v2\/product_brand?post=6193"},{"taxonomy":"product_cat","embeddable":true,"href":"https:\/\/lesgribouillisdarthur.fr\/index.php\/wp-json\/wp\/v2\/product_cat?post=6193"},{"taxonomy":"product_tag","embeddable":true,"href":"https:\/\/lesgribouillisdarthur.fr\/index.php\/wp-json\/wp\/v2\/product_tag?post=6193"}],"curies":[{"name":"wp","href":"https:\/\/api.w.org\/{rel}","templated":true}]}}