{"id":6280,"date":"2023-02-27T14:17:35","date_gmt":"2023-02-27T13:17:35","guid":{"rendered":"https:\/\/lesgribouillisdarthur.fr\/?post_type=product&#038;p=6280"},"modified":"2023-10-13T22:41:47","modified_gmt":"2023-10-13T20:41:47","slug":"affiche-a-empreintes-floral","status":"publish","type":"product","link":"https:\/\/lesgribouillisdarthur.fr\/index.php\/produit\/affiche-a-empreintes-floral\/","title":{"rendered":"Affiche \u00e0 empreintes \u00ab\u00a0Couronnes de fleurs\u00a0\u00bb"},"content":{"rendered":"<p><strong>Affiche \u00e0 empreintes \u00ab\u00a0Couronnes de fleurs\u00a0\u00bb<\/strong><\/p>\n<p>L\u2019affiche \u00e0 empreinte personnalis\u00e9e est un joli concept imaginatif pour animer la journ\u00e9e de bapt\u00eame ou d&rsquo;anniversaire. Elle fait participer tous les invit\u00e9s : du bout du doigt, ils apposent un t\u00e9moignage affectueux pour compl\u00e9ter le d\u00e9cor de l\u2019affiche. Cr\u00e9ation po\u00e9tique et charg\u00e9e de sens, l\u2019affiche \u00e0 empreinte\u00a0 est une d\u00e9coration parfaite pour la chambre de votre enfant. Une id\u00e9e originale et tendre pour animer la journ\u00e9e en garder un souvenir \u00e9mouvant.<\/p>\n<p><em>Ce mod\u00e8le sur le th\u00e8me \u00ab\u00a0Couronne de fleurs\u00a0\u00bb est po\u00e9tique et doux ! Chaque invit\u00e9 pourra compl\u00e9ter le couronne\u00a0 pour un joli tableau final empli de bienveillance !<\/em><\/p>\n<p><strong>Caract\u00e9ristiques du produit\u00a0:<\/strong><\/p>\n<p>Format : A4 (21 x 29,7 cm) vendue sans cadre<br \/>\nFormat : A3 (29.7 x 42cm) vendue sans cadre<br \/>\nEncrier : D\u00e9grad\u00e9 aux choix<\/p>\n<p>Imprim\u00e9e par jet d\u2019encre sur papier mat de qualit\u00e9 professionnelle en 300g\/m2.<\/p>\n<p>Il est possible d\u2019ajouter une \u00e9toile pour les fr\u00e8res et s\u0153urs me le pr\u00e9ciser dans la personnalisation.<\/p>\n<p><strong><em>Informations commande et livraison :<\/em><\/strong><\/p>\n<p>Envoi en lettre suivie pour le format A4 et Mondial Relay pour le format A3.<br \/>\nL\u2019affiche est prot\u00e9g\u00e9e dans une pochette plastique et soigneusement emball\u00e9e.<\/p>\n<p>Dans les deux cas, un num\u00e9ro sera renseign\u00e9 pour suivre votre commande.<br \/>\nLes d\u00e9lais d\u2019acheminement sont donn\u00e9s \u00e0 titre indicatif.<br \/>\nJe ne peux pas garantir les d\u00e9lais et ma responsabilit\u00e9 ne peut pas \u00eatre engag\u00e9e en cas de retard ou de perte de votre commande.<\/p>\n<p>Si vous souhaitez d\u2019autres rubriques, une affiche selon un th\u00e8me particulier ou plusieurs exemplaires de cette affiche, contactez-moi pour un devis.<\/p>\n<p>Affiche cr\u00e9\u00e9e et imprim\u00e9e en France !<\/p>\n<p>Je suis \u00e9galement sur les r\u00e9seaux alors suivez moi :<br \/>\n\u2022 Facebook :\u00a0<a href=\"https:\/\/www.facebook.com\/lesgribouillisdarthur\" target=\"_blank\" rel=\"noopener\">@LesgribouillisdArthur<\/a><br \/>\n\u2022 Instagram :\u00a0<a href=\"https:\/\/instagram.com\/lesgribouillisdarthur?igshid=YmMyMTA2M2Y\" target=\"_blank\" rel=\"noopener\">@LesGribouillisd\u2019Arthur<\/a><\/p>\n<p>\u00a9 Les gribouillis d\u2019Arthur \u2013 Tous droits de reproduction interdits.<\/p>\n","protected":false},"excerpt":{"rendered":"<div class=\"flex-1 overflow-hidden\">\n<div class=\"react-scroll-to-bottom--css-rhzoi-79elbk h-full dark:bg-gray-800\">\n<div class=\"react-scroll-to-bottom--css-rhzoi-1n7m0yu\">\n<div class=\"flex flex-col text-sm dark:bg-gray-800\">\n<div class=\"group w-full text-token-text-primary border-b border-black\/10 gizmo:border-0 dark:border-gray-900\/50 gizmo:dark:border-0 bg-gray-50 gizmo:bg-transparent dark:bg-[#444654] gizmo:dark:bg-transparent\" data-testid=\"conversation-turn-3\">\n<div class=\"p-4 justify-center text-base md:gap-6 md:py-6 m-auto\">\n<div class=\"flex flex-1 gap-4 text-base mx-auto md:gap-6 gizmo:gap-3 gizmo:md:px-5 gizmo:lg:px-1 gizmo:xl:px-5 md:max-w-2xl lg:max-w-[38rem] gizmo:md:max-w-3xl gizmo:lg:max-w-[40rem] gizmo:xl:max-w-[48rem] xl:max-w-3xl }\">\n<div class=\"relative flex w-[calc(100%-50px)] flex-col gap-1 gizmo:w-full md:gap-3 lg:w-[calc(100%-115px)] agent-turn\">\n<div class=\"flex flex-grow flex-col gap-3 max-w-full\">\n<div class=\"min-h-[20px] flex flex-col items-start gap-3 whitespace-pre-wrap break-words overflow-x-auto\">\n<div class=\"markdown prose w-full break-words dark:prose-invert light\">\n<p><em>C\u00e9l\u00e9brez chaque moment important avec notre Affiche \u00e0 Empreinte \u00ab\u00a0Couronne de Fleurs\u00a0\u00bb. Un symbole intemporel de bonheur, de joie et d&rsquo;amour, encapsul\u00e9 dans une \u0153uvre d&rsquo;art unique. Commandez d\u00e8s maintenant et cr\u00e9ez un souvenir inoubliable pour votre \u00e9v\u00e9nement sp\u00e9cial <\/em><\/p>\n<p><strong style=\"font-size: 16px;\">Comment \u00e7a marche ?<\/strong><\/p>\n<\/div>\n<\/div>\n<\/div>\n<\/div>\n<\/div>\n<\/div>\n<\/div>\n<\/div>\n<\/div>\n<\/div>\n<\/div>\n<ol>\n<li><strong>Choisissez votre affiche<\/strong> : S\u00e9lectionnez l&rsquo;affiche \u00e0 empreinte \u00ab\u00a0Couronne de Fleurs\u00a0\u00bb qui correspond \u00e0 votre occasion.<\/li>\n<li><strong>Faites votre empreinte<\/strong> : Utilisez l&rsquo;encrier d\u00e9grad\u00e9 de couleurs fourni pour r\u00e9aliser une empreinte au centre de la couronne.<\/li>\n<li><strong>Un souvenir \u00e0 ch\u00e9rir<\/strong> : Une fois l&#8217;empreinte faite, encadrez l&rsquo;affiche et conservez-la en tant que pr\u00e9cieux souvenir de votre \u00e9v\u00e9nement sp\u00e9cial.<\/li>\n<\/ol>\n","protected":false},"featured_media":6706,"comment_status":"open","ping_status":"closed","template":"","meta":{"_uag_custom_page_level_css":"","_monsterinsights_skip_tracking":false,"_monsterinsights_sitenote_active":false,"_monsterinsights_sitenote_note":"","_monsterinsights_sitenote_category":0,"site-sidebar-layout":"default","site-content-layout":"default","ast-site-content-layout":"default","site-content-style":"default","site-sidebar-style":"default","ast-global-header-display":"","ast-banner-title-visibility":"","ast-main-header-display":"","ast-hfb-above-header-display":"","ast-hfb-below-header-display":"","ast-hfb-mobile-header-display":"","site-post-title":"","ast-breadcrumbs-content":"","ast-featured-img":"","footer-sml-layout":"","theme-transparent-header-meta":"default","adv-header-id-meta":"","stick-header-meta":"","header-above-stick-meta":"","header-main-stick-meta":"","header-below-stick-meta":"","astra-migrate-meta-layouts":"set","ast-page-background-enabled":"default","ast-page-background-meta":{"desktop":{"background-color":"","background-image":"","background-repeat":"repeat","background-position":"center center","background-size":"auto","background-attachment":"scroll","background-type":"","background-media":"","overlay-type":"","overlay-color":"","overlay-opacity":"","overlay-gradient":""},"tablet":{"background-color":"","background-image":"","background-repeat":"repeat","background-position":"center center","background-size":"auto","background-attachment":"scroll","background-type":"","background-media":"","overlay-type":"","overlay-color":"","overlay-opacity":"","overlay-gradient":""},"mobile":{"background-color":"","background-image":"","background-repeat":"repeat","background-position":"center center","background-size":"auto","background-attachment":"scroll","background-type":"","background-media":"","overlay-type":"","overlay-color":"","overlay-opacity":"","overlay-gradient":""}},"ast-content-background-meta":{"desktop":{"background-color":"var(--ast-global-color-5)","background-image":"","background-repeat":"repeat","background-position":"center center","background-size":"auto","background-attachment":"scroll","background-type":"","background-media":"","overlay-type":"","overlay-color":"","overlay-opacity":"","overlay-gradient":""},"tablet":{"background-color":"var(--ast-global-color-5)","background-image":"","background-repeat":"repeat","background-position":"center center","background-size":"auto","background-attachment":"scroll","background-type":"","background-media":"","overlay-type":"","overlay-color":"","overlay-opacity":"","overlay-gradient":""},"mobile":{"background-color":"var(--ast-global-color-5)","background-image":"","background-repeat":"repeat","background-position":"center center","background-size":"auto","background-attachment":"scroll","background-type":"","background-media":"","overlay-type":"","overlay-color":"","overlay-opacity":"","overlay-gradient":""}},"_themeisle_gutenberg_block_has_review":false},"product_brand":[],"product_cat":[47],"product_tag":[],"class_list":{"0":"post-6280","1":"product","2":"type-product","3":"status-publish","4":"has-post-thumbnail","6":"product_cat-affiche-a-empreintes","7":"product_shipping_class-produits-volumineux","8":"desktop-align-center","9":"tablet-align-left","10":"mobile-align-left","11":"wcpa_has_options","13":"first","14":"instock","15":"taxable","16":"shipping-taxable","17":"purchasable","18":"product-type-variable"},"yoast_head":"<!-- This site is optimized with the Yoast SEO plugin v27.4 - https:\/\/yoast.com\/product\/yoast-seo-wordpress\/ -->\n<title>Affiche \u00e0 empreintes &quot;Couronnes de fleurs&quot; - Les Gribouillis d&#039;Arthur<\/title>\n<meta name=\"description\" content=\"Affiche \u00e0 empreintes floral personnalis\u00e9e pour le bapt\u00eame ou l&#039;anniversaire de votre enfant !Sur le th\u00e8me de la nature aux couleurs floral !\u00a0\" \/>\n<meta name=\"robots\" content=\"index, follow, max-snippet:-1, max-image-preview:large, max-video-preview:-1\" \/>\n<link rel=\"canonical\" href=\"https:\/\/lesgribouillisdarthur.fr\/index.php\/produit\/affiche-a-empreintes-floral\/\" \/>\n<meta property=\"og:locale\" content=\"fr_FR\" \/>\n<meta property=\"og:type\" content=\"article\" \/>\n<meta property=\"og:title\" content=\"Affiche \u00e0 empreintes &quot;Couronnes de fleurs&quot; - Les Gribouillis d&#039;Arthur\" \/>\n<meta property=\"og:description\" content=\"Affiche \u00e0 empreintes floral personnalis\u00e9e pour le bapt\u00eame ou l&#039;anniversaire de votre enfant !Sur le th\u00e8me de la nature aux couleurs floral !\u00a0\" \/>\n<meta property=\"og:url\" content=\"https:\/\/lesgribouillisdarthur.fr\/index.php\/produit\/affiche-a-empreintes-floral\/\" \/>\n<meta property=\"og:site_name\" content=\"Les Gribouillis d&#039;Arthur\" \/>\n<meta property=\"article:publisher\" content=\"https:\/\/www.facebook.com\/lesgribouillisdarthur\" \/>\n<meta property=\"article:modified_time\" content=\"2023-10-13T20:41:47+00:00\" \/>\n<meta property=\"og:image\" content=\"https:\/\/lesgribouillisdarthur.fr\/wp-content\/uploads\/2023\/02\/Romane.jpg\" \/>\n\t<meta property=\"og:image:width\" content=\"1000\" \/>\n\t<meta property=\"og:image:height\" content=\"1000\" \/>\n\t<meta property=\"og:image:type\" content=\"image\/jpeg\" \/>\n<meta name=\"twitter:card\" content=\"summary_large_image\" \/>\n<meta name=\"twitter:label1\" content=\"Dur\u00e9e de lecture estim\u00e9e\" \/>\n\t<meta name=\"twitter:data1\" content=\"2 minutes\" \/>\n<script type=\"application\/ld+json\" class=\"yoast-schema-graph\">{\"@context\":\"https:\\\/\\\/schema.org\",\"@graph\":[{\"@type\":\"WebPage\",\"@id\":\"https:\\\/\\\/lesgribouillisdarthur.fr\\\/index.php\\\/produit\\\/affiche-a-empreintes-floral\\\/\",\"url\":\"https:\\\/\\\/lesgribouillisdarthur.fr\\\/index.php\\\/produit\\\/affiche-a-empreintes-floral\\\/\",\"name\":\"Affiche \u00e0 empreintes \\\"Couronnes de fleurs\\\" - Les Gribouillis d&#039;Arthur\",\"isPartOf\":{\"@id\":\"https:\\\/\\\/lesgribouillisdarthur.fr\\\/#website\"},\"primaryImageOfPage\":{\"@id\":\"https:\\\/\\\/lesgribouillisdarthur.fr\\\/index.php\\\/produit\\\/affiche-a-empreintes-floral\\\/#primaryimage\"},\"image\":{\"@id\":\"https:\\\/\\\/lesgribouillisdarthur.fr\\\/index.php\\\/produit\\\/affiche-a-empreintes-floral\\\/#primaryimage\"},\"thumbnailUrl\":\"https:\\\/\\\/lesgribouillisdarthur.fr\\\/wp-content\\\/uploads\\\/2023\\\/02\\\/Romane.jpg\",\"datePublished\":\"2023-02-27T13:17:35+00:00\",\"dateModified\":\"2023-10-13T20:41:47+00:00\",\"description\":\"Affiche \u00e0 empreintes floral personnalis\u00e9e pour le bapt\u00eame ou l'anniversaire de votre enfant !Sur le th\u00e8me de la nature aux couleurs floral !\u00a0\",\"breadcrumb\":{\"@id\":\"https:\\\/\\\/lesgribouillisdarthur.fr\\\/index.php\\\/produit\\\/affiche-a-empreintes-floral\\\/#breadcrumb\"},\"inLanguage\":\"fr-FR\",\"potentialAction\":[{\"@type\":\"ReadAction\",\"target\":[\"https:\\\/\\\/lesgribouillisdarthur.fr\\\/index.php\\\/produit\\\/affiche-a-empreintes-floral\\\/\"]}]},{\"@type\":\"ImageObject\",\"inLanguage\":\"fr-FR\",\"@id\":\"https:\\\/\\\/lesgribouillisdarthur.fr\\\/index.php\\\/produit\\\/affiche-a-empreintes-floral\\\/#primaryimage\",\"url\":\"https:\\\/\\\/lesgribouillisdarthur.fr\\\/wp-content\\\/uploads\\\/2023\\\/02\\\/Romane.jpg\",\"contentUrl\":\"https:\\\/\\\/lesgribouillisdarthur.fr\\\/wp-content\\\/uploads\\\/2023\\\/02\\\/Romane.jpg\",\"width\":1000,\"height\":1000,\"caption\":\"Affiche \u00e0 empreintes floral personnalis\u00e9e pour le bapt\u00eame ou l'anniversaire de votre enfant !Sur le th\u00e8me de la nature aux couleurs floral !\u00a0\"},{\"@type\":\"BreadcrumbList\",\"@id\":\"https:\\\/\\\/lesgribouillisdarthur.fr\\\/index.php\\\/produit\\\/affiche-a-empreintes-floral\\\/#breadcrumb\",\"itemListElement\":[{\"@type\":\"ListItem\",\"position\":1,\"name\":\"Accueil\",\"item\":\"https:\\\/\\\/lesgribouillisdarthur.fr\\\/\"},{\"@type\":\"ListItem\",\"position\":2,\"name\":\"La boutique\",\"item\":\"https:\\\/\\\/lesgribouillisdarthur.fr\\\/?page_id=6553\"},{\"@type\":\"ListItem\",\"position\":3,\"name\":\"Affiche \u00e0 empreintes &#8220;Couronnes de fleurs&#8221;\"}]},{\"@type\":\"WebSite\",\"@id\":\"https:\\\/\\\/lesgribouillisdarthur.fr\\\/#website\",\"url\":\"https:\\\/\\\/lesgribouillisdarthur.fr\\\/\",\"name\":\"Les Gribouillis d&#039;Arthur\",\"description\":\"Les Gribouillis d&#039;Arthur, cadeaux personnalis\u00e9s pour toute la famille\",\"publisher\":{\"@id\":\"https:\\\/\\\/lesgribouillisdarthur.fr\\\/#organization\"},\"potentialAction\":[{\"@type\":\"SearchAction\",\"target\":{\"@type\":\"EntryPoint\",\"urlTemplate\":\"https:\\\/\\\/lesgribouillisdarthur.fr\\\/?s={search_term_string}\"},\"query-input\":{\"@type\":\"PropertyValueSpecification\",\"valueRequired\":true,\"valueName\":\"search_term_string\"}}],\"inLanguage\":\"fr-FR\"},{\"@type\":\"Organization\",\"@id\":\"https:\\\/\\\/lesgribouillisdarthur.fr\\\/#organization\",\"name\":\"Les Gribouillis d&#039;Arthur\",\"url\":\"https:\\\/\\\/lesgribouillisdarthur.fr\\\/\",\"logo\":{\"@type\":\"ImageObject\",\"inLanguage\":\"fr-FR\",\"@id\":\"https:\\\/\\\/lesgribouillisdarthur.fr\\\/#\\\/schema\\\/logo\\\/image\\\/\",\"url\":\"https:\\\/\\\/lesgribouillisdarthur.fr\\\/wp-content\\\/uploads\\\/2022\\\/10\\\/cropped-cropped-cropped-cropped-cropped-cropped-logo-bleu-1.png\",\"contentUrl\":\"https:\\\/\\\/lesgribouillisdarthur.fr\\\/wp-content\\\/uploads\\\/2022\\\/10\\\/cropped-cropped-cropped-cropped-cropped-cropped-logo-bleu-1.png\",\"width\":254,\"height\":53,\"caption\":\"Les Gribouillis d&#039;Arthur\"},\"image\":{\"@id\":\"https:\\\/\\\/lesgribouillisdarthur.fr\\\/#\\\/schema\\\/logo\\\/image\\\/\"},\"sameAs\":[\"https:\\\/\\\/www.facebook.com\\\/lesgribouillisdarthur\",\"https:\\\/\\\/www.instagram.com\\\/lesgribouillisdarthur\\\/?hl=fr\"]}]}<\/script>\n<!-- \/ Yoast SEO plugin. -->","yoast_head_json":{"title":"Affiche \u00e0 empreintes \"Couronnes de fleurs\" - Les Gribouillis d&#039;Arthur","description":"Affiche \u00e0 empreintes floral personnalis\u00e9e pour le bapt\u00eame ou l'anniversaire de votre enfant !Sur le th\u00e8me de la nature aux couleurs floral !\u00a0","robots":{"index":"index","follow":"follow","max-snippet":"max-snippet:-1","max-image-preview":"max-image-preview:large","max-video-preview":"max-video-preview:-1"},"canonical":"https:\/\/lesgribouillisdarthur.fr\/index.php\/produit\/affiche-a-empreintes-floral\/","og_locale":"fr_FR","og_type":"article","og_title":"Affiche \u00e0 empreintes \"Couronnes de fleurs\" - Les Gribouillis d&#039;Arthur","og_description":"Affiche \u00e0 empreintes floral personnalis\u00e9e pour le bapt\u00eame ou l'anniversaire de votre enfant !Sur le th\u00e8me de la nature aux couleurs floral !\u00a0","og_url":"https:\/\/lesgribouillisdarthur.fr\/index.php\/produit\/affiche-a-empreintes-floral\/","og_site_name":"Les Gribouillis d&#039;Arthur","article_publisher":"https:\/\/www.facebook.com\/lesgribouillisdarthur","article_modified_time":"2023-10-13T20:41:47+00:00","og_image":[{"width":1000,"height":1000,"url":"https:\/\/lesgribouillisdarthur.fr\/wp-content\/uploads\/2023\/02\/Romane.jpg","type":"image\/jpeg"}],"twitter_card":"summary_large_image","twitter_misc":{"Dur\u00e9e de lecture estim\u00e9e":"2 minutes"},"schema":{"@context":"https:\/\/schema.org","@graph":[{"@type":"WebPage","@id":"https:\/\/lesgribouillisdarthur.fr\/index.php\/produit\/affiche-a-empreintes-floral\/","url":"https:\/\/lesgribouillisdarthur.fr\/index.php\/produit\/affiche-a-empreintes-floral\/","name":"Affiche \u00e0 empreintes \"Couronnes de fleurs\" - Les Gribouillis d&#039;Arthur","isPartOf":{"@id":"https:\/\/lesgribouillisdarthur.fr\/#website"},"primaryImageOfPage":{"@id":"https:\/\/lesgribouillisdarthur.fr\/index.php\/produit\/affiche-a-empreintes-floral\/#primaryimage"},"image":{"@id":"https:\/\/lesgribouillisdarthur.fr\/index.php\/produit\/affiche-a-empreintes-floral\/#primaryimage"},"thumbnailUrl":"https:\/\/lesgribouillisdarthur.fr\/wp-content\/uploads\/2023\/02\/Romane.jpg","datePublished":"2023-02-27T13:17:35+00:00","dateModified":"2023-10-13T20:41:47+00:00","description":"Affiche \u00e0 empreintes floral personnalis\u00e9e pour le bapt\u00eame ou l'anniversaire de votre enfant !Sur le th\u00e8me de la nature aux couleurs floral !\u00a0","breadcrumb":{"@id":"https:\/\/lesgribouillisdarthur.fr\/index.php\/produit\/affiche-a-empreintes-floral\/#breadcrumb"},"inLanguage":"fr-FR","potentialAction":[{"@type":"ReadAction","target":["https:\/\/lesgribouillisdarthur.fr\/index.php\/produit\/affiche-a-empreintes-floral\/"]}]},{"@type":"ImageObject","inLanguage":"fr-FR","@id":"https:\/\/lesgribouillisdarthur.fr\/index.php\/produit\/affiche-a-empreintes-floral\/#primaryimage","url":"https:\/\/lesgribouillisdarthur.fr\/wp-content\/uploads\/2023\/02\/Romane.jpg","contentUrl":"https:\/\/lesgribouillisdarthur.fr\/wp-content\/uploads\/2023\/02\/Romane.jpg","width":1000,"height":1000,"caption":"Affiche \u00e0 empreintes floral personnalis\u00e9e pour le bapt\u00eame ou l'anniversaire de votre enfant !Sur le th\u00e8me de la nature aux couleurs floral !\u00a0"},{"@type":"BreadcrumbList","@id":"https:\/\/lesgribouillisdarthur.fr\/index.php\/produit\/affiche-a-empreintes-floral\/#breadcrumb","itemListElement":[{"@type":"ListItem","position":1,"name":"Accueil","item":"https:\/\/lesgribouillisdarthur.fr\/"},{"@type":"ListItem","position":2,"name":"La boutique","item":"https:\/\/lesgribouillisdarthur.fr\/?page_id=6553"},{"@type":"ListItem","position":3,"name":"Affiche \u00e0 empreintes &#8220;Couronnes de fleurs&#8221;"}]},{"@type":"WebSite","@id":"https:\/\/lesgribouillisdarthur.fr\/#website","url":"https:\/\/lesgribouillisdarthur.fr\/","name":"Les Gribouillis d&#039;Arthur","description":"Les Gribouillis d&#039;Arthur, cadeaux personnalis\u00e9s pour toute la famille","publisher":{"@id":"https:\/\/lesgribouillisdarthur.fr\/#organization"},"potentialAction":[{"@type":"SearchAction","target":{"@type":"EntryPoint","urlTemplate":"https:\/\/lesgribouillisdarthur.fr\/?s={search_term_string}"},"query-input":{"@type":"PropertyValueSpecification","valueRequired":true,"valueName":"search_term_string"}}],"inLanguage":"fr-FR"},{"@type":"Organization","@id":"https:\/\/lesgribouillisdarthur.fr\/#organization","name":"Les Gribouillis d&#039;Arthur","url":"https:\/\/lesgribouillisdarthur.fr\/","logo":{"@type":"ImageObject","inLanguage":"fr-FR","@id":"https:\/\/lesgribouillisdarthur.fr\/#\/schema\/logo\/image\/","url":"https:\/\/lesgribouillisdarthur.fr\/wp-content\/uploads\/2022\/10\/cropped-cropped-cropped-cropped-cropped-cropped-logo-bleu-1.png","contentUrl":"https:\/\/lesgribouillisdarthur.fr\/wp-content\/uploads\/2022\/10\/cropped-cropped-cropped-cropped-cropped-cropped-logo-bleu-1.png","width":254,"height":53,"caption":"Les Gribouillis d&#039;Arthur"},"image":{"@id":"https:\/\/lesgribouillisdarthur.fr\/#\/schema\/logo\/image\/"},"sameAs":["https:\/\/www.facebook.com\/lesgribouillisdarthur","https:\/\/www.instagram.com\/lesgribouillisdarthur\/?hl=fr"]}]}},"uagb_featured_image_src":{"full":["https:\/\/lesgribouillisdarthur.fr\/wp-content\/uploads\/2023\/02\/Romane.jpg",1000,1000,false],"thumbnail":["https:\/\/lesgribouillisdarthur.fr\/wp-content\/uploads\/2023\/02\/Romane-150x150.jpg",150,150,true],"medium":["https:\/\/lesgribouillisdarthur.fr\/wp-content\/uploads\/2023\/02\/Romane-300x300.jpg",300,300,true],"medium_large":["https:\/\/lesgribouillisdarthur.fr\/wp-content\/uploads\/2023\/02\/Romane-768x768.jpg",768,768,true],"large":["https:\/\/lesgribouillisdarthur.fr\/wp-content\/uploads\/2023\/02\/Romane.jpg",300,300,false],"1536x1536":["https:\/\/lesgribouillisdarthur.fr\/wp-content\/uploads\/2023\/02\/Romane.jpg",1000,1000,false],"2048x2048":["https:\/\/lesgribouillisdarthur.fr\/wp-content\/uploads\/2023\/02\/Romane.jpg",1000,1000,false],"woocommerce_thumbnail":["https:\/\/lesgribouillisdarthur.fr\/wp-content\/uploads\/2023\/02\/Romane.jpg",1000,1000,false],"woocommerce_single":["https:\/\/lesgribouillisdarthur.fr\/wp-content\/uploads\/2023\/02\/Romane.jpg",1000,1000,false],"woocommerce_gallery_thumbnail":["https:\/\/lesgribouillisdarthur.fr\/wp-content\/uploads\/2023\/02\/Romane-100x100.jpg",100,100,true]},"uagb_author_info":{"display_name":"admin7680","author_link":"https:\/\/lesgribouillisdarthur.fr\/index.php\/author\/"},"uagb_comment_info":0,"uagb_excerpt":"C\u00e9l\u00e9brez chaque moment important avec notre Affiche \u00e0 Empreinte \"Couronne de Fleurs\". Un symbole intemporel de bonheur, de joie et d'amour, encapsul\u00e9 dans une \u0153uvre d'art unique. Commandez d\u00e8s maintenant et cr\u00e9ez un souvenir inoubliable pour votre \u00e9v\u00e9nement sp\u00e9cial Comment \u00e7a marche ? Choisissez votre affiche : S\u00e9lectionnez l'affiche \u00e0 empreinte \"Couronne de Fleurs\" qui\u2026","_links":{"self":[{"href":"https:\/\/lesgribouillisdarthur.fr\/index.php\/wp-json\/wp\/v2\/product\/6280","targetHints":{"allow":["GET"]}}],"collection":[{"href":"https:\/\/lesgribouillisdarthur.fr\/index.php\/wp-json\/wp\/v2\/product"}],"about":[{"href":"https:\/\/lesgribouillisdarthur.fr\/index.php\/wp-json\/wp\/v2\/types\/product"}],"replies":[{"embeddable":true,"href":"https:\/\/lesgribouillisdarthur.fr\/index.php\/wp-json\/wp\/v2\/comments?post=6280"}],"wp:featuredmedia":[{"embeddable":true,"href":"https:\/\/lesgribouillisdarthur.fr\/index.php\/wp-json\/wp\/v2\/media\/6706"}],"wp:attachment":[{"href":"https:\/\/lesgribouillisdarthur.fr\/index.php\/wp-json\/wp\/v2\/media?parent=6280"}],"wp:term":[{"taxonomy":"product_brand","embeddable":true,"href":"https:\/\/lesgribouillisdarthur.fr\/index.php\/wp-json\/wp\/v2\/product_brand?post=6280"},{"taxonomy":"product_cat","embeddable":true,"href":"https:\/\/lesgribouillisdarthur.fr\/index.php\/wp-json\/wp\/v2\/product_cat?post=6280"},{"taxonomy":"product_tag","embeddable":true,"href":"https:\/\/lesgribouillisdarthur.fr\/index.php\/wp-json\/wp\/v2\/product_tag?post=6280"}],"curies":[{"name":"wp","href":"https:\/\/api.w.org\/{rel}","templated":true}]}}