{"id":6424,"date":"2023-03-10T15:08:23","date_gmt":"2023-03-10T14:08:23","guid":{"rendered":"https:\/\/lesgribouillisdarthur.fr\/?post_type=product&#038;p=6424"},"modified":"2025-04-22T12:27:04","modified_gmt":"2025-04-22T10:27:04","slug":"cartes-de-jeux-baby-shower","status":"publish","type":"product","link":"https:\/\/lesgribouillisdarthur.fr\/index.php\/produit\/cartes-de-jeux-baby-shower\/","title":{"rendered":"Cartes de jeux baby shower"},"content":{"rendered":"<p><strong>Cartes de jeux baby shower<\/strong><\/p>\n<p>Pr\u00e9parez une baby shower inoubliable avec nos adorables cartes en forme de body qui ajoutent une touche de cr\u00e9ativit\u00e9 et de suspense \u00e0 votre f\u00eate ! Ces cartes ludiques et mignonnes sont parfaites pour deviner le pr\u00e9nom, le poids, la taille, la date de naissance et m\u00eame le sexe du b\u00e9b\u00e9 \u00e0 venir. Vous pouvez choisir parmi trois mod\u00e8les uniques, chacun apportant une touche sp\u00e9ciale \u00e0 cette c\u00e9l\u00e9bration sp\u00e9ciale.<\/p>\n<p>Nos cartes en forme de body sont con\u00e7ues avec amour pour apporter une dose de joie et d&rsquo;anticipation \u00e0 votre baby shower. Les motifs sont adorables et conviendront parfaitement \u00e0 l&rsquo;ambiance festive de votre \u00e9v\u00e9nement. Chaque carte propose des zones d\u00e9di\u00e9es pour deviner le pr\u00e9nom, le poids, la taille, la date de naissance et m\u00eame le sexe du b\u00e9b\u00e9. C&rsquo;est une activit\u00e9 amusante et interactive pour impliquer tous les invit\u00e9s et partager des pronostics amusants !<\/p>\n<p>Choisissez parmi trois mod\u00e8les au design vari\u00e9, chacun avec ses propres caract\u00e9ristiques et styles. Que vous pr\u00e9f\u00e9riez des couleurs douces, des motifs amusants ou une esth\u00e9tique moderne, nous avons le mod\u00e8le parfait pour vous. Nos cartes sont imprim\u00e9es sur un papier de haute qualit\u00e9, garantissant une durabilit\u00e9 et une nettet\u00e9 des couleurs exceptionnelles.<\/p>\n<p>Elles seront des souvenirs pr\u00e9cieux de cette journ\u00e9e sp\u00e9ciale. Une fois compl\u00e9t\u00e9es par les invit\u00e9s, ces cartes peuvent \u00eatre conserv\u00e9es dans un album souvenir pour rappeler ces moments magiques de la baby shower.<\/p>\n<p>Format : 13&#215;13 cm<\/p>\n<p>Cr\u00e9\u00e9 et imprim\u00e9 dans mon atelier \u00e0 Lapte en Haute-Loire.<\/p>\n<p>Ces cartes vous sont envoy\u00e9s\u00a0 avec soin et dans une lettre suivie.<\/p>\n<p>Je suis \u00e9galement sur les r\u00e9seaux alors suivez moi :<br \/>\n\u2022 Facebook : @<a href=\"https:\/\/www.facebook.com\/lesgribouillisdarthur\/?locale=fr_FR\">LesgribouillisdArthur<\/a><br \/>\n\u2022 Instagram : @<a href=\"https:\/\/www.instagram.com\/lesgribouillisdarthur\/\">LesGribouillisd\u2019Arthur<\/a><\/p>\n","protected":false},"excerpt":{"rendered":"<p><strong>Cartes de jeux baby shower<\/strong><\/p>\n<p>Pr\u00e9parez une baby shower inoubliable avec nos adorables cartes en forme de body qui ajoutent une touche de cr\u00e9ativit\u00e9 et de suspense \u00e0 votre f\u00eate !<\/p>\n<p>Ces cartes ludiques et mignonnes sont parfaites pour deviner le pr\u00e9nom, le poids, la taille, la date de naissance et m\u00eame le sexe du b\u00e9b\u00e9 \u00e0 venir.<\/p>\n<p>Vous pouvez choisir parmi trois mod\u00e8les uniques, chacun apportant une touche sp\u00e9ciale \u00e0 cette c\u00e9l\u00e9bration sp\u00e9ciale.<\/p>\n","protected":false},"featured_media":6425,"comment_status":"open","ping_status":"closed","template":"","meta":{"_uag_custom_page_level_css":"","_monsterinsights_skip_tracking":false,"_monsterinsights_sitenote_active":false,"_monsterinsights_sitenote_note":"","_monsterinsights_sitenote_category":0,"site-sidebar-layout":"default","site-content-layout":"default","ast-site-content-layout":"default","site-content-style":"default","site-sidebar-style":"default","ast-global-header-display":"","ast-banner-title-visibility":"","ast-main-header-display":"","ast-hfb-above-header-display":"","ast-hfb-below-header-display":"","ast-hfb-mobile-header-display":"","site-post-title":"","ast-breadcrumbs-content":"","ast-featured-img":"","footer-sml-layout":"","theme-transparent-header-meta":"default","adv-header-id-meta":"","stick-header-meta":"","header-above-stick-meta":"","header-main-stick-meta":"","header-below-stick-meta":"","astra-migrate-meta-layouts":"set","ast-page-background-enabled":"default","ast-page-background-meta":{"desktop":{"background-color":"","background-image":"","background-repeat":"repeat","background-position":"center center","background-size":"auto","background-attachment":"scroll","background-type":"","background-media":"","overlay-type":"","overlay-color":"","overlay-opacity":"","overlay-gradient":""},"tablet":{"background-color":"","background-image":"","background-repeat":"repeat","background-position":"center center","background-size":"auto","background-attachment":"scroll","background-type":"","background-media":"","overlay-type":"","overlay-color":"","overlay-opacity":"","overlay-gradient":""},"mobile":{"background-color":"","background-image":"","background-repeat":"repeat","background-position":"center center","background-size":"auto","background-attachment":"scroll","background-type":"","background-media":"","overlay-type":"","overlay-color":"","overlay-opacity":"","overlay-gradient":""}},"ast-content-background-meta":{"desktop":{"background-color":"var(--ast-global-color-5)","background-image":"","background-repeat":"repeat","background-position":"center center","background-size":"auto","background-attachment":"scroll","background-type":"","background-media":"","overlay-type":"","overlay-color":"","overlay-opacity":"","overlay-gradient":""},"tablet":{"background-color":"var(--ast-global-color-5)","background-image":"","background-repeat":"repeat","background-position":"center center","background-size":"auto","background-attachment":"scroll","background-type":"","background-media":"","overlay-type":"","overlay-color":"","overlay-opacity":"","overlay-gradient":""},"mobile":{"background-color":"var(--ast-global-color-5)","background-image":"","background-repeat":"repeat","background-position":"center center","background-size":"auto","background-attachment":"scroll","background-type":"","background-media":"","overlay-type":"","overlay-color":"","overlay-opacity":"","overlay-gradient":""}},"_themeisle_gutenberg_block_has_review":false},"product_brand":[],"product_cat":[82,55],"product_tag":[],"class_list":{"0":"post-6424","1":"product","2":"type-product","3":"status-publish","4":"has-post-thumbnail","6":"product_cat-baby-shower","7":"product_cat-naissance","8":"desktop-align-center","9":"tablet-align-left","10":"mobile-align-left","12":"first","13":"instock","14":"taxable","15":"shipping-taxable","16":"purchasable","17":"product-type-variable"},"yoast_head":"<!-- This site is optimized with the Yoast SEO plugin v27.4 - https:\/\/yoast.com\/product\/yoast-seo-wordpress\/ -->\n<title>Cartes de jeux baby shower - Les Gribouillis d&#039;Arthur<\/title>\n<meta name=\"description\" content=\"Les Cartes de jeux baby shower est le jeu par excellence lors des baby shower ! Faite deviner pr\u00e9nom, poids, taille et m\u00eame date de naissance de b\u00e9b\u00e9 !\" \/>\n<meta name=\"robots\" content=\"index, follow, max-snippet:-1, max-image-preview:large, max-video-preview:-1\" \/>\n<link rel=\"canonical\" href=\"https:\/\/lesgribouillisdarthur.fr\/index.php\/produit\/cartes-de-jeux-baby-shower\/\" \/>\n<meta property=\"og:locale\" content=\"fr_FR\" \/>\n<meta property=\"og:type\" content=\"article\" \/>\n<meta property=\"og:title\" content=\"Cartes de jeux baby shower - Les Gribouillis d&#039;Arthur\" \/>\n<meta property=\"og:description\" content=\"Les Cartes de jeux baby shower est le jeu par excellence lors des baby shower ! Faite deviner pr\u00e9nom, poids, taille et m\u00eame date de naissance de b\u00e9b\u00e9 !\" \/>\n<meta property=\"og:url\" content=\"https:\/\/lesgribouillisdarthur.fr\/index.php\/produit\/cartes-de-jeux-baby-shower\/\" \/>\n<meta property=\"og:site_name\" content=\"Les Gribouillis d&#039;Arthur\" \/>\n<meta property=\"article:publisher\" content=\"https:\/\/www.facebook.com\/lesgribouillisdarthur\" \/>\n<meta property=\"article:modified_time\" content=\"2025-04-22T10:27:04+00:00\" \/>\n<meta property=\"og:image\" content=\"https:\/\/lesgribouillisdarthur.fr\/wp-content\/uploads\/2023\/03\/telecharger-1.png\" \/>\n\t<meta property=\"og:image:width\" content=\"540\" \/>\n\t<meta property=\"og:image:height\" content=\"425\" \/>\n\t<meta property=\"og:image:type\" content=\"image\/png\" \/>\n<meta name=\"twitter:card\" content=\"summary_large_image\" \/>\n<meta name=\"twitter:label1\" content=\"Dur\u00e9e de lecture estim\u00e9e\" \/>\n\t<meta name=\"twitter:data1\" content=\"2 minutes\" \/>\n<script type=\"application\/ld+json\" class=\"yoast-schema-graph\">{\"@context\":\"https:\\\/\\\/schema.org\",\"@graph\":[{\"@type\":\"WebPage\",\"@id\":\"https:\\\/\\\/lesgribouillisdarthur.fr\\\/index.php\\\/produit\\\/cartes-de-jeux-baby-shower\\\/\",\"url\":\"https:\\\/\\\/lesgribouillisdarthur.fr\\\/index.php\\\/produit\\\/cartes-de-jeux-baby-shower\\\/\",\"name\":\"Cartes de jeux baby shower - Les Gribouillis d&#039;Arthur\",\"isPartOf\":{\"@id\":\"https:\\\/\\\/lesgribouillisdarthur.fr\\\/#website\"},\"primaryImageOfPage\":{\"@id\":\"https:\\\/\\\/lesgribouillisdarthur.fr\\\/index.php\\\/produit\\\/cartes-de-jeux-baby-shower\\\/#primaryimage\"},\"image\":{\"@id\":\"https:\\\/\\\/lesgribouillisdarthur.fr\\\/index.php\\\/produit\\\/cartes-de-jeux-baby-shower\\\/#primaryimage\"},\"thumbnailUrl\":\"https:\\\/\\\/lesgribouillisdarthur.fr\\\/wp-content\\\/uploads\\\/2023\\\/03\\\/telecharger-1.png\",\"datePublished\":\"2023-03-10T14:08:23+00:00\",\"dateModified\":\"2025-04-22T10:27:04+00:00\",\"description\":\"Les Cartes de jeux baby shower est le jeu par excellence lors des baby shower ! Faite deviner pr\u00e9nom, poids, taille et m\u00eame date de naissance de b\u00e9b\u00e9 !\",\"breadcrumb\":{\"@id\":\"https:\\\/\\\/lesgribouillisdarthur.fr\\\/index.php\\\/produit\\\/cartes-de-jeux-baby-shower\\\/#breadcrumb\"},\"inLanguage\":\"fr-FR\",\"potentialAction\":[{\"@type\":\"ReadAction\",\"target\":[\"https:\\\/\\\/lesgribouillisdarthur.fr\\\/index.php\\\/produit\\\/cartes-de-jeux-baby-shower\\\/\"]}]},{\"@type\":\"ImageObject\",\"inLanguage\":\"fr-FR\",\"@id\":\"https:\\\/\\\/lesgribouillisdarthur.fr\\\/index.php\\\/produit\\\/cartes-de-jeux-baby-shower\\\/#primaryimage\",\"url\":\"https:\\\/\\\/lesgribouillisdarthur.fr\\\/wp-content\\\/uploads\\\/2023\\\/03\\\/telecharger-1.png\",\"contentUrl\":\"https:\\\/\\\/lesgribouillisdarthur.fr\\\/wp-content\\\/uploads\\\/2023\\\/03\\\/telecharger-1.png\",\"width\":540,\"height\":425,\"caption\":\"Le jeu des pr\u00e9dictions est le jeu par excellence lors des baby shower ! Faite deviner pr\u00e9nom, poids, taille et m\u00eame date de naissance de b\u00e9b\u00e9 !\"},{\"@type\":\"BreadcrumbList\",\"@id\":\"https:\\\/\\\/lesgribouillisdarthur.fr\\\/index.php\\\/produit\\\/cartes-de-jeux-baby-shower\\\/#breadcrumb\",\"itemListElement\":[{\"@type\":\"ListItem\",\"position\":1,\"name\":\"Accueil\",\"item\":\"https:\\\/\\\/lesgribouillisdarthur.fr\\\/\"},{\"@type\":\"ListItem\",\"position\":2,\"name\":\"La boutique\",\"item\":\"https:\\\/\\\/lesgribouillisdarthur.fr\\\/?page_id=6553\"},{\"@type\":\"ListItem\",\"position\":3,\"name\":\"Cartes de jeux baby shower\"}]},{\"@type\":\"WebSite\",\"@id\":\"https:\\\/\\\/lesgribouillisdarthur.fr\\\/#website\",\"url\":\"https:\\\/\\\/lesgribouillisdarthur.fr\\\/\",\"name\":\"Les Gribouillis d&#039;Arthur\",\"description\":\"Les Gribouillis d&#039;Arthur, cadeaux personnalis\u00e9s pour toute la famille\",\"publisher\":{\"@id\":\"https:\\\/\\\/lesgribouillisdarthur.fr\\\/#organization\"},\"potentialAction\":[{\"@type\":\"SearchAction\",\"target\":{\"@type\":\"EntryPoint\",\"urlTemplate\":\"https:\\\/\\\/lesgribouillisdarthur.fr\\\/?s={search_term_string}\"},\"query-input\":{\"@type\":\"PropertyValueSpecification\",\"valueRequired\":true,\"valueName\":\"search_term_string\"}}],\"inLanguage\":\"fr-FR\"},{\"@type\":\"Organization\",\"@id\":\"https:\\\/\\\/lesgribouillisdarthur.fr\\\/#organization\",\"name\":\"Les Gribouillis d&#039;Arthur\",\"url\":\"https:\\\/\\\/lesgribouillisdarthur.fr\\\/\",\"logo\":{\"@type\":\"ImageObject\",\"inLanguage\":\"fr-FR\",\"@id\":\"https:\\\/\\\/lesgribouillisdarthur.fr\\\/#\\\/schema\\\/logo\\\/image\\\/\",\"url\":\"https:\\\/\\\/lesgribouillisdarthur.fr\\\/wp-content\\\/uploads\\\/2022\\\/10\\\/cropped-cropped-cropped-cropped-cropped-cropped-logo-bleu-1.png\",\"contentUrl\":\"https:\\\/\\\/lesgribouillisdarthur.fr\\\/wp-content\\\/uploads\\\/2022\\\/10\\\/cropped-cropped-cropped-cropped-cropped-cropped-logo-bleu-1.png\",\"width\":254,\"height\":53,\"caption\":\"Les Gribouillis d&#039;Arthur\"},\"image\":{\"@id\":\"https:\\\/\\\/lesgribouillisdarthur.fr\\\/#\\\/schema\\\/logo\\\/image\\\/\"},\"sameAs\":[\"https:\\\/\\\/www.facebook.com\\\/lesgribouillisdarthur\",\"https:\\\/\\\/www.instagram.com\\\/lesgribouillisdarthur\\\/?hl=fr\"]}]}<\/script>\n<!-- \/ Yoast SEO plugin. -->","yoast_head_json":{"title":"Cartes de jeux baby shower - Les Gribouillis d&#039;Arthur","description":"Les Cartes de jeux baby shower est le jeu par excellence lors des baby shower ! Faite deviner pr\u00e9nom, poids, taille et m\u00eame date de naissance de b\u00e9b\u00e9 !","robots":{"index":"index","follow":"follow","max-snippet":"max-snippet:-1","max-image-preview":"max-image-preview:large","max-video-preview":"max-video-preview:-1"},"canonical":"https:\/\/lesgribouillisdarthur.fr\/index.php\/produit\/cartes-de-jeux-baby-shower\/","og_locale":"fr_FR","og_type":"article","og_title":"Cartes de jeux baby shower - Les Gribouillis d&#039;Arthur","og_description":"Les Cartes de jeux baby shower est le jeu par excellence lors des baby shower ! Faite deviner pr\u00e9nom, poids, taille et m\u00eame date de naissance de b\u00e9b\u00e9 !","og_url":"https:\/\/lesgribouillisdarthur.fr\/index.php\/produit\/cartes-de-jeux-baby-shower\/","og_site_name":"Les Gribouillis d&#039;Arthur","article_publisher":"https:\/\/www.facebook.com\/lesgribouillisdarthur","article_modified_time":"2025-04-22T10:27:04+00:00","og_image":[{"width":540,"height":425,"url":"https:\/\/lesgribouillisdarthur.fr\/wp-content\/uploads\/2023\/03\/telecharger-1.png","type":"image\/png"}],"twitter_card":"summary_large_image","twitter_misc":{"Dur\u00e9e de lecture estim\u00e9e":"2 minutes"},"schema":{"@context":"https:\/\/schema.org","@graph":[{"@type":"WebPage","@id":"https:\/\/lesgribouillisdarthur.fr\/index.php\/produit\/cartes-de-jeux-baby-shower\/","url":"https:\/\/lesgribouillisdarthur.fr\/index.php\/produit\/cartes-de-jeux-baby-shower\/","name":"Cartes de jeux baby shower - Les Gribouillis d&#039;Arthur","isPartOf":{"@id":"https:\/\/lesgribouillisdarthur.fr\/#website"},"primaryImageOfPage":{"@id":"https:\/\/lesgribouillisdarthur.fr\/index.php\/produit\/cartes-de-jeux-baby-shower\/#primaryimage"},"image":{"@id":"https:\/\/lesgribouillisdarthur.fr\/index.php\/produit\/cartes-de-jeux-baby-shower\/#primaryimage"},"thumbnailUrl":"https:\/\/lesgribouillisdarthur.fr\/wp-content\/uploads\/2023\/03\/telecharger-1.png","datePublished":"2023-03-10T14:08:23+00:00","dateModified":"2025-04-22T10:27:04+00:00","description":"Les Cartes de jeux baby shower est le jeu par excellence lors des baby shower ! Faite deviner pr\u00e9nom, poids, taille et m\u00eame date de naissance de b\u00e9b\u00e9 !","breadcrumb":{"@id":"https:\/\/lesgribouillisdarthur.fr\/index.php\/produit\/cartes-de-jeux-baby-shower\/#breadcrumb"},"inLanguage":"fr-FR","potentialAction":[{"@type":"ReadAction","target":["https:\/\/lesgribouillisdarthur.fr\/index.php\/produit\/cartes-de-jeux-baby-shower\/"]}]},{"@type":"ImageObject","inLanguage":"fr-FR","@id":"https:\/\/lesgribouillisdarthur.fr\/index.php\/produit\/cartes-de-jeux-baby-shower\/#primaryimage","url":"https:\/\/lesgribouillisdarthur.fr\/wp-content\/uploads\/2023\/03\/telecharger-1.png","contentUrl":"https:\/\/lesgribouillisdarthur.fr\/wp-content\/uploads\/2023\/03\/telecharger-1.png","width":540,"height":425,"caption":"Le jeu des pr\u00e9dictions est le jeu par excellence lors des baby shower ! Faite deviner pr\u00e9nom, poids, taille et m\u00eame date de naissance de b\u00e9b\u00e9 !"},{"@type":"BreadcrumbList","@id":"https:\/\/lesgribouillisdarthur.fr\/index.php\/produit\/cartes-de-jeux-baby-shower\/#breadcrumb","itemListElement":[{"@type":"ListItem","position":1,"name":"Accueil","item":"https:\/\/lesgribouillisdarthur.fr\/"},{"@type":"ListItem","position":2,"name":"La boutique","item":"https:\/\/lesgribouillisdarthur.fr\/?page_id=6553"},{"@type":"ListItem","position":3,"name":"Cartes de jeux baby shower"}]},{"@type":"WebSite","@id":"https:\/\/lesgribouillisdarthur.fr\/#website","url":"https:\/\/lesgribouillisdarthur.fr\/","name":"Les Gribouillis d&#039;Arthur","description":"Les Gribouillis d&#039;Arthur, cadeaux personnalis\u00e9s pour toute la famille","publisher":{"@id":"https:\/\/lesgribouillisdarthur.fr\/#organization"},"potentialAction":[{"@type":"SearchAction","target":{"@type":"EntryPoint","urlTemplate":"https:\/\/lesgribouillisdarthur.fr\/?s={search_term_string}"},"query-input":{"@type":"PropertyValueSpecification","valueRequired":true,"valueName":"search_term_string"}}],"inLanguage":"fr-FR"},{"@type":"Organization","@id":"https:\/\/lesgribouillisdarthur.fr\/#organization","name":"Les Gribouillis d&#039;Arthur","url":"https:\/\/lesgribouillisdarthur.fr\/","logo":{"@type":"ImageObject","inLanguage":"fr-FR","@id":"https:\/\/lesgribouillisdarthur.fr\/#\/schema\/logo\/image\/","url":"https:\/\/lesgribouillisdarthur.fr\/wp-content\/uploads\/2022\/10\/cropped-cropped-cropped-cropped-cropped-cropped-logo-bleu-1.png","contentUrl":"https:\/\/lesgribouillisdarthur.fr\/wp-content\/uploads\/2022\/10\/cropped-cropped-cropped-cropped-cropped-cropped-logo-bleu-1.png","width":254,"height":53,"caption":"Les Gribouillis d&#039;Arthur"},"image":{"@id":"https:\/\/lesgribouillisdarthur.fr\/#\/schema\/logo\/image\/"},"sameAs":["https:\/\/www.facebook.com\/lesgribouillisdarthur","https:\/\/www.instagram.com\/lesgribouillisdarthur\/?hl=fr"]}]}},"uagb_featured_image_src":{"full":["https:\/\/lesgribouillisdarthur.fr\/wp-content\/uploads\/2023\/03\/telecharger-1.png",540,425,false],"thumbnail":["https:\/\/lesgribouillisdarthur.fr\/wp-content\/uploads\/2023\/03\/telecharger-1-150x150.png",150,150,true],"medium":["https:\/\/lesgribouillisdarthur.fr\/wp-content\/uploads\/2023\/03\/telecharger-1-300x236.png",300,236,true],"medium_large":["https:\/\/lesgribouillisdarthur.fr\/wp-content\/uploads\/2023\/03\/telecharger-1.png",540,425,false],"large":["https:\/\/lesgribouillisdarthur.fr\/wp-content\/uploads\/2023\/03\/telecharger-1.png",300,236,false],"1536x1536":["https:\/\/lesgribouillisdarthur.fr\/wp-content\/uploads\/2023\/03\/telecharger-1.png",540,425,false],"2048x2048":["https:\/\/lesgribouillisdarthur.fr\/wp-content\/uploads\/2023\/03\/telecharger-1.png",540,425,false],"woocommerce_thumbnail":["https:\/\/lesgribouillisdarthur.fr\/wp-content\/uploads\/2023\/03\/telecharger-1.png",540,425,false],"woocommerce_single":["https:\/\/lesgribouillisdarthur.fr\/wp-content\/uploads\/2023\/03\/telecharger-1.png",540,425,false],"woocommerce_gallery_thumbnail":["https:\/\/lesgribouillisdarthur.fr\/wp-content\/uploads\/2023\/03\/telecharger-1-100x100.png",100,100,true]},"uagb_author_info":{"display_name":"admin7680","author_link":"https:\/\/lesgribouillisdarthur.fr\/index.php\/author\/"},"uagb_comment_info":0,"uagb_excerpt":"Cartes de jeux baby shower Pr\u00e9parez une baby shower inoubliable avec nos adorables cartes en forme de body qui ajoutent une touche de cr\u00e9ativit\u00e9 et de suspense \u00e0 votre f\u00eate ! Ces cartes ludiques et mignonnes sont parfaites pour deviner le pr\u00e9nom, le poids, la taille, la date de naissance et m\u00eame le sexe du\u2026","_links":{"self":[{"href":"https:\/\/lesgribouillisdarthur.fr\/index.php\/wp-json\/wp\/v2\/product\/6424","targetHints":{"allow":["GET"]}}],"collection":[{"href":"https:\/\/lesgribouillisdarthur.fr\/index.php\/wp-json\/wp\/v2\/product"}],"about":[{"href":"https:\/\/lesgribouillisdarthur.fr\/index.php\/wp-json\/wp\/v2\/types\/product"}],"replies":[{"embeddable":true,"href":"https:\/\/lesgribouillisdarthur.fr\/index.php\/wp-json\/wp\/v2\/comments?post=6424"}],"wp:featuredmedia":[{"embeddable":true,"href":"https:\/\/lesgribouillisdarthur.fr\/index.php\/wp-json\/wp\/v2\/media\/6425"}],"wp:attachment":[{"href":"https:\/\/lesgribouillisdarthur.fr\/index.php\/wp-json\/wp\/v2\/media?parent=6424"}],"wp:term":[{"taxonomy":"product_brand","embeddable":true,"href":"https:\/\/lesgribouillisdarthur.fr\/index.php\/wp-json\/wp\/v2\/product_brand?post=6424"},{"taxonomy":"product_cat","embeddable":true,"href":"https:\/\/lesgribouillisdarthur.fr\/index.php\/wp-json\/wp\/v2\/product_cat?post=6424"},{"taxonomy":"product_tag","embeddable":true,"href":"https:\/\/lesgribouillisdarthur.fr\/index.php\/wp-json\/wp\/v2\/product_tag?post=6424"}],"curies":[{"name":"wp","href":"https:\/\/api.w.org\/{rel}","templated":true}]}}