{"id":6434,"date":"2023-03-10T15:10:10","date_gmt":"2023-03-10T14:10:10","guid":{"rendered":"https:\/\/lesgribouillisdarthur.fr\/?post_type=product&#038;p=6434"},"modified":"2024-10-04T10:53:22","modified_gmt":"2024-10-04T08:53:22","slug":"puzzle-dannonce-grossesse-tonton","status":"publish","type":"product","link":"https:\/\/lesgribouillisdarthur.fr\/index.php\/produit\/puzzle-dannonce-grossesse-tonton\/","title":{"rendered":"Puzzle Annonce de Grossesse \u201cTonton\u201d"},"content":{"rendered":"<h3>Une Surprise Amusante pour les Futurs Tontons<\/h3>\n<p>Rendez votre annonce de grossesse m\u00e9morable en choisissant d\u2019utiliser un puzzle pour r\u00e9v\u00e9ler cette pr\u00e9cieuse nouvelle aux futurs tontons.<br \/>\nC\u2019est une mani\u00e8re ludique et unique d\u2019exprimer la joie de l\u2019arriv\u00e9e imminente de votre petit tr\u00e9sor.<br \/>\nCe puzzle vous garantit de l\u2019amusement alors que vos proches rassemblent les pi\u00e8ces pour d\u00e9couvrir le message magique.<\/p>\n<p>Caract\u00e9ristiques du produit<br \/>\n<strong>Puzzle carton :<\/strong><\/p>\n<ul>\n<li>24 pi\u00e8ces<\/li>\n<li>Format : 16\u00d711 cm<\/li>\n<\/ul>\n<p><strong>Puzzle magn\u00e9tique<br \/>\n<\/strong><em>Compos\u00e9 de pi\u00e8ces magn\u00e9tiques durables, ce puzzle peut \u00eatre coll\u00e9 sur n\u2019importe quelle surface magn\u00e9tique, ajoutant une touche interactive \u00e0 l\u2019annonce.<\/em><strong><br \/>\n<\/strong><\/p>\n<ul>\n<li>12 pi\u00e8ces<\/li>\n<li>Format : 13\u00d710 cm<\/li>\n<\/ul>\n<p>Les pi\u00e8ces sont con\u00e7ues pour s\u2019embo\u00eeter facilement, permettant aux futurs tontons de reconstituer rapidement le puzzle et r\u00e9v\u00e9ler le message sp\u00e9cial.<br \/>\nLorsque le puzzle est assembl\u00e9 et que le message est d\u00e9couvert, capturez ces moments pr\u00e9cieux avec des photos ou des vid\u00e9os pour conserver des souvenirs \u00e9ternels de la r\u00e9action joyeuse.<\/p>\n<p>Tous les puzzles sont envoy\u00e9s avec leurs pochon en lin.<br \/>\nCr\u00e9\u00e9 et imprim\u00e9 dans mon atelier \u00e0 Lapte en Haute-Loire.<\/p>\n<div>Le puzzle vous est envoy\u00e9 \u00e0 plat emball\u00e9 avec soin et dans une lettre suivie.<\/div>\n<div>Un num\u00e9ro est renseign\u00e9 pour suivre votre commande.<br \/>\nLes d\u00e9lais d\u2019acheminement sont donn\u00e9s \u00e0 titre indicatif ainsi je ne peux pas garantir les d\u00e9lais, par cons\u00e9quent ma responsabilit\u00e9 ne peut pas \u00eatre engag\u00e9e en cas de retard ou de perte de votre commande.<\/div>\n<div><\/div>\n<p>Pour d\u2019autres mod\u00e8le\u00a0<a href=\"https:\/\/lesgribouillisdarthur.fr\/index.php\/categorie-produit\/cartes\/cartes-etapes\/\" target=\"_blank\" rel=\"noopener\">cliquez ici<\/a><\/p>\n<p>Je suis \u00e9galement sur les r\u00e9seaux alors suivez moi :<br \/>\n\u2022 Facebook : @<a href=\"https:\/\/www.facebook.com\/lesgribouillisdarthur\/?locale=fr_FR\">LesgribouillisdArthur<\/a><br \/>\n\u2022 Instagram : @<a href=\"https:\/\/www.instagram.com\/lesgribouillisdarthur\/\">LesGribouillisd\u2019Arthur<\/a><\/p>\n<p>\u00a9 Les gribouillis d\u2019Arthur \u2013 Tous droits de reproduction interdits.<\/p>\n<p>Attention les couleurs peuvent varier de l\u2019\u00e9cran au papier !<\/p>\n","protected":false},"excerpt":{"rendered":"<h3>Une Surprise Amusante pour les Futurs Tontons.<\/h3>\n<p>&nbsp;<\/p>\n<p>Pr\u00e9parez vous \u00e0 partager la merveilleuse nouvelle de votre grossesse avec une touche de cr\u00e9ativit\u00e9 et d\u2019excitation gr\u00e2ce \u00e0 notre Puzzle Annonce de Grossesse.<\/p>\n<p>Choisissez entre nos options en carton ou magn\u00e9tiques pour cr\u00e9er une exp\u00e9rience unique et m\u00e9morable pour les futurs tontons.<\/p>\n","protected":false},"featured_media":6436,"comment_status":"open","ping_status":"closed","template":"","meta":{"_uag_custom_page_level_css":"","_monsterinsights_skip_tracking":false,"_monsterinsights_sitenote_active":false,"_monsterinsights_sitenote_note":"","_monsterinsights_sitenote_category":0,"site-sidebar-layout":"default","site-content-layout":"default","ast-site-content-layout":"default","site-content-style":"default","site-sidebar-style":"default","ast-global-header-display":"","ast-banner-title-visibility":"","ast-main-header-display":"","ast-hfb-above-header-display":"","ast-hfb-below-header-display":"","ast-hfb-mobile-header-display":"","site-post-title":"","ast-breadcrumbs-content":"","ast-featured-img":"","footer-sml-layout":"","theme-transparent-header-meta":"default","adv-header-id-meta":"","stick-header-meta":"","header-above-stick-meta":"","header-main-stick-meta":"","header-below-stick-meta":"","astra-migrate-meta-layouts":"set","ast-page-background-enabled":"default","ast-page-background-meta":{"desktop":{"background-color":"","background-image":"","background-repeat":"repeat","background-position":"center center","background-size":"auto","background-attachment":"scroll","background-type":"","background-media":"","overlay-type":"","overlay-color":"","overlay-opacity":"","overlay-gradient":""},"tablet":{"background-color":"","background-image":"","background-repeat":"repeat","background-position":"center center","background-size":"auto","background-attachment":"scroll","background-type":"","background-media":"","overlay-type":"","overlay-color":"","overlay-opacity":"","overlay-gradient":""},"mobile":{"background-color":"","background-image":"","background-repeat":"repeat","background-position":"center center","background-size":"auto","background-attachment":"scroll","background-type":"","background-media":"","overlay-type":"","overlay-color":"","overlay-opacity":"","overlay-gradient":""}},"ast-content-background-meta":{"desktop":{"background-color":"var(--ast-global-color-5)","background-image":"","background-repeat":"repeat","background-position":"center center","background-size":"auto","background-attachment":"scroll","background-type":"","background-media":"","overlay-type":"","overlay-color":"","overlay-opacity":"","overlay-gradient":""},"tablet":{"background-color":"var(--ast-global-color-5)","background-image":"","background-repeat":"repeat","background-position":"center center","background-size":"auto","background-attachment":"scroll","background-type":"","background-media":"","overlay-type":"","overlay-color":"","overlay-opacity":"","overlay-gradient":""},"mobile":{"background-color":"var(--ast-global-color-5)","background-image":"","background-repeat":"repeat","background-position":"center center","background-size":"auto","background-attachment":"scroll","background-type":"","background-media":"","overlay-type":"","overlay-color":"","overlay-opacity":"","overlay-gradient":""}},"_themeisle_gutenberg_block_has_review":false},"product_brand":[],"product_cat":[55,142,100],"product_tag":[],"class_list":{"0":"post-6434","1":"product","2":"type-product","3":"status-publish","4":"has-post-thumbnail","6":"product_cat-naissance","7":"product_cat-puzzle-naissance","8":"product_cat-tata-tonton","9":"desktop-align-center","10":"tablet-align-left","11":"mobile-align-left","13":"first","14":"instock","15":"taxable","16":"shipping-taxable","17":"purchasable","18":"product-type-variable"},"yoast_head":"<!-- This site is optimized with the Yoast SEO plugin v27.3 - https:\/\/yoast.com\/product\/yoast-seo-wordpress\/ -->\n<title>Puzzle Annonce de Grossesse \u201cTonton\u201d - Les Gribouillis d&#039;Arthur<\/title>\n<meta name=\"description\" content=\"Partager la merveilleuse nouvelle de votre grossesse avec une touche de cr\u00e9ativit\u00e9 et d&#039;excitation gr\u00e2ce \u00e0 notre Puzzle Annonce de Grossesse.\" \/>\n<meta name=\"robots\" content=\"index, follow, max-snippet:-1, max-image-preview:large, max-video-preview:-1\" \/>\n<link rel=\"canonical\" href=\"https:\/\/lesgribouillisdarthur.fr\/index.php\/produit\/puzzle-dannonce-grossesse-tonton\/\" \/>\n<meta property=\"og:locale\" content=\"fr_FR\" \/>\n<meta property=\"og:type\" content=\"article\" \/>\n<meta property=\"og:title\" content=\"Puzzle Annonce de Grossesse \u201cTonton\u201d - Les Gribouillis d&#039;Arthur\" \/>\n<meta property=\"og:description\" content=\"Partager la merveilleuse nouvelle de votre grossesse avec une touche de cr\u00e9ativit\u00e9 et d&#039;excitation gr\u00e2ce \u00e0 notre Puzzle Annonce de Grossesse.\" \/>\n<meta property=\"og:url\" content=\"https:\/\/lesgribouillisdarthur.fr\/index.php\/produit\/puzzle-dannonce-grossesse-tonton\/\" \/>\n<meta property=\"og:site_name\" content=\"Les Gribouillis d&#039;Arthur\" \/>\n<meta property=\"article:publisher\" content=\"https:\/\/www.facebook.com\/lesgribouillisdarthur\" \/>\n<meta property=\"article:modified_time\" content=\"2024-10-04T08:53:22+00:00\" \/>\n<meta property=\"og:image\" content=\"https:\/\/lesgribouillisdarthur.fr\/wp-content\/uploads\/2023\/03\/Puzzle-tonton-blanc.jpg\" \/>\n\t<meta property=\"og:image:width\" content=\"1000\" \/>\n\t<meta property=\"og:image:height\" content=\"1000\" \/>\n\t<meta property=\"og:image:type\" content=\"image\/jpeg\" \/>\n<meta name=\"twitter:card\" content=\"summary_large_image\" \/>\n<meta name=\"twitter:label1\" content=\"Dur\u00e9e de lecture estim\u00e9e\" \/>\n\t<meta name=\"twitter:data1\" content=\"2 minutes\" \/>\n<script type=\"application\/ld+json\" class=\"yoast-schema-graph\">{\"@context\":\"https:\\\/\\\/schema.org\",\"@graph\":[{\"@type\":\"WebPage\",\"@id\":\"https:\\\/\\\/lesgribouillisdarthur.fr\\\/index.php\\\/produit\\\/puzzle-dannonce-grossesse-tonton\\\/\",\"url\":\"https:\\\/\\\/lesgribouillisdarthur.fr\\\/index.php\\\/produit\\\/puzzle-dannonce-grossesse-tonton\\\/\",\"name\":\"Puzzle Annonce de Grossesse \u201cTonton\u201d - Les Gribouillis d&#039;Arthur\",\"isPartOf\":{\"@id\":\"https:\\\/\\\/lesgribouillisdarthur.fr\\\/#website\"},\"primaryImageOfPage\":{\"@id\":\"https:\\\/\\\/lesgribouillisdarthur.fr\\\/index.php\\\/produit\\\/puzzle-dannonce-grossesse-tonton\\\/#primaryimage\"},\"image\":{\"@id\":\"https:\\\/\\\/lesgribouillisdarthur.fr\\\/index.php\\\/produit\\\/puzzle-dannonce-grossesse-tonton\\\/#primaryimage\"},\"thumbnailUrl\":\"https:\\\/\\\/lesgribouillisdarthur.fr\\\/wp-content\\\/uploads\\\/2023\\\/03\\\/Puzzle-tonton-blanc.jpg\",\"datePublished\":\"2023-03-10T14:10:10+00:00\",\"dateModified\":\"2024-10-04T08:53:22+00:00\",\"description\":\"Partager la merveilleuse nouvelle de votre grossesse avec une touche de cr\u00e9ativit\u00e9 et d'excitation gr\u00e2ce \u00e0 notre Puzzle Annonce de Grossesse.\",\"breadcrumb\":{\"@id\":\"https:\\\/\\\/lesgribouillisdarthur.fr\\\/index.php\\\/produit\\\/puzzle-dannonce-grossesse-tonton\\\/#breadcrumb\"},\"inLanguage\":\"fr-FR\",\"potentialAction\":[{\"@type\":\"ReadAction\",\"target\":[\"https:\\\/\\\/lesgribouillisdarthur.fr\\\/index.php\\\/produit\\\/puzzle-dannonce-grossesse-tonton\\\/\"]}]},{\"@type\":\"ImageObject\",\"inLanguage\":\"fr-FR\",\"@id\":\"https:\\\/\\\/lesgribouillisdarthur.fr\\\/index.php\\\/produit\\\/puzzle-dannonce-grossesse-tonton\\\/#primaryimage\",\"url\":\"https:\\\/\\\/lesgribouillisdarthur.fr\\\/wp-content\\\/uploads\\\/2023\\\/03\\\/Puzzle-tonton-blanc.jpg\",\"contentUrl\":\"https:\\\/\\\/lesgribouillisdarthur.fr\\\/wp-content\\\/uploads\\\/2023\\\/03\\\/Puzzle-tonton-blanc.jpg\",\"width\":1000,\"height\":1000},{\"@type\":\"BreadcrumbList\",\"@id\":\"https:\\\/\\\/lesgribouillisdarthur.fr\\\/index.php\\\/produit\\\/puzzle-dannonce-grossesse-tonton\\\/#breadcrumb\",\"itemListElement\":[{\"@type\":\"ListItem\",\"position\":1,\"name\":\"Accueil\",\"item\":\"https:\\\/\\\/lesgribouillisdarthur.fr\\\/\"},{\"@type\":\"ListItem\",\"position\":2,\"name\":\"La boutique\",\"item\":\"https:\\\/\\\/lesgribouillisdarthur.fr\\\/?page_id=6553\"},{\"@type\":\"ListItem\",\"position\":3,\"name\":\"Puzzle Annonce de Grossesse \u201cTonton\u201d\"}]},{\"@type\":\"WebSite\",\"@id\":\"https:\\\/\\\/lesgribouillisdarthur.fr\\\/#website\",\"url\":\"https:\\\/\\\/lesgribouillisdarthur.fr\\\/\",\"name\":\"Les Gribouillis d&#039;Arthur\",\"description\":\"Les Gribouillis d&#039;Arthur, cadeaux personnalis\u00e9s pour toute la famille\",\"publisher\":{\"@id\":\"https:\\\/\\\/lesgribouillisdarthur.fr\\\/#organization\"},\"potentialAction\":[{\"@type\":\"SearchAction\",\"target\":{\"@type\":\"EntryPoint\",\"urlTemplate\":\"https:\\\/\\\/lesgribouillisdarthur.fr\\\/?s={search_term_string}\"},\"query-input\":{\"@type\":\"PropertyValueSpecification\",\"valueRequired\":true,\"valueName\":\"search_term_string\"}}],\"inLanguage\":\"fr-FR\"},{\"@type\":\"Organization\",\"@id\":\"https:\\\/\\\/lesgribouillisdarthur.fr\\\/#organization\",\"name\":\"Les Gribouillis d&#039;Arthur\",\"url\":\"https:\\\/\\\/lesgribouillisdarthur.fr\\\/\",\"logo\":{\"@type\":\"ImageObject\",\"inLanguage\":\"fr-FR\",\"@id\":\"https:\\\/\\\/lesgribouillisdarthur.fr\\\/#\\\/schema\\\/logo\\\/image\\\/\",\"url\":\"https:\\\/\\\/lesgribouillisdarthur.fr\\\/wp-content\\\/uploads\\\/2022\\\/10\\\/cropped-cropped-cropped-cropped-cropped-cropped-logo-bleu-1.png\",\"contentUrl\":\"https:\\\/\\\/lesgribouillisdarthur.fr\\\/wp-content\\\/uploads\\\/2022\\\/10\\\/cropped-cropped-cropped-cropped-cropped-cropped-logo-bleu-1.png\",\"width\":254,\"height\":53,\"caption\":\"Les Gribouillis d&#039;Arthur\"},\"image\":{\"@id\":\"https:\\\/\\\/lesgribouillisdarthur.fr\\\/#\\\/schema\\\/logo\\\/image\\\/\"},\"sameAs\":[\"https:\\\/\\\/www.facebook.com\\\/lesgribouillisdarthur\",\"https:\\\/\\\/www.instagram.com\\\/lesgribouillisdarthur\\\/?hl=fr\"]}]}<\/script>\n<!-- \/ Yoast SEO plugin. -->","yoast_head_json":{"title":"Puzzle Annonce de Grossesse \u201cTonton\u201d - Les Gribouillis d&#039;Arthur","description":"Partager la merveilleuse nouvelle de votre grossesse avec une touche de cr\u00e9ativit\u00e9 et d'excitation gr\u00e2ce \u00e0 notre Puzzle Annonce de Grossesse.","robots":{"index":"index","follow":"follow","max-snippet":"max-snippet:-1","max-image-preview":"max-image-preview:large","max-video-preview":"max-video-preview:-1"},"canonical":"https:\/\/lesgribouillisdarthur.fr\/index.php\/produit\/puzzle-dannonce-grossesse-tonton\/","og_locale":"fr_FR","og_type":"article","og_title":"Puzzle Annonce de Grossesse \u201cTonton\u201d - Les Gribouillis d&#039;Arthur","og_description":"Partager la merveilleuse nouvelle de votre grossesse avec une touche de cr\u00e9ativit\u00e9 et d'excitation gr\u00e2ce \u00e0 notre Puzzle Annonce de Grossesse.","og_url":"https:\/\/lesgribouillisdarthur.fr\/index.php\/produit\/puzzle-dannonce-grossesse-tonton\/","og_site_name":"Les Gribouillis d&#039;Arthur","article_publisher":"https:\/\/www.facebook.com\/lesgribouillisdarthur","article_modified_time":"2024-10-04T08:53:22+00:00","og_image":[{"width":1000,"height":1000,"url":"https:\/\/lesgribouillisdarthur.fr\/wp-content\/uploads\/2023\/03\/Puzzle-tonton-blanc.jpg","type":"image\/jpeg"}],"twitter_card":"summary_large_image","twitter_misc":{"Dur\u00e9e de lecture estim\u00e9e":"2 minutes"},"schema":{"@context":"https:\/\/schema.org","@graph":[{"@type":"WebPage","@id":"https:\/\/lesgribouillisdarthur.fr\/index.php\/produit\/puzzle-dannonce-grossesse-tonton\/","url":"https:\/\/lesgribouillisdarthur.fr\/index.php\/produit\/puzzle-dannonce-grossesse-tonton\/","name":"Puzzle Annonce de Grossesse \u201cTonton\u201d - Les Gribouillis d&#039;Arthur","isPartOf":{"@id":"https:\/\/lesgribouillisdarthur.fr\/#website"},"primaryImageOfPage":{"@id":"https:\/\/lesgribouillisdarthur.fr\/index.php\/produit\/puzzle-dannonce-grossesse-tonton\/#primaryimage"},"image":{"@id":"https:\/\/lesgribouillisdarthur.fr\/index.php\/produit\/puzzle-dannonce-grossesse-tonton\/#primaryimage"},"thumbnailUrl":"https:\/\/lesgribouillisdarthur.fr\/wp-content\/uploads\/2023\/03\/Puzzle-tonton-blanc.jpg","datePublished":"2023-03-10T14:10:10+00:00","dateModified":"2024-10-04T08:53:22+00:00","description":"Partager la merveilleuse nouvelle de votre grossesse avec une touche de cr\u00e9ativit\u00e9 et d'excitation gr\u00e2ce \u00e0 notre Puzzle Annonce de Grossesse.","breadcrumb":{"@id":"https:\/\/lesgribouillisdarthur.fr\/index.php\/produit\/puzzle-dannonce-grossesse-tonton\/#breadcrumb"},"inLanguage":"fr-FR","potentialAction":[{"@type":"ReadAction","target":["https:\/\/lesgribouillisdarthur.fr\/index.php\/produit\/puzzle-dannonce-grossesse-tonton\/"]}]},{"@type":"ImageObject","inLanguage":"fr-FR","@id":"https:\/\/lesgribouillisdarthur.fr\/index.php\/produit\/puzzle-dannonce-grossesse-tonton\/#primaryimage","url":"https:\/\/lesgribouillisdarthur.fr\/wp-content\/uploads\/2023\/03\/Puzzle-tonton-blanc.jpg","contentUrl":"https:\/\/lesgribouillisdarthur.fr\/wp-content\/uploads\/2023\/03\/Puzzle-tonton-blanc.jpg","width":1000,"height":1000},{"@type":"BreadcrumbList","@id":"https:\/\/lesgribouillisdarthur.fr\/index.php\/produit\/puzzle-dannonce-grossesse-tonton\/#breadcrumb","itemListElement":[{"@type":"ListItem","position":1,"name":"Accueil","item":"https:\/\/lesgribouillisdarthur.fr\/"},{"@type":"ListItem","position":2,"name":"La boutique","item":"https:\/\/lesgribouillisdarthur.fr\/?page_id=6553"},{"@type":"ListItem","position":3,"name":"Puzzle Annonce de Grossesse \u201cTonton\u201d"}]},{"@type":"WebSite","@id":"https:\/\/lesgribouillisdarthur.fr\/#website","url":"https:\/\/lesgribouillisdarthur.fr\/","name":"Les Gribouillis d&#039;Arthur","description":"Les Gribouillis d&#039;Arthur, cadeaux personnalis\u00e9s pour toute la famille","publisher":{"@id":"https:\/\/lesgribouillisdarthur.fr\/#organization"},"potentialAction":[{"@type":"SearchAction","target":{"@type":"EntryPoint","urlTemplate":"https:\/\/lesgribouillisdarthur.fr\/?s={search_term_string}"},"query-input":{"@type":"PropertyValueSpecification","valueRequired":true,"valueName":"search_term_string"}}],"inLanguage":"fr-FR"},{"@type":"Organization","@id":"https:\/\/lesgribouillisdarthur.fr\/#organization","name":"Les Gribouillis d&#039;Arthur","url":"https:\/\/lesgribouillisdarthur.fr\/","logo":{"@type":"ImageObject","inLanguage":"fr-FR","@id":"https:\/\/lesgribouillisdarthur.fr\/#\/schema\/logo\/image\/","url":"https:\/\/lesgribouillisdarthur.fr\/wp-content\/uploads\/2022\/10\/cropped-cropped-cropped-cropped-cropped-cropped-logo-bleu-1.png","contentUrl":"https:\/\/lesgribouillisdarthur.fr\/wp-content\/uploads\/2022\/10\/cropped-cropped-cropped-cropped-cropped-cropped-logo-bleu-1.png","width":254,"height":53,"caption":"Les Gribouillis d&#039;Arthur"},"image":{"@id":"https:\/\/lesgribouillisdarthur.fr\/#\/schema\/logo\/image\/"},"sameAs":["https:\/\/www.facebook.com\/lesgribouillisdarthur","https:\/\/www.instagram.com\/lesgribouillisdarthur\/?hl=fr"]}]}},"uagb_featured_image_src":{"full":["https:\/\/lesgribouillisdarthur.fr\/wp-content\/uploads\/2023\/03\/Puzzle-tonton-blanc.jpg",1000,1000,false],"thumbnail":["https:\/\/lesgribouillisdarthur.fr\/wp-content\/uploads\/2023\/03\/Puzzle-tonton-blanc-150x150.jpg",150,150,true],"medium":["https:\/\/lesgribouillisdarthur.fr\/wp-content\/uploads\/2023\/03\/Puzzle-tonton-blanc-300x300.jpg",300,300,true],"medium_large":["https:\/\/lesgribouillisdarthur.fr\/wp-content\/uploads\/2023\/03\/Puzzle-tonton-blanc-768x768.jpg",768,768,true],"large":["https:\/\/lesgribouillisdarthur.fr\/wp-content\/uploads\/2023\/03\/Puzzle-tonton-blanc.jpg",300,300,false],"1536x1536":["https:\/\/lesgribouillisdarthur.fr\/wp-content\/uploads\/2023\/03\/Puzzle-tonton-blanc.jpg",1000,1000,false],"2048x2048":["https:\/\/lesgribouillisdarthur.fr\/wp-content\/uploads\/2023\/03\/Puzzle-tonton-blanc.jpg",1000,1000,false],"woocommerce_thumbnail":["https:\/\/lesgribouillisdarthur.fr\/wp-content\/uploads\/2023\/03\/Puzzle-tonton-blanc.jpg",1000,1000,false],"woocommerce_single":["https:\/\/lesgribouillisdarthur.fr\/wp-content\/uploads\/2023\/03\/Puzzle-tonton-blanc.jpg",1000,1000,false],"woocommerce_gallery_thumbnail":["https:\/\/lesgribouillisdarthur.fr\/wp-content\/uploads\/2023\/03\/Puzzle-tonton-blanc-100x100.jpg",100,100,true]},"uagb_author_info":{"display_name":"admin7680","author_link":"https:\/\/lesgribouillisdarthur.fr\/index.php\/author\/"},"uagb_comment_info":0,"uagb_excerpt":"Une Surprise Amusante pour les Futurs Tontons. &nbsp; Pr\u00e9parez vous \u00e0 partager la merveilleuse nouvelle de votre grossesse avec une touche de cr\u00e9ativit\u00e9 et d\u2019excitation gr\u00e2ce \u00e0 notre Puzzle Annonce de Grossesse. Choisissez entre nos options en carton ou magn\u00e9tiques pour cr\u00e9er une exp\u00e9rience unique et m\u00e9morable pour les futurs tontons.","_links":{"self":[{"href":"https:\/\/lesgribouillisdarthur.fr\/index.php\/wp-json\/wp\/v2\/product\/6434","targetHints":{"allow":["GET"]}}],"collection":[{"href":"https:\/\/lesgribouillisdarthur.fr\/index.php\/wp-json\/wp\/v2\/product"}],"about":[{"href":"https:\/\/lesgribouillisdarthur.fr\/index.php\/wp-json\/wp\/v2\/types\/product"}],"replies":[{"embeddable":true,"href":"https:\/\/lesgribouillisdarthur.fr\/index.php\/wp-json\/wp\/v2\/comments?post=6434"}],"wp:featuredmedia":[{"embeddable":true,"href":"https:\/\/lesgribouillisdarthur.fr\/index.php\/wp-json\/wp\/v2\/media\/6436"}],"wp:attachment":[{"href":"https:\/\/lesgribouillisdarthur.fr\/index.php\/wp-json\/wp\/v2\/media?parent=6434"}],"wp:term":[{"taxonomy":"product_brand","embeddable":true,"href":"https:\/\/lesgribouillisdarthur.fr\/index.php\/wp-json\/wp\/v2\/product_brand?post=6434"},{"taxonomy":"product_cat","embeddable":true,"href":"https:\/\/lesgribouillisdarthur.fr\/index.php\/wp-json\/wp\/v2\/product_cat?post=6434"},{"taxonomy":"product_tag","embeddable":true,"href":"https:\/\/lesgribouillisdarthur.fr\/index.php\/wp-json\/wp\/v2\/product_tag?post=6434"}],"curies":[{"name":"wp","href":"https:\/\/api.w.org\/{rel}","templated":true}]}}