{"id":6531,"date":"2023-03-20T10:02:05","date_gmt":"2023-03-20T09:02:05","guid":{"rendered":"https:\/\/lesgribouillisdarthur.fr\/?post_type=product&#038;p=6531"},"modified":"2023-10-11T09:29:11","modified_gmt":"2023-10-11T07:29:11","slug":"affiche-a-empreintes-montgolfiere-rose","status":"publish","type":"product","link":"https:\/\/lesgribouillisdarthur.fr\/index.php\/produit\/affiche-a-empreintes-montgolfiere-rose\/","title":{"rendered":"Affiche \u00e0 empreintes Montgolfi\u00e8re \u00ab\u00a0Rose\u00a0\u00bb"},"content":{"rendered":"<p><strong>Affiche \u00e0 empreintes Montgolfi\u00e8re rose<\/strong><\/p>\n<p>L\u2019affiche \u00e0 empreinte personnalis\u00e9e est un joli concept imaginatif pour animer la journ\u00e9e de bapt\u00eame ou d&rsquo;anniversaire. Elle fait participer tous les invit\u00e9s : du bout du doigt, ils apposent un t\u00e9moignage affectueux pour compl\u00e9ter le d\u00e9cor de l\u2019affiche. Cr\u00e9ation po\u00e9tique et charg\u00e9e de sens, l\u2019affiche \u00e0 empreintes\u00a0 est une d\u00e9coration parfaite pour la chambre de votre enfant. Une id\u00e9e originale et tendre pour animer la journ\u00e9e et en garder un souvenir \u00e9mouvant.<\/p>\n<p>Ce mod\u00e8le sur le th\u00e8me de la montgolfi\u00e8re est po\u00e9tique et doux ! Chaque invit\u00e9 pourra compl\u00e9ter le ballon\u00a0 pour un joli tableau final empli de bienveillance !<\/p>\n<p><em><strong>Caract\u00e9ristiques du produit\u00a0:<\/strong><\/em><\/p>\n<p>Format : A4 (21 x 29,7 cm) vendue sans cadre<br \/>\nFormat : A3 (29.7 x 42cm) vendue sans cadre<br \/>\nEncrier : Rose d\u00e9grad\u00e9 fourni<\/p>\n<p>Imprim\u00e9e par jet d\u2019encre sur papier mat de qualit\u00e9 professionnelle en 300g\/m2.<\/p>\n<p><em><strong>Informations commande et livraison :<\/strong><\/em><\/p>\n<p>Envoi en lettre suivie pour le format A4 et Mondial Relay pour le format A3.<br \/>\nL\u2019affiche est prot\u00e9g\u00e9e dans une pochette plastique et soigneusement emball\u00e9e.<\/p>\n<p>Dans les deux cas, un num\u00e9ro sera renseign\u00e9 pour suivre votre commande.<br \/>\nLes d\u00e9lais d&rsquo;acheminement sont donn\u00e9s \u00e0 titre indicatif.<br \/>\nJe ne peux pas garantir les d\u00e9lais et ma responsabilit\u00e9 ne peut pas \u00eatre engag\u00e9e en cas de retard ou de perte de votre commande.<\/p>\n<p>Si vous souhaitez d\u2019autres rubriques, une affiche selon un th\u00e8me particulier ou plusieurs exemplaires de cette affiche, contactez-moi pour un devis.<\/p>\n<p>Pour plus de mod\u00e8le\u00a0<a href=\"https:\/\/lesgribouillisdarthur.fr\/index.php\/categorie-produit\/affiches\/affiche-a-empreintes\/\">cliquez ici<\/a><\/p>\n<p>Je suis \u00e9galement sur les r\u00e9seaux alors suivez moi :<\/p>\n<p>\u2022 Facebook : @<a href=\"https:\/\/www.facebook.com\/lesgribouillisdarthur\/?locale=fr_FR\">LesgribouillisdArthur<\/a><br \/>\n\u2022 Instagram : @<a href=\"https:\/\/www.instagram.com\/lesgribouillisdarthur\/\">LesGribouillisd\u2019Arthur<\/a><\/p>\n<p>\u00a9 Les gribouillis d\u2019Arthur \u2013 Tous droits de reproduction interdit<\/p>\n","protected":false},"excerpt":{"rendered":"<p><strong>Affiche \u00e0 empreintes attrape-r\u00eave<\/strong><\/p>\n<p>L\u2019affiche \u00e0 empreinte personnalis\u00e9e est un joli concept imaginatif pour animer la journ\u00e9e de bapt\u00eame. Elle fait participer tous les invit\u00e9s : du bout du doigt, ils apposent un t\u00e9moignage affectueux pour compl\u00e9ter le d\u00e9cor de l\u2019affiche. Cr\u00e9ation po\u00e9tique et charg\u00e9e de sens, l\u2019affiche \u00e0 empreinte est une d\u00e9coration parfaite pour la chambre de b\u00e9b\u00e9. Une id\u00e9e originale et tendre pour animer la c\u00e9r\u00e9monie de bapt\u00eame et en garder un souvenir \u00e9mouvant.<\/p>\n<p><strong>Comment \u00e7a marche ?<\/strong><\/p>\n<ol>\n<li>Choisissez votre affiche : S\u00e9lectionnez l\u2019affiche \u00e0 empreinte \u201cMontgolfi\u00e8re Rose\u201d qui correspond \u00e0 votre occasion.<\/li>\n<li>Faites votre empreinte : Utilisez l\u2019encrier rose d\u00e9grad\u00e9 de couleurs fourni pour r\u00e9aliser une empreinte.<\/li>\n<li>Un souvenir \u00e0 ch\u00e9rir : Une fois l\u2019empreinte faite, encadrez l\u2019affiche et conservez-la en tant que pr\u00e9cieux souvenir de votre \u00e9v\u00e9nement sp\u00e9cialCe mod\u00e8le sur le th\u00e8me de la montgolfi\u00e8re\u00a0 est po\u00e9tique et doux ! Chaque invit\u00e9 pourra compl\u00e9ter le ballon pour un joli tableau final empli de bienveillance !<\/li>\n<\/ol>\n","protected":false},"featured_media":6707,"comment_status":"open","ping_status":"closed","template":"","meta":{"_uag_custom_page_level_css":"","_monsterinsights_skip_tracking":false,"_monsterinsights_sitenote_active":false,"_monsterinsights_sitenote_note":"","_monsterinsights_sitenote_category":0,"site-sidebar-layout":"default","site-content-layout":"default","ast-site-content-layout":"default","site-content-style":"default","site-sidebar-style":"default","ast-global-header-display":"","ast-banner-title-visibility":"","ast-main-header-display":"","ast-hfb-above-header-display":"","ast-hfb-below-header-display":"","ast-hfb-mobile-header-display":"","site-post-title":"","ast-breadcrumbs-content":"","ast-featured-img":"","footer-sml-layout":"","theme-transparent-header-meta":"default","adv-header-id-meta":"","stick-header-meta":"","header-above-stick-meta":"","header-main-stick-meta":"","header-below-stick-meta":"","astra-migrate-meta-layouts":"set","ast-page-background-enabled":"default","ast-page-background-meta":{"desktop":{"background-color":"","background-image":"","background-repeat":"repeat","background-position":"center center","background-size":"auto","background-attachment":"scroll","background-type":"","background-media":"","overlay-type":"","overlay-color":"","overlay-opacity":"","overlay-gradient":""},"tablet":{"background-color":"","background-image":"","background-repeat":"repeat","background-position":"center center","background-size":"auto","background-attachment":"scroll","background-type":"","background-media":"","overlay-type":"","overlay-color":"","overlay-opacity":"","overlay-gradient":""},"mobile":{"background-color":"","background-image":"","background-repeat":"repeat","background-position":"center center","background-size":"auto","background-attachment":"scroll","background-type":"","background-media":"","overlay-type":"","overlay-color":"","overlay-opacity":"","overlay-gradient":""}},"ast-content-background-meta":{"desktop":{"background-color":"var(--ast-global-color-5)","background-image":"","background-repeat":"repeat","background-position":"center center","background-size":"auto","background-attachment":"scroll","background-type":"","background-media":"","overlay-type":"","overlay-color":"","overlay-opacity":"","overlay-gradient":""},"tablet":{"background-color":"var(--ast-global-color-5)","background-image":"","background-repeat":"repeat","background-position":"center center","background-size":"auto","background-attachment":"scroll","background-type":"","background-media":"","overlay-type":"","overlay-color":"","overlay-opacity":"","overlay-gradient":""},"mobile":{"background-color":"var(--ast-global-color-5)","background-image":"","background-repeat":"repeat","background-position":"center center","background-size":"auto","background-attachment":"scroll","background-type":"","background-media":"","overlay-type":"","overlay-color":"","overlay-opacity":"","overlay-gradient":""}},"_themeisle_gutenberg_block_has_review":false},"product_brand":[],"product_cat":[47],"product_tag":[],"class_list":{"0":"post-6531","1":"product","2":"type-product","3":"status-publish","4":"has-post-thumbnail","6":"product_cat-affiche-a-empreintes","7":"product_shipping_class-produits-volumineux","8":"desktop-align-center","9":"tablet-align-left","10":"mobile-align-left","11":"wcpa_has_options","13":"first","14":"instock","15":"taxable","16":"shipping-taxable","17":"purchasable","18":"product-type-variable"},"yoast_head":"<!-- This site is optimized with the Yoast SEO plugin v27.4 - https:\/\/yoast.com\/product\/yoast-seo-wordpress\/ -->\n<title>Affiche \u00e0 empreintes Montgolfi\u00e8re &quot;Rose&quot; - Les Gribouillis d&#039;Arthur<\/title>\n<meta name=\"description\" content=\"Affiche \u00e0 empreintes Montgolfi\u00e8re rose personnalis\u00e9e pour le bapt\u00eame ou l&#039;anniversaire de votre enfant ! Sur le th\u00e8me des montgolfi\u00e8res aux couleurs volcanique !\u00a0\" \/>\n<meta name=\"robots\" content=\"index, follow, max-snippet:-1, max-image-preview:large, max-video-preview:-1\" \/>\n<link rel=\"canonical\" href=\"https:\/\/lesgribouillisdarthur.fr\/index.php\/produit\/affiche-a-empreintes-montgolfiere-rose\/\" \/>\n<meta property=\"og:locale\" content=\"fr_FR\" \/>\n<meta property=\"og:type\" content=\"article\" \/>\n<meta property=\"og:title\" content=\"Affiche \u00e0 empreintes Montgolfi\u00e8re &quot;Rose&quot; - Les Gribouillis d&#039;Arthur\" \/>\n<meta property=\"og:description\" content=\"Affiche \u00e0 empreintes Montgolfi\u00e8re rose personnalis\u00e9e pour le bapt\u00eame ou l&#039;anniversaire de votre enfant ! Sur le th\u00e8me des montgolfi\u00e8res aux couleurs volcanique !\u00a0\" \/>\n<meta property=\"og:url\" content=\"https:\/\/lesgribouillisdarthur.fr\/index.php\/produit\/affiche-a-empreintes-montgolfiere-rose\/\" \/>\n<meta property=\"og:site_name\" content=\"Les Gribouillis d&#039;Arthur\" \/>\n<meta property=\"article:publisher\" content=\"https:\/\/www.facebook.com\/lesgribouillisdarthur\" \/>\n<meta property=\"article:modified_time\" content=\"2023-10-11T07:29:11+00:00\" \/>\n<meta property=\"og:image\" content=\"https:\/\/lesgribouillisdarthur.fr\/wp-content\/uploads\/2023\/03\/Anna.jpg\" \/>\n\t<meta property=\"og:image:width\" content=\"1000\" \/>\n\t<meta property=\"og:image:height\" content=\"1000\" \/>\n\t<meta property=\"og:image:type\" content=\"image\/jpeg\" \/>\n<meta name=\"twitter:card\" content=\"summary_large_image\" \/>\n<meta name=\"twitter:label1\" content=\"Dur\u00e9e de lecture estim\u00e9e\" \/>\n\t<meta name=\"twitter:data1\" content=\"2 minutes\" \/>\n<script type=\"application\/ld+json\" class=\"yoast-schema-graph\">{\"@context\":\"https:\\\/\\\/schema.org\",\"@graph\":[{\"@type\":\"WebPage\",\"@id\":\"https:\\\/\\\/lesgribouillisdarthur.fr\\\/index.php\\\/produit\\\/affiche-a-empreintes-montgolfiere-rose\\\/\",\"url\":\"https:\\\/\\\/lesgribouillisdarthur.fr\\\/index.php\\\/produit\\\/affiche-a-empreintes-montgolfiere-rose\\\/\",\"name\":\"Affiche \u00e0 empreintes Montgolfi\u00e8re \\\"Rose\\\" - Les Gribouillis d&#039;Arthur\",\"isPartOf\":{\"@id\":\"https:\\\/\\\/lesgribouillisdarthur.fr\\\/#website\"},\"primaryImageOfPage\":{\"@id\":\"https:\\\/\\\/lesgribouillisdarthur.fr\\\/index.php\\\/produit\\\/affiche-a-empreintes-montgolfiere-rose\\\/#primaryimage\"},\"image\":{\"@id\":\"https:\\\/\\\/lesgribouillisdarthur.fr\\\/index.php\\\/produit\\\/affiche-a-empreintes-montgolfiere-rose\\\/#primaryimage\"},\"thumbnailUrl\":\"https:\\\/\\\/lesgribouillisdarthur.fr\\\/wp-content\\\/uploads\\\/2023\\\/03\\\/Anna.jpg\",\"datePublished\":\"2023-03-20T09:02:05+00:00\",\"dateModified\":\"2023-10-11T07:29:11+00:00\",\"description\":\"Affiche \u00e0 empreintes Montgolfi\u00e8re rose personnalis\u00e9e pour le bapt\u00eame ou l'anniversaire de votre enfant ! Sur le th\u00e8me des montgolfi\u00e8res aux couleurs volcanique !\u00a0\",\"breadcrumb\":{\"@id\":\"https:\\\/\\\/lesgribouillisdarthur.fr\\\/index.php\\\/produit\\\/affiche-a-empreintes-montgolfiere-rose\\\/#breadcrumb\"},\"inLanguage\":\"fr-FR\",\"potentialAction\":[{\"@type\":\"ReadAction\",\"target\":[\"https:\\\/\\\/lesgribouillisdarthur.fr\\\/index.php\\\/produit\\\/affiche-a-empreintes-montgolfiere-rose\\\/\"]}]},{\"@type\":\"ImageObject\",\"inLanguage\":\"fr-FR\",\"@id\":\"https:\\\/\\\/lesgribouillisdarthur.fr\\\/index.php\\\/produit\\\/affiche-a-empreintes-montgolfiere-rose\\\/#primaryimage\",\"url\":\"https:\\\/\\\/lesgribouillisdarthur.fr\\\/wp-content\\\/uploads\\\/2023\\\/03\\\/Anna.jpg\",\"contentUrl\":\"https:\\\/\\\/lesgribouillisdarthur.fr\\\/wp-content\\\/uploads\\\/2023\\\/03\\\/Anna.jpg\",\"width\":1000,\"height\":1000,\"caption\":\"Affiche \u00e0 empreintes Montgolfi\u00e8re rose personnalis\u00e9e pour le bapt\u00eame ou l'anniversaire de votre enfant ! Sur le th\u00e8me des montgolfi\u00e8res aux couleurs volcanique !\u00a0\"},{\"@type\":\"BreadcrumbList\",\"@id\":\"https:\\\/\\\/lesgribouillisdarthur.fr\\\/index.php\\\/produit\\\/affiche-a-empreintes-montgolfiere-rose\\\/#breadcrumb\",\"itemListElement\":[{\"@type\":\"ListItem\",\"position\":1,\"name\":\"Accueil\",\"item\":\"https:\\\/\\\/lesgribouillisdarthur.fr\\\/\"},{\"@type\":\"ListItem\",\"position\":2,\"name\":\"La boutique\",\"item\":\"https:\\\/\\\/lesgribouillisdarthur.fr\\\/?page_id=6553\"},{\"@type\":\"ListItem\",\"position\":3,\"name\":\"Affiche \u00e0 empreintes Montgolfi\u00e8re &#8220;Rose&#8221;\"}]},{\"@type\":\"WebSite\",\"@id\":\"https:\\\/\\\/lesgribouillisdarthur.fr\\\/#website\",\"url\":\"https:\\\/\\\/lesgribouillisdarthur.fr\\\/\",\"name\":\"Les Gribouillis d&#039;Arthur\",\"description\":\"Les Gribouillis d&#039;Arthur, cadeaux personnalis\u00e9s pour toute la famille\",\"publisher\":{\"@id\":\"https:\\\/\\\/lesgribouillisdarthur.fr\\\/#organization\"},\"potentialAction\":[{\"@type\":\"SearchAction\",\"target\":{\"@type\":\"EntryPoint\",\"urlTemplate\":\"https:\\\/\\\/lesgribouillisdarthur.fr\\\/?s={search_term_string}\"},\"query-input\":{\"@type\":\"PropertyValueSpecification\",\"valueRequired\":true,\"valueName\":\"search_term_string\"}}],\"inLanguage\":\"fr-FR\"},{\"@type\":\"Organization\",\"@id\":\"https:\\\/\\\/lesgribouillisdarthur.fr\\\/#organization\",\"name\":\"Les Gribouillis d&#039;Arthur\",\"url\":\"https:\\\/\\\/lesgribouillisdarthur.fr\\\/\",\"logo\":{\"@type\":\"ImageObject\",\"inLanguage\":\"fr-FR\",\"@id\":\"https:\\\/\\\/lesgribouillisdarthur.fr\\\/#\\\/schema\\\/logo\\\/image\\\/\",\"url\":\"https:\\\/\\\/lesgribouillisdarthur.fr\\\/wp-content\\\/uploads\\\/2022\\\/10\\\/cropped-cropped-cropped-cropped-cropped-cropped-logo-bleu-1.png\",\"contentUrl\":\"https:\\\/\\\/lesgribouillisdarthur.fr\\\/wp-content\\\/uploads\\\/2022\\\/10\\\/cropped-cropped-cropped-cropped-cropped-cropped-logo-bleu-1.png\",\"width\":254,\"height\":53,\"caption\":\"Les Gribouillis d&#039;Arthur\"},\"image\":{\"@id\":\"https:\\\/\\\/lesgribouillisdarthur.fr\\\/#\\\/schema\\\/logo\\\/image\\\/\"},\"sameAs\":[\"https:\\\/\\\/www.facebook.com\\\/lesgribouillisdarthur\",\"https:\\\/\\\/www.instagram.com\\\/lesgribouillisdarthur\\\/?hl=fr\"]}]}<\/script>\n<!-- \/ Yoast SEO plugin. -->","yoast_head_json":{"title":"Affiche \u00e0 empreintes Montgolfi\u00e8re \"Rose\" - Les Gribouillis d&#039;Arthur","description":"Affiche \u00e0 empreintes Montgolfi\u00e8re rose personnalis\u00e9e pour le bapt\u00eame ou l'anniversaire de votre enfant ! Sur le th\u00e8me des montgolfi\u00e8res aux couleurs volcanique !\u00a0","robots":{"index":"index","follow":"follow","max-snippet":"max-snippet:-1","max-image-preview":"max-image-preview:large","max-video-preview":"max-video-preview:-1"},"canonical":"https:\/\/lesgribouillisdarthur.fr\/index.php\/produit\/affiche-a-empreintes-montgolfiere-rose\/","og_locale":"fr_FR","og_type":"article","og_title":"Affiche \u00e0 empreintes Montgolfi\u00e8re \"Rose\" - Les Gribouillis d&#039;Arthur","og_description":"Affiche \u00e0 empreintes Montgolfi\u00e8re rose personnalis\u00e9e pour le bapt\u00eame ou l'anniversaire de votre enfant ! Sur le th\u00e8me des montgolfi\u00e8res aux couleurs volcanique !\u00a0","og_url":"https:\/\/lesgribouillisdarthur.fr\/index.php\/produit\/affiche-a-empreintes-montgolfiere-rose\/","og_site_name":"Les Gribouillis d&#039;Arthur","article_publisher":"https:\/\/www.facebook.com\/lesgribouillisdarthur","article_modified_time":"2023-10-11T07:29:11+00:00","og_image":[{"width":1000,"height":1000,"url":"https:\/\/lesgribouillisdarthur.fr\/wp-content\/uploads\/2023\/03\/Anna.jpg","type":"image\/jpeg"}],"twitter_card":"summary_large_image","twitter_misc":{"Dur\u00e9e de lecture estim\u00e9e":"2 minutes"},"schema":{"@context":"https:\/\/schema.org","@graph":[{"@type":"WebPage","@id":"https:\/\/lesgribouillisdarthur.fr\/index.php\/produit\/affiche-a-empreintes-montgolfiere-rose\/","url":"https:\/\/lesgribouillisdarthur.fr\/index.php\/produit\/affiche-a-empreintes-montgolfiere-rose\/","name":"Affiche \u00e0 empreintes Montgolfi\u00e8re \"Rose\" - Les Gribouillis d&#039;Arthur","isPartOf":{"@id":"https:\/\/lesgribouillisdarthur.fr\/#website"},"primaryImageOfPage":{"@id":"https:\/\/lesgribouillisdarthur.fr\/index.php\/produit\/affiche-a-empreintes-montgolfiere-rose\/#primaryimage"},"image":{"@id":"https:\/\/lesgribouillisdarthur.fr\/index.php\/produit\/affiche-a-empreintes-montgolfiere-rose\/#primaryimage"},"thumbnailUrl":"https:\/\/lesgribouillisdarthur.fr\/wp-content\/uploads\/2023\/03\/Anna.jpg","datePublished":"2023-03-20T09:02:05+00:00","dateModified":"2023-10-11T07:29:11+00:00","description":"Affiche \u00e0 empreintes Montgolfi\u00e8re rose personnalis\u00e9e pour le bapt\u00eame ou l'anniversaire de votre enfant ! Sur le th\u00e8me des montgolfi\u00e8res aux couleurs volcanique !\u00a0","breadcrumb":{"@id":"https:\/\/lesgribouillisdarthur.fr\/index.php\/produit\/affiche-a-empreintes-montgolfiere-rose\/#breadcrumb"},"inLanguage":"fr-FR","potentialAction":[{"@type":"ReadAction","target":["https:\/\/lesgribouillisdarthur.fr\/index.php\/produit\/affiche-a-empreintes-montgolfiere-rose\/"]}]},{"@type":"ImageObject","inLanguage":"fr-FR","@id":"https:\/\/lesgribouillisdarthur.fr\/index.php\/produit\/affiche-a-empreintes-montgolfiere-rose\/#primaryimage","url":"https:\/\/lesgribouillisdarthur.fr\/wp-content\/uploads\/2023\/03\/Anna.jpg","contentUrl":"https:\/\/lesgribouillisdarthur.fr\/wp-content\/uploads\/2023\/03\/Anna.jpg","width":1000,"height":1000,"caption":"Affiche \u00e0 empreintes Montgolfi\u00e8re rose personnalis\u00e9e pour le bapt\u00eame ou l'anniversaire de votre enfant ! Sur le th\u00e8me des montgolfi\u00e8res aux couleurs volcanique !\u00a0"},{"@type":"BreadcrumbList","@id":"https:\/\/lesgribouillisdarthur.fr\/index.php\/produit\/affiche-a-empreintes-montgolfiere-rose\/#breadcrumb","itemListElement":[{"@type":"ListItem","position":1,"name":"Accueil","item":"https:\/\/lesgribouillisdarthur.fr\/"},{"@type":"ListItem","position":2,"name":"La boutique","item":"https:\/\/lesgribouillisdarthur.fr\/?page_id=6553"},{"@type":"ListItem","position":3,"name":"Affiche \u00e0 empreintes Montgolfi\u00e8re &#8220;Rose&#8221;"}]},{"@type":"WebSite","@id":"https:\/\/lesgribouillisdarthur.fr\/#website","url":"https:\/\/lesgribouillisdarthur.fr\/","name":"Les Gribouillis d&#039;Arthur","description":"Les Gribouillis d&#039;Arthur, cadeaux personnalis\u00e9s pour toute la famille","publisher":{"@id":"https:\/\/lesgribouillisdarthur.fr\/#organization"},"potentialAction":[{"@type":"SearchAction","target":{"@type":"EntryPoint","urlTemplate":"https:\/\/lesgribouillisdarthur.fr\/?s={search_term_string}"},"query-input":{"@type":"PropertyValueSpecification","valueRequired":true,"valueName":"search_term_string"}}],"inLanguage":"fr-FR"},{"@type":"Organization","@id":"https:\/\/lesgribouillisdarthur.fr\/#organization","name":"Les Gribouillis d&#039;Arthur","url":"https:\/\/lesgribouillisdarthur.fr\/","logo":{"@type":"ImageObject","inLanguage":"fr-FR","@id":"https:\/\/lesgribouillisdarthur.fr\/#\/schema\/logo\/image\/","url":"https:\/\/lesgribouillisdarthur.fr\/wp-content\/uploads\/2022\/10\/cropped-cropped-cropped-cropped-cropped-cropped-logo-bleu-1.png","contentUrl":"https:\/\/lesgribouillisdarthur.fr\/wp-content\/uploads\/2022\/10\/cropped-cropped-cropped-cropped-cropped-cropped-logo-bleu-1.png","width":254,"height":53,"caption":"Les Gribouillis d&#039;Arthur"},"image":{"@id":"https:\/\/lesgribouillisdarthur.fr\/#\/schema\/logo\/image\/"},"sameAs":["https:\/\/www.facebook.com\/lesgribouillisdarthur","https:\/\/www.instagram.com\/lesgribouillisdarthur\/?hl=fr"]}]}},"uagb_featured_image_src":{"full":["https:\/\/lesgribouillisdarthur.fr\/wp-content\/uploads\/2023\/03\/Anna.jpg",1000,1000,false],"thumbnail":["https:\/\/lesgribouillisdarthur.fr\/wp-content\/uploads\/2023\/03\/Anna-150x150.jpg",150,150,true],"medium":["https:\/\/lesgribouillisdarthur.fr\/wp-content\/uploads\/2023\/03\/Anna-300x300.jpg",300,300,true],"medium_large":["https:\/\/lesgribouillisdarthur.fr\/wp-content\/uploads\/2023\/03\/Anna-768x768.jpg",768,768,true],"large":["https:\/\/lesgribouillisdarthur.fr\/wp-content\/uploads\/2023\/03\/Anna.jpg",300,300,false],"1536x1536":["https:\/\/lesgribouillisdarthur.fr\/wp-content\/uploads\/2023\/03\/Anna.jpg",1000,1000,false],"2048x2048":["https:\/\/lesgribouillisdarthur.fr\/wp-content\/uploads\/2023\/03\/Anna.jpg",1000,1000,false],"woocommerce_thumbnail":["https:\/\/lesgribouillisdarthur.fr\/wp-content\/uploads\/2023\/03\/Anna.jpg",1000,1000,false],"woocommerce_single":["https:\/\/lesgribouillisdarthur.fr\/wp-content\/uploads\/2023\/03\/Anna.jpg",1000,1000,false],"woocommerce_gallery_thumbnail":["https:\/\/lesgribouillisdarthur.fr\/wp-content\/uploads\/2023\/03\/Anna-100x100.jpg",100,100,true]},"uagb_author_info":{"display_name":"admin7680","author_link":"https:\/\/lesgribouillisdarthur.fr\/index.php\/author\/"},"uagb_comment_info":0,"uagb_excerpt":"Affiche \u00e0 empreintes attrape-r\u00eave L\u2019affiche \u00e0 empreinte personnalis\u00e9e est un joli concept imaginatif pour animer la journ\u00e9e de bapt\u00eame. Elle fait participer tous les invit\u00e9s : du bout du doigt, ils apposent un t\u00e9moignage affectueux pour compl\u00e9ter le d\u00e9cor de l\u2019affiche. Cr\u00e9ation po\u00e9tique et charg\u00e9e de sens, l\u2019affiche \u00e0 empreinte est une d\u00e9coration parfaite pour\u2026","_links":{"self":[{"href":"https:\/\/lesgribouillisdarthur.fr\/index.php\/wp-json\/wp\/v2\/product\/6531","targetHints":{"allow":["GET"]}}],"collection":[{"href":"https:\/\/lesgribouillisdarthur.fr\/index.php\/wp-json\/wp\/v2\/product"}],"about":[{"href":"https:\/\/lesgribouillisdarthur.fr\/index.php\/wp-json\/wp\/v2\/types\/product"}],"replies":[{"embeddable":true,"href":"https:\/\/lesgribouillisdarthur.fr\/index.php\/wp-json\/wp\/v2\/comments?post=6531"}],"wp:featuredmedia":[{"embeddable":true,"href":"https:\/\/lesgribouillisdarthur.fr\/index.php\/wp-json\/wp\/v2\/media\/6707"}],"wp:attachment":[{"href":"https:\/\/lesgribouillisdarthur.fr\/index.php\/wp-json\/wp\/v2\/media?parent=6531"}],"wp:term":[{"taxonomy":"product_brand","embeddable":true,"href":"https:\/\/lesgribouillisdarthur.fr\/index.php\/wp-json\/wp\/v2\/product_brand?post=6531"},{"taxonomy":"product_cat","embeddable":true,"href":"https:\/\/lesgribouillisdarthur.fr\/index.php\/wp-json\/wp\/v2\/product_cat?post=6531"},{"taxonomy":"product_tag","embeddable":true,"href":"https:\/\/lesgribouillisdarthur.fr\/index.php\/wp-json\/wp\/v2\/product_tag?post=6531"}],"curies":[{"name":"wp","href":"https:\/\/api.w.org\/{rel}","templated":true}]}}