{"id":6744,"date":"2023-03-24T10:06:01","date_gmt":"2023-03-24T09:06:01","guid":{"rendered":"https:\/\/lesgribouillisdarthur.fr\/?post_type=product&#038;p=6744"},"modified":"2023-03-30T16:55:45","modified_gmt":"2023-03-30T14:55:45","slug":"carte-a-planter-bienvenue-bebe","status":"publish","type":"product","link":"https:\/\/lesgribouillisdarthur.fr\/index.php\/produit\/carte-a-planter-bienvenue-bebe\/","title":{"rendered":"Carte \u00e0 planter &lsquo;Bienvenue B\u00e9b\u00e9&rsquo;"},"content":{"rendered":"<p>Carte \u00e0 planter, bienvenue b\u00e9b\u00e9 !<\/p>\n<p>Voici une id\u00e9e originale, \u00e9cologique et qui laissera un beau souvenir de cette naissance !<\/p>\n<p>Imprim\u00e9e sur un papier ensemenc\u00e9 de graines, il suffira de la planter dans un peut de terre et de l\u2019arroser r\u00e9guli\u00e8rement pour voir pousser dans les semaines qui suivent de belles fleurs.<\/p>\n<p><strong>&gt; Cette Carte :<\/strong><\/p>\n<ul>\n<li>Format A6, Format DOUBEL carte postale (10&#215;15 cm)<\/li>\n<li>\u00a0Imprim\u00e9es dans mon atelier en Haute-Loire sur du papier<\/li>\n<\/ul>\n<p><strong>&gt; Avec cette Carte :<\/strong><\/p>\n<ul>\n<li>\u00a0Une notice<\/li>\n<li>\u00a0Une enveloppe en papier 100% recycl\u00e9<\/li>\n<li>\u00a0Le tout dans une pochette transparente recyclable<\/li>\n<\/ul>\n<p>Les d\u00e9lais d&rsquo;acheminement sont donn\u00e9s \u00e0 titre indicatif. Attention aucune r\u00e9clamations ne sera accept\u00e9 en cas de perte par la poste sur une commande.<br \/>\nJe ne peux pas garantir les d\u00e9lais et ma responsabilit\u00e9 ne peut pas \u00eatre engag\u00e9e en cas de retard ou de perte de votre commande.<\/p>\n<p>Pour plus d\u2019id\u00e9es <a href=\"https:\/\/lesgribouillisdarthur.fr\/index.php\/categorie-produit\/cartes\/carte-a-gratter\/\" target=\"_blank\" rel=\"noopener\">cliquez ici.\u00a0<\/a><\/p>\n<p>Je suis \u00e9galement sur les r\u00e9seaux alors suivez moi :<br \/>\n\u2022 Facebook :\u00a0<a href=\"https:\/\/www.facebook.com\/lesgribouillisdarthur\" target=\"_blank\" rel=\"noopener\">@LesgribouillisdArthur<\/a><br \/>\n\u2022 Instagram :\u00a0<a href=\"https:\/\/instagram.com\/lesgribouillisdarthur?igshid=YmMyMTA2M2Y\" target=\"_blank\" rel=\"noopener\">@LesGribouillisd\u2019Arthur<\/a><\/p>\n<p>\u00a9 Les gribouillis d\u2019Arthur \u2013 Tous droits de reproduction interdits.<\/p>\n","protected":false},"excerpt":{"rendered":"<p>Une carte \u00e0 planter personnalis\u00e9e ces deux cadeaux feront leurs effets.<\/p>\n<p>La carte<br \/>\nLe format : 10&#215;15 cm double<br \/>\nGraines de fleurs des champs<\/p>\n<p>Je suis \u00e9galement sur les r\u00e9seaux alors suivez moi :<br \/>\n\u2022 Facebook : @LesgribouillisdArthur<\/p>\n<p>\u2022 Instagram : @LesGribouillisd\u2019Arthur<\/p>\n<p>\u00a9 Les gribouillis d\u2019Arthur \u2013 Tous droits de reproduction interdits.<\/p>\n","protected":false},"featured_media":6745,"comment_status":"open","ping_status":"closed","template":"","meta":{"_uag_custom_page_level_css":"","_monsterinsights_skip_tracking":false,"_monsterinsights_sitenote_active":false,"_monsterinsights_sitenote_note":"","_monsterinsights_sitenote_category":0,"site-sidebar-layout":"default","site-content-layout":"default","ast-site-content-layout":"","site-content-style":"default","site-sidebar-style":"default","ast-global-header-display":"","ast-banner-title-visibility":"","ast-main-header-display":"","ast-hfb-above-header-display":"","ast-hfb-below-header-display":"","ast-hfb-mobile-header-display":"","site-post-title":"","ast-breadcrumbs-content":"","ast-featured-img":"","footer-sml-layout":"","theme-transparent-header-meta":"default","adv-header-id-meta":"","stick-header-meta":"","header-above-stick-meta":"","header-main-stick-meta":"","header-below-stick-meta":"","astra-migrate-meta-layouts":"default","ast-page-background-enabled":"default","ast-page-background-meta":{"desktop":{"background-color":"","background-image":"","background-repeat":"repeat","background-position":"center center","background-size":"auto","background-attachment":"scroll","background-type":"","background-media":"","overlay-type":"","overlay-color":"","overlay-opacity":"","overlay-gradient":""},"tablet":{"background-color":"","background-image":"","background-repeat":"repeat","background-position":"center center","background-size":"auto","background-attachment":"scroll","background-type":"","background-media":"","overlay-type":"","overlay-color":"","overlay-opacity":"","overlay-gradient":""},"mobile":{"background-color":"","background-image":"","background-repeat":"repeat","background-position":"center center","background-size":"auto","background-attachment":"scroll","background-type":"","background-media":"","overlay-type":"","overlay-color":"","overlay-opacity":"","overlay-gradient":""}},"ast-content-background-meta":{"desktop":{"background-color":"var(--ast-global-color-5)","background-image":"","background-repeat":"repeat","background-position":"center center","background-size":"auto","background-attachment":"scroll","background-type":"","background-media":"","overlay-type":"","overlay-color":"","overlay-opacity":"","overlay-gradient":""},"tablet":{"background-color":"var(--ast-global-color-5)","background-image":"","background-repeat":"repeat","background-position":"center center","background-size":"auto","background-attachment":"scroll","background-type":"","background-media":"","overlay-type":"","overlay-color":"","overlay-opacity":"","overlay-gradient":""},"mobile":{"background-color":"var(--ast-global-color-5)","background-image":"","background-repeat":"repeat","background-position":"center center","background-size":"auto","background-attachment":"scroll","background-type":"","background-media":"","overlay-type":"","overlay-color":"","overlay-opacity":"","overlay-gradient":""}},"_themeisle_gutenberg_block_has_review":false},"product_brand":[],"product_cat":[117,55],"product_tag":[],"class_list":{"0":"post-6744","1":"product","2":"type-product","3":"status-publish","4":"has-post-thumbnail","6":"product_cat-carte-a-planter-naissance","7":"product_cat-naissance","8":"desktop-align-center","9":"tablet-align-left","10":"mobile-align-left","12":"first","13":"instock","14":"taxable","15":"shipping-taxable","16":"purchasable","17":"product-type-simple"},"yoast_head":"<!-- This site is optimized with the Yoast SEO plugin v27.4 - https:\/\/yoast.com\/product\/yoast-seo-wordpress\/ -->\n<title>Carte \u00e0 planter &#039;Bienvenue B\u00e9b\u00e9&#039; - Les Gribouillis d&#039;Arthur<\/title>\n<meta name=\"description\" content=\"Carte \u00e0 planter, bienvenue b\u00e9b\u00e9 ! Imprim\u00e9e sur un papier ensemenc\u00e9 de graines, il suffira de la planter dans un peut de terre et de l\u2019arroser r\u00e9guli\u00e8rement pour voir pousser dans les semaines qui suivent de belles fleurs.\" \/>\n<meta name=\"robots\" content=\"index, follow, max-snippet:-1, max-image-preview:large, max-video-preview:-1\" \/>\n<link rel=\"canonical\" href=\"https:\/\/lesgribouillisdarthur.fr\/index.php\/produit\/carte-a-planter-bienvenue-bebe\/\" \/>\n<meta property=\"og:locale\" content=\"fr_FR\" \/>\n<meta property=\"og:type\" content=\"article\" \/>\n<meta property=\"og:title\" content=\"Carte \u00e0 planter &#039;Bienvenue B\u00e9b\u00e9&#039; - Les Gribouillis d&#039;Arthur\" \/>\n<meta property=\"og:description\" content=\"Carte \u00e0 planter, bienvenue b\u00e9b\u00e9 ! Imprim\u00e9e sur un papier ensemenc\u00e9 de graines, il suffira de la planter dans un peut de terre et de l\u2019arroser r\u00e9guli\u00e8rement pour voir pousser dans les semaines qui suivent de belles fleurs.\" \/>\n<meta property=\"og:url\" content=\"https:\/\/lesgribouillisdarthur.fr\/index.php\/produit\/carte-a-planter-bienvenue-bebe\/\" \/>\n<meta property=\"og:site_name\" content=\"Les Gribouillis d&#039;Arthur\" \/>\n<meta property=\"article:publisher\" content=\"https:\/\/www.facebook.com\/lesgribouillisdarthur\" \/>\n<meta property=\"article:modified_time\" content=\"2023-03-30T14:55:45+00:00\" \/>\n<meta property=\"og:image\" content=\"https:\/\/lesgribouillisdarthur.fr\/wp-content\/uploads\/2023\/03\/telecharger-4.png\" \/>\n\t<meta property=\"og:image:width\" content=\"540\" \/>\n\t<meta property=\"og:image:height\" content=\"540\" \/>\n\t<meta property=\"og:image:type\" content=\"image\/png\" \/>\n<meta name=\"twitter:card\" content=\"summary_large_image\" \/>\n<meta name=\"twitter:label1\" content=\"Dur\u00e9e de lecture estim\u00e9e\" \/>\n\t<meta name=\"twitter:data1\" content=\"1 minute\" \/>\n<script type=\"application\/ld+json\" class=\"yoast-schema-graph\">{\"@context\":\"https:\\\/\\\/schema.org\",\"@graph\":[{\"@type\":\"WebPage\",\"@id\":\"https:\\\/\\\/lesgribouillisdarthur.fr\\\/index.php\\\/produit\\\/carte-a-planter-bienvenue-bebe\\\/\",\"url\":\"https:\\\/\\\/lesgribouillisdarthur.fr\\\/index.php\\\/produit\\\/carte-a-planter-bienvenue-bebe\\\/\",\"name\":\"Carte \u00e0 planter 'Bienvenue B\u00e9b\u00e9' - Les Gribouillis d&#039;Arthur\",\"isPartOf\":{\"@id\":\"https:\\\/\\\/lesgribouillisdarthur.fr\\\/#website\"},\"primaryImageOfPage\":{\"@id\":\"https:\\\/\\\/lesgribouillisdarthur.fr\\\/index.php\\\/produit\\\/carte-a-planter-bienvenue-bebe\\\/#primaryimage\"},\"image\":{\"@id\":\"https:\\\/\\\/lesgribouillisdarthur.fr\\\/index.php\\\/produit\\\/carte-a-planter-bienvenue-bebe\\\/#primaryimage\"},\"thumbnailUrl\":\"https:\\\/\\\/lesgribouillisdarthur.fr\\\/wp-content\\\/uploads\\\/2023\\\/03\\\/telecharger-4.png\",\"datePublished\":\"2023-03-24T09:06:01+00:00\",\"dateModified\":\"2023-03-30T14:55:45+00:00\",\"description\":\"Carte \u00e0 planter, bienvenue b\u00e9b\u00e9 ! Imprim\u00e9e sur un papier ensemenc\u00e9 de graines, il suffira de la planter dans un peut de terre et de l\u2019arroser r\u00e9guli\u00e8rement pour voir pousser dans les semaines qui suivent de belles fleurs.\",\"breadcrumb\":{\"@id\":\"https:\\\/\\\/lesgribouillisdarthur.fr\\\/index.php\\\/produit\\\/carte-a-planter-bienvenue-bebe\\\/#breadcrumb\"},\"inLanguage\":\"fr-FR\",\"potentialAction\":[{\"@type\":\"ReadAction\",\"target\":[\"https:\\\/\\\/lesgribouillisdarthur.fr\\\/index.php\\\/produit\\\/carte-a-planter-bienvenue-bebe\\\/\"]}]},{\"@type\":\"ImageObject\",\"inLanguage\":\"fr-FR\",\"@id\":\"https:\\\/\\\/lesgribouillisdarthur.fr\\\/index.php\\\/produit\\\/carte-a-planter-bienvenue-bebe\\\/#primaryimage\",\"url\":\"https:\\\/\\\/lesgribouillisdarthur.fr\\\/wp-content\\\/uploads\\\/2023\\\/03\\\/telecharger-4.png\",\"contentUrl\":\"https:\\\/\\\/lesgribouillisdarthur.fr\\\/wp-content\\\/uploads\\\/2023\\\/03\\\/telecharger-4.png\",\"width\":540,\"height\":540,\"caption\":\"Carte \u00e0 planter, bienvenue b\u00e9b\u00e9 ! Imprim\u00e9e sur un papier ensemenc\u00e9 de graines, il suffira de la planter dans un peut de terre et de l\u2019arroser r\u00e9guli\u00e8rement pour voir pousser dans les semaines qui suivent de belles fleurs.\"},{\"@type\":\"BreadcrumbList\",\"@id\":\"https:\\\/\\\/lesgribouillisdarthur.fr\\\/index.php\\\/produit\\\/carte-a-planter-bienvenue-bebe\\\/#breadcrumb\",\"itemListElement\":[{\"@type\":\"ListItem\",\"position\":1,\"name\":\"Accueil\",\"item\":\"https:\\\/\\\/lesgribouillisdarthur.fr\\\/\"},{\"@type\":\"ListItem\",\"position\":2,\"name\":\"La boutique\",\"item\":\"https:\\\/\\\/lesgribouillisdarthur.fr\\\/?page_id=6553\"},{\"@type\":\"ListItem\",\"position\":3,\"name\":\"Carte \u00e0 planter &#8216;Bienvenue B\u00e9b\u00e9&#8217;\"}]},{\"@type\":\"WebSite\",\"@id\":\"https:\\\/\\\/lesgribouillisdarthur.fr\\\/#website\",\"url\":\"https:\\\/\\\/lesgribouillisdarthur.fr\\\/\",\"name\":\"Les Gribouillis d&#039;Arthur\",\"description\":\"Les Gribouillis d&#039;Arthur, cadeaux personnalis\u00e9s pour toute la famille\",\"publisher\":{\"@id\":\"https:\\\/\\\/lesgribouillisdarthur.fr\\\/#organization\"},\"potentialAction\":[{\"@type\":\"SearchAction\",\"target\":{\"@type\":\"EntryPoint\",\"urlTemplate\":\"https:\\\/\\\/lesgribouillisdarthur.fr\\\/?s={search_term_string}\"},\"query-input\":{\"@type\":\"PropertyValueSpecification\",\"valueRequired\":true,\"valueName\":\"search_term_string\"}}],\"inLanguage\":\"fr-FR\"},{\"@type\":\"Organization\",\"@id\":\"https:\\\/\\\/lesgribouillisdarthur.fr\\\/#organization\",\"name\":\"Les Gribouillis d&#039;Arthur\",\"url\":\"https:\\\/\\\/lesgribouillisdarthur.fr\\\/\",\"logo\":{\"@type\":\"ImageObject\",\"inLanguage\":\"fr-FR\",\"@id\":\"https:\\\/\\\/lesgribouillisdarthur.fr\\\/#\\\/schema\\\/logo\\\/image\\\/\",\"url\":\"https:\\\/\\\/lesgribouillisdarthur.fr\\\/wp-content\\\/uploads\\\/2022\\\/10\\\/cropped-cropped-cropped-cropped-cropped-cropped-logo-bleu-1.png\",\"contentUrl\":\"https:\\\/\\\/lesgribouillisdarthur.fr\\\/wp-content\\\/uploads\\\/2022\\\/10\\\/cropped-cropped-cropped-cropped-cropped-cropped-logo-bleu-1.png\",\"width\":254,\"height\":53,\"caption\":\"Les Gribouillis d&#039;Arthur\"},\"image\":{\"@id\":\"https:\\\/\\\/lesgribouillisdarthur.fr\\\/#\\\/schema\\\/logo\\\/image\\\/\"},\"sameAs\":[\"https:\\\/\\\/www.facebook.com\\\/lesgribouillisdarthur\",\"https:\\\/\\\/www.instagram.com\\\/lesgribouillisdarthur\\\/?hl=fr\"]}]}<\/script>\n<!-- \/ Yoast SEO plugin. -->","yoast_head_json":{"title":"Carte \u00e0 planter 'Bienvenue B\u00e9b\u00e9' - Les Gribouillis d&#039;Arthur","description":"Carte \u00e0 planter, bienvenue b\u00e9b\u00e9 ! Imprim\u00e9e sur un papier ensemenc\u00e9 de graines, il suffira de la planter dans un peut de terre et de l\u2019arroser r\u00e9guli\u00e8rement pour voir pousser dans les semaines qui suivent de belles fleurs.","robots":{"index":"index","follow":"follow","max-snippet":"max-snippet:-1","max-image-preview":"max-image-preview:large","max-video-preview":"max-video-preview:-1"},"canonical":"https:\/\/lesgribouillisdarthur.fr\/index.php\/produit\/carte-a-planter-bienvenue-bebe\/","og_locale":"fr_FR","og_type":"article","og_title":"Carte \u00e0 planter 'Bienvenue B\u00e9b\u00e9' - Les Gribouillis d&#039;Arthur","og_description":"Carte \u00e0 planter, bienvenue b\u00e9b\u00e9 ! Imprim\u00e9e sur un papier ensemenc\u00e9 de graines, il suffira de la planter dans un peut de terre et de l\u2019arroser r\u00e9guli\u00e8rement pour voir pousser dans les semaines qui suivent de belles fleurs.","og_url":"https:\/\/lesgribouillisdarthur.fr\/index.php\/produit\/carte-a-planter-bienvenue-bebe\/","og_site_name":"Les Gribouillis d&#039;Arthur","article_publisher":"https:\/\/www.facebook.com\/lesgribouillisdarthur","article_modified_time":"2023-03-30T14:55:45+00:00","og_image":[{"width":540,"height":540,"url":"https:\/\/lesgribouillisdarthur.fr\/wp-content\/uploads\/2023\/03\/telecharger-4.png","type":"image\/png"}],"twitter_card":"summary_large_image","twitter_misc":{"Dur\u00e9e de lecture estim\u00e9e":"1 minute"},"schema":{"@context":"https:\/\/schema.org","@graph":[{"@type":"WebPage","@id":"https:\/\/lesgribouillisdarthur.fr\/index.php\/produit\/carte-a-planter-bienvenue-bebe\/","url":"https:\/\/lesgribouillisdarthur.fr\/index.php\/produit\/carte-a-planter-bienvenue-bebe\/","name":"Carte \u00e0 planter 'Bienvenue B\u00e9b\u00e9' - Les Gribouillis d&#039;Arthur","isPartOf":{"@id":"https:\/\/lesgribouillisdarthur.fr\/#website"},"primaryImageOfPage":{"@id":"https:\/\/lesgribouillisdarthur.fr\/index.php\/produit\/carte-a-planter-bienvenue-bebe\/#primaryimage"},"image":{"@id":"https:\/\/lesgribouillisdarthur.fr\/index.php\/produit\/carte-a-planter-bienvenue-bebe\/#primaryimage"},"thumbnailUrl":"https:\/\/lesgribouillisdarthur.fr\/wp-content\/uploads\/2023\/03\/telecharger-4.png","datePublished":"2023-03-24T09:06:01+00:00","dateModified":"2023-03-30T14:55:45+00:00","description":"Carte \u00e0 planter, bienvenue b\u00e9b\u00e9 ! Imprim\u00e9e sur un papier ensemenc\u00e9 de graines, il suffira de la planter dans un peut de terre et de l\u2019arroser r\u00e9guli\u00e8rement pour voir pousser dans les semaines qui suivent de belles fleurs.","breadcrumb":{"@id":"https:\/\/lesgribouillisdarthur.fr\/index.php\/produit\/carte-a-planter-bienvenue-bebe\/#breadcrumb"},"inLanguage":"fr-FR","potentialAction":[{"@type":"ReadAction","target":["https:\/\/lesgribouillisdarthur.fr\/index.php\/produit\/carte-a-planter-bienvenue-bebe\/"]}]},{"@type":"ImageObject","inLanguage":"fr-FR","@id":"https:\/\/lesgribouillisdarthur.fr\/index.php\/produit\/carte-a-planter-bienvenue-bebe\/#primaryimage","url":"https:\/\/lesgribouillisdarthur.fr\/wp-content\/uploads\/2023\/03\/telecharger-4.png","contentUrl":"https:\/\/lesgribouillisdarthur.fr\/wp-content\/uploads\/2023\/03\/telecharger-4.png","width":540,"height":540,"caption":"Carte \u00e0 planter, bienvenue b\u00e9b\u00e9 ! Imprim\u00e9e sur un papier ensemenc\u00e9 de graines, il suffira de la planter dans un peut de terre et de l\u2019arroser r\u00e9guli\u00e8rement pour voir pousser dans les semaines qui suivent de belles fleurs."},{"@type":"BreadcrumbList","@id":"https:\/\/lesgribouillisdarthur.fr\/index.php\/produit\/carte-a-planter-bienvenue-bebe\/#breadcrumb","itemListElement":[{"@type":"ListItem","position":1,"name":"Accueil","item":"https:\/\/lesgribouillisdarthur.fr\/"},{"@type":"ListItem","position":2,"name":"La boutique","item":"https:\/\/lesgribouillisdarthur.fr\/?page_id=6553"},{"@type":"ListItem","position":3,"name":"Carte \u00e0 planter &#8216;Bienvenue B\u00e9b\u00e9&#8217;"}]},{"@type":"WebSite","@id":"https:\/\/lesgribouillisdarthur.fr\/#website","url":"https:\/\/lesgribouillisdarthur.fr\/","name":"Les Gribouillis d&#039;Arthur","description":"Les Gribouillis d&#039;Arthur, cadeaux personnalis\u00e9s pour toute la famille","publisher":{"@id":"https:\/\/lesgribouillisdarthur.fr\/#organization"},"potentialAction":[{"@type":"SearchAction","target":{"@type":"EntryPoint","urlTemplate":"https:\/\/lesgribouillisdarthur.fr\/?s={search_term_string}"},"query-input":{"@type":"PropertyValueSpecification","valueRequired":true,"valueName":"search_term_string"}}],"inLanguage":"fr-FR"},{"@type":"Organization","@id":"https:\/\/lesgribouillisdarthur.fr\/#organization","name":"Les Gribouillis d&#039;Arthur","url":"https:\/\/lesgribouillisdarthur.fr\/","logo":{"@type":"ImageObject","inLanguage":"fr-FR","@id":"https:\/\/lesgribouillisdarthur.fr\/#\/schema\/logo\/image\/","url":"https:\/\/lesgribouillisdarthur.fr\/wp-content\/uploads\/2022\/10\/cropped-cropped-cropped-cropped-cropped-cropped-logo-bleu-1.png","contentUrl":"https:\/\/lesgribouillisdarthur.fr\/wp-content\/uploads\/2022\/10\/cropped-cropped-cropped-cropped-cropped-cropped-logo-bleu-1.png","width":254,"height":53,"caption":"Les Gribouillis d&#039;Arthur"},"image":{"@id":"https:\/\/lesgribouillisdarthur.fr\/#\/schema\/logo\/image\/"},"sameAs":["https:\/\/www.facebook.com\/lesgribouillisdarthur","https:\/\/www.instagram.com\/lesgribouillisdarthur\/?hl=fr"]}]}},"uagb_featured_image_src":{"full":["https:\/\/lesgribouillisdarthur.fr\/wp-content\/uploads\/2023\/03\/telecharger-4.png",540,540,false],"thumbnail":["https:\/\/lesgribouillisdarthur.fr\/wp-content\/uploads\/2023\/03\/telecharger-4-150x150.png",150,150,true],"medium":["https:\/\/lesgribouillisdarthur.fr\/wp-content\/uploads\/2023\/03\/telecharger-4-300x300.png",300,300,true],"medium_large":["https:\/\/lesgribouillisdarthur.fr\/wp-content\/uploads\/2023\/03\/telecharger-4.png",540,540,false],"large":["https:\/\/lesgribouillisdarthur.fr\/wp-content\/uploads\/2023\/03\/telecharger-4.png",300,300,false],"1536x1536":["https:\/\/lesgribouillisdarthur.fr\/wp-content\/uploads\/2023\/03\/telecharger-4.png",540,540,false],"2048x2048":["https:\/\/lesgribouillisdarthur.fr\/wp-content\/uploads\/2023\/03\/telecharger-4.png",540,540,false],"woocommerce_thumbnail":["https:\/\/lesgribouillisdarthur.fr\/wp-content\/uploads\/2023\/03\/telecharger-4.png",540,540,false],"woocommerce_single":["https:\/\/lesgribouillisdarthur.fr\/wp-content\/uploads\/2023\/03\/telecharger-4.png",540,540,false],"woocommerce_gallery_thumbnail":["https:\/\/lesgribouillisdarthur.fr\/wp-content\/uploads\/2023\/03\/telecharger-4-100x100.png",100,100,true]},"uagb_author_info":{"display_name":"admin7680","author_link":"https:\/\/lesgribouillisdarthur.fr\/index.php\/author\/"},"uagb_comment_info":0,"uagb_excerpt":"Une carte \u00e0 planter personnalis\u00e9e ces deux cadeaux feront leurs effets. La carte Le format : 10x15 cm double Graines de fleurs des champs Je suis \u00e9galement sur les r\u00e9seaux alors suivez moi : \u2022 Facebook : @LesgribouillisdArthur \u2022 Instagram : @LesGribouillisd\u2019Arthur \u00a9 Les gribouillis d\u2019Arthur \u2013 Tous droits de reproduction interdits.","_links":{"self":[{"href":"https:\/\/lesgribouillisdarthur.fr\/index.php\/wp-json\/wp\/v2\/product\/6744","targetHints":{"allow":["GET"]}}],"collection":[{"href":"https:\/\/lesgribouillisdarthur.fr\/index.php\/wp-json\/wp\/v2\/product"}],"about":[{"href":"https:\/\/lesgribouillisdarthur.fr\/index.php\/wp-json\/wp\/v2\/types\/product"}],"replies":[{"embeddable":true,"href":"https:\/\/lesgribouillisdarthur.fr\/index.php\/wp-json\/wp\/v2\/comments?post=6744"}],"wp:featuredmedia":[{"embeddable":true,"href":"https:\/\/lesgribouillisdarthur.fr\/index.php\/wp-json\/wp\/v2\/media\/6745"}],"wp:attachment":[{"href":"https:\/\/lesgribouillisdarthur.fr\/index.php\/wp-json\/wp\/v2\/media?parent=6744"}],"wp:term":[{"taxonomy":"product_brand","embeddable":true,"href":"https:\/\/lesgribouillisdarthur.fr\/index.php\/wp-json\/wp\/v2\/product_brand?post=6744"},{"taxonomy":"product_cat","embeddable":true,"href":"https:\/\/lesgribouillisdarthur.fr\/index.php\/wp-json\/wp\/v2\/product_cat?post=6744"},{"taxonomy":"product_tag","embeddable":true,"href":"https:\/\/lesgribouillisdarthur.fr\/index.php\/wp-json\/wp\/v2\/product_tag?post=6744"}],"curies":[{"name":"wp","href":"https:\/\/api.w.org\/{rel}","templated":true}]}}