{"id":6963,"date":"2023-04-07T15:01:28","date_gmt":"2023-04-07T13:01:28","guid":{"rendered":"https:\/\/lesgribouillisdarthur.fr\/?post_type=product&#038;p=6963"},"modified":"2025-10-09T13:10:21","modified_gmt":"2025-10-09T11:10:21","slug":"bavoirs-personnalise-baleine-fille-copiebavoirs-personnalise-petit-coeur","status":"publish","type":"product","link":"https:\/\/lesgribouillisdarthur.fr\/index.php\/produit\/bavoirs-personnalise-baleine-fille-copiebavoirs-personnalise-petit-coeur\/","title":{"rendered":"Bavoirs Personnalis\u00e9 \u00ab\u00a0Petit coeur\u00a0\u00bb"},"content":{"rendered":"<p><strong>Bavoirs Personnalis\u00e9 \u00ab\u00a0Petit coeur\u00a0\u00bb<\/strong><\/p>\n<p>Craquez pour ce Bavoirs Personnalis\u00e9 \u00ab\u00a0Petit coeur\u00a0\u00bb. C&rsquo;est une id\u00e9e de cadeau id\u00e9ale pour les tout-petits. Ils sont tr\u00e8s r\u00e9sistants, pratiques gr\u00e2ce \u00e0 leurs scratchs et durables.<\/p>\n<div>Choisissez la couleur de la bordure du bavoir (blanc, bleu ou rose).<\/div>\n<div>\n<p>Ils mesurent environ 300 x 350 mm (Parfait pour les enfants de 0 \u00e0 3 ans)<\/p>\n<div>\n<p>Il est compos\u00e9 de 55% polyester, 45% coton. Le Verso est en \u00e9ponge au toucher doux.<\/p>\n<div><\/div>\n<div><strong>Lavable jusqu&rsquo;\u00e0 40\u00b0 &#8211; Eviter le s\u00e8che-linge &#8211; Repasser sur l\u2019envers<\/strong><br \/>\nLes bavoirs sont toutes imprim\u00e9es illustr\u00e9es par mes soins dans mon atelier \u00e0 Lapte en Haute-Loire (43) !\/! Attention les envois se font en lettres suivies.\/!Un num\u00e9ro sera renseign\u00e9 pour suivre votre commande. Les d\u00e9lais d\u2019acheminement sont donn\u00e9s \u00e0 titre indicatif.<br \/>\nJe ne peux pas garantir les d\u00e9lais et ma responsabilit\u00e9 ne peut pas \u00eatre engag\u00e9e en cas de retard ou de perte de votre commande.<\/div>\n<\/div>\n<\/div>\n<p>Pour d&rsquo;autres mod\u00e8les <a href=\"https:\/\/lesgribouillisdarthur.fr\/index.php\/categorie-produit\/naissance\/bavoirs\/\" target=\"_blank\" rel=\"noopener\">cliquez ici\u00a0<\/a><\/p>\n<p>Je suis \u00e9galement sur les r\u00e9seaux alors suivez moi :<br \/>\n\u2022 Facebook :\u00a0<a href=\"https:\/\/www.facebook.com\/lesgribouillisdarthur\" target=\"_blank\" rel=\"noopener\">@LesgribouillisdArthur<\/a><br \/>\n\u2022 Instagram :\u00a0<a href=\"https:\/\/instagram.com\/lesgribouillisdarthur?igshid=YmMyMTA2M2Y\" target=\"_blank\" rel=\"noopener\">@LesGribouillisd\u2019Arthur<\/a><\/p>\n<p>\u00a9 Les gribouillis d\u2019Arthur \u2013 Tous droits de reproduction interdits.<\/p>\n<p>Attention les couleurs peuvent varier de l&rsquo;\u00e9cran au tissu !<\/p>\n","protected":false},"excerpt":{"rendered":"<p><strong>Bavoirs Personnalis\u00e9 \u00ab\u00a0Petit coeur\u00a0\u00bb<\/strong><\/p>\n<p>Craquez pour ce Bavoirs Personnalis\u00e9 \u00ab\u00a0Petit coeur\u00a0\u00bb . C&rsquo;est une id\u00e9e de cadeau id\u00e9ale pour les tout-petits. Ils sont tr\u00e8s r\u00e9sistants, pratiques gr\u00e2ce \u00e0 leurs scratchs et durables.<\/p>\n<div>Choisissez la couleur de la bordure du bavoir (blanc, bleu ou rose).<\/div>\n<div>\n<p>Ils mesurent environ 300 x 350 mm (Parfait pour les enfants de 0 \u00e0 3 ans)<\/p>\n<div>\n<p>Il est compos\u00e9 de 55% polyester, 45% coton. Le Verso est en \u00e9ponge au toucher doux.<\/p>\n<\/div>\n<\/div>\n","protected":false},"featured_media":6967,"comment_status":"open","ping_status":"closed","template":"","meta":{"_uag_custom_page_level_css":"","_monsterinsights_skip_tracking":false,"_monsterinsights_sitenote_active":false,"_monsterinsights_sitenote_note":"","_monsterinsights_sitenote_category":0,"site-sidebar-layout":"default","site-content-layout":"default","ast-site-content-layout":"default","site-content-style":"default","site-sidebar-style":"default","ast-global-header-display":"","ast-banner-title-visibility":"","ast-main-header-display":"","ast-hfb-above-header-display":"","ast-hfb-below-header-display":"","ast-hfb-mobile-header-display":"","site-post-title":"","ast-breadcrumbs-content":"","ast-featured-img":"","footer-sml-layout":"","theme-transparent-header-meta":"default","adv-header-id-meta":"","stick-header-meta":"","header-above-stick-meta":"","header-main-stick-meta":"","header-below-stick-meta":"","astra-migrate-meta-layouts":"set","ast-page-background-enabled":"default","ast-page-background-meta":{"desktop":{"background-color":"","background-image":"","background-repeat":"repeat","background-position":"center center","background-size":"auto","background-attachment":"scroll","background-type":"","background-media":"","overlay-type":"","overlay-color":"","overlay-opacity":"","overlay-gradient":""},"tablet":{"background-color":"","background-image":"","background-repeat":"repeat","background-position":"center center","background-size":"auto","background-attachment":"scroll","background-type":"","background-media":"","overlay-type":"","overlay-color":"","overlay-opacity":"","overlay-gradient":""},"mobile":{"background-color":"","background-image":"","background-repeat":"repeat","background-position":"center center","background-size":"auto","background-attachment":"scroll","background-type":"","background-media":"","overlay-type":"","overlay-color":"","overlay-opacity":"","overlay-gradient":""}},"ast-content-background-meta":{"desktop":{"background-color":"var(--ast-global-color-5)","background-image":"","background-repeat":"repeat","background-position":"center center","background-size":"auto","background-attachment":"scroll","background-type":"","background-media":"","overlay-type":"","overlay-color":"","overlay-opacity":"","overlay-gradient":""},"tablet":{"background-color":"var(--ast-global-color-5)","background-image":"","background-repeat":"repeat","background-position":"center center","background-size":"auto","background-attachment":"scroll","background-type":"","background-media":"","overlay-type":"","overlay-color":"","overlay-opacity":"","overlay-gradient":""},"mobile":{"background-color":"var(--ast-global-color-5)","background-image":"","background-repeat":"repeat","background-position":"center center","background-size":"auto","background-attachment":"scroll","background-type":"","background-media":"","overlay-type":"","overlay-color":"","overlay-opacity":"","overlay-gradient":""}},"_themeisle_gutenberg_block_has_review":false},"product_brand":[],"product_cat":[124,55],"product_tag":[],"class_list":{"0":"post-6963","1":"product","2":"type-product","3":"status-publish","4":"has-post-thumbnail","6":"product_cat-bavoirs-personnalises","7":"product_cat-naissance","8":"product_shipping_class-produits-volumineux","9":"desktop-align-center","10":"tablet-align-left","11":"mobile-align-left","12":"wcpa_has_options","14":"first","15":"instock","16":"taxable","17":"shipping-taxable","18":"purchasable","19":"product-type-variable"},"yoast_head":"<!-- This site is optimized with the Yoast SEO plugin v27.3 - https:\/\/yoast.com\/product\/yoast-seo-wordpress\/ -->\n<title>Bavoirs Personnalis\u00e9 &quot;Petit coeur&quot; - Les Gribouillis d&#039;Arthur<\/title>\n<meta name=\"description\" content=\"Craquez pour ce Bavoirs Personnalis\u00e9 &quot;Petit coeur&quot; \u00e0 l&#039;occasion de p\u00e2ques. C&#039;est une id\u00e9e de cadeau id\u00e9ale pour les tout-petits.\" \/>\n<meta name=\"robots\" content=\"index, follow, max-snippet:-1, max-image-preview:large, max-video-preview:-1\" \/>\n<link rel=\"canonical\" href=\"https:\/\/lesgribouillisdarthur.fr\/index.php\/produit\/bavoirs-personnalise-baleine-fille-copiebavoirs-personnalise-petit-coeur\/\" \/>\n<meta property=\"og:locale\" content=\"fr_FR\" \/>\n<meta property=\"og:type\" content=\"article\" \/>\n<meta property=\"og:title\" content=\"Bavoirs Personnalis\u00e9 &quot;Petit coeur&quot; - Les Gribouillis d&#039;Arthur\" \/>\n<meta property=\"og:description\" content=\"Craquez pour ce Bavoirs Personnalis\u00e9 &quot;Petit coeur&quot; \u00e0 l&#039;occasion de p\u00e2ques. C&#039;est une id\u00e9e de cadeau id\u00e9ale pour les tout-petits.\" \/>\n<meta property=\"og:url\" content=\"https:\/\/lesgribouillisdarthur.fr\/index.php\/produit\/bavoirs-personnalise-baleine-fille-copiebavoirs-personnalise-petit-coeur\/\" \/>\n<meta property=\"og:site_name\" content=\"Les Gribouillis d&#039;Arthur\" \/>\n<meta property=\"article:publisher\" content=\"https:\/\/www.facebook.com\/lesgribouillisdarthur\" \/>\n<meta property=\"article:modified_time\" content=\"2025-10-09T11:10:21+00:00\" \/>\n<meta property=\"og:image\" content=\"https:\/\/lesgribouillisdarthur.fr\/wp-content\/uploads\/2023\/04\/Mockup-Bavoirs-personnalise-petit-coeur-de-maman-.jpg\" \/>\n\t<meta property=\"og:image:width\" content=\"1000\" \/>\n\t<meta property=\"og:image:height\" content=\"1000\" \/>\n\t<meta property=\"og:image:type\" content=\"image\/jpeg\" \/>\n<meta name=\"twitter:card\" content=\"summary_large_image\" \/>\n<meta name=\"twitter:label1\" content=\"Dur\u00e9e de lecture estim\u00e9e\" \/>\n\t<meta name=\"twitter:data1\" content=\"1 minute\" \/>\n<script type=\"application\/ld+json\" class=\"yoast-schema-graph\">{\"@context\":\"https:\\\/\\\/schema.org\",\"@graph\":[{\"@type\":\"WebPage\",\"@id\":\"https:\\\/\\\/lesgribouillisdarthur.fr\\\/index.php\\\/produit\\\/bavoirs-personnalise-baleine-fille-copiebavoirs-personnalise-petit-coeur\\\/\",\"url\":\"https:\\\/\\\/lesgribouillisdarthur.fr\\\/index.php\\\/produit\\\/bavoirs-personnalise-baleine-fille-copiebavoirs-personnalise-petit-coeur\\\/\",\"name\":\"Bavoirs Personnalis\u00e9 \\\"Petit coeur\\\" - Les Gribouillis d&#039;Arthur\",\"isPartOf\":{\"@id\":\"https:\\\/\\\/lesgribouillisdarthur.fr\\\/#website\"},\"primaryImageOfPage\":{\"@id\":\"https:\\\/\\\/lesgribouillisdarthur.fr\\\/index.php\\\/produit\\\/bavoirs-personnalise-baleine-fille-copiebavoirs-personnalise-petit-coeur\\\/#primaryimage\"},\"image\":{\"@id\":\"https:\\\/\\\/lesgribouillisdarthur.fr\\\/index.php\\\/produit\\\/bavoirs-personnalise-baleine-fille-copiebavoirs-personnalise-petit-coeur\\\/#primaryimage\"},\"thumbnailUrl\":\"https:\\\/\\\/lesgribouillisdarthur.fr\\\/wp-content\\\/uploads\\\/2023\\\/04\\\/Mockup-Bavoirs-personnalise-petit-coeur-de-maman-.jpg\",\"datePublished\":\"2023-04-07T13:01:28+00:00\",\"dateModified\":\"2025-10-09T11:10:21+00:00\",\"description\":\"Craquez pour ce Bavoirs Personnalis\u00e9 \\\"Petit coeur\\\" \u00e0 l'occasion de p\u00e2ques. C'est une id\u00e9e de cadeau id\u00e9ale pour les tout-petits.\",\"breadcrumb\":{\"@id\":\"https:\\\/\\\/lesgribouillisdarthur.fr\\\/index.php\\\/produit\\\/bavoirs-personnalise-baleine-fille-copiebavoirs-personnalise-petit-coeur\\\/#breadcrumb\"},\"inLanguage\":\"fr-FR\",\"potentialAction\":[{\"@type\":\"ReadAction\",\"target\":[\"https:\\\/\\\/lesgribouillisdarthur.fr\\\/index.php\\\/produit\\\/bavoirs-personnalise-baleine-fille-copiebavoirs-personnalise-petit-coeur\\\/\"]}]},{\"@type\":\"ImageObject\",\"inLanguage\":\"fr-FR\",\"@id\":\"https:\\\/\\\/lesgribouillisdarthur.fr\\\/index.php\\\/produit\\\/bavoirs-personnalise-baleine-fille-copiebavoirs-personnalise-petit-coeur\\\/#primaryimage\",\"url\":\"https:\\\/\\\/lesgribouillisdarthur.fr\\\/wp-content\\\/uploads\\\/2023\\\/04\\\/Mockup-Bavoirs-personnalise-petit-coeur-de-maman-.jpg\",\"contentUrl\":\"https:\\\/\\\/lesgribouillisdarthur.fr\\\/wp-content\\\/uploads\\\/2023\\\/04\\\/Mockup-Bavoirs-personnalise-petit-coeur-de-maman-.jpg\",\"width\":1000,\"height\":1000,\"caption\":\"Craquez pour ce Bavoirs Personnalis\u00e9 \\\"Petit coeur\\\" \u00e0 l'occasion de p\u00e2ques. C'est une id\u00e9e de cadeau id\u00e9ale pour les tout-petits.\"},{\"@type\":\"BreadcrumbList\",\"@id\":\"https:\\\/\\\/lesgribouillisdarthur.fr\\\/index.php\\\/produit\\\/bavoirs-personnalise-baleine-fille-copiebavoirs-personnalise-petit-coeur\\\/#breadcrumb\",\"itemListElement\":[{\"@type\":\"ListItem\",\"position\":1,\"name\":\"Accueil\",\"item\":\"https:\\\/\\\/lesgribouillisdarthur.fr\\\/\"},{\"@type\":\"ListItem\",\"position\":2,\"name\":\"La boutique\",\"item\":\"https:\\\/\\\/lesgribouillisdarthur.fr\\\/?page_id=6553\"},{\"@type\":\"ListItem\",\"position\":3,\"name\":\"Bavoirs Personnalis\u00e9 &#8220;Petit coeur&#8221;\"}]},{\"@type\":\"WebSite\",\"@id\":\"https:\\\/\\\/lesgribouillisdarthur.fr\\\/#website\",\"url\":\"https:\\\/\\\/lesgribouillisdarthur.fr\\\/\",\"name\":\"Les Gribouillis d&#039;Arthur\",\"description\":\"Les Gribouillis d&#039;Arthur, cadeaux personnalis\u00e9s pour toute la famille\",\"publisher\":{\"@id\":\"https:\\\/\\\/lesgribouillisdarthur.fr\\\/#organization\"},\"potentialAction\":[{\"@type\":\"SearchAction\",\"target\":{\"@type\":\"EntryPoint\",\"urlTemplate\":\"https:\\\/\\\/lesgribouillisdarthur.fr\\\/?s={search_term_string}\"},\"query-input\":{\"@type\":\"PropertyValueSpecification\",\"valueRequired\":true,\"valueName\":\"search_term_string\"}}],\"inLanguage\":\"fr-FR\"},{\"@type\":\"Organization\",\"@id\":\"https:\\\/\\\/lesgribouillisdarthur.fr\\\/#organization\",\"name\":\"Les Gribouillis d&#039;Arthur\",\"url\":\"https:\\\/\\\/lesgribouillisdarthur.fr\\\/\",\"logo\":{\"@type\":\"ImageObject\",\"inLanguage\":\"fr-FR\",\"@id\":\"https:\\\/\\\/lesgribouillisdarthur.fr\\\/#\\\/schema\\\/logo\\\/image\\\/\",\"url\":\"https:\\\/\\\/lesgribouillisdarthur.fr\\\/wp-content\\\/uploads\\\/2022\\\/10\\\/cropped-cropped-cropped-cropped-cropped-cropped-logo-bleu-1.png\",\"contentUrl\":\"https:\\\/\\\/lesgribouillisdarthur.fr\\\/wp-content\\\/uploads\\\/2022\\\/10\\\/cropped-cropped-cropped-cropped-cropped-cropped-logo-bleu-1.png\",\"width\":254,\"height\":53,\"caption\":\"Les Gribouillis d&#039;Arthur\"},\"image\":{\"@id\":\"https:\\\/\\\/lesgribouillisdarthur.fr\\\/#\\\/schema\\\/logo\\\/image\\\/\"},\"sameAs\":[\"https:\\\/\\\/www.facebook.com\\\/lesgribouillisdarthur\",\"https:\\\/\\\/www.instagram.com\\\/lesgribouillisdarthur\\\/?hl=fr\"]}]}<\/script>\n<!-- \/ Yoast SEO plugin. -->","yoast_head_json":{"title":"Bavoirs Personnalis\u00e9 \"Petit coeur\" - Les Gribouillis d&#039;Arthur","description":"Craquez pour ce Bavoirs Personnalis\u00e9 \"Petit coeur\" \u00e0 l'occasion de p\u00e2ques. C'est une id\u00e9e de cadeau id\u00e9ale pour les tout-petits.","robots":{"index":"index","follow":"follow","max-snippet":"max-snippet:-1","max-image-preview":"max-image-preview:large","max-video-preview":"max-video-preview:-1"},"canonical":"https:\/\/lesgribouillisdarthur.fr\/index.php\/produit\/bavoirs-personnalise-baleine-fille-copiebavoirs-personnalise-petit-coeur\/","og_locale":"fr_FR","og_type":"article","og_title":"Bavoirs Personnalis\u00e9 \"Petit coeur\" - Les Gribouillis d&#039;Arthur","og_description":"Craquez pour ce Bavoirs Personnalis\u00e9 \"Petit coeur\" \u00e0 l'occasion de p\u00e2ques. C'est une id\u00e9e de cadeau id\u00e9ale pour les tout-petits.","og_url":"https:\/\/lesgribouillisdarthur.fr\/index.php\/produit\/bavoirs-personnalise-baleine-fille-copiebavoirs-personnalise-petit-coeur\/","og_site_name":"Les Gribouillis d&#039;Arthur","article_publisher":"https:\/\/www.facebook.com\/lesgribouillisdarthur","article_modified_time":"2025-10-09T11:10:21+00:00","og_image":[{"width":1000,"height":1000,"url":"https:\/\/lesgribouillisdarthur.fr\/wp-content\/uploads\/2023\/04\/Mockup-Bavoirs-personnalise-petit-coeur-de-maman-.jpg","type":"image\/jpeg"}],"twitter_card":"summary_large_image","twitter_misc":{"Dur\u00e9e de lecture estim\u00e9e":"1 minute"},"schema":{"@context":"https:\/\/schema.org","@graph":[{"@type":"WebPage","@id":"https:\/\/lesgribouillisdarthur.fr\/index.php\/produit\/bavoirs-personnalise-baleine-fille-copiebavoirs-personnalise-petit-coeur\/","url":"https:\/\/lesgribouillisdarthur.fr\/index.php\/produit\/bavoirs-personnalise-baleine-fille-copiebavoirs-personnalise-petit-coeur\/","name":"Bavoirs Personnalis\u00e9 \"Petit coeur\" - Les Gribouillis d&#039;Arthur","isPartOf":{"@id":"https:\/\/lesgribouillisdarthur.fr\/#website"},"primaryImageOfPage":{"@id":"https:\/\/lesgribouillisdarthur.fr\/index.php\/produit\/bavoirs-personnalise-baleine-fille-copiebavoirs-personnalise-petit-coeur\/#primaryimage"},"image":{"@id":"https:\/\/lesgribouillisdarthur.fr\/index.php\/produit\/bavoirs-personnalise-baleine-fille-copiebavoirs-personnalise-petit-coeur\/#primaryimage"},"thumbnailUrl":"https:\/\/lesgribouillisdarthur.fr\/wp-content\/uploads\/2023\/04\/Mockup-Bavoirs-personnalise-petit-coeur-de-maman-.jpg","datePublished":"2023-04-07T13:01:28+00:00","dateModified":"2025-10-09T11:10:21+00:00","description":"Craquez pour ce Bavoirs Personnalis\u00e9 \"Petit coeur\" \u00e0 l'occasion de p\u00e2ques. C'est une id\u00e9e de cadeau id\u00e9ale pour les tout-petits.","breadcrumb":{"@id":"https:\/\/lesgribouillisdarthur.fr\/index.php\/produit\/bavoirs-personnalise-baleine-fille-copiebavoirs-personnalise-petit-coeur\/#breadcrumb"},"inLanguage":"fr-FR","potentialAction":[{"@type":"ReadAction","target":["https:\/\/lesgribouillisdarthur.fr\/index.php\/produit\/bavoirs-personnalise-baleine-fille-copiebavoirs-personnalise-petit-coeur\/"]}]},{"@type":"ImageObject","inLanguage":"fr-FR","@id":"https:\/\/lesgribouillisdarthur.fr\/index.php\/produit\/bavoirs-personnalise-baleine-fille-copiebavoirs-personnalise-petit-coeur\/#primaryimage","url":"https:\/\/lesgribouillisdarthur.fr\/wp-content\/uploads\/2023\/04\/Mockup-Bavoirs-personnalise-petit-coeur-de-maman-.jpg","contentUrl":"https:\/\/lesgribouillisdarthur.fr\/wp-content\/uploads\/2023\/04\/Mockup-Bavoirs-personnalise-petit-coeur-de-maman-.jpg","width":1000,"height":1000,"caption":"Craquez pour ce Bavoirs Personnalis\u00e9 \"Petit coeur\" \u00e0 l'occasion de p\u00e2ques. C'est une id\u00e9e de cadeau id\u00e9ale pour les tout-petits."},{"@type":"BreadcrumbList","@id":"https:\/\/lesgribouillisdarthur.fr\/index.php\/produit\/bavoirs-personnalise-baleine-fille-copiebavoirs-personnalise-petit-coeur\/#breadcrumb","itemListElement":[{"@type":"ListItem","position":1,"name":"Accueil","item":"https:\/\/lesgribouillisdarthur.fr\/"},{"@type":"ListItem","position":2,"name":"La boutique","item":"https:\/\/lesgribouillisdarthur.fr\/?page_id=6553"},{"@type":"ListItem","position":3,"name":"Bavoirs Personnalis\u00e9 &#8220;Petit coeur&#8221;"}]},{"@type":"WebSite","@id":"https:\/\/lesgribouillisdarthur.fr\/#website","url":"https:\/\/lesgribouillisdarthur.fr\/","name":"Les Gribouillis d&#039;Arthur","description":"Les Gribouillis d&#039;Arthur, cadeaux personnalis\u00e9s pour toute la famille","publisher":{"@id":"https:\/\/lesgribouillisdarthur.fr\/#organization"},"potentialAction":[{"@type":"SearchAction","target":{"@type":"EntryPoint","urlTemplate":"https:\/\/lesgribouillisdarthur.fr\/?s={search_term_string}"},"query-input":{"@type":"PropertyValueSpecification","valueRequired":true,"valueName":"search_term_string"}}],"inLanguage":"fr-FR"},{"@type":"Organization","@id":"https:\/\/lesgribouillisdarthur.fr\/#organization","name":"Les Gribouillis d&#039;Arthur","url":"https:\/\/lesgribouillisdarthur.fr\/","logo":{"@type":"ImageObject","inLanguage":"fr-FR","@id":"https:\/\/lesgribouillisdarthur.fr\/#\/schema\/logo\/image\/","url":"https:\/\/lesgribouillisdarthur.fr\/wp-content\/uploads\/2022\/10\/cropped-cropped-cropped-cropped-cropped-cropped-logo-bleu-1.png","contentUrl":"https:\/\/lesgribouillisdarthur.fr\/wp-content\/uploads\/2022\/10\/cropped-cropped-cropped-cropped-cropped-cropped-logo-bleu-1.png","width":254,"height":53,"caption":"Les Gribouillis d&#039;Arthur"},"image":{"@id":"https:\/\/lesgribouillisdarthur.fr\/#\/schema\/logo\/image\/"},"sameAs":["https:\/\/www.facebook.com\/lesgribouillisdarthur","https:\/\/www.instagram.com\/lesgribouillisdarthur\/?hl=fr"]}]}},"uagb_featured_image_src":{"full":["https:\/\/lesgribouillisdarthur.fr\/wp-content\/uploads\/2023\/04\/Mockup-Bavoirs-personnalise-petit-coeur-de-maman-.jpg",1000,1000,false],"thumbnail":["https:\/\/lesgribouillisdarthur.fr\/wp-content\/uploads\/2023\/04\/Mockup-Bavoirs-personnalise-petit-coeur-de-maman--150x150.jpg",150,150,true],"medium":["https:\/\/lesgribouillisdarthur.fr\/wp-content\/uploads\/2023\/04\/Mockup-Bavoirs-personnalise-petit-coeur-de-maman--300x300.jpg",300,300,true],"medium_large":["https:\/\/lesgribouillisdarthur.fr\/wp-content\/uploads\/2023\/04\/Mockup-Bavoirs-personnalise-petit-coeur-de-maman--768x768.jpg",768,768,true],"large":["https:\/\/lesgribouillisdarthur.fr\/wp-content\/uploads\/2023\/04\/Mockup-Bavoirs-personnalise-petit-coeur-de-maman-.jpg",300,300,false],"1536x1536":["https:\/\/lesgribouillisdarthur.fr\/wp-content\/uploads\/2023\/04\/Mockup-Bavoirs-personnalise-petit-coeur-de-maman-.jpg",1000,1000,false],"2048x2048":["https:\/\/lesgribouillisdarthur.fr\/wp-content\/uploads\/2023\/04\/Mockup-Bavoirs-personnalise-petit-coeur-de-maman-.jpg",1000,1000,false],"woocommerce_thumbnail":["https:\/\/lesgribouillisdarthur.fr\/wp-content\/uploads\/2023\/04\/Mockup-Bavoirs-personnalise-petit-coeur-de-maman-.jpg",1000,1000,false],"woocommerce_single":["https:\/\/lesgribouillisdarthur.fr\/wp-content\/uploads\/2023\/04\/Mockup-Bavoirs-personnalise-petit-coeur-de-maman-.jpg",1000,1000,false],"woocommerce_gallery_thumbnail":["https:\/\/lesgribouillisdarthur.fr\/wp-content\/uploads\/2023\/04\/Mockup-Bavoirs-personnalise-petit-coeur-de-maman--100x100.jpg",100,100,true]},"uagb_author_info":{"display_name":"admin7680","author_link":"https:\/\/lesgribouillisdarthur.fr\/index.php\/author\/"},"uagb_comment_info":0,"uagb_excerpt":"Bavoirs Personnalis\u00e9 \"Petit coeur\" Craquez pour ce Bavoirs Personnalis\u00e9 \"Petit coeur\" . C'est une id\u00e9e de cadeau id\u00e9ale pour les tout-petits. Ils sont tr\u00e8s r\u00e9sistants, pratiques gr\u00e2ce \u00e0 leurs scratchs et durables. Choisissez la couleur de la bordure du bavoir (blanc, bleu ou rose). Ils mesurent environ 300 x 350 mm (Parfait pour les enfants\u2026","_links":{"self":[{"href":"https:\/\/lesgribouillisdarthur.fr\/index.php\/wp-json\/wp\/v2\/product\/6963","targetHints":{"allow":["GET"]}}],"collection":[{"href":"https:\/\/lesgribouillisdarthur.fr\/index.php\/wp-json\/wp\/v2\/product"}],"about":[{"href":"https:\/\/lesgribouillisdarthur.fr\/index.php\/wp-json\/wp\/v2\/types\/product"}],"replies":[{"embeddable":true,"href":"https:\/\/lesgribouillisdarthur.fr\/index.php\/wp-json\/wp\/v2\/comments?post=6963"}],"wp:featuredmedia":[{"embeddable":true,"href":"https:\/\/lesgribouillisdarthur.fr\/index.php\/wp-json\/wp\/v2\/media\/6967"}],"wp:attachment":[{"href":"https:\/\/lesgribouillisdarthur.fr\/index.php\/wp-json\/wp\/v2\/media?parent=6963"}],"wp:term":[{"taxonomy":"product_brand","embeddable":true,"href":"https:\/\/lesgribouillisdarthur.fr\/index.php\/wp-json\/wp\/v2\/product_brand?post=6963"},{"taxonomy":"product_cat","embeddable":true,"href":"https:\/\/lesgribouillisdarthur.fr\/index.php\/wp-json\/wp\/v2\/product_cat?post=6963"},{"taxonomy":"product_tag","embeddable":true,"href":"https:\/\/lesgribouillisdarthur.fr\/index.php\/wp-json\/wp\/v2\/product_tag?post=6963"}],"curies":[{"name":"wp","href":"https:\/\/api.w.org\/{rel}","templated":true}]}}