{"id":7175,"date":"2023-05-11T15:55:07","date_gmt":"2023-05-11T13:55:07","guid":{"rendered":"https:\/\/lesgribouillisdarthur.fr\/?post_type=product&#038;p=7175"},"modified":"2026-04-02T02:50:08","modified_gmt":"2026-04-02T00:50:08","slug":"pochons-kit-de-survie-papa-maternite","status":"publish","type":"product","link":"https:\/\/lesgribouillisdarthur.fr\/index.php\/produit\/pochons-kit-de-survie-papa-maternite\/","title":{"rendered":"Pochon \u00ab\u00a0kit de survie pour les papas\u00a0\u00bb"},"content":{"rendered":"<p class=\"\" data-start=\"274\" data-end=\"362\">\ud83c\udf7c\ud83c\udf81 Une touche d\u2019humour et beaucoup de tendresse pour c\u00e9l\u00e9brer la naissance avec papa !<\/p>\n<p class=\"\" data-start=\"364\" data-end=\"599\">Offrez (ou glissez discr\u00e8tement dans la valise de maternit\u00e9) ce <strong data-start=\"428\" data-end=\"458\">kit de survie pour le papa<\/strong> : un pochon personnalis\u00e9 pr\u00eat \u00e0 lui apporter un peu de r\u00e9confort et beaucoup de sourires pendant cette grande aventure qu\u2019est la naissance !<\/p>\n<p class=\"\" data-start=\"601\" data-end=\"893\">Ce joli sac en tissu blanc 100% polyester (format 25 x 31 cm) est l\u00e9ger, pratique et solide. Il peut contenir quelques indispensables de survie pour le jeune papa : barres \u00e9nerg\u00e9tiques, bouchons d\u2019oreilles, chaussettes, caf\u00e9 soluble, mouchoirs, photos, petits mots doux\u2026 (contenu non fourni).<\/p>\n<p class=\"\" data-start=\"895\" data-end=\"1034\">\ud83d\udcac Inscription sur le pochon :<br data-start=\"925\" data-end=\"928\" \/><strong data-start=\"928\" data-end=\"972\">\u00ab Kit de survie du papa \u00e0 la maternit\u00e9 \u00bb<\/strong><br data-start=\"972\" data-end=\"975\" \/>(Design imprim\u00e9 directement sur le tissu \u2013 non thermocoll\u00e9)<\/p>\n<p class=\"\" data-start=\"1036\" data-end=\"1212\">C\u2019est le cadeau parfait pour allier humour, utilit\u00e9 et \u00e9motion ! Il peut \u00e9galement \u00eatre conserv\u00e9 ensuite comme souvenir ou pour y ranger les premi\u00e8res petites affaires de b\u00e9b\u00e9.<\/p>\n<p class=\"\" data-start=\"1214\" data-end=\"1340\">\ud83d\udca1 Id\u00e9al pour un cadeau de grossesse, une baby shower ou une surprise de derni\u00e8re minute juste avant le d\u00e9part \u00e0 la maternit\u00e9.<\/p>\n<p class=\"\" data-start=\"1342\" data-end=\"1478\"><strong data-start=\"1342\" data-end=\"1357\">Entretien :<\/strong><br data-start=\"1357\" data-end=\"1360\" \/>\u2714 Lavable \u00e0 30\u00b0C (\u00e0 l\u2019envers pour pr\u00e9server l\u2019impression)<br data-start=\"1417\" data-end=\"1420\" \/>\u2718 Pas de s\u00e8che-linge<br data-start=\"1440\" data-end=\"1443\" \/>\u2714 Repassage \u00e0 l\u2019envers recommand\u00e9<\/p>\n<p class=\"\" data-start=\"1480\" data-end=\"1579\">\ud83d\udce6 Les pochons sont dessin\u00e9s, imprim\u00e9s et pr\u00e9par\u00e9s dans mon atelier \u00e0 Lapte, en Haute-Loire (43).<\/p>\n<p class=\"\" data-start=\"1581\" data-end=\"1799\">\ud83d\udcee Envoi en lettre suivie uniquement.<br data-start=\"1618\" data-end=\"1621\" \/>Un num\u00e9ro de suivi vous sera transmis. Les d\u00e9lais d\u2019acheminement sont donn\u00e9s \u00e0 titre indicatif. Je ne peux \u00eatre tenue responsable des retards ou pertes li\u00e9s aux services postaux.<\/p>\n<p class=\"\" data-start=\"1801\" data-end=\"1869\">\ud83d\udecd Pour d\u00e9couvrir d\u2019autres id\u00e9es cadeaux originales, cliquez ici !<\/p>\n<p class=\"\" data-start=\"1871\" data-end=\"2023\">\ud83d\udcf2 Rejoignez-moi sur les r\u00e9seaux pour suivre mes cr\u00e9ations au quotidien :<br data-start=\"1944\" data-end=\"1947\" \/>\u2022 Facebook : @LesgribouillisdArthur<br data-start=\"1982\" data-end=\"1985\" \/>\u2022 Instagram : @LesGribouillisdArthur<\/p>\n<p class=\"\" data-start=\"2025\" data-end=\"2163\">\u00a9 Les gribouillis d\u2019Arthur \u2013 Reproduction interdite.<br data-start=\"2077\" data-end=\"2080\" \/>\ud83c\udfa8 <em data-start=\"2083\" data-end=\"2130\">Les couleurs peuvent varier selon les \u00e9crans.<\/em><br data-start=\"2130\" data-end=\"2133\" \/>\ud83d\udcf8 <em data-start=\"2136\" data-end=\"2163\">Photos non contractuelles<\/em><\/p>\n","protected":false},"excerpt":{"rendered":"<p>\ud83d\ude0e\ud83c\udf7c Le kit de survie du super papa en mission maternit\u00e9 ! Un pochon personnalisable pour affronter couches, biberons &amp; \u00e9motions\u2026 avec style et humour \ud83d\udcaa\ud83c\udf81<\/p>\n","protected":false},"featured_media":7176,"comment_status":"open","ping_status":"closed","template":"","meta":{"_uag_custom_page_level_css":"","_monsterinsights_skip_tracking":false,"_monsterinsights_sitenote_active":false,"_monsterinsights_sitenote_note":"","_monsterinsights_sitenote_category":0,"site-sidebar-layout":"default","site-content-layout":"default","ast-site-content-layout":"default","site-content-style":"default","site-sidebar-style":"default","ast-global-header-display":"","ast-banner-title-visibility":"","ast-main-header-display":"","ast-hfb-above-header-display":"","ast-hfb-below-header-display":"","ast-hfb-mobile-header-display":"","site-post-title":"","ast-breadcrumbs-content":"","ast-featured-img":"","footer-sml-layout":"","theme-transparent-header-meta":"default","adv-header-id-meta":"","stick-header-meta":"","header-above-stick-meta":"","header-main-stick-meta":"","header-below-stick-meta":"","astra-migrate-meta-layouts":"set","ast-page-background-enabled":"default","ast-page-background-meta":{"desktop":{"background-color":"","background-image":"","background-repeat":"repeat","background-position":"center center","background-size":"auto","background-attachment":"scroll","background-type":"","background-media":"","overlay-type":"","overlay-color":"","overlay-opacity":"","overlay-gradient":""},"tablet":{"background-color":"","background-image":"","background-repeat":"repeat","background-position":"center center","background-size":"auto","background-attachment":"scroll","background-type":"","background-media":"","overlay-type":"","overlay-color":"","overlay-opacity":"","overlay-gradient":""},"mobile":{"background-color":"","background-image":"","background-repeat":"repeat","background-position":"center center","background-size":"auto","background-attachment":"scroll","background-type":"","background-media":"","overlay-type":"","overlay-color":"","overlay-opacity":"","overlay-gradient":""}},"ast-content-background-meta":{"desktop":{"background-color":"var(--ast-global-color-5)","background-image":"","background-repeat":"repeat","background-position":"center center","background-size":"auto","background-attachment":"scroll","background-type":"","background-media":"","overlay-type":"","overlay-color":"","overlay-opacity":"","overlay-gradient":""},"tablet":{"background-color":"var(--ast-global-color-5)","background-image":"","background-repeat":"repeat","background-position":"center center","background-size":"auto","background-attachment":"scroll","background-type":"","background-media":"","overlay-type":"","overlay-color":"","overlay-opacity":"","overlay-gradient":""},"mobile":{"background-color":"var(--ast-global-color-5)","background-image":"","background-repeat":"repeat","background-position":"center center","background-size":"auto","background-attachment":"scroll","background-type":"","background-media":"","overlay-type":"","overlay-color":"","overlay-opacity":"","overlay-gradient":""}},"_themeisle_gutenberg_block_has_review":false},"product_brand":[],"product_cat":[55],"product_tag":[],"class_list":{"0":"post-7175","1":"product","2":"type-product","3":"status-publish","4":"has-post-thumbnail","6":"product_cat-naissance","7":"product_shipping_class-produits-volumineux","8":"desktop-align-center","9":"tablet-align-left","10":"mobile-align-left","12":"first","13":"instock","14":"taxable","15":"shipping-taxable","16":"purchasable","17":"product-type-simple"},"yoast_head":"<!-- This site is optimized with the Yoast SEO plugin v27.4 - https:\/\/yoast.com\/product\/yoast-seo-wordpress\/ -->\n<title>Pochon &quot;kit de survie pour les papas&quot; - Les Gribouillis d&#039;Arthur<\/title>\n<meta name=\"description\" content=\"Offrez un kit de survie original pour le futur papa \u00e0 la maternit\u00e9 ! Pochon 100 % polyester personnalisable, pratique et plein d&#039;humour. Fabriqu\u00e9 en France.\" \/>\n<meta name=\"robots\" content=\"index, follow, max-snippet:-1, max-image-preview:large, max-video-preview:-1\" \/>\n<link rel=\"canonical\" href=\"https:\/\/lesgribouillisdarthur.fr\/index.php\/produit\/pochons-kit-de-survie-papa-maternite\/\" \/>\n<meta property=\"og:locale\" content=\"fr_FR\" \/>\n<meta property=\"og:type\" content=\"article\" \/>\n<meta property=\"og:title\" content=\"Pochon &quot;kit de survie pour les papas&quot; - Les Gribouillis d&#039;Arthur\" \/>\n<meta property=\"og:description\" content=\"Offrez un kit de survie original pour le futur papa \u00e0 la maternit\u00e9 ! Pochon 100 % polyester personnalisable, pratique et plein d&#039;humour. Fabriqu\u00e9 en France.\" \/>\n<meta property=\"og:url\" content=\"https:\/\/lesgribouillisdarthur.fr\/index.php\/produit\/pochons-kit-de-survie-papa-maternite\/\" \/>\n<meta property=\"og:site_name\" content=\"Les Gribouillis d&#039;Arthur\" \/>\n<meta property=\"article:publisher\" content=\"https:\/\/www.facebook.com\/lesgribouillisdarthur\" \/>\n<meta property=\"article:modified_time\" content=\"2026-04-02T00:50:08+00:00\" \/>\n<meta property=\"og:image\" content=\"https:\/\/lesgribouillisdarthur.fr\/wp-content\/uploads\/2023\/05\/SacMaternitePapaKitde-survie-scaled.jpg\" \/>\n\t<meta property=\"og:image:width\" content=\"2560\" \/>\n\t<meta property=\"og:image:height\" content=\"2560\" \/>\n\t<meta property=\"og:image:type\" content=\"image\/jpeg\" \/>\n<meta name=\"twitter:card\" content=\"summary_large_image\" \/>\n<meta name=\"twitter:label1\" content=\"Dur\u00e9e de lecture estim\u00e9e\" \/>\n\t<meta name=\"twitter:data1\" content=\"2 minutes\" \/>\n<script type=\"application\/ld+json\" class=\"yoast-schema-graph\">{\"@context\":\"https:\\\/\\\/schema.org\",\"@graph\":[{\"@type\":\"WebPage\",\"@id\":\"https:\\\/\\\/lesgribouillisdarthur.fr\\\/index.php\\\/produit\\\/pochons-kit-de-survie-papa-maternite\\\/\",\"url\":\"https:\\\/\\\/lesgribouillisdarthur.fr\\\/index.php\\\/produit\\\/pochons-kit-de-survie-papa-maternite\\\/\",\"name\":\"Pochon \\\"kit de survie pour les papas\\\" - Les Gribouillis d&#039;Arthur\",\"isPartOf\":{\"@id\":\"https:\\\/\\\/lesgribouillisdarthur.fr\\\/#website\"},\"primaryImageOfPage\":{\"@id\":\"https:\\\/\\\/lesgribouillisdarthur.fr\\\/index.php\\\/produit\\\/pochons-kit-de-survie-papa-maternite\\\/#primaryimage\"},\"image\":{\"@id\":\"https:\\\/\\\/lesgribouillisdarthur.fr\\\/index.php\\\/produit\\\/pochons-kit-de-survie-papa-maternite\\\/#primaryimage\"},\"thumbnailUrl\":\"https:\\\/\\\/lesgribouillisdarthur.fr\\\/wp-content\\\/uploads\\\/2023\\\/05\\\/SacMaternitePapaKitde-survie-scaled.jpg\",\"datePublished\":\"2023-05-11T13:55:07+00:00\",\"dateModified\":\"2026-04-02T00:50:08+00:00\",\"description\":\"Offrez un kit de survie original pour le futur papa \u00e0 la maternit\u00e9 ! Pochon 100 % polyester personnalisable, pratique et plein d'humour. Fabriqu\u00e9 en France.\",\"breadcrumb\":{\"@id\":\"https:\\\/\\\/lesgribouillisdarthur.fr\\\/index.php\\\/produit\\\/pochons-kit-de-survie-papa-maternite\\\/#breadcrumb\"},\"inLanguage\":\"fr-FR\",\"potentialAction\":[{\"@type\":\"ReadAction\",\"target\":[\"https:\\\/\\\/lesgribouillisdarthur.fr\\\/index.php\\\/produit\\\/pochons-kit-de-survie-papa-maternite\\\/\"]}]},{\"@type\":\"ImageObject\",\"inLanguage\":\"fr-FR\",\"@id\":\"https:\\\/\\\/lesgribouillisdarthur.fr\\\/index.php\\\/produit\\\/pochons-kit-de-survie-papa-maternite\\\/#primaryimage\",\"url\":\"https:\\\/\\\/lesgribouillisdarthur.fr\\\/wp-content\\\/uploads\\\/2023\\\/05\\\/SacMaternitePapaKitde-survie-scaled.jpg\",\"contentUrl\":\"https:\\\/\\\/lesgribouillisdarthur.fr\\\/wp-content\\\/uploads\\\/2023\\\/05\\\/SacMaternitePapaKitde-survie-scaled.jpg\",\"width\":2560,\"height\":2560},{\"@type\":\"BreadcrumbList\",\"@id\":\"https:\\\/\\\/lesgribouillisdarthur.fr\\\/index.php\\\/produit\\\/pochons-kit-de-survie-papa-maternite\\\/#breadcrumb\",\"itemListElement\":[{\"@type\":\"ListItem\",\"position\":1,\"name\":\"Accueil\",\"item\":\"https:\\\/\\\/lesgribouillisdarthur.fr\\\/\"},{\"@type\":\"ListItem\",\"position\":2,\"name\":\"La boutique\",\"item\":\"https:\\\/\\\/lesgribouillisdarthur.fr\\\/?page_id=6553\"},{\"@type\":\"ListItem\",\"position\":3,\"name\":\"Pochon \u00ab\u00a0kit de survie pour les papas\u00a0\u00bb\"}]},{\"@type\":\"WebSite\",\"@id\":\"https:\\\/\\\/lesgribouillisdarthur.fr\\\/#website\",\"url\":\"https:\\\/\\\/lesgribouillisdarthur.fr\\\/\",\"name\":\"Les Gribouillis d&#039;Arthur\",\"description\":\"Les Gribouillis d&#039;Arthur, cadeaux personnalis\u00e9s pour toute la famille\",\"publisher\":{\"@id\":\"https:\\\/\\\/lesgribouillisdarthur.fr\\\/#organization\"},\"potentialAction\":[{\"@type\":\"SearchAction\",\"target\":{\"@type\":\"EntryPoint\",\"urlTemplate\":\"https:\\\/\\\/lesgribouillisdarthur.fr\\\/?s={search_term_string}\"},\"query-input\":{\"@type\":\"PropertyValueSpecification\",\"valueRequired\":true,\"valueName\":\"search_term_string\"}}],\"inLanguage\":\"fr-FR\"},{\"@type\":\"Organization\",\"@id\":\"https:\\\/\\\/lesgribouillisdarthur.fr\\\/#organization\",\"name\":\"Les Gribouillis d&#039;Arthur\",\"url\":\"https:\\\/\\\/lesgribouillisdarthur.fr\\\/\",\"logo\":{\"@type\":\"ImageObject\",\"inLanguage\":\"fr-FR\",\"@id\":\"https:\\\/\\\/lesgribouillisdarthur.fr\\\/#\\\/schema\\\/logo\\\/image\\\/\",\"url\":\"https:\\\/\\\/lesgribouillisdarthur.fr\\\/wp-content\\\/uploads\\\/2022\\\/10\\\/cropped-cropped-cropped-cropped-cropped-cropped-logo-bleu-1.png\",\"contentUrl\":\"https:\\\/\\\/lesgribouillisdarthur.fr\\\/wp-content\\\/uploads\\\/2022\\\/10\\\/cropped-cropped-cropped-cropped-cropped-cropped-logo-bleu-1.png\",\"width\":254,\"height\":53,\"caption\":\"Les Gribouillis d&#039;Arthur\"},\"image\":{\"@id\":\"https:\\\/\\\/lesgribouillisdarthur.fr\\\/#\\\/schema\\\/logo\\\/image\\\/\"},\"sameAs\":[\"https:\\\/\\\/www.facebook.com\\\/lesgribouillisdarthur\",\"https:\\\/\\\/www.instagram.com\\\/lesgribouillisdarthur\\\/?hl=fr\"]}]}<\/script>\n<!-- \/ Yoast SEO plugin. -->","yoast_head_json":{"title":"Pochon \"kit de survie pour les papas\" - Les Gribouillis d&#039;Arthur","description":"Offrez un kit de survie original pour le futur papa \u00e0 la maternit\u00e9 ! Pochon 100 % polyester personnalisable, pratique et plein d'humour. Fabriqu\u00e9 en France.","robots":{"index":"index","follow":"follow","max-snippet":"max-snippet:-1","max-image-preview":"max-image-preview:large","max-video-preview":"max-video-preview:-1"},"canonical":"https:\/\/lesgribouillisdarthur.fr\/index.php\/produit\/pochons-kit-de-survie-papa-maternite\/","og_locale":"fr_FR","og_type":"article","og_title":"Pochon \"kit de survie pour les papas\" - Les Gribouillis d&#039;Arthur","og_description":"Offrez un kit de survie original pour le futur papa \u00e0 la maternit\u00e9 ! Pochon 100 % polyester personnalisable, pratique et plein d'humour. Fabriqu\u00e9 en France.","og_url":"https:\/\/lesgribouillisdarthur.fr\/index.php\/produit\/pochons-kit-de-survie-papa-maternite\/","og_site_name":"Les Gribouillis d&#039;Arthur","article_publisher":"https:\/\/www.facebook.com\/lesgribouillisdarthur","article_modified_time":"2026-04-02T00:50:08+00:00","og_image":[{"width":2560,"height":2560,"url":"https:\/\/lesgribouillisdarthur.fr\/wp-content\/uploads\/2023\/05\/SacMaternitePapaKitde-survie-scaled.jpg","type":"image\/jpeg"}],"twitter_card":"summary_large_image","twitter_misc":{"Dur\u00e9e de lecture estim\u00e9e":"2 minutes"},"schema":{"@context":"https:\/\/schema.org","@graph":[{"@type":"WebPage","@id":"https:\/\/lesgribouillisdarthur.fr\/index.php\/produit\/pochons-kit-de-survie-papa-maternite\/","url":"https:\/\/lesgribouillisdarthur.fr\/index.php\/produit\/pochons-kit-de-survie-papa-maternite\/","name":"Pochon \"kit de survie pour les papas\" - Les Gribouillis d&#039;Arthur","isPartOf":{"@id":"https:\/\/lesgribouillisdarthur.fr\/#website"},"primaryImageOfPage":{"@id":"https:\/\/lesgribouillisdarthur.fr\/index.php\/produit\/pochons-kit-de-survie-papa-maternite\/#primaryimage"},"image":{"@id":"https:\/\/lesgribouillisdarthur.fr\/index.php\/produit\/pochons-kit-de-survie-papa-maternite\/#primaryimage"},"thumbnailUrl":"https:\/\/lesgribouillisdarthur.fr\/wp-content\/uploads\/2023\/05\/SacMaternitePapaKitde-survie-scaled.jpg","datePublished":"2023-05-11T13:55:07+00:00","dateModified":"2026-04-02T00:50:08+00:00","description":"Offrez un kit de survie original pour le futur papa \u00e0 la maternit\u00e9 ! Pochon 100 % polyester personnalisable, pratique et plein d'humour. Fabriqu\u00e9 en France.","breadcrumb":{"@id":"https:\/\/lesgribouillisdarthur.fr\/index.php\/produit\/pochons-kit-de-survie-papa-maternite\/#breadcrumb"},"inLanguage":"fr-FR","potentialAction":[{"@type":"ReadAction","target":["https:\/\/lesgribouillisdarthur.fr\/index.php\/produit\/pochons-kit-de-survie-papa-maternite\/"]}]},{"@type":"ImageObject","inLanguage":"fr-FR","@id":"https:\/\/lesgribouillisdarthur.fr\/index.php\/produit\/pochons-kit-de-survie-papa-maternite\/#primaryimage","url":"https:\/\/lesgribouillisdarthur.fr\/wp-content\/uploads\/2023\/05\/SacMaternitePapaKitde-survie-scaled.jpg","contentUrl":"https:\/\/lesgribouillisdarthur.fr\/wp-content\/uploads\/2023\/05\/SacMaternitePapaKitde-survie-scaled.jpg","width":2560,"height":2560},{"@type":"BreadcrumbList","@id":"https:\/\/lesgribouillisdarthur.fr\/index.php\/produit\/pochons-kit-de-survie-papa-maternite\/#breadcrumb","itemListElement":[{"@type":"ListItem","position":1,"name":"Accueil","item":"https:\/\/lesgribouillisdarthur.fr\/"},{"@type":"ListItem","position":2,"name":"La boutique","item":"https:\/\/lesgribouillisdarthur.fr\/?page_id=6553"},{"@type":"ListItem","position":3,"name":"Pochon \u00ab\u00a0kit de survie pour les papas\u00a0\u00bb"}]},{"@type":"WebSite","@id":"https:\/\/lesgribouillisdarthur.fr\/#website","url":"https:\/\/lesgribouillisdarthur.fr\/","name":"Les Gribouillis d&#039;Arthur","description":"Les Gribouillis d&#039;Arthur, cadeaux personnalis\u00e9s pour toute la famille","publisher":{"@id":"https:\/\/lesgribouillisdarthur.fr\/#organization"},"potentialAction":[{"@type":"SearchAction","target":{"@type":"EntryPoint","urlTemplate":"https:\/\/lesgribouillisdarthur.fr\/?s={search_term_string}"},"query-input":{"@type":"PropertyValueSpecification","valueRequired":true,"valueName":"search_term_string"}}],"inLanguage":"fr-FR"},{"@type":"Organization","@id":"https:\/\/lesgribouillisdarthur.fr\/#organization","name":"Les Gribouillis d&#039;Arthur","url":"https:\/\/lesgribouillisdarthur.fr\/","logo":{"@type":"ImageObject","inLanguage":"fr-FR","@id":"https:\/\/lesgribouillisdarthur.fr\/#\/schema\/logo\/image\/","url":"https:\/\/lesgribouillisdarthur.fr\/wp-content\/uploads\/2022\/10\/cropped-cropped-cropped-cropped-cropped-cropped-logo-bleu-1.png","contentUrl":"https:\/\/lesgribouillisdarthur.fr\/wp-content\/uploads\/2022\/10\/cropped-cropped-cropped-cropped-cropped-cropped-logo-bleu-1.png","width":254,"height":53,"caption":"Les Gribouillis d&#039;Arthur"},"image":{"@id":"https:\/\/lesgribouillisdarthur.fr\/#\/schema\/logo\/image\/"},"sameAs":["https:\/\/www.facebook.com\/lesgribouillisdarthur","https:\/\/www.instagram.com\/lesgribouillisdarthur\/?hl=fr"]}]}},"uagb_featured_image_src":{"full":["https:\/\/lesgribouillisdarthur.fr\/wp-content\/uploads\/2023\/05\/SacMaternitePapaKitde-survie-scaled.jpg",2560,2560,false],"thumbnail":["https:\/\/lesgribouillisdarthur.fr\/wp-content\/uploads\/2023\/05\/SacMaternitePapaKitde-survie-150x150.jpg",150,150,true],"medium":["https:\/\/lesgribouillisdarthur.fr\/wp-content\/uploads\/2023\/05\/SacMaternitePapaKitde-survie-300x300.jpg",300,300,true],"medium_large":["https:\/\/lesgribouillisdarthur.fr\/wp-content\/uploads\/2023\/05\/SacMaternitePapaKitde-survie-768x768.jpg",768,768,true],"large":["https:\/\/lesgribouillisdarthur.fr\/wp-content\/uploads\/2023\/05\/SacMaternitePapaKitde-survie-1024x1024.jpg",300,300,true],"1536x1536":["https:\/\/lesgribouillisdarthur.fr\/wp-content\/uploads\/2023\/05\/SacMaternitePapaKitde-survie-1536x1536.jpg",1536,1536,true],"2048x2048":["https:\/\/lesgribouillisdarthur.fr\/wp-content\/uploads\/2023\/05\/SacMaternitePapaKitde-survie-2048x2048.jpg",2048,2048,true],"woocommerce_thumbnail":["https:\/\/lesgribouillisdarthur.fr\/wp-content\/uploads\/2023\/05\/SacMaternitePapaKitde-survie-scaled-1200x1200.jpg",1200,1200,true],"woocommerce_single":["https:\/\/lesgribouillisdarthur.fr\/wp-content\/uploads\/2023\/05\/SacMaternitePapaKitde-survie-scaled-1200x1200.jpg",1200,1200,true],"woocommerce_gallery_thumbnail":["https:\/\/lesgribouillisdarthur.fr\/wp-content\/uploads\/2023\/05\/SacMaternitePapaKitde-survie-scaled-100x100.jpg",100,100,true]},"uagb_author_info":{"display_name":"admin7680","author_link":"https:\/\/lesgribouillisdarthur.fr\/index.php\/author\/"},"uagb_comment_info":11,"uagb_excerpt":"\ud83d\ude0e\ud83c\udf7c Le kit de survie du super papa en mission maternit\u00e9 ! Un pochon personnalisable pour affronter couches, biberons &amp; \u00e9motions\u2026 avec style et humour \ud83d\udcaa\ud83c\udf81","_links":{"self":[{"href":"https:\/\/lesgribouillisdarthur.fr\/index.php\/wp-json\/wp\/v2\/product\/7175","targetHints":{"allow":["GET"]}}],"collection":[{"href":"https:\/\/lesgribouillisdarthur.fr\/index.php\/wp-json\/wp\/v2\/product"}],"about":[{"href":"https:\/\/lesgribouillisdarthur.fr\/index.php\/wp-json\/wp\/v2\/types\/product"}],"replies":[{"embeddable":true,"href":"https:\/\/lesgribouillisdarthur.fr\/index.php\/wp-json\/wp\/v2\/comments?post=7175"}],"wp:featuredmedia":[{"embeddable":true,"href":"https:\/\/lesgribouillisdarthur.fr\/index.php\/wp-json\/wp\/v2\/media\/7176"}],"wp:attachment":[{"href":"https:\/\/lesgribouillisdarthur.fr\/index.php\/wp-json\/wp\/v2\/media?parent=7175"}],"wp:term":[{"taxonomy":"product_brand","embeddable":true,"href":"https:\/\/lesgribouillisdarthur.fr\/index.php\/wp-json\/wp\/v2\/product_brand?post=7175"},{"taxonomy":"product_cat","embeddable":true,"href":"https:\/\/lesgribouillisdarthur.fr\/index.php\/wp-json\/wp\/v2\/product_cat?post=7175"},{"taxonomy":"product_tag","embeddable":true,"href":"https:\/\/lesgribouillisdarthur.fr\/index.php\/wp-json\/wp\/v2\/product_tag?post=7175"}],"curies":[{"name":"wp","href":"https:\/\/api.w.org\/{rel}","templated":true}]}}