{"id":7272,"date":"2023-07-20T15:45:21","date_gmt":"2023-07-20T13:45:21","guid":{"rendered":"https:\/\/lesgribouillisdarthur.fr\/?post_type=product&#038;p=7272"},"modified":"2023-08-18T10:57:49","modified_gmt":"2023-08-18T08:57:49","slug":"reveil-personnalise-couleurs-changeante","status":"publish","type":"product","link":"https:\/\/lesgribouillisdarthur.fr\/index.php\/produit\/reveil-personnalise-couleurs-changeante\/","title":{"rendered":"R\u00e9veil personnalis\u00e9"},"content":{"rendered":"<p><strong>R\u00e9veil personnalis\u00e9<\/strong><\/p>\n<p>Choisissez un r\u00e9veil unique et diff\u00e9rent de tous les autres !<\/p>\n<p>Ce r\u00e9veil personnalisable est id\u00e9al comme premier r\u00e9veil pour votre enfant. La lecture facile de l\u2019heure sur le cadran permet un apprentissage facile et ludique avec les 7 couleurs changeantes.<\/p>\n<p>De plus sont design personnalis\u00e9 avec son pr\u00e9nom et une photo de votre choix en option suppl\u00e9mentaire rendra ce r\u00e9veil unique \u00e0 ses yeux.<\/p>\n<p>Plusieurs th\u00e8mes sont disponibles, dinos, animaux de la ferme, danseuse, licornes, &#8230;<\/p>\n<div><\/div>\n<div>\n<p>Vous souhaitez mettre la photo de votre enfant ou de votre famille sur l&rsquo;une des faces ? C&rsquo;est possible en choisissant\u00a0l&rsquo;option\u00a0+ photo. Apr\u00e8s le paiement de votre commande envoyez votre photo \u00e0 cette adresse mail avec le n\u00b0 de votre commande\u00a0<a href=\"mailto:lesgribouillisdarthur@gmail.fr\" target=\"_blank\" rel=\"noopener\">lesgribouillisdarthur@gmail.fr<\/a><wbr \/>.<\/p>\n<p>N\u2019h\u00e9sitez pas \u00e0 chercher sur notre site le mod\u00e8le qui plaira \u00e0 votre enfant.<\/p>\n<p>Pour vous parents le petit plus ! L\u2019affichage de la temp\u00e9rature de la pi\u00e8ce.<\/p>\n<p>Caract\u00e9ristiques du produit<\/p>\n<p>Tailles: 7,8 cm (largeur) x 7,8 cm (longueur) x 7,8 cm (profondeur)<br \/>\nSa surface change de couleur.<br \/>\nN\u00e9cessite: 3 piles AAA non incluses<br \/>\nComprend une fonction de r\u00e9veil. Plusieurs sons au choix.<br \/>\nMati\u00e8re plastique.<\/p>\n<p>Attention les couleurs peuvent varier de votre \u00e9cran au produit.<\/p>\n<p>Les envois sont par Mondial Relay ou colissimo si sur-classement. Un num\u00e9ro est renseign\u00e9 pour suivre votre commande.<\/p>\n<p>Je ne peux pas garantir les d\u00e9lais et ma responsabilit\u00e9 ne peut pas \u00eatre engag\u00e9e en cas de retard ou de perte de votre commande.<\/p>\n<p>Ces r\u00e9veils sont tous imprim\u00e9s illustr\u00e9s dans mon atelier \u00e0 Lapte en Haute-Loire (43) !<\/p>\n<\/div>\n<div><\/div>\n<div>Pour trouver d\u2019autre mod\u00e8le\u00a0cliquez ici.<br \/>\nJe suis \u00e9galement sur les r\u00e9seaux, alors suivez moi :<br \/>\nFacebook : <a href=\"https:\/\/www.facebook.com\/lesgribouillisdarthur\" target=\"_blank\" rel=\"noopener\">@LesgribouillisdArthur<\/a><br \/>\nInstagram : <a href=\"https:\/\/instagram.com\/lesgribouillisdarthur?igshid=YmMyMTA2M2Y\" target=\"_blank\" rel=\"noopener\">@LesGribouillisd\u2019Arthur<\/a>\u00a9 Les gribouillis d\u2019Arthur \u2013 Tous droits de reproduction interdits.<\/div>\n","protected":false},"excerpt":{"rendered":"<p>Ce r\u00e9veil personnalisable est id\u00e9al comme premier r\u00e9veil pour votre enfant. La lecture facile de l\u2019heure sur le cadran permet un apprentissage facile et ludique avec les 7 couleurs changeantes.<\/p>\n<p>De plus sont design personnalis\u00e9 avec son pr\u00e9nom et une photo de votre choix en option suppl\u00e9mentaire rendra ce r\u00e9veil unique \u00e0 ses yeux.<\/p>\n<p>Plusieurs th\u00e8mes sont disponibles, dinos, animaux de la ferme, danseuse, licornes, &#8230;<\/p>\n","protected":false},"featured_media":7278,"comment_status":"open","ping_status":"closed","template":"","meta":{"_uag_custom_page_level_css":"","_monsterinsights_skip_tracking":false,"_monsterinsights_sitenote_active":false,"_monsterinsights_sitenote_note":"","_monsterinsights_sitenote_category":0,"site-sidebar-layout":"default","site-content-layout":"default","ast-site-content-layout":"default","site-content-style":"default","site-sidebar-style":"default","ast-global-header-display":"","ast-banner-title-visibility":"","ast-main-header-display":"","ast-hfb-above-header-display":"","ast-hfb-below-header-display":"","ast-hfb-mobile-header-display":"","site-post-title":"","ast-breadcrumbs-content":"","ast-featured-img":"","footer-sml-layout":"","theme-transparent-header-meta":"default","adv-header-id-meta":"","stick-header-meta":"","header-above-stick-meta":"","header-main-stick-meta":"","header-below-stick-meta":"","astra-migrate-meta-layouts":"set","ast-page-background-enabled":"default","ast-page-background-meta":{"desktop":{"background-color":"","background-image":"","background-repeat":"repeat","background-position":"center center","background-size":"auto","background-attachment":"scroll","background-type":"","background-media":"","overlay-type":"","overlay-color":"","overlay-opacity":"","overlay-gradient":""},"tablet":{"background-color":"","background-image":"","background-repeat":"repeat","background-position":"center center","background-size":"auto","background-attachment":"scroll","background-type":"","background-media":"","overlay-type":"","overlay-color":"","overlay-opacity":"","overlay-gradient":""},"mobile":{"background-color":"","background-image":"","background-repeat":"repeat","background-position":"center center","background-size":"auto","background-attachment":"scroll","background-type":"","background-media":"","overlay-type":"","overlay-color":"","overlay-opacity":"","overlay-gradient":""}},"ast-content-background-meta":{"desktop":{"background-color":"var(--ast-global-color-5)","background-image":"","background-repeat":"repeat","background-position":"center center","background-size":"auto","background-attachment":"scroll","background-type":"","background-media":"","overlay-type":"","overlay-color":"","overlay-opacity":"","overlay-gradient":""},"tablet":{"background-color":"var(--ast-global-color-5)","background-image":"","background-repeat":"repeat","background-position":"center center","background-size":"auto","background-attachment":"scroll","background-type":"","background-media":"","overlay-type":"","overlay-color":"","overlay-opacity":"","overlay-gradient":""},"mobile":{"background-color":"var(--ast-global-color-5)","background-image":"","background-repeat":"repeat","background-position":"center center","background-size":"auto","background-attachment":"scroll","background-type":"","background-media":"","overlay-type":"","overlay-color":"","overlay-opacity":"","overlay-gradient":""}},"_themeisle_gutenberg_block_has_review":false},"product_brand":[],"product_cat":[136],"product_tag":[],"class_list":{"0":"post-7272","1":"product","2":"type-product","3":"status-publish","4":"has-post-thumbnail","6":"product_cat-reveils","7":"desktop-align-center","8":"tablet-align-left","9":"mobile-align-left","10":"wcpa_has_options","12":"first","13":"instock","14":"taxable","15":"shipping-taxable","16":"purchasable","17":"product-type-simple"},"yoast_head":"<!-- This site is optimized with the Yoast SEO plugin v27.4 - https:\/\/yoast.com\/product\/yoast-seo-wordpress\/ -->\n<title>R\u00e9veil personnalis\u00e9 - Les Gribouillis d&#039;Arthur<\/title>\n<meta name=\"description\" content=\"Ce r\u00e9veil personnalisable est id\u00e9al comme premier r\u00e9veil pour votre enfant. La lecture facile de l\u2019heure sur le cadran permet un apprentissage facile.\" \/>\n<meta name=\"robots\" content=\"index, follow, max-snippet:-1, max-image-preview:large, max-video-preview:-1\" \/>\n<link rel=\"canonical\" href=\"https:\/\/lesgribouillisdarthur.fr\/index.php\/produit\/reveil-personnalise-couleurs-changeante\/\" \/>\n<meta property=\"og:locale\" content=\"fr_FR\" \/>\n<meta property=\"og:type\" content=\"article\" \/>\n<meta property=\"og:title\" content=\"R\u00e9veil personnalis\u00e9 - Les Gribouillis d&#039;Arthur\" \/>\n<meta property=\"og:description\" content=\"Ce r\u00e9veil personnalisable est id\u00e9al comme premier r\u00e9veil pour votre enfant. La lecture facile de l\u2019heure sur le cadran permet un apprentissage facile.\" \/>\n<meta property=\"og:url\" content=\"https:\/\/lesgribouillisdarthur.fr\/index.php\/produit\/reveil-personnalise-couleurs-changeante\/\" \/>\n<meta property=\"og:site_name\" content=\"Les Gribouillis d&#039;Arthur\" \/>\n<meta property=\"article:publisher\" content=\"https:\/\/www.facebook.com\/lesgribouillisdarthur\" \/>\n<meta property=\"article:modified_time\" content=\"2023-08-18T08:57:49+00:00\" \/>\n<meta property=\"og:image\" content=\"https:\/\/lesgribouillisdarthur.fr\/wp-content\/uploads\/2023\/07\/Reveil-jungle-scaled.jpg\" \/>\n\t<meta property=\"og:image:width\" content=\"2560\" \/>\n\t<meta property=\"og:image:height\" content=\"2560\" \/>\n\t<meta property=\"og:image:type\" content=\"image\/jpeg\" \/>\n<meta name=\"twitter:card\" content=\"summary_large_image\" \/>\n<meta name=\"twitter:label1\" content=\"Dur\u00e9e de lecture estim\u00e9e\" \/>\n\t<meta name=\"twitter:data1\" content=\"2 minutes\" \/>\n<script type=\"application\/ld+json\" class=\"yoast-schema-graph\">{\"@context\":\"https:\\\/\\\/schema.org\",\"@graph\":[{\"@type\":\"WebPage\",\"@id\":\"https:\\\/\\\/lesgribouillisdarthur.fr\\\/index.php\\\/produit\\\/reveil-personnalise-couleurs-changeante\\\/\",\"url\":\"https:\\\/\\\/lesgribouillisdarthur.fr\\\/index.php\\\/produit\\\/reveil-personnalise-couleurs-changeante\\\/\",\"name\":\"R\u00e9veil personnalis\u00e9 - Les Gribouillis d&#039;Arthur\",\"isPartOf\":{\"@id\":\"https:\\\/\\\/lesgribouillisdarthur.fr\\\/#website\"},\"primaryImageOfPage\":{\"@id\":\"https:\\\/\\\/lesgribouillisdarthur.fr\\\/index.php\\\/produit\\\/reveil-personnalise-couleurs-changeante\\\/#primaryimage\"},\"image\":{\"@id\":\"https:\\\/\\\/lesgribouillisdarthur.fr\\\/index.php\\\/produit\\\/reveil-personnalise-couleurs-changeante\\\/#primaryimage\"},\"thumbnailUrl\":\"https:\\\/\\\/lesgribouillisdarthur.fr\\\/wp-content\\\/uploads\\\/2023\\\/07\\\/Reveil-jungle-scaled.jpg\",\"datePublished\":\"2023-07-20T13:45:21+00:00\",\"dateModified\":\"2023-08-18T08:57:49+00:00\",\"description\":\"Ce r\u00e9veil personnalisable est id\u00e9al comme premier r\u00e9veil pour votre enfant. La lecture facile de l\u2019heure sur le cadran permet un apprentissage facile.\",\"breadcrumb\":{\"@id\":\"https:\\\/\\\/lesgribouillisdarthur.fr\\\/index.php\\\/produit\\\/reveil-personnalise-couleurs-changeante\\\/#breadcrumb\"},\"inLanguage\":\"fr-FR\",\"potentialAction\":[{\"@type\":\"ReadAction\",\"target\":[\"https:\\\/\\\/lesgribouillisdarthur.fr\\\/index.php\\\/produit\\\/reveil-personnalise-couleurs-changeante\\\/\"]}]},{\"@type\":\"ImageObject\",\"inLanguage\":\"fr-FR\",\"@id\":\"https:\\\/\\\/lesgribouillisdarthur.fr\\\/index.php\\\/produit\\\/reveil-personnalise-couleurs-changeante\\\/#primaryimage\",\"url\":\"https:\\\/\\\/lesgribouillisdarthur.fr\\\/wp-content\\\/uploads\\\/2023\\\/07\\\/Reveil-jungle-scaled.jpg\",\"contentUrl\":\"https:\\\/\\\/lesgribouillisdarthur.fr\\\/wp-content\\\/uploads\\\/2023\\\/07\\\/Reveil-jungle-scaled.jpg\",\"width\":2560,\"height\":2560},{\"@type\":\"BreadcrumbList\",\"@id\":\"https:\\\/\\\/lesgribouillisdarthur.fr\\\/index.php\\\/produit\\\/reveil-personnalise-couleurs-changeante\\\/#breadcrumb\",\"itemListElement\":[{\"@type\":\"ListItem\",\"position\":1,\"name\":\"Accueil\",\"item\":\"https:\\\/\\\/lesgribouillisdarthur.fr\\\/\"},{\"@type\":\"ListItem\",\"position\":2,\"name\":\"La boutique\",\"item\":\"https:\\\/\\\/lesgribouillisdarthur.fr\\\/?page_id=6553\"},{\"@type\":\"ListItem\",\"position\":3,\"name\":\"R\u00e9veil personnalis\u00e9\"}]},{\"@type\":\"WebSite\",\"@id\":\"https:\\\/\\\/lesgribouillisdarthur.fr\\\/#website\",\"url\":\"https:\\\/\\\/lesgribouillisdarthur.fr\\\/\",\"name\":\"Les Gribouillis d&#039;Arthur\",\"description\":\"Les Gribouillis d&#039;Arthur, cadeaux personnalis\u00e9s pour toute la famille\",\"publisher\":{\"@id\":\"https:\\\/\\\/lesgribouillisdarthur.fr\\\/#organization\"},\"potentialAction\":[{\"@type\":\"SearchAction\",\"target\":{\"@type\":\"EntryPoint\",\"urlTemplate\":\"https:\\\/\\\/lesgribouillisdarthur.fr\\\/?s={search_term_string}\"},\"query-input\":{\"@type\":\"PropertyValueSpecification\",\"valueRequired\":true,\"valueName\":\"search_term_string\"}}],\"inLanguage\":\"fr-FR\"},{\"@type\":\"Organization\",\"@id\":\"https:\\\/\\\/lesgribouillisdarthur.fr\\\/#organization\",\"name\":\"Les Gribouillis d&#039;Arthur\",\"url\":\"https:\\\/\\\/lesgribouillisdarthur.fr\\\/\",\"logo\":{\"@type\":\"ImageObject\",\"inLanguage\":\"fr-FR\",\"@id\":\"https:\\\/\\\/lesgribouillisdarthur.fr\\\/#\\\/schema\\\/logo\\\/image\\\/\",\"url\":\"https:\\\/\\\/lesgribouillisdarthur.fr\\\/wp-content\\\/uploads\\\/2022\\\/10\\\/cropped-cropped-cropped-cropped-cropped-cropped-logo-bleu-1.png\",\"contentUrl\":\"https:\\\/\\\/lesgribouillisdarthur.fr\\\/wp-content\\\/uploads\\\/2022\\\/10\\\/cropped-cropped-cropped-cropped-cropped-cropped-logo-bleu-1.png\",\"width\":254,\"height\":53,\"caption\":\"Les Gribouillis d&#039;Arthur\"},\"image\":{\"@id\":\"https:\\\/\\\/lesgribouillisdarthur.fr\\\/#\\\/schema\\\/logo\\\/image\\\/\"},\"sameAs\":[\"https:\\\/\\\/www.facebook.com\\\/lesgribouillisdarthur\",\"https:\\\/\\\/www.instagram.com\\\/lesgribouillisdarthur\\\/?hl=fr\"]}]}<\/script>\n<!-- \/ Yoast SEO plugin. -->","yoast_head_json":{"title":"R\u00e9veil personnalis\u00e9 - Les Gribouillis d&#039;Arthur","description":"Ce r\u00e9veil personnalisable est id\u00e9al comme premier r\u00e9veil pour votre enfant. La lecture facile de l\u2019heure sur le cadran permet un apprentissage facile.","robots":{"index":"index","follow":"follow","max-snippet":"max-snippet:-1","max-image-preview":"max-image-preview:large","max-video-preview":"max-video-preview:-1"},"canonical":"https:\/\/lesgribouillisdarthur.fr\/index.php\/produit\/reveil-personnalise-couleurs-changeante\/","og_locale":"fr_FR","og_type":"article","og_title":"R\u00e9veil personnalis\u00e9 - Les Gribouillis d&#039;Arthur","og_description":"Ce r\u00e9veil personnalisable est id\u00e9al comme premier r\u00e9veil pour votre enfant. La lecture facile de l\u2019heure sur le cadran permet un apprentissage facile.","og_url":"https:\/\/lesgribouillisdarthur.fr\/index.php\/produit\/reveil-personnalise-couleurs-changeante\/","og_site_name":"Les Gribouillis d&#039;Arthur","article_publisher":"https:\/\/www.facebook.com\/lesgribouillisdarthur","article_modified_time":"2023-08-18T08:57:49+00:00","og_image":[{"width":2560,"height":2560,"url":"https:\/\/lesgribouillisdarthur.fr\/wp-content\/uploads\/2023\/07\/Reveil-jungle-scaled.jpg","type":"image\/jpeg"}],"twitter_card":"summary_large_image","twitter_misc":{"Dur\u00e9e de lecture estim\u00e9e":"2 minutes"},"schema":{"@context":"https:\/\/schema.org","@graph":[{"@type":"WebPage","@id":"https:\/\/lesgribouillisdarthur.fr\/index.php\/produit\/reveil-personnalise-couleurs-changeante\/","url":"https:\/\/lesgribouillisdarthur.fr\/index.php\/produit\/reveil-personnalise-couleurs-changeante\/","name":"R\u00e9veil personnalis\u00e9 - Les Gribouillis d&#039;Arthur","isPartOf":{"@id":"https:\/\/lesgribouillisdarthur.fr\/#website"},"primaryImageOfPage":{"@id":"https:\/\/lesgribouillisdarthur.fr\/index.php\/produit\/reveil-personnalise-couleurs-changeante\/#primaryimage"},"image":{"@id":"https:\/\/lesgribouillisdarthur.fr\/index.php\/produit\/reveil-personnalise-couleurs-changeante\/#primaryimage"},"thumbnailUrl":"https:\/\/lesgribouillisdarthur.fr\/wp-content\/uploads\/2023\/07\/Reveil-jungle-scaled.jpg","datePublished":"2023-07-20T13:45:21+00:00","dateModified":"2023-08-18T08:57:49+00:00","description":"Ce r\u00e9veil personnalisable est id\u00e9al comme premier r\u00e9veil pour votre enfant. La lecture facile de l\u2019heure sur le cadran permet un apprentissage facile.","breadcrumb":{"@id":"https:\/\/lesgribouillisdarthur.fr\/index.php\/produit\/reveil-personnalise-couleurs-changeante\/#breadcrumb"},"inLanguage":"fr-FR","potentialAction":[{"@type":"ReadAction","target":["https:\/\/lesgribouillisdarthur.fr\/index.php\/produit\/reveil-personnalise-couleurs-changeante\/"]}]},{"@type":"ImageObject","inLanguage":"fr-FR","@id":"https:\/\/lesgribouillisdarthur.fr\/index.php\/produit\/reveil-personnalise-couleurs-changeante\/#primaryimage","url":"https:\/\/lesgribouillisdarthur.fr\/wp-content\/uploads\/2023\/07\/Reveil-jungle-scaled.jpg","contentUrl":"https:\/\/lesgribouillisdarthur.fr\/wp-content\/uploads\/2023\/07\/Reveil-jungle-scaled.jpg","width":2560,"height":2560},{"@type":"BreadcrumbList","@id":"https:\/\/lesgribouillisdarthur.fr\/index.php\/produit\/reveil-personnalise-couleurs-changeante\/#breadcrumb","itemListElement":[{"@type":"ListItem","position":1,"name":"Accueil","item":"https:\/\/lesgribouillisdarthur.fr\/"},{"@type":"ListItem","position":2,"name":"La boutique","item":"https:\/\/lesgribouillisdarthur.fr\/?page_id=6553"},{"@type":"ListItem","position":3,"name":"R\u00e9veil personnalis\u00e9"}]},{"@type":"WebSite","@id":"https:\/\/lesgribouillisdarthur.fr\/#website","url":"https:\/\/lesgribouillisdarthur.fr\/","name":"Les Gribouillis d&#039;Arthur","description":"Les Gribouillis d&#039;Arthur, cadeaux personnalis\u00e9s pour toute la famille","publisher":{"@id":"https:\/\/lesgribouillisdarthur.fr\/#organization"},"potentialAction":[{"@type":"SearchAction","target":{"@type":"EntryPoint","urlTemplate":"https:\/\/lesgribouillisdarthur.fr\/?s={search_term_string}"},"query-input":{"@type":"PropertyValueSpecification","valueRequired":true,"valueName":"search_term_string"}}],"inLanguage":"fr-FR"},{"@type":"Organization","@id":"https:\/\/lesgribouillisdarthur.fr\/#organization","name":"Les Gribouillis d&#039;Arthur","url":"https:\/\/lesgribouillisdarthur.fr\/","logo":{"@type":"ImageObject","inLanguage":"fr-FR","@id":"https:\/\/lesgribouillisdarthur.fr\/#\/schema\/logo\/image\/","url":"https:\/\/lesgribouillisdarthur.fr\/wp-content\/uploads\/2022\/10\/cropped-cropped-cropped-cropped-cropped-cropped-logo-bleu-1.png","contentUrl":"https:\/\/lesgribouillisdarthur.fr\/wp-content\/uploads\/2022\/10\/cropped-cropped-cropped-cropped-cropped-cropped-logo-bleu-1.png","width":254,"height":53,"caption":"Les Gribouillis d&#039;Arthur"},"image":{"@id":"https:\/\/lesgribouillisdarthur.fr\/#\/schema\/logo\/image\/"},"sameAs":["https:\/\/www.facebook.com\/lesgribouillisdarthur","https:\/\/www.instagram.com\/lesgribouillisdarthur\/?hl=fr"]}]}},"uagb_featured_image_src":{"full":["https:\/\/lesgribouillisdarthur.fr\/wp-content\/uploads\/2023\/07\/Reveil-jungle-scaled.jpg",2560,2560,false],"thumbnail":["https:\/\/lesgribouillisdarthur.fr\/wp-content\/uploads\/2023\/07\/Reveil-jungle-150x150.jpg",150,150,true],"medium":["https:\/\/lesgribouillisdarthur.fr\/wp-content\/uploads\/2023\/07\/Reveil-jungle-300x300.jpg",300,300,true],"medium_large":["https:\/\/lesgribouillisdarthur.fr\/wp-content\/uploads\/2023\/07\/Reveil-jungle-768x768.jpg",768,768,true],"large":["https:\/\/lesgribouillisdarthur.fr\/wp-content\/uploads\/2023\/07\/Reveil-jungle-1024x1024.jpg",300,300,true],"1536x1536":["https:\/\/lesgribouillisdarthur.fr\/wp-content\/uploads\/2023\/07\/Reveil-jungle-1536x1536.jpg",1536,1536,true],"2048x2048":["https:\/\/lesgribouillisdarthur.fr\/wp-content\/uploads\/2023\/07\/Reveil-jungle-2048x2048.jpg",2048,2048,true],"woocommerce_thumbnail":["https:\/\/lesgribouillisdarthur.fr\/wp-content\/uploads\/2023\/07\/Reveil-jungle-scaled-1200x1200.jpg",1200,1200,true],"woocommerce_single":["https:\/\/lesgribouillisdarthur.fr\/wp-content\/uploads\/2023\/07\/Reveil-jungle-scaled-1200x1200.jpg",1200,1200,true],"woocommerce_gallery_thumbnail":["https:\/\/lesgribouillisdarthur.fr\/wp-content\/uploads\/2023\/07\/Reveil-jungle-scaled-100x100.jpg",100,100,true]},"uagb_author_info":{"display_name":"admin7680","author_link":"https:\/\/lesgribouillisdarthur.fr\/index.php\/author\/"},"uagb_comment_info":0,"uagb_excerpt":"Ce r\u00e9veil personnalisable est id\u00e9al comme premier r\u00e9veil pour votre enfant. La lecture facile de l\u2019heure sur le cadran permet un apprentissage facile et ludique avec les 7 couleurs changeantes. De plus sont design personnalis\u00e9 avec son pr\u00e9nom et une photo de votre choix en option suppl\u00e9mentaire rendra ce r\u00e9veil unique \u00e0 ses yeux. Plusieurs\u2026","_links":{"self":[{"href":"https:\/\/lesgribouillisdarthur.fr\/index.php\/wp-json\/wp\/v2\/product\/7272","targetHints":{"allow":["GET"]}}],"collection":[{"href":"https:\/\/lesgribouillisdarthur.fr\/index.php\/wp-json\/wp\/v2\/product"}],"about":[{"href":"https:\/\/lesgribouillisdarthur.fr\/index.php\/wp-json\/wp\/v2\/types\/product"}],"replies":[{"embeddable":true,"href":"https:\/\/lesgribouillisdarthur.fr\/index.php\/wp-json\/wp\/v2\/comments?post=7272"}],"wp:featuredmedia":[{"embeddable":true,"href":"https:\/\/lesgribouillisdarthur.fr\/index.php\/wp-json\/wp\/v2\/media\/7278"}],"wp:attachment":[{"href":"https:\/\/lesgribouillisdarthur.fr\/index.php\/wp-json\/wp\/v2\/media?parent=7272"}],"wp:term":[{"taxonomy":"product_brand","embeddable":true,"href":"https:\/\/lesgribouillisdarthur.fr\/index.php\/wp-json\/wp\/v2\/product_brand?post=7272"},{"taxonomy":"product_cat","embeddable":true,"href":"https:\/\/lesgribouillisdarthur.fr\/index.php\/wp-json\/wp\/v2\/product_cat?post=7272"},{"taxonomy":"product_tag","embeddable":true,"href":"https:\/\/lesgribouillisdarthur.fr\/index.php\/wp-json\/wp\/v2\/product_tag?post=7272"}],"curies":[{"name":"wp","href":"https:\/\/api.w.org\/{rel}","templated":true}]}}