{"id":7427,"date":"2023-09-19T16:24:13","date_gmt":"2023-09-19T14:24:13","guid":{"rendered":"https:\/\/lesgribouillisdarthur.fr\/?post_type=product&#038;p=7427"},"modified":"2025-09-19T17:26:46","modified_gmt":"2025-09-19T15:26:46","slug":"planche-a-decouper-papi-qui-dechire","status":"publish","type":"product","link":"https:\/\/lesgribouillisdarthur.fr\/index.php\/produit\/planche-a-decouper-papi-qui-dechire\/","title":{"rendered":"Planche \u00e0 d\u00e9couper \u00ab\u00a0Papi qui d\u00e9chire\u00a0\u00bb"},"content":{"rendered":"<h2 data-start=\"80\" data-end=\"127\">Planche \u00e0 d\u00e9couper \u00abPapi qui d\u00e9chire\u00bb \ud83e\udd52\ud83c\udf45<\/h2>\n<p data-start=\"129\" data-end=\"386\">Offrez un cadeau unique et pratique avec la <strong data-start=\"173\" data-end=\"214\">Planche \u00e0 d\u00e9couper \u00abPapi qui d\u00e9chire\u00bb<\/strong>. Ce pr\u00e9sent original apporte de la joie en cuisine et fait sourire \u00e0 chaque pr\u00e9paration. Gr\u00e2ce \u00e0 son style moderne, elle s\u2019int\u00e8gre parfaitement dans toutes les cuisines.<\/p>\n<p data-start=\"388\" data-end=\"692\">En plus, la <strong data-start=\"400\" data-end=\"441\">Planche \u00e0 d\u00e9couper \u00abPapi qui d\u00e9chire\u00bb<\/strong> s\u00e9duit par sa robustesse. En effet, son mat\u00e9riau en verre assure une grande r\u00e9sistance et une hygi\u00e8ne optimale. Vous pouvez couper l\u00e9gumes, viandes ou fruits sans souci. De plus, son design pratique en fait un accessoire indispensable au quotidien.<\/p>\n<p data-start=\"694\" data-end=\"913\">Ensuite, cette planche personnalis\u00e9e devient un vrai symbole d\u2019amour et d\u2019humour. Elle montre \u00e0 votre grand-p\u00e8re combien il compte pour vous. Elle transforme chaque moment en cuisine en instant complice et chaleureux.<\/p>\n<p data-start=\"915\" data-end=\"1117\">Enfin, la <strong data-start=\"925\" data-end=\"966\">Planche \u00e0 d\u00e9couper \u00abPapi qui d\u00e9chire\u00bb<\/strong> reste facile \u00e0 entretenir. Placez-la simplement au lave-vaisselle pour un nettoyage rapide. Pas de tracas, elle retrouve tout son \u00e9clat sans effort.<\/p>\n<hr data-start=\"1119\" data-end=\"1122\" \/>\n<h3 data-start=\"1124\" data-end=\"1153\">Descriptif du produit :<\/h3>\n<ul data-start=\"1154\" data-end=\"1231\">\n<li data-start=\"1154\" data-end=\"1188\">\n<p data-start=\"1156\" data-end=\"1188\">Mat\u00e9riau de la planche : verre<\/p>\n<\/li>\n<li data-start=\"1189\" data-end=\"1211\">\n<p data-start=\"1191\" data-end=\"1211\">Taille: 210&#215;280 mm<\/p>\n<\/li>\n<li data-start=\"1212\" data-end=\"1231\">\n<p data-start=\"1214\" data-end=\"1231\">\u00c9paisseur : 0.4<\/p>\n<\/li>\n<\/ul>\n<p data-start=\"1233\" data-end=\"1305\">Enfin, ce produit est parfaitement adapt\u00e9 au lavage en lave-vaisselle.<\/p>\n<p data-start=\"1233\" data-end=\"1305\">Une fois votre commande valid\u00e9e, envoyez votre photo par mail \u00e0 : lesgribouillisdarthur@gmail.com avec votre num\u00e9ro de commande.<\/p>\n<p data-start=\"1307\" data-end=\"1432\">Chaque planche \u00e0 d\u00e9couper est illustr\u00e9e, imprim\u00e9e et confectionn\u00e9e avec soin dans mon atelier \u00e0 Lapte, en Haute-Loire (43).<\/p>\n<p data-start=\"1434\" data-end=\"1513\">Exp\u00e9dition via Mondial Relay uniquement. Un num\u00e9ro de suivi vous sera fourni.<\/p>\n<p data-start=\"1515\" data-end=\"1636\">Les d\u00e9lais de livraison sont donn\u00e9s \u00e0 titre indicatif \u2014 je ne peux \u00eatre tenue responsable en cas de retard ou de perte.<\/p>\n<p data-start=\"1638\" data-end=\"1822\">Pour d\u00e9couvrir d\u2019autres mod\u00e8les, cliquez ici !<br data-start=\"1684\" data-end=\"1687\" \/>Suivez les coulisses et les nouveaut\u00e9s sur les r\u00e9seaux :<br data-start=\"1743\" data-end=\"1746\" \/>\u2022 Facebook : @LesgribouillisdArthur<br data-start=\"1781\" data-end=\"1784\" \/>\u2022 Instagram : @LesGribouillisdArthur<\/p>\n<p data-start=\"1824\" data-end=\"1965\">\u00a9 Les gribouillis d\u2019Arthur \u2013 Tous droits r\u00e9serv\u00e9s.<br data-start=\"1874\" data-end=\"1877\" \/>\u26a0\ufe0f Les couleurs peuvent l\u00e9g\u00e8rement varier selon les \u00e9crans. Photos non contractuelles.<\/p>\n","protected":false},"excerpt":{"rendered":"<h2 data-start=\"80\" data-end=\"127\">Planche \u00e0 d\u00e9couper \u00abPapi qui d\u00e9chire\u00bb \ud83e\udd52\ud83c\udf45<\/h2>\n<p data-start=\"129\" data-end=\"386\">Offrez un cadeau unique et pratique avec la <strong data-start=\"173\" data-end=\"214\">Planche \u00e0 d\u00e9couper \u00abPapi qui d\u00e9chire\u00bb<\/strong>.<\/p>\n<p data-start=\"129\" data-end=\"386\">Ce pr\u00e9sent original apporte de la joie en cuisine et fait sourire \u00e0 chaque pr\u00e9paration.<\/p>\n<p data-start=\"129\" data-end=\"386\">Gr\u00e2ce \u00e0 son style moderne, elle s\u2019int\u00e8gre parfaitement dans toutes les cuisines.<\/p>\n","protected":false},"featured_media":32993,"comment_status":"open","ping_status":"closed","template":"","meta":{"_uag_custom_page_level_css":"","_monsterinsights_skip_tracking":false,"_monsterinsights_sitenote_active":false,"_monsterinsights_sitenote_note":"","_monsterinsights_sitenote_category":0,"site-sidebar-layout":"default","site-content-layout":"","ast-site-content-layout":"default","site-content-style":"default","site-sidebar-style":"default","ast-global-header-display":"","ast-banner-title-visibility":"","ast-main-header-display":"","ast-hfb-above-header-display":"","ast-hfb-below-header-display":"","ast-hfb-mobile-header-display":"","site-post-title":"","ast-breadcrumbs-content":"","ast-featured-img":"","footer-sml-layout":"","theme-transparent-header-meta":"default","adv-header-id-meta":"","stick-header-meta":"","header-above-stick-meta":"","header-main-stick-meta":"","header-below-stick-meta":"","astra-migrate-meta-layouts":"set","ast-page-background-enabled":"default","ast-page-background-meta":{"desktop":{"background-color":"","background-image":"","background-repeat":"repeat","background-position":"center center","background-size":"auto","background-attachment":"scroll","background-type":"","background-media":"","overlay-type":"","overlay-color":"","overlay-opacity":"","overlay-gradient":""},"tablet":{"background-color":"","background-image":"","background-repeat":"repeat","background-position":"center center","background-size":"auto","background-attachment":"scroll","background-type":"","background-media":"","overlay-type":"","overlay-color":"","overlay-opacity":"","overlay-gradient":""},"mobile":{"background-color":"","background-image":"","background-repeat":"repeat","background-position":"center center","background-size":"auto","background-attachment":"scroll","background-type":"","background-media":"","overlay-type":"","overlay-color":"","overlay-opacity":"","overlay-gradient":""}},"ast-content-background-meta":{"desktop":{"background-color":"var(--ast-global-color-5)","background-image":"","background-repeat":"repeat","background-position":"center center","background-size":"auto","background-attachment":"scroll","background-type":"","background-media":"","overlay-type":"","overlay-color":"","overlay-opacity":"","overlay-gradient":""},"tablet":{"background-color":"var(--ast-global-color-5)","background-image":"","background-repeat":"repeat","background-position":"center center","background-size":"auto","background-attachment":"scroll","background-type":"","background-media":"","overlay-type":"","overlay-color":"","overlay-opacity":"","overlay-gradient":""},"mobile":{"background-color":"var(--ast-global-color-5)","background-image":"","background-repeat":"repeat","background-position":"center center","background-size":"auto","background-attachment":"scroll","background-type":"","background-media":"","overlay-type":"","overlay-color":"","overlay-opacity":"","overlay-gradient":""}},"_themeisle_gutenberg_block_has_review":false},"product_brand":[],"product_cat":[81],"product_tag":[],"class_list":{"0":"post-7427","1":"product","2":"type-product","3":"status-publish","4":"has-post-thumbnail","6":"product_cat-fete-des-papys-mamies","7":"product_shipping_class-produits-volumineux","8":"desktop-align-center","9":"tablet-align-left","10":"mobile-align-left","11":"wcpa_has_options","13":"first","14":"instock","15":"taxable","16":"shipping-taxable","17":"purchasable","18":"product-type-variable"},"yoast_head":"<!-- This site is optimized with the Yoast SEO plugin v27.4 - https:\/\/yoast.com\/product\/yoast-seo-wordpress\/ -->\n<title>Planche \u00e0 d\u00e9couper &quot;Papi qui d\u00e9chire&quot; - Les Gribouillis d&#039;Arthur<\/title>\n<meta name=\"description\" content=\"Offrez \u00e0 votre grand p\u00e8re une planche \u00e0 d\u00e9couper unique qui aille avec praticit\u00e9 et orginalit\u00e9, con\u00e7ue pour rendre la cuisine encore plus sp\u00e9ciale.\" \/>\n<meta name=\"robots\" content=\"index, follow, max-snippet:-1, max-image-preview:large, max-video-preview:-1\" \/>\n<link rel=\"canonical\" href=\"https:\/\/lesgribouillisdarthur.fr\/index.php\/produit\/planche-a-decouper-papi-qui-dechire\/\" \/>\n<meta property=\"og:locale\" content=\"fr_FR\" \/>\n<meta property=\"og:type\" content=\"article\" \/>\n<meta property=\"og:title\" content=\"Planche \u00e0 d\u00e9couper &quot;Papi qui d\u00e9chire&quot; - Les Gribouillis d&#039;Arthur\" \/>\n<meta property=\"og:description\" content=\"Offrez \u00e0 votre grand p\u00e8re une planche \u00e0 d\u00e9couper unique qui aille avec praticit\u00e9 et orginalit\u00e9, con\u00e7ue pour rendre la cuisine encore plus sp\u00e9ciale.\" \/>\n<meta property=\"og:url\" content=\"https:\/\/lesgribouillisdarthur.fr\/index.php\/produit\/planche-a-decouper-papi-qui-dechire\/\" \/>\n<meta property=\"og:site_name\" content=\"Les Gribouillis d&#039;Arthur\" \/>\n<meta property=\"article:publisher\" content=\"https:\/\/www.facebook.com\/lesgribouillisdarthur\" \/>\n<meta property=\"article:modified_time\" content=\"2025-09-19T15:26:46+00:00\" \/>\n<meta property=\"og:image\" content=\"https:\/\/lesgribouillisdarthur.fr\/wp-content\/uploads\/2025\/09\/Plancheadecouperpapi2.png\" \/>\n\t<meta property=\"og:image:width\" content=\"924\" \/>\n\t<meta property=\"og:image:height\" content=\"1156\" \/>\n\t<meta property=\"og:image:type\" content=\"image\/png\" \/>\n<meta name=\"twitter:card\" content=\"summary_large_image\" \/>\n<meta name=\"twitter:label1\" content=\"Dur\u00e9e de lecture estim\u00e9e\" \/>\n\t<meta name=\"twitter:data1\" content=\"2 minutes\" \/>\n<script type=\"application\/ld+json\" class=\"yoast-schema-graph\">{\"@context\":\"https:\\\/\\\/schema.org\",\"@graph\":[{\"@type\":\"WebPage\",\"@id\":\"https:\\\/\\\/lesgribouillisdarthur.fr\\\/index.php\\\/produit\\\/planche-a-decouper-papi-qui-dechire\\\/\",\"url\":\"https:\\\/\\\/lesgribouillisdarthur.fr\\\/index.php\\\/produit\\\/planche-a-decouper-papi-qui-dechire\\\/\",\"name\":\"Planche \u00e0 d\u00e9couper \\\"Papi qui d\u00e9chire\\\" - Les Gribouillis d&#039;Arthur\",\"isPartOf\":{\"@id\":\"https:\\\/\\\/lesgribouillisdarthur.fr\\\/#website\"},\"primaryImageOfPage\":{\"@id\":\"https:\\\/\\\/lesgribouillisdarthur.fr\\\/index.php\\\/produit\\\/planche-a-decouper-papi-qui-dechire\\\/#primaryimage\"},\"image\":{\"@id\":\"https:\\\/\\\/lesgribouillisdarthur.fr\\\/index.php\\\/produit\\\/planche-a-decouper-papi-qui-dechire\\\/#primaryimage\"},\"thumbnailUrl\":\"https:\\\/\\\/lesgribouillisdarthur.fr\\\/wp-content\\\/uploads\\\/2025\\\/09\\\/Plancheadecouperpapi2.png\",\"datePublished\":\"2023-09-19T14:24:13+00:00\",\"dateModified\":\"2025-09-19T15:26:46+00:00\",\"description\":\"Offrez \u00e0 votre grand p\u00e8re une planche \u00e0 d\u00e9couper unique qui aille avec praticit\u00e9 et orginalit\u00e9, con\u00e7ue pour rendre la cuisine encore plus sp\u00e9ciale.\",\"breadcrumb\":{\"@id\":\"https:\\\/\\\/lesgribouillisdarthur.fr\\\/index.php\\\/produit\\\/planche-a-decouper-papi-qui-dechire\\\/#breadcrumb\"},\"inLanguage\":\"fr-FR\",\"potentialAction\":[{\"@type\":\"ReadAction\",\"target\":[\"https:\\\/\\\/lesgribouillisdarthur.fr\\\/index.php\\\/produit\\\/planche-a-decouper-papi-qui-dechire\\\/\"]}]},{\"@type\":\"ImageObject\",\"inLanguage\":\"fr-FR\",\"@id\":\"https:\\\/\\\/lesgribouillisdarthur.fr\\\/index.php\\\/produit\\\/planche-a-decouper-papi-qui-dechire\\\/#primaryimage\",\"url\":\"https:\\\/\\\/lesgribouillisdarthur.fr\\\/wp-content\\\/uploads\\\/2025\\\/09\\\/Plancheadecouperpapi2.png\",\"contentUrl\":\"https:\\\/\\\/lesgribouillisdarthur.fr\\\/wp-content\\\/uploads\\\/2025\\\/09\\\/Plancheadecouperpapi2.png\",\"width\":924,\"height\":1156},{\"@type\":\"BreadcrumbList\",\"@id\":\"https:\\\/\\\/lesgribouillisdarthur.fr\\\/index.php\\\/produit\\\/planche-a-decouper-papi-qui-dechire\\\/#breadcrumb\",\"itemListElement\":[{\"@type\":\"ListItem\",\"position\":1,\"name\":\"Accueil\",\"item\":\"https:\\\/\\\/lesgribouillisdarthur.fr\\\/\"},{\"@type\":\"ListItem\",\"position\":2,\"name\":\"La boutique\",\"item\":\"https:\\\/\\\/lesgribouillisdarthur.fr\\\/?page_id=6553\"},{\"@type\":\"ListItem\",\"position\":3,\"name\":\"Planche \u00e0 d\u00e9couper \u00ab\u00a0Papi qui d\u00e9chire\u00a0\u00bb\"}]},{\"@type\":\"WebSite\",\"@id\":\"https:\\\/\\\/lesgribouillisdarthur.fr\\\/#website\",\"url\":\"https:\\\/\\\/lesgribouillisdarthur.fr\\\/\",\"name\":\"Les Gribouillis d&#039;Arthur\",\"description\":\"Les Gribouillis d&#039;Arthur, cadeaux personnalis\u00e9s pour toute la famille\",\"publisher\":{\"@id\":\"https:\\\/\\\/lesgribouillisdarthur.fr\\\/#organization\"},\"potentialAction\":[{\"@type\":\"SearchAction\",\"target\":{\"@type\":\"EntryPoint\",\"urlTemplate\":\"https:\\\/\\\/lesgribouillisdarthur.fr\\\/?s={search_term_string}\"},\"query-input\":{\"@type\":\"PropertyValueSpecification\",\"valueRequired\":true,\"valueName\":\"search_term_string\"}}],\"inLanguage\":\"fr-FR\"},{\"@type\":\"Organization\",\"@id\":\"https:\\\/\\\/lesgribouillisdarthur.fr\\\/#organization\",\"name\":\"Les Gribouillis d&#039;Arthur\",\"url\":\"https:\\\/\\\/lesgribouillisdarthur.fr\\\/\",\"logo\":{\"@type\":\"ImageObject\",\"inLanguage\":\"fr-FR\",\"@id\":\"https:\\\/\\\/lesgribouillisdarthur.fr\\\/#\\\/schema\\\/logo\\\/image\\\/\",\"url\":\"https:\\\/\\\/lesgribouillisdarthur.fr\\\/wp-content\\\/uploads\\\/2022\\\/10\\\/cropped-cropped-cropped-cropped-cropped-cropped-logo-bleu-1.png\",\"contentUrl\":\"https:\\\/\\\/lesgribouillisdarthur.fr\\\/wp-content\\\/uploads\\\/2022\\\/10\\\/cropped-cropped-cropped-cropped-cropped-cropped-logo-bleu-1.png\",\"width\":254,\"height\":53,\"caption\":\"Les Gribouillis d&#039;Arthur\"},\"image\":{\"@id\":\"https:\\\/\\\/lesgribouillisdarthur.fr\\\/#\\\/schema\\\/logo\\\/image\\\/\"},\"sameAs\":[\"https:\\\/\\\/www.facebook.com\\\/lesgribouillisdarthur\",\"https:\\\/\\\/www.instagram.com\\\/lesgribouillisdarthur\\\/?hl=fr\"]}]}<\/script>\n<!-- \/ Yoast SEO plugin. -->","yoast_head_json":{"title":"Planche \u00e0 d\u00e9couper \"Papi qui d\u00e9chire\" - Les Gribouillis d&#039;Arthur","description":"Offrez \u00e0 votre grand p\u00e8re une planche \u00e0 d\u00e9couper unique qui aille avec praticit\u00e9 et orginalit\u00e9, con\u00e7ue pour rendre la cuisine encore plus sp\u00e9ciale.","robots":{"index":"index","follow":"follow","max-snippet":"max-snippet:-1","max-image-preview":"max-image-preview:large","max-video-preview":"max-video-preview:-1"},"canonical":"https:\/\/lesgribouillisdarthur.fr\/index.php\/produit\/planche-a-decouper-papi-qui-dechire\/","og_locale":"fr_FR","og_type":"article","og_title":"Planche \u00e0 d\u00e9couper \"Papi qui d\u00e9chire\" - Les Gribouillis d&#039;Arthur","og_description":"Offrez \u00e0 votre grand p\u00e8re une planche \u00e0 d\u00e9couper unique qui aille avec praticit\u00e9 et orginalit\u00e9, con\u00e7ue pour rendre la cuisine encore plus sp\u00e9ciale.","og_url":"https:\/\/lesgribouillisdarthur.fr\/index.php\/produit\/planche-a-decouper-papi-qui-dechire\/","og_site_name":"Les Gribouillis d&#039;Arthur","article_publisher":"https:\/\/www.facebook.com\/lesgribouillisdarthur","article_modified_time":"2025-09-19T15:26:46+00:00","og_image":[{"width":924,"height":1156,"url":"https:\/\/lesgribouillisdarthur.fr\/wp-content\/uploads\/2025\/09\/Plancheadecouperpapi2.png","type":"image\/png"}],"twitter_card":"summary_large_image","twitter_misc":{"Dur\u00e9e de lecture estim\u00e9e":"2 minutes"},"schema":{"@context":"https:\/\/schema.org","@graph":[{"@type":"WebPage","@id":"https:\/\/lesgribouillisdarthur.fr\/index.php\/produit\/planche-a-decouper-papi-qui-dechire\/","url":"https:\/\/lesgribouillisdarthur.fr\/index.php\/produit\/planche-a-decouper-papi-qui-dechire\/","name":"Planche \u00e0 d\u00e9couper \"Papi qui d\u00e9chire\" - Les Gribouillis d&#039;Arthur","isPartOf":{"@id":"https:\/\/lesgribouillisdarthur.fr\/#website"},"primaryImageOfPage":{"@id":"https:\/\/lesgribouillisdarthur.fr\/index.php\/produit\/planche-a-decouper-papi-qui-dechire\/#primaryimage"},"image":{"@id":"https:\/\/lesgribouillisdarthur.fr\/index.php\/produit\/planche-a-decouper-papi-qui-dechire\/#primaryimage"},"thumbnailUrl":"https:\/\/lesgribouillisdarthur.fr\/wp-content\/uploads\/2025\/09\/Plancheadecouperpapi2.png","datePublished":"2023-09-19T14:24:13+00:00","dateModified":"2025-09-19T15:26:46+00:00","description":"Offrez \u00e0 votre grand p\u00e8re une planche \u00e0 d\u00e9couper unique qui aille avec praticit\u00e9 et orginalit\u00e9, con\u00e7ue pour rendre la cuisine encore plus sp\u00e9ciale.","breadcrumb":{"@id":"https:\/\/lesgribouillisdarthur.fr\/index.php\/produit\/planche-a-decouper-papi-qui-dechire\/#breadcrumb"},"inLanguage":"fr-FR","potentialAction":[{"@type":"ReadAction","target":["https:\/\/lesgribouillisdarthur.fr\/index.php\/produit\/planche-a-decouper-papi-qui-dechire\/"]}]},{"@type":"ImageObject","inLanguage":"fr-FR","@id":"https:\/\/lesgribouillisdarthur.fr\/index.php\/produit\/planche-a-decouper-papi-qui-dechire\/#primaryimage","url":"https:\/\/lesgribouillisdarthur.fr\/wp-content\/uploads\/2025\/09\/Plancheadecouperpapi2.png","contentUrl":"https:\/\/lesgribouillisdarthur.fr\/wp-content\/uploads\/2025\/09\/Plancheadecouperpapi2.png","width":924,"height":1156},{"@type":"BreadcrumbList","@id":"https:\/\/lesgribouillisdarthur.fr\/index.php\/produit\/planche-a-decouper-papi-qui-dechire\/#breadcrumb","itemListElement":[{"@type":"ListItem","position":1,"name":"Accueil","item":"https:\/\/lesgribouillisdarthur.fr\/"},{"@type":"ListItem","position":2,"name":"La boutique","item":"https:\/\/lesgribouillisdarthur.fr\/?page_id=6553"},{"@type":"ListItem","position":3,"name":"Planche \u00e0 d\u00e9couper \u00ab\u00a0Papi qui d\u00e9chire\u00a0\u00bb"}]},{"@type":"WebSite","@id":"https:\/\/lesgribouillisdarthur.fr\/#website","url":"https:\/\/lesgribouillisdarthur.fr\/","name":"Les Gribouillis d&#039;Arthur","description":"Les Gribouillis d&#039;Arthur, cadeaux personnalis\u00e9s pour toute la famille","publisher":{"@id":"https:\/\/lesgribouillisdarthur.fr\/#organization"},"potentialAction":[{"@type":"SearchAction","target":{"@type":"EntryPoint","urlTemplate":"https:\/\/lesgribouillisdarthur.fr\/?s={search_term_string}"},"query-input":{"@type":"PropertyValueSpecification","valueRequired":true,"valueName":"search_term_string"}}],"inLanguage":"fr-FR"},{"@type":"Organization","@id":"https:\/\/lesgribouillisdarthur.fr\/#organization","name":"Les Gribouillis d&#039;Arthur","url":"https:\/\/lesgribouillisdarthur.fr\/","logo":{"@type":"ImageObject","inLanguage":"fr-FR","@id":"https:\/\/lesgribouillisdarthur.fr\/#\/schema\/logo\/image\/","url":"https:\/\/lesgribouillisdarthur.fr\/wp-content\/uploads\/2022\/10\/cropped-cropped-cropped-cropped-cropped-cropped-logo-bleu-1.png","contentUrl":"https:\/\/lesgribouillisdarthur.fr\/wp-content\/uploads\/2022\/10\/cropped-cropped-cropped-cropped-cropped-cropped-logo-bleu-1.png","width":254,"height":53,"caption":"Les Gribouillis d&#039;Arthur"},"image":{"@id":"https:\/\/lesgribouillisdarthur.fr\/#\/schema\/logo\/image\/"},"sameAs":["https:\/\/www.facebook.com\/lesgribouillisdarthur","https:\/\/www.instagram.com\/lesgribouillisdarthur\/?hl=fr"]}]}},"uagb_featured_image_src":{"full":["https:\/\/lesgribouillisdarthur.fr\/wp-content\/uploads\/2025\/09\/Plancheadecouperpapi2.png",924,1156,false],"thumbnail":["https:\/\/lesgribouillisdarthur.fr\/wp-content\/uploads\/2025\/09\/Plancheadecouperpapi2-150x150.png",150,150,true],"medium":["https:\/\/lesgribouillisdarthur.fr\/wp-content\/uploads\/2025\/09\/Plancheadecouperpapi2-240x300.png",240,300,true],"medium_large":["https:\/\/lesgribouillisdarthur.fr\/wp-content\/uploads\/2025\/09\/Plancheadecouperpapi2-768x961.png",768,961,true],"large":["https:\/\/lesgribouillisdarthur.fr\/wp-content\/uploads\/2025\/09\/Plancheadecouperpapi2-240x300.png",240,300,true],"1536x1536":["https:\/\/lesgribouillisdarthur.fr\/wp-content\/uploads\/2025\/09\/Plancheadecouperpapi2.png",924,1156,false],"2048x2048":["https:\/\/lesgribouillisdarthur.fr\/wp-content\/uploads\/2025\/09\/Plancheadecouperpapi2.png",924,1156,false],"woocommerce_thumbnail":["https:\/\/lesgribouillisdarthur.fr\/wp-content\/uploads\/2025\/09\/Plancheadecouperpapi2.png",924,1156,false],"woocommerce_single":["https:\/\/lesgribouillisdarthur.fr\/wp-content\/uploads\/2025\/09\/Plancheadecouperpapi2.png",924,1156,false],"woocommerce_gallery_thumbnail":["https:\/\/lesgribouillisdarthur.fr\/wp-content\/uploads\/2025\/09\/Plancheadecouperpapi2-100x100.png",100,100,true]},"uagb_author_info":{"display_name":"admin7680","author_link":"https:\/\/lesgribouillisdarthur.fr\/index.php\/author\/"},"uagb_comment_info":0,"uagb_excerpt":"Planche \u00e0 d\u00e9couper \u00abPapi qui d\u00e9chire\u00bb \ud83e\udd52\ud83c\udf45 Offrez un cadeau unique et pratique avec la Planche \u00e0 d\u00e9couper \u00abPapi qui d\u00e9chire\u00bb. Ce pr\u00e9sent original apporte de la joie en cuisine et fait sourire \u00e0 chaque pr\u00e9paration. Gr\u00e2ce \u00e0 son style moderne, elle s\u2019int\u00e8gre parfaitement dans toutes les cuisines.","_links":{"self":[{"href":"https:\/\/lesgribouillisdarthur.fr\/index.php\/wp-json\/wp\/v2\/product\/7427","targetHints":{"allow":["GET"]}}],"collection":[{"href":"https:\/\/lesgribouillisdarthur.fr\/index.php\/wp-json\/wp\/v2\/product"}],"about":[{"href":"https:\/\/lesgribouillisdarthur.fr\/index.php\/wp-json\/wp\/v2\/types\/product"}],"replies":[{"embeddable":true,"href":"https:\/\/lesgribouillisdarthur.fr\/index.php\/wp-json\/wp\/v2\/comments?post=7427"}],"wp:featuredmedia":[{"embeddable":true,"href":"https:\/\/lesgribouillisdarthur.fr\/index.php\/wp-json\/wp\/v2\/media\/32993"}],"wp:attachment":[{"href":"https:\/\/lesgribouillisdarthur.fr\/index.php\/wp-json\/wp\/v2\/media?parent=7427"}],"wp:term":[{"taxonomy":"product_brand","embeddable":true,"href":"https:\/\/lesgribouillisdarthur.fr\/index.php\/wp-json\/wp\/v2\/product_brand?post=7427"},{"taxonomy":"product_cat","embeddable":true,"href":"https:\/\/lesgribouillisdarthur.fr\/index.php\/wp-json\/wp\/v2\/product_cat?post=7427"},{"taxonomy":"product_tag","embeddable":true,"href":"https:\/\/lesgribouillisdarthur.fr\/index.php\/wp-json\/wp\/v2\/product_tag?post=7427"}],"curies":[{"name":"wp","href":"https:\/\/api.w.org\/{rel}","templated":true}]}}