{"id":7959,"date":"2023-10-13T23:15:45","date_gmt":"2023-10-13T21:15:45","guid":{"rendered":"https:\/\/lesgribouillisdarthur.fr\/?post_type=product&#038;p=7959"},"modified":"2025-10-13T13:59:07","modified_gmt":"2025-10-13T11:59:07","slug":"pochon-dhalloween-personnalise","status":"publish","type":"product","link":"https:\/\/lesgribouillisdarthur.fr\/index.php\/produit\/pochon-dhalloween-personnalise\/","title":{"rendered":"\ud83c\udf83 Pochon d\u2019Halloween personnalis\u00e9 \ud83d\udc7b"},"content":{"rendered":"<h3 data-start=\"207\" data-end=\"250\">\ud83c\udf83 Pochon d\u2019Halloween personnalis\u00e9 \ud83d\udc7b<\/h3>\n<p data-start=\"252\" data-end=\"571\">Pr\u00e9pare la f\u00eate la plus terrifiante de l\u2019ann\u00e9e avec un <strong data-start=\"307\" data-end=\"342\">pochon d\u2019Halloween personnalis\u00e9<\/strong> unique ! \ud83d\udd78\ufe0f Ce petit sac r\u00e9utilisable devient vite indispensable pour la chasse aux bonbons \ud83c\udf6c. Gr\u00e2ce \u00e0 sa taille pratique, les enfants peuvent l\u2019emporter partout. De plus, il ajoute une touche magique \u00e0 chaque d\u00e9guisement \u2728.<\/p>\n<p data-start=\"573\" data-end=\"871\">Choisis ton mod\u00e8le pr\u00e9f\u00e9r\u00e9 et personnalise-le avec le pr\u00e9nom de ton enfant \ud83e\uddd9\u200d\u2640\ufe0f. Ainsi, plus de confusion entre les sacs ! Ce <strong data-start=\"700\" data-end=\"735\">pochon d\u2019Halloween personnalis\u00e9<\/strong> permet \u00e0 chaque petit monstre de vivre sa propre aventure sucr\u00e9e \ud83c\udf6d. En outre, il devient un joli souvenir \u00e0 garder apr\u00e8s la f\u00eate \ud83c\udf81.<\/p>\n<p data-start=\"873\" data-end=\"1141\">Ce pochon ne sert pas qu\u2019\u00e0 Halloween. En effet, tu peux l\u2019utiliser pour ranger de petits jouets ou accessoires \ud83e\uddf8. L\u00e9ger, souple et solide, il se glisse facilement dans un sac ou une valise \ud83d\udc5c. Par ailleurs, sa mati\u00e8re r\u00e9sistante garantit une longue dur\u00e9e de vie \ud83c\udf1f.<\/p>\n<p data-start=\"1143\" data-end=\"1429\">Chaque <strong data-start=\"1150\" data-end=\"1185\">pochon d\u2019Halloween personnalis\u00e9<\/strong> est con\u00e7u avec amour \u2764\ufe0f et imprim\u00e9 avec une attention particuli\u00e8re aux d\u00e9tails. Ainsi, tu offres \u00e0 ton enfant un accessoire \u00e0 la fois pratique et esth\u00e9tique \ud83c\udfa8. De plus, les illustrations originales apportent une vraie touche artisanale \ud83d\udd90\ufe0f.<\/p>\n<p data-start=\"1431\" data-end=\"1601\">Que tu pr\u00e9pares une chasse aux friandises ou une soir\u00e9e d\u00e9guis\u00e9e \ud83d\udd77\ufe0f, ce pochon rendra la f\u00eate encore plus joyeuse ! Commande d\u00e8s maintenant pour \u00eatre pr\u00eat \u00e0 temps \ud83d\udd6f\ufe0f.<\/p>\n<hr data-start=\"1603\" data-end=\"1606\" \/>\n<p data-start=\"1608\" data-end=\"1726\"><strong data-start=\"1608\" data-end=\"1635\">Descriptif du produit :<\/strong><br data-start=\"1635\" data-end=\"1638\" \/>Mati\u00e8re : 100 % polyester<br data-start=\"1663\" data-end=\"1666\" \/>Dimensions : 25 x 31 cm<br data-start=\"1689\" data-end=\"1692\" \/>Produit 100 % lavable en machine<\/p>\n<p data-start=\"1728\" data-end=\"1822\">Chaque pochon est illustr\u00e9, imprim\u00e9 avec soin dans mon atelier \u00e0 Lapte, en Haute-Loire (43).<\/p>\n<p data-start=\"1824\" data-end=\"1898\">Exp\u00e9dition via la poste uniquement. Un num\u00e9ro de suivi vous sera fourni.<\/p>\n<p data-start=\"1900\" data-end=\"2021\">Les d\u00e9lais de livraison sont donn\u00e9s \u00e0 titre indicatif \u2014 je ne peux \u00eatre tenue responsable en cas de retard ou de perte.<\/p>\n<p data-start=\"2023\" data-end=\"2215\"><strong data-start=\"2023\" data-end=\"2083\">Suivez les coulisses et les nouveaut\u00e9s sur les r\u00e9seaux :<\/strong><br data-start=\"2083\" data-end=\"2086\" \/>\u2022 Facebook : <a href=\"https:\/\/www.facebook.com\/lesgribouillisdarthur\">@LesgribouillisdArthur<\/a><br data-start=\"2121\" data-end=\"2124\" \/>\u2022 Instagram : <a href=\"https:\/\/www.instagram.com\/les_gribouillis_darthur\/\">@LesGribouillisdArthur<\/a><br data-start=\"2160\" data-end=\"2163\" \/>\u00a9 Les Gribouillis d\u2019Arthur \u2013 Tous droits r\u00e9serv\u00e9s.<\/p>\n<p data-start=\"2217\" data-end=\"2302\">Les couleurs peuvent l\u00e9g\u00e8rement varier selon les \u00e9crans. Photos non contractuelles.<\/p>\n","protected":false},"excerpt":{"rendered":"<p data-start=\"153\" data-end=\"419\">\ud83c\udf83 Craquez pour un <strong data-start=\"172\" data-end=\"207\">pochon d\u2019Halloween personnalis\u00e9<\/strong> unique et r\u00e9utilisable \ud83c\udf6c.<\/p>\n<p data-start=\"153\" data-end=\"419\">Parfait pour la r\u00e9colte de bonbons, ce sac pratique et solide accompagnera chaque petit monstre durant sa chasse effrayante !<\/p>\n<p data-start=\"153\" data-end=\"419\">\ud83d\udc7b Imprim\u00e9 avec soin dans mon atelier en Haute-Loire \ud83e\uddf5.<\/p>\n","protected":false},"featured_media":7660,"comment_status":"open","ping_status":"closed","template":"","meta":{"_uag_custom_page_level_css":"","_monsterinsights_skip_tracking":false,"_monsterinsights_sitenote_active":false,"_monsterinsights_sitenote_note":"","_monsterinsights_sitenote_category":0,"site-sidebar-layout":"default","site-content-layout":"default","ast-site-content-layout":"default","site-content-style":"default","site-sidebar-style":"default","ast-global-header-display":"","ast-banner-title-visibility":"","ast-main-header-display":"","ast-hfb-above-header-display":"","ast-hfb-below-header-display":"","ast-hfb-mobile-header-display":"","site-post-title":"","ast-breadcrumbs-content":"","ast-featured-img":"","footer-sml-layout":"","theme-transparent-header-meta":"default","adv-header-id-meta":"","stick-header-meta":"","header-above-stick-meta":"","header-main-stick-meta":"","header-below-stick-meta":"","astra-migrate-meta-layouts":"set","ast-page-background-enabled":"default","ast-page-background-meta":{"desktop":{"background-color":"","background-image":"","background-repeat":"repeat","background-position":"center center","background-size":"auto","background-attachment":"scroll","background-type":"","background-media":"","overlay-type":"","overlay-color":"","overlay-opacity":"","overlay-gradient":""},"tablet":{"background-color":"","background-image":"","background-repeat":"repeat","background-position":"center center","background-size":"auto","background-attachment":"scroll","background-type":"","background-media":"","overlay-type":"","overlay-color":"","overlay-opacity":"","overlay-gradient":""},"mobile":{"background-color":"","background-image":"","background-repeat":"repeat","background-position":"center center","background-size":"auto","background-attachment":"scroll","background-type":"","background-media":"","overlay-type":"","overlay-color":"","overlay-opacity":"","overlay-gradient":""}},"ast-content-background-meta":{"desktop":{"background-color":"var(--ast-global-color-5)","background-image":"","background-repeat":"repeat","background-position":"center center","background-size":"auto","background-attachment":"scroll","background-type":"","background-media":"","overlay-type":"","overlay-color":"","overlay-opacity":"","overlay-gradient":""},"tablet":{"background-color":"var(--ast-global-color-5)","background-image":"","background-repeat":"repeat","background-position":"center center","background-size":"auto","background-attachment":"scroll","background-type":"","background-media":"","overlay-type":"","overlay-color":"","overlay-opacity":"","overlay-gradient":""},"mobile":{"background-color":"var(--ast-global-color-5)","background-image":"","background-repeat":"repeat","background-position":"center center","background-size":"auto","background-attachment":"scroll","background-type":"","background-media":"","overlay-type":"","overlay-color":"","overlay-opacity":"","overlay-gradient":""}},"_themeisle_gutenberg_block_has_review":false},"product_brand":[],"product_cat":[144],"product_tag":[],"class_list":{"0":"post-7959","1":"product","2":"type-product","3":"status-publish","4":"has-post-thumbnail","6":"product_cat-halloween","7":"product_shipping_class-produits-volumineux","8":"desktop-align-center","9":"tablet-align-left","10":"mobile-align-left","11":"wcpa_has_options","13":"first","14":"instock","15":"taxable","16":"shipping-taxable","17":"purchasable","18":"product-type-simple"},"yoast_head":"<!-- This site is optimized with the Yoast SEO plugin v27.5 - https:\/\/yoast.com\/product\/yoast-seo-wordpress\/ -->\n<title>\ud83c\udf83 Pochon d\u2019Halloween personnalis\u00e9 \ud83d\udc7b - Les Gribouillis d&#039;Arthur<\/title>\n<meta name=\"description\" content=\"\u2728 Offrez un pochon d\u2019Halloween personnalis\u00e9 \ud83c\udf83 unique et pratique pour la chasse aux bonbons ! Cr\u00e9ation artisanale imprim\u00e9e en Haute-Loire.\" \/>\n<meta name=\"robots\" content=\"index, follow, max-snippet:-1, max-image-preview:large, max-video-preview:-1\" \/>\n<link rel=\"canonical\" href=\"https:\/\/lesgribouillisdarthur.fr\/index.php\/produit\/pochon-dhalloween-personnalise\/\" \/>\n<meta property=\"og:locale\" content=\"fr_FR\" \/>\n<meta property=\"og:type\" content=\"article\" \/>\n<meta property=\"og:title\" content=\"\ud83c\udf83 Pochon d\u2019Halloween personnalis\u00e9 \ud83d\udc7b - Les Gribouillis d&#039;Arthur\" \/>\n<meta property=\"og:description\" content=\"\u2728 Offrez un pochon d\u2019Halloween personnalis\u00e9 \ud83c\udf83 unique et pratique pour la chasse aux bonbons ! Cr\u00e9ation artisanale imprim\u00e9e en Haute-Loire.\" \/>\n<meta property=\"og:url\" content=\"https:\/\/lesgribouillisdarthur.fr\/index.php\/produit\/pochon-dhalloween-personnalise\/\" \/>\n<meta property=\"og:site_name\" content=\"Les Gribouillis d&#039;Arthur\" \/>\n<meta property=\"article:publisher\" content=\"https:\/\/www.facebook.com\/lesgribouillisdarthur\" \/>\n<meta property=\"article:modified_time\" content=\"2025-10-13T11:59:07+00:00\" \/>\n<meta property=\"og:image\" content=\"https:\/\/lesgribouillisdarthur.fr\/wp-content\/uploads\/2023\/10\/Pochon-halloween-personnaliseGarcon-scaled-e1696883862699.jpg\" \/>\n\t<meta property=\"og:image:width\" content=\"1975\" \/>\n\t<meta property=\"og:image:height\" content=\"2560\" \/>\n\t<meta property=\"og:image:type\" content=\"image\/jpeg\" \/>\n<meta name=\"twitter:card\" content=\"summary_large_image\" \/>\n<meta name=\"twitter:label1\" content=\"Dur\u00e9e de lecture estim\u00e9e\" \/>\n\t<meta name=\"twitter:data1\" content=\"2 minutes\" \/>\n<script type=\"application\/ld+json\" class=\"yoast-schema-graph\">{\"@context\":\"https:\\\/\\\/schema.org\",\"@graph\":[{\"@type\":\"WebPage\",\"@id\":\"https:\\\/\\\/lesgribouillisdarthur.fr\\\/index.php\\\/produit\\\/pochon-dhalloween-personnalise\\\/\",\"url\":\"https:\\\/\\\/lesgribouillisdarthur.fr\\\/index.php\\\/produit\\\/pochon-dhalloween-personnalise\\\/\",\"name\":\"\ud83c\udf83 Pochon d\u2019Halloween personnalis\u00e9 \ud83d\udc7b - Les Gribouillis d&#039;Arthur\",\"isPartOf\":{\"@id\":\"https:\\\/\\\/lesgribouillisdarthur.fr\\\/#website\"},\"primaryImageOfPage\":{\"@id\":\"https:\\\/\\\/lesgribouillisdarthur.fr\\\/index.php\\\/produit\\\/pochon-dhalloween-personnalise\\\/#primaryimage\"},\"image\":{\"@id\":\"https:\\\/\\\/lesgribouillisdarthur.fr\\\/index.php\\\/produit\\\/pochon-dhalloween-personnalise\\\/#primaryimage\"},\"thumbnailUrl\":\"https:\\\/\\\/lesgribouillisdarthur.fr\\\/wp-content\\\/uploads\\\/2023\\\/10\\\/Pochon-halloween-personnaliseGarcon-scaled-e1696883862699.jpg\",\"datePublished\":\"2023-10-13T21:15:45+00:00\",\"dateModified\":\"2025-10-13T11:59:07+00:00\",\"description\":\"\u2728 Offrez un pochon d\u2019Halloween personnalis\u00e9 \ud83c\udf83 unique et pratique pour la chasse aux bonbons ! Cr\u00e9ation artisanale imprim\u00e9e en Haute-Loire.\",\"breadcrumb\":{\"@id\":\"https:\\\/\\\/lesgribouillisdarthur.fr\\\/index.php\\\/produit\\\/pochon-dhalloween-personnalise\\\/#breadcrumb\"},\"inLanguage\":\"fr-FR\",\"potentialAction\":[{\"@type\":\"ReadAction\",\"target\":[\"https:\\\/\\\/lesgribouillisdarthur.fr\\\/index.php\\\/produit\\\/pochon-dhalloween-personnalise\\\/\"]}]},{\"@type\":\"ImageObject\",\"inLanguage\":\"fr-FR\",\"@id\":\"https:\\\/\\\/lesgribouillisdarthur.fr\\\/index.php\\\/produit\\\/pochon-dhalloween-personnalise\\\/#primaryimage\",\"url\":\"https:\\\/\\\/lesgribouillisdarthur.fr\\\/wp-content\\\/uploads\\\/2023\\\/10\\\/Pochon-halloween-personnaliseGarcon-scaled-e1696883862699.jpg\",\"contentUrl\":\"https:\\\/\\\/lesgribouillisdarthur.fr\\\/wp-content\\\/uploads\\\/2023\\\/10\\\/Pochon-halloween-personnaliseGarcon-scaled-e1696883862699.jpg\",\"width\":1975,\"height\":2560,\"caption\":\"Pochon halloween\"},{\"@type\":\"BreadcrumbList\",\"@id\":\"https:\\\/\\\/lesgribouillisdarthur.fr\\\/index.php\\\/produit\\\/pochon-dhalloween-personnalise\\\/#breadcrumb\",\"itemListElement\":[{\"@type\":\"ListItem\",\"position\":1,\"name\":\"Accueil\",\"item\":\"https:\\\/\\\/lesgribouillisdarthur.fr\\\/\"},{\"@type\":\"ListItem\",\"position\":2,\"name\":\"La boutique\",\"item\":\"https:\\\/\\\/lesgribouillisdarthur.fr\\\/?page_id=6553\"},{\"@type\":\"ListItem\",\"position\":3,\"name\":\"\ud83c\udf83 Pochon d\u2019Halloween personnalis\u00e9 \ud83d\udc7b\"}]},{\"@type\":\"WebSite\",\"@id\":\"https:\\\/\\\/lesgribouillisdarthur.fr\\\/#website\",\"url\":\"https:\\\/\\\/lesgribouillisdarthur.fr\\\/\",\"name\":\"Les Gribouillis d&#039;Arthur\",\"description\":\"Les Gribouillis d&#039;Arthur, cadeaux personnalis\u00e9s pour toute la famille\",\"publisher\":{\"@id\":\"https:\\\/\\\/lesgribouillisdarthur.fr\\\/#organization\"},\"potentialAction\":[{\"@type\":\"SearchAction\",\"target\":{\"@type\":\"EntryPoint\",\"urlTemplate\":\"https:\\\/\\\/lesgribouillisdarthur.fr\\\/?s={search_term_string}\"},\"query-input\":{\"@type\":\"PropertyValueSpecification\",\"valueRequired\":true,\"valueName\":\"search_term_string\"}}],\"inLanguage\":\"fr-FR\"},{\"@type\":\"Organization\",\"@id\":\"https:\\\/\\\/lesgribouillisdarthur.fr\\\/#organization\",\"name\":\"Les Gribouillis d&#039;Arthur\",\"url\":\"https:\\\/\\\/lesgribouillisdarthur.fr\\\/\",\"logo\":{\"@type\":\"ImageObject\",\"inLanguage\":\"fr-FR\",\"@id\":\"https:\\\/\\\/lesgribouillisdarthur.fr\\\/#\\\/schema\\\/logo\\\/image\\\/\",\"url\":\"https:\\\/\\\/lesgribouillisdarthur.fr\\\/wp-content\\\/uploads\\\/2022\\\/10\\\/cropped-cropped-cropped-cropped-cropped-cropped-logo-bleu-1.png\",\"contentUrl\":\"https:\\\/\\\/lesgribouillisdarthur.fr\\\/wp-content\\\/uploads\\\/2022\\\/10\\\/cropped-cropped-cropped-cropped-cropped-cropped-logo-bleu-1.png\",\"width\":254,\"height\":53,\"caption\":\"Les Gribouillis d&#039;Arthur\"},\"image\":{\"@id\":\"https:\\\/\\\/lesgribouillisdarthur.fr\\\/#\\\/schema\\\/logo\\\/image\\\/\"},\"sameAs\":[\"https:\\\/\\\/www.facebook.com\\\/lesgribouillisdarthur\",\"https:\\\/\\\/www.instagram.com\\\/lesgribouillisdarthur\\\/?hl=fr\"]}]}<\/script>\n<!-- \/ Yoast SEO plugin. -->","yoast_head_json":{"title":"\ud83c\udf83 Pochon d\u2019Halloween personnalis\u00e9 \ud83d\udc7b - Les Gribouillis d&#039;Arthur","description":"\u2728 Offrez un pochon d\u2019Halloween personnalis\u00e9 \ud83c\udf83 unique et pratique pour la chasse aux bonbons ! Cr\u00e9ation artisanale imprim\u00e9e en Haute-Loire.","robots":{"index":"index","follow":"follow","max-snippet":"max-snippet:-1","max-image-preview":"max-image-preview:large","max-video-preview":"max-video-preview:-1"},"canonical":"https:\/\/lesgribouillisdarthur.fr\/index.php\/produit\/pochon-dhalloween-personnalise\/","og_locale":"fr_FR","og_type":"article","og_title":"\ud83c\udf83 Pochon d\u2019Halloween personnalis\u00e9 \ud83d\udc7b - Les Gribouillis d&#039;Arthur","og_description":"\u2728 Offrez un pochon d\u2019Halloween personnalis\u00e9 \ud83c\udf83 unique et pratique pour la chasse aux bonbons ! Cr\u00e9ation artisanale imprim\u00e9e en Haute-Loire.","og_url":"https:\/\/lesgribouillisdarthur.fr\/index.php\/produit\/pochon-dhalloween-personnalise\/","og_site_name":"Les Gribouillis d&#039;Arthur","article_publisher":"https:\/\/www.facebook.com\/lesgribouillisdarthur","article_modified_time":"2025-10-13T11:59:07+00:00","og_image":[{"width":1975,"height":2560,"url":"https:\/\/lesgribouillisdarthur.fr\/wp-content\/uploads\/2023\/10\/Pochon-halloween-personnaliseGarcon-scaled-e1696883862699.jpg","type":"image\/jpeg"}],"twitter_card":"summary_large_image","twitter_misc":{"Dur\u00e9e de lecture estim\u00e9e":"2 minutes"},"schema":{"@context":"https:\/\/schema.org","@graph":[{"@type":"WebPage","@id":"https:\/\/lesgribouillisdarthur.fr\/index.php\/produit\/pochon-dhalloween-personnalise\/","url":"https:\/\/lesgribouillisdarthur.fr\/index.php\/produit\/pochon-dhalloween-personnalise\/","name":"\ud83c\udf83 Pochon d\u2019Halloween personnalis\u00e9 \ud83d\udc7b - Les Gribouillis d&#039;Arthur","isPartOf":{"@id":"https:\/\/lesgribouillisdarthur.fr\/#website"},"primaryImageOfPage":{"@id":"https:\/\/lesgribouillisdarthur.fr\/index.php\/produit\/pochon-dhalloween-personnalise\/#primaryimage"},"image":{"@id":"https:\/\/lesgribouillisdarthur.fr\/index.php\/produit\/pochon-dhalloween-personnalise\/#primaryimage"},"thumbnailUrl":"https:\/\/lesgribouillisdarthur.fr\/wp-content\/uploads\/2023\/10\/Pochon-halloween-personnaliseGarcon-scaled-e1696883862699.jpg","datePublished":"2023-10-13T21:15:45+00:00","dateModified":"2025-10-13T11:59:07+00:00","description":"\u2728 Offrez un pochon d\u2019Halloween personnalis\u00e9 \ud83c\udf83 unique et pratique pour la chasse aux bonbons ! Cr\u00e9ation artisanale imprim\u00e9e en Haute-Loire.","breadcrumb":{"@id":"https:\/\/lesgribouillisdarthur.fr\/index.php\/produit\/pochon-dhalloween-personnalise\/#breadcrumb"},"inLanguage":"fr-FR","potentialAction":[{"@type":"ReadAction","target":["https:\/\/lesgribouillisdarthur.fr\/index.php\/produit\/pochon-dhalloween-personnalise\/"]}]},{"@type":"ImageObject","inLanguage":"fr-FR","@id":"https:\/\/lesgribouillisdarthur.fr\/index.php\/produit\/pochon-dhalloween-personnalise\/#primaryimage","url":"https:\/\/lesgribouillisdarthur.fr\/wp-content\/uploads\/2023\/10\/Pochon-halloween-personnaliseGarcon-scaled-e1696883862699.jpg","contentUrl":"https:\/\/lesgribouillisdarthur.fr\/wp-content\/uploads\/2023\/10\/Pochon-halloween-personnaliseGarcon-scaled-e1696883862699.jpg","width":1975,"height":2560,"caption":"Pochon halloween"},{"@type":"BreadcrumbList","@id":"https:\/\/lesgribouillisdarthur.fr\/index.php\/produit\/pochon-dhalloween-personnalise\/#breadcrumb","itemListElement":[{"@type":"ListItem","position":1,"name":"Accueil","item":"https:\/\/lesgribouillisdarthur.fr\/"},{"@type":"ListItem","position":2,"name":"La boutique","item":"https:\/\/lesgribouillisdarthur.fr\/?page_id=6553"},{"@type":"ListItem","position":3,"name":"\ud83c\udf83 Pochon d\u2019Halloween personnalis\u00e9 \ud83d\udc7b"}]},{"@type":"WebSite","@id":"https:\/\/lesgribouillisdarthur.fr\/#website","url":"https:\/\/lesgribouillisdarthur.fr\/","name":"Les Gribouillis d&#039;Arthur","description":"Les Gribouillis d&#039;Arthur, cadeaux personnalis\u00e9s pour toute la famille","publisher":{"@id":"https:\/\/lesgribouillisdarthur.fr\/#organization"},"potentialAction":[{"@type":"SearchAction","target":{"@type":"EntryPoint","urlTemplate":"https:\/\/lesgribouillisdarthur.fr\/?s={search_term_string}"},"query-input":{"@type":"PropertyValueSpecification","valueRequired":true,"valueName":"search_term_string"}}],"inLanguage":"fr-FR"},{"@type":"Organization","@id":"https:\/\/lesgribouillisdarthur.fr\/#organization","name":"Les Gribouillis d&#039;Arthur","url":"https:\/\/lesgribouillisdarthur.fr\/","logo":{"@type":"ImageObject","inLanguage":"fr-FR","@id":"https:\/\/lesgribouillisdarthur.fr\/#\/schema\/logo\/image\/","url":"https:\/\/lesgribouillisdarthur.fr\/wp-content\/uploads\/2022\/10\/cropped-cropped-cropped-cropped-cropped-cropped-logo-bleu-1.png","contentUrl":"https:\/\/lesgribouillisdarthur.fr\/wp-content\/uploads\/2022\/10\/cropped-cropped-cropped-cropped-cropped-cropped-logo-bleu-1.png","width":254,"height":53,"caption":"Les Gribouillis d&#039;Arthur"},"image":{"@id":"https:\/\/lesgribouillisdarthur.fr\/#\/schema\/logo\/image\/"},"sameAs":["https:\/\/www.facebook.com\/lesgribouillisdarthur","https:\/\/www.instagram.com\/lesgribouillisdarthur\/?hl=fr"]}]}},"uagb_featured_image_src":{"full":["https:\/\/lesgribouillisdarthur.fr\/wp-content\/uploads\/2023\/10\/Pochon-halloween-personnaliseGarcon-scaled-e1696883862699.jpg",1975,2560,false],"thumbnail":["https:\/\/lesgribouillisdarthur.fr\/wp-content\/uploads\/2023\/10\/Pochon-halloween-personnaliseGarcon-scaled-e1696883862699-150x150.jpg",150,150,true],"medium":["https:\/\/lesgribouillisdarthur.fr\/wp-content\/uploads\/2023\/10\/Pochon-halloween-personnaliseGarcon-scaled-e1696883862699-231x300.jpg",231,300,true],"medium_large":["https:\/\/lesgribouillisdarthur.fr\/wp-content\/uploads\/2023\/10\/Pochon-halloween-personnaliseGarcon-scaled-e1696883862699-768x995.jpg",768,995,true],"large":["https:\/\/lesgribouillisdarthur.fr\/wp-content\/uploads\/2023\/10\/Pochon-halloween-personnaliseGarcon-scaled-e1696883862699-790x1024.jpg",231,300,true],"1536x1536":["https:\/\/lesgribouillisdarthur.fr\/wp-content\/uploads\/2023\/10\/Pochon-halloween-personnaliseGarcon-scaled-e1696883862699-1185x1536.jpg",1185,1536,true],"2048x2048":["https:\/\/lesgribouillisdarthur.fr\/wp-content\/uploads\/2023\/10\/Pochon-halloween-personnaliseGarcon-scaled-e1696883862699-1580x2048.jpg",1580,2048,true],"woocommerce_thumbnail":["https:\/\/lesgribouillisdarthur.fr\/wp-content\/uploads\/2023\/10\/Pochon-halloween-personnaliseGarcon-scaled-e1696883862699-1200x1200.jpg",1200,1200,true],"woocommerce_single":["https:\/\/lesgribouillisdarthur.fr\/wp-content\/uploads\/2023\/10\/Pochon-halloween-personnaliseGarcon-scaled-e1696883862699-1200x1555.jpg",1200,1555,true],"woocommerce_gallery_thumbnail":["https:\/\/lesgribouillisdarthur.fr\/wp-content\/uploads\/2023\/10\/Pochon-halloween-personnaliseGarcon-scaled-e1696883862699-100x100.jpg",100,100,true]},"uagb_author_info":{"display_name":"admin7680","author_link":"https:\/\/lesgribouillisdarthur.fr\/index.php\/author\/"},"uagb_comment_info":0,"uagb_excerpt":"\ud83c\udf83 Craquez pour un pochon d\u2019Halloween personnalis\u00e9 unique et r\u00e9utilisable \ud83c\udf6c. Parfait pour la r\u00e9colte de bonbons, ce sac pratique et solide accompagnera chaque petit monstre durant sa chasse effrayante ! \ud83d\udc7b Imprim\u00e9 avec soin dans mon atelier en Haute-Loire \ud83e\uddf5.","_links":{"self":[{"href":"https:\/\/lesgribouillisdarthur.fr\/index.php\/wp-json\/wp\/v2\/product\/7959","targetHints":{"allow":["GET"]}}],"collection":[{"href":"https:\/\/lesgribouillisdarthur.fr\/index.php\/wp-json\/wp\/v2\/product"}],"about":[{"href":"https:\/\/lesgribouillisdarthur.fr\/index.php\/wp-json\/wp\/v2\/types\/product"}],"replies":[{"embeddable":true,"href":"https:\/\/lesgribouillisdarthur.fr\/index.php\/wp-json\/wp\/v2\/comments?post=7959"}],"wp:featuredmedia":[{"embeddable":true,"href":"https:\/\/lesgribouillisdarthur.fr\/index.php\/wp-json\/wp\/v2\/media\/7660"}],"wp:attachment":[{"href":"https:\/\/lesgribouillisdarthur.fr\/index.php\/wp-json\/wp\/v2\/media?parent=7959"}],"wp:term":[{"taxonomy":"product_brand","embeddable":true,"href":"https:\/\/lesgribouillisdarthur.fr\/index.php\/wp-json\/wp\/v2\/product_brand?post=7959"},{"taxonomy":"product_cat","embeddable":true,"href":"https:\/\/lesgribouillisdarthur.fr\/index.php\/wp-json\/wp\/v2\/product_cat?post=7959"},{"taxonomy":"product_tag","embeddable":true,"href":"https:\/\/lesgribouillisdarthur.fr\/index.php\/wp-json\/wp\/v2\/product_tag?post=7959"}],"curies":[{"name":"wp","href":"https:\/\/api.w.org\/{rel}","templated":true}]}}