{"id":8487,"date":"2024-04-23T17:18:23","date_gmt":"2024-04-23T15:18:23","guid":{"rendered":"https:\/\/lesgribouillisdarthur.fr\/?post_type=product&#038;p=8487"},"modified":"2025-04-22T16:18:37","modified_gmt":"2025-04-22T14:18:37","slug":"bavoir-enfant-personnalise-fleurs","status":"publish","type":"product","link":"https:\/\/lesgribouillisdarthur.fr\/index.php\/produit\/bavoir-enfant-personnalise-fleurs\/","title":{"rendered":"Bavoir enfant personnalis\u00e9 fleurs"},"content":{"rendered":"<h2 class=\"\" data-start=\"364\" data-end=\"451\"><img decoding=\"async\" src=\"https:\/\/static.xx.fbcdn.net\/images\/emoji.php\/v9\/taa\/1\/32\/1f338.png\" alt=\"\ud83c\udf38\" \/> Bavoir enfant personnalis\u00e9 fleurs \u2013 Doux, color\u00e9 et unique.<\/h2>\n<p class=\"\" data-start=\"453\" data-end=\"571\">Craquez pour ce\u00a0<strong data-start=\"469\" data-end=\"506\">bavoir enfant personnalis\u00e9 fleurs<\/strong>, id\u00e9al pour accompagner les repas en toute douceur et fantaisie.<\/p>\n<hr class=\"\" data-start=\"573\" data-end=\"576\" \/>\n<h3 class=\"\" data-start=\"578\" data-end=\"626\"><img decoding=\"async\" src=\"https:\/\/static.xx.fbcdn.net\/images\/emoji.php\/v9\/t2e\/1\/32\/1f419.png\" alt=\"\ud83d\udc19\" \/>\u00a0Un accessoire pratique et plein de charme<\/h3>\n<p class=\"\" data-start=\"628\" data-end=\"940\">Ce bavoir prot\u00e8ge efficacement les v\u00eatements de b\u00e9b\u00e9 pendant les repas ou les activit\u00e9s.<br data-start=\"716\" data-end=\"719\" \/>Son tissu tout doux respecte les peaux sensibles.<br data-start=\"768\" data-end=\"771\" \/>Avec cette illustration douce et son pr\u00e9nom imprim\u00e9, il devient un cadeau original et adorable.<br data-start=\"869\" data-end=\"872\" \/>Gr\u00e2ce \u00e0 sa fermeture simple, il se met et s\u2019enl\u00e8ve en un clin d\u2019\u0153il.<\/p>\n<hr class=\"\" data-start=\"942\" data-end=\"945\" \/>\n<h3 class=\"\" data-start=\"947\" data-end=\"988\"><img decoding=\"async\" class=\"emoji\" role=\"img\" draggable=\"false\" src=\"https:\/\/s.w.org\/images\/core\/emoji\/15.1.0\/svg\/1f3a8.svg\" alt=\"\ud83c\udfa8\" \/>\u00a0Une cr\u00e9ation artisanale et festive<\/h3>\n<p class=\"\" data-start=\"990\" data-end=\"1322\">Chaque\u00a0<strong data-start=\"997\" data-end=\"1034\">bavoir enfant personnalis\u00e9 fleurs<\/strong>\u00a0est illustr\u00e9, imprim\u00e9 avec soin dans mon atelier en Haute-Loire.<br data-start=\"1108\" data-end=\"1111\" \/>Je cr\u00e9e des motifs color\u00e9s avec ces jolies fleurs au couleurs douces..<br data-start=\"1198\" data-end=\"1201\" \/>Le tissu est r\u00e9sistant, absorbant et agr\u00e9able au toucher.<br data-start=\"1258\" data-end=\"1261\" \/>Ainsi, b\u00e9b\u00e9 reste propre tout en prenant ses repas avec style.<\/p>\n<hr class=\"\" data-start=\"1324\" data-end=\"1327\" \/>\n<h3 class=\"\" data-start=\"1329\" data-end=\"1371\"><img decoding=\"async\" class=\"emoji\" role=\"img\" draggable=\"false\" src=\"https:\/\/s.w.org\/images\/core\/emoji\/15.1.0\/svg\/1f381.svg\" alt=\"\ud83c\udf81\" \/>\u00a0Une id\u00e9e cadeau tendre et originale<\/h3>\n<p class=\"\" data-start=\"1373\" data-end=\"1547\">Offrez-le pour un repas de famille\u00a0<br data-start=\"1457\" data-end=\"1460\" \/>Ajoutez simplement le pr\u00e9nom lors de la commande pour un bavoir unique et personnalis\u00e9.<\/p>\n<hr class=\"\" data-start=\"1549\" data-end=\"1552\" \/>\n<h3 class=\"\" data-start=\"1554\" data-end=\"1572\"><img decoding=\"async\" class=\"emoji\" role=\"img\" draggable=\"false\" src=\"https:\/\/s.w.org\/images\/core\/emoji\/15.1.0\/svg\/1f9fa.svg\" alt=\"\ud83e\uddfa\" \/>\u00a0Entretien :<\/h3>\n<ul data-start=\"1574\" data-end=\"1681\">\n<li class=\"\" data-start=\"1574\" data-end=\"1603\">\n<p class=\"\" data-start=\"1576\" data-end=\"1603\">Lavable \u00e0 40\u00b0C en machine<\/p>\n<\/li>\n<li class=\"\" data-start=\"1604\" data-end=\"1629\">\n<p class=\"\" data-start=\"1606\" data-end=\"1629\">\u00c9viter le s\u00e8che-linge<\/p>\n<\/li>\n<li class=\"\" data-start=\"1630\" data-end=\"1681\">\n<p class=\"\" data-start=\"1632\" data-end=\"1681\">Repasser sur l\u2019envers pour pr\u00e9server les motifs<\/p>\n<\/li>\n<\/ul>\n<hr class=\"\" data-start=\"1683\" data-end=\"1686\" \/>\n<p class=\"\" data-start=\"1688\" data-end=\"1797\">Chaque tablier est illustr\u00e9, imprim\u00e9\u00a0 avec soin dans mon atelier \u00e0 Lapte, en Haute-Loire (43).<\/p>\n<hr class=\"\" data-start=\"1799\" data-end=\"1802\" \/>\n<p class=\"\" data-start=\"1804\" data-end=\"2045\"><img decoding=\"async\" class=\"emoji\" role=\"img\" draggable=\"false\" src=\"https:\/\/s.w.org\/images\/core\/emoji\/15.1.0\/svg\/1f4e6.svg\" alt=\"\ud83d\udce6\" \/>\u00a0<strong data-start=\"1807\" data-end=\"2045\">J\u2019exp\u00e9die votre commande en lettre suivie uniquement. Je vous fournis un num\u00e9ro de suivi. Les d\u00e9lais de livraison sont donn\u00e9s \u00e0 titre indicatif \u2014 je ne peux garantir leur respect ni \u00eatre tenue responsable en cas de retard ou de perte.<\/strong><\/p>\n<p><img decoding=\"async\" class=\"emoji\" role=\"img\" draggable=\"false\" src=\"https:\/\/s.w.org\/images\/core\/emoji\/15.1.0\/svg\/1f449.svg\" alt=\"\ud83d\udc49\" \/>\u00a0Pour d\u00e9couvrir d\u2019autres mod\u00e8les gourmands,\u00a0<a href=\"https:\/\/lesgribouillisdarthur.fr\/index.php\/categorie-produit\/naissance\/bavoirs-personnalises\/\">cliquez ici<\/a>\u00a0!<\/p>\n<p><img decoding=\"async\" class=\"emoji\" role=\"img\" draggable=\"false\" src=\"https:\/\/s.w.org\/images\/core\/emoji\/15.1.0\/svg\/1f4f1.svg\" alt=\"\ud83d\udcf1\" \/>\u00a0Suivez les coulisses et les nouveaut\u00e9s sur les r\u00e9seaux :<br \/>\n\u2022 Facebook :\u00a0<a href=\"https:\/\/www.facebook.com\/lesgribouillisdarthur\">@LesgribouillisdArthur<\/a><br \/>\n\u2022 Instagram :\u00a0<a href=\"https:\/\/www.instagram.com\/lesgribouillisdarthur\/\">@LesGribouillisdArthur<\/a><\/p>\n<p>\u00a9 Les gribouillis d\u2019Arthur \u2013 Tous droits r\u00e9serv\u00e9s.<br \/>\nLes couleurs peuvent l\u00e9g\u00e8rement varier selon les \u00e9crans<br \/>\nPhotos non contractuelles.<\/p>\n","protected":false},"excerpt":{"rendered":"<h4><img decoding=\"async\" class=\"emoji\" role=\"img\" draggable=\"false\" src=\"https:\/\/s.w.org\/images\/core\/emoji\/15.1.0\/svg\/1f381.svg\" alt=\"\ud83c\udf81\" \/> Un bavoir enfant personnalis\u00e9 fleurs, tout doux et illustr\u00e9 avec soin<\/h4>\n<p>Parfait pour les repas et 100 % unique gr\u00e2ce au pr\u00e9nom !<br \/>\nChoisissez la couleur de la bordure du bavoir (blanc, bleu ou rose).<br \/>\nIls mesurent environ 300 x 350 mm (Parfait pour les enfants de 0 \u00e0 3 ans)<br \/>\nIl est compos\u00e9 de 55% polyester, 45% coton. Le Verso est en \u00e9ponge au toucher doux.<\/p>\n","protected":false},"featured_media":8491,"comment_status":"open","ping_status":"closed","template":"","meta":{"_uag_custom_page_level_css":"","_monsterinsights_skip_tracking":false,"_monsterinsights_sitenote_active":false,"_monsterinsights_sitenote_note":"","_monsterinsights_sitenote_category":0,"site-sidebar-layout":"default","site-content-layout":"default","ast-site-content-layout":"default","site-content-style":"default","site-sidebar-style":"default","ast-global-header-display":"","ast-banner-title-visibility":"","ast-main-header-display":"","ast-hfb-above-header-display":"","ast-hfb-below-header-display":"","ast-hfb-mobile-header-display":"","site-post-title":"","ast-breadcrumbs-content":"","ast-featured-img":"","footer-sml-layout":"","theme-transparent-header-meta":"default","adv-header-id-meta":"","stick-header-meta":"","header-above-stick-meta":"","header-main-stick-meta":"","header-below-stick-meta":"","astra-migrate-meta-layouts":"set","ast-page-background-enabled":"default","ast-page-background-meta":{"desktop":{"background-color":"","background-image":"","background-repeat":"repeat","background-position":"center center","background-size":"auto","background-attachment":"scroll","background-type":"","background-media":"","overlay-type":"","overlay-color":"","overlay-opacity":"","overlay-gradient":""},"tablet":{"background-color":"","background-image":"","background-repeat":"repeat","background-position":"center center","background-size":"auto","background-attachment":"scroll","background-type":"","background-media":"","overlay-type":"","overlay-color":"","overlay-opacity":"","overlay-gradient":""},"mobile":{"background-color":"","background-image":"","background-repeat":"repeat","background-position":"center center","background-size":"auto","background-attachment":"scroll","background-type":"","background-media":"","overlay-type":"","overlay-color":"","overlay-opacity":"","overlay-gradient":""}},"ast-content-background-meta":{"desktop":{"background-color":"var(--ast-global-color-5)","background-image":"","background-repeat":"repeat","background-position":"center center","background-size":"auto","background-attachment":"scroll","background-type":"","background-media":"","overlay-type":"","overlay-color":"","overlay-opacity":"","overlay-gradient":""},"tablet":{"background-color":"var(--ast-global-color-5)","background-image":"","background-repeat":"repeat","background-position":"center center","background-size":"auto","background-attachment":"scroll","background-type":"","background-media":"","overlay-type":"","overlay-color":"","overlay-opacity":"","overlay-gradient":""},"mobile":{"background-color":"var(--ast-global-color-5)","background-image":"","background-repeat":"repeat","background-position":"center center","background-size":"auto","background-attachment":"scroll","background-type":"","background-media":"","overlay-type":"","overlay-color":"","overlay-opacity":"","overlay-gradient":""}},"_themeisle_gutenberg_block_has_review":false},"product_brand":[],"product_cat":[124],"product_tag":[],"class_list":{"0":"post-8487","1":"product","2":"type-product","3":"status-publish","4":"has-post-thumbnail","6":"product_cat-bavoirs-personnalises","7":"desktop-align-center","8":"tablet-align-left","9":"mobile-align-left","10":"wcpa_has_options","12":"first","13":"instock","14":"taxable","15":"shipping-taxable","16":"purchasable","17":"product-type-variable"},"yoast_head":"<!-- This site is optimized with the Yoast SEO plugin v27.3 - https:\/\/yoast.com\/product\/yoast-seo-wordpress\/ -->\n<title>Bavoir enfant personnalis\u00e9 fleurs - Les Gribouillis d&#039;Arthur<\/title>\n<meta name=\"description\" content=\"Craquez pour ce bavoir enfant personnalis\u00e9 fleurs, doux, pratique et unique. Id\u00e9al pour les repas et parfait comme cadeau de naissance !\" \/>\n<meta name=\"robots\" content=\"index, follow, max-snippet:-1, max-image-preview:large, max-video-preview:-1\" \/>\n<link rel=\"canonical\" href=\"https:\/\/lesgribouillisdarthur.fr\/index.php\/produit\/bavoir-enfant-personnalise-fleurs\/\" \/>\n<meta property=\"og:locale\" content=\"fr_FR\" \/>\n<meta property=\"og:type\" content=\"article\" \/>\n<meta property=\"og:title\" content=\"Bavoir enfant personnalis\u00e9 fleurs - Les Gribouillis d&#039;Arthur\" \/>\n<meta property=\"og:description\" content=\"Craquez pour ce bavoir enfant personnalis\u00e9 fleurs, doux, pratique et unique. Id\u00e9al pour les repas et parfait comme cadeau de naissance !\" \/>\n<meta property=\"og:url\" content=\"https:\/\/lesgribouillisdarthur.fr\/index.php\/produit\/bavoir-enfant-personnalise-fleurs\/\" \/>\n<meta property=\"og:site_name\" content=\"Les Gribouillis d&#039;Arthur\" \/>\n<meta property=\"article:publisher\" content=\"https:\/\/www.facebook.com\/lesgribouillisdarthur\" \/>\n<meta property=\"article:modified_time\" content=\"2025-04-22T14:18:37+00:00\" \/>\n<meta property=\"og:image\" content=\"https:\/\/lesgribouillisdarthur.fr\/wp-content\/uploads\/2024\/04\/Fleurs.jpg\" \/>\n\t<meta property=\"og:image:width\" content=\"1000\" \/>\n\t<meta property=\"og:image:height\" content=\"1000\" \/>\n\t<meta property=\"og:image:type\" content=\"image\/jpeg\" \/>\n<meta name=\"twitter:card\" content=\"summary_large_image\" \/>\n<meta name=\"twitter:label1\" content=\"Dur\u00e9e de lecture estim\u00e9e\" \/>\n\t<meta name=\"twitter:data1\" content=\"4 minutes\" \/>\n<script type=\"application\/ld+json\" class=\"yoast-schema-graph\">{\"@context\":\"https:\\\/\\\/schema.org\",\"@graph\":[{\"@type\":\"WebPage\",\"@id\":\"https:\\\/\\\/lesgribouillisdarthur.fr\\\/index.php\\\/produit\\\/bavoir-enfant-personnalise-fleurs\\\/\",\"url\":\"https:\\\/\\\/lesgribouillisdarthur.fr\\\/index.php\\\/produit\\\/bavoir-enfant-personnalise-fleurs\\\/\",\"name\":\"Bavoir enfant personnalis\u00e9 fleurs - Les Gribouillis d&#039;Arthur\",\"isPartOf\":{\"@id\":\"https:\\\/\\\/lesgribouillisdarthur.fr\\\/#website\"},\"primaryImageOfPage\":{\"@id\":\"https:\\\/\\\/lesgribouillisdarthur.fr\\\/index.php\\\/produit\\\/bavoir-enfant-personnalise-fleurs\\\/#primaryimage\"},\"image\":{\"@id\":\"https:\\\/\\\/lesgribouillisdarthur.fr\\\/index.php\\\/produit\\\/bavoir-enfant-personnalise-fleurs\\\/#primaryimage\"},\"thumbnailUrl\":\"https:\\\/\\\/lesgribouillisdarthur.fr\\\/wp-content\\\/uploads\\\/2024\\\/04\\\/Fleurs.jpg\",\"datePublished\":\"2024-04-23T15:18:23+00:00\",\"dateModified\":\"2025-04-22T14:18:37+00:00\",\"description\":\"Craquez pour ce bavoir enfant personnalis\u00e9 fleurs, doux, pratique et unique. Id\u00e9al pour les repas et parfait comme cadeau de naissance !\",\"breadcrumb\":{\"@id\":\"https:\\\/\\\/lesgribouillisdarthur.fr\\\/index.php\\\/produit\\\/bavoir-enfant-personnalise-fleurs\\\/#breadcrumb\"},\"inLanguage\":\"fr-FR\",\"potentialAction\":[{\"@type\":\"ReadAction\",\"target\":[\"https:\\\/\\\/lesgribouillisdarthur.fr\\\/index.php\\\/produit\\\/bavoir-enfant-personnalise-fleurs\\\/\"]}]},{\"@type\":\"ImageObject\",\"inLanguage\":\"fr-FR\",\"@id\":\"https:\\\/\\\/lesgribouillisdarthur.fr\\\/index.php\\\/produit\\\/bavoir-enfant-personnalise-fleurs\\\/#primaryimage\",\"url\":\"https:\\\/\\\/lesgribouillisdarthur.fr\\\/wp-content\\\/uploads\\\/2024\\\/04\\\/Fleurs.jpg\",\"contentUrl\":\"https:\\\/\\\/lesgribouillisdarthur.fr\\\/wp-content\\\/uploads\\\/2024\\\/04\\\/Fleurs.jpg\",\"width\":1000,\"height\":1000},{\"@type\":\"BreadcrumbList\",\"@id\":\"https:\\\/\\\/lesgribouillisdarthur.fr\\\/index.php\\\/produit\\\/bavoir-enfant-personnalise-fleurs\\\/#breadcrumb\",\"itemListElement\":[{\"@type\":\"ListItem\",\"position\":1,\"name\":\"Accueil\",\"item\":\"https:\\\/\\\/lesgribouillisdarthur.fr\\\/\"},{\"@type\":\"ListItem\",\"position\":2,\"name\":\"La boutique\",\"item\":\"https:\\\/\\\/lesgribouillisdarthur.fr\\\/?page_id=6553\"},{\"@type\":\"ListItem\",\"position\":3,\"name\":\"Bavoir enfant personnalis\u00e9 fleurs\"}]},{\"@type\":\"WebSite\",\"@id\":\"https:\\\/\\\/lesgribouillisdarthur.fr\\\/#website\",\"url\":\"https:\\\/\\\/lesgribouillisdarthur.fr\\\/\",\"name\":\"Les Gribouillis d&#039;Arthur\",\"description\":\"Les Gribouillis d&#039;Arthur, cadeaux personnalis\u00e9s pour toute la famille\",\"publisher\":{\"@id\":\"https:\\\/\\\/lesgribouillisdarthur.fr\\\/#organization\"},\"potentialAction\":[{\"@type\":\"SearchAction\",\"target\":{\"@type\":\"EntryPoint\",\"urlTemplate\":\"https:\\\/\\\/lesgribouillisdarthur.fr\\\/?s={search_term_string}\"},\"query-input\":{\"@type\":\"PropertyValueSpecification\",\"valueRequired\":true,\"valueName\":\"search_term_string\"}}],\"inLanguage\":\"fr-FR\"},{\"@type\":\"Organization\",\"@id\":\"https:\\\/\\\/lesgribouillisdarthur.fr\\\/#organization\",\"name\":\"Les Gribouillis d&#039;Arthur\",\"url\":\"https:\\\/\\\/lesgribouillisdarthur.fr\\\/\",\"logo\":{\"@type\":\"ImageObject\",\"inLanguage\":\"fr-FR\",\"@id\":\"https:\\\/\\\/lesgribouillisdarthur.fr\\\/#\\\/schema\\\/logo\\\/image\\\/\",\"url\":\"https:\\\/\\\/lesgribouillisdarthur.fr\\\/wp-content\\\/uploads\\\/2022\\\/10\\\/cropped-cropped-cropped-cropped-cropped-cropped-logo-bleu-1.png\",\"contentUrl\":\"https:\\\/\\\/lesgribouillisdarthur.fr\\\/wp-content\\\/uploads\\\/2022\\\/10\\\/cropped-cropped-cropped-cropped-cropped-cropped-logo-bleu-1.png\",\"width\":254,\"height\":53,\"caption\":\"Les Gribouillis d&#039;Arthur\"},\"image\":{\"@id\":\"https:\\\/\\\/lesgribouillisdarthur.fr\\\/#\\\/schema\\\/logo\\\/image\\\/\"},\"sameAs\":[\"https:\\\/\\\/www.facebook.com\\\/lesgribouillisdarthur\",\"https:\\\/\\\/www.instagram.com\\\/lesgribouillisdarthur\\\/?hl=fr\"]}]}<\/script>\n<!-- \/ Yoast SEO plugin. -->","yoast_head_json":{"title":"Bavoir enfant personnalis\u00e9 fleurs - Les Gribouillis d&#039;Arthur","description":"Craquez pour ce bavoir enfant personnalis\u00e9 fleurs, doux, pratique et unique. Id\u00e9al pour les repas et parfait comme cadeau de naissance !","robots":{"index":"index","follow":"follow","max-snippet":"max-snippet:-1","max-image-preview":"max-image-preview:large","max-video-preview":"max-video-preview:-1"},"canonical":"https:\/\/lesgribouillisdarthur.fr\/index.php\/produit\/bavoir-enfant-personnalise-fleurs\/","og_locale":"fr_FR","og_type":"article","og_title":"Bavoir enfant personnalis\u00e9 fleurs - Les Gribouillis d&#039;Arthur","og_description":"Craquez pour ce bavoir enfant personnalis\u00e9 fleurs, doux, pratique et unique. Id\u00e9al pour les repas et parfait comme cadeau de naissance !","og_url":"https:\/\/lesgribouillisdarthur.fr\/index.php\/produit\/bavoir-enfant-personnalise-fleurs\/","og_site_name":"Les Gribouillis d&#039;Arthur","article_publisher":"https:\/\/www.facebook.com\/lesgribouillisdarthur","article_modified_time":"2025-04-22T14:18:37+00:00","og_image":[{"width":1000,"height":1000,"url":"https:\/\/lesgribouillisdarthur.fr\/wp-content\/uploads\/2024\/04\/Fleurs.jpg","type":"image\/jpeg"}],"twitter_card":"summary_large_image","twitter_misc":{"Dur\u00e9e de lecture estim\u00e9e":"4 minutes"},"schema":{"@context":"https:\/\/schema.org","@graph":[{"@type":"WebPage","@id":"https:\/\/lesgribouillisdarthur.fr\/index.php\/produit\/bavoir-enfant-personnalise-fleurs\/","url":"https:\/\/lesgribouillisdarthur.fr\/index.php\/produit\/bavoir-enfant-personnalise-fleurs\/","name":"Bavoir enfant personnalis\u00e9 fleurs - Les Gribouillis d&#039;Arthur","isPartOf":{"@id":"https:\/\/lesgribouillisdarthur.fr\/#website"},"primaryImageOfPage":{"@id":"https:\/\/lesgribouillisdarthur.fr\/index.php\/produit\/bavoir-enfant-personnalise-fleurs\/#primaryimage"},"image":{"@id":"https:\/\/lesgribouillisdarthur.fr\/index.php\/produit\/bavoir-enfant-personnalise-fleurs\/#primaryimage"},"thumbnailUrl":"https:\/\/lesgribouillisdarthur.fr\/wp-content\/uploads\/2024\/04\/Fleurs.jpg","datePublished":"2024-04-23T15:18:23+00:00","dateModified":"2025-04-22T14:18:37+00:00","description":"Craquez pour ce bavoir enfant personnalis\u00e9 fleurs, doux, pratique et unique. Id\u00e9al pour les repas et parfait comme cadeau de naissance !","breadcrumb":{"@id":"https:\/\/lesgribouillisdarthur.fr\/index.php\/produit\/bavoir-enfant-personnalise-fleurs\/#breadcrumb"},"inLanguage":"fr-FR","potentialAction":[{"@type":"ReadAction","target":["https:\/\/lesgribouillisdarthur.fr\/index.php\/produit\/bavoir-enfant-personnalise-fleurs\/"]}]},{"@type":"ImageObject","inLanguage":"fr-FR","@id":"https:\/\/lesgribouillisdarthur.fr\/index.php\/produit\/bavoir-enfant-personnalise-fleurs\/#primaryimage","url":"https:\/\/lesgribouillisdarthur.fr\/wp-content\/uploads\/2024\/04\/Fleurs.jpg","contentUrl":"https:\/\/lesgribouillisdarthur.fr\/wp-content\/uploads\/2024\/04\/Fleurs.jpg","width":1000,"height":1000},{"@type":"BreadcrumbList","@id":"https:\/\/lesgribouillisdarthur.fr\/index.php\/produit\/bavoir-enfant-personnalise-fleurs\/#breadcrumb","itemListElement":[{"@type":"ListItem","position":1,"name":"Accueil","item":"https:\/\/lesgribouillisdarthur.fr\/"},{"@type":"ListItem","position":2,"name":"La boutique","item":"https:\/\/lesgribouillisdarthur.fr\/?page_id=6553"},{"@type":"ListItem","position":3,"name":"Bavoir enfant personnalis\u00e9 fleurs"}]},{"@type":"WebSite","@id":"https:\/\/lesgribouillisdarthur.fr\/#website","url":"https:\/\/lesgribouillisdarthur.fr\/","name":"Les Gribouillis d&#039;Arthur","description":"Les Gribouillis d&#039;Arthur, cadeaux personnalis\u00e9s pour toute la famille","publisher":{"@id":"https:\/\/lesgribouillisdarthur.fr\/#organization"},"potentialAction":[{"@type":"SearchAction","target":{"@type":"EntryPoint","urlTemplate":"https:\/\/lesgribouillisdarthur.fr\/?s={search_term_string}"},"query-input":{"@type":"PropertyValueSpecification","valueRequired":true,"valueName":"search_term_string"}}],"inLanguage":"fr-FR"},{"@type":"Organization","@id":"https:\/\/lesgribouillisdarthur.fr\/#organization","name":"Les Gribouillis d&#039;Arthur","url":"https:\/\/lesgribouillisdarthur.fr\/","logo":{"@type":"ImageObject","inLanguage":"fr-FR","@id":"https:\/\/lesgribouillisdarthur.fr\/#\/schema\/logo\/image\/","url":"https:\/\/lesgribouillisdarthur.fr\/wp-content\/uploads\/2022\/10\/cropped-cropped-cropped-cropped-cropped-cropped-logo-bleu-1.png","contentUrl":"https:\/\/lesgribouillisdarthur.fr\/wp-content\/uploads\/2022\/10\/cropped-cropped-cropped-cropped-cropped-cropped-logo-bleu-1.png","width":254,"height":53,"caption":"Les Gribouillis d&#039;Arthur"},"image":{"@id":"https:\/\/lesgribouillisdarthur.fr\/#\/schema\/logo\/image\/"},"sameAs":["https:\/\/www.facebook.com\/lesgribouillisdarthur","https:\/\/www.instagram.com\/lesgribouillisdarthur\/?hl=fr"]}]}},"uagb_featured_image_src":{"full":["https:\/\/lesgribouillisdarthur.fr\/wp-content\/uploads\/2024\/04\/Fleurs.jpg",1000,1000,false],"thumbnail":["https:\/\/lesgribouillisdarthur.fr\/wp-content\/uploads\/2024\/04\/Fleurs-150x150.jpg",150,150,true],"medium":["https:\/\/lesgribouillisdarthur.fr\/wp-content\/uploads\/2024\/04\/Fleurs-300x300.jpg",300,300,true],"medium_large":["https:\/\/lesgribouillisdarthur.fr\/wp-content\/uploads\/2024\/04\/Fleurs-768x768.jpg",768,768,true],"large":["https:\/\/lesgribouillisdarthur.fr\/wp-content\/uploads\/2024\/04\/Fleurs-300x300.jpg",300,300,true],"1536x1536":["https:\/\/lesgribouillisdarthur.fr\/wp-content\/uploads\/2024\/04\/Fleurs.jpg",1000,1000,false],"2048x2048":["https:\/\/lesgribouillisdarthur.fr\/wp-content\/uploads\/2024\/04\/Fleurs.jpg",1000,1000,false],"woocommerce_thumbnail":["https:\/\/lesgribouillisdarthur.fr\/wp-content\/uploads\/2024\/04\/Fleurs.jpg",1000,1000,false],"woocommerce_single":["https:\/\/lesgribouillisdarthur.fr\/wp-content\/uploads\/2024\/04\/Fleurs.jpg",1000,1000,false],"woocommerce_gallery_thumbnail":["https:\/\/lesgribouillisdarthur.fr\/wp-content\/uploads\/2024\/04\/Fleurs-100x100.jpg",100,100,true]},"uagb_author_info":{"display_name":"admin7680","author_link":"https:\/\/lesgribouillisdarthur.fr\/index.php\/author\/"},"uagb_comment_info":0,"uagb_excerpt":"Un bavoir enfant personnalis\u00e9 fleurs, tout doux et illustr\u00e9 avec soin Parfait pour les repas et 100 % unique gr\u00e2ce au pr\u00e9nom ! Choisissez la couleur de la bordure du bavoir (blanc, bleu ou rose). Ils mesurent environ 300 x 350 mm (Parfait pour les enfants de 0 \u00e0 3 ans) Il est compos\u00e9 de\u2026","_links":{"self":[{"href":"https:\/\/lesgribouillisdarthur.fr\/index.php\/wp-json\/wp\/v2\/product\/8487","targetHints":{"allow":["GET"]}}],"collection":[{"href":"https:\/\/lesgribouillisdarthur.fr\/index.php\/wp-json\/wp\/v2\/product"}],"about":[{"href":"https:\/\/lesgribouillisdarthur.fr\/index.php\/wp-json\/wp\/v2\/types\/product"}],"replies":[{"embeddable":true,"href":"https:\/\/lesgribouillisdarthur.fr\/index.php\/wp-json\/wp\/v2\/comments?post=8487"}],"wp:featuredmedia":[{"embeddable":true,"href":"https:\/\/lesgribouillisdarthur.fr\/index.php\/wp-json\/wp\/v2\/media\/8491"}],"wp:attachment":[{"href":"https:\/\/lesgribouillisdarthur.fr\/index.php\/wp-json\/wp\/v2\/media?parent=8487"}],"wp:term":[{"taxonomy":"product_brand","embeddable":true,"href":"https:\/\/lesgribouillisdarthur.fr\/index.php\/wp-json\/wp\/v2\/product_brand?post=8487"},{"taxonomy":"product_cat","embeddable":true,"href":"https:\/\/lesgribouillisdarthur.fr\/index.php\/wp-json\/wp\/v2\/product_cat?post=8487"},{"taxonomy":"product_tag","embeddable":true,"href":"https:\/\/lesgribouillisdarthur.fr\/index.php\/wp-json\/wp\/v2\/product_tag?post=8487"}],"curies":[{"name":"wp","href":"https:\/\/api.w.org\/{rel}","templated":true}]}}